{"id":15092,"date":"2025-05-05T09:55:23","date_gmt":"2025-05-05T07:55:23","guid":{"rendered":"https:\/\/www.b-w-international.com\/?post_type=product&#038;p=15092"},"modified":"2025-11-04T09:04:24","modified_gmt":"2025-11-04T08:04:24","slug":"energy-case-prox-1500-dc-1000w","status":"publish","type":"product","link":"https:\/\/www.b-w-international.com\/en\/produkt\/energy-case-prox-1500-dc-1000w\/","title":{"rendered":"energy.case PROX 1500 DC 1000W | B&amp;W energy case"},"content":{"rendered":"<div>\n<ul>\n<li>The B&amp;W energy.case offers a reliable and flexible power supply for professional applications. It was developed to meet the toughest requirements and is robust, temperature-resistant and waterproof. Operation is intuitive and uncomplicated.  <\/li>\n<li>Robust &amp; waterproof<\/li>\n<li>Powerful battery system<\/li>\n<li>Manufactured in Germany<\/li>\n<li>Flexible charging options<\/li>\n<li>Versatile connections<\/li>\n<li>Operating instructions with NFC<\/li>\n<li>Direct &amp; alternating current<\/li>\n<li>Customizable<\/li>\n<li>More information on customization: <a href=\"https:\/\/www.b-w-international.com\/en\/custom-cases\/technical-installations\/\">Technical installations<\/a><\/li>\n<\/ul>\n<\/div>\n<div style=\"display:flex; gap:10px;justify-content:center\" class=\"wps-pgfw-pdf-generate-icon__wrapper-frontend\">\n\t\t<a  href=\"https:\/\/www.b-w-international.com\/en\/wp-json\/wp\/v2\/product\/15092\/?action=genpdf&amp;id=15092\" class=\"pgfw-single-pdf-download-button\" target=_blank><img src=\"https:\/\/www.b-w-international.com\/wp-content\/uploads\/2025\/03\/icon-download.svg\" title=\"Generate PDF\" style=\"width:auto; height:45px;\"><\/a>\n\t\t<\/div>","protected":false},"excerpt":{"rendered":"<p>The B&amp;W energy.case offers a reliable and flexible power supply for professional applications. It was developed to meet the toughest requirements and is robust, temperature-resistant and waterproof. Operation is intuitive and uncomplicated. Robust &amp; waterproof Powerful battery system Manufactured in Germany Flexible charging options Versatile connections Operating instructions with NFC Direct &amp; alternating current Customizable [&hellip;]<\/p>\n","protected":false},"featured_media":21510,"template":"","meta":{"_acf_changed":false},"product_brand":[],"product_cat":[157],"product_tag":[],"class_list":{"0":"post-15092","1":"product","2":"type-product","3":"status-publish","4":"has-post-thumbnail","6":"product_features-2-eyelets-for-padlocks","7":"product_features-2-year-warranty","8":"product_features-impact-and-shock-resistant","9":"product_features-rubberized-carrying-handle","10":"product_features-stackable","11":"product_features-temperature-resistant","12":"product_features-waterproof-dustproof-airtight","13":"product_cat-energy-cases","14":"pa_ausgaenge-dc-en","16":"first","17":"instock","18":"product-type-simple"},"acf":[],"yoast_head":"<title>energy.case PROX 1500 DC 1000W | B&amp;W energy case - B&amp;W International<\/title>\n<meta name=\"robots\" content=\"index, follow, max-snippet:-1, max-image-preview:large, max-video-preview:-1\" \/>\n<link rel=\"canonical\" href=\"https:\/\/www.b-w-international.com\/en\/produkt\/energy-case-prox-1500-dc-1000w\/\" \/>\n<meta property=\"og:locale\" content=\"en_US\" \/>\n<meta property=\"og:type\" content=\"article\" \/>\n<meta property=\"og:title\" content=\"energy.case PROX 1500 DC 1000W | B&amp;W energy case - B&amp;W International\" \/>\n<meta property=\"og:description\" content=\"The B&amp;W energy.case offers a reliable and flexible power supply for professional applications. It was developed to meet the toughest requirements and is robust, temperature-resistant and waterproof. Operation is intuitive and uncomplicated. Robust &amp; waterproof Powerful battery system Manufactured in Germany Flexible charging options Versatile connections Operating instructions with NFC Direct &amp; alternating current Customizable [&hellip;]\" \/>\n<meta property=\"og:url\" content=\"https:\/\/www.b-w-international.com\/en\/produkt\/energy-case-prox-1500-dc-1000w\/\" \/>\n<meta property=\"og:site_name\" content=\"B&amp;W International\" \/>\n<meta property=\"article:modified_time\" content=\"2025-11-04T08:04:24+00:00\" \/>\n<meta property=\"og:image\" content=\"https:\/\/www.b-w-international.com\/wp-content\/uploads\/2025\/05\/energy-case_PROX-1500-DC-1000W_DT_closed-back-side_bw-international.jpg\" \/>\n\t<meta property=\"og:image:width\" content=\"1920\" \/>\n\t<meta property=\"og:image:height\" content=\"1920\" \/>\n\t<meta property=\"og:image:type\" content=\"image\/jpeg\" \/>\n<meta name=\"twitter:card\" content=\"summary_large_image\" \/>\n<meta name=\"twitter:label1\" content=\"Est. reading time\" \/>\n\t<meta name=\"twitter:data1\" content=\"1 minute\" \/>\n<script type=\"application\/ld+json\" class=\"yoast-schema-graph\">{\"@context\":\"https:\/\/schema.org\",\"@graph\":[{\"@type\":\"WebPage\",\"@id\":\"https:\/\/www.b-w-international.com\/en\/produkt\/energy-case-prox-1500-dc-1000w\/\",\"url\":\"https:\/\/www.b-w-international.com\/en\/produkt\/energy-case-prox-1500-dc-1000w\/\",\"name\":\"energy.case PROX 1500 DC 1000W | B&amp;W energy case - B&amp;W International\",\"isPartOf\":{\"@id\":\"https:\/\/www.b-w-international.com\/en\/#website\"},\"primaryImageOfPage\":{\"@id\":\"https:\/\/www.b-w-international.com\/en\/produkt\/energy-case-prox-1500-dc-1000w\/#primaryimage\"},\"image\":{\"@id\":\"https:\/\/www.b-w-international.com\/en\/produkt\/energy-case-prox-1500-dc-1000w\/#primaryimage\"},\"thumbnailUrl\":\"https:\/\/www.b-w-international.com\/wp-content\/uploads\/2025\/05\/energy-case_PROX-1500-DC-1000W_DT_closed-back-side_bw-international.jpg\",\"datePublished\":\"2025-05-05T07:55:23+00:00\",\"dateModified\":\"2025-11-04T08:04:24+00:00\",\"breadcrumb\":{\"@id\":\"https:\/\/www.b-w-international.com\/en\/produkt\/energy-case-prox-1500-dc-1000w\/#breadcrumb\"},\"inLanguage\":\"en-US\",\"potentialAction\":[{\"@type\":\"ReadAction\",\"target\":[\"https:\/\/www.b-w-international.com\/en\/produkt\/energy-case-prox-1500-dc-1000w\/\"]}]},{\"@type\":\"ImageObject\",\"inLanguage\":\"en-US\",\"@id\":\"https:\/\/www.b-w-international.com\/en\/produkt\/energy-case-prox-1500-dc-1000w\/#primaryimage\",\"url\":\"https:\/\/www.b-w-international.com\/wp-content\/uploads\/2025\/05\/energy-case_PROX-1500-DC-1000W_DT_closed-back-side_bw-international.jpg\",\"contentUrl\":\"https:\/\/www.b-w-international.com\/wp-content\/uploads\/2025\/05\/energy-case_PROX-1500-DC-1000W_DT_closed-back-side_bw-international.jpg\",\"width\":1920,\"height\":1920,\"caption\":\"Desert-tan-farbener B&W International Energiekoffer mit Anschl\u00fcssen, robuste L\u00f6sung f\u00fcr mobile technische Anwendungen.\"},{\"@type\":\"BreadcrumbList\",\"@id\":\"https:\/\/www.b-w-international.com\/en\/produkt\/energy-case-prox-1500-dc-1000w\/#breadcrumb\",\"itemListElement\":[{\"@type\":\"ListItem\",\"position\":1,\"name\":\"Home\",\"item\":\"https:\/\/www.b-w-international.com\/en\/\"},{\"@type\":\"ListItem\",\"position\":2,\"name\":\"Products\",\"item\":\"https:\/\/www.b-w-international.com\/en\/products\/\"},{\"@type\":\"ListItem\",\"position\":3,\"name\":\"Energy cases\",\"item\":\"https:\/\/www.b-w-international.com\/en\/produkte\/energy-cases\/\"},{\"@type\":\"ListItem\",\"position\":4,\"name\":\"energy.case PROX 1500 DC 1000W | B&amp;W energy case\"}]},{\"@type\":\"WebSite\",\"@id\":\"https:\/\/www.b-w-international.com\/en\/#website\",\"url\":\"https:\/\/www.b-w-international.com\/en\/\",\"name\":\"B&W International\",\"description\":\"\",\"publisher\":{\"@id\":\"https:\/\/www.b-w-international.com\/en\/#organization\"},\"potentialAction\":[{\"@type\":\"SearchAction\",\"target\":{\"@type\":\"EntryPoint\",\"urlTemplate\":\"https:\/\/www.b-w-international.com\/en\/?s={search_term_string}\"},\"query-input\":{\"@type\":\"PropertyValueSpecification\",\"valueRequired\":true,\"valueName\":\"search_term_string\"}}],\"inLanguage\":\"en-US\"},{\"@type\":\"Organization\",\"@id\":\"https:\/\/www.b-w-international.com\/en\/#organization\",\"name\":\"B&W International\",\"url\":\"https:\/\/www.b-w-international.com\/en\/\",\"logo\":{\"@type\":\"ImageObject\",\"inLanguage\":\"en-US\",\"@id\":\"https:\/\/www.b-w-international.com\/en\/#\/schema\/logo\/image\/\",\"url\":\"https:\/\/www.b-w-international.com\/wp-content\/uploads\/2024\/12\/16dbfc312f1eb060e7d95735c00f9ec6.png\",\"contentUrl\":\"https:\/\/www.b-w-international.com\/wp-content\/uploads\/2024\/12\/16dbfc312f1eb060e7d95735c00f9ec6.png\",\"width\":219,\"height\":82,\"caption\":\"B&W International\"},\"image\":{\"@id\":\"https:\/\/www.b-w-international.com\/en\/#\/schema\/logo\/image\/\"}}]}<\/script>","yoast_head_json":{"title":"energy.case PROX 1500 DC 1000W | B&amp;W energy case - B&amp;W International","robots":{"index":"index","follow":"follow","max-snippet":"max-snippet:-1","max-image-preview":"max-image-preview:large","max-video-preview":"max-video-preview:-1"},"canonical":"https:\/\/www.b-w-international.com\/en\/produkt\/energy-case-prox-1500-dc-1000w\/","og_locale":"en_US","og_type":"article","og_title":"energy.case PROX 1500 DC 1000W | B&amp;W energy case - B&amp;W International","og_description":"The B&amp;W energy.case offers a reliable and flexible power supply for professional applications. It was developed to meet the toughest requirements and is robust, temperature-resistant and waterproof. Operation is intuitive and uncomplicated. Robust &amp; waterproof Powerful battery system Manufactured in Germany Flexible charging options Versatile connections Operating instructions with NFC Direct &amp; alternating current Customizable [&hellip;]","og_url":"https:\/\/www.b-w-international.com\/en\/produkt\/energy-case-prox-1500-dc-1000w\/","og_site_name":"B&amp;W International","article_modified_time":"2025-11-04T08:04:24+00:00","og_image":[{"width":1920,"height":1920,"url":"https:\/\/www.b-w-international.com\/wp-content\/uploads\/2025\/05\/energy-case_PROX-1500-DC-1000W_DT_closed-back-side_bw-international.jpg","type":"image\/jpeg"}],"twitter_card":"summary_large_image","twitter_misc":{"Est. reading time":"1 minute"},"schema":{"@context":"https:\/\/schema.org","@graph":[{"@type":"WebPage","@id":"https:\/\/www.b-w-international.com\/en\/produkt\/energy-case-prox-1500-dc-1000w\/","url":"https:\/\/www.b-w-international.com\/en\/produkt\/energy-case-prox-1500-dc-1000w\/","name":"energy.case PROX 1500 DC 1000W | B&amp;W energy case - B&amp;W International","isPartOf":{"@id":"https:\/\/www.b-w-international.com\/en\/#website"},"primaryImageOfPage":{"@id":"https:\/\/www.b-w-international.com\/en\/produkt\/energy-case-prox-1500-dc-1000w\/#primaryimage"},"image":{"@id":"https:\/\/www.b-w-international.com\/en\/produkt\/energy-case-prox-1500-dc-1000w\/#primaryimage"},"thumbnailUrl":"https:\/\/www.b-w-international.com\/wp-content\/uploads\/2025\/05\/energy-case_PROX-1500-DC-1000W_DT_closed-back-side_bw-international.jpg","datePublished":"2025-05-05T07:55:23+00:00","dateModified":"2025-11-04T08:04:24+00:00","breadcrumb":{"@id":"https:\/\/www.b-w-international.com\/en\/produkt\/energy-case-prox-1500-dc-1000w\/#breadcrumb"},"inLanguage":"en-US","potentialAction":[{"@type":"ReadAction","target":["https:\/\/www.b-w-international.com\/en\/produkt\/energy-case-prox-1500-dc-1000w\/"]}]},{"@type":"ImageObject","inLanguage":"en-US","@id":"https:\/\/www.b-w-international.com\/en\/produkt\/energy-case-prox-1500-dc-1000w\/#primaryimage","url":"https:\/\/www.b-w-international.com\/wp-content\/uploads\/2025\/05\/energy-case_PROX-1500-DC-1000W_DT_closed-back-side_bw-international.jpg","contentUrl":"https:\/\/www.b-w-international.com\/wp-content\/uploads\/2025\/05\/energy-case_PROX-1500-DC-1000W_DT_closed-back-side_bw-international.jpg","width":1920,"height":1920,"caption":"Desert-tan-farbener B&W International Energiekoffer mit Anschl\u00fcssen, robuste L\u00f6sung f\u00fcr mobile technische Anwendungen."},{"@type":"BreadcrumbList","@id":"https:\/\/www.b-w-international.com\/en\/produkt\/energy-case-prox-1500-dc-1000w\/#breadcrumb","itemListElement":[{"@type":"ListItem","position":1,"name":"Home","item":"https:\/\/www.b-w-international.com\/en\/"},{"@type":"ListItem","position":2,"name":"Products","item":"https:\/\/www.b-w-international.com\/en\/products\/"},{"@type":"ListItem","position":3,"name":"Energy cases","item":"https:\/\/www.b-w-international.com\/en\/produkte\/energy-cases\/"},{"@type":"ListItem","position":4,"name":"energy.case PROX 1500 DC 1000W | B&amp;W energy case"}]},{"@type":"WebSite","@id":"https:\/\/www.b-w-international.com\/en\/#website","url":"https:\/\/www.b-w-international.com\/en\/","name":"B&W International","description":"","publisher":{"@id":"https:\/\/www.b-w-international.com\/en\/#organization"},"potentialAction":[{"@type":"SearchAction","target":{"@type":"EntryPoint","urlTemplate":"https:\/\/www.b-w-international.com\/en\/?s={search_term_string}"},"query-input":{"@type":"PropertyValueSpecification","valueRequired":true,"valueName":"search_term_string"}}],"inLanguage":"en-US"},{"@type":"Organization","@id":"https:\/\/www.b-w-international.com\/en\/#organization","name":"B&W International","url":"https:\/\/www.b-w-international.com\/en\/","logo":{"@type":"ImageObject","inLanguage":"en-US","@id":"https:\/\/www.b-w-international.com\/en\/#\/schema\/logo\/image\/","url":"https:\/\/www.b-w-international.com\/wp-content\/uploads\/2024\/12\/16dbfc312f1eb060e7d95735c00f9ec6.png","contentUrl":"https:\/\/www.b-w-international.com\/wp-content\/uploads\/2024\/12\/16dbfc312f1eb060e7d95735c00f9ec6.png","width":219,"height":82,"caption":"B&W International"},"image":{"@id":"https:\/\/www.b-w-international.com\/en\/#\/schema\/logo\/image\/"}}]}},"_links":{"self":[{"href":"https:\/\/www.b-w-international.com\/en\/wp-json\/wp\/v2\/product\/15092","targetHints":{"allow":["GET"]}}],"collection":[{"href":"https:\/\/www.b-w-international.com\/en\/wp-json\/wp\/v2\/product"}],"about":[{"href":"https:\/\/www.b-w-international.com\/en\/wp-json\/wp\/v2\/types\/product"}],"wp:featuredmedia":[{"embeddable":true,"href":"https:\/\/www.b-w-international.com\/en\/wp-json\/wp\/v2\/media\/21510"}],"wp:attachment":[{"href":"https:\/\/www.b-w-international.com\/en\/wp-json\/wp\/v2\/media?parent=15092"}],"wp:term":[{"taxonomy":"product_brand","embeddable":true,"href":"https:\/\/www.b-w-international.com\/en\/wp-json\/wp\/v2\/product_brand?post=15092"},{"taxonomy":"product_cat","embeddable":true,"href":"https:\/\/www.b-w-international.com\/en\/wp-json\/wp\/v2\/product_cat?post=15092"},{"taxonomy":"product_tag","embeddable":true,"href":"https:\/\/www.b-w-international.com\/en\/wp-json\/wp\/v2\/product_tag?post=15092"}],"curies":[{"name":"wp","href":"https:\/\/api.w.org\/{rel}","templated":true}]}}