{"id":15299,"date":"2025-05-05T09:54:49","date_gmt":"2025-05-05T07:54:49","guid":{"rendered":"https:\/\/www.b-w-international.com\/produkt\/tool-case-pp-191-jet-5000\/"},"modified":"2025-10-02T09:48:08","modified_gmt":"2025-10-02T07:48:08","slug":"tool-case-pp-191-jet-5000","status":"publish","type":"product","link":"https:\/\/www.b-w-international.com\/en\/produkt\/tool-case-pp-191-jet-5000\/","title":{"rendered":"tool.case PP.191 | JET 5000"},"content":{"rendered":"<div>\n<ul>\n<li>Extrem robuster Werkzeugkoffer: Geh\u00e4use aus Polypropylen (PP)<\/li>\n<li>Airworthy: automatic air pressure equalization valve<\/li>\n<li>Product design: 34 tool pockets + 25 tool loops<\/li>\n<li>Stackable<\/li>\n<li>Protected from splash water<\/li>\n<li>Temperature stable from -30 \u00b0C to +80 \u00b0C<\/li>\n<li>Rubberized carrying handle<\/li>\n<li>2 \u00d6sen f\u00fcr Vorh\u00e4ngeschloss<\/li>\n<li>Bottom tray with aluminum divider system<\/li>\n<li>With ownership label<\/li>\n<li>2 Jahre Garantie<\/li>\n<\/ul>\n<\/div>\n<div style=\"display:flex; gap:10px;justify-content:center\" class=\"wps-pgfw-pdf-generate-icon__wrapper-frontend\">\n\t\t<a  href=\"https:\/\/www.b-w-international.com\/en\/wp-json\/wp\/v2\/product\/15299\/?action=genpdf&amp;id=15299\" class=\"pgfw-single-pdf-download-button\" target=_blank><img src=\"https:\/\/www.b-w-international.com\/wp-content\/uploads\/2025\/03\/icon-download.svg\" title=\"Generate PDF\" style=\"width:auto; height:45px;\"><\/a>\n\t\t<\/div>","protected":false},"excerpt":{"rendered":"<p>Extrem robuster Werkzeugkoffer: Geh\u00e4use aus Polypropylen (PP) Airworthy: automatic air pressure equalization valve Product design: 34 tool pockets + 25 tool loops Stackable Protected from splash water Temperature stable from -30 \u00b0C to +80 \u00b0C Rubberized carrying handle 2 \u00d6sen f\u00fcr Vorh\u00e4ngeschloss Bottom tray with aluminum divider system With ownership label 2 Jahre Garantie<\/p>\n","protected":false},"featured_media":13760,"template":"","meta":{"_acf_changed":false},"product_brand":[],"product_cat":[210,408],"product_tag":[],"class_list":{"0":"post-15299","1":"product","2":"type-product","3":"status-publish","4":"has-post-thumbnail","6":"product_features-2-eyelets-for-padlocks","7":"product_features-2-year-warranty","8":"product_features-airworthy","9":"product_features-impact-and-shock-resistant","10":"product_features-rubberized-carrying-handle","11":"product_features-stackable","12":"product_features-temperature-resistant","13":"product_cat-tool-cases","14":"product_cat-tool-cases-and-bags","15":"pa_farbe-black","17":"first","18":"instock","19":"product-type-simple"},"acf":[],"yoast_head":"<title>tool.case PP.191 | B&amp;W tool case JET 5000<\/title>\n<meta name=\"description\" content=\"B&amp;W tool case PP.191 JET 5000 \u2713Polypropylene \u2713IP67 dust and waterproof \u2713temperature resistant \u2794 Transport safely now!\" \/>\n<meta name=\"robots\" content=\"index, follow, max-snippet:-1, max-image-preview:large, max-video-preview:-1\" \/>\n<link rel=\"canonical\" href=\"https:\/\/www.b-w-international.com\/en\/produkt\/tool-case-pp-191-jet-5000\/\" \/>\n<meta property=\"og:locale\" content=\"en_US\" \/>\n<meta property=\"og:type\" content=\"article\" \/>\n<meta property=\"og:title\" content=\"tool.case PP.191 | B&amp;W tool case JET 5000\" \/>\n<meta property=\"og:description\" content=\"B&amp;W tool case PP.191 JET 5000 \u2713Polypropylene \u2713IP67 dust and waterproof \u2713temperature resistant \u2794 Transport safely now!\" \/>\n<meta property=\"og:url\" content=\"https:\/\/www.b-w-international.com\/en\/produkt\/tool-case-pp-191-jet-5000\/\" \/>\n<meta property=\"og:site_name\" content=\"B&amp;W International\" \/>\n<meta property=\"article:modified_time\" content=\"2025-10-02T07:48:08+00:00\" \/>\n<meta property=\"og:image\" content=\"https:\/\/www.b-w-international.com\/wp-content\/uploads\/2025\/05\/tool-case_PP-191_Jet-5000_P_open-empty-side_bw-international.jpg\" \/>\n\t<meta property=\"og:image:width\" content=\"1920\" \/>\n\t<meta property=\"og:image:height\" content=\"1920\" \/>\n\t<meta property=\"og:image:type\" content=\"image\/jpeg\" \/>\n<meta name=\"twitter:card\" content=\"summary_large_image\" \/>\n<meta name=\"twitter:label1\" content=\"Est. reading time\" \/>\n\t<meta name=\"twitter:data1\" content=\"1 minute\" \/>\n<script type=\"application\/ld+json\" class=\"yoast-schema-graph\">{\"@context\":\"https:\/\/schema.org\",\"@graph\":[{\"@type\":\"WebPage\",\"@id\":\"https:\/\/www.b-w-international.com\/en\/produkt\/tool-case-pp-191-jet-5000\/\",\"url\":\"https:\/\/www.b-w-international.com\/en\/produkt\/tool-case-pp-191-jet-5000\/\",\"name\":\"tool.case PP.191 | B&W tool case JET 5000\",\"isPartOf\":{\"@id\":\"https:\/\/www.b-w-international.com\/en\/#website\"},\"primaryImageOfPage\":{\"@id\":\"https:\/\/www.b-w-international.com\/en\/produkt\/tool-case-pp-191-jet-5000\/#primaryimage\"},\"image\":{\"@id\":\"https:\/\/www.b-w-international.com\/en\/produkt\/tool-case-pp-191-jet-5000\/#primaryimage\"},\"thumbnailUrl\":\"https:\/\/www.b-w-international.com\/wp-content\/uploads\/2025\/05\/tool-case_PP-191_Jet-5000_P_open-empty-side_bw-international.jpg\",\"datePublished\":\"2025-05-05T07:54:49+00:00\",\"dateModified\":\"2025-10-02T07:48:08+00:00\",\"description\":\"B&W tool case PP.191 JET 5000 \u2713Polypropylene \u2713IP67 dust and waterproof \u2713temperature resistant \u2794 Transport safely now!\",\"breadcrumb\":{\"@id\":\"https:\/\/www.b-w-international.com\/en\/produkt\/tool-case-pp-191-jet-5000\/#breadcrumb\"},\"inLanguage\":\"en-US\",\"potentialAction\":[{\"@type\":\"ReadAction\",\"target\":[\"https:\/\/www.b-w-international.com\/en\/produkt\/tool-case-pp-191-jet-5000\/\"]}]},{\"@type\":\"ImageObject\",\"inLanguage\":\"en-US\",\"@id\":\"https:\/\/www.b-w-international.com\/en\/produkt\/tool-case-pp-191-jet-5000\/#primaryimage\",\"url\":\"https:\/\/www.b-w-international.com\/wp-content\/uploads\/2025\/05\/tool-case_PP-191_Jet-5000_P_open-empty-side_bw-international.jpg\",\"contentUrl\":\"https:\/\/www.b-w-international.com\/wp-content\/uploads\/2025\/05\/tool-case_PP-191_Jet-5000_P_open-empty-side_bw-international.jpg\",\"width\":1920,\"height\":1920,\"caption\":\"Robust PP 191 Jet 5000 tool case from B&amp;W International with modular compartment inserts, tool boards and shoulder strap for professional applications.\"},{\"@type\":\"BreadcrumbList\",\"@id\":\"https:\/\/www.b-w-international.com\/en\/produkt\/tool-case-pp-191-jet-5000\/#breadcrumb\",\"itemListElement\":[{\"@type\":\"ListItem\",\"position\":1,\"name\":\"Home\",\"item\":\"https:\/\/www.b-w-international.com\/en\/\"},{\"@type\":\"ListItem\",\"position\":2,\"name\":\"Products\",\"item\":\"https:\/\/www.b-w-international.com\/en\/products\/\"},{\"@type\":\"ListItem\",\"position\":3,\"name\":\"Tool cases and bags\",\"item\":\"https:\/\/www.b-w-international.com\/en\/produkte\/tool-cases-and-bags\/\"},{\"@type\":\"ListItem\",\"position\":4,\"name\":\"Tool cases\",\"item\":\"https:\/\/www.b-w-international.com\/en\/produkte\/tool-cases-and-bags\/tool-cases\/\"},{\"@type\":\"ListItem\",\"position\":5,\"name\":\"tool.case PP.191 | JET 5000\"}]},{\"@type\":\"WebSite\",\"@id\":\"https:\/\/www.b-w-international.com\/en\/#website\",\"url\":\"https:\/\/www.b-w-international.com\/en\/\",\"name\":\"B&W International\",\"description\":\"\",\"publisher\":{\"@id\":\"https:\/\/www.b-w-international.com\/en\/#organization\"},\"potentialAction\":[{\"@type\":\"SearchAction\",\"target\":{\"@type\":\"EntryPoint\",\"urlTemplate\":\"https:\/\/www.b-w-international.com\/en\/?s={search_term_string}\"},\"query-input\":{\"@type\":\"PropertyValueSpecification\",\"valueRequired\":true,\"valueName\":\"search_term_string\"}}],\"inLanguage\":\"en-US\"},{\"@type\":\"Organization\",\"@id\":\"https:\/\/www.b-w-international.com\/en\/#organization\",\"name\":\"B&W International\",\"url\":\"https:\/\/www.b-w-international.com\/en\/\",\"logo\":{\"@type\":\"ImageObject\",\"inLanguage\":\"en-US\",\"@id\":\"https:\/\/www.b-w-international.com\/en\/#\/schema\/logo\/image\/\",\"url\":\"https:\/\/www.b-w-international.com\/wp-content\/uploads\/2024\/12\/16dbfc312f1eb060e7d95735c00f9ec6.png\",\"contentUrl\":\"https:\/\/www.b-w-international.com\/wp-content\/uploads\/2024\/12\/16dbfc312f1eb060e7d95735c00f9ec6.png\",\"width\":219,\"height\":82,\"caption\":\"B&W International\"},\"image\":{\"@id\":\"https:\/\/www.b-w-international.com\/en\/#\/schema\/logo\/image\/\"}}]}<\/script>","yoast_head_json":{"title":"tool.case PP.191 | B&W tool case JET 5000","description":"B&W tool case PP.191 JET 5000 \u2713Polypropylene \u2713IP67 dust and waterproof \u2713temperature resistant \u2794 Transport safely now!","robots":{"index":"index","follow":"follow","max-snippet":"max-snippet:-1","max-image-preview":"max-image-preview:large","max-video-preview":"max-video-preview:-1"},"canonical":"https:\/\/www.b-w-international.com\/en\/produkt\/tool-case-pp-191-jet-5000\/","og_locale":"en_US","og_type":"article","og_title":"tool.case PP.191 | B&W tool case JET 5000","og_description":"B&W tool case PP.191 JET 5000 \u2713Polypropylene \u2713IP67 dust and waterproof \u2713temperature resistant \u2794 Transport safely now!","og_url":"https:\/\/www.b-w-international.com\/en\/produkt\/tool-case-pp-191-jet-5000\/","og_site_name":"B&amp;W International","article_modified_time":"2025-10-02T07:48:08+00:00","og_image":[{"width":1920,"height":1920,"url":"https:\/\/www.b-w-international.com\/wp-content\/uploads\/2025\/05\/tool-case_PP-191_Jet-5000_P_open-empty-side_bw-international.jpg","type":"image\/jpeg"}],"twitter_card":"summary_large_image","twitter_misc":{"Est. reading time":"1 minute"},"schema":{"@context":"https:\/\/schema.org","@graph":[{"@type":"WebPage","@id":"https:\/\/www.b-w-international.com\/en\/produkt\/tool-case-pp-191-jet-5000\/","url":"https:\/\/www.b-w-international.com\/en\/produkt\/tool-case-pp-191-jet-5000\/","name":"tool.case PP.191 | B&W tool case JET 5000","isPartOf":{"@id":"https:\/\/www.b-w-international.com\/en\/#website"},"primaryImageOfPage":{"@id":"https:\/\/www.b-w-international.com\/en\/produkt\/tool-case-pp-191-jet-5000\/#primaryimage"},"image":{"@id":"https:\/\/www.b-w-international.com\/en\/produkt\/tool-case-pp-191-jet-5000\/#primaryimage"},"thumbnailUrl":"https:\/\/www.b-w-international.com\/wp-content\/uploads\/2025\/05\/tool-case_PP-191_Jet-5000_P_open-empty-side_bw-international.jpg","datePublished":"2025-05-05T07:54:49+00:00","dateModified":"2025-10-02T07:48:08+00:00","description":"B&W tool case PP.191 JET 5000 \u2713Polypropylene \u2713IP67 dust and waterproof \u2713temperature resistant \u2794 Transport safely now!","breadcrumb":{"@id":"https:\/\/www.b-w-international.com\/en\/produkt\/tool-case-pp-191-jet-5000\/#breadcrumb"},"inLanguage":"en-US","potentialAction":[{"@type":"ReadAction","target":["https:\/\/www.b-w-international.com\/en\/produkt\/tool-case-pp-191-jet-5000\/"]}]},{"@type":"ImageObject","inLanguage":"en-US","@id":"https:\/\/www.b-w-international.com\/en\/produkt\/tool-case-pp-191-jet-5000\/#primaryimage","url":"https:\/\/www.b-w-international.com\/wp-content\/uploads\/2025\/05\/tool-case_PP-191_Jet-5000_P_open-empty-side_bw-international.jpg","contentUrl":"https:\/\/www.b-w-international.com\/wp-content\/uploads\/2025\/05\/tool-case_PP-191_Jet-5000_P_open-empty-side_bw-international.jpg","width":1920,"height":1920,"caption":"Robust PP 191 Jet 5000 tool case from B&amp;W International with modular compartment inserts, tool boards and shoulder strap for professional applications."},{"@type":"BreadcrumbList","@id":"https:\/\/www.b-w-international.com\/en\/produkt\/tool-case-pp-191-jet-5000\/#breadcrumb","itemListElement":[{"@type":"ListItem","position":1,"name":"Home","item":"https:\/\/www.b-w-international.com\/en\/"},{"@type":"ListItem","position":2,"name":"Products","item":"https:\/\/www.b-w-international.com\/en\/products\/"},{"@type":"ListItem","position":3,"name":"Tool cases and bags","item":"https:\/\/www.b-w-international.com\/en\/produkte\/tool-cases-and-bags\/"},{"@type":"ListItem","position":4,"name":"Tool cases","item":"https:\/\/www.b-w-international.com\/en\/produkte\/tool-cases-and-bags\/tool-cases\/"},{"@type":"ListItem","position":5,"name":"tool.case PP.191 | JET 5000"}]},{"@type":"WebSite","@id":"https:\/\/www.b-w-international.com\/en\/#website","url":"https:\/\/www.b-w-international.com\/en\/","name":"B&W International","description":"","publisher":{"@id":"https:\/\/www.b-w-international.com\/en\/#organization"},"potentialAction":[{"@type":"SearchAction","target":{"@type":"EntryPoint","urlTemplate":"https:\/\/www.b-w-international.com\/en\/?s={search_term_string}"},"query-input":{"@type":"PropertyValueSpecification","valueRequired":true,"valueName":"search_term_string"}}],"inLanguage":"en-US"},{"@type":"Organization","@id":"https:\/\/www.b-w-international.com\/en\/#organization","name":"B&W International","url":"https:\/\/www.b-w-international.com\/en\/","logo":{"@type":"ImageObject","inLanguage":"en-US","@id":"https:\/\/www.b-w-international.com\/en\/#\/schema\/logo\/image\/","url":"https:\/\/www.b-w-international.com\/wp-content\/uploads\/2024\/12\/16dbfc312f1eb060e7d95735c00f9ec6.png","contentUrl":"https:\/\/www.b-w-international.com\/wp-content\/uploads\/2024\/12\/16dbfc312f1eb060e7d95735c00f9ec6.png","width":219,"height":82,"caption":"B&W International"},"image":{"@id":"https:\/\/www.b-w-international.com\/en\/#\/schema\/logo\/image\/"}}]}},"_links":{"self":[{"href":"https:\/\/www.b-w-international.com\/en\/wp-json\/wp\/v2\/product\/15299","targetHints":{"allow":["GET"]}}],"collection":[{"href":"https:\/\/www.b-w-international.com\/en\/wp-json\/wp\/v2\/product"}],"about":[{"href":"https:\/\/www.b-w-international.com\/en\/wp-json\/wp\/v2\/types\/product"}],"wp:featuredmedia":[{"embeddable":true,"href":"https:\/\/www.b-w-international.com\/en\/wp-json\/wp\/v2\/media\/13760"}],"wp:attachment":[{"href":"https:\/\/www.b-w-international.com\/en\/wp-json\/wp\/v2\/media?parent=15299"}],"wp:term":[{"taxonomy":"product_brand","embeddable":true,"href":"https:\/\/www.b-w-international.com\/en\/wp-json\/wp\/v2\/product_brand?post=15299"},{"taxonomy":"product_cat","embeddable":true,"href":"https:\/\/www.b-w-international.com\/en\/wp-json\/wp\/v2\/product_cat?post=15299"},{"taxonomy":"product_tag","embeddable":true,"href":"https:\/\/www.b-w-international.com\/en\/wp-json\/wp\/v2\/product_tag?post=15299"}],"curies":[{"name":"wp","href":"https:\/\/api.w.org\/{rel}","templated":true}]}}