{"id":15320,"date":"2025-05-05T09:54:49","date_gmt":"2025-05-05T07:54:49","guid":{"rendered":"https:\/\/www.b-w-international.com\/produkt\/action-case-pp-41-gopro13-arplank-bw-outdoor-case-type-1000-gopro-9-13-with-recyclable-arplank-foam\/"},"modified":"2025-11-04T09:56:39","modified_gmt":"2025-11-04T08:56:39","slug":"action-case-pp-41-gopro13-arplank","status":"publish","type":"product","link":"https:\/\/www.b-w-international.com\/en\/produkt\/action-case-pp-41-gopro13-arplank\/","title":{"rendered":"action.case PP.41.GoPro13.arplank | B&amp;W multipurpose case type 1000 GoPro 9-13 with recyclable ARPLANK foam"},"content":{"rendered":"<ul>\n<li>Tailor-made inlay suitable for the GoPro Hero 13 action cam<\/li>\n<li>Compatible with the following cameras: Hero 9, Hero 10, Hero 11, Hero 12<\/li>\n<li>Extremely stable: housing made of polypropylene (PP)<\/li>\n<li>Case tested to military standards<\/li>\n<li>Stackable<\/li>\n<li>Dustproof and waterproof (IP protection class 67)<\/li>\n<li>Temperature stable from -30 \u00b0C to +80 \u00b0C<\/li>\n<li>Airworthy: automatic air pressure equalization valve<\/li>\n<li>Rubberized carrying handle<\/li>\n<li>Two eyelets for padlocks (\u00d8 4.5 mm)<\/li>\n<li>Two snap locks<\/li>\n<li>Customizable nameplate (nameplate)<\/li>\n<li>Cover foam<\/li>\n<\/ul>\n<p><strong>The case contents shown are not included in the scope of delivery.<\/strong><\/p>\n<div style=\"display:flex; gap:10px;justify-content:center\" class=\"wps-pgfw-pdf-generate-icon__wrapper-frontend\">\n\t\t<a  href=\"https:\/\/www.b-w-international.com\/en\/wp-json\/wp\/v2\/product\/15320\/?action=genpdf&amp;id=15320\" class=\"pgfw-single-pdf-download-button\" target=_blank><img src=\"https:\/\/www.b-w-international.com\/wp-content\/uploads\/2025\/03\/icon-download.svg\" title=\"Generate PDF\" style=\"width:auto; height:45px;\"><\/a>\n\t\t<\/div>","protected":false},"excerpt":{"rendered":"<p>Tailor-made inlay suitable for the GoPro Hero 13 action cam Compatible with the following cameras: Hero 9, Hero 10, Hero 11, Hero 12 Extremely stable: housing made of polypropylene (PP) Case tested to military standards Stackable Dustproof and waterproof (IP protection class 67) Temperature stable from -30 \u00b0C to +80 \u00b0C Airworthy: automatic air pressure [&hellip;]<\/p>\n","protected":false},"featured_media":12822,"template":"","meta":{"_acf_changed":false},"product_brand":[],"product_cat":[404,67],"product_tag":[],"class_list":{"0":"post-15320","1":"product","2":"type-product","3":"status-publish","4":"has-post-thumbnail","6":"product_features-2-eyelets-for-padlocks","7":"product_features-airworthy","8":"product_features-impact-and-shock-resistant","9":"product_features-rubberized-carrying-handle","10":"product_features-stackable","11":"product_features-temperature-resistant","12":"product_features-waterproof-dustproof-airtight","13":"product_cat-actioncams-en","14":"product_cat-drone-and-camera-cases","15":"pa_farbe-black","16":"pa_farbe-bronze-green","17":"pa_farbe-orange-en","18":"pa_farbe-yellow","20":"first","21":"instock","22":"product-type-variable"},"acf":[],"yoast_head":"<title>action.case PP.41.GoPro13.arplank | B&amp;W multipurpose case type 1000 GoPro 9-13 with recyclable ARPLANK foam - B&amp;W International<\/title>\n<meta name=\"description\" content=\"B&amp;W multi-purpose case PP.41 GoPro 9-13 \u2713extremely stable \u2713suitable for flying \u2713waterproof \u2192 Discover now!\" \/>\n<meta name=\"robots\" content=\"index, follow, max-snippet:-1, max-image-preview:large, max-video-preview:-1\" \/>\n<link rel=\"canonical\" href=\"https:\/\/www.b-w-international.com\/en\/produkt\/action-case-pp-41-gopro13-arplank\/\" \/>\n<meta property=\"og:locale\" content=\"en_US\" \/>\n<meta property=\"og:type\" content=\"article\" \/>\n<meta property=\"og:title\" content=\"action.case PP.41.GoPro13.arplank | B&amp;W multipurpose case type 1000 GoPro 9-13 with recyclable ARPLANK foam - B&amp;W International\" \/>\n<meta property=\"og:description\" content=\"B&amp;W multi-purpose case PP.41 GoPro 9-13 \u2713extremely stable \u2713suitable for flying \u2713waterproof \u2192 Discover now!\" \/>\n<meta property=\"og:url\" content=\"https:\/\/www.b-w-international.com\/en\/produkt\/action-case-pp-41-gopro13-arplank\/\" \/>\n<meta property=\"og:site_name\" content=\"B&amp;W International\" \/>\n<meta property=\"article:modified_time\" content=\"2025-11-04T08:56:39+00:00\" \/>\n<meta property=\"og:image\" content=\"https:\/\/www.b-w-international.com\/wp-content\/uploads\/2025\/05\/1000_PP-41_BG_open-inlay-side-empty_go-pro-13-arplank_bw-international.jpg\" \/>\n\t<meta property=\"og:image:width\" content=\"1920\" \/>\n\t<meta property=\"og:image:height\" content=\"1920\" \/>\n\t<meta property=\"og:image:type\" content=\"image\/jpeg\" \/>\n<meta name=\"twitter:card\" content=\"summary_large_image\" \/>\n<meta name=\"twitter:label1\" content=\"Est. reading time\" \/>\n\t<meta name=\"twitter:data1\" content=\"1 minute\" \/>\n<script type=\"application\/ld+json\" class=\"yoast-schema-graph\">{\"@context\":\"https:\/\/schema.org\",\"@graph\":[{\"@type\":\"WebPage\",\"@id\":\"https:\/\/www.b-w-international.com\/en\/produkt\/action-case-pp-41-gopro13-arplank\/\",\"url\":\"https:\/\/www.b-w-international.com\/en\/produkt\/action-case-pp-41-gopro13-arplank\/\",\"name\":\"action.case PP.41.GoPro13.arplank | B&amp;W multipurpose case type 1000 GoPro 9-13 with recyclable ARPLANK foam - B&amp;W International\",\"isPartOf\":{\"@id\":\"https:\/\/www.b-w-international.com\/en\/#website\"},\"primaryImageOfPage\":{\"@id\":\"https:\/\/www.b-w-international.com\/en\/produkt\/action-case-pp-41-gopro13-arplank\/#primaryimage\"},\"image\":{\"@id\":\"https:\/\/www.b-w-international.com\/en\/produkt\/action-case-pp-41-gopro13-arplank\/#primaryimage\"},\"thumbnailUrl\":\"https:\/\/www.b-w-international.com\/wp-content\/uploads\/2025\/05\/1000_PP-41_BG_open-inlay-side-empty_go-pro-13-arplank_bw-international.jpg\",\"datePublished\":\"2025-05-05T07:54:49+00:00\",\"dateModified\":\"2025-11-04T08:56:39+00:00\",\"description\":\"B&W multi-purpose case PP.41 GoPro 9-13 \u2713extremely stable \u2713suitable for flying \u2713waterproof \u2192 Discover now!\",\"breadcrumb\":{\"@id\":\"https:\/\/www.b-w-international.com\/en\/produkt\/action-case-pp-41-gopro13-arplank\/#breadcrumb\"},\"inLanguage\":\"en-US\",\"potentialAction\":[{\"@type\":\"ReadAction\",\"target\":[\"https:\/\/www.b-w-international.com\/en\/produkt\/action-case-pp-41-gopro13-arplank\/\"]}]},{\"@type\":\"ImageObject\",\"inLanguage\":\"en-US\",\"@id\":\"https:\/\/www.b-w-international.com\/en\/produkt\/action-case-pp-41-gopro13-arplank\/#primaryimage\",\"url\":\"https:\/\/www.b-w-international.com\/wp-content\/uploads\/2025\/05\/1000_PP-41_BG_open-inlay-side-empty_go-pro-13-arplank_bw-international.jpg\",\"contentUrl\":\"https:\/\/www.b-w-international.com\/wp-content\/uploads\/2025\/05\/1000_PP-41_BG_open-inlay-side-empty_go-pro-13-arplank_bw-international.jpg\",\"width\":1920,\"height\":1920,\"caption\":\"Stabiler B&W International Mehrzweckkoffer in bronze gruen mit passgenauem arplank Schaumstoff-Inlay und Noppenschaum im Deckel f\u00fcr sicheren Ger\u00e4teschutz. Geeignet f\u00fcr GoPro 9 bis 13.\"},{\"@type\":\"BreadcrumbList\",\"@id\":\"https:\/\/www.b-w-international.com\/en\/produkt\/action-case-pp-41-gopro13-arplank\/#breadcrumb\",\"itemListElement\":[{\"@type\":\"ListItem\",\"position\":1,\"name\":\"Home\",\"item\":\"https:\/\/www.b-w-international.com\/en\/\"},{\"@type\":\"ListItem\",\"position\":2,\"name\":\"Products\",\"item\":\"https:\/\/www.b-w-international.com\/en\/products\/\"},{\"@type\":\"ListItem\",\"position\":3,\"name\":\"Drone and camera cases\",\"item\":\"https:\/\/www.b-w-international.com\/en\/produkte\/drone-and-camera-cases\/\"},{\"@type\":\"ListItem\",\"position\":4,\"name\":\"action.case PP.41.GoPro13.arplank | B&amp;W multipurpose case type 1000 GoPro 9-13 with recyclable ARPLANK foam\"}]},{\"@type\":\"WebSite\",\"@id\":\"https:\/\/www.b-w-international.com\/en\/#website\",\"url\":\"https:\/\/www.b-w-international.com\/en\/\",\"name\":\"B&W International\",\"description\":\"\",\"publisher\":{\"@id\":\"https:\/\/www.b-w-international.com\/en\/#organization\"},\"potentialAction\":[{\"@type\":\"SearchAction\",\"target\":{\"@type\":\"EntryPoint\",\"urlTemplate\":\"https:\/\/www.b-w-international.com\/en\/?s={search_term_string}\"},\"query-input\":{\"@type\":\"PropertyValueSpecification\",\"valueRequired\":true,\"valueName\":\"search_term_string\"}}],\"inLanguage\":\"en-US\"},{\"@type\":\"Organization\",\"@id\":\"https:\/\/www.b-w-international.com\/en\/#organization\",\"name\":\"B&W International\",\"url\":\"https:\/\/www.b-w-international.com\/en\/\",\"logo\":{\"@type\":\"ImageObject\",\"inLanguage\":\"en-US\",\"@id\":\"https:\/\/www.b-w-international.com\/en\/#\/schema\/logo\/image\/\",\"url\":\"https:\/\/www.b-w-international.com\/wp-content\/uploads\/2024\/12\/16dbfc312f1eb060e7d95735c00f9ec6.png\",\"contentUrl\":\"https:\/\/www.b-w-international.com\/wp-content\/uploads\/2024\/12\/16dbfc312f1eb060e7d95735c00f9ec6.png\",\"width\":219,\"height\":82,\"caption\":\"B&W International\"},\"image\":{\"@id\":\"https:\/\/www.b-w-international.com\/en\/#\/schema\/logo\/image\/\"}}]}<\/script>","yoast_head_json":{"title":"action.case PP.41.GoPro13.arplank | B&amp;W multipurpose case type 1000 GoPro 9-13 with recyclable ARPLANK foam - B&amp;W International","description":"B&W multi-purpose case PP.41 GoPro 9-13 \u2713extremely stable \u2713suitable for flying \u2713waterproof \u2192 Discover now!","robots":{"index":"index","follow":"follow","max-snippet":"max-snippet:-1","max-image-preview":"max-image-preview:large","max-video-preview":"max-video-preview:-1"},"canonical":"https:\/\/www.b-w-international.com\/en\/produkt\/action-case-pp-41-gopro13-arplank\/","og_locale":"en_US","og_type":"article","og_title":"action.case PP.41.GoPro13.arplank | B&amp;W multipurpose case type 1000 GoPro 9-13 with recyclable ARPLANK foam - B&amp;W International","og_description":"B&W multi-purpose case PP.41 GoPro 9-13 \u2713extremely stable \u2713suitable for flying \u2713waterproof \u2192 Discover now!","og_url":"https:\/\/www.b-w-international.com\/en\/produkt\/action-case-pp-41-gopro13-arplank\/","og_site_name":"B&amp;W International","article_modified_time":"2025-11-04T08:56:39+00:00","og_image":[{"width":1920,"height":1920,"url":"https:\/\/www.b-w-international.com\/wp-content\/uploads\/2025\/05\/1000_PP-41_BG_open-inlay-side-empty_go-pro-13-arplank_bw-international.jpg","type":"image\/jpeg"}],"twitter_card":"summary_large_image","twitter_misc":{"Est. reading time":"1 minute"},"schema":{"@context":"https:\/\/schema.org","@graph":[{"@type":"WebPage","@id":"https:\/\/www.b-w-international.com\/en\/produkt\/action-case-pp-41-gopro13-arplank\/","url":"https:\/\/www.b-w-international.com\/en\/produkt\/action-case-pp-41-gopro13-arplank\/","name":"action.case PP.41.GoPro13.arplank | B&amp;W multipurpose case type 1000 GoPro 9-13 with recyclable ARPLANK foam - B&amp;W International","isPartOf":{"@id":"https:\/\/www.b-w-international.com\/en\/#website"},"primaryImageOfPage":{"@id":"https:\/\/www.b-w-international.com\/en\/produkt\/action-case-pp-41-gopro13-arplank\/#primaryimage"},"image":{"@id":"https:\/\/www.b-w-international.com\/en\/produkt\/action-case-pp-41-gopro13-arplank\/#primaryimage"},"thumbnailUrl":"https:\/\/www.b-w-international.com\/wp-content\/uploads\/2025\/05\/1000_PP-41_BG_open-inlay-side-empty_go-pro-13-arplank_bw-international.jpg","datePublished":"2025-05-05T07:54:49+00:00","dateModified":"2025-11-04T08:56:39+00:00","description":"B&W multi-purpose case PP.41 GoPro 9-13 \u2713extremely stable \u2713suitable for flying \u2713waterproof \u2192 Discover now!","breadcrumb":{"@id":"https:\/\/www.b-w-international.com\/en\/produkt\/action-case-pp-41-gopro13-arplank\/#breadcrumb"},"inLanguage":"en-US","potentialAction":[{"@type":"ReadAction","target":["https:\/\/www.b-w-international.com\/en\/produkt\/action-case-pp-41-gopro13-arplank\/"]}]},{"@type":"ImageObject","inLanguage":"en-US","@id":"https:\/\/www.b-w-international.com\/en\/produkt\/action-case-pp-41-gopro13-arplank\/#primaryimage","url":"https:\/\/www.b-w-international.com\/wp-content\/uploads\/2025\/05\/1000_PP-41_BG_open-inlay-side-empty_go-pro-13-arplank_bw-international.jpg","contentUrl":"https:\/\/www.b-w-international.com\/wp-content\/uploads\/2025\/05\/1000_PP-41_BG_open-inlay-side-empty_go-pro-13-arplank_bw-international.jpg","width":1920,"height":1920,"caption":"Stabiler B&W International Mehrzweckkoffer in bronze gruen mit passgenauem arplank Schaumstoff-Inlay und Noppenschaum im Deckel f\u00fcr sicheren Ger\u00e4teschutz. Geeignet f\u00fcr GoPro 9 bis 13."},{"@type":"BreadcrumbList","@id":"https:\/\/www.b-w-international.com\/en\/produkt\/action-case-pp-41-gopro13-arplank\/#breadcrumb","itemListElement":[{"@type":"ListItem","position":1,"name":"Home","item":"https:\/\/www.b-w-international.com\/en\/"},{"@type":"ListItem","position":2,"name":"Products","item":"https:\/\/www.b-w-international.com\/en\/products\/"},{"@type":"ListItem","position":3,"name":"Drone and camera cases","item":"https:\/\/www.b-w-international.com\/en\/produkte\/drone-and-camera-cases\/"},{"@type":"ListItem","position":4,"name":"action.case PP.41.GoPro13.arplank | B&amp;W multipurpose case type 1000 GoPro 9-13 with recyclable ARPLANK foam"}]},{"@type":"WebSite","@id":"https:\/\/www.b-w-international.com\/en\/#website","url":"https:\/\/www.b-w-international.com\/en\/","name":"B&W International","description":"","publisher":{"@id":"https:\/\/www.b-w-international.com\/en\/#organization"},"potentialAction":[{"@type":"SearchAction","target":{"@type":"EntryPoint","urlTemplate":"https:\/\/www.b-w-international.com\/en\/?s={search_term_string}"},"query-input":{"@type":"PropertyValueSpecification","valueRequired":true,"valueName":"search_term_string"}}],"inLanguage":"en-US"},{"@type":"Organization","@id":"https:\/\/www.b-w-international.com\/en\/#organization","name":"B&W International","url":"https:\/\/www.b-w-international.com\/en\/","logo":{"@type":"ImageObject","inLanguage":"en-US","@id":"https:\/\/www.b-w-international.com\/en\/#\/schema\/logo\/image\/","url":"https:\/\/www.b-w-international.com\/wp-content\/uploads\/2024\/12\/16dbfc312f1eb060e7d95735c00f9ec6.png","contentUrl":"https:\/\/www.b-w-international.com\/wp-content\/uploads\/2024\/12\/16dbfc312f1eb060e7d95735c00f9ec6.png","width":219,"height":82,"caption":"B&W International"},"image":{"@id":"https:\/\/www.b-w-international.com\/en\/#\/schema\/logo\/image\/"}}]}},"_links":{"self":[{"href":"https:\/\/www.b-w-international.com\/en\/wp-json\/wp\/v2\/product\/15320","targetHints":{"allow":["GET"]}}],"collection":[{"href":"https:\/\/www.b-w-international.com\/en\/wp-json\/wp\/v2\/product"}],"about":[{"href":"https:\/\/www.b-w-international.com\/en\/wp-json\/wp\/v2\/types\/product"}],"wp:featuredmedia":[{"embeddable":true,"href":"https:\/\/www.b-w-international.com\/en\/wp-json\/wp\/v2\/media\/12822"}],"wp:attachment":[{"href":"https:\/\/www.b-w-international.com\/en\/wp-json\/wp\/v2\/media?parent=15320"}],"wp:term":[{"taxonomy":"product_brand","embeddable":true,"href":"https:\/\/www.b-w-international.com\/en\/wp-json\/wp\/v2\/product_brand?post=15320"},{"taxonomy":"product_cat","embeddable":true,"href":"https:\/\/www.b-w-international.com\/en\/wp-json\/wp\/v2\/product_cat?post=15320"},{"taxonomy":"product_tag","embeddable":true,"href":"https:\/\/www.b-w-international.com\/en\/wp-json\/wp\/v2\/product_tag?post=15320"}],"curies":[{"name":"wp","href":"https:\/\/api.w.org\/{rel}","templated":true}]}}