{"id":15785,"date":"2025-05-23T11:04:44","date_gmt":"2025-05-23T09:04:44","guid":{"rendered":"https:\/\/www.b-w-international.com\/produkt\/tool-case-abs-360-go-xl\/"},"modified":"2025-10-21T10:15:33","modified_gmt":"2025-10-21T08:15:33","slug":"tool-case-abs-360-go-xl","status":"publish","type":"product","link":"https:\/\/www.b-w-international.com\/en\/produkt\/tool-case-abs-360-go-xl\/","title":{"rendered":"tool.case ABS.360 | Go XL"},"content":{"rendered":"<div>\n<ul>\n<li>Tool case housing made from durable ABS plastic<\/li>\n<li>Robust aluminum frame with impact edge protection<\/li>\n<li>2 slide rails on the bottom floor rail<\/li>\n<li>With lockable tilt locks<\/li>\n<li>Combination lock<\/li>\n<li>Floor glider<\/li>\n<li>Telescopic handle<\/li>\n<li>Trolley<\/li>\n<li>Ergonomic carrying handle<\/li>\n<li>Hinge cover<\/li>\n<li>Safety lid holder<\/li>\n<li>Bottom tray with aluminum divider system<\/li>\n<li>4 floor feet<\/li>\n<li>2 extra large inline castors<\/li>\n<li>Document compartment in A4 format in the lid<\/li>\n<li>Tool boards: loops and pockets<\/li>\n<li>2-year guarantee<\/li>\n<\/ul>\n<p><strong>The case contents shown are not included in the scope of delivery.<\/strong><\/p>\n<\/div>\n<div style=\"display:flex; gap:10px;justify-content:center\" class=\"wps-pgfw-pdf-generate-icon__wrapper-frontend\">\n\t\t<a  href=\"https:\/\/www.b-w-international.com\/en\/wp-json\/wp\/v2\/product\/15785\/?action=genpdf&amp;id=15785\" class=\"pgfw-single-pdf-download-button\" target=_blank><img src=\"https:\/\/www.b-w-international.com\/wp-content\/uploads\/2025\/03\/icon-download.svg\" title=\"Generate PDF\" style=\"width:auto; height:45px;\"><\/a>\n\t\t<\/div>","protected":false},"excerpt":{"rendered":"<p>Tool case housing made from durable ABS plastic Robust aluminum frame with impact edge protection 2 slide rails on the bottom floor rail With lockable tilt locks Combination lock Floor glider Telescopic handle Trolley Ergonomic carrying handle Hinge cover Safety lid holder Bottom tray with aluminum divider system 4 floor feet 2 extra large inline [&hellip;]<\/p>\n","protected":false},"featured_media":22134,"template":"","meta":{"_acf_changed":false},"product_brand":[],"product_cat":[210,408],"product_tag":[],"class_list":{"0":"post-15785","1":"product","2":"type-product","3":"status-publish","4":"has-post-thumbnail","6":"product_features-2-year-warranty","7":"product_features-combination-lock","8":"product_features-edge-protection","9":"product_features-ergonomic-carrying-handle","10":"product_features-pull-handle","11":"product_features-wheels-en","12":"product_cat-tool-cases","13":"product_cat-tool-cases-and-bags","14":"pa_farbe-black","16":"first","17":"instock","18":"product-type-simple"},"acf":[],"yoast_head":"<title>tool.case ABS.360 | B&amp;W tool case Go XL<\/title>\n<meta name=\"description\" content=\"B&amp;W ABS.360 GO XL tool case \u2713mobile \u2713robust ABS material \u2713lockable \u2713flexible interior \u2794 Work mobile and safe now!\" \/>\n<meta name=\"robots\" content=\"index, follow, max-snippet:-1, max-image-preview:large, max-video-preview:-1\" \/>\n<link rel=\"canonical\" href=\"https:\/\/www.b-w-international.com\/en\/produkt\/tool-case-abs-360-go-xl\/\" \/>\n<meta property=\"og:locale\" content=\"en_US\" \/>\n<meta property=\"og:type\" content=\"article\" \/>\n<meta property=\"og:title\" content=\"tool.case ABS.360 | B&amp;W tool case Go XL\" \/>\n<meta property=\"og:description\" content=\"B&amp;W ABS.360 GO XL tool case \u2713mobile \u2713robust ABS material \u2713lockable \u2713flexible interior \u2794 Work mobile and safe now!\" \/>\n<meta property=\"og:url\" content=\"https:\/\/www.b-w-international.com\/en\/produkt\/tool-case-abs-360-go-xl\/\" \/>\n<meta property=\"og:site_name\" content=\"B&amp;W International\" \/>\n<meta property=\"article:modified_time\" content=\"2025-10-21T08:15:33+00:00\" \/>\n<meta property=\"og:image\" content=\"https:\/\/www.b-w-international.com\/wp-content\/uploads\/2025\/05\/tool-case_ABS-360_GoXL_LPT_open-empty-side_bw-international-1.jpg\" \/>\n\t<meta property=\"og:image:width\" content=\"1920\" \/>\n\t<meta property=\"og:image:height\" content=\"1920\" \/>\n\t<meta property=\"og:image:type\" content=\"image\/jpeg\" \/>\n<meta name=\"twitter:card\" content=\"summary_large_image\" \/>\n<meta name=\"twitter:label1\" content=\"Est. reading time\" \/>\n\t<meta name=\"twitter:data1\" content=\"1 minute\" \/>\n<script type=\"application\/ld+json\" class=\"yoast-schema-graph\">{\"@context\":\"https:\/\/schema.org\",\"@graph\":[{\"@type\":\"WebPage\",\"@id\":\"https:\/\/www.b-w-international.com\/en\/produkt\/tool-case-abs-360-go-xl\/\",\"url\":\"https:\/\/www.b-w-international.com\/en\/produkt\/tool-case-abs-360-go-xl\/\",\"name\":\"tool.case ABS.360 | B&W tool case Go XL\",\"isPartOf\":{\"@id\":\"https:\/\/www.b-w-international.com\/en\/#website\"},\"primaryImageOfPage\":{\"@id\":\"https:\/\/www.b-w-international.com\/en\/produkt\/tool-case-abs-360-go-xl\/#primaryimage\"},\"image\":{\"@id\":\"https:\/\/www.b-w-international.com\/en\/produkt\/tool-case-abs-360-go-xl\/#primaryimage\"},\"thumbnailUrl\":\"https:\/\/www.b-w-international.com\/wp-content\/uploads\/2025\/05\/tool-case_ABS-360_GoXL_LPT_open-empty-side_bw-international-1.jpg\",\"datePublished\":\"2025-05-23T09:04:44+00:00\",\"dateModified\":\"2025-10-21T08:15:33+00:00\",\"description\":\"B&W ABS.360 GO XL tool case \u2713mobile \u2713robust ABS material \u2713lockable \u2713flexible interior \u2794 Work mobile and safe now!\",\"breadcrumb\":{\"@id\":\"https:\/\/www.b-w-international.com\/en\/produkt\/tool-case-abs-360-go-xl\/#breadcrumb\"},\"inLanguage\":\"en-US\",\"potentialAction\":[{\"@type\":\"ReadAction\",\"target\":[\"https:\/\/www.b-w-international.com\/en\/produkt\/tool-case-abs-360-go-xl\/\"]}]},{\"@type\":\"ImageObject\",\"inLanguage\":\"en-US\",\"@id\":\"https:\/\/www.b-w-international.com\/en\/produkt\/tool-case-abs-360-go-xl\/#primaryimage\",\"url\":\"https:\/\/www.b-w-international.com\/wp-content\/uploads\/2025\/05\/tool-case_ABS-360_GoXL_LPT_open-empty-side_bw-international-1.jpg\",\"contentUrl\":\"https:\/\/www.b-w-international.com\/wp-content\/uploads\/2025\/05\/tool-case_ABS-360_GoXL_LPT_open-empty-side_bw-international-1.jpg\",\"width\":1920,\"height\":1920,\"caption\":\"B&W International gro\u00dfer ABS 360 GoXL Werkzeugkoffer mit stabilem Geh\u00e4use, integrierten Werkzeugtafeln und zahlreichen F\u00e4chern.\"},{\"@type\":\"BreadcrumbList\",\"@id\":\"https:\/\/www.b-w-international.com\/en\/produkt\/tool-case-abs-360-go-xl\/#breadcrumb\",\"itemListElement\":[{\"@type\":\"ListItem\",\"position\":1,\"name\":\"Home\",\"item\":\"https:\/\/www.b-w-international.com\/en\/\"},{\"@type\":\"ListItem\",\"position\":2,\"name\":\"Products\",\"item\":\"https:\/\/www.b-w-international.com\/en\/products\/\"},{\"@type\":\"ListItem\",\"position\":3,\"name\":\"Tool cases and bags\",\"item\":\"https:\/\/www.b-w-international.com\/en\/produkte\/tool-cases-and-bags\/\"},{\"@type\":\"ListItem\",\"position\":4,\"name\":\"Tool cases\",\"item\":\"https:\/\/www.b-w-international.com\/en\/produkte\/tool-cases-and-bags\/tool-cases\/\"},{\"@type\":\"ListItem\",\"position\":5,\"name\":\"tool.case ABS.360 | Go XL\"}]},{\"@type\":\"WebSite\",\"@id\":\"https:\/\/www.b-w-international.com\/en\/#website\",\"url\":\"https:\/\/www.b-w-international.com\/en\/\",\"name\":\"B&W International\",\"description\":\"\",\"publisher\":{\"@id\":\"https:\/\/www.b-w-international.com\/en\/#organization\"},\"potentialAction\":[{\"@type\":\"SearchAction\",\"target\":{\"@type\":\"EntryPoint\",\"urlTemplate\":\"https:\/\/www.b-w-international.com\/en\/?s={search_term_string}\"},\"query-input\":{\"@type\":\"PropertyValueSpecification\",\"valueRequired\":true,\"valueName\":\"search_term_string\"}}],\"inLanguage\":\"en-US\"},{\"@type\":\"Organization\",\"@id\":\"https:\/\/www.b-w-international.com\/en\/#organization\",\"name\":\"B&W International\",\"url\":\"https:\/\/www.b-w-international.com\/en\/\",\"logo\":{\"@type\":\"ImageObject\",\"inLanguage\":\"en-US\",\"@id\":\"https:\/\/www.b-w-international.com\/en\/#\/schema\/logo\/image\/\",\"url\":\"https:\/\/www.b-w-international.com\/wp-content\/uploads\/2024\/12\/16dbfc312f1eb060e7d95735c00f9ec6.png\",\"contentUrl\":\"https:\/\/www.b-w-international.com\/wp-content\/uploads\/2024\/12\/16dbfc312f1eb060e7d95735c00f9ec6.png\",\"width\":219,\"height\":82,\"caption\":\"B&W International\"},\"image\":{\"@id\":\"https:\/\/www.b-w-international.com\/en\/#\/schema\/logo\/image\/\"}}]}<\/script>","yoast_head_json":{"title":"tool.case ABS.360 | B&W tool case Go XL","description":"B&W ABS.360 GO XL tool case \u2713mobile \u2713robust ABS material \u2713lockable \u2713flexible interior \u2794 Work mobile and safe now!","robots":{"index":"index","follow":"follow","max-snippet":"max-snippet:-1","max-image-preview":"max-image-preview:large","max-video-preview":"max-video-preview:-1"},"canonical":"https:\/\/www.b-w-international.com\/en\/produkt\/tool-case-abs-360-go-xl\/","og_locale":"en_US","og_type":"article","og_title":"tool.case ABS.360 | B&W tool case Go XL","og_description":"B&W ABS.360 GO XL tool case \u2713mobile \u2713robust ABS material \u2713lockable \u2713flexible interior \u2794 Work mobile and safe now!","og_url":"https:\/\/www.b-w-international.com\/en\/produkt\/tool-case-abs-360-go-xl\/","og_site_name":"B&amp;W International","article_modified_time":"2025-10-21T08:15:33+00:00","og_image":[{"width":1920,"height":1920,"url":"https:\/\/www.b-w-international.com\/wp-content\/uploads\/2025\/05\/tool-case_ABS-360_GoXL_LPT_open-empty-side_bw-international-1.jpg","type":"image\/jpeg"}],"twitter_card":"summary_large_image","twitter_misc":{"Est. reading time":"1 minute"},"schema":{"@context":"https:\/\/schema.org","@graph":[{"@type":"WebPage","@id":"https:\/\/www.b-w-international.com\/en\/produkt\/tool-case-abs-360-go-xl\/","url":"https:\/\/www.b-w-international.com\/en\/produkt\/tool-case-abs-360-go-xl\/","name":"tool.case ABS.360 | B&W tool case Go XL","isPartOf":{"@id":"https:\/\/www.b-w-international.com\/en\/#website"},"primaryImageOfPage":{"@id":"https:\/\/www.b-w-international.com\/en\/produkt\/tool-case-abs-360-go-xl\/#primaryimage"},"image":{"@id":"https:\/\/www.b-w-international.com\/en\/produkt\/tool-case-abs-360-go-xl\/#primaryimage"},"thumbnailUrl":"https:\/\/www.b-w-international.com\/wp-content\/uploads\/2025\/05\/tool-case_ABS-360_GoXL_LPT_open-empty-side_bw-international-1.jpg","datePublished":"2025-05-23T09:04:44+00:00","dateModified":"2025-10-21T08:15:33+00:00","description":"B&W ABS.360 GO XL tool case \u2713mobile \u2713robust ABS material \u2713lockable \u2713flexible interior \u2794 Work mobile and safe now!","breadcrumb":{"@id":"https:\/\/www.b-w-international.com\/en\/produkt\/tool-case-abs-360-go-xl\/#breadcrumb"},"inLanguage":"en-US","potentialAction":[{"@type":"ReadAction","target":["https:\/\/www.b-w-international.com\/en\/produkt\/tool-case-abs-360-go-xl\/"]}]},{"@type":"ImageObject","inLanguage":"en-US","@id":"https:\/\/www.b-w-international.com\/en\/produkt\/tool-case-abs-360-go-xl\/#primaryimage","url":"https:\/\/www.b-w-international.com\/wp-content\/uploads\/2025\/05\/tool-case_ABS-360_GoXL_LPT_open-empty-side_bw-international-1.jpg","contentUrl":"https:\/\/www.b-w-international.com\/wp-content\/uploads\/2025\/05\/tool-case_ABS-360_GoXL_LPT_open-empty-side_bw-international-1.jpg","width":1920,"height":1920,"caption":"B&W International gro\u00dfer ABS 360 GoXL Werkzeugkoffer mit stabilem Geh\u00e4use, integrierten Werkzeugtafeln und zahlreichen F\u00e4chern."},{"@type":"BreadcrumbList","@id":"https:\/\/www.b-w-international.com\/en\/produkt\/tool-case-abs-360-go-xl\/#breadcrumb","itemListElement":[{"@type":"ListItem","position":1,"name":"Home","item":"https:\/\/www.b-w-international.com\/en\/"},{"@type":"ListItem","position":2,"name":"Products","item":"https:\/\/www.b-w-international.com\/en\/products\/"},{"@type":"ListItem","position":3,"name":"Tool cases and bags","item":"https:\/\/www.b-w-international.com\/en\/produkte\/tool-cases-and-bags\/"},{"@type":"ListItem","position":4,"name":"Tool cases","item":"https:\/\/www.b-w-international.com\/en\/produkte\/tool-cases-and-bags\/tool-cases\/"},{"@type":"ListItem","position":5,"name":"tool.case ABS.360 | Go XL"}]},{"@type":"WebSite","@id":"https:\/\/www.b-w-international.com\/en\/#website","url":"https:\/\/www.b-w-international.com\/en\/","name":"B&W International","description":"","publisher":{"@id":"https:\/\/www.b-w-international.com\/en\/#organization"},"potentialAction":[{"@type":"SearchAction","target":{"@type":"EntryPoint","urlTemplate":"https:\/\/www.b-w-international.com\/en\/?s={search_term_string}"},"query-input":{"@type":"PropertyValueSpecification","valueRequired":true,"valueName":"search_term_string"}}],"inLanguage":"en-US"},{"@type":"Organization","@id":"https:\/\/www.b-w-international.com\/en\/#organization","name":"B&W International","url":"https:\/\/www.b-w-international.com\/en\/","logo":{"@type":"ImageObject","inLanguage":"en-US","@id":"https:\/\/www.b-w-international.com\/en\/#\/schema\/logo\/image\/","url":"https:\/\/www.b-w-international.com\/wp-content\/uploads\/2024\/12\/16dbfc312f1eb060e7d95735c00f9ec6.png","contentUrl":"https:\/\/www.b-w-international.com\/wp-content\/uploads\/2024\/12\/16dbfc312f1eb060e7d95735c00f9ec6.png","width":219,"height":82,"caption":"B&W International"},"image":{"@id":"https:\/\/www.b-w-international.com\/en\/#\/schema\/logo\/image\/"}}]}},"_links":{"self":[{"href":"https:\/\/www.b-w-international.com\/en\/wp-json\/wp\/v2\/product\/15785","targetHints":{"allow":["GET"]}}],"collection":[{"href":"https:\/\/www.b-w-international.com\/en\/wp-json\/wp\/v2\/product"}],"about":[{"href":"https:\/\/www.b-w-international.com\/en\/wp-json\/wp\/v2\/types\/product"}],"wp:featuredmedia":[{"embeddable":true,"href":"https:\/\/www.b-w-international.com\/en\/wp-json\/wp\/v2\/media\/22134"}],"wp:attachment":[{"href":"https:\/\/www.b-w-international.com\/en\/wp-json\/wp\/v2\/media?parent=15785"}],"wp:term":[{"taxonomy":"product_brand","embeddable":true,"href":"https:\/\/www.b-w-international.com\/en\/wp-json\/wp\/v2\/product_brand?post=15785"},{"taxonomy":"product_cat","embeddable":true,"href":"https:\/\/www.b-w-international.com\/en\/wp-json\/wp\/v2\/product_cat?post=15785"},{"taxonomy":"product_tag","embeddable":true,"href":"https:\/\/www.b-w-international.com\/en\/wp-json\/wp\/v2\/product_tag?post=15785"}],"curies":[{"name":"wp","href":"https:\/\/api.w.org\/{rel}","templated":true}]}}