{"id":16683,"date":"2024-12-04T10:43:24","date_gmt":"2024-12-04T09:43:24","guid":{"rendered":"https:\/\/www.b-w-international.com\/pie-de-imprenta\/"},"modified":"2026-03-04T10:29:11","modified_gmt":"2026-03-04T09:29:11","slug":"pie-de-imprenta","status":"publish","type":"page","link":"https:\/\/www.b-w-international.com\/es\/pagina-de-inicio\/pie-de-imprenta\/","title":{"rendered":"Pie de imprenta"},"content":{"rendered":"\t\t<div data-elementor-type=\"wp-page\" data-elementor-id=\"16683\" class=\"elementor elementor-16683 elementor-73\" data-elementor-post-type=\"page\">\n\t\t\t\t<div class=\"elementor-element elementor-element-8ac1b6a e-flex e-con-boxed e-con e-parent\" data-id=\"8ac1b6a\" data-element_type=\"container\" data-e-type=\"container\">\n\t\t\t\t\t<div class=\"e-con-inner\">\n\t\t\t\t<div class=\"elementor-element elementor-element-a297bb3 elementor-widget elementor-widget-heading\" data-id=\"a297bb3\" data-element_type=\"widget\" data-e-type=\"widget\" data-widget_type=\"heading.default\">\n\t\t\t\t<div class=\"elementor-widget-container\">\n\t\t\t\t\t<h2 class=\"elementor-heading-title elementor-size-default\">Informaci\u00f3n seg\u00fan \u00a7\u00a7 5, 6 DDG <\/h2>\t\t\t\t<\/div>\n\t\t\t\t<\/div>\n\t\t\t\t\t<\/div>\n\t\t\t\t<\/div>\n\t\t<div class=\"elementor-element elementor-element-ce2f54b e-flex e-con-boxed e-con e-parent\" data-id=\"ce2f54b\" data-element_type=\"container\" data-e-type=\"container\">\n\t\t\t\t\t<div class=\"e-con-inner\">\n\t\t\t\t<div class=\"elementor-element elementor-element-ecb62f5 elementor-widget elementor-widget-text-editor\" data-id=\"ecb62f5\" data-element_type=\"widget\" data-e-type=\"widget\" data-widget_type=\"text-editor.default\">\n\t\t\t\t<div class=\"elementor-widget-container\">\n\t\t\t\t\t\t\t\t\t<p style=\"margin: 0px 0px 29px; padding: 0px; color: #000000; font-family: Arial, Helvetica, sans-serif; font-size: 18px;\">B&amp;W International GmbH<br>Junkendiek 5<br>49479 Ibbenb\u00fcren<br>Alemania<br>E-mail: info@b-w-international.com<br>Tel.: 05451-8946-0<br>Fax: 05451-8946-444<\/p><p style=\"margin: 0px 0px 29px; padding: 0px; color: #000000; font-family: Arial, Helvetica, sans-serif; font-size: 18px;\"><span style=\"font-weight: bolder;\">Registro mercantil<br><\/span>Tribunal de registro: Tribunal local de Steinfurt<br>N\u00famero de registro: HRB 5622<\/p><p style=\"margin: 0px 0px 29px; padding: 0px; color: #000000; font-family: Arial, Helvetica, sans-serif; font-size: 18px;\"><span style=\"font-weight: bolder;\">Director General<\/span><br>Dirk Uhlenbrock, Pascal Rowohl<\/p><p style=\"margin: 0px 0px 29px; padding: 0px; color: #000000; font-family: Arial, Helvetica, sans-serif; font-size: 18px;\"><span style=\"font-weight: bolder;\">N\u00famero de identificaci\u00f3n fiscal seg\u00fan el \u00a7 27 a de la ley del impuesto sobre las ventas<\/span><br>DE 812290682<\/p><p style=\"margin: 0px 0px 29px; padding: 0px; color: #000000; font-family: Arial, Helvetica, sans-serif; font-size: 18px;\"><span style=\"font-weight: bolder;\">Responsable del contenido<\/span><br>Dirk Uhlenbrock<br>(direcci\u00f3n como arriba)<\/p><p style=\"margin: 0px 0px 29px; padding: 0px; color: #000000; font-family: Arial, Helvetica, sans-serif; font-size: 18px;\"><span style=\"font-weight: bolder;\">WEEE-Reg.-No.<br><\/span>DE 32381490<\/p><p style=\"margin: 0px 0px 29px; padding: 0px; color: #000000; font-family: Arial, Helvetica, sans-serif; font-size: 18px;\"><span style=\"font-weight: bolder;\">Derechos de autor y cr\u00e9ditos fotogr\u00e1ficos<\/span><br>A menos que se indique lo contrario, el contenido de <a style=\"color: #009fdf;\" href=\"https:\/\/www.b-w-international.com\/es\/\" target=\"_blank\" rel=\"noopener\">www.b-w-international.com<\/a> est\u00e1 protegido por derechos de autor.<br>Todas las fotograf\u00edas utilizadas est\u00e1n etiquetadas con cr\u00e9ditos fotogr\u00e1ficos o se enumeran a continuaci\u00f3n, a menos que hayan sido tomadas por el autor.<br>El uso de fotograf\u00edas en sitios web de terceros s\u00f3lo es posible dentro del \u00e1mbito de la licencia respectiva del autor.<\/p><p style=\"margin: 0px 0px 29px; padding: 0px; color: #000000; font-family: Arial, Helvetica, sans-serif; font-size: 18px;\">Creado por:<\/p><p style=\"margin: 0px; padding: 0px; color: #000000; font-family: Arial, Helvetica, sans-serif; font-size: 18px;\">\u00a9 Website-Check GmbH<a style=\"color: #009fdf;\" href=\"https:\/\/website-check.de\/\"> &#8211; www.website-check.de<\/a><\/p>\t\t\t\t\t\t\t\t<\/div>\n\t\t\t\t<\/div>\n\t\t\t\t\t<\/div>\n\t\t\t\t<\/div>\n\t\t\t\t<\/div>\n\t\t","protected":false},"excerpt":{"rendered":"<p>Informaci\u00f3n seg\u00fan \u00a7\u00a7 5, 6 DDG B&amp;W International GmbHJunkendiek 549479 Ibbenb\u00fcrenAlemaniaE-mail: info@b-w-international.comTel.: 05451-8946-0Fax: 05451-8946-444 Registro mercantilTribunal de registro: Tribunal local de SteinfurtN\u00famero de registro: HRB 5622 Director GeneralDirk Uhlenbrock, Pascal Rowohl N\u00famero de identificaci\u00f3n fiscal seg\u00fan el \u00a7 27 a de la ley del impuesto sobre las ventasDE 812290682 Responsable del contenidoDirk Uhlenbrock(direcci\u00f3n como arriba) [&hellip;]<\/p>\n","protected":false},"author":1,"featured_media":0,"parent":17803,"menu_order":27,"comment_status":"closed","ping_status":"closed","template":"","meta":{"_acf_changed":false,"footnotes":""},"class_list":["post-16683","page","type-page","status-publish","hentry"],"acf":[],"yoast_head":"<title>Pie de imprenta - B&amp;W International<\/title>\n<meta name=\"robots\" content=\"index, follow, max-snippet:-1, max-image-preview:large, max-video-preview:-1\" \/>\n<link rel=\"canonical\" href=\"https:\/\/www.b-w-international.com\/es\/pagina-de-inicio\/pie-de-imprenta\/\" \/>\n<meta property=\"og:locale\" content=\"es_ES\" \/>\n<meta property=\"og:type\" content=\"article\" \/>\n<meta property=\"og:title\" content=\"Pie de imprenta - B&amp;W International\" \/>\n<meta property=\"og:description\" content=\"Informaci\u00f3n seg\u00fan \u00a7\u00a7 5, 6 DDG B&amp;W International GmbHJunkendiek 549479 Ibbenb\u00fcrenAlemaniaE-mail: info@b-w-international.comTel.: 05451-8946-0Fax: 05451-8946-444 Registro mercantilTribunal de registro: Tribunal local de SteinfurtN\u00famero de registro: HRB 5622 Director GeneralDirk Uhlenbrock, Pascal Rowohl N\u00famero de identificaci\u00f3n fiscal seg\u00fan el \u00a7 27 a de la ley del impuesto sobre las ventasDE 812290682 Responsable del contenidoDirk Uhlenbrock(direcci\u00f3n como arriba) [&hellip;]\" \/>\n<meta property=\"og:url\" content=\"https:\/\/www.b-w-international.com\/es\/pagina-de-inicio\/pie-de-imprenta\/\" \/>\n<meta property=\"og:site_name\" content=\"B&amp;W International\" \/>\n<meta property=\"article:modified_time\" content=\"2026-03-04T09:29:11+00:00\" \/>\n<meta name=\"twitter:card\" content=\"summary_large_image\" \/>\n<meta name=\"twitter:label1\" content=\"Tiempo de lectura\" \/>\n\t<meta name=\"twitter:data1\" content=\"1 minuto\" \/>\n<script type=\"application\/ld+json\" class=\"yoast-schema-graph\">{\"@context\":\"https:\/\/schema.org\",\"@graph\":[{\"@type\":\"WebPage\",\"@id\":\"https:\/\/www.b-w-international.com\/es\/pagina-de-inicio\/pie-de-imprenta\/\",\"url\":\"https:\/\/www.b-w-international.com\/es\/pagina-de-inicio\/pie-de-imprenta\/\",\"name\":\"Pie de imprenta - B&amp;W International\",\"isPartOf\":{\"@id\":\"https:\/\/www.b-w-international.com\/es\/#website\"},\"datePublished\":\"2024-12-04T09:43:24+00:00\",\"dateModified\":\"2026-03-04T09:29:11+00:00\",\"breadcrumb\":{\"@id\":\"https:\/\/www.b-w-international.com\/es\/pagina-de-inicio\/pie-de-imprenta\/#breadcrumb\"},\"inLanguage\":\"es\",\"potentialAction\":[{\"@type\":\"ReadAction\",\"target\":[\"https:\/\/www.b-w-international.com\/es\/pagina-de-inicio\/pie-de-imprenta\/\"]}]},{\"@type\":\"BreadcrumbList\",\"@id\":\"https:\/\/www.b-w-international.com\/es\/pagina-de-inicio\/pie-de-imprenta\/#breadcrumb\",\"itemListElement\":[{\"@type\":\"ListItem\",\"position\":1,\"name\":\"Home\",\"item\":\"https:\/\/www.b-w-international.com\/es\/\"},{\"@type\":\"ListItem\",\"position\":2,\"name\":\"P\u00e1gina de inicio\",\"item\":\"https:\/\/www.b-w-international.com\/es\/\"},{\"@type\":\"ListItem\",\"position\":3,\"name\":\"Pie de imprenta\"}]},{\"@type\":\"WebSite\",\"@id\":\"https:\/\/www.b-w-international.com\/es\/#website\",\"url\":\"https:\/\/www.b-w-international.com\/es\/\",\"name\":\"B&W International\",\"description\":\"\",\"publisher\":{\"@id\":\"https:\/\/www.b-w-international.com\/es\/#organization\"},\"potentialAction\":[{\"@type\":\"SearchAction\",\"target\":{\"@type\":\"EntryPoint\",\"urlTemplate\":\"https:\/\/www.b-w-international.com\/es\/?s={search_term_string}\"},\"query-input\":{\"@type\":\"PropertyValueSpecification\",\"valueRequired\":true,\"valueName\":\"search_term_string\"}}],\"inLanguage\":\"es\"},{\"@type\":\"Organization\",\"@id\":\"https:\/\/www.b-w-international.com\/es\/#organization\",\"name\":\"B&W International\",\"url\":\"https:\/\/www.b-w-international.com\/es\/\",\"logo\":{\"@type\":\"ImageObject\",\"inLanguage\":\"es\",\"@id\":\"https:\/\/www.b-w-international.com\/es\/#\/schema\/logo\/image\/\",\"url\":\"https:\/\/www.b-w-international.com\/wp-content\/uploads\/2024\/12\/16dbfc312f1eb060e7d95735c00f9ec6.png\",\"contentUrl\":\"https:\/\/www.b-w-international.com\/wp-content\/uploads\/2024\/12\/16dbfc312f1eb060e7d95735c00f9ec6.png\",\"width\":219,\"height\":82,\"caption\":\"B&W International\"},\"image\":{\"@id\":\"https:\/\/www.b-w-international.com\/es\/#\/schema\/logo\/image\/\"}}]}<\/script>","yoast_head_json":{"title":"Pie de imprenta - B&amp;W International","robots":{"index":"index","follow":"follow","max-snippet":"max-snippet:-1","max-image-preview":"max-image-preview:large","max-video-preview":"max-video-preview:-1"},"canonical":"https:\/\/www.b-w-international.com\/es\/pagina-de-inicio\/pie-de-imprenta\/","og_locale":"es_ES","og_type":"article","og_title":"Pie de imprenta - B&amp;W International","og_description":"Informaci\u00f3n seg\u00fan \u00a7\u00a7 5, 6 DDG B&amp;W International GmbHJunkendiek 549479 Ibbenb\u00fcrenAlemaniaE-mail: info@b-w-international.comTel.: 05451-8946-0Fax: 05451-8946-444 Registro mercantilTribunal de registro: Tribunal local de SteinfurtN\u00famero de registro: HRB 5622 Director GeneralDirk Uhlenbrock, Pascal Rowohl N\u00famero de identificaci\u00f3n fiscal seg\u00fan el \u00a7 27 a de la ley del impuesto sobre las ventasDE 812290682 Responsable del contenidoDirk Uhlenbrock(direcci\u00f3n como arriba) [&hellip;]","og_url":"https:\/\/www.b-w-international.com\/es\/pagina-de-inicio\/pie-de-imprenta\/","og_site_name":"B&amp;W International","article_modified_time":"2026-03-04T09:29:11+00:00","twitter_card":"summary_large_image","twitter_misc":{"Tiempo de lectura":"1 minuto"},"schema":{"@context":"https:\/\/schema.org","@graph":[{"@type":"WebPage","@id":"https:\/\/www.b-w-international.com\/es\/pagina-de-inicio\/pie-de-imprenta\/","url":"https:\/\/www.b-w-international.com\/es\/pagina-de-inicio\/pie-de-imprenta\/","name":"Pie de imprenta - B&amp;W International","isPartOf":{"@id":"https:\/\/www.b-w-international.com\/es\/#website"},"datePublished":"2024-12-04T09:43:24+00:00","dateModified":"2026-03-04T09:29:11+00:00","breadcrumb":{"@id":"https:\/\/www.b-w-international.com\/es\/pagina-de-inicio\/pie-de-imprenta\/#breadcrumb"},"inLanguage":"es","potentialAction":[{"@type":"ReadAction","target":["https:\/\/www.b-w-international.com\/es\/pagina-de-inicio\/pie-de-imprenta\/"]}]},{"@type":"BreadcrumbList","@id":"https:\/\/www.b-w-international.com\/es\/pagina-de-inicio\/pie-de-imprenta\/#breadcrumb","itemListElement":[{"@type":"ListItem","position":1,"name":"Home","item":"https:\/\/www.b-w-international.com\/es\/"},{"@type":"ListItem","position":2,"name":"P\u00e1gina de inicio","item":"https:\/\/www.b-w-international.com\/es\/"},{"@type":"ListItem","position":3,"name":"Pie de imprenta"}]},{"@type":"WebSite","@id":"https:\/\/www.b-w-international.com\/es\/#website","url":"https:\/\/www.b-w-international.com\/es\/","name":"B&W International","description":"","publisher":{"@id":"https:\/\/www.b-w-international.com\/es\/#organization"},"potentialAction":[{"@type":"SearchAction","target":{"@type":"EntryPoint","urlTemplate":"https:\/\/www.b-w-international.com\/es\/?s={search_term_string}"},"query-input":{"@type":"PropertyValueSpecification","valueRequired":true,"valueName":"search_term_string"}}],"inLanguage":"es"},{"@type":"Organization","@id":"https:\/\/www.b-w-international.com\/es\/#organization","name":"B&W International","url":"https:\/\/www.b-w-international.com\/es\/","logo":{"@type":"ImageObject","inLanguage":"es","@id":"https:\/\/www.b-w-international.com\/es\/#\/schema\/logo\/image\/","url":"https:\/\/www.b-w-international.com\/wp-content\/uploads\/2024\/12\/16dbfc312f1eb060e7d95735c00f9ec6.png","contentUrl":"https:\/\/www.b-w-international.com\/wp-content\/uploads\/2024\/12\/16dbfc312f1eb060e7d95735c00f9ec6.png","width":219,"height":82,"caption":"B&W International"},"image":{"@id":"https:\/\/www.b-w-international.com\/es\/#\/schema\/logo\/image\/"}}]}},"_links":{"self":[{"href":"https:\/\/www.b-w-international.com\/es\/wp-json\/wp\/v2\/pages\/16683","targetHints":{"allow":["GET"]}}],"collection":[{"href":"https:\/\/www.b-w-international.com\/es\/wp-json\/wp\/v2\/pages"}],"about":[{"href":"https:\/\/www.b-w-international.com\/es\/wp-json\/wp\/v2\/types\/page"}],"author":[{"embeddable":true,"href":"https:\/\/www.b-w-international.com\/es\/wp-json\/wp\/v2\/users\/1"}],"replies":[{"embeddable":true,"href":"https:\/\/www.b-w-international.com\/es\/wp-json\/wp\/v2\/comments?post=16683"}],"version-history":[{"count":4,"href":"https:\/\/www.b-w-international.com\/es\/wp-json\/wp\/v2\/pages\/16683\/revisions"}],"predecessor-version":[{"id":25743,"href":"https:\/\/www.b-w-international.com\/es\/wp-json\/wp\/v2\/pages\/16683\/revisions\/25743"}],"up":[{"embeddable":true,"href":"https:\/\/www.b-w-international.com\/es\/wp-json\/wp\/v2\/pages\/17803"}],"wp:attachment":[{"href":"https:\/\/www.b-w-international.com\/es\/wp-json\/wp\/v2\/media?parent=16683"}],"curies":[{"name":"wp","href":"https:\/\/api.w.org\/{rel}","templated":true}]}}