{"id":17321,"date":"2025-04-29T15:43:20","date_gmt":"2025-04-29T13:43:20","guid":{"rendered":"https:\/\/www.b-w-international.com\/foto-y-video\/"},"modified":"2026-03-12T14:43:51","modified_gmt":"2026-03-12T13:43:51","slug":"foto-y-video","status":"publish","type":"page","link":"https:\/\/www.b-w-international.com\/es\/foto-y-video\/","title":{"rendered":"Foto y v\u00eddeo"},"content":{"rendered":"\t\t<div data-elementor-type=\"wp-page\" data-elementor-id=\"17321\" class=\"elementor elementor-17321 elementor-10129\" data-elementor-post-type=\"page\">\n\t\t\t\t<div class=\"elementor-element elementor-element-4e4e904 e-con-full e-flex e-con e-parent\" data-id=\"4e4e904\" data-element_type=\"container\" data-e-type=\"container\">\n\t\t\t\t<div class=\"elementor-element elementor-element-956e419 elementor-widget__width-inherit elementor-widget elementor-widget-ucaddon_title_hero_custom\" data-id=\"956e419\" data-element_type=\"widget\" data-e-type=\"widget\" data-widget_type=\"ucaddon_title_hero_custom.default\">\n\t\t\t\t<div class=\"elementor-widget-container\">\n\t\t\t\t\t\n<!-- start Title Hero Custom -->\n<style>\/* widget: Title Hero Custom *\/\n\n#uc_title_hero_custom_elementor_956e419 *{\n\tbox-sizing: border-box;\n}\n#uc_title_hero_custom_elementor_956e419{\n\tposition:relative;\n\toverflow:hidden;\n    display:flex;\n    justify-content:flex-end;\n  \talign-items:center;\n    flex-direction: column;\n    background-blend-mode: normal;\n}\n\n#uc_title_hero_custom_elementor_956e419 .ue_title_hero_container{\n\n    text-align:center;\n    position:relative;\n    z-index:1;\n}\n#uc_title_hero_custom_elementor_956e419 .ue_title{\n\n\tdisplay:inline-block;\n}\n\n#uc_title_hero_custom_elementor_956e419 a{\n    display: inline-block;\n\ttext-decoration:none;\n}\n\n#uc_title_hero_custom_elementor_956e419 .ue_title_hero_overlay\n{\n  position:absolute;\n  top:0;\n  bottom:0;\n  left:0;\n  right:0;\n}\n\n.ue_title\n{\n  font-size:52px;\n}\n\n<\/style>\n\n<div class=\"ue_title_hero\" id=\"uc_title_hero_custom_elementor_956e419\">\n    <div class=\"ue_title_hero_overlay\"><\/div>\n    <div class=\"ue_title_hero_container\">\n      \t    \t<h1 class=\"ue_title\">Foto y v\u00eddeo<\/h1>\n        <div><\/div>\n              \n        \t\n      \n            <\/div>\n<\/div>\n<!-- end Title Hero Custom -->\t\t\t\t<\/div>\n\t\t\t\t<\/div>\n\t\t\t\t<\/div>\n\t\t<div class=\"elementor-element elementor-element-6178c30e e-flex e-con-boxed e-con e-parent\" data-id=\"6178c30e\" data-element_type=\"container\" data-e-type=\"container\">\n\t\t\t\t\t<div class=\"e-con-inner\">\n\t\t<div class=\"elementor-element elementor-element-5238bf49 e-con-full e-flex e-con e-child\" data-id=\"5238bf49\" data-element_type=\"container\" data-e-type=\"container\" data-settings=\"{&quot;background_background&quot;:&quot;classic&quot;}\">\n\t\t<div class=\"elementor-element elementor-element-1a257b7e e-con-full e-flex e-con e-child\" data-id=\"1a257b7e\" data-element_type=\"container\" data-e-type=\"container\" data-settings=\"{&quot;background_background&quot;:&quot;classic&quot;}\">\n\t\t\t\t<\/div>\n\t\t<div class=\"elementor-element elementor-element-336dc2f e-con-full e-flex e-con e-child\" data-id=\"336dc2f\" data-element_type=\"container\" data-e-type=\"container\" data-settings=\"{&quot;background_background&quot;:&quot;classic&quot;}\">\n\t\t\t\t<div class=\"elementor-element elementor-element-7eabbaa elementor-widget elementor-widget-heading\" data-id=\"7eabbaa\" data-element_type=\"widget\" data-e-type=\"widget\" data-widget_type=\"heading.default\">\n\t\t\t\t<div class=\"elementor-widget-container\">\n\t\t\t\t\t<h2 class=\"elementor-heading-title elementor-size-default\">Malet\u00edn multiusos<\/h2>\t\t\t\t<\/div>\n\t\t\t\t<\/div>\n\t\t\t\t<div class=\"elementor-element elementor-element-724a2d31 elementor-widget elementor-widget-text-editor\" data-id=\"724a2d31\" data-element_type=\"widget\" data-e-type=\"widget\" data-widget_type=\"text-editor.default\">\n\t\t\t\t<div class=\"elementor-widget-container\">\n\t\t\t\t\t\t\t\t\t<p>Impermeables, a prueba de golpes y resistentes a la temperatura: las maletas multiusos aseguran los equipos de forma fiable, incluso en condiciones extremas.<\/p>\t\t\t\t\t\t\t\t<\/div>\n\t\t\t\t<\/div>\n\t\t\t\t<div class=\"elementor-element elementor-element-1f7981ab elementor-align-left elementor-widget elementor-widget-button\" data-id=\"1f7981ab\" data-element_type=\"widget\" data-e-type=\"widget\" data-widget_type=\"button.default\">\n\t\t\t\t<div class=\"elementor-widget-container\">\n\t\t\t\t\t\t\t\t\t<div class=\"elementor-button-wrapper\">\n\t\t\t\t\t<a class=\"elementor-button elementor-button-link elementor-size-sm\" href=\"https:\/\/www.b-w-international.com\/es\/surtido\/maletas-multiusos\/\">\n\t\t\t\t\t\t<span class=\"elementor-button-content-wrapper\">\n\t\t\t\t\t\t\t\t\t<span class=\"elementor-button-text\">Descubre nuestra gama<\/span>\n\t\t\t\t\t<\/span>\n\t\t\t\t\t<\/a>\n\t\t\t\t<\/div>\n\t\t\t\t\t\t\t\t<\/div>\n\t\t\t\t<\/div>\n\t\t\t\t<\/div>\n\t\t\t\t<\/div>\n\t\t<div class=\"elementor-element elementor-element-782a762f e-con-full e-transform e-flex e-con e-child\" data-id=\"782a762f\" data-element_type=\"container\" data-e-type=\"container\" data-settings=\"{&quot;background_background&quot;:&quot;classic&quot;,&quot;_transform_translateY_effect&quot;:{&quot;unit&quot;:&quot;px&quot;,&quot;size&quot;:75,&quot;sizes&quot;:[]},&quot;_transform_translateY_effect_tablet&quot;:{&quot;unit&quot;:&quot;px&quot;,&quot;size&quot;:0,&quot;sizes&quot;:[]},&quot;_transform_translateX_effect&quot;:{&quot;unit&quot;:&quot;px&quot;,&quot;size&quot;:&quot;&quot;,&quot;sizes&quot;:[]},&quot;_transform_translateX_effect_tablet&quot;:{&quot;unit&quot;:&quot;px&quot;,&quot;size&quot;:&quot;&quot;,&quot;sizes&quot;:[]},&quot;_transform_translateX_effect_mobile&quot;:{&quot;unit&quot;:&quot;px&quot;,&quot;size&quot;:&quot;&quot;,&quot;sizes&quot;:[]},&quot;_transform_translateY_effect_mobile&quot;:{&quot;unit&quot;:&quot;px&quot;,&quot;size&quot;:&quot;&quot;,&quot;sizes&quot;:[]}}\">\n\t\t<div class=\"elementor-element elementor-element-1ef45b4b e-con-full e-flex e-con e-child\" data-id=\"1ef45b4b\" data-element_type=\"container\" data-e-type=\"container\" data-settings=\"{&quot;background_background&quot;:&quot;classic&quot;}\">\n\t\t\t\t<\/div>\n\t\t<div class=\"elementor-element elementor-element-5c91368a e-con-full e-flex e-con e-child\" data-id=\"5c91368a\" data-element_type=\"container\" data-e-type=\"container\" data-settings=\"{&quot;background_background&quot;:&quot;classic&quot;}\">\n\t\t\t\t<div class=\"elementor-element elementor-element-b73053c elementor-widget elementor-widget-heading\" data-id=\"b73053c\" data-element_type=\"widget\" data-e-type=\"widget\" data-widget_type=\"heading.default\">\n\t\t\t\t<div class=\"elementor-widget-container\">\n\t\t\t\t\t<h2 class=\"elementor-heading-title elementor-size-default\">Malet\u00edn para drones<\/h2>\t\t\t\t<\/div>\n\t\t\t\t<\/div>\n\t\t\t\t<div class=\"elementor-element elementor-element-45a1450e elementor-widget elementor-widget-text-editor\" data-id=\"45a1450e\" data-element_type=\"widget\" data-e-type=\"widget\" data-widget_type=\"text-editor.default\">\n\t\t\t\t<div class=\"elementor-widget-container\">\n\t\t\t\t\t\t\t\t\t<p>Los drones, las unidades de control y los sensores permanecen protegidos de forma \u00f3ptima, gracias a las soluciones de carcasas resistentes a los impactos y a la intemperie para cada misi\u00f3n.<\/p>\t\t\t\t\t\t\t\t<\/div>\n\t\t\t\t<\/div>\n\t\t\t\t<div class=\"elementor-element elementor-element-dc0c2ad elementor-align-left elementor-widget elementor-widget-button\" data-id=\"dc0c2ad\" data-element_type=\"widget\" data-e-type=\"widget\" data-widget_type=\"button.default\">\n\t\t\t\t<div class=\"elementor-widget-container\">\n\t\t\t\t\t\t\t\t\t<div class=\"elementor-button-wrapper\">\n\t\t\t\t\t<a class=\"elementor-button elementor-button-link elementor-size-sm\" href=\"https:\/\/www.b-w-international.com\/es\/surtido\/maletas-para-drones\/\">\n\t\t\t\t\t\t<span class=\"elementor-button-content-wrapper\">\n\t\t\t\t\t\t\t\t\t<span class=\"elementor-button-text\">Descubre nuestra gama<\/span>\n\t\t\t\t\t<\/span>\n\t\t\t\t\t<\/a>\n\t\t\t\t<\/div>\n\t\t\t\t\t\t\t\t<\/div>\n\t\t\t\t<\/div>\n\t\t\t\t<\/div>\n\t\t\t\t<\/div>\n\t\t\t\t\t<\/div>\n\t\t\t\t<\/div>\n\t\t\t\t<\/div>\n\t\t","protected":false},"excerpt":{"rendered":"<p>Foto y v\u00eddeo Malet\u00edn multiusos Impermeables, a prueba de golpes y resistentes a la temperatura: las maletas multiusos aseguran los equipos de forma fiable, incluso en condiciones extremas. Descubre nuestra gama Malet\u00edn para drones Los drones, las unidades de control y los sensores permanecen protegidos de forma \u00f3ptima, gracias a las soluciones de carcasas resistentes [&hellip;]<\/p>\n","protected":false},"author":3,"featured_media":0,"parent":0,"menu_order":70,"comment_status":"closed","ping_status":"closed","template":"","meta":{"_acf_changed":false,"footnotes":""},"class_list":["post-17321","page","type-page","status-publish","hentry"],"acf":[],"yoast_head":"<title>Maletas de transporte para c\u00e1maras, drones y equipos de forma f\u00e1cil y segura<\/title>\n<meta name=\"description\" content=\"Las maletas de B&amp;W International te ayudan a transportar tu equipo fotogr\u00e1fico y de v\u00eddeo \u2713f\u00e1cilmente \u2713seguro y \u2713a todas partes \u2794 \u00a1M\u00e1s informaci\u00f3n!\" \/>\n<meta name=\"robots\" content=\"index, follow, max-snippet:-1, max-image-preview:large, max-video-preview:-1\" \/>\n<link rel=\"canonical\" href=\"https:\/\/www.b-w-international.com\/es\/foto-y-video\/\" \/>\n<meta property=\"og:locale\" content=\"es_ES\" \/>\n<meta property=\"og:type\" content=\"article\" \/>\n<meta property=\"og:title\" content=\"Maletas de transporte para c\u00e1maras, drones y equipos de forma f\u00e1cil y segura\" \/>\n<meta property=\"og:description\" content=\"Las maletas de B&amp;W International te ayudan a transportar tu equipo fotogr\u00e1fico y de v\u00eddeo \u2713f\u00e1cilmente \u2713seguro y \u2713a todas partes \u2794 \u00a1M\u00e1s informaci\u00f3n!\" \/>\n<meta property=\"og:url\" content=\"https:\/\/www.b-w-international.com\/es\/foto-y-video\/\" \/>\n<meta property=\"og:site_name\" content=\"B&amp;W International\" \/>\n<meta property=\"article:modified_time\" content=\"2026-03-12T13:43:51+00:00\" \/>\n<meta name=\"twitter:card\" content=\"summary_large_image\" \/>\n<script type=\"application\/ld+json\" class=\"yoast-schema-graph\">{\"@context\":\"https:\\\/\\\/schema.org\",\"@graph\":[{\"@type\":\"WebPage\",\"@id\":\"https:\\\/\\\/www.b-w-international.com\\\/es\\\/foto-y-video\\\/\",\"url\":\"https:\\\/\\\/www.b-w-international.com\\\/es\\\/foto-y-video\\\/\",\"name\":\"Maletas de transporte para c\u00e1maras, drones y equipos de forma f\u00e1cil y segura\",\"isPartOf\":{\"@id\":\"https:\\\/\\\/www.b-w-international.com\\\/es\\\/#website\"},\"datePublished\":\"2025-04-29T13:43:20+00:00\",\"dateModified\":\"2026-03-12T13:43:51+00:00\",\"description\":\"Las maletas de B&W International te ayudan a transportar tu equipo fotogr\u00e1fico y de v\u00eddeo \u2713f\u00e1cilmente \u2713seguro y \u2713a todas partes \u2794 \u00a1M\u00e1s informaci\u00f3n!\",\"breadcrumb\":{\"@id\":\"https:\\\/\\\/www.b-w-international.com\\\/es\\\/foto-y-video\\\/#breadcrumb\"},\"inLanguage\":\"es\",\"potentialAction\":[{\"@type\":\"ReadAction\",\"target\":[\"https:\\\/\\\/www.b-w-international.com\\\/es\\\/foto-y-video\\\/\"]}]},{\"@type\":\"BreadcrumbList\",\"@id\":\"https:\\\/\\\/www.b-w-international.com\\\/es\\\/foto-y-video\\\/#breadcrumb\",\"itemListElement\":[{\"@type\":\"ListItem\",\"position\":1,\"name\":\"Home\",\"item\":\"https:\\\/\\\/www.b-w-international.com\\\/es\\\/\"},{\"@type\":\"ListItem\",\"position\":2,\"name\":\"Foto y v\u00eddeo\"}]},{\"@type\":\"WebSite\",\"@id\":\"https:\\\/\\\/www.b-w-international.com\\\/es\\\/#website\",\"url\":\"https:\\\/\\\/www.b-w-international.com\\\/es\\\/\",\"name\":\"B&W International\",\"description\":\"\",\"publisher\":{\"@id\":\"https:\\\/\\\/www.b-w-international.com\\\/es\\\/#organization\"},\"potentialAction\":[{\"@type\":\"SearchAction\",\"target\":{\"@type\":\"EntryPoint\",\"urlTemplate\":\"https:\\\/\\\/www.b-w-international.com\\\/es\\\/?s={search_term_string}\"},\"query-input\":{\"@type\":\"PropertyValueSpecification\",\"valueRequired\":true,\"valueName\":\"search_term_string\"}}],\"inLanguage\":\"es\"},{\"@type\":\"Organization\",\"@id\":\"https:\\\/\\\/www.b-w-international.com\\\/es\\\/#organization\",\"name\":\"B&W International\",\"url\":\"https:\\\/\\\/www.b-w-international.com\\\/es\\\/\",\"logo\":{\"@type\":\"ImageObject\",\"inLanguage\":\"es\",\"@id\":\"https:\\\/\\\/www.b-w-international.com\\\/es\\\/#\\\/schema\\\/logo\\\/image\\\/\",\"url\":\"https:\\\/\\\/www.b-w-international.com\\\/wp-content\\\/uploads\\\/2024\\\/12\\\/16dbfc312f1eb060e7d95735c00f9ec6.png\",\"contentUrl\":\"https:\\\/\\\/www.b-w-international.com\\\/wp-content\\\/uploads\\\/2024\\\/12\\\/16dbfc312f1eb060e7d95735c00f9ec6.png\",\"width\":219,\"height\":82,\"caption\":\"B&W International\"},\"image\":{\"@id\":\"https:\\\/\\\/www.b-w-international.com\\\/es\\\/#\\\/schema\\\/logo\\\/image\\\/\"}}]}<\/script>","yoast_head_json":{"title":"Maletas de transporte para c\u00e1maras, drones y equipos de forma f\u00e1cil y segura","description":"Las maletas de B&W International te ayudan a transportar tu equipo fotogr\u00e1fico y de v\u00eddeo \u2713f\u00e1cilmente \u2713seguro y \u2713a todas partes \u2794 \u00a1M\u00e1s informaci\u00f3n!","robots":{"index":"index","follow":"follow","max-snippet":"max-snippet:-1","max-image-preview":"max-image-preview:large","max-video-preview":"max-video-preview:-1"},"canonical":"https:\/\/www.b-w-international.com\/es\/foto-y-video\/","og_locale":"es_ES","og_type":"article","og_title":"Maletas de transporte para c\u00e1maras, drones y equipos de forma f\u00e1cil y segura","og_description":"Las maletas de B&W International te ayudan a transportar tu equipo fotogr\u00e1fico y de v\u00eddeo \u2713f\u00e1cilmente \u2713seguro y \u2713a todas partes \u2794 \u00a1M\u00e1s informaci\u00f3n!","og_url":"https:\/\/www.b-w-international.com\/es\/foto-y-video\/","og_site_name":"B&amp;W International","article_modified_time":"2026-03-12T13:43:51+00:00","twitter_card":"summary_large_image","schema":{"@context":"https:\/\/schema.org","@graph":[{"@type":"WebPage","@id":"https:\/\/www.b-w-international.com\/es\/foto-y-video\/","url":"https:\/\/www.b-w-international.com\/es\/foto-y-video\/","name":"Maletas de transporte para c\u00e1maras, drones y equipos de forma f\u00e1cil y segura","isPartOf":{"@id":"https:\/\/www.b-w-international.com\/es\/#website"},"datePublished":"2025-04-29T13:43:20+00:00","dateModified":"2026-03-12T13:43:51+00:00","description":"Las maletas de B&W International te ayudan a transportar tu equipo fotogr\u00e1fico y de v\u00eddeo \u2713f\u00e1cilmente \u2713seguro y \u2713a todas partes \u2794 \u00a1M\u00e1s informaci\u00f3n!","breadcrumb":{"@id":"https:\/\/www.b-w-international.com\/es\/foto-y-video\/#breadcrumb"},"inLanguage":"es","potentialAction":[{"@type":"ReadAction","target":["https:\/\/www.b-w-international.com\/es\/foto-y-video\/"]}]},{"@type":"BreadcrumbList","@id":"https:\/\/www.b-w-international.com\/es\/foto-y-video\/#breadcrumb","itemListElement":[{"@type":"ListItem","position":1,"name":"Home","item":"https:\/\/www.b-w-international.com\/es\/"},{"@type":"ListItem","position":2,"name":"Foto y v\u00eddeo"}]},{"@type":"WebSite","@id":"https:\/\/www.b-w-international.com\/es\/#website","url":"https:\/\/www.b-w-international.com\/es\/","name":"B&W International","description":"","publisher":{"@id":"https:\/\/www.b-w-international.com\/es\/#organization"},"potentialAction":[{"@type":"SearchAction","target":{"@type":"EntryPoint","urlTemplate":"https:\/\/www.b-w-international.com\/es\/?s={search_term_string}"},"query-input":{"@type":"PropertyValueSpecification","valueRequired":true,"valueName":"search_term_string"}}],"inLanguage":"es"},{"@type":"Organization","@id":"https:\/\/www.b-w-international.com\/es\/#organization","name":"B&W International","url":"https:\/\/www.b-w-international.com\/es\/","logo":{"@type":"ImageObject","inLanguage":"es","@id":"https:\/\/www.b-w-international.com\/es\/#\/schema\/logo\/image\/","url":"https:\/\/www.b-w-international.com\/wp-content\/uploads\/2024\/12\/16dbfc312f1eb060e7d95735c00f9ec6.png","contentUrl":"https:\/\/www.b-w-international.com\/wp-content\/uploads\/2024\/12\/16dbfc312f1eb060e7d95735c00f9ec6.png","width":219,"height":82,"caption":"B&W International"},"image":{"@id":"https:\/\/www.b-w-international.com\/es\/#\/schema\/logo\/image\/"}}]}},"_links":{"self":[{"href":"https:\/\/www.b-w-international.com\/es\/wp-json\/wp\/v2\/pages\/17321","targetHints":{"allow":["GET"]}}],"collection":[{"href":"https:\/\/www.b-w-international.com\/es\/wp-json\/wp\/v2\/pages"}],"about":[{"href":"https:\/\/www.b-w-international.com\/es\/wp-json\/wp\/v2\/types\/page"}],"author":[{"embeddable":true,"href":"https:\/\/www.b-w-international.com\/es\/wp-json\/wp\/v2\/users\/3"}],"replies":[{"embeddable":true,"href":"https:\/\/www.b-w-international.com\/es\/wp-json\/wp\/v2\/comments?post=17321"}],"version-history":[{"count":3,"href":"https:\/\/www.b-w-international.com\/es\/wp-json\/wp\/v2\/pages\/17321\/revisions"}],"predecessor-version":[{"id":25976,"href":"https:\/\/www.b-w-international.com\/es\/wp-json\/wp\/v2\/pages\/17321\/revisions\/25976"}],"wp:attachment":[{"href":"https:\/\/www.b-w-international.com\/es\/wp-json\/wp\/v2\/media?parent=17321"}],"curies":[{"name":"wp","href":"https:\/\/api.w.org\/{rel}","templated":true}]}}