{"id":26358,"date":"2026-03-02T15:11:31","date_gmt":"2026-03-02T14:11:31","guid":{"rendered":"https:\/\/www.b-w-international.com\/minorista-online\/"},"modified":"2026-04-08T11:29:12","modified_gmt":"2026-04-08T09:29:12","slug":"minorista-online","status":"publish","type":"page","link":"https:\/\/www.b-w-international.com\/es\/minorista-online\/","title":{"rendered":"Minorista online"},"content":{"rendered":"\t\t<div data-elementor-type=\"wp-page\" data-elementor-id=\"26358\" class=\"elementor elementor-26358 elementor-25602\" data-elementor-post-type=\"page\">\n\t\t\t\t<div class=\"elementor-element elementor-element-337b689 e-con-full e-flex e-con e-child\" data-id=\"337b689\" data-element_type=\"container\" data-e-type=\"container\">\n\t\t\t\t<div class=\"elementor-element elementor-element-999c4e9 elementor-widget__width-inherit elementor-widget elementor-widget-heading\" data-id=\"999c4e9\" data-element_type=\"widget\" data-e-type=\"widget\" data-widget_type=\"heading.default\">\n\t\t\t\t<div class=\"elementor-widget-container\">\n\t\t\t\t\t<h1 class=\"elementor-heading-title elementor-size-default\">Minorista online<\/h1>\t\t\t\t<\/div>\n\t\t\t\t<\/div>\n\t\t\t\t<\/div>\n\t\t<div class=\"elementor-element elementor-element-ee71a98 e-flex e-con-boxed e-con e-parent\" data-id=\"ee71a98\" data-element_type=\"container\" data-e-type=\"container\">\n\t\t\t\t\t<div class=\"e-con-inner\">\n\t\t\t\t<div class=\"elementor-element elementor-element-093d7c4 elementor-widget elementor-widget-text-editor\" data-id=\"093d7c4\" data-element_type=\"widget\" data-e-type=\"widget\" data-widget_type=\"text-editor.default\">\n\t\t\t\t<div class=\"elementor-widget-container\">\n\t\t\t\t\t\t\t\t\t<p>T\u00fa sabes lo que necesitas, nosotros te indicamos d\u00f3nde conseguirlo. Descubre nuestros distribuidores autorizados online y pide soluciones de B&amp;W directa y f\u00e1cilmente. Disponibilidad r\u00e1pida, tramitaci\u00f3n profesional y siempre con la reclamaci\u00f3n: protegemos lo valioso.  <\/p>\t\t\t\t\t\t\t\t<\/div>\n\t\t\t\t<\/div>\n\t\t\t\t\t<\/div>\n\t\t\t\t<\/div>\n\t\t<div class=\"elementor-element elementor-element-833a339 e-flex e-con-boxed e-con e-parent\" data-id=\"833a339\" data-element_type=\"container\" data-e-type=\"container\">\n\t\t\t\t\t<div class=\"e-con-inner\">\n\t\t<div class=\"elementor-element elementor-element-4785afb e-grid e-con-full e-con e-child\" data-id=\"4785afb\" data-element_type=\"container\" data-e-type=\"container\">\n\t\t\t\t<div class=\"elementor-element elementor-element-e6f25be elementor-widget__width-inherit elementor-flip-box--effect-flip elementor-flip-box--direction-up elementor-widget elementor-widget-flip-box\" data-id=\"e6f25be\" data-element_type=\"widget\" data-e-type=\"widget\" data-widget_type=\"flip-box.default\">\n\t\t\t\t<div class=\"elementor-widget-container\">\n\t\t\t\t\t\t\t<div class=\"elementor-flip-box\" tabindex=\"0\">\n\t\t\t<div class=\"elementor-flip-box__layer elementor-flip-box__front\">\n\t\t\t\t<div class=\"elementor-flip-box__layer__overlay\">\n\t\t\t\t\t<div class=\"elementor-flip-box__layer__inner\">\n\t\t\t\t\t\t\t\t\t\t\t\t\t<div class=\"elementor-flip-box__image\">\n\t\t\t\t\t\t\t\t<img decoding=\"async\" width=\"800\" height=\"365\" src=\"https:\/\/www.b-w-international.com\/wp-content\/uploads\/2026\/03\/02_BIKE24_Logo_Inverted_RGB-1024x467.png\" class=\"attachment-large size-large wp-image-25730\" alt=\"\" srcset=\"https:\/\/www.b-w-international.com\/wp-content\/uploads\/2026\/03\/02_BIKE24_Logo_Inverted_RGB-1024x467.png 1024w, https:\/\/www.b-w-international.com\/wp-content\/uploads\/2026\/03\/02_BIKE24_Logo_Inverted_RGB-300x137.png 300w, https:\/\/www.b-w-international.com\/wp-content\/uploads\/2026\/03\/02_BIKE24_Logo_Inverted_RGB-768x350.png 768w, https:\/\/www.b-w-international.com\/wp-content\/uploads\/2026\/03\/02_BIKE24_Logo_Inverted_RGB-1536x701.png 1536w, https:\/\/www.b-w-international.com\/wp-content\/uploads\/2026\/03\/02_BIKE24_Logo_Inverted_RGB-1200x548.png 1200w, https:\/\/www.b-w-international.com\/wp-content\/uploads\/2026\/03\/02_BIKE24_Logo_Inverted_RGB.png 1992w\" sizes=\"(max-width: 800px) 100vw, 800px\" \/>\t\t\t\t\t\t\t<\/div>\n\t\t\t\t\t\t\n\t\t\t\t\t\t\n\t\t\t\t\t\t\t\t\t\t\t<\/div>\n\t\t\t\t<\/div>\n\t\t\t<\/div>\n\t\t\t<a class=\"elementor-flip-box__layer elementor-flip-box__back\" href=\"https:\/\/www.bike24.de\/marken\/b-und-w-international\" target=\"_blank\">\n\t\t\t<div class=\"elementor-flip-box__layer__overlay\">\n\t\t\t\t<div class=\"elementor-flip-box__layer__inner\">\n\t\t\t\t\t\t\t\t\t\t\t<h3 class=\"elementor-flip-box__layer__title\">\n\t\t\t\t\t\t\tBici24\t\t\t\t\t\t<\/h3>\n\t\t\t\t\t\n\t\t\t\t\t\t\t\t\t\t\t<div class=\"elementor-flip-box__layer__description\">\n\t\t\t\t\t\t\tTu tienda online de bicicletas y artesan\u00eda\t\t\t\t\t\t<\/div>\n\t\t\t\t\t\n\t\t\t\t\t\t\t\t\t\t\t<span class=\"elementor-flip-box__button elementor-button elementor-size-sm\">\n\t\t\t\t\t\t\tPulsa aqu\u00ed\t\t\t\t\t\t<\/span>\n\t\t\t\t\t\t\t\t<\/div>\n\t\t<\/div>\n\t\t<\/a>\n\t\t<\/div>\n\t\t\t\t\t\t<\/div>\n\t\t\t\t<\/div>\n\t\t\t\t<div class=\"elementor-element elementor-element-4d7f4a5 elementor-flip-box--effect-flip elementor-flip-box--direction-up elementor-widget elementor-widget-flip-box\" data-id=\"4d7f4a5\" data-element_type=\"widget\" data-e-type=\"widget\" data-widget_type=\"flip-box.default\">\n\t\t\t\t<div class=\"elementor-widget-container\">\n\t\t\t\t\t\t\t<div class=\"elementor-flip-box\" tabindex=\"0\">\n\t\t\t<div class=\"elementor-flip-box__layer elementor-flip-box__front\">\n\t\t\t\t<div class=\"elementor-flip-box__layer__overlay\">\n\t\t\t\t\t<div class=\"elementor-flip-box__layer__inner\">\n\t\t\t\t\t\t\t\t\t\t\t\t\t<div class=\"elementor-flip-box__image\">\n\t\t\t\t\t\t\t\t<img decoding=\"async\" width=\"800\" height=\"185\" src=\"https:\/\/www.b-w-international.com\/wp-content\/uploads\/2026\/04\/contorion-logo-light-5000px-rgb-1024x237.png\" class=\"attachment-large size-large wp-image-26341\" alt=\"\" srcset=\"https:\/\/www.b-w-international.com\/wp-content\/uploads\/2026\/04\/contorion-logo-light-5000px-rgb-1024x237.png 1024w, https:\/\/www.b-w-international.com\/wp-content\/uploads\/2026\/04\/contorion-logo-light-5000px-rgb-300x69.png 300w, https:\/\/www.b-w-international.com\/wp-content\/uploads\/2026\/04\/contorion-logo-light-5000px-rgb-768x178.png 768w, https:\/\/www.b-w-international.com\/wp-content\/uploads\/2026\/04\/contorion-logo-light-5000px-rgb-1536x355.png 1536w, https:\/\/www.b-w-international.com\/wp-content\/uploads\/2026\/04\/contorion-logo-light-5000px-rgb-2048x474.png 2048w, https:\/\/www.b-w-international.com\/wp-content\/uploads\/2026\/04\/contorion-logo-light-5000px-rgb-1200x278.png 1200w\" sizes=\"(max-width: 800px) 100vw, 800px\" \/>\t\t\t\t\t\t\t<\/div>\n\t\t\t\t\t\t\n\t\t\t\t\t\t\n\t\t\t\t\t\t\t\t\t\t\t<\/div>\n\t\t\t\t<\/div>\n\t\t\t<\/div>\n\t\t\t<a class=\"elementor-flip-box__layer elementor-flip-box__back\" href=\"https:\/\/www.contorion.de\/marke\/b-w-international\" target=\"_blank\">\n\t\t\t<div class=\"elementor-flip-box__layer__overlay\">\n\t\t\t\t<div class=\"elementor-flip-box__layer__inner\">\n\t\t\t\t\t\t\t\t\t\t\t<h3 class=\"elementor-flip-box__layer__title\">\n\t\t\t\t\t\t\tContorion\t\t\t\t\t\t<\/h3>\n\t\t\t\t\t\n\t\t\t\t\t\t\t\t\t\t\t<div class=\"elementor-flip-box__layer__description\">\n\t\t\t\t\t\t\tTu tienda online de maletines y bolsas para herramientas\t\t\t\t\t\t<\/div>\n\t\t\t\t\t\n\t\t\t\t\t\t\t\t\t\t\t<span class=\"elementor-flip-box__button elementor-button elementor-size-sm\">\n\t\t\t\t\t\t\tPulsa aqu\u00ed\t\t\t\t\t\t<\/span>\n\t\t\t\t\t\t\t\t<\/div>\n\t\t<\/div>\n\t\t<\/a>\n\t\t<\/div>\n\t\t\t\t\t\t<\/div>\n\t\t\t\t<\/div>\n\t\t\t\t<div class=\"elementor-element elementor-element-6179a75 elementor-flip-box--effect-flip elementor-flip-box--direction-up elementor-widget elementor-widget-flip-box\" data-id=\"6179a75\" data-element_type=\"widget\" data-e-type=\"widget\" data-widget_type=\"flip-box.default\">\n\t\t\t\t<div class=\"elementor-widget-container\">\n\t\t\t\t\t\t\t<div class=\"elementor-flip-box\" tabindex=\"0\">\n\t\t\t<div class=\"elementor-flip-box__layer elementor-flip-box__front\">\n\t\t\t\t<div class=\"elementor-flip-box__layer__overlay\">\n\t\t\t\t\t<div class=\"elementor-flip-box__layer__inner\">\n\t\t\t\t\t\t\t\t\t\t\t\t\t<div class=\"elementor-flip-box__image\">\n\t\t\t\t\t\t\t\t<img decoding=\"async\" width=\"800\" height=\"200\" src=\"https:\/\/www.b-w-international.com\/wp-content\/uploads\/2026\/03\/CONRAD_CMYK_R.jpg\" class=\"attachment-large size-large wp-image-25961\" alt=\"\" srcset=\"https:\/\/www.b-w-international.com\/wp-content\/uploads\/2026\/03\/CONRAD_CMYK_R.jpg 1000w, https:\/\/www.b-w-international.com\/wp-content\/uploads\/2026\/03\/CONRAD_CMYK_R-300x75.jpg 300w, https:\/\/www.b-w-international.com\/wp-content\/uploads\/2026\/03\/CONRAD_CMYK_R-768x192.jpg 768w\" sizes=\"(max-width: 800px) 100vw, 800px\" \/>\t\t\t\t\t\t\t<\/div>\n\t\t\t\t\t\t\n\t\t\t\t\t\t\n\t\t\t\t\t\t\t\t\t\t\t<\/div>\n\t\t\t\t<\/div>\n\t\t\t<\/div>\n\t\t\t<a class=\"elementor-flip-box__layer elementor-flip-box__back\" href=\"https:\/\/www.conrad.de\/\" target=\"_blank\">\n\t\t\t<div class=\"elementor-flip-box__layer__overlay\">\n\t\t\t\t<div class=\"elementor-flip-box__layer__inner\">\n\t\t\t\t\t\t\t\t\t\t\t<h3 class=\"elementor-flip-box__layer__title\">\n\t\t\t\t\t\t\tConrad\t\t\t\t\t\t<\/h3>\n\t\t\t\t\t\n\t\t\t\t\t\t\t\t\t\t\t<div class=\"elementor-flip-box__layer__description\">\n\t\t\t\t\t\t\tTu tienda online de maletines y bolsas para herramientas\t\t\t\t\t\t<\/div>\n\t\t\t\t\t\n\t\t\t\t\t\t\t\t\t\t\t<span class=\"elementor-flip-box__button elementor-button elementor-size-sm\">\n\t\t\t\t\t\t\tPulsa aqu\u00ed\t\t\t\t\t\t<\/span>\n\t\t\t\t\t\t\t\t<\/div>\n\t\t<\/div>\n\t\t<\/a>\n\t\t<\/div>\n\t\t\t\t\t\t<\/div>\n\t\t\t\t<\/div>\n\t\t\t\t<div class=\"elementor-element elementor-element-4a29b02 elementor-hidden-desktop elementor-hidden-tablet elementor-hidden-mobile elementor-flip-box--effect-flip elementor-flip-box--direction-up elementor-widget elementor-widget-flip-box\" data-id=\"4a29b02\" data-element_type=\"widget\" data-e-type=\"widget\" data-widget_type=\"flip-box.default\">\n\t\t\t\t<div class=\"elementor-widget-container\">\n\t\t\t\t\t\t\t<div class=\"elementor-flip-box\" tabindex=\"0\">\n\t\t\t<div class=\"elementor-flip-box__layer elementor-flip-box__front\">\n\t\t\t\t<div class=\"elementor-flip-box__layer__overlay\">\n\t\t\t\t\t<div class=\"elementor-flip-box__layer__inner\">\n\t\t\t\t\t\t\t\t\t\t\t\t\t<div class=\"elementor-flip-box__image\">\n\t\t\t\t\t\t\t\t<img decoding=\"async\" width=\"800\" height=\"297\" src=\"https:\/\/www.b-w-international.com\/wp-content\/uploads\/2025\/07\/Logo-bw-international-Cyan_RGB-1.png\" class=\"attachment-large size-large wp-image-18616\" alt=\"Blaues stilisiertes Textlogo mit der Aufschrift 38W Cases of Success auf hellem Hintergrund, inspiriert von der Qualit\u00e4t von B&amp;W International.\" srcset=\"https:\/\/www.b-w-international.com\/wp-content\/uploads\/2025\/07\/Logo-bw-international-Cyan_RGB-1.png 971w, https:\/\/www.b-w-international.com\/wp-content\/uploads\/2025\/07\/Logo-bw-international-Cyan_RGB-1-300x112.png 300w, https:\/\/www.b-w-international.com\/wp-content\/uploads\/2025\/07\/Logo-bw-international-Cyan_RGB-1-768x286.png 768w\" sizes=\"(max-width: 800px) 100vw, 800px\" \/>\t\t\t\t\t\t\t<\/div>\n\t\t\t\t\t\t\n\t\t\t\t\t\t\n\t\t\t\t\t\t\t\t\t\t\t<\/div>\n\t\t\t\t<\/div>\n\t\t\t<\/div>\n\t\t\t<div class=\"elementor-flip-box__layer elementor-flip-box__back\">\n\t\t\t<div class=\"elementor-flip-box__layer__overlay\">\n\t\t\t\t<div class=\"elementor-flip-box__layer__inner\">\n\t\t\t\t\t\t\t\t\t\t\t<h3 class=\"elementor-flip-box__layer__title\">\n\t\t\t\t\t\t\tContorion\t\t\t\t\t\t<\/h3>\n\t\t\t\t\t\n\t\t\t\t\t\t\t\t\t\t\t<div class=\"elementor-flip-box__layer__description\">\n\t\t\t\t\t\t\tTu tienda online de maletines y bolsas para herramientas\t\t\t\t\t\t<\/div>\n\t\t\t\t\t\n\t\t\t\t\t\t\t\t\t\t\t<a class=\"elementor-flip-box__button elementor-button elementor-size-sm\">\n\t\t\t\t\t\t\tPulsa aqu\u00ed\t\t\t\t\t\t<\/a>\n\t\t\t\t\t\t\t\t<\/div>\n\t\t<\/div>\n\t\t<\/div>\n\t\t<\/div>\n\t\t\t\t\t\t<\/div>\n\t\t\t\t<\/div>\n\t\t\t\t<div class=\"elementor-element elementor-element-cd6f2a8 elementor-hidden-desktop elementor-hidden-tablet elementor-hidden-mobile elementor-flip-box--effect-flip elementor-flip-box--direction-up elementor-widget elementor-widget-flip-box\" data-id=\"cd6f2a8\" data-element_type=\"widget\" data-e-type=\"widget\" data-widget_type=\"flip-box.default\">\n\t\t\t\t<div class=\"elementor-widget-container\">\n\t\t\t\t\t\t\t<div class=\"elementor-flip-box\" tabindex=\"0\">\n\t\t\t<div class=\"elementor-flip-box__layer elementor-flip-box__front\">\n\t\t\t\t<div class=\"elementor-flip-box__layer__overlay\">\n\t\t\t\t\t<div class=\"elementor-flip-box__layer__inner\">\n\t\t\t\t\t\t\t\t\t\t\t\t\t<div class=\"elementor-flip-box__image\">\n\t\t\t\t\t\t\t\t<img decoding=\"async\" width=\"800\" height=\"297\" src=\"https:\/\/www.b-w-international.com\/wp-content\/uploads\/2025\/07\/Logo-bw-international-Cyan_RGB-1.png\" class=\"attachment-large size-large wp-image-18616\" alt=\"Blaues stilisiertes Textlogo mit der Aufschrift 38W Cases of Success auf hellem Hintergrund, inspiriert von der Qualit\u00e4t von B&amp;W International.\" srcset=\"https:\/\/www.b-w-international.com\/wp-content\/uploads\/2025\/07\/Logo-bw-international-Cyan_RGB-1.png 971w, https:\/\/www.b-w-international.com\/wp-content\/uploads\/2025\/07\/Logo-bw-international-Cyan_RGB-1-300x112.png 300w, https:\/\/www.b-w-international.com\/wp-content\/uploads\/2025\/07\/Logo-bw-international-Cyan_RGB-1-768x286.png 768w\" sizes=\"(max-width: 800px) 100vw, 800px\" \/>\t\t\t\t\t\t\t<\/div>\n\t\t\t\t\t\t\n\t\t\t\t\t\t\n\t\t\t\t\t\t\t\t\t\t\t<\/div>\n\t\t\t\t<\/div>\n\t\t\t<\/div>\n\t\t\t<div class=\"elementor-flip-box__layer elementor-flip-box__back\">\n\t\t\t<div class=\"elementor-flip-box__layer__overlay\">\n\t\t\t\t<div class=\"elementor-flip-box__layer__inner\">\n\t\t\t\t\t\t\t\t\t\t\t<h3 class=\"elementor-flip-box__layer__title\">\n\t\t\t\t\t\t\tContorion\t\t\t\t\t\t<\/h3>\n\t\t\t\t\t\n\t\t\t\t\t\t\t\t\t\t\t<div class=\"elementor-flip-box__layer__description\">\n\t\t\t\t\t\t\tTu tienda online de maletines y bolsas para herramientas\t\t\t\t\t\t<\/div>\n\t\t\t\t\t\n\t\t\t\t\t\t\t\t\t\t\t<a class=\"elementor-flip-box__button elementor-button elementor-size-sm\">\n\t\t\t\t\t\t\tPulsa aqu\u00ed\t\t\t\t\t\t<\/a>\n\t\t\t\t\t\t\t\t<\/div>\n\t\t<\/div>\n\t\t<\/div>\n\t\t<\/div>\n\t\t\t\t\t\t<\/div>\n\t\t\t\t<\/div>\n\t\t\t\t<\/div>\n\t\t\t\t\t<\/div>\n\t\t\t\t<\/div>\n\t\t\t\t<\/div>\n\t\t","protected":false},"excerpt":{"rendered":"<p>Minorista online T\u00fa sabes lo que necesitas, nosotros te indicamos d\u00f3nde conseguirlo. Descubre nuestros distribuidores autorizados online y pide soluciones de B&amp;W directa y f\u00e1cilmente. Disponibilidad r\u00e1pida, tramitaci\u00f3n profesional y siempre con la reclamaci\u00f3n: protegemos lo valioso. Bici24 Tu tienda online de bicicletas y artesan\u00eda Pulsa aqu\u00ed Contorion Tu tienda online de maletines y bolsas [&hellip;]<\/p>\n","protected":false},"author":3,"featured_media":0,"parent":0,"menu_order":6,"comment_status":"closed","ping_status":"closed","template":"","meta":{"_acf_changed":false,"footnotes":""},"class_list":["post-26358","page","type-page","status-publish","hentry"],"acf":[],"yoast_head":"<title>Minorista online - B&amp;W International<\/title>\n<meta name=\"robots\" content=\"index, follow, max-snippet:-1, max-image-preview:large, max-video-preview:-1\" \/>\n<link rel=\"canonical\" href=\"https:\/\/www.b-w-international.com\/es\/minorista-online\/\" \/>\n<meta property=\"og:locale\" content=\"es_ES\" \/>\n<meta property=\"og:type\" content=\"article\" \/>\n<meta property=\"og:title\" content=\"Minorista online - B&amp;W International\" \/>\n<meta property=\"og:description\" content=\"Minorista online T\u00fa sabes lo que necesitas, nosotros te indicamos d\u00f3nde conseguirlo. Descubre nuestros distribuidores autorizados online y pide soluciones de B&amp;W directa y f\u00e1cilmente. Disponibilidad r\u00e1pida, tramitaci\u00f3n profesional y siempre con la reclamaci\u00f3n: protegemos lo valioso. Bici24 Tu tienda online de bicicletas y artesan\u00eda Pulsa aqu\u00ed Contorion Tu tienda online de maletines y bolsas [&hellip;]\" \/>\n<meta property=\"og:url\" content=\"https:\/\/www.b-w-international.com\/es\/minorista-online\/\" \/>\n<meta property=\"og:site_name\" content=\"B&amp;W International\" \/>\n<meta property=\"article:modified_time\" content=\"2026-04-08T09:29:12+00:00\" \/>\n<meta property=\"og:image\" content=\"https:\/\/www.b-w-international.com\/wp-content\/uploads\/2026\/03\/02_BIKE24_Logo_Inverted_RGB.png\" \/>\n\t<meta property=\"og:image:width\" content=\"1992\" \/>\n\t<meta property=\"og:image:height\" content=\"909\" \/>\n\t<meta property=\"og:image:type\" content=\"image\/png\" \/>\n<meta name=\"twitter:card\" content=\"summary_large_image\" \/>\n<meta name=\"twitter:label1\" content=\"Tiempo de lectura\" \/>\n\t<meta name=\"twitter:data1\" content=\"1 minuto\" \/>\n<script type=\"application\/ld+json\" class=\"yoast-schema-graph\">{\"@context\":\"https:\/\/schema.org\",\"@graph\":[{\"@type\":\"WebPage\",\"@id\":\"https:\/\/www.b-w-international.com\/es\/minorista-online\/\",\"url\":\"https:\/\/www.b-w-international.com\/es\/minorista-online\/\",\"name\":\"Minorista online - B&amp;W International\",\"isPartOf\":{\"@id\":\"https:\/\/www.b-w-international.com\/es\/#website\"},\"primaryImageOfPage\":{\"@id\":\"https:\/\/www.b-w-international.com\/es\/minorista-online\/#primaryimage\"},\"image\":{\"@id\":\"https:\/\/www.b-w-international.com\/es\/minorista-online\/#primaryimage\"},\"thumbnailUrl\":\"https:\/\/www.b-w-international.com\/wp-content\/uploads\/2026\/03\/02_BIKE24_Logo_Inverted_RGB-1024x467.png\",\"datePublished\":\"2026-03-02T14:11:31+00:00\",\"dateModified\":\"2026-04-08T09:29:12+00:00\",\"breadcrumb\":{\"@id\":\"https:\/\/www.b-w-international.com\/es\/minorista-online\/#breadcrumb\"},\"inLanguage\":\"es\",\"potentialAction\":[{\"@type\":\"ReadAction\",\"target\":[\"https:\/\/www.b-w-international.com\/es\/minorista-online\/\"]}]},{\"@type\":\"ImageObject\",\"inLanguage\":\"es\",\"@id\":\"https:\/\/www.b-w-international.com\/es\/minorista-online\/#primaryimage\",\"url\":\"https:\/\/www.b-w-international.com\/wp-content\/uploads\/2026\/03\/02_BIKE24_Logo_Inverted_RGB-1024x467.png\",\"contentUrl\":\"https:\/\/www.b-w-international.com\/wp-content\/uploads\/2026\/03\/02_BIKE24_Logo_Inverted_RGB-1024x467.png\"},{\"@type\":\"BreadcrumbList\",\"@id\":\"https:\/\/www.b-w-international.com\/es\/minorista-online\/#breadcrumb\",\"itemListElement\":[{\"@type\":\"ListItem\",\"position\":1,\"name\":\"Home\",\"item\":\"https:\/\/www.b-w-international.com\/es\/pagina-de-inicio\/\"},{\"@type\":\"ListItem\",\"position\":2,\"name\":\"Minorista online\"}]},{\"@type\":\"WebSite\",\"@id\":\"https:\/\/www.b-w-international.com\/es\/#website\",\"url\":\"https:\/\/www.b-w-international.com\/es\/\",\"name\":\"B&W International\",\"description\":\"\",\"publisher\":{\"@id\":\"https:\/\/www.b-w-international.com\/es\/#organization\"},\"potentialAction\":[{\"@type\":\"SearchAction\",\"target\":{\"@type\":\"EntryPoint\",\"urlTemplate\":\"https:\/\/www.b-w-international.com\/es\/?s={search_term_string}\"},\"query-input\":{\"@type\":\"PropertyValueSpecification\",\"valueRequired\":true,\"valueName\":\"search_term_string\"}}],\"inLanguage\":\"es\"},{\"@type\":\"Organization\",\"@id\":\"https:\/\/www.b-w-international.com\/es\/#organization\",\"name\":\"B&W International\",\"url\":\"https:\/\/www.b-w-international.com\/es\/\",\"logo\":{\"@type\":\"ImageObject\",\"inLanguage\":\"es\",\"@id\":\"https:\/\/www.b-w-international.com\/es\/#\/schema\/logo\/image\/\",\"url\":\"https:\/\/www.b-w-international.com\/wp-content\/uploads\/2024\/12\/16dbfc312f1eb060e7d95735c00f9ec6.png\",\"contentUrl\":\"https:\/\/www.b-w-international.com\/wp-content\/uploads\/2024\/12\/16dbfc312f1eb060e7d95735c00f9ec6.png\",\"width\":219,\"height\":82,\"caption\":\"B&W International\"},\"image\":{\"@id\":\"https:\/\/www.b-w-international.com\/es\/#\/schema\/logo\/image\/\"}}]}<\/script>","yoast_head_json":{"title":"Minorista online - B&amp;W International","robots":{"index":"index","follow":"follow","max-snippet":"max-snippet:-1","max-image-preview":"max-image-preview:large","max-video-preview":"max-video-preview:-1"},"canonical":"https:\/\/www.b-w-international.com\/es\/minorista-online\/","og_locale":"es_ES","og_type":"article","og_title":"Minorista online - B&amp;W International","og_description":"Minorista online T\u00fa sabes lo que necesitas, nosotros te indicamos d\u00f3nde conseguirlo. Descubre nuestros distribuidores autorizados online y pide soluciones de B&amp;W directa y f\u00e1cilmente. Disponibilidad r\u00e1pida, tramitaci\u00f3n profesional y siempre con la reclamaci\u00f3n: protegemos lo valioso. Bici24 Tu tienda online de bicicletas y artesan\u00eda Pulsa aqu\u00ed Contorion Tu tienda online de maletines y bolsas [&hellip;]","og_url":"https:\/\/www.b-w-international.com\/es\/minorista-online\/","og_site_name":"B&amp;W International","article_modified_time":"2026-04-08T09:29:12+00:00","og_image":[{"width":1992,"height":909,"url":"https:\/\/www.b-w-international.com\/wp-content\/uploads\/2026\/03\/02_BIKE24_Logo_Inverted_RGB.png","type":"image\/png"}],"twitter_card":"summary_large_image","twitter_misc":{"Tiempo de lectura":"1 minuto"},"schema":{"@context":"https:\/\/schema.org","@graph":[{"@type":"WebPage","@id":"https:\/\/www.b-w-international.com\/es\/minorista-online\/","url":"https:\/\/www.b-w-international.com\/es\/minorista-online\/","name":"Minorista online - B&amp;W International","isPartOf":{"@id":"https:\/\/www.b-w-international.com\/es\/#website"},"primaryImageOfPage":{"@id":"https:\/\/www.b-w-international.com\/es\/minorista-online\/#primaryimage"},"image":{"@id":"https:\/\/www.b-w-international.com\/es\/minorista-online\/#primaryimage"},"thumbnailUrl":"https:\/\/www.b-w-international.com\/wp-content\/uploads\/2026\/03\/02_BIKE24_Logo_Inverted_RGB-1024x467.png","datePublished":"2026-03-02T14:11:31+00:00","dateModified":"2026-04-08T09:29:12+00:00","breadcrumb":{"@id":"https:\/\/www.b-w-international.com\/es\/minorista-online\/#breadcrumb"},"inLanguage":"es","potentialAction":[{"@type":"ReadAction","target":["https:\/\/www.b-w-international.com\/es\/minorista-online\/"]}]},{"@type":"ImageObject","inLanguage":"es","@id":"https:\/\/www.b-w-international.com\/es\/minorista-online\/#primaryimage","url":"https:\/\/www.b-w-international.com\/wp-content\/uploads\/2026\/03\/02_BIKE24_Logo_Inverted_RGB-1024x467.png","contentUrl":"https:\/\/www.b-w-international.com\/wp-content\/uploads\/2026\/03\/02_BIKE24_Logo_Inverted_RGB-1024x467.png"},{"@type":"BreadcrumbList","@id":"https:\/\/www.b-w-international.com\/es\/minorista-online\/#breadcrumb","itemListElement":[{"@type":"ListItem","position":1,"name":"Home","item":"https:\/\/www.b-w-international.com\/es\/pagina-de-inicio\/"},{"@type":"ListItem","position":2,"name":"Minorista online"}]},{"@type":"WebSite","@id":"https:\/\/www.b-w-international.com\/es\/#website","url":"https:\/\/www.b-w-international.com\/es\/","name":"B&W International","description":"","publisher":{"@id":"https:\/\/www.b-w-international.com\/es\/#organization"},"potentialAction":[{"@type":"SearchAction","target":{"@type":"EntryPoint","urlTemplate":"https:\/\/www.b-w-international.com\/es\/?s={search_term_string}"},"query-input":{"@type":"PropertyValueSpecification","valueRequired":true,"valueName":"search_term_string"}}],"inLanguage":"es"},{"@type":"Organization","@id":"https:\/\/www.b-w-international.com\/es\/#organization","name":"B&W International","url":"https:\/\/www.b-w-international.com\/es\/","logo":{"@type":"ImageObject","inLanguage":"es","@id":"https:\/\/www.b-w-international.com\/es\/#\/schema\/logo\/image\/","url":"https:\/\/www.b-w-international.com\/wp-content\/uploads\/2024\/12\/16dbfc312f1eb060e7d95735c00f9ec6.png","contentUrl":"https:\/\/www.b-w-international.com\/wp-content\/uploads\/2024\/12\/16dbfc312f1eb060e7d95735c00f9ec6.png","width":219,"height":82,"caption":"B&W International"},"image":{"@id":"https:\/\/www.b-w-international.com\/es\/#\/schema\/logo\/image\/"}}]}},"_links":{"self":[{"href":"https:\/\/www.b-w-international.com\/es\/wp-json\/wp\/v2\/pages\/26358","targetHints":{"allow":["GET"]}}],"collection":[{"href":"https:\/\/www.b-w-international.com\/es\/wp-json\/wp\/v2\/pages"}],"about":[{"href":"https:\/\/www.b-w-international.com\/es\/wp-json\/wp\/v2\/types\/page"}],"author":[{"embeddable":true,"href":"https:\/\/www.b-w-international.com\/es\/wp-json\/wp\/v2\/users\/3"}],"replies":[{"embeddable":true,"href":"https:\/\/www.b-w-international.com\/es\/wp-json\/wp\/v2\/comments?post=26358"}],"version-history":[{"count":3,"href":"https:\/\/www.b-w-international.com\/es\/wp-json\/wp\/v2\/pages\/26358\/revisions"}],"predecessor-version":[{"id":26383,"href":"https:\/\/www.b-w-international.com\/es\/wp-json\/wp\/v2\/pages\/26358\/revisions\/26383"}],"wp:attachment":[{"href":"https:\/\/www.b-w-international.com\/es\/wp-json\/wp\/v2\/media?parent=26358"}],"curies":[{"name":"wp","href":"https:\/\/api.w.org\/{rel}","templated":true}]}}