{"id":15097,"date":"2025-05-05T09:55:23","date_gmt":"2025-05-05T07:55:23","guid":{"rendered":"https:\/\/www.b-w-international.com\/?post_type=product&#038;p=15097"},"modified":"2025-11-04T08:56:51","modified_gmt":"2025-11-04T07:56:51","slug":"energy-case-prox-500-dc-1000w","status":"publish","type":"product","link":"https:\/\/www.b-w-international.com\/es\/produkt\/energy-case-prox-500-dc-1000w\/","title":{"rendered":"energy.case PROX 500 DC 1000W | Maleta de energ\u00eda B&amp;W"},"content":{"rendered":"<div>\n<ul>\n<li>El B&amp;W energy.case ofrece una fuente de alimentaci\u00f3n fiable y flexible para aplicaciones profesionales. Se ha desarrollado para cumplir los requisitos m\u00e1s exigentes y es robusto, resistente a la temperatura e impermeable. Su funcionamiento es intuitivo y sin complicaciones.  <\/li>\n<li>Robusto e impermeable<\/li>\n<li>Potente sistema de bater\u00edas<\/li>\n<li>Fabricado en Alemania<\/li>\n<li>Opciones de carga flexibles<\/li>\n<li>Conexiones vers\u00e1tiles<\/li>\n<li>Instrucciones de uso con NFC<\/li>\n<li>Corriente continua y alterna<\/li>\n<li>Personalizable<\/li>\n<li>M\u00e1s informaci\u00f3n sobre la personalizaci\u00f3n: <a href=\"https:\/\/www.b-w-international.com\/es\/maletines-a-medida\/instalaciones-tecnicas\/\">Instalaciones t\u00e9cnicas<\/a><\/li>\n<\/ul>\n<\/div>\n<div style=\"display:flex; gap:10px;justify-content:center\" class=\"wps-pgfw-pdf-generate-icon__wrapper-frontend\">\n\t\t<a  href=\"https:\/\/www.b-w-international.com\/es\/wp-json\/wp\/v2\/product\/15097\/?action=genpdf&amp;id=15097\" class=\"pgfw-single-pdf-download-button\" target=_blank><img src=\"https:\/\/www.b-w-international.com\/wp-content\/uploads\/2025\/03\/icon-download.svg\" title=\"Generar PDF\" style=\"width:auto; height:45px;\"><\/a>\n\t\t<\/div>","protected":false},"excerpt":{"rendered":"<p>El B&amp;W energy.case ofrece una fuente de alimentaci\u00f3n fiable y flexible para aplicaciones profesionales. Se ha desarrollado para cumplir los requisitos m\u00e1s exigentes y es robusto, resistente a la temperatura e impermeable. Su funcionamiento es intuitivo y sin complicaciones. Robusto e impermeable Potente sistema de bater\u00edas Fabricado en Alemania Opciones de carga flexibles Conexiones vers\u00e1tiles [&hellip;]<\/p>\n","protected":false},"featured_media":21524,"template":"","meta":{"_acf_changed":false},"product_brand":[],"product_cat":[159],"product_tag":[],"class_list":{"0":"post-15097","1":"product","2":"type-product","3":"status-publish","4":"has-post-thumbnail","6":"product_features-2-anos-de-garantia","7":"product_features-2-argollas-para-candados","8":"product_features-apilable","9":"product_features-asa-de-transporte-recubierta-de-goma","10":"product_features-extremadamente-resistente","11":"product_features-resistente-a-la-temperatura","12":"product_features-resistente-al-agua-al-polvo-y-hermetico","13":"product_cat-energy-case","14":"pa_ausgaenge-dc-es","16":"first","17":"instock","18":"product-type-simple"},"acf":[],"yoast_head":"<title>energy.case PROX 500 DC 1000W | Maleta de energ\u00eda B&amp;W - B&amp;W International<\/title>\n<meta name=\"robots\" content=\"index, follow, max-snippet:-1, max-image-preview:large, max-video-preview:-1\" \/>\n<link rel=\"canonical\" href=\"https:\/\/www.b-w-international.com\/es\/produkt\/energy-case-prox-500-dc-1000w\/\" \/>\n<meta property=\"og:locale\" content=\"es_ES\" \/>\n<meta property=\"og:type\" content=\"article\" \/>\n<meta property=\"og:title\" content=\"energy.case PROX 500 DC 1000W | Maleta de energ\u00eda B&amp;W - B&amp;W International\" \/>\n<meta property=\"og:description\" content=\"El B&amp;W energy.case ofrece una fuente de alimentaci\u00f3n fiable y flexible para aplicaciones profesionales. Se ha desarrollado para cumplir los requisitos m\u00e1s exigentes y es robusto, resistente a la temperatura e impermeable. Su funcionamiento es intuitivo y sin complicaciones. Robusto e impermeable Potente sistema de bater\u00edas Fabricado en Alemania Opciones de carga flexibles Conexiones vers\u00e1tiles [&hellip;]\" \/>\n<meta property=\"og:url\" content=\"https:\/\/www.b-w-international.com\/es\/produkt\/energy-case-prox-500-dc-1000w\/\" \/>\n<meta property=\"og:site_name\" content=\"B&amp;W International\" \/>\n<meta property=\"article:modified_time\" content=\"2025-11-04T07:56:51+00:00\" \/>\n<meta property=\"og:image\" content=\"https:\/\/www.b-w-international.com\/wp-content\/uploads\/2025\/05\/energy-case_PROX-500-DC-1000W_Y_closed-back-side_bw-international.jpg\" \/>\n\t<meta property=\"og:image:width\" content=\"1920\" \/>\n\t<meta property=\"og:image:height\" content=\"1920\" \/>\n\t<meta property=\"og:image:type\" content=\"image\/jpeg\" \/>\n<meta name=\"twitter:card\" content=\"summary_large_image\" \/>\n<meta name=\"twitter:label1\" content=\"Tiempo de lectura\" \/>\n\t<meta name=\"twitter:data1\" content=\"1 minuto\" \/>\n<script type=\"application\/ld+json\" class=\"yoast-schema-graph\">{\"@context\":\"https:\/\/schema.org\",\"@graph\":[{\"@type\":\"WebPage\",\"@id\":\"https:\/\/www.b-w-international.com\/es\/produkt\/energy-case-prox-500-dc-1000w\/\",\"url\":\"https:\/\/www.b-w-international.com\/es\/produkt\/energy-case-prox-500-dc-1000w\/\",\"name\":\"energy.case PROX 500 DC 1000W | Maleta de energ\u00eda B&amp;W - B&amp;W International\",\"isPartOf\":{\"@id\":\"https:\/\/www.b-w-international.com\/es\/#website\"},\"primaryImageOfPage\":{\"@id\":\"https:\/\/www.b-w-international.com\/es\/produkt\/energy-case-prox-500-dc-1000w\/#primaryimage\"},\"image\":{\"@id\":\"https:\/\/www.b-w-international.com\/es\/produkt\/energy-case-prox-500-dc-1000w\/#primaryimage\"},\"thumbnailUrl\":\"https:\/\/www.b-w-international.com\/wp-content\/uploads\/2025\/05\/energy-case_PROX-500-DC-1000W_Y_closed-back-side_bw-international.jpg\",\"datePublished\":\"2025-05-05T07:55:23+00:00\",\"dateModified\":\"2025-11-04T07:56:51+00:00\",\"breadcrumb\":{\"@id\":\"https:\/\/www.b-w-international.com\/es\/produkt\/energy-case-prox-500-dc-1000w\/#breadcrumb\"},\"inLanguage\":\"es\",\"potentialAction\":[{\"@type\":\"ReadAction\",\"target\":[\"https:\/\/www.b-w-international.com\/es\/produkt\/energy-case-prox-500-dc-1000w\/\"]}]},{\"@type\":\"ImageObject\",\"inLanguage\":\"es\",\"@id\":\"https:\/\/www.b-w-international.com\/es\/produkt\/energy-case-prox-500-dc-1000w\/#primaryimage\",\"url\":\"https:\/\/www.b-w-international.com\/wp-content\/uploads\/2025\/05\/energy-case_PROX-500-DC-1000W_Y_closed-back-side_bw-international.jpg\",\"contentUrl\":\"https:\/\/www.b-w-international.com\/wp-content\/uploads\/2025\/05\/energy-case_PROX-500-DC-1000W_Y_closed-back-side_bw-international.jpg\",\"width\":1920,\"height\":1920,\"caption\":\"Gelber B&W International Energiekoffer mit Anschl\u00fcssen und zwei \u00d6sen f\u00fcr Vorh\u00e4ngeschl\u00f6sser, robuste L\u00f6sung f\u00fcr mobile technische Anwendungen.\"},{\"@type\":\"BreadcrumbList\",\"@id\":\"https:\/\/www.b-w-international.com\/es\/produkt\/energy-case-prox-500-dc-1000w\/#breadcrumb\",\"itemListElement\":[{\"@type\":\"ListItem\",\"position\":1,\"name\":\"Home\",\"item\":\"https:\/\/www.b-w-international.com\/es\/\"},{\"@type\":\"ListItem\",\"position\":2,\"name\":\"Productos\",\"item\":\"https:\/\/www.b-w-international.com\/es\/tienda\/\"},{\"@type\":\"ListItem\",\"position\":3,\"name\":\"Energy case\",\"item\":\"https:\/\/www.b-w-international.com\/es\/produkte\/energy-case\/\"},{\"@type\":\"ListItem\",\"position\":4,\"name\":\"energy.case PROX 500 DC 1000W | Maleta de energ\u00eda B&amp;W\"}]},{\"@type\":\"WebSite\",\"@id\":\"https:\/\/www.b-w-international.com\/es\/#website\",\"url\":\"https:\/\/www.b-w-international.com\/es\/\",\"name\":\"B&W International\",\"description\":\"\",\"publisher\":{\"@id\":\"https:\/\/www.b-w-international.com\/es\/#organization\"},\"potentialAction\":[{\"@type\":\"SearchAction\",\"target\":{\"@type\":\"EntryPoint\",\"urlTemplate\":\"https:\/\/www.b-w-international.com\/es\/?s={search_term_string}\"},\"query-input\":{\"@type\":\"PropertyValueSpecification\",\"valueRequired\":true,\"valueName\":\"search_term_string\"}}],\"inLanguage\":\"es\"},{\"@type\":\"Organization\",\"@id\":\"https:\/\/www.b-w-international.com\/es\/#organization\",\"name\":\"B&W International\",\"url\":\"https:\/\/www.b-w-international.com\/es\/\",\"logo\":{\"@type\":\"ImageObject\",\"inLanguage\":\"es\",\"@id\":\"https:\/\/www.b-w-international.com\/es\/#\/schema\/logo\/image\/\",\"url\":\"https:\/\/www.b-w-international.com\/wp-content\/uploads\/2024\/12\/16dbfc312f1eb060e7d95735c00f9ec6.png\",\"contentUrl\":\"https:\/\/www.b-w-international.com\/wp-content\/uploads\/2024\/12\/16dbfc312f1eb060e7d95735c00f9ec6.png\",\"width\":219,\"height\":82,\"caption\":\"B&W International\"},\"image\":{\"@id\":\"https:\/\/www.b-w-international.com\/es\/#\/schema\/logo\/image\/\"}}]}<\/script>","yoast_head_json":{"title":"energy.case PROX 500 DC 1000W | Maleta de energ\u00eda B&amp;W - B&amp;W International","robots":{"index":"index","follow":"follow","max-snippet":"max-snippet:-1","max-image-preview":"max-image-preview:large","max-video-preview":"max-video-preview:-1"},"canonical":"https:\/\/www.b-w-international.com\/es\/produkt\/energy-case-prox-500-dc-1000w\/","og_locale":"es_ES","og_type":"article","og_title":"energy.case PROX 500 DC 1000W | Maleta de energ\u00eda B&amp;W - B&amp;W International","og_description":"El B&amp;W energy.case ofrece una fuente de alimentaci\u00f3n fiable y flexible para aplicaciones profesionales. Se ha desarrollado para cumplir los requisitos m\u00e1s exigentes y es robusto, resistente a la temperatura e impermeable. Su funcionamiento es intuitivo y sin complicaciones. Robusto e impermeable Potente sistema de bater\u00edas Fabricado en Alemania Opciones de carga flexibles Conexiones vers\u00e1tiles [&hellip;]","og_url":"https:\/\/www.b-w-international.com\/es\/produkt\/energy-case-prox-500-dc-1000w\/","og_site_name":"B&amp;W International","article_modified_time":"2025-11-04T07:56:51+00:00","og_image":[{"width":1920,"height":1920,"url":"https:\/\/www.b-w-international.com\/wp-content\/uploads\/2025\/05\/energy-case_PROX-500-DC-1000W_Y_closed-back-side_bw-international.jpg","type":"image\/jpeg"}],"twitter_card":"summary_large_image","twitter_misc":{"Tiempo de lectura":"1 minuto"},"schema":{"@context":"https:\/\/schema.org","@graph":[{"@type":"WebPage","@id":"https:\/\/www.b-w-international.com\/es\/produkt\/energy-case-prox-500-dc-1000w\/","url":"https:\/\/www.b-w-international.com\/es\/produkt\/energy-case-prox-500-dc-1000w\/","name":"energy.case PROX 500 DC 1000W | Maleta de energ\u00eda B&amp;W - B&amp;W International","isPartOf":{"@id":"https:\/\/www.b-w-international.com\/es\/#website"},"primaryImageOfPage":{"@id":"https:\/\/www.b-w-international.com\/es\/produkt\/energy-case-prox-500-dc-1000w\/#primaryimage"},"image":{"@id":"https:\/\/www.b-w-international.com\/es\/produkt\/energy-case-prox-500-dc-1000w\/#primaryimage"},"thumbnailUrl":"https:\/\/www.b-w-international.com\/wp-content\/uploads\/2025\/05\/energy-case_PROX-500-DC-1000W_Y_closed-back-side_bw-international.jpg","datePublished":"2025-05-05T07:55:23+00:00","dateModified":"2025-11-04T07:56:51+00:00","breadcrumb":{"@id":"https:\/\/www.b-w-international.com\/es\/produkt\/energy-case-prox-500-dc-1000w\/#breadcrumb"},"inLanguage":"es","potentialAction":[{"@type":"ReadAction","target":["https:\/\/www.b-w-international.com\/es\/produkt\/energy-case-prox-500-dc-1000w\/"]}]},{"@type":"ImageObject","inLanguage":"es","@id":"https:\/\/www.b-w-international.com\/es\/produkt\/energy-case-prox-500-dc-1000w\/#primaryimage","url":"https:\/\/www.b-w-international.com\/wp-content\/uploads\/2025\/05\/energy-case_PROX-500-DC-1000W_Y_closed-back-side_bw-international.jpg","contentUrl":"https:\/\/www.b-w-international.com\/wp-content\/uploads\/2025\/05\/energy-case_PROX-500-DC-1000W_Y_closed-back-side_bw-international.jpg","width":1920,"height":1920,"caption":"Gelber B&W International Energiekoffer mit Anschl\u00fcssen und zwei \u00d6sen f\u00fcr Vorh\u00e4ngeschl\u00f6sser, robuste L\u00f6sung f\u00fcr mobile technische Anwendungen."},{"@type":"BreadcrumbList","@id":"https:\/\/www.b-w-international.com\/es\/produkt\/energy-case-prox-500-dc-1000w\/#breadcrumb","itemListElement":[{"@type":"ListItem","position":1,"name":"Home","item":"https:\/\/www.b-w-international.com\/es\/"},{"@type":"ListItem","position":2,"name":"Productos","item":"https:\/\/www.b-w-international.com\/es\/tienda\/"},{"@type":"ListItem","position":3,"name":"Energy case","item":"https:\/\/www.b-w-international.com\/es\/produkte\/energy-case\/"},{"@type":"ListItem","position":4,"name":"energy.case PROX 500 DC 1000W | Maleta de energ\u00eda B&amp;W"}]},{"@type":"WebSite","@id":"https:\/\/www.b-w-international.com\/es\/#website","url":"https:\/\/www.b-w-international.com\/es\/","name":"B&W International","description":"","publisher":{"@id":"https:\/\/www.b-w-international.com\/es\/#organization"},"potentialAction":[{"@type":"SearchAction","target":{"@type":"EntryPoint","urlTemplate":"https:\/\/www.b-w-international.com\/es\/?s={search_term_string}"},"query-input":{"@type":"PropertyValueSpecification","valueRequired":true,"valueName":"search_term_string"}}],"inLanguage":"es"},{"@type":"Organization","@id":"https:\/\/www.b-w-international.com\/es\/#organization","name":"B&W International","url":"https:\/\/www.b-w-international.com\/es\/","logo":{"@type":"ImageObject","inLanguage":"es","@id":"https:\/\/www.b-w-international.com\/es\/#\/schema\/logo\/image\/","url":"https:\/\/www.b-w-international.com\/wp-content\/uploads\/2024\/12\/16dbfc312f1eb060e7d95735c00f9ec6.png","contentUrl":"https:\/\/www.b-w-international.com\/wp-content\/uploads\/2024\/12\/16dbfc312f1eb060e7d95735c00f9ec6.png","width":219,"height":82,"caption":"B&W International"},"image":{"@id":"https:\/\/www.b-w-international.com\/es\/#\/schema\/logo\/image\/"}}]}},"_links":{"self":[{"href":"https:\/\/www.b-w-international.com\/es\/wp-json\/wp\/v2\/product\/15097","targetHints":{"allow":["GET"]}}],"collection":[{"href":"https:\/\/www.b-w-international.com\/es\/wp-json\/wp\/v2\/product"}],"about":[{"href":"https:\/\/www.b-w-international.com\/es\/wp-json\/wp\/v2\/types\/product"}],"wp:featuredmedia":[{"embeddable":true,"href":"https:\/\/www.b-w-international.com\/es\/wp-json\/wp\/v2\/media\/21524"}],"wp:attachment":[{"href":"https:\/\/www.b-w-international.com\/es\/wp-json\/wp\/v2\/media?parent=15097"}],"wp:term":[{"taxonomy":"product_brand","embeddable":true,"href":"https:\/\/www.b-w-international.com\/es\/wp-json\/wp\/v2\/product_brand?post=15097"},{"taxonomy":"product_cat","embeddable":true,"href":"https:\/\/www.b-w-international.com\/es\/wp-json\/wp\/v2\/product_cat?post=15097"},{"taxonomy":"product_tag","embeddable":true,"href":"https:\/\/www.b-w-international.com\/es\/wp-json\/wp\/v2\/product_tag?post=15097"}],"curies":[{"name":"wp","href":"https:\/\/api.w.org\/{rel}","templated":true}]}}