{"id":15208,"date":"2025-05-05T09:55:08","date_gmt":"2025-05-05T07:55:08","guid":{"rendered":"https:\/\/www.b-w-international.com\/produkt\/bolsa-para-drones-tex-117-flip-bolsa-en-blanco-y-negro-para-dji-flip\/"},"modified":"2025-07-28T14:45:49","modified_gmt":"2025-07-28T12:45:49","slug":"drone-bag-tex-117-flip","status":"publish","type":"product","link":"https:\/\/www.b-w-international.com\/es\/produkt\/drone-bag-tex-117-flip\/","title":{"rendered":"drone.bag TEX.117.Flip | Bolsa en blanco y negro para DJI Flip"},"content":{"rendered":"<ul>\n<li>Funda blanda para el dron DJI Flip<\/li>\n<li>Compatible con los conjuntos DJI RC-N3, DJI RC 2, Fly More Combo<\/li>\n<li>Bolsa de poli\u00e9ster hidr\u00f3fugo<\/li>\n<li>Cremallera bidireccional f\u00e1cil de abrir<\/li>\n<li>Compartimentaci\u00f3n variable: preconfigurada para el DJI Flip Fly More Combo<\/li>\n<li>Dos bolsillos de malla<\/li>\n<li>Un compartimento frontal<\/li>\n<li>Cabe en el malet\u00edn multiusos B&amp;W bw.case PP.117<\/li>\n<\/ul>\n<p><strong>El contenido del malet\u00edn mostrado no est\u00e1 incluido en el volumen de suministro.<\/strong><\/p>\n<div style=\"display:flex; gap:10px;justify-content:center\" class=\"wps-pgfw-pdf-generate-icon__wrapper-frontend\">\n\t\t<a  href=\"https:\/\/www.b-w-international.com\/es\/wp-json\/wp\/v2\/product\/15208\/?action=genpdf&amp;id=15208\" class=\"pgfw-single-pdf-download-button\" target=_blank><img src=\"https:\/\/www.b-w-international.com\/wp-content\/uploads\/2025\/03\/icon-download.svg\" title=\"Generar PDF\" style=\"width:auto; height:45px;\"><\/a>\n\t\t<\/div>","protected":false},"excerpt":{"rendered":"<p>Funda blanda para el dron DJI Flip Compatible con los conjuntos DJI RC-N3, DJI RC 2, Fly More Combo Bolsa de poli\u00e9ster hidr\u00f3fugo Cremallera bidireccional f\u00e1cil de abrir Compartimentaci\u00f3n variable: preconfigurada para el DJI Flip Fly More Combo Dos bolsillos de malla Un compartimento frontal Cabe en el malet\u00edn multiusos B&amp;W bw.case PP.117 El contenido [&hellip;]<\/p>\n","protected":false},"featured_media":12684,"template":"","meta":{"_acf_changed":false},"product_brand":[],"product_cat":[428,69],"product_tag":[],"class_list":{"0":"post-15208","1":"product","2":"type-product","3":"status-publish","4":"has-post-thumbnail","6":"product_features-2-anos-de-garantia","7":"product_features-apto-para-volar","8":"product_cat-drones-es","9":"product_cat-maletas-para-drones-y-camaras","10":"pa_farbe-antracita","12":"first","13":"instock","14":"product-type-simple"},"acf":[],"yoast_head":"<title>drone.bag TEX.117.Flip | Bolsa en blanco y negro para DJI Flip - B&amp;W International<\/title>\n<meta name=\"robots\" content=\"index, follow, max-snippet:-1, max-image-preview:large, max-video-preview:-1\" \/>\n<link rel=\"canonical\" href=\"https:\/\/www.b-w-international.com\/es\/produkt\/drone-bag-tex-117-flip\/\" \/>\n<meta property=\"og:locale\" content=\"es_ES\" \/>\n<meta property=\"og:type\" content=\"article\" \/>\n<meta property=\"og:title\" content=\"drone.bag TEX.117.Flip | Bolsa en blanco y negro para DJI Flip - B&amp;W International\" \/>\n<meta property=\"og:description\" content=\"Funda blanda para el dron DJI Flip Compatible con los conjuntos DJI RC-N3, DJI RC 2, Fly More Combo Bolsa de poli\u00e9ster hidr\u00f3fugo Cremallera bidireccional f\u00e1cil de abrir Compartimentaci\u00f3n variable: preconfigurada para el DJI Flip Fly More Combo Dos bolsillos de malla Un compartimento frontal Cabe en el malet\u00edn multiusos B&amp;W bw.case PP.117 El contenido [&hellip;]\" \/>\n<meta property=\"og:url\" content=\"https:\/\/www.b-w-international.com\/es\/produkt\/drone-bag-tex-117-flip\/\" \/>\n<meta property=\"og:site_name\" content=\"B&amp;W International\" \/>\n<meta property=\"article:modified_time\" content=\"2025-07-28T12:45:49+00:00\" \/>\n<meta property=\"og:image\" content=\"https:\/\/www.b-w-international.com\/wp-content\/uploads\/2025\/05\/drone-bag_open-empty_TEX-117-dji-flip_bw-international.jpg\" \/>\n\t<meta property=\"og:image:width\" content=\"1920\" \/>\n\t<meta property=\"og:image:height\" content=\"1920\" \/>\n\t<meta property=\"og:image:type\" content=\"image\/jpeg\" \/>\n<meta name=\"twitter:card\" content=\"summary_large_image\" \/>\n<meta name=\"twitter:label1\" content=\"Tiempo de lectura\" \/>\n\t<meta name=\"twitter:data1\" content=\"1 minuto\" \/>\n<script type=\"application\/ld+json\" class=\"yoast-schema-graph\">{\"@context\":\"https:\/\/schema.org\",\"@graph\":[{\"@type\":\"WebPage\",\"@id\":\"https:\/\/www.b-w-international.com\/es\/produkt\/drone-bag-tex-117-flip\/\",\"url\":\"https:\/\/www.b-w-international.com\/es\/produkt\/drone-bag-tex-117-flip\/\",\"name\":\"drone.bag TEX.117.Flip | Bolsa en blanco y negro para DJI Flip - B&amp;W International\",\"isPartOf\":{\"@id\":\"https:\/\/www.b-w-international.com\/es\/#website\"},\"primaryImageOfPage\":{\"@id\":\"https:\/\/www.b-w-international.com\/es\/produkt\/drone-bag-tex-117-flip\/#primaryimage\"},\"image\":{\"@id\":\"https:\/\/www.b-w-international.com\/es\/produkt\/drone-bag-tex-117-flip\/#primaryimage\"},\"thumbnailUrl\":\"https:\/\/www.b-w-international.com\/wp-content\/uploads\/2025\/05\/drone-bag_open-empty_TEX-117-dji-flip_bw-international.jpg\",\"datePublished\":\"2025-05-05T07:55:08+00:00\",\"dateModified\":\"2025-07-28T12:45:49+00:00\",\"breadcrumb\":{\"@id\":\"https:\/\/www.b-w-international.com\/es\/produkt\/drone-bag-tex-117-flip\/#breadcrumb\"},\"inLanguage\":\"es\",\"potentialAction\":[{\"@type\":\"ReadAction\",\"target\":[\"https:\/\/www.b-w-international.com\/es\/produkt\/drone-bag-tex-117-flip\/\"]}]},{\"@type\":\"ImageObject\",\"inLanguage\":\"es\",\"@id\":\"https:\/\/www.b-w-international.com\/es\/produkt\/drone-bag-tex-117-flip\/#primaryimage\",\"url\":\"https:\/\/www.b-w-international.com\/wp-content\/uploads\/2025\/05\/drone-bag_open-empty_TEX-117-dji-flip_bw-international.jpg\",\"contentUrl\":\"https:\/\/www.b-w-international.com\/wp-content\/uploads\/2025\/05\/drone-bag_open-empty_TEX-117-dji-flip_bw-international.jpg\",\"width\":1920,\"height\":1920,\"caption\":\"Schwarze B&W International Tasche mit variabler Innenaufteilung und Netzf\u00e4chern im Deckel \u2013 ideal f\u00fcr Kamera, Werkzeug oder technisches Equipment.\"},{\"@type\":\"BreadcrumbList\",\"@id\":\"https:\/\/www.b-w-international.com\/es\/produkt\/drone-bag-tex-117-flip\/#breadcrumb\",\"itemListElement\":[{\"@type\":\"ListItem\",\"position\":1,\"name\":\"Home\",\"item\":\"https:\/\/www.b-w-international.com\/es\/\"},{\"@type\":\"ListItem\",\"position\":2,\"name\":\"Productos\",\"item\":\"https:\/\/www.b-w-international.com\/es\/tienda\/\"},{\"@type\":\"ListItem\",\"position\":3,\"name\":\"Maletas para drones y c\u00e1maras\",\"item\":\"https:\/\/www.b-w-international.com\/es\/produkte\/maletas-para-drones-y-camaras\/\"},{\"@type\":\"ListItem\",\"position\":4,\"name\":\"drone.bag TEX.117.Flip | Bolsa en blanco y negro para DJI Flip\"}]},{\"@type\":\"WebSite\",\"@id\":\"https:\/\/www.b-w-international.com\/es\/#website\",\"url\":\"https:\/\/www.b-w-international.com\/es\/\",\"name\":\"B&W International\",\"description\":\"\",\"publisher\":{\"@id\":\"https:\/\/www.b-w-international.com\/es\/#organization\"},\"potentialAction\":[{\"@type\":\"SearchAction\",\"target\":{\"@type\":\"EntryPoint\",\"urlTemplate\":\"https:\/\/www.b-w-international.com\/es\/?s={search_term_string}\"},\"query-input\":{\"@type\":\"PropertyValueSpecification\",\"valueRequired\":true,\"valueName\":\"search_term_string\"}}],\"inLanguage\":\"es\"},{\"@type\":\"Organization\",\"@id\":\"https:\/\/www.b-w-international.com\/es\/#organization\",\"name\":\"B&W International\",\"url\":\"https:\/\/www.b-w-international.com\/es\/\",\"logo\":{\"@type\":\"ImageObject\",\"inLanguage\":\"es\",\"@id\":\"https:\/\/www.b-w-international.com\/es\/#\/schema\/logo\/image\/\",\"url\":\"https:\/\/www.b-w-international.com\/wp-content\/uploads\/2024\/12\/16dbfc312f1eb060e7d95735c00f9ec6.png\",\"contentUrl\":\"https:\/\/www.b-w-international.com\/wp-content\/uploads\/2024\/12\/16dbfc312f1eb060e7d95735c00f9ec6.png\",\"width\":219,\"height\":82,\"caption\":\"B&W International\"},\"image\":{\"@id\":\"https:\/\/www.b-w-international.com\/es\/#\/schema\/logo\/image\/\"}}]}<\/script>","yoast_head_json":{"title":"drone.bag TEX.117.Flip | Bolsa en blanco y negro para DJI Flip - B&amp;W International","robots":{"index":"index","follow":"follow","max-snippet":"max-snippet:-1","max-image-preview":"max-image-preview:large","max-video-preview":"max-video-preview:-1"},"canonical":"https:\/\/www.b-w-international.com\/es\/produkt\/drone-bag-tex-117-flip\/","og_locale":"es_ES","og_type":"article","og_title":"drone.bag TEX.117.Flip | Bolsa en blanco y negro para DJI Flip - B&amp;W International","og_description":"Funda blanda para el dron DJI Flip Compatible con los conjuntos DJI RC-N3, DJI RC 2, Fly More Combo Bolsa de poli\u00e9ster hidr\u00f3fugo Cremallera bidireccional f\u00e1cil de abrir Compartimentaci\u00f3n variable: preconfigurada para el DJI Flip Fly More Combo Dos bolsillos de malla Un compartimento frontal Cabe en el malet\u00edn multiusos B&amp;W bw.case PP.117 El contenido [&hellip;]","og_url":"https:\/\/www.b-w-international.com\/es\/produkt\/drone-bag-tex-117-flip\/","og_site_name":"B&amp;W International","article_modified_time":"2025-07-28T12:45:49+00:00","og_image":[{"width":1920,"height":1920,"url":"https:\/\/www.b-w-international.com\/wp-content\/uploads\/2025\/05\/drone-bag_open-empty_TEX-117-dji-flip_bw-international.jpg","type":"image\/jpeg"}],"twitter_card":"summary_large_image","twitter_misc":{"Tiempo de lectura":"1 minuto"},"schema":{"@context":"https:\/\/schema.org","@graph":[{"@type":"WebPage","@id":"https:\/\/www.b-w-international.com\/es\/produkt\/drone-bag-tex-117-flip\/","url":"https:\/\/www.b-w-international.com\/es\/produkt\/drone-bag-tex-117-flip\/","name":"drone.bag TEX.117.Flip | Bolsa en blanco y negro para DJI Flip - B&amp;W International","isPartOf":{"@id":"https:\/\/www.b-w-international.com\/es\/#website"},"primaryImageOfPage":{"@id":"https:\/\/www.b-w-international.com\/es\/produkt\/drone-bag-tex-117-flip\/#primaryimage"},"image":{"@id":"https:\/\/www.b-w-international.com\/es\/produkt\/drone-bag-tex-117-flip\/#primaryimage"},"thumbnailUrl":"https:\/\/www.b-w-international.com\/wp-content\/uploads\/2025\/05\/drone-bag_open-empty_TEX-117-dji-flip_bw-international.jpg","datePublished":"2025-05-05T07:55:08+00:00","dateModified":"2025-07-28T12:45:49+00:00","breadcrumb":{"@id":"https:\/\/www.b-w-international.com\/es\/produkt\/drone-bag-tex-117-flip\/#breadcrumb"},"inLanguage":"es","potentialAction":[{"@type":"ReadAction","target":["https:\/\/www.b-w-international.com\/es\/produkt\/drone-bag-tex-117-flip\/"]}]},{"@type":"ImageObject","inLanguage":"es","@id":"https:\/\/www.b-w-international.com\/es\/produkt\/drone-bag-tex-117-flip\/#primaryimage","url":"https:\/\/www.b-w-international.com\/wp-content\/uploads\/2025\/05\/drone-bag_open-empty_TEX-117-dji-flip_bw-international.jpg","contentUrl":"https:\/\/www.b-w-international.com\/wp-content\/uploads\/2025\/05\/drone-bag_open-empty_TEX-117-dji-flip_bw-international.jpg","width":1920,"height":1920,"caption":"Schwarze B&W International Tasche mit variabler Innenaufteilung und Netzf\u00e4chern im Deckel \u2013 ideal f\u00fcr Kamera, Werkzeug oder technisches Equipment."},{"@type":"BreadcrumbList","@id":"https:\/\/www.b-w-international.com\/es\/produkt\/drone-bag-tex-117-flip\/#breadcrumb","itemListElement":[{"@type":"ListItem","position":1,"name":"Home","item":"https:\/\/www.b-w-international.com\/es\/"},{"@type":"ListItem","position":2,"name":"Productos","item":"https:\/\/www.b-w-international.com\/es\/tienda\/"},{"@type":"ListItem","position":3,"name":"Maletas para drones y c\u00e1maras","item":"https:\/\/www.b-w-international.com\/es\/produkte\/maletas-para-drones-y-camaras\/"},{"@type":"ListItem","position":4,"name":"drone.bag TEX.117.Flip | Bolsa en blanco y negro para DJI Flip"}]},{"@type":"WebSite","@id":"https:\/\/www.b-w-international.com\/es\/#website","url":"https:\/\/www.b-w-international.com\/es\/","name":"B&W International","description":"","publisher":{"@id":"https:\/\/www.b-w-international.com\/es\/#organization"},"potentialAction":[{"@type":"SearchAction","target":{"@type":"EntryPoint","urlTemplate":"https:\/\/www.b-w-international.com\/es\/?s={search_term_string}"},"query-input":{"@type":"PropertyValueSpecification","valueRequired":true,"valueName":"search_term_string"}}],"inLanguage":"es"},{"@type":"Organization","@id":"https:\/\/www.b-w-international.com\/es\/#organization","name":"B&W International","url":"https:\/\/www.b-w-international.com\/es\/","logo":{"@type":"ImageObject","inLanguage":"es","@id":"https:\/\/www.b-w-international.com\/es\/#\/schema\/logo\/image\/","url":"https:\/\/www.b-w-international.com\/wp-content\/uploads\/2024\/12\/16dbfc312f1eb060e7d95735c00f9ec6.png","contentUrl":"https:\/\/www.b-w-international.com\/wp-content\/uploads\/2024\/12\/16dbfc312f1eb060e7d95735c00f9ec6.png","width":219,"height":82,"caption":"B&W International"},"image":{"@id":"https:\/\/www.b-w-international.com\/es\/#\/schema\/logo\/image\/"}}]}},"_links":{"self":[{"href":"https:\/\/www.b-w-international.com\/es\/wp-json\/wp\/v2\/product\/15208","targetHints":{"allow":["GET"]}}],"collection":[{"href":"https:\/\/www.b-w-international.com\/es\/wp-json\/wp\/v2\/product"}],"about":[{"href":"https:\/\/www.b-w-international.com\/es\/wp-json\/wp\/v2\/types\/product"}],"wp:featuredmedia":[{"embeddable":true,"href":"https:\/\/www.b-w-international.com\/es\/wp-json\/wp\/v2\/media\/12684"}],"wp:attachment":[{"href":"https:\/\/www.b-w-international.com\/es\/wp-json\/wp\/v2\/media?parent=15208"}],"wp:term":[{"taxonomy":"product_brand","embeddable":true,"href":"https:\/\/www.b-w-international.com\/es\/wp-json\/wp\/v2\/product_brand?post=15208"},{"taxonomy":"product_cat","embeddable":true,"href":"https:\/\/www.b-w-international.com\/es\/wp-json\/wp\/v2\/product_cat?post=15208"},{"taxonomy":"product_tag","embeddable":true,"href":"https:\/\/www.b-w-international.com\/es\/wp-json\/wp\/v2\/product_tag?post=15208"}],"curies":[{"name":"wp","href":"https:\/\/api.w.org\/{rel}","templated":true}]}}