{"id":15218,"date":"2025-05-05T09:55:08","date_gmt":"2025-05-05T07:55:08","guid":{"rendered":"https:\/\/www.b-w-international.com\/produkt\/satcom-case-pp-1570-starlink-fhp-bw-maleta-de-transporte-para-el-dispositivo-starlink-flat-high-performance\/"},"modified":"2026-03-18T10:38:42","modified_gmt":"2026-03-18T09:38:42","slug":"satcom-case-pp-1570-starlink-3","status":"publish","type":"product","link":"https:\/\/www.b-w-international.com\/es\/produkt\/satcom-case-pp-1570-starlink-3\/","title":{"rendered":"satcom.case PP.1570. starlink 3 | Maleta de transporte B&amp;W para Starlink Enterprise, Standard V4, Gen2 y Gen3"},"content":{"rendered":"<div>\n<p>UN ESTUCHE<strong>, CUATRO STARLINKS:<\/strong> Un estuche, compatible con varias generaciones de Starlink.<br \/>\nEl sistema modular de adaptadores permite utilizar el mismo estuche para distintas antenas Starlink. Seg\u00fan el modelo, los elementos adaptadores pueden insertarse o extraerse. La maleta se adapta al hardware, no al rev\u00e9s. Esto reduce los costes de almacenamiento, simplifica los procesos y crea seguridad en la inversi\u00f3n. Compatible con Starlink Performance GEN3, Performance GEN2 (Flat High Performance), Standard V4 y Enterprise.<\/p>\n<ul>\n<li>Caja extremadamente robusta: carcasa de polipropileno (PP)<\/li>\n<li>Probado seg\u00fan normas militares<\/li>\n<li>Aeronavegable: v\u00e1lvula autom\u00e1tica de igualaci\u00f3n de presi\u00f3n<\/li>\n<li>Robusto, resistente al polvo y al agua seg\u00fan IP67<\/li>\n<li>Estable a la temperatura de -30\u00b0 C a +80\u00b0 C<\/li>\n<li>Placa identificativa<\/li>\n<li>apilable<\/li>\n<li>Dos ojales para candados (\u00d8 7 mm)<\/li>\n<li>Asa del carro<\/li>\n<li>Asa de transporte engomada<\/li>\n<li>Dos asas laterales<\/li>\n<li>Cinco cierres a presi\u00f3n para una m\u00e1xima protecci\u00f3n<\/li>\n<li>Dos rodillos<\/li>\n<\/ul>\n<p><strong>Los dispositivos Starlink mostrados y sus accesorios no est\u00e1n incluidos en el volumen de suministro.<\/strong><\/p>\n<p>Descarga el <a href=\"https:\/\/www.b-w-international.com\/wp-content\/uploads\/2026\/01\/Flyer_starlink-transport-case-3_EN-bw-international.pdf\"><b>folleto<\/b> <\/a>de la funda de transporte para Starlink Enterprise, Standard V4, Gen2 y Gen3.<\/p>\n<\/div>\n<div style=\"display:flex; gap:10px;justify-content:center\" class=\"wps-pgfw-pdf-generate-icon__wrapper-frontend\">\n\t\t<a  href=\"https:\/\/www.b-w-international.com\/es\/wp-json\/wp\/v2\/product\/15218\/?action=genpdf&amp;id=15218\" class=\"pgfw-single-pdf-download-button\" target=_blank><img src=\"https:\/\/www.b-w-international.com\/wp-content\/uploads\/2025\/03\/icon-download.svg\" title=\"Generar PDF\" style=\"width:auto; height:45px;\"><\/a>\n\t\t<\/div>","protected":false},"excerpt":{"rendered":"<p>UN ESTUCHE, CUATRO STARLINKS: Un estuche, compatible con varias generaciones de Starlink. El sistema modular de adaptadores permite utilizar el mismo estuche para distintas antenas Starlink. Seg\u00fan el modelo, los elementos adaptadores pueden insertarse o extraerse. La maleta se adapta al hardware, no al rev\u00e9s. Esto reduce los costes de almacenamiento, simplifica los procesos y [&hellip;]<\/p>\n","protected":false},"featured_media":23894,"template":"","meta":{"_acf_changed":false},"product_brand":[],"product_cat":[200],"product_tag":[],"class_list":{"0":"post-15218","1":"product","2":"type-product","3":"status-publish","4":"has-post-thumbnail","6":"product_features-2-anos-de-garantia","7":"product_features-2-argollas-para-candados","8":"product_features-apilable","9":"product_features-asa-de-transporte-recubierta-de-goma","10":"product_features-extremadamente-resistente","11":"product_features-rodillos","12":"product_cat-maletas-starlink","13":"pa_farbe-negro","14":"pa_farbe-verde-bronce","16":"first","17":"instock","18":"product-type-variable"},"acf":[],"yoast_head":"<title>satcom.case PP.1570. starlink 3 | Maleta de transporte B&amp;W para Starlink Enterprise, Standard V4, Gen2 y Gen3 - B&amp;W International<\/title>\n<meta name=\"description\" content=\"Maleta B&amp;W Starlink \u2713extremadamente robusta \u2713resistente al agua IP67 \u2713v\u00e1lvula de compensaci\u00f3n de presi\u00f3n \u2713apilable \u2713con carrito \u2794 \u00a1Protege individualmente ahora!\" \/>\n<meta name=\"robots\" content=\"index, follow, max-snippet:-1, max-image-preview:large, max-video-preview:-1\" \/>\n<link rel=\"canonical\" href=\"https:\/\/www.b-w-international.com\/es\/produkt\/satcom-case-pp-1570-starlink-3\/\" \/>\n<meta property=\"og:locale\" content=\"es_ES\" \/>\n<meta property=\"og:type\" content=\"article\" \/>\n<meta property=\"og:title\" content=\"satcom.case PP.1570. starlink 3 | Maleta de transporte B&amp;W para Starlink Enterprise, Standard V4, Gen2 y Gen3 - B&amp;W International\" \/>\n<meta property=\"og:description\" content=\"Maleta B&amp;W Starlink \u2713extremadamente robusta \u2713resistente al agua IP67 \u2713v\u00e1lvula de compensaci\u00f3n de presi\u00f3n \u2713apilable \u2713con carrito \u2794 \u00a1Protege individualmente ahora!\" \/>\n<meta property=\"og:url\" content=\"https:\/\/www.b-w-international.com\/es\/produkt\/satcom-case-pp-1570-starlink-3\/\" \/>\n<meta property=\"og:site_name\" content=\"B&amp;W International\" \/>\n<meta property=\"article:modified_time\" content=\"2026-03-18T09:38:42+00:00\" \/>\n<meta property=\"og:image\" content=\"https:\/\/www.b-w-international.com\/wp-content\/uploads\/2026\/01\/7800_PP-1570_satcom-case_B_starlink-enterprise_open-inlay-side-empty_bw-international.jpg\" \/>\n\t<meta property=\"og:image:width\" content=\"1920\" \/>\n\t<meta property=\"og:image:height\" content=\"1920\" \/>\n\t<meta property=\"og:image:type\" content=\"image\/jpeg\" \/>\n<meta name=\"twitter:card\" content=\"summary_large_image\" \/>\n<meta name=\"twitter:label1\" content=\"Tiempo de lectura\" \/>\n\t<meta name=\"twitter:data1\" content=\"2 minutos\" \/>\n<script type=\"application\/ld+json\" class=\"yoast-schema-graph\">{\"@context\":\"https:\/\/schema.org\",\"@graph\":[{\"@type\":\"WebPage\",\"@id\":\"https:\/\/www.b-w-international.com\/es\/produkt\/satcom-case-pp-1570-starlink-3\/\",\"url\":\"https:\/\/www.b-w-international.com\/es\/produkt\/satcom-case-pp-1570-starlink-3\/\",\"name\":\"satcom.case PP.1570. starlink 3 | Maleta de transporte B&amp;W para Starlink Enterprise, Standard V4, Gen2 y Gen3 - B&amp;W International\",\"isPartOf\":{\"@id\":\"https:\/\/www.b-w-international.com\/es\/#website\"},\"primaryImageOfPage\":{\"@id\":\"https:\/\/www.b-w-international.com\/es\/produkt\/satcom-case-pp-1570-starlink-3\/#primaryimage\"},\"image\":{\"@id\":\"https:\/\/www.b-w-international.com\/es\/produkt\/satcom-case-pp-1570-starlink-3\/#primaryimage\"},\"thumbnailUrl\":\"https:\/\/www.b-w-international.com\/wp-content\/uploads\/2026\/01\/7800_PP-1570_satcom-case_B_starlink-enterprise_open-inlay-side-empty_bw-international.jpg\",\"datePublished\":\"2025-05-05T07:55:08+00:00\",\"dateModified\":\"2026-03-18T09:38:42+00:00\",\"description\":\"Maleta B&W Starlink \u2713extremadamente robusta \u2713resistente al agua IP67 \u2713v\u00e1lvula de compensaci\u00f3n de presi\u00f3n \u2713apilable \u2713con carrito \u2794 \u00a1Protege individualmente ahora!\",\"breadcrumb\":{\"@id\":\"https:\/\/www.b-w-international.com\/es\/produkt\/satcom-case-pp-1570-starlink-3\/#breadcrumb\"},\"inLanguage\":\"es\",\"potentialAction\":[{\"@type\":\"ReadAction\",\"target\":[\"https:\/\/www.b-w-international.com\/es\/produkt\/satcom-case-pp-1570-starlink-3\/\"]}]},{\"@type\":\"ImageObject\",\"inLanguage\":\"es\",\"@id\":\"https:\/\/www.b-w-international.com\/es\/produkt\/satcom-case-pp-1570-starlink-3\/#primaryimage\",\"url\":\"https:\/\/www.b-w-international.com\/wp-content\/uploads\/2026\/01\/7800_PP-1570_satcom-case_B_starlink-enterprise_open-inlay-side-empty_bw-international.jpg\",\"contentUrl\":\"https:\/\/www.b-w-international.com\/wp-content\/uploads\/2026\/01\/7800_PP-1570_satcom-case_B_starlink-enterprise_open-inlay-side-empty_bw-international.jpg\",\"width\":1920,\"height\":1920,\"caption\":\"Enterprise\"},{\"@type\":\"BreadcrumbList\",\"@id\":\"https:\/\/www.b-w-international.com\/es\/produkt\/satcom-case-pp-1570-starlink-3\/#breadcrumb\",\"itemListElement\":[{\"@type\":\"ListItem\",\"position\":1,\"name\":\"Home\",\"item\":\"https:\/\/www.b-w-international.com\/es\/\"},{\"@type\":\"ListItem\",\"position\":2,\"name\":\"Productos\",\"item\":\"https:\/\/www.b-w-international.com\/es\/tienda\/\"},{\"@type\":\"ListItem\",\"position\":3,\"name\":\"Maletas Starlink\",\"item\":\"https:\/\/www.b-w-international.com\/es\/produkte\/maletas-starlink\/\"},{\"@type\":\"ListItem\",\"position\":4,\"name\":\"satcom.case PP.1570. starlink 3 | Maleta de transporte B&amp;W para Starlink Enterprise, Standard V4, Gen2 y Gen3\"}]},{\"@type\":\"WebSite\",\"@id\":\"https:\/\/www.b-w-international.com\/es\/#website\",\"url\":\"https:\/\/www.b-w-international.com\/es\/\",\"name\":\"B&W International\",\"description\":\"\",\"publisher\":{\"@id\":\"https:\/\/www.b-w-international.com\/es\/#organization\"},\"potentialAction\":[{\"@type\":\"SearchAction\",\"target\":{\"@type\":\"EntryPoint\",\"urlTemplate\":\"https:\/\/www.b-w-international.com\/es\/?s={search_term_string}\"},\"query-input\":{\"@type\":\"PropertyValueSpecification\",\"valueRequired\":true,\"valueName\":\"search_term_string\"}}],\"inLanguage\":\"es\"},{\"@type\":\"Organization\",\"@id\":\"https:\/\/www.b-w-international.com\/es\/#organization\",\"name\":\"B&W International\",\"url\":\"https:\/\/www.b-w-international.com\/es\/\",\"logo\":{\"@type\":\"ImageObject\",\"inLanguage\":\"es\",\"@id\":\"https:\/\/www.b-w-international.com\/es\/#\/schema\/logo\/image\/\",\"url\":\"https:\/\/www.b-w-international.com\/wp-content\/uploads\/2024\/12\/16dbfc312f1eb060e7d95735c00f9ec6.png\",\"contentUrl\":\"https:\/\/www.b-w-international.com\/wp-content\/uploads\/2024\/12\/16dbfc312f1eb060e7d95735c00f9ec6.png\",\"width\":219,\"height\":82,\"caption\":\"B&W International\"},\"image\":{\"@id\":\"https:\/\/www.b-w-international.com\/es\/#\/schema\/logo\/image\/\"}}]}<\/script>","yoast_head_json":{"title":"satcom.case PP.1570. starlink 3 | Maleta de transporte B&amp;W para Starlink Enterprise, Standard V4, Gen2 y Gen3 - B&amp;W International","description":"Maleta B&W Starlink \u2713extremadamente robusta \u2713resistente al agua IP67 \u2713v\u00e1lvula de compensaci\u00f3n de presi\u00f3n \u2713apilable \u2713con carrito \u2794 \u00a1Protege individualmente ahora!","robots":{"index":"index","follow":"follow","max-snippet":"max-snippet:-1","max-image-preview":"max-image-preview:large","max-video-preview":"max-video-preview:-1"},"canonical":"https:\/\/www.b-w-international.com\/es\/produkt\/satcom-case-pp-1570-starlink-3\/","og_locale":"es_ES","og_type":"article","og_title":"satcom.case PP.1570. starlink 3 | Maleta de transporte B&amp;W para Starlink Enterprise, Standard V4, Gen2 y Gen3 - B&amp;W International","og_description":"Maleta B&W Starlink \u2713extremadamente robusta \u2713resistente al agua IP67 \u2713v\u00e1lvula de compensaci\u00f3n de presi\u00f3n \u2713apilable \u2713con carrito \u2794 \u00a1Protege individualmente ahora!","og_url":"https:\/\/www.b-w-international.com\/es\/produkt\/satcom-case-pp-1570-starlink-3\/","og_site_name":"B&amp;W International","article_modified_time":"2026-03-18T09:38:42+00:00","og_image":[{"width":1920,"height":1920,"url":"https:\/\/www.b-w-international.com\/wp-content\/uploads\/2026\/01\/7800_PP-1570_satcom-case_B_starlink-enterprise_open-inlay-side-empty_bw-international.jpg","type":"image\/jpeg"}],"twitter_card":"summary_large_image","twitter_misc":{"Tiempo de lectura":"2 minutos"},"schema":{"@context":"https:\/\/schema.org","@graph":[{"@type":"WebPage","@id":"https:\/\/www.b-w-international.com\/es\/produkt\/satcom-case-pp-1570-starlink-3\/","url":"https:\/\/www.b-w-international.com\/es\/produkt\/satcom-case-pp-1570-starlink-3\/","name":"satcom.case PP.1570. starlink 3 | Maleta de transporte B&amp;W para Starlink Enterprise, Standard V4, Gen2 y Gen3 - B&amp;W International","isPartOf":{"@id":"https:\/\/www.b-w-international.com\/es\/#website"},"primaryImageOfPage":{"@id":"https:\/\/www.b-w-international.com\/es\/produkt\/satcom-case-pp-1570-starlink-3\/#primaryimage"},"image":{"@id":"https:\/\/www.b-w-international.com\/es\/produkt\/satcom-case-pp-1570-starlink-3\/#primaryimage"},"thumbnailUrl":"https:\/\/www.b-w-international.com\/wp-content\/uploads\/2026\/01\/7800_PP-1570_satcom-case_B_starlink-enterprise_open-inlay-side-empty_bw-international.jpg","datePublished":"2025-05-05T07:55:08+00:00","dateModified":"2026-03-18T09:38:42+00:00","description":"Maleta B&W Starlink \u2713extremadamente robusta \u2713resistente al agua IP67 \u2713v\u00e1lvula de compensaci\u00f3n de presi\u00f3n \u2713apilable \u2713con carrito \u2794 \u00a1Protege individualmente ahora!","breadcrumb":{"@id":"https:\/\/www.b-w-international.com\/es\/produkt\/satcom-case-pp-1570-starlink-3\/#breadcrumb"},"inLanguage":"es","potentialAction":[{"@type":"ReadAction","target":["https:\/\/www.b-w-international.com\/es\/produkt\/satcom-case-pp-1570-starlink-3\/"]}]},{"@type":"ImageObject","inLanguage":"es","@id":"https:\/\/www.b-w-international.com\/es\/produkt\/satcom-case-pp-1570-starlink-3\/#primaryimage","url":"https:\/\/www.b-w-international.com\/wp-content\/uploads\/2026\/01\/7800_PP-1570_satcom-case_B_starlink-enterprise_open-inlay-side-empty_bw-international.jpg","contentUrl":"https:\/\/www.b-w-international.com\/wp-content\/uploads\/2026\/01\/7800_PP-1570_satcom-case_B_starlink-enterprise_open-inlay-side-empty_bw-international.jpg","width":1920,"height":1920,"caption":"Enterprise"},{"@type":"BreadcrumbList","@id":"https:\/\/www.b-w-international.com\/es\/produkt\/satcom-case-pp-1570-starlink-3\/#breadcrumb","itemListElement":[{"@type":"ListItem","position":1,"name":"Home","item":"https:\/\/www.b-w-international.com\/es\/"},{"@type":"ListItem","position":2,"name":"Productos","item":"https:\/\/www.b-w-international.com\/es\/tienda\/"},{"@type":"ListItem","position":3,"name":"Maletas Starlink","item":"https:\/\/www.b-w-international.com\/es\/produkte\/maletas-starlink\/"},{"@type":"ListItem","position":4,"name":"satcom.case PP.1570. starlink 3 | Maleta de transporte B&amp;W para Starlink Enterprise, Standard V4, Gen2 y Gen3"}]},{"@type":"WebSite","@id":"https:\/\/www.b-w-international.com\/es\/#website","url":"https:\/\/www.b-w-international.com\/es\/","name":"B&W International","description":"","publisher":{"@id":"https:\/\/www.b-w-international.com\/es\/#organization"},"potentialAction":[{"@type":"SearchAction","target":{"@type":"EntryPoint","urlTemplate":"https:\/\/www.b-w-international.com\/es\/?s={search_term_string}"},"query-input":{"@type":"PropertyValueSpecification","valueRequired":true,"valueName":"search_term_string"}}],"inLanguage":"es"},{"@type":"Organization","@id":"https:\/\/www.b-w-international.com\/es\/#organization","name":"B&W International","url":"https:\/\/www.b-w-international.com\/es\/","logo":{"@type":"ImageObject","inLanguage":"es","@id":"https:\/\/www.b-w-international.com\/es\/#\/schema\/logo\/image\/","url":"https:\/\/www.b-w-international.com\/wp-content\/uploads\/2024\/12\/16dbfc312f1eb060e7d95735c00f9ec6.png","contentUrl":"https:\/\/www.b-w-international.com\/wp-content\/uploads\/2024\/12\/16dbfc312f1eb060e7d95735c00f9ec6.png","width":219,"height":82,"caption":"B&W International"},"image":{"@id":"https:\/\/www.b-w-international.com\/es\/#\/schema\/logo\/image\/"}}]}},"_links":{"self":[{"href":"https:\/\/www.b-w-international.com\/es\/wp-json\/wp\/v2\/product\/15218","targetHints":{"allow":["GET"]}}],"collection":[{"href":"https:\/\/www.b-w-international.com\/es\/wp-json\/wp\/v2\/product"}],"about":[{"href":"https:\/\/www.b-w-international.com\/es\/wp-json\/wp\/v2\/types\/product"}],"wp:featuredmedia":[{"embeddable":true,"href":"https:\/\/www.b-w-international.com\/es\/wp-json\/wp\/v2\/media\/23894"}],"wp:attachment":[{"href":"https:\/\/www.b-w-international.com\/es\/wp-json\/wp\/v2\/media?parent=15218"}],"wp:term":[{"taxonomy":"product_brand","embeddable":true,"href":"https:\/\/www.b-w-international.com\/es\/wp-json\/wp\/v2\/product_brand?post=15218"},{"taxonomy":"product_cat","embeddable":true,"href":"https:\/\/www.b-w-international.com\/es\/wp-json\/wp\/v2\/product_cat?post=15218"},{"taxonomy":"product_tag","embeddable":true,"href":"https:\/\/www.b-w-international.com\/es\/wp-json\/wp\/v2\/product_tag?post=15218"}],"curies":[{"name":"wp","href":"https:\/\/api.w.org\/{rel}","templated":true}]}}