{"id":15271,"date":"2025-05-05T09:54:49","date_gmt":"2025-05-05T07:54:49","guid":{"rendered":"https:\/\/www.b-w-international.com\/produkt\/bolsa-de-malla-mb-bolsa-de-malla-para-maletas-de-exterior-en-blanco-y-negro\/"},"modified":"2026-03-27T10:28:36","modified_gmt":"2026-03-27T09:28:36","slug":"mesh-bag-mb","status":"publish","type":"product","link":"https:\/\/www.b-w-international.com\/es\/produkt\/mesh-bag-mb\/","title":{"rendered":"mesh.bag MB | bolsa.malla (MB) para bw.cases"},"content":{"rendered":"<div>\n<ul>\n<li>Disponible para los casos PP.23 &#8211; PP.1570, PP.860 y PP.1450 est\u00e1n excluidos<\/li>\n<li>Fijaci\u00f3n con velcro, lazo en la tapa de la maleta para PP.23<\/li>\n<li>Fijaci\u00f3n mediante los tornillos incluidos en el volumen de suministro para PP.41 &#8211; PP.1570<\/li>\n<\/ul>\n<\/div>\n<div style=\"display:flex; gap:10px;justify-content:center\" class=\"wps-pgfw-pdf-generate-icon__wrapper-frontend\">\n\t\t<a  href=\"https:\/\/www.b-w-international.com\/es\/wp-json\/wp\/v2\/product\/15271\/?action=genpdf&amp;id=15271\" class=\"pgfw-single-pdf-download-button\" target=_blank><img src=\"https:\/\/www.b-w-international.com\/wp-content\/uploads\/2025\/03\/icon-download.svg\" title=\"Generar PDF\" style=\"width:auto; height:45px;\"><\/a>\n\t\t<\/div>","protected":false},"excerpt":{"rendered":"<p>Disponible para los casos PP.23 &#8211; PP.1570, PP.860 y PP.1450 est\u00e1n excluidos Fijaci\u00f3n con velcro, lazo en la tapa de la maleta para PP.23 Fijaci\u00f3n mediante los tornillos incluidos en el volumen de suministro para PP.41 &#8211; PP.1570<\/p>\n","protected":false},"featured_media":13271,"template":"","meta":{"_acf_changed":false},"product_brand":[],"product_cat":[173,434],"product_tag":[],"class_list":{"0":"post-15271","1":"product","2":"type-product","3":"status-publish","4":"has-post-thumbnail","6":"product_cat-accesorios-maletin-multiusos","7":"product_cat-accesorios-foto-y-video","9":"first","10":"instock","11":"product-type-simple"},"acf":[],"yoast_head":"<title>mesh.bag MB | bolsa.malla (MB) para bw.cases - B&amp;W International<\/title>\n<meta name=\"description\" content=\"Bolsa de malla B&amp;W para maletas de exterior \u2713Para piezas peque\u00f1as \u2713Con cierre de cremallera \u2713F\u00e1cil sujeci\u00f3n \u2713De material resistente a la rotura \u2794 \u00a1Desc\u00fabrela ahora!\" \/>\n<meta name=\"robots\" content=\"index, follow, max-snippet:-1, max-image-preview:large, max-video-preview:-1\" \/>\n<link rel=\"canonical\" href=\"https:\/\/www.b-w-international.com\/es\/produkt\/mesh-bag-mb\/\" \/>\n<meta property=\"og:locale\" content=\"es_ES\" \/>\n<meta property=\"og:type\" content=\"article\" \/>\n<meta property=\"og:title\" content=\"mesh.bag MB | bolsa.malla (MB) para bw.cases - B&amp;W International\" \/>\n<meta property=\"og:description\" content=\"Bolsa de malla B&amp;W para maletas de exterior \u2713Para piezas peque\u00f1as \u2713Con cierre de cremallera \u2713F\u00e1cil sujeci\u00f3n \u2713De material resistente a la rotura \u2794 \u00a1Desc\u00fabrela ahora!\" \/>\n<meta property=\"og:url\" content=\"https:\/\/www.b-w-international.com\/es\/produkt\/mesh-bag-mb\/\" \/>\n<meta property=\"og:site_name\" content=\"B&amp;W International\" \/>\n<meta property=\"article:modified_time\" content=\"2026-03-27T09:28:36+00:00\" \/>\n<meta property=\"og:image\" content=\"https:\/\/www.b-w-international.com\/wp-content\/uploads\/2025\/05\/4000_PP-166_Y_MB_accessories_bw-international.jpg\" \/>\n\t<meta property=\"og:image:width\" content=\"1920\" \/>\n\t<meta property=\"og:image:height\" content=\"1920\" \/>\n\t<meta property=\"og:image:type\" content=\"image\/jpeg\" \/>\n<meta name=\"twitter:card\" content=\"summary_large_image\" \/>\n<meta name=\"twitter:label1\" content=\"Tiempo de lectura\" \/>\n\t<meta name=\"twitter:data1\" content=\"1 minuto\" \/>\n<script type=\"application\/ld+json\" class=\"yoast-schema-graph\">{\"@context\":\"https:\/\/schema.org\",\"@graph\":[{\"@type\":\"WebPage\",\"@id\":\"https:\/\/www.b-w-international.com\/es\/produkt\/mesh-bag-mb\/\",\"url\":\"https:\/\/www.b-w-international.com\/es\/produkt\/mesh-bag-mb\/\",\"name\":\"mesh.bag MB | bolsa.malla (MB) para bw.cases - B&amp;W International\",\"isPartOf\":{\"@id\":\"https:\/\/www.b-w-international.com\/es\/#website\"},\"primaryImageOfPage\":{\"@id\":\"https:\/\/www.b-w-international.com\/es\/produkt\/mesh-bag-mb\/#primaryimage\"},\"image\":{\"@id\":\"https:\/\/www.b-w-international.com\/es\/produkt\/mesh-bag-mb\/#primaryimage\"},\"thumbnailUrl\":\"https:\/\/www.b-w-international.com\/wp-content\/uploads\/2025\/05\/4000_PP-166_Y_MB_accessories_bw-international.jpg\",\"datePublished\":\"2025-05-05T07:54:49+00:00\",\"dateModified\":\"2026-03-27T09:28:36+00:00\",\"description\":\"Bolsa de malla B&W para maletas de exterior \u2713Para piezas peque\u00f1as \u2713Con cierre de cremallera \u2713F\u00e1cil sujeci\u00f3n \u2713De material resistente a la rotura \u2794 \u00a1Desc\u00fabrela ahora!\",\"breadcrumb\":{\"@id\":\"https:\/\/www.b-w-international.com\/es\/produkt\/mesh-bag-mb\/#breadcrumb\"},\"inLanguage\":\"es\",\"potentialAction\":[{\"@type\":\"ReadAction\",\"target\":[\"https:\/\/www.b-w-international.com\/es\/produkt\/mesh-bag-mb\/\"]}]},{\"@type\":\"ImageObject\",\"inLanguage\":\"es\",\"@id\":\"https:\/\/www.b-w-international.com\/es\/produkt\/mesh-bag-mb\/#primaryimage\",\"url\":\"https:\/\/www.b-w-international.com\/wp-content\/uploads\/2025\/05\/4000_PP-166_Y_MB_accessories_bw-international.jpg\",\"contentUrl\":\"https:\/\/www.b-w-international.com\/wp-content\/uploads\/2025\/05\/4000_PP-166_Y_MB_accessories_bw-international.jpg\",\"width\":1920,\"height\":1920,\"caption\":\"Maleta protectora amarilla abierta de B&amp;W International con bolsillo de malla en la tapa, ideal para transportar con seguridad equipos delicados.\"},{\"@type\":\"BreadcrumbList\",\"@id\":\"https:\/\/www.b-w-international.com\/es\/produkt\/mesh-bag-mb\/#breadcrumb\",\"itemListElement\":[{\"@type\":\"ListItem\",\"position\":1,\"name\":\"Home\",\"item\":\"https:\/\/www.b-w-international.com\/es\/\"},{\"@type\":\"ListItem\",\"position\":2,\"name\":\"Productos\",\"item\":\"https:\/\/www.b-w-international.com\/es\/tienda\/\"},{\"@type\":\"ListItem\",\"position\":3,\"name\":\"Maletas multiusos\",\"item\":\"https:\/\/www.b-w-international.com\/es\/produkte\/maletas-multiusos\/\"},{\"@type\":\"ListItem\",\"position\":4,\"name\":\"Accesorios\",\"item\":\"https:\/\/www.b-w-international.com\/es\/produkte\/maletas-multiusos\/accesorios-maletin-multiusos\/\"},{\"@type\":\"ListItem\",\"position\":5,\"name\":\"mesh.bag MB | bolsa.malla (MB) para bw.cases\"}]},{\"@type\":\"WebSite\",\"@id\":\"https:\/\/www.b-w-international.com\/es\/#website\",\"url\":\"https:\/\/www.b-w-international.com\/es\/\",\"name\":\"B&W International\",\"description\":\"\",\"publisher\":{\"@id\":\"https:\/\/www.b-w-international.com\/es\/#organization\"},\"potentialAction\":[{\"@type\":\"SearchAction\",\"target\":{\"@type\":\"EntryPoint\",\"urlTemplate\":\"https:\/\/www.b-w-international.com\/es\/?s={search_term_string}\"},\"query-input\":{\"@type\":\"PropertyValueSpecification\",\"valueRequired\":true,\"valueName\":\"search_term_string\"}}],\"inLanguage\":\"es\"},{\"@type\":\"Organization\",\"@id\":\"https:\/\/www.b-w-international.com\/es\/#organization\",\"name\":\"B&W International\",\"url\":\"https:\/\/www.b-w-international.com\/es\/\",\"logo\":{\"@type\":\"ImageObject\",\"inLanguage\":\"es\",\"@id\":\"https:\/\/www.b-w-international.com\/es\/#\/schema\/logo\/image\/\",\"url\":\"https:\/\/www.b-w-international.com\/wp-content\/uploads\/2024\/12\/16dbfc312f1eb060e7d95735c00f9ec6.png\",\"contentUrl\":\"https:\/\/www.b-w-international.com\/wp-content\/uploads\/2024\/12\/16dbfc312f1eb060e7d95735c00f9ec6.png\",\"width\":219,\"height\":82,\"caption\":\"B&W International\"},\"image\":{\"@id\":\"https:\/\/www.b-w-international.com\/es\/#\/schema\/logo\/image\/\"}}]}<\/script>","yoast_head_json":{"title":"mesh.bag MB | bolsa.malla (MB) para bw.cases - B&amp;W International","description":"Bolsa de malla B&W para maletas de exterior \u2713Para piezas peque\u00f1as \u2713Con cierre de cremallera \u2713F\u00e1cil sujeci\u00f3n \u2713De material resistente a la rotura \u2794 \u00a1Desc\u00fabrela ahora!","robots":{"index":"index","follow":"follow","max-snippet":"max-snippet:-1","max-image-preview":"max-image-preview:large","max-video-preview":"max-video-preview:-1"},"canonical":"https:\/\/www.b-w-international.com\/es\/produkt\/mesh-bag-mb\/","og_locale":"es_ES","og_type":"article","og_title":"mesh.bag MB | bolsa.malla (MB) para bw.cases - B&amp;W International","og_description":"Bolsa de malla B&W para maletas de exterior \u2713Para piezas peque\u00f1as \u2713Con cierre de cremallera \u2713F\u00e1cil sujeci\u00f3n \u2713De material resistente a la rotura \u2794 \u00a1Desc\u00fabrela ahora!","og_url":"https:\/\/www.b-w-international.com\/es\/produkt\/mesh-bag-mb\/","og_site_name":"B&amp;W International","article_modified_time":"2026-03-27T09:28:36+00:00","og_image":[{"width":1920,"height":1920,"url":"https:\/\/www.b-w-international.com\/wp-content\/uploads\/2025\/05\/4000_PP-166_Y_MB_accessories_bw-international.jpg","type":"image\/jpeg"}],"twitter_card":"summary_large_image","twitter_misc":{"Tiempo de lectura":"1 minuto"},"schema":{"@context":"https:\/\/schema.org","@graph":[{"@type":"WebPage","@id":"https:\/\/www.b-w-international.com\/es\/produkt\/mesh-bag-mb\/","url":"https:\/\/www.b-w-international.com\/es\/produkt\/mesh-bag-mb\/","name":"mesh.bag MB | bolsa.malla (MB) para bw.cases - B&amp;W International","isPartOf":{"@id":"https:\/\/www.b-w-international.com\/es\/#website"},"primaryImageOfPage":{"@id":"https:\/\/www.b-w-international.com\/es\/produkt\/mesh-bag-mb\/#primaryimage"},"image":{"@id":"https:\/\/www.b-w-international.com\/es\/produkt\/mesh-bag-mb\/#primaryimage"},"thumbnailUrl":"https:\/\/www.b-w-international.com\/wp-content\/uploads\/2025\/05\/4000_PP-166_Y_MB_accessories_bw-international.jpg","datePublished":"2025-05-05T07:54:49+00:00","dateModified":"2026-03-27T09:28:36+00:00","description":"Bolsa de malla B&W para maletas de exterior \u2713Para piezas peque\u00f1as \u2713Con cierre de cremallera \u2713F\u00e1cil sujeci\u00f3n \u2713De material resistente a la rotura \u2794 \u00a1Desc\u00fabrela ahora!","breadcrumb":{"@id":"https:\/\/www.b-w-international.com\/es\/produkt\/mesh-bag-mb\/#breadcrumb"},"inLanguage":"es","potentialAction":[{"@type":"ReadAction","target":["https:\/\/www.b-w-international.com\/es\/produkt\/mesh-bag-mb\/"]}]},{"@type":"ImageObject","inLanguage":"es","@id":"https:\/\/www.b-w-international.com\/es\/produkt\/mesh-bag-mb\/#primaryimage","url":"https:\/\/www.b-w-international.com\/wp-content\/uploads\/2025\/05\/4000_PP-166_Y_MB_accessories_bw-international.jpg","contentUrl":"https:\/\/www.b-w-international.com\/wp-content\/uploads\/2025\/05\/4000_PP-166_Y_MB_accessories_bw-international.jpg","width":1920,"height":1920,"caption":"Maleta protectora amarilla abierta de B&amp;W International con bolsillo de malla en la tapa, ideal para transportar con seguridad equipos delicados."},{"@type":"BreadcrumbList","@id":"https:\/\/www.b-w-international.com\/es\/produkt\/mesh-bag-mb\/#breadcrumb","itemListElement":[{"@type":"ListItem","position":1,"name":"Home","item":"https:\/\/www.b-w-international.com\/es\/"},{"@type":"ListItem","position":2,"name":"Productos","item":"https:\/\/www.b-w-international.com\/es\/tienda\/"},{"@type":"ListItem","position":3,"name":"Maletas multiusos","item":"https:\/\/www.b-w-international.com\/es\/produkte\/maletas-multiusos\/"},{"@type":"ListItem","position":4,"name":"Accesorios","item":"https:\/\/www.b-w-international.com\/es\/produkte\/maletas-multiusos\/accesorios-maletin-multiusos\/"},{"@type":"ListItem","position":5,"name":"mesh.bag MB | bolsa.malla (MB) para bw.cases"}]},{"@type":"WebSite","@id":"https:\/\/www.b-w-international.com\/es\/#website","url":"https:\/\/www.b-w-international.com\/es\/","name":"B&W International","description":"","publisher":{"@id":"https:\/\/www.b-w-international.com\/es\/#organization"},"potentialAction":[{"@type":"SearchAction","target":{"@type":"EntryPoint","urlTemplate":"https:\/\/www.b-w-international.com\/es\/?s={search_term_string}"},"query-input":{"@type":"PropertyValueSpecification","valueRequired":true,"valueName":"search_term_string"}}],"inLanguage":"es"},{"@type":"Organization","@id":"https:\/\/www.b-w-international.com\/es\/#organization","name":"B&W International","url":"https:\/\/www.b-w-international.com\/es\/","logo":{"@type":"ImageObject","inLanguage":"es","@id":"https:\/\/www.b-w-international.com\/es\/#\/schema\/logo\/image\/","url":"https:\/\/www.b-w-international.com\/wp-content\/uploads\/2024\/12\/16dbfc312f1eb060e7d95735c00f9ec6.png","contentUrl":"https:\/\/www.b-w-international.com\/wp-content\/uploads\/2024\/12\/16dbfc312f1eb060e7d95735c00f9ec6.png","width":219,"height":82,"caption":"B&W International"},"image":{"@id":"https:\/\/www.b-w-international.com\/es\/#\/schema\/logo\/image\/"}}]}},"_links":{"self":[{"href":"https:\/\/www.b-w-international.com\/es\/wp-json\/wp\/v2\/product\/15271","targetHints":{"allow":["GET"]}}],"collection":[{"href":"https:\/\/www.b-w-international.com\/es\/wp-json\/wp\/v2\/product"}],"about":[{"href":"https:\/\/www.b-w-international.com\/es\/wp-json\/wp\/v2\/types\/product"}],"wp:featuredmedia":[{"embeddable":true,"href":"https:\/\/www.b-w-international.com\/es\/wp-json\/wp\/v2\/media\/13271"}],"wp:attachment":[{"href":"https:\/\/www.b-w-international.com\/es\/wp-json\/wp\/v2\/media?parent=15271"}],"wp:term":[{"taxonomy":"product_brand","embeddable":true,"href":"https:\/\/www.b-w-international.com\/es\/wp-json\/wp\/v2\/product_brand?post=15271"},{"taxonomy":"product_cat","embeddable":true,"href":"https:\/\/www.b-w-international.com\/es\/wp-json\/wp\/v2\/product_cat?post=15271"},{"taxonomy":"product_tag","embeddable":true,"href":"https:\/\/www.b-w-international.com\/es\/wp-json\/wp\/v2\/product_tag?post=15271"}],"curies":[{"name":"wp","href":"https:\/\/api.w.org\/{rel}","templated":true}]}}