{"id":15304,"date":"2025-05-05T09:54:49","date_gmt":"2025-05-05T07:54:49","guid":{"rendered":"https:\/\/www.b-w-international.com\/produkt\/caja-herramienta-pp-293-jet-6000\/"},"modified":"2026-01-26T14:53:37","modified_gmt":"2026-01-26T13:53:37","slug":"tool-case-pp-293-jet-6000","status":"publish","type":"product","link":"https:\/\/www.b-w-international.com\/es\/produkt\/tool-case-pp-293-jet-6000\/","title":{"rendered":"caja.herramienta PP.293 | JET 6000"},"content":{"rendered":"<div>\n<ul>\n<li>Malet\u00edn de herramientas extremadamente robusto: Carcasa de polipropileno (PP)<\/li>\n<li>Airworthy: v\u00e1lvula de compensaci\u00f3n autom\u00e1tica de la presi\u00f3n del aire<\/li>\n<li>Dise\u00f1o del producto: 38 bolsillos para herramientas + 66 bucles para herramientas<\/li>\n<li>Apilable<\/li>\n<li>Protegido de salpicaduras de agua<\/li>\n<li>Temperatura estable de -30 \u00b0C a +80 \u00b0C<\/li>\n<li>Asa de transporte engomada<\/li>\n<li>2 ojales para candado<\/li>\n<li>Bandeja base con sistema divisor de aluminio<\/li>\n<li>Con etiquetado de propiedad<\/li>\n<li>2 a\u00f1os de garant\u00eda<\/li>\n<\/ul>\n<\/div>\n<div style=\"display:flex; gap:10px;justify-content:center\" class=\"wps-pgfw-pdf-generate-icon__wrapper-frontend\">\n\t\t<a  href=\"https:\/\/www.b-w-international.com\/es\/wp-json\/wp\/v2\/product\/15304\/?action=genpdf&amp;id=15304\" class=\"pgfw-single-pdf-download-button\" target=_blank><img src=\"https:\/\/www.b-w-international.com\/wp-content\/uploads\/2025\/03\/icon-download.svg\" title=\"Generar PDF\" style=\"width:auto; height:45px;\"><\/a>\n\t\t<\/div>","protected":false},"excerpt":{"rendered":"<p>Malet\u00edn de herramientas extremadamente robusto: Carcasa de polipropileno (PP) Airworthy: v\u00e1lvula de compensaci\u00f3n autom\u00e1tica de la presi\u00f3n del aire Dise\u00f1o del producto: 38 bolsillos para herramientas + 66 bucles para herramientas Apilable Protegido de salpicaduras de agua Temperatura estable de -30 \u00b0C a +80 \u00b0C Asa de transporte engomada 2 ojales para candado Bandeja base [&hellip;]<\/p>\n","protected":false},"featured_media":13778,"template":"","meta":{"_acf_changed":false},"product_brand":[],"product_cat":[212,442],"product_tag":[],"class_list":{"0":"post-15304","1":"product","2":"type-product","3":"status-publish","4":"has-post-thumbnail","6":"product_features-2-anos-de-garantia","7":"product_features-2-argollas-para-candados","8":"product_features-apilable","9":"product_features-apto-para-volar","10":"product_features-asa-de-transporte-recubierta-de-goma","11":"product_features-extremadamente-resistente","12":"product_features-resistente-a-la-temperatura","13":"product_cat-maletas-para-herramientas","14":"product_cat-maletas-y-bolsas-para-herramientas","15":"pa_farbe-negro","17":"first","18":"instock","19":"product-type-simple"},"acf":[],"yoast_head":"<title>malet\u00edn herramientas PP.293 | malet\u00edn herramientas JET 6000<\/title>\n<meta name=\"description\" content=\"Malet\u00edn de herramientas B&amp;W PP.293 JET 6000 \u2713S\u00f3lido malet\u00edn de polipropileno \u271338 bolsillos para herramientas y 66 lazos para herramientas \u2713Con cierre \u2794 \u00a1Perfectamente organizado!\" \/>\n<meta name=\"robots\" content=\"index, follow, max-snippet:-1, max-image-preview:large, max-video-preview:-1\" \/>\n<link rel=\"canonical\" href=\"https:\/\/www.b-w-international.com\/es\/produkt\/tool-case-pp-293-jet-6000\/\" \/>\n<meta property=\"og:locale\" content=\"es_ES\" \/>\n<meta property=\"og:type\" content=\"article\" \/>\n<meta property=\"og:title\" content=\"malet\u00edn herramientas PP.293 | malet\u00edn herramientas JET 6000\" \/>\n<meta property=\"og:description\" content=\"Malet\u00edn de herramientas B&amp;W PP.293 JET 6000 \u2713S\u00f3lido malet\u00edn de polipropileno \u271338 bolsillos para herramientas y 66 lazos para herramientas \u2713Con cierre \u2794 \u00a1Perfectamente organizado!\" \/>\n<meta property=\"og:url\" content=\"https:\/\/www.b-w-international.com\/es\/produkt\/tool-case-pp-293-jet-6000\/\" \/>\n<meta property=\"og:site_name\" content=\"B&amp;W International\" \/>\n<meta property=\"article:modified_time\" content=\"2026-01-26T13:53:37+00:00\" \/>\n<meta property=\"og:image\" content=\"https:\/\/www.b-w-international.com\/wp-content\/uploads\/2025\/05\/tool-case_PP-293_Jet-6000_P_open-empty-side_bw-international.jpg\" \/>\n\t<meta property=\"og:image:width\" content=\"1920\" \/>\n\t<meta property=\"og:image:height\" content=\"1920\" \/>\n\t<meta property=\"og:image:type\" content=\"image\/jpeg\" \/>\n<meta name=\"twitter:card\" content=\"summary_large_image\" \/>\n<meta name=\"twitter:label1\" content=\"Tiempo de lectura\" \/>\n\t<meta name=\"twitter:data1\" content=\"1 minuto\" \/>\n<script type=\"application\/ld+json\" class=\"yoast-schema-graph\">{\"@context\":\"https:\/\/schema.org\",\"@graph\":[{\"@type\":\"WebPage\",\"@id\":\"https:\/\/www.b-w-international.com\/es\/produkt\/tool-case-pp-293-jet-6000\/\",\"url\":\"https:\/\/www.b-w-international.com\/es\/produkt\/tool-case-pp-293-jet-6000\/\",\"name\":\"malet\u00edn herramientas PP.293 | malet\u00edn herramientas JET 6000\",\"isPartOf\":{\"@id\":\"https:\/\/www.b-w-international.com\/es\/#website\"},\"primaryImageOfPage\":{\"@id\":\"https:\/\/www.b-w-international.com\/es\/produkt\/tool-case-pp-293-jet-6000\/#primaryimage\"},\"image\":{\"@id\":\"https:\/\/www.b-w-international.com\/es\/produkt\/tool-case-pp-293-jet-6000\/#primaryimage\"},\"thumbnailUrl\":\"https:\/\/www.b-w-international.com\/wp-content\/uploads\/2025\/05\/tool-case_PP-293_Jet-6000_P_open-empty-side_bw-international.jpg\",\"datePublished\":\"2025-05-05T07:54:49+00:00\",\"dateModified\":\"2026-01-26T13:53:37+00:00\",\"description\":\"Malet\u00edn de herramientas B&W PP.293 JET 6000 \u2713S\u00f3lido malet\u00edn de polipropileno \u271338 bolsillos para herramientas y 66 lazos para herramientas \u2713Con cierre \u2794 \u00a1Perfectamente organizado!\",\"breadcrumb\":{\"@id\":\"https:\/\/www.b-w-international.com\/es\/produkt\/tool-case-pp-293-jet-6000\/#breadcrumb\"},\"inLanguage\":\"es\",\"potentialAction\":[{\"@type\":\"ReadAction\",\"target\":[\"https:\/\/www.b-w-international.com\/es\/produkt\/tool-case-pp-293-jet-6000\/\"]}]},{\"@type\":\"ImageObject\",\"inLanguage\":\"es\",\"@id\":\"https:\/\/www.b-w-international.com\/es\/produkt\/tool-case-pp-293-jet-6000\/#primaryimage\",\"url\":\"https:\/\/www.b-w-international.com\/wp-content\/uploads\/2025\/05\/tool-case_PP-293_Jet-6000_P_open-empty-side_bw-international.jpg\",\"contentUrl\":\"https:\/\/www.b-w-international.com\/wp-content\/uploads\/2025\/05\/tool-case_PP-293_Jet-6000_P_open-empty-side_bw-international.jpg\",\"width\":1920,\"height\":1920,\"caption\":\"Schwarzer B&W International Werkzeugkoffer mit modularer Innenaufteilung und blauen F\u00e4chern \u2013 ideal zur sicheren Organisation von Technik und Werkzeug.\"},{\"@type\":\"BreadcrumbList\",\"@id\":\"https:\/\/www.b-w-international.com\/es\/produkt\/tool-case-pp-293-jet-6000\/#breadcrumb\",\"itemListElement\":[{\"@type\":\"ListItem\",\"position\":1,\"name\":\"Home\",\"item\":\"https:\/\/www.b-w-international.com\/es\/\"},{\"@type\":\"ListItem\",\"position\":2,\"name\":\"Productos\",\"item\":\"https:\/\/www.b-w-international.com\/es\/tienda\/\"},{\"@type\":\"ListItem\",\"position\":3,\"name\":\"Maletas y bolsas para herramientas\",\"item\":\"https:\/\/www.b-w-international.com\/es\/produkte\/maletas-y-bolsas-para-herramientas\/\"},{\"@type\":\"ListItem\",\"position\":4,\"name\":\"Maletas para herramientas\",\"item\":\"https:\/\/www.b-w-international.com\/es\/produkte\/maletas-y-bolsas-para-herramientas\/maletas-para-herramientas\/\"},{\"@type\":\"ListItem\",\"position\":5,\"name\":\"caja.herramienta PP.293 | JET 6000\"}]},{\"@type\":\"WebSite\",\"@id\":\"https:\/\/www.b-w-international.com\/es\/#website\",\"url\":\"https:\/\/www.b-w-international.com\/es\/\",\"name\":\"B&W International\",\"description\":\"\",\"publisher\":{\"@id\":\"https:\/\/www.b-w-international.com\/es\/#organization\"},\"potentialAction\":[{\"@type\":\"SearchAction\",\"target\":{\"@type\":\"EntryPoint\",\"urlTemplate\":\"https:\/\/www.b-w-international.com\/es\/?s={search_term_string}\"},\"query-input\":{\"@type\":\"PropertyValueSpecification\",\"valueRequired\":true,\"valueName\":\"search_term_string\"}}],\"inLanguage\":\"es\"},{\"@type\":\"Organization\",\"@id\":\"https:\/\/www.b-w-international.com\/es\/#organization\",\"name\":\"B&W International\",\"url\":\"https:\/\/www.b-w-international.com\/es\/\",\"logo\":{\"@type\":\"ImageObject\",\"inLanguage\":\"es\",\"@id\":\"https:\/\/www.b-w-international.com\/es\/#\/schema\/logo\/image\/\",\"url\":\"https:\/\/www.b-w-international.com\/wp-content\/uploads\/2024\/12\/16dbfc312f1eb060e7d95735c00f9ec6.png\",\"contentUrl\":\"https:\/\/www.b-w-international.com\/wp-content\/uploads\/2024\/12\/16dbfc312f1eb060e7d95735c00f9ec6.png\",\"width\":219,\"height\":82,\"caption\":\"B&W International\"},\"image\":{\"@id\":\"https:\/\/www.b-w-international.com\/es\/#\/schema\/logo\/image\/\"}}]}<\/script>","yoast_head_json":{"title":"malet\u00edn herramientas PP.293 | malet\u00edn herramientas JET 6000","description":"Malet\u00edn de herramientas B&W PP.293 JET 6000 \u2713S\u00f3lido malet\u00edn de polipropileno \u271338 bolsillos para herramientas y 66 lazos para herramientas \u2713Con cierre \u2794 \u00a1Perfectamente organizado!","robots":{"index":"index","follow":"follow","max-snippet":"max-snippet:-1","max-image-preview":"max-image-preview:large","max-video-preview":"max-video-preview:-1"},"canonical":"https:\/\/www.b-w-international.com\/es\/produkt\/tool-case-pp-293-jet-6000\/","og_locale":"es_ES","og_type":"article","og_title":"malet\u00edn herramientas PP.293 | malet\u00edn herramientas JET 6000","og_description":"Malet\u00edn de herramientas B&W PP.293 JET 6000 \u2713S\u00f3lido malet\u00edn de polipropileno \u271338 bolsillos para herramientas y 66 lazos para herramientas \u2713Con cierre \u2794 \u00a1Perfectamente organizado!","og_url":"https:\/\/www.b-w-international.com\/es\/produkt\/tool-case-pp-293-jet-6000\/","og_site_name":"B&amp;W International","article_modified_time":"2026-01-26T13:53:37+00:00","og_image":[{"width":1920,"height":1920,"url":"https:\/\/www.b-w-international.com\/wp-content\/uploads\/2025\/05\/tool-case_PP-293_Jet-6000_P_open-empty-side_bw-international.jpg","type":"image\/jpeg"}],"twitter_card":"summary_large_image","twitter_misc":{"Tiempo de lectura":"1 minuto"},"schema":{"@context":"https:\/\/schema.org","@graph":[{"@type":"WebPage","@id":"https:\/\/www.b-w-international.com\/es\/produkt\/tool-case-pp-293-jet-6000\/","url":"https:\/\/www.b-w-international.com\/es\/produkt\/tool-case-pp-293-jet-6000\/","name":"malet\u00edn herramientas PP.293 | malet\u00edn herramientas JET 6000","isPartOf":{"@id":"https:\/\/www.b-w-international.com\/es\/#website"},"primaryImageOfPage":{"@id":"https:\/\/www.b-w-international.com\/es\/produkt\/tool-case-pp-293-jet-6000\/#primaryimage"},"image":{"@id":"https:\/\/www.b-w-international.com\/es\/produkt\/tool-case-pp-293-jet-6000\/#primaryimage"},"thumbnailUrl":"https:\/\/www.b-w-international.com\/wp-content\/uploads\/2025\/05\/tool-case_PP-293_Jet-6000_P_open-empty-side_bw-international.jpg","datePublished":"2025-05-05T07:54:49+00:00","dateModified":"2026-01-26T13:53:37+00:00","description":"Malet\u00edn de herramientas B&W PP.293 JET 6000 \u2713S\u00f3lido malet\u00edn de polipropileno \u271338 bolsillos para herramientas y 66 lazos para herramientas \u2713Con cierre \u2794 \u00a1Perfectamente organizado!","breadcrumb":{"@id":"https:\/\/www.b-w-international.com\/es\/produkt\/tool-case-pp-293-jet-6000\/#breadcrumb"},"inLanguage":"es","potentialAction":[{"@type":"ReadAction","target":["https:\/\/www.b-w-international.com\/es\/produkt\/tool-case-pp-293-jet-6000\/"]}]},{"@type":"ImageObject","inLanguage":"es","@id":"https:\/\/www.b-w-international.com\/es\/produkt\/tool-case-pp-293-jet-6000\/#primaryimage","url":"https:\/\/www.b-w-international.com\/wp-content\/uploads\/2025\/05\/tool-case_PP-293_Jet-6000_P_open-empty-side_bw-international.jpg","contentUrl":"https:\/\/www.b-w-international.com\/wp-content\/uploads\/2025\/05\/tool-case_PP-293_Jet-6000_P_open-empty-side_bw-international.jpg","width":1920,"height":1920,"caption":"Schwarzer B&W International Werkzeugkoffer mit modularer Innenaufteilung und blauen F\u00e4chern \u2013 ideal zur sicheren Organisation von Technik und Werkzeug."},{"@type":"BreadcrumbList","@id":"https:\/\/www.b-w-international.com\/es\/produkt\/tool-case-pp-293-jet-6000\/#breadcrumb","itemListElement":[{"@type":"ListItem","position":1,"name":"Home","item":"https:\/\/www.b-w-international.com\/es\/"},{"@type":"ListItem","position":2,"name":"Productos","item":"https:\/\/www.b-w-international.com\/es\/tienda\/"},{"@type":"ListItem","position":3,"name":"Maletas y bolsas para herramientas","item":"https:\/\/www.b-w-international.com\/es\/produkte\/maletas-y-bolsas-para-herramientas\/"},{"@type":"ListItem","position":4,"name":"Maletas para herramientas","item":"https:\/\/www.b-w-international.com\/es\/produkte\/maletas-y-bolsas-para-herramientas\/maletas-para-herramientas\/"},{"@type":"ListItem","position":5,"name":"caja.herramienta PP.293 | JET 6000"}]},{"@type":"WebSite","@id":"https:\/\/www.b-w-international.com\/es\/#website","url":"https:\/\/www.b-w-international.com\/es\/","name":"B&W International","description":"","publisher":{"@id":"https:\/\/www.b-w-international.com\/es\/#organization"},"potentialAction":[{"@type":"SearchAction","target":{"@type":"EntryPoint","urlTemplate":"https:\/\/www.b-w-international.com\/es\/?s={search_term_string}"},"query-input":{"@type":"PropertyValueSpecification","valueRequired":true,"valueName":"search_term_string"}}],"inLanguage":"es"},{"@type":"Organization","@id":"https:\/\/www.b-w-international.com\/es\/#organization","name":"B&W International","url":"https:\/\/www.b-w-international.com\/es\/","logo":{"@type":"ImageObject","inLanguage":"es","@id":"https:\/\/www.b-w-international.com\/es\/#\/schema\/logo\/image\/","url":"https:\/\/www.b-w-international.com\/wp-content\/uploads\/2024\/12\/16dbfc312f1eb060e7d95735c00f9ec6.png","contentUrl":"https:\/\/www.b-w-international.com\/wp-content\/uploads\/2024\/12\/16dbfc312f1eb060e7d95735c00f9ec6.png","width":219,"height":82,"caption":"B&W International"},"image":{"@id":"https:\/\/www.b-w-international.com\/es\/#\/schema\/logo\/image\/"}}]}},"_links":{"self":[{"href":"https:\/\/www.b-w-international.com\/es\/wp-json\/wp\/v2\/product\/15304","targetHints":{"allow":["GET"]}}],"collection":[{"href":"https:\/\/www.b-w-international.com\/es\/wp-json\/wp\/v2\/product"}],"about":[{"href":"https:\/\/www.b-w-international.com\/es\/wp-json\/wp\/v2\/types\/product"}],"wp:featuredmedia":[{"embeddable":true,"href":"https:\/\/www.b-w-international.com\/es\/wp-json\/wp\/v2\/media\/13778"}],"wp:attachment":[{"href":"https:\/\/www.b-w-international.com\/es\/wp-json\/wp\/v2\/media?parent=15304"}],"wp:term":[{"taxonomy":"product_brand","embeddable":true,"href":"https:\/\/www.b-w-international.com\/es\/wp-json\/wp\/v2\/product_brand?post=15304"},{"taxonomy":"product_cat","embeddable":true,"href":"https:\/\/www.b-w-international.com\/es\/wp-json\/wp\/v2\/product_cat?post=15304"},{"taxonomy":"product_tag","embeddable":true,"href":"https:\/\/www.b-w-international.com\/es\/wp-json\/wp\/v2\/product_tag?post=15304"}],"curies":[{"name":"wp","href":"https:\/\/api.w.org\/{rel}","templated":true}]}}