{"id":15317,"date":"2025-05-05T09:54:49","date_gmt":"2025-05-05T07:54:49","guid":{"rendered":"https:\/\/www.b-w-international.com\/produkt\/energy-case-pro1500-starlink-fhp-funda-energetica-bw-para-el-starlink-flat-high-performance\/"},"modified":"2025-08-19T13:17:54","modified_gmt":"2025-08-19T11:17:54","slug":"energy-case-pro1500-starlink-fhp","status":"publish","type":"product","link":"https:\/\/www.b-w-international.com\/es\/produkt\/energy-case-pro1500-starlink-fhp\/","title":{"rendered":"energy.case PRO1500 starlink FHP | Funda energ\u00e9tica B&amp;W para el Starlink Performance (GEN2)"},"content":{"rendered":"<div>\n<ul>\n<li>proporciona una protecci\u00f3n y alimentaci\u00f3n \u00f3ptimas para el Kit Starlink de alto rendimiento (GEN2) (antes Alto rendimiento plano)<\/li>\n<li>viene con un router preinstalado, por lo que no requiere instalaci\u00f3n ni cableado<\/li>\n<li>Contiene bater\u00edas LiFePO4 seguras y duraderas, recargables mediante 230 V, 12 V de coche, 24 V de cami\u00f3n o paneles solares<\/li>\n<li>ofrece una conexi\u00f3n RJ45 interna y un prensaestopas estanco en la carcasa<\/li>\n<li>Incluye una base de antena adaptada con adaptadores magn\u00e9ticos para la antena Starlink<\/li>\n<li>F\u00e1cil de transportar gracias a la funci\u00f3n de carro y a las asas de transporte<\/li>\n<li>Hardware y controles fabricados en Alemania<\/li>\n<li>Ofrece espacio para dispositivos personalizados adicionales (24 V CC disponibles) Dimensiones del espacio libre bajo la rejilla protectora: 160 mm x 190 mm x 130 mm<\/li>\n<\/ul>\n<\/div>\n<div style=\"display:flex; gap:10px;justify-content:center\" class=\"wps-pgfw-pdf-generate-icon__wrapper-frontend\">\n\t\t<a  href=\"https:\/\/www.b-w-international.com\/es\/wp-json\/wp\/v2\/product\/15317\/?action=genpdf&amp;id=15317\" class=\"pgfw-single-pdf-download-button\" target=_blank><img src=\"https:\/\/www.b-w-international.com\/wp-content\/uploads\/2025\/03\/icon-download.svg\" title=\"Generar PDF\" style=\"width:auto; height:45px;\"><\/a>\n\t\t<\/div>","protected":false},"excerpt":{"rendered":"<p>proporciona una protecci\u00f3n y alimentaci\u00f3n \u00f3ptimas para el Kit Starlink de alto rendimiento (GEN2) (antes Alto rendimiento plano) viene con un router preinstalado, por lo que no requiere instalaci\u00f3n ni cableado Contiene bater\u00edas LiFePO4 seguras y duraderas, recargables mediante 230 V, 12 V de coche, 24 V de cami\u00f3n o paneles solares ofrece una conexi\u00f3n [&hellip;]<\/p>\n","protected":false},"featured_media":14982,"template":"","meta":{"_acf_changed":false},"product_brand":[],"product_cat":[200],"product_tag":[],"class_list":{"0":"post-15317","1":"product","2":"type-product","3":"status-publish","4":"has-post-thumbnail","6":"product_features-2-anos-de-garantia","7":"product_features-2-argollas-para-candados","8":"product_features-apilable","9":"product_features-asa-de-transporte-recubierta-de-goma","10":"product_features-extremadamente-resistente","11":"product_features-resistente-a-la-temperatura","12":"product_features-rodillos","13":"product_cat-maletas-starlink","14":"pa_farbe-negro","15":"pa_farbe-verde-bronce","17":"first","18":"instock","19":"product-type-variable"},"acf":[],"yoast_head":"<title>energy.case PRO1500 starlink FHP | Funda energ\u00e9tica B&amp;W para el Starlink Performance (GEN2) - B&amp;W International<\/title>\n<meta name=\"robots\" content=\"index, follow, max-snippet:-1, max-image-preview:large, max-video-preview:-1\" \/>\n<link rel=\"canonical\" href=\"https:\/\/www.b-w-international.com\/es\/produkt\/energy-case-pro1500-starlink-fhp\/\" \/>\n<meta property=\"og:locale\" content=\"es_ES\" \/>\n<meta property=\"og:type\" content=\"article\" \/>\n<meta property=\"og:title\" content=\"energy.case PRO1500 starlink FHP | Funda energ\u00e9tica B&amp;W para el Starlink Performance (GEN2) - B&amp;W International\" \/>\n<meta property=\"og:description\" content=\"proporciona una protecci\u00f3n y alimentaci\u00f3n \u00f3ptimas para el Kit Starlink de alto rendimiento (GEN2) (antes Alto rendimiento plano) viene con un router preinstalado, por lo que no requiere instalaci\u00f3n ni cableado Contiene bater\u00edas LiFePO4 seguras y duraderas, recargables mediante 230 V, 12 V de coche, 24 V de cami\u00f3n o paneles solares ofrece una conexi\u00f3n [&hellip;]\" \/>\n<meta property=\"og:url\" content=\"https:\/\/www.b-w-international.com\/es\/produkt\/energy-case-pro1500-starlink-fhp\/\" \/>\n<meta property=\"og:site_name\" content=\"B&amp;W International\" \/>\n<meta property=\"article:modified_time\" content=\"2025-08-19T11:17:54+00:00\" \/>\n<meta property=\"og:image\" content=\"https:\/\/www.b-w-international.com\/wp-content\/uploads\/2025\/05\/7800_bw-case_PP-1570_energy-case_starlink-flat-high-performance_BG_open-side-antenna_bw-internat-scaled.jpg\" \/>\n\t<meta property=\"og:image:width\" content=\"2560\" \/>\n\t<meta property=\"og:image:height\" content=\"2560\" \/>\n\t<meta property=\"og:image:type\" content=\"image\/jpeg\" \/>\n<meta name=\"twitter:card\" content=\"summary_large_image\" \/>\n<meta name=\"twitter:label1\" content=\"Tiempo de lectura\" \/>\n\t<meta name=\"twitter:data1\" content=\"1 minuto\" \/>\n<script type=\"application\/ld+json\" class=\"yoast-schema-graph\">{\"@context\":\"https:\/\/schema.org\",\"@graph\":[{\"@type\":\"WebPage\",\"@id\":\"https:\/\/www.b-w-international.com\/es\/produkt\/energy-case-pro1500-starlink-fhp\/\",\"url\":\"https:\/\/www.b-w-international.com\/es\/produkt\/energy-case-pro1500-starlink-fhp\/\",\"name\":\"energy.case PRO1500 starlink FHP | Funda energ\u00e9tica B&amp;W para el Starlink Performance (GEN2) - B&amp;W International\",\"isPartOf\":{\"@id\":\"https:\/\/www.b-w-international.com\/es\/#website\"},\"primaryImageOfPage\":{\"@id\":\"https:\/\/www.b-w-international.com\/es\/produkt\/energy-case-pro1500-starlink-fhp\/#primaryimage\"},\"image\":{\"@id\":\"https:\/\/www.b-w-international.com\/es\/produkt\/energy-case-pro1500-starlink-fhp\/#primaryimage\"},\"thumbnailUrl\":\"https:\/\/www.b-w-international.com\/wp-content\/uploads\/2025\/05\/7800_bw-case_PP-1570_energy-case_starlink-flat-high-performance_BG_open-side-antenna_bw-internat-scaled.jpg\",\"datePublished\":\"2025-05-05T07:54:49+00:00\",\"dateModified\":\"2025-08-19T11:17:54+00:00\",\"breadcrumb\":{\"@id\":\"https:\/\/www.b-w-international.com\/es\/produkt\/energy-case-pro1500-starlink-fhp\/#breadcrumb\"},\"inLanguage\":\"es\",\"potentialAction\":[{\"@type\":\"ReadAction\",\"target\":[\"https:\/\/www.b-w-international.com\/es\/produkt\/energy-case-pro1500-starlink-fhp\/\"]}]},{\"@type\":\"ImageObject\",\"inLanguage\":\"es\",\"@id\":\"https:\/\/www.b-w-international.com\/es\/produkt\/energy-case-pro1500-starlink-fhp\/#primaryimage\",\"url\":\"https:\/\/www.b-w-international.com\/wp-content\/uploads\/2025\/05\/7800_bw-case_PP-1570_energy-case_starlink-flat-high-performance_BG_open-side-antenna_bw-internat-scaled.jpg\",\"contentUrl\":\"https:\/\/www.b-w-international.com\/wp-content\/uploads\/2025\/05\/7800_bw-case_PP-1570_energy-case_starlink-flat-high-performance_BG_open-side-antenna_bw-internat-scaled.jpg\",\"width\":2560,\"height\":2560,\"caption\":\"Ge\u00f6ffneter B&W International Energiekoffer \u2013 robuster Transportkoffer mit integriertem Akkusystem f\u00fcr Starlink-Satellitenkommunikation.\"},{\"@type\":\"BreadcrumbList\",\"@id\":\"https:\/\/www.b-w-international.com\/es\/produkt\/energy-case-pro1500-starlink-fhp\/#breadcrumb\",\"itemListElement\":[{\"@type\":\"ListItem\",\"position\":1,\"name\":\"Home\",\"item\":\"https:\/\/www.b-w-international.com\/es\/\"},{\"@type\":\"ListItem\",\"position\":2,\"name\":\"Productos\",\"item\":\"https:\/\/www.b-w-international.com\/es\/tienda\/\"},{\"@type\":\"ListItem\",\"position\":3,\"name\":\"Maletas Starlink\",\"item\":\"https:\/\/www.b-w-international.com\/es\/produkte\/maletas-starlink\/\"},{\"@type\":\"ListItem\",\"position\":4,\"name\":\"energy.case PRO1500 starlink FHP | Funda energ\u00e9tica B&amp;W para el Starlink Performance (GEN2)\"}]},{\"@type\":\"WebSite\",\"@id\":\"https:\/\/www.b-w-international.com\/es\/#website\",\"url\":\"https:\/\/www.b-w-international.com\/es\/\",\"name\":\"B&W International\",\"description\":\"\",\"publisher\":{\"@id\":\"https:\/\/www.b-w-international.com\/es\/#organization\"},\"potentialAction\":[{\"@type\":\"SearchAction\",\"target\":{\"@type\":\"EntryPoint\",\"urlTemplate\":\"https:\/\/www.b-w-international.com\/es\/?s={search_term_string}\"},\"query-input\":{\"@type\":\"PropertyValueSpecification\",\"valueRequired\":true,\"valueName\":\"search_term_string\"}}],\"inLanguage\":\"es\"},{\"@type\":\"Organization\",\"@id\":\"https:\/\/www.b-w-international.com\/es\/#organization\",\"name\":\"B&W International\",\"url\":\"https:\/\/www.b-w-international.com\/es\/\",\"logo\":{\"@type\":\"ImageObject\",\"inLanguage\":\"es\",\"@id\":\"https:\/\/www.b-w-international.com\/es\/#\/schema\/logo\/image\/\",\"url\":\"https:\/\/www.b-w-international.com\/wp-content\/uploads\/2024\/12\/16dbfc312f1eb060e7d95735c00f9ec6.png\",\"contentUrl\":\"https:\/\/www.b-w-international.com\/wp-content\/uploads\/2024\/12\/16dbfc312f1eb060e7d95735c00f9ec6.png\",\"width\":219,\"height\":82,\"caption\":\"B&W International\"},\"image\":{\"@id\":\"https:\/\/www.b-w-international.com\/es\/#\/schema\/logo\/image\/\"}}]}<\/script>","yoast_head_json":{"title":"energy.case PRO1500 starlink FHP | Funda energ\u00e9tica B&amp;W para el Starlink Performance (GEN2) - B&amp;W International","robots":{"index":"index","follow":"follow","max-snippet":"max-snippet:-1","max-image-preview":"max-image-preview:large","max-video-preview":"max-video-preview:-1"},"canonical":"https:\/\/www.b-w-international.com\/es\/produkt\/energy-case-pro1500-starlink-fhp\/","og_locale":"es_ES","og_type":"article","og_title":"energy.case PRO1500 starlink FHP | Funda energ\u00e9tica B&amp;W para el Starlink Performance (GEN2) - B&amp;W International","og_description":"proporciona una protecci\u00f3n y alimentaci\u00f3n \u00f3ptimas para el Kit Starlink de alto rendimiento (GEN2) (antes Alto rendimiento plano) viene con un router preinstalado, por lo que no requiere instalaci\u00f3n ni cableado Contiene bater\u00edas LiFePO4 seguras y duraderas, recargables mediante 230 V, 12 V de coche, 24 V de cami\u00f3n o paneles solares ofrece una conexi\u00f3n [&hellip;]","og_url":"https:\/\/www.b-w-international.com\/es\/produkt\/energy-case-pro1500-starlink-fhp\/","og_site_name":"B&amp;W International","article_modified_time":"2025-08-19T11:17:54+00:00","og_image":[{"width":2560,"height":2560,"url":"https:\/\/www.b-w-international.com\/wp-content\/uploads\/2025\/05\/7800_bw-case_PP-1570_energy-case_starlink-flat-high-performance_BG_open-side-antenna_bw-internat-scaled.jpg","type":"image\/jpeg"}],"twitter_card":"summary_large_image","twitter_misc":{"Tiempo de lectura":"1 minuto"},"schema":{"@context":"https:\/\/schema.org","@graph":[{"@type":"WebPage","@id":"https:\/\/www.b-w-international.com\/es\/produkt\/energy-case-pro1500-starlink-fhp\/","url":"https:\/\/www.b-w-international.com\/es\/produkt\/energy-case-pro1500-starlink-fhp\/","name":"energy.case PRO1500 starlink FHP | Funda energ\u00e9tica B&amp;W para el Starlink Performance (GEN2) - B&amp;W International","isPartOf":{"@id":"https:\/\/www.b-w-international.com\/es\/#website"},"primaryImageOfPage":{"@id":"https:\/\/www.b-w-international.com\/es\/produkt\/energy-case-pro1500-starlink-fhp\/#primaryimage"},"image":{"@id":"https:\/\/www.b-w-international.com\/es\/produkt\/energy-case-pro1500-starlink-fhp\/#primaryimage"},"thumbnailUrl":"https:\/\/www.b-w-international.com\/wp-content\/uploads\/2025\/05\/7800_bw-case_PP-1570_energy-case_starlink-flat-high-performance_BG_open-side-antenna_bw-internat-scaled.jpg","datePublished":"2025-05-05T07:54:49+00:00","dateModified":"2025-08-19T11:17:54+00:00","breadcrumb":{"@id":"https:\/\/www.b-w-international.com\/es\/produkt\/energy-case-pro1500-starlink-fhp\/#breadcrumb"},"inLanguage":"es","potentialAction":[{"@type":"ReadAction","target":["https:\/\/www.b-w-international.com\/es\/produkt\/energy-case-pro1500-starlink-fhp\/"]}]},{"@type":"ImageObject","inLanguage":"es","@id":"https:\/\/www.b-w-international.com\/es\/produkt\/energy-case-pro1500-starlink-fhp\/#primaryimage","url":"https:\/\/www.b-w-international.com\/wp-content\/uploads\/2025\/05\/7800_bw-case_PP-1570_energy-case_starlink-flat-high-performance_BG_open-side-antenna_bw-internat-scaled.jpg","contentUrl":"https:\/\/www.b-w-international.com\/wp-content\/uploads\/2025\/05\/7800_bw-case_PP-1570_energy-case_starlink-flat-high-performance_BG_open-side-antenna_bw-internat-scaled.jpg","width":2560,"height":2560,"caption":"Ge\u00f6ffneter B&W International Energiekoffer \u2013 robuster Transportkoffer mit integriertem Akkusystem f\u00fcr Starlink-Satellitenkommunikation."},{"@type":"BreadcrumbList","@id":"https:\/\/www.b-w-international.com\/es\/produkt\/energy-case-pro1500-starlink-fhp\/#breadcrumb","itemListElement":[{"@type":"ListItem","position":1,"name":"Home","item":"https:\/\/www.b-w-international.com\/es\/"},{"@type":"ListItem","position":2,"name":"Productos","item":"https:\/\/www.b-w-international.com\/es\/tienda\/"},{"@type":"ListItem","position":3,"name":"Maletas Starlink","item":"https:\/\/www.b-w-international.com\/es\/produkte\/maletas-starlink\/"},{"@type":"ListItem","position":4,"name":"energy.case PRO1500 starlink FHP | Funda energ\u00e9tica B&amp;W para el Starlink Performance (GEN2)"}]},{"@type":"WebSite","@id":"https:\/\/www.b-w-international.com\/es\/#website","url":"https:\/\/www.b-w-international.com\/es\/","name":"B&W International","description":"","publisher":{"@id":"https:\/\/www.b-w-international.com\/es\/#organization"},"potentialAction":[{"@type":"SearchAction","target":{"@type":"EntryPoint","urlTemplate":"https:\/\/www.b-w-international.com\/es\/?s={search_term_string}"},"query-input":{"@type":"PropertyValueSpecification","valueRequired":true,"valueName":"search_term_string"}}],"inLanguage":"es"},{"@type":"Organization","@id":"https:\/\/www.b-w-international.com\/es\/#organization","name":"B&W International","url":"https:\/\/www.b-w-international.com\/es\/","logo":{"@type":"ImageObject","inLanguage":"es","@id":"https:\/\/www.b-w-international.com\/es\/#\/schema\/logo\/image\/","url":"https:\/\/www.b-w-international.com\/wp-content\/uploads\/2024\/12\/16dbfc312f1eb060e7d95735c00f9ec6.png","contentUrl":"https:\/\/www.b-w-international.com\/wp-content\/uploads\/2024\/12\/16dbfc312f1eb060e7d95735c00f9ec6.png","width":219,"height":82,"caption":"B&W International"},"image":{"@id":"https:\/\/www.b-w-international.com\/es\/#\/schema\/logo\/image\/"}}]}},"_links":{"self":[{"href":"https:\/\/www.b-w-international.com\/es\/wp-json\/wp\/v2\/product\/15317","targetHints":{"allow":["GET"]}}],"collection":[{"href":"https:\/\/www.b-w-international.com\/es\/wp-json\/wp\/v2\/product"}],"about":[{"href":"https:\/\/www.b-w-international.com\/es\/wp-json\/wp\/v2\/types\/product"}],"wp:featuredmedia":[{"embeddable":true,"href":"https:\/\/www.b-w-international.com\/es\/wp-json\/wp\/v2\/media\/14982"}],"wp:attachment":[{"href":"https:\/\/www.b-w-international.com\/es\/wp-json\/wp\/v2\/media?parent=15317"}],"wp:term":[{"taxonomy":"product_brand","embeddable":true,"href":"https:\/\/www.b-w-international.com\/es\/wp-json\/wp\/v2\/product_brand?post=15317"},{"taxonomy":"product_cat","embeddable":true,"href":"https:\/\/www.b-w-international.com\/es\/wp-json\/wp\/v2\/product_cat?post=15317"},{"taxonomy":"product_tag","embeddable":true,"href":"https:\/\/www.b-w-international.com\/es\/wp-json\/wp\/v2\/product_tag?post=15317"}],"curies":[{"name":"wp","href":"https:\/\/api.w.org\/{rel}","templated":true}]}}