{"id":15391,"date":"2025-05-05T09:54:30","date_gmt":"2025-05-05T07:54:30","guid":{"rendered":"https:\/\/www.b-w-international.com\/produkt\/funda-bici-curv-2837-protector-bici-curv-bn\/"},"modified":"2025-07-29T11:19:59","modified_gmt":"2025-07-29T09:19:59","slug":"bike-case-curv-2837","status":"publish","type":"product","link":"https:\/\/www.b-w-international.com\/es\/produkt\/bike-case-curv-2837\/","title":{"rendered":"bike.case CURV.2837\u00ae | Protector bici curv\u00ae B&amp;W"},"content":{"rendered":"<ul>\n<li>Adecuado para bicicletas de carretera, de gravilla, de monta\u00f1a y de triatl\u00f3n<\/li>\n<li>Bandeja con tapa extra\u00edble<\/li>\n<li>Sistema de cintur\u00f3n autotensor<\/li>\n<li>incl. 4 bolsillos para accesorios, cerradura TSA<\/li>\n<\/ul>\n<div style=\"display:flex; gap:10px;justify-content:center\" class=\"wps-pgfw-pdf-generate-icon__wrapper-frontend\">\n\t\t<a  href=\"https:\/\/www.b-w-international.com\/es\/wp-json\/wp\/v2\/product\/15391\/?action=genpdf&amp;id=15391\" class=\"pgfw-single-pdf-download-button\" target=_blank><img src=\"https:\/\/www.b-w-international.com\/wp-content\/uploads\/2025\/03\/icon-download.svg\" title=\"Generar PDF\" style=\"width:auto; height:45px;\"><\/a>\n\t\t<\/div>","protected":false},"excerpt":{"rendered":"<p>Adecuado para bicicletas de carretera, de gravilla, de monta\u00f1a y de triatl\u00f3n Bandeja con tapa extra\u00edble Sistema de cintur\u00f3n autotensor incl. 4 bolsillos para accesorios, cerradura TSA<\/p>\n","protected":false},"featured_media":14210,"template":"","meta":{"_acf_changed":false},"product_brand":[],"product_cat":[197,412],"product_tag":[],"class_list":{"0":"post-15391","1":"product","2":"type-product","3":"status-publish","4":"has-post-thumbnail","6":"product_features-2-anos-de-garantia","7":"product_features-apto-para-volar","8":"product_features-cerradura-tsa","9":"product_features-extremadamente-resistente","10":"product_features-resistente-a-la-temperatura","11":"product_features-rodillos","12":"product_cat-maleta-para-bicicletas","13":"product_cat-maletas-y-bolsas-para-transportar-bicicletas","14":"pa_farbe-negro","16":"first","17":"instock","18":"product-type-simple"},"acf":[],"yoast_head":"<title>bike.case CURV.2837\u00ae | Protector bici curv\u00ae B&amp;W - B&amp;W International<\/title>\n<meta name=\"robots\" content=\"index, follow, max-snippet:-1, max-image-preview:large, max-video-preview:-1\" \/>\n<link rel=\"canonical\" href=\"https:\/\/www.b-w-international.com\/es\/produkt\/bike-case-curv-2837\/\" \/>\n<meta property=\"og:locale\" content=\"es_ES\" \/>\n<meta property=\"og:type\" content=\"article\" \/>\n<meta property=\"og:title\" content=\"bike.case CURV.2837\u00ae | Protector bici curv\u00ae B&amp;W - B&amp;W International\" \/>\n<meta property=\"og:description\" content=\"Adecuado para bicicletas de carretera, de gravilla, de monta\u00f1a y de triatl\u00f3n Bandeja con tapa extra\u00edble Sistema de cintur\u00f3n autotensor incl. 4 bolsillos para accesorios, cerradura TSA\" \/>\n<meta property=\"og:url\" content=\"https:\/\/www.b-w-international.com\/es\/produkt\/bike-case-curv-2837\/\" \/>\n<meta property=\"og:site_name\" content=\"B&amp;W International\" \/>\n<meta property=\"article:modified_time\" content=\"2025-07-29T09:19:59+00:00\" \/>\n<meta property=\"og:image\" content=\"https:\/\/www.b-w-international.com\/wp-content\/uploads\/2025\/05\/bike-guard_curv-2837_closed-side_bw-international_3.jpg\" \/>\n\t<meta property=\"og:image:width\" content=\"1920\" \/>\n\t<meta property=\"og:image:height\" content=\"1920\" \/>\n\t<meta property=\"og:image:type\" content=\"image\/jpeg\" \/>\n<meta name=\"twitter:card\" content=\"summary_large_image\" \/>\n<meta name=\"twitter:label1\" content=\"Tiempo de lectura\" \/>\n\t<meta name=\"twitter:data1\" content=\"1 minuto\" \/>\n<script type=\"application\/ld+json\" class=\"yoast-schema-graph\">{\"@context\":\"https:\/\/schema.org\",\"@graph\":[{\"@type\":\"WebPage\",\"@id\":\"https:\/\/www.b-w-international.com\/es\/produkt\/bike-case-curv-2837\/\",\"url\":\"https:\/\/www.b-w-international.com\/es\/produkt\/bike-case-curv-2837\/\",\"name\":\"bike.case CURV.2837\u00ae | Protector bici curv\u00ae B&amp;W - B&amp;W International\",\"isPartOf\":{\"@id\":\"https:\/\/www.b-w-international.com\/es\/#website\"},\"primaryImageOfPage\":{\"@id\":\"https:\/\/www.b-w-international.com\/es\/produkt\/bike-case-curv-2837\/#primaryimage\"},\"image\":{\"@id\":\"https:\/\/www.b-w-international.com\/es\/produkt\/bike-case-curv-2837\/#primaryimage\"},\"thumbnailUrl\":\"https:\/\/www.b-w-international.com\/wp-content\/uploads\/2025\/05\/bike-guard_curv-2837_closed-side_bw-international_3.jpg\",\"datePublished\":\"2025-05-05T07:54:30+00:00\",\"dateModified\":\"2025-07-29T09:19:59+00:00\",\"breadcrumb\":{\"@id\":\"https:\/\/www.b-w-international.com\/es\/produkt\/bike-case-curv-2837\/#breadcrumb\"},\"inLanguage\":\"es\",\"potentialAction\":[{\"@type\":\"ReadAction\",\"target\":[\"https:\/\/www.b-w-international.com\/es\/produkt\/bike-case-curv-2837\/\"]}]},{\"@type\":\"ImageObject\",\"inLanguage\":\"es\",\"@id\":\"https:\/\/www.b-w-international.com\/es\/produkt\/bike-case-curv-2837\/#primaryimage\",\"url\":\"https:\/\/www.b-w-international.com\/wp-content\/uploads\/2025\/05\/bike-guard_curv-2837_closed-side_bw-international_3.jpg\",\"contentUrl\":\"https:\/\/www.b-w-international.com\/wp-content\/uploads\/2025\/05\/bike-guard_curv-2837_closed-side_bw-international_3.jpg\",\"width\":1920,\"height\":1920,\"caption\":\"Bike Guard Curv 2837 von B&W International \u2013 geschlossen, Seitenansicht des leichten und stabilen Fahrradkoffers mit strukturierter Oberfl\u00e4che.\"},{\"@type\":\"BreadcrumbList\",\"@id\":\"https:\/\/www.b-w-international.com\/es\/produkt\/bike-case-curv-2837\/#breadcrumb\",\"itemListElement\":[{\"@type\":\"ListItem\",\"position\":1,\"name\":\"Home\",\"item\":\"https:\/\/www.b-w-international.com\/es\/\"},{\"@type\":\"ListItem\",\"position\":2,\"name\":\"Productos\",\"item\":\"https:\/\/www.b-w-international.com\/es\/tienda\/\"},{\"@type\":\"ListItem\",\"position\":3,\"name\":\"Maletas y bolsas para transportar bicicletas\",\"item\":\"https:\/\/www.b-w-international.com\/es\/produkte\/maletas-y-bolsas-para-transportar-bicicletas\/\"},{\"@type\":\"ListItem\",\"position\":4,\"name\":\"Maletas para bicicletas\",\"item\":\"https:\/\/www.b-w-international.com\/es\/produkte\/maletas-y-bolsas-para-transportar-bicicletas\/maleta-para-bicicletas\/\"},{\"@type\":\"ListItem\",\"position\":5,\"name\":\"bike.case CURV.2837\u00ae | Protector bici curv\u00ae B&amp;W\"}]},{\"@type\":\"WebSite\",\"@id\":\"https:\/\/www.b-w-international.com\/es\/#website\",\"url\":\"https:\/\/www.b-w-international.com\/es\/\",\"name\":\"B&W International\",\"description\":\"\",\"publisher\":{\"@id\":\"https:\/\/www.b-w-international.com\/es\/#organization\"},\"potentialAction\":[{\"@type\":\"SearchAction\",\"target\":{\"@type\":\"EntryPoint\",\"urlTemplate\":\"https:\/\/www.b-w-international.com\/es\/?s={search_term_string}\"},\"query-input\":{\"@type\":\"PropertyValueSpecification\",\"valueRequired\":true,\"valueName\":\"search_term_string\"}}],\"inLanguage\":\"es\"},{\"@type\":\"Organization\",\"@id\":\"https:\/\/www.b-w-international.com\/es\/#organization\",\"name\":\"B&W International\",\"url\":\"https:\/\/www.b-w-international.com\/es\/\",\"logo\":{\"@type\":\"ImageObject\",\"inLanguage\":\"es\",\"@id\":\"https:\/\/www.b-w-international.com\/es\/#\/schema\/logo\/image\/\",\"url\":\"https:\/\/www.b-w-international.com\/wp-content\/uploads\/2024\/12\/16dbfc312f1eb060e7d95735c00f9ec6.png\",\"contentUrl\":\"https:\/\/www.b-w-international.com\/wp-content\/uploads\/2024\/12\/16dbfc312f1eb060e7d95735c00f9ec6.png\",\"width\":219,\"height\":82,\"caption\":\"B&W International\"},\"image\":{\"@id\":\"https:\/\/www.b-w-international.com\/es\/#\/schema\/logo\/image\/\"}}]}<\/script>","yoast_head_json":{"title":"bike.case CURV.2837\u00ae | Protector bici curv\u00ae B&amp;W - B&amp;W International","robots":{"index":"index","follow":"follow","max-snippet":"max-snippet:-1","max-image-preview":"max-image-preview:large","max-video-preview":"max-video-preview:-1"},"canonical":"https:\/\/www.b-w-international.com\/es\/produkt\/bike-case-curv-2837\/","og_locale":"es_ES","og_type":"article","og_title":"bike.case CURV.2837\u00ae | Protector bici curv\u00ae B&amp;W - B&amp;W International","og_description":"Adecuado para bicicletas de carretera, de gravilla, de monta\u00f1a y de triatl\u00f3n Bandeja con tapa extra\u00edble Sistema de cintur\u00f3n autotensor incl. 4 bolsillos para accesorios, cerradura TSA","og_url":"https:\/\/www.b-w-international.com\/es\/produkt\/bike-case-curv-2837\/","og_site_name":"B&amp;W International","article_modified_time":"2025-07-29T09:19:59+00:00","og_image":[{"width":1920,"height":1920,"url":"https:\/\/www.b-w-international.com\/wp-content\/uploads\/2025\/05\/bike-guard_curv-2837_closed-side_bw-international_3.jpg","type":"image\/jpeg"}],"twitter_card":"summary_large_image","twitter_misc":{"Tiempo de lectura":"1 minuto"},"schema":{"@context":"https:\/\/schema.org","@graph":[{"@type":"WebPage","@id":"https:\/\/www.b-w-international.com\/es\/produkt\/bike-case-curv-2837\/","url":"https:\/\/www.b-w-international.com\/es\/produkt\/bike-case-curv-2837\/","name":"bike.case CURV.2837\u00ae | Protector bici curv\u00ae B&amp;W - B&amp;W International","isPartOf":{"@id":"https:\/\/www.b-w-international.com\/es\/#website"},"primaryImageOfPage":{"@id":"https:\/\/www.b-w-international.com\/es\/produkt\/bike-case-curv-2837\/#primaryimage"},"image":{"@id":"https:\/\/www.b-w-international.com\/es\/produkt\/bike-case-curv-2837\/#primaryimage"},"thumbnailUrl":"https:\/\/www.b-w-international.com\/wp-content\/uploads\/2025\/05\/bike-guard_curv-2837_closed-side_bw-international_3.jpg","datePublished":"2025-05-05T07:54:30+00:00","dateModified":"2025-07-29T09:19:59+00:00","breadcrumb":{"@id":"https:\/\/www.b-w-international.com\/es\/produkt\/bike-case-curv-2837\/#breadcrumb"},"inLanguage":"es","potentialAction":[{"@type":"ReadAction","target":["https:\/\/www.b-w-international.com\/es\/produkt\/bike-case-curv-2837\/"]}]},{"@type":"ImageObject","inLanguage":"es","@id":"https:\/\/www.b-w-international.com\/es\/produkt\/bike-case-curv-2837\/#primaryimage","url":"https:\/\/www.b-w-international.com\/wp-content\/uploads\/2025\/05\/bike-guard_curv-2837_closed-side_bw-international_3.jpg","contentUrl":"https:\/\/www.b-w-international.com\/wp-content\/uploads\/2025\/05\/bike-guard_curv-2837_closed-side_bw-international_3.jpg","width":1920,"height":1920,"caption":"Bike Guard Curv 2837 von B&W International \u2013 geschlossen, Seitenansicht des leichten und stabilen Fahrradkoffers mit strukturierter Oberfl\u00e4che."},{"@type":"BreadcrumbList","@id":"https:\/\/www.b-w-international.com\/es\/produkt\/bike-case-curv-2837\/#breadcrumb","itemListElement":[{"@type":"ListItem","position":1,"name":"Home","item":"https:\/\/www.b-w-international.com\/es\/"},{"@type":"ListItem","position":2,"name":"Productos","item":"https:\/\/www.b-w-international.com\/es\/tienda\/"},{"@type":"ListItem","position":3,"name":"Maletas y bolsas para transportar bicicletas","item":"https:\/\/www.b-w-international.com\/es\/produkte\/maletas-y-bolsas-para-transportar-bicicletas\/"},{"@type":"ListItem","position":4,"name":"Maletas para bicicletas","item":"https:\/\/www.b-w-international.com\/es\/produkte\/maletas-y-bolsas-para-transportar-bicicletas\/maleta-para-bicicletas\/"},{"@type":"ListItem","position":5,"name":"bike.case CURV.2837\u00ae | Protector bici curv\u00ae B&amp;W"}]},{"@type":"WebSite","@id":"https:\/\/www.b-w-international.com\/es\/#website","url":"https:\/\/www.b-w-international.com\/es\/","name":"B&W International","description":"","publisher":{"@id":"https:\/\/www.b-w-international.com\/es\/#organization"},"potentialAction":[{"@type":"SearchAction","target":{"@type":"EntryPoint","urlTemplate":"https:\/\/www.b-w-international.com\/es\/?s={search_term_string}"},"query-input":{"@type":"PropertyValueSpecification","valueRequired":true,"valueName":"search_term_string"}}],"inLanguage":"es"},{"@type":"Organization","@id":"https:\/\/www.b-w-international.com\/es\/#organization","name":"B&W International","url":"https:\/\/www.b-w-international.com\/es\/","logo":{"@type":"ImageObject","inLanguage":"es","@id":"https:\/\/www.b-w-international.com\/es\/#\/schema\/logo\/image\/","url":"https:\/\/www.b-w-international.com\/wp-content\/uploads\/2024\/12\/16dbfc312f1eb060e7d95735c00f9ec6.png","contentUrl":"https:\/\/www.b-w-international.com\/wp-content\/uploads\/2024\/12\/16dbfc312f1eb060e7d95735c00f9ec6.png","width":219,"height":82,"caption":"B&W International"},"image":{"@id":"https:\/\/www.b-w-international.com\/es\/#\/schema\/logo\/image\/"}}]}},"_links":{"self":[{"href":"https:\/\/www.b-w-international.com\/es\/wp-json\/wp\/v2\/product\/15391","targetHints":{"allow":["GET"]}}],"collection":[{"href":"https:\/\/www.b-w-international.com\/es\/wp-json\/wp\/v2\/product"}],"about":[{"href":"https:\/\/www.b-w-international.com\/es\/wp-json\/wp\/v2\/types\/product"}],"wp:featuredmedia":[{"embeddable":true,"href":"https:\/\/www.b-w-international.com\/es\/wp-json\/wp\/v2\/media\/14210"}],"wp:attachment":[{"href":"https:\/\/www.b-w-international.com\/es\/wp-json\/wp\/v2\/media?parent=15391"}],"wp:term":[{"taxonomy":"product_brand","embeddable":true,"href":"https:\/\/www.b-w-international.com\/es\/wp-json\/wp\/v2\/product_brand?post=15391"},{"taxonomy":"product_cat","embeddable":true,"href":"https:\/\/www.b-w-international.com\/es\/wp-json\/wp\/v2\/product_cat?post=15391"},{"taxonomy":"product_tag","embeddable":true,"href":"https:\/\/www.b-w-international.com\/es\/wp-json\/wp\/v2\/product_tag?post=15391"}],"curies":[{"name":"wp","href":"https:\/\/api.w.org\/{rel}","templated":true}]}}