{"id":15520,"date":"2025-05-05T09:54:14","date_gmt":"2025-05-05T07:54:14","guid":{"rendered":"https:\/\/www.b-w-international.com\/produkt\/divider-system-rpd-division-variable-de-compartimentos-para-maletas-de-exterior-bw\/"},"modified":"2026-04-01T12:22:08","modified_gmt":"2026-04-01T10:22:08","slug":"divider-system-rpd","status":"publish","type":"product","link":"https:\/\/www.b-w-international.com\/es\/produkt\/divider-system-rpd\/","title":{"rendered":"divider.system RPD | Divisi\u00f3n de compartimentos variable para bw.cases"},"content":{"rendered":"<div>\n<ul>\n<li>Compartimentaci\u00f3n variable<\/li>\n<li>disponible para el caso bw.PP.41 &#8211; PP.709, excepto para PP.162, PP.210<\/li>\n<li>Personalizaci\u00f3n individual de la disposici\u00f3n de los compartimentos para adaptarlos a diferentes necesidades, por ejemplo, dron o c\u00e1mara<\/li>\n<li>Soluci\u00f3n personalizada para cada \u00e1mbito de aplicaci\u00f3n<\/li>\n<li>Fiable, cualitativo y seguro<\/li>\n<li>Gracias al velcro y al bucle, las diferentes barras pueden configurarse f\u00e1cilmente una y otra vez<\/li>\n<li>la inserci\u00f3n acolchada de la funda es de material textil extra\u00edble, por lo que es f\u00e1cil de limpiar<\/li>\n<\/ul>\n<\/div>\n<div style=\"display:flex; gap:10px;justify-content:center\" class=\"wps-pgfw-pdf-generate-icon__wrapper-frontend\">\n\t\t<a  href=\"https:\/\/www.b-w-international.com\/es\/wp-json\/wp\/v2\/product\/15520\/?action=genpdf&amp;id=15520\" class=\"pgfw-single-pdf-download-button\" target=_blank><img src=\"https:\/\/www.b-w-international.com\/wp-content\/uploads\/2025\/03\/icon-download.svg\" title=\"Generar PDF\" style=\"width:auto; height:45px;\"><\/a>\n\t\t<\/div>","protected":false},"excerpt":{"rendered":"<p>Compartimentaci\u00f3n variable disponible para el caso bw.PP.41 &#8211; PP.709, excepto para PP.162, PP.210 Personalizaci\u00f3n individual de la disposici\u00f3n de los compartimentos para adaptarlos a diferentes necesidades, por ejemplo, dron o c\u00e1mara Soluci\u00f3n personalizada para cada \u00e1mbito de aplicaci\u00f3n Fiable, cualitativo y seguro Gracias al velcro y al bucle, las diferentes barras pueden configurarse f\u00e1cilmente una [&hellip;]<\/p>\n","protected":false},"featured_media":19903,"template":"","meta":{"_acf_changed":false},"product_brand":[],"product_cat":[173,434],"product_tag":[],"class_list":{"0":"post-15520","1":"product","2":"type-product","3":"status-publish","4":"has-post-thumbnail","6":"product_cat-accesorios-maletin-multiusos","7":"product_cat-accesorios-foto-y-video","9":"first","10":"instock","11":"product-type-simple"},"acf":[],"yoast_head":"<title>divider.system RPD | Divisi\u00f3n de compartimentos variable para bw.cases - B&amp;W International<\/title>\n<meta name=\"description\" content=\"Accesorios de B&amp;W Compartimentaci\u00f3n variable \u2713Modular \u2713Personalizable \u2713Duradera \u2713Parte del sistema RPD \u2794 \u00a1Fabrica ya seg\u00fan tus necesidades!\" \/>\n<meta name=\"robots\" content=\"index, follow, max-snippet:-1, max-image-preview:large, max-video-preview:-1\" \/>\n<link rel=\"canonical\" href=\"https:\/\/www.b-w-international.com\/es\/produkt\/divider-system-rpd\/\" \/>\n<meta property=\"og:locale\" content=\"es_ES\" \/>\n<meta property=\"og:type\" content=\"article\" \/>\n<meta property=\"og:title\" content=\"divider.system RPD | Divisi\u00f3n de compartimentos variable para bw.cases - B&amp;W International\" \/>\n<meta property=\"og:description\" content=\"Accesorios de B&amp;W Compartimentaci\u00f3n variable \u2713Modular \u2713Personalizable \u2713Duradera \u2713Parte del sistema RPD \u2794 \u00a1Fabrica ya seg\u00fan tus necesidades!\" \/>\n<meta property=\"og:url\" content=\"https:\/\/www.b-w-international.com\/es\/produkt\/divider-system-rpd\/\" \/>\n<meta property=\"og:site_name\" content=\"B&amp;W International\" \/>\n<meta property=\"article:modified_time\" content=\"2026-04-01T10:22:08+00:00\" \/>\n<meta property=\"og:image\" content=\"https:\/\/www.b-w-international.com\/wp-content\/uploads\/2025\/05\/1000_PP-41_RPD_accessories_bw-international.jpg\" \/>\n\t<meta property=\"og:image:width\" content=\"1920\" \/>\n\t<meta property=\"og:image:height\" content=\"1920\" \/>\n\t<meta property=\"og:image:type\" content=\"image\/jpeg\" \/>\n<meta name=\"twitter:card\" content=\"summary_large_image\" \/>\n<meta name=\"twitter:label1\" content=\"Tiempo de lectura\" \/>\n\t<meta name=\"twitter:data1\" content=\"1 minuto\" \/>\n<script type=\"application\/ld+json\" class=\"yoast-schema-graph\">{\"@context\":\"https:\\\/\\\/schema.org\",\"@graph\":[{\"@type\":\"WebPage\",\"@id\":\"https:\\\/\\\/www.b-w-international.com\\\/es\\\/produkt\\\/divider-system-rpd\\\/\",\"url\":\"https:\\\/\\\/www.b-w-international.com\\\/es\\\/produkt\\\/divider-system-rpd\\\/\",\"name\":\"divider.system RPD | Divisi\u00f3n de compartimentos variable para bw.cases - B&amp;W International\",\"isPartOf\":{\"@id\":\"https:\\\/\\\/www.b-w-international.com\\\/es\\\/#website\"},\"primaryImageOfPage\":{\"@id\":\"https:\\\/\\\/www.b-w-international.com\\\/es\\\/produkt\\\/divider-system-rpd\\\/#primaryimage\"},\"image\":{\"@id\":\"https:\\\/\\\/www.b-w-international.com\\\/es\\\/produkt\\\/divider-system-rpd\\\/#primaryimage\"},\"thumbnailUrl\":\"https:\\\/\\\/www.b-w-international.com\\\/wp-content\\\/uploads\\\/2025\\\/05\\\/1000_PP-41_RPD_accessories_bw-international.jpg\",\"datePublished\":\"2025-05-05T07:54:14+00:00\",\"dateModified\":\"2026-04-01T10:22:08+00:00\",\"description\":\"Accesorios de B&W Compartimentaci\u00f3n variable \u2713Modular \u2713Personalizable \u2713Duradera \u2713Parte del sistema RPD \u2794 \u00a1Fabrica ya seg\u00fan tus necesidades!\",\"breadcrumb\":{\"@id\":\"https:\\\/\\\/www.b-w-international.com\\\/es\\\/produkt\\\/divider-system-rpd\\\/#breadcrumb\"},\"inLanguage\":\"es\",\"potentialAction\":[{\"@type\":\"ReadAction\",\"target\":[\"https:\\\/\\\/www.b-w-international.com\\\/es\\\/produkt\\\/divider-system-rpd\\\/\"]}]},{\"@type\":\"ImageObject\",\"inLanguage\":\"es\",\"@id\":\"https:\\\/\\\/www.b-w-international.com\\\/es\\\/produkt\\\/divider-system-rpd\\\/#primaryimage\",\"url\":\"https:\\\/\\\/www.b-w-international.com\\\/wp-content\\\/uploads\\\/2025\\\/05\\\/1000_PP-41_RPD_accessories_bw-international.jpg\",\"contentUrl\":\"https:\\\/\\\/www.b-w-international.com\\\/wp-content\\\/uploads\\\/2025\\\/05\\\/1000_PP-41_RPD_accessories_bw-international.jpg\",\"width\":1920,\"height\":1920,\"caption\":\"Compartimentaci\u00f3n flexible (RPD) para el caso bw.PP.41\"},{\"@type\":\"BreadcrumbList\",\"@id\":\"https:\\\/\\\/www.b-w-international.com\\\/es\\\/produkt\\\/divider-system-rpd\\\/#breadcrumb\",\"itemListElement\":[{\"@type\":\"ListItem\",\"position\":1,\"name\":\"Home\",\"item\":\"https:\\\/\\\/www.b-w-international.com\\\/es\\\/\"},{\"@type\":\"ListItem\",\"position\":2,\"name\":\"Productos\",\"item\":\"https:\\\/\\\/www.b-w-international.com\\\/es\\\/tienda\\\/\"},{\"@type\":\"ListItem\",\"position\":3,\"name\":\"Maletas multiusos\",\"item\":\"https:\\\/\\\/www.b-w-international.com\\\/es\\\/produkte\\\/maletas-multiusos\\\/\"},{\"@type\":\"ListItem\",\"position\":4,\"name\":\"Accesorios\",\"item\":\"https:\\\/\\\/www.b-w-international.com\\\/es\\\/produkte\\\/maletas-multiusos\\\/accesorios-maletin-multiusos\\\/\"},{\"@type\":\"ListItem\",\"position\":5,\"name\":\"divider.system RPD | Divisi\u00f3n de compartimentos variable para bw.cases\"}]},{\"@type\":\"WebSite\",\"@id\":\"https:\\\/\\\/www.b-w-international.com\\\/es\\\/#website\",\"url\":\"https:\\\/\\\/www.b-w-international.com\\\/es\\\/\",\"name\":\"B&W International\",\"description\":\"\",\"publisher\":{\"@id\":\"https:\\\/\\\/www.b-w-international.com\\\/es\\\/#organization\"},\"potentialAction\":[{\"@type\":\"SearchAction\",\"target\":{\"@type\":\"EntryPoint\",\"urlTemplate\":\"https:\\\/\\\/www.b-w-international.com\\\/es\\\/?s={search_term_string}\"},\"query-input\":{\"@type\":\"PropertyValueSpecification\",\"valueRequired\":true,\"valueName\":\"search_term_string\"}}],\"inLanguage\":\"es\"},{\"@type\":\"Organization\",\"@id\":\"https:\\\/\\\/www.b-w-international.com\\\/es\\\/#organization\",\"name\":\"B&W International\",\"url\":\"https:\\\/\\\/www.b-w-international.com\\\/es\\\/\",\"logo\":{\"@type\":\"ImageObject\",\"inLanguage\":\"es\",\"@id\":\"https:\\\/\\\/www.b-w-international.com\\\/es\\\/#\\\/schema\\\/logo\\\/image\\\/\",\"url\":\"https:\\\/\\\/www.b-w-international.com\\\/wp-content\\\/uploads\\\/2024\\\/12\\\/16dbfc312f1eb060e7d95735c00f9ec6.png\",\"contentUrl\":\"https:\\\/\\\/www.b-w-international.com\\\/wp-content\\\/uploads\\\/2024\\\/12\\\/16dbfc312f1eb060e7d95735c00f9ec6.png\",\"width\":219,\"height\":82,\"caption\":\"B&W International\"},\"image\":{\"@id\":\"https:\\\/\\\/www.b-w-international.com\\\/es\\\/#\\\/schema\\\/logo\\\/image\\\/\"}}]}<\/script>","yoast_head_json":{"title":"divider.system RPD | Divisi\u00f3n de compartimentos variable para bw.cases - B&amp;W International","description":"Accesorios de B&W Compartimentaci\u00f3n variable \u2713Modular \u2713Personalizable \u2713Duradera \u2713Parte del sistema RPD \u2794 \u00a1Fabrica ya seg\u00fan tus necesidades!","robots":{"index":"index","follow":"follow","max-snippet":"max-snippet:-1","max-image-preview":"max-image-preview:large","max-video-preview":"max-video-preview:-1"},"canonical":"https:\/\/www.b-w-international.com\/es\/produkt\/divider-system-rpd\/","og_locale":"es_ES","og_type":"article","og_title":"divider.system RPD | Divisi\u00f3n de compartimentos variable para bw.cases - B&amp;W International","og_description":"Accesorios de B&W Compartimentaci\u00f3n variable \u2713Modular \u2713Personalizable \u2713Duradera \u2713Parte del sistema RPD \u2794 \u00a1Fabrica ya seg\u00fan tus necesidades!","og_url":"https:\/\/www.b-w-international.com\/es\/produkt\/divider-system-rpd\/","og_site_name":"B&amp;W International","article_modified_time":"2026-04-01T10:22:08+00:00","og_image":[{"width":1920,"height":1920,"url":"https:\/\/www.b-w-international.com\/wp-content\/uploads\/2025\/05\/1000_PP-41_RPD_accessories_bw-international.jpg","type":"image\/jpeg"}],"twitter_card":"summary_large_image","twitter_misc":{"Tiempo de lectura":"1 minuto"},"schema":{"@context":"https:\/\/schema.org","@graph":[{"@type":"WebPage","@id":"https:\/\/www.b-w-international.com\/es\/produkt\/divider-system-rpd\/","url":"https:\/\/www.b-w-international.com\/es\/produkt\/divider-system-rpd\/","name":"divider.system RPD | Divisi\u00f3n de compartimentos variable para bw.cases - B&amp;W International","isPartOf":{"@id":"https:\/\/www.b-w-international.com\/es\/#website"},"primaryImageOfPage":{"@id":"https:\/\/www.b-w-international.com\/es\/produkt\/divider-system-rpd\/#primaryimage"},"image":{"@id":"https:\/\/www.b-w-international.com\/es\/produkt\/divider-system-rpd\/#primaryimage"},"thumbnailUrl":"https:\/\/www.b-w-international.com\/wp-content\/uploads\/2025\/05\/1000_PP-41_RPD_accessories_bw-international.jpg","datePublished":"2025-05-05T07:54:14+00:00","dateModified":"2026-04-01T10:22:08+00:00","description":"Accesorios de B&W Compartimentaci\u00f3n variable \u2713Modular \u2713Personalizable \u2713Duradera \u2713Parte del sistema RPD \u2794 \u00a1Fabrica ya seg\u00fan tus necesidades!","breadcrumb":{"@id":"https:\/\/www.b-w-international.com\/es\/produkt\/divider-system-rpd\/#breadcrumb"},"inLanguage":"es","potentialAction":[{"@type":"ReadAction","target":["https:\/\/www.b-w-international.com\/es\/produkt\/divider-system-rpd\/"]}]},{"@type":"ImageObject","inLanguage":"es","@id":"https:\/\/www.b-w-international.com\/es\/produkt\/divider-system-rpd\/#primaryimage","url":"https:\/\/www.b-w-international.com\/wp-content\/uploads\/2025\/05\/1000_PP-41_RPD_accessories_bw-international.jpg","contentUrl":"https:\/\/www.b-w-international.com\/wp-content\/uploads\/2025\/05\/1000_PP-41_RPD_accessories_bw-international.jpg","width":1920,"height":1920,"caption":"Compartimentaci\u00f3n flexible (RPD) para el caso bw.PP.41"},{"@type":"BreadcrumbList","@id":"https:\/\/www.b-w-international.com\/es\/produkt\/divider-system-rpd\/#breadcrumb","itemListElement":[{"@type":"ListItem","position":1,"name":"Home","item":"https:\/\/www.b-w-international.com\/es\/"},{"@type":"ListItem","position":2,"name":"Productos","item":"https:\/\/www.b-w-international.com\/es\/tienda\/"},{"@type":"ListItem","position":3,"name":"Maletas multiusos","item":"https:\/\/www.b-w-international.com\/es\/produkte\/maletas-multiusos\/"},{"@type":"ListItem","position":4,"name":"Accesorios","item":"https:\/\/www.b-w-international.com\/es\/produkte\/maletas-multiusos\/accesorios-maletin-multiusos\/"},{"@type":"ListItem","position":5,"name":"divider.system RPD | Divisi\u00f3n de compartimentos variable para bw.cases"}]},{"@type":"WebSite","@id":"https:\/\/www.b-w-international.com\/es\/#website","url":"https:\/\/www.b-w-international.com\/es\/","name":"B&W International","description":"","publisher":{"@id":"https:\/\/www.b-w-international.com\/es\/#organization"},"potentialAction":[{"@type":"SearchAction","target":{"@type":"EntryPoint","urlTemplate":"https:\/\/www.b-w-international.com\/es\/?s={search_term_string}"},"query-input":{"@type":"PropertyValueSpecification","valueRequired":true,"valueName":"search_term_string"}}],"inLanguage":"es"},{"@type":"Organization","@id":"https:\/\/www.b-w-international.com\/es\/#organization","name":"B&W International","url":"https:\/\/www.b-w-international.com\/es\/","logo":{"@type":"ImageObject","inLanguage":"es","@id":"https:\/\/www.b-w-international.com\/es\/#\/schema\/logo\/image\/","url":"https:\/\/www.b-w-international.com\/wp-content\/uploads\/2024\/12\/16dbfc312f1eb060e7d95735c00f9ec6.png","contentUrl":"https:\/\/www.b-w-international.com\/wp-content\/uploads\/2024\/12\/16dbfc312f1eb060e7d95735c00f9ec6.png","width":219,"height":82,"caption":"B&W International"},"image":{"@id":"https:\/\/www.b-w-international.com\/es\/#\/schema\/logo\/image\/"}}]}},"_links":{"self":[{"href":"https:\/\/www.b-w-international.com\/es\/wp-json\/wp\/v2\/product\/15520","targetHints":{"allow":["GET"]}}],"collection":[{"href":"https:\/\/www.b-w-international.com\/es\/wp-json\/wp\/v2\/product"}],"about":[{"href":"https:\/\/www.b-w-international.com\/es\/wp-json\/wp\/v2\/types\/product"}],"wp:featuredmedia":[{"embeddable":true,"href":"https:\/\/www.b-w-international.com\/es\/wp-json\/wp\/v2\/media\/19903"}],"wp:attachment":[{"href":"https:\/\/www.b-w-international.com\/es\/wp-json\/wp\/v2\/media?parent=15520"}],"wp:term":[{"taxonomy":"product_brand","embeddable":true,"href":"https:\/\/www.b-w-international.com\/es\/wp-json\/wp\/v2\/product_brand?post=15520"},{"taxonomy":"product_cat","embeddable":true,"href":"https:\/\/www.b-w-international.com\/es\/wp-json\/wp\/v2\/product_cat?post=15520"},{"taxonomy":"product_tag","embeddable":true,"href":"https:\/\/www.b-w-international.com\/es\/wp-json\/wp\/v2\/product_tag?post=15520"}],"curies":[{"name":"wp","href":"https:\/\/api.w.org\/{rel}","templated":true}]}}