{"id":15574,"date":"2025-05-05T09:54:14","date_gmt":"2025-05-05T07:54:14","guid":{"rendered":"https:\/\/www.b-w-international.com\/produkt\/action-case-pp-166-gopro13-bw-outdoor-case-type-4000-gopro-9-13\/"},"modified":"2025-11-04T10:48:24","modified_gmt":"2025-11-04T09:48:24","slug":"action-case-pp-166-gopro13","status":"publish","type":"product","link":"https:\/\/www.b-w-international.com\/es\/produkt\/action-case-pp-166-gopro13\/","title":{"rendered":"action.case PP.166.GoPro13 | Malet\u00edn multiusos ByW tipo 4000 GoPro 9-13"},"content":{"rendered":"<ul>\n<li>Incrustaci\u00f3n personalizada apta para hasta cinco GoPro Hero 13<\/li>\n<li>Compatible con las siguientes c\u00e1maras: Hero 9, Hero 10, Hero 11, Hero 12<\/li>\n<li>Extremadamente estable: carcasa de polipropileno (PP)<\/li>\n<li>Caja probada seg\u00fan normas militares<\/li>\n<li>Apilable<\/li>\n<li>Resistente al polvo y al agua (clase de protecci\u00f3n IP 67)<\/li>\n<li>Temperatura estable de -30 \u00b0C a +80 \u00b0C<\/li>\n<li>Airworthy: v\u00e1lvula de compensaci\u00f3n autom\u00e1tica de la presi\u00f3n del aire<\/li>\n<li>Asa de transporte engomada<\/li>\n<li>Dos ojales para candados (\u00d8 7 mm)<\/li>\n<li>Dos cierres a presi\u00f3n<\/li>\n<li>Placa de identificaci\u00f3n personalizable (placa de identificaci\u00f3n)<\/li>\n<li>Funda de espuma<\/li>\n<\/ul>\n<p><strong>El contenido del malet\u00edn mostrado no est\u00e1 incluido en el volumen de suministro.<\/strong><\/p>\n<div style=\"display:flex; gap:10px;justify-content:center\" class=\"wps-pgfw-pdf-generate-icon__wrapper-frontend\">\n\t\t<a  href=\"https:\/\/www.b-w-international.com\/es\/wp-json\/wp\/v2\/product\/15574\/?action=genpdf&amp;id=15574\" class=\"pgfw-single-pdf-download-button\" target=_blank><img src=\"https:\/\/www.b-w-international.com\/wp-content\/uploads\/2025\/03\/icon-download.svg\" title=\"Generar PDF\" style=\"width:auto; height:45px;\"><\/a>\n\t\t<\/div>","protected":false},"excerpt":{"rendered":"<p>Incrustaci\u00f3n personalizada apta para hasta cinco GoPro Hero 13 Compatible con las siguientes c\u00e1maras: Hero 9, Hero 10, Hero 11, Hero 12 Extremadamente estable: carcasa de polipropileno (PP) Caja probada seg\u00fan normas militares Apilable Resistente al polvo y al agua (clase de protecci\u00f3n IP 67) Temperatura estable de -30 \u00b0C a +80 \u00b0C Airworthy: v\u00e1lvula [&hellip;]<\/p>\n","protected":false},"featured_media":13056,"template":"","meta":{"_acf_changed":false},"product_brand":[],"product_cat":[475,69],"product_tag":[],"class_list":{"0":"post-15574","1":"product","2":"type-product","3":"status-publish","4":"has-post-thumbnail","6":"product_features-2-argollas-para-candados","7":"product_features-apilable","8":"product_features-apto-para-volar","9":"product_features-asa-de-transporte-recubierta-de-goma","10":"product_features-extremadamente-resistente","11":"product_features-resistente-a-la-temperatura","12":"product_features-resistente-al-agua-al-polvo-y-hermetico","13":"product_cat-camaras-de-accion","14":"product_cat-maletas-para-drones-y-camaras","15":"pa_farbe-amarillo","16":"pa_farbe-negro","17":"pa_farbe-verde-bronce","19":"first","20":"instock","21":"product-type-variable"},"acf":[],"yoast_head":"<title>action.case PP.166.GoPro13 | Malet\u00edn multiusos ByW tipo 4000 GoPro 9-13 - B&amp;W International<\/title>\n<meta name=\"description\" content=\"Funda multiusos B&amp;W GoPro 9-13 \u2713extremadamente robusta \u2713ajuste preciso \u2713resistente al agua \u2713muchos accesorios \u2192 \u00a1Desc\u00fabrela ahora!\" \/>\n<meta name=\"robots\" content=\"index, follow, max-snippet:-1, max-image-preview:large, max-video-preview:-1\" \/>\n<link rel=\"canonical\" href=\"https:\/\/www.b-w-international.com\/es\/produkt\/action-case-pp-166-gopro13\/\" \/>\n<meta property=\"og:locale\" content=\"es_ES\" \/>\n<meta property=\"og:type\" content=\"article\" \/>\n<meta property=\"og:title\" content=\"action.case PP.166.GoPro13 | Malet\u00edn multiusos ByW tipo 4000 GoPro 9-13 - B&amp;W International\" \/>\n<meta property=\"og:description\" content=\"Funda multiusos B&amp;W GoPro 9-13 \u2713extremadamente robusta \u2713ajuste preciso \u2713resistente al agua \u2713muchos accesorios \u2192 \u00a1Desc\u00fabrela ahora!\" \/>\n<meta property=\"og:url\" content=\"https:\/\/www.b-w-international.com\/es\/produkt\/action-case-pp-166-gopro13\/\" \/>\n<meta property=\"og:site_name\" content=\"B&amp;W International\" \/>\n<meta property=\"article:modified_time\" content=\"2025-11-04T09:48:24+00:00\" \/>\n<meta property=\"og:image\" content=\"https:\/\/www.b-w-international.com\/wp-content\/uploads\/2025\/05\/4000_PP-166_Y_open-inlay-side-empty_go-pro-13_bw-international.jpg\" \/>\n\t<meta property=\"og:image:width\" content=\"1920\" \/>\n\t<meta property=\"og:image:height\" content=\"1920\" \/>\n\t<meta property=\"og:image:type\" content=\"image\/jpeg\" \/>\n<meta name=\"twitter:card\" content=\"summary_large_image\" \/>\n<meta name=\"twitter:label1\" content=\"Tiempo de lectura\" \/>\n\t<meta name=\"twitter:data1\" content=\"1 minuto\" \/>\n<script type=\"application\/ld+json\" class=\"yoast-schema-graph\">{\"@context\":\"https:\/\/schema.org\",\"@graph\":[{\"@type\":\"WebPage\",\"@id\":\"https:\/\/www.b-w-international.com\/es\/produkt\/action-case-pp-166-gopro13\/\",\"url\":\"https:\/\/www.b-w-international.com\/es\/produkt\/action-case-pp-166-gopro13\/\",\"name\":\"action.case PP.166.GoPro13 | Malet\u00edn multiusos ByW tipo 4000 GoPro 9-13 - B&amp;W International\",\"isPartOf\":{\"@id\":\"https:\/\/www.b-w-international.com\/es\/#website\"},\"primaryImageOfPage\":{\"@id\":\"https:\/\/www.b-w-international.com\/es\/produkt\/action-case-pp-166-gopro13\/#primaryimage\"},\"image\":{\"@id\":\"https:\/\/www.b-w-international.com\/es\/produkt\/action-case-pp-166-gopro13\/#primaryimage\"},\"thumbnailUrl\":\"https:\/\/www.b-w-international.com\/wp-content\/uploads\/2025\/05\/4000_PP-166_Y_open-inlay-side-empty_go-pro-13_bw-international.jpg\",\"datePublished\":\"2025-05-05T07:54:14+00:00\",\"dateModified\":\"2025-11-04T09:48:24+00:00\",\"description\":\"Funda multiusos B&W GoPro 9-13 \u2713extremadamente robusta \u2713ajuste preciso \u2713resistente al agua \u2713muchos accesorios \u2192 \u00a1Desc\u00fabrela ahora!\",\"breadcrumb\":{\"@id\":\"https:\/\/www.b-w-international.com\/es\/produkt\/action-case-pp-166-gopro13\/#breadcrumb\"},\"inLanguage\":\"es\",\"potentialAction\":[{\"@type\":\"ReadAction\",\"target\":[\"https:\/\/www.b-w-international.com\/es\/produkt\/action-case-pp-166-gopro13\/\"]}]},{\"@type\":\"ImageObject\",\"inLanguage\":\"es\",\"@id\":\"https:\/\/www.b-w-international.com\/es\/produkt\/action-case-pp-166-gopro13\/#primaryimage\",\"url\":\"https:\/\/www.b-w-international.com\/wp-content\/uploads\/2025\/05\/4000_PP-166_Y_open-inlay-side-empty_go-pro-13_bw-international.jpg\",\"contentUrl\":\"https:\/\/www.b-w-international.com\/wp-content\/uploads\/2025\/05\/4000_PP-166_Y_open-inlay-side-empty_go-pro-13_bw-international.jpg\",\"width\":1920,\"height\":1920,\"caption\":\"Stabiler B&W International Mehrzweckkoffer in gelb mit passgenauem blauen Schaumstoff-Inlay und Noppenschaum im Deckel f\u00fcr sicheren Ger\u00e4teschutz. Geeignet f\u00fcr GoPro 9 bis 13.\"},{\"@type\":\"BreadcrumbList\",\"@id\":\"https:\/\/www.b-w-international.com\/es\/produkt\/action-case-pp-166-gopro13\/#breadcrumb\",\"itemListElement\":[{\"@type\":\"ListItem\",\"position\":1,\"name\":\"Home\",\"item\":\"https:\/\/www.b-w-international.com\/es\/\"},{\"@type\":\"ListItem\",\"position\":2,\"name\":\"Productos\",\"item\":\"https:\/\/www.b-w-international.com\/es\/tienda\/\"},{\"@type\":\"ListItem\",\"position\":3,\"name\":\"Maletas para drones y c\u00e1maras\",\"item\":\"https:\/\/www.b-w-international.com\/es\/produkte\/maletas-para-drones-y-camaras\/\"},{\"@type\":\"ListItem\",\"position\":4,\"name\":\"action.case PP.166.GoPro13 | Malet\u00edn multiusos ByW tipo 4000 GoPro 9-13\"}]},{\"@type\":\"WebSite\",\"@id\":\"https:\/\/www.b-w-international.com\/es\/#website\",\"url\":\"https:\/\/www.b-w-international.com\/es\/\",\"name\":\"B&W International\",\"description\":\"\",\"publisher\":{\"@id\":\"https:\/\/www.b-w-international.com\/es\/#organization\"},\"potentialAction\":[{\"@type\":\"SearchAction\",\"target\":{\"@type\":\"EntryPoint\",\"urlTemplate\":\"https:\/\/www.b-w-international.com\/es\/?s={search_term_string}\"},\"query-input\":{\"@type\":\"PropertyValueSpecification\",\"valueRequired\":true,\"valueName\":\"search_term_string\"}}],\"inLanguage\":\"es\"},{\"@type\":\"Organization\",\"@id\":\"https:\/\/www.b-w-international.com\/es\/#organization\",\"name\":\"B&W International\",\"url\":\"https:\/\/www.b-w-international.com\/es\/\",\"logo\":{\"@type\":\"ImageObject\",\"inLanguage\":\"es\",\"@id\":\"https:\/\/www.b-w-international.com\/es\/#\/schema\/logo\/image\/\",\"url\":\"https:\/\/www.b-w-international.com\/wp-content\/uploads\/2024\/12\/16dbfc312f1eb060e7d95735c00f9ec6.png\",\"contentUrl\":\"https:\/\/www.b-w-international.com\/wp-content\/uploads\/2024\/12\/16dbfc312f1eb060e7d95735c00f9ec6.png\",\"width\":219,\"height\":82,\"caption\":\"B&W International\"},\"image\":{\"@id\":\"https:\/\/www.b-w-international.com\/es\/#\/schema\/logo\/image\/\"}}]}<\/script>","yoast_head_json":{"title":"action.case PP.166.GoPro13 | Malet\u00edn multiusos ByW tipo 4000 GoPro 9-13 - B&amp;W International","description":"Funda multiusos B&W GoPro 9-13 \u2713extremadamente robusta \u2713ajuste preciso \u2713resistente al agua \u2713muchos accesorios \u2192 \u00a1Desc\u00fabrela ahora!","robots":{"index":"index","follow":"follow","max-snippet":"max-snippet:-1","max-image-preview":"max-image-preview:large","max-video-preview":"max-video-preview:-1"},"canonical":"https:\/\/www.b-w-international.com\/es\/produkt\/action-case-pp-166-gopro13\/","og_locale":"es_ES","og_type":"article","og_title":"action.case PP.166.GoPro13 | Malet\u00edn multiusos ByW tipo 4000 GoPro 9-13 - B&amp;W International","og_description":"Funda multiusos B&W GoPro 9-13 \u2713extremadamente robusta \u2713ajuste preciso \u2713resistente al agua \u2713muchos accesorios \u2192 \u00a1Desc\u00fabrela ahora!","og_url":"https:\/\/www.b-w-international.com\/es\/produkt\/action-case-pp-166-gopro13\/","og_site_name":"B&amp;W International","article_modified_time":"2025-11-04T09:48:24+00:00","og_image":[{"width":1920,"height":1920,"url":"https:\/\/www.b-w-international.com\/wp-content\/uploads\/2025\/05\/4000_PP-166_Y_open-inlay-side-empty_go-pro-13_bw-international.jpg","type":"image\/jpeg"}],"twitter_card":"summary_large_image","twitter_misc":{"Tiempo de lectura":"1 minuto"},"schema":{"@context":"https:\/\/schema.org","@graph":[{"@type":"WebPage","@id":"https:\/\/www.b-w-international.com\/es\/produkt\/action-case-pp-166-gopro13\/","url":"https:\/\/www.b-w-international.com\/es\/produkt\/action-case-pp-166-gopro13\/","name":"action.case PP.166.GoPro13 | Malet\u00edn multiusos ByW tipo 4000 GoPro 9-13 - B&amp;W International","isPartOf":{"@id":"https:\/\/www.b-w-international.com\/es\/#website"},"primaryImageOfPage":{"@id":"https:\/\/www.b-w-international.com\/es\/produkt\/action-case-pp-166-gopro13\/#primaryimage"},"image":{"@id":"https:\/\/www.b-w-international.com\/es\/produkt\/action-case-pp-166-gopro13\/#primaryimage"},"thumbnailUrl":"https:\/\/www.b-w-international.com\/wp-content\/uploads\/2025\/05\/4000_PP-166_Y_open-inlay-side-empty_go-pro-13_bw-international.jpg","datePublished":"2025-05-05T07:54:14+00:00","dateModified":"2025-11-04T09:48:24+00:00","description":"Funda multiusos B&W GoPro 9-13 \u2713extremadamente robusta \u2713ajuste preciso \u2713resistente al agua \u2713muchos accesorios \u2192 \u00a1Desc\u00fabrela ahora!","breadcrumb":{"@id":"https:\/\/www.b-w-international.com\/es\/produkt\/action-case-pp-166-gopro13\/#breadcrumb"},"inLanguage":"es","potentialAction":[{"@type":"ReadAction","target":["https:\/\/www.b-w-international.com\/es\/produkt\/action-case-pp-166-gopro13\/"]}]},{"@type":"ImageObject","inLanguage":"es","@id":"https:\/\/www.b-w-international.com\/es\/produkt\/action-case-pp-166-gopro13\/#primaryimage","url":"https:\/\/www.b-w-international.com\/wp-content\/uploads\/2025\/05\/4000_PP-166_Y_open-inlay-side-empty_go-pro-13_bw-international.jpg","contentUrl":"https:\/\/www.b-w-international.com\/wp-content\/uploads\/2025\/05\/4000_PP-166_Y_open-inlay-side-empty_go-pro-13_bw-international.jpg","width":1920,"height":1920,"caption":"Stabiler B&W International Mehrzweckkoffer in gelb mit passgenauem blauen Schaumstoff-Inlay und Noppenschaum im Deckel f\u00fcr sicheren Ger\u00e4teschutz. Geeignet f\u00fcr GoPro 9 bis 13."},{"@type":"BreadcrumbList","@id":"https:\/\/www.b-w-international.com\/es\/produkt\/action-case-pp-166-gopro13\/#breadcrumb","itemListElement":[{"@type":"ListItem","position":1,"name":"Home","item":"https:\/\/www.b-w-international.com\/es\/"},{"@type":"ListItem","position":2,"name":"Productos","item":"https:\/\/www.b-w-international.com\/es\/tienda\/"},{"@type":"ListItem","position":3,"name":"Maletas para drones y c\u00e1maras","item":"https:\/\/www.b-w-international.com\/es\/produkte\/maletas-para-drones-y-camaras\/"},{"@type":"ListItem","position":4,"name":"action.case PP.166.GoPro13 | Malet\u00edn multiusos ByW tipo 4000 GoPro 9-13"}]},{"@type":"WebSite","@id":"https:\/\/www.b-w-international.com\/es\/#website","url":"https:\/\/www.b-w-international.com\/es\/","name":"B&W International","description":"","publisher":{"@id":"https:\/\/www.b-w-international.com\/es\/#organization"},"potentialAction":[{"@type":"SearchAction","target":{"@type":"EntryPoint","urlTemplate":"https:\/\/www.b-w-international.com\/es\/?s={search_term_string}"},"query-input":{"@type":"PropertyValueSpecification","valueRequired":true,"valueName":"search_term_string"}}],"inLanguage":"es"},{"@type":"Organization","@id":"https:\/\/www.b-w-international.com\/es\/#organization","name":"B&W International","url":"https:\/\/www.b-w-international.com\/es\/","logo":{"@type":"ImageObject","inLanguage":"es","@id":"https:\/\/www.b-w-international.com\/es\/#\/schema\/logo\/image\/","url":"https:\/\/www.b-w-international.com\/wp-content\/uploads\/2024\/12\/16dbfc312f1eb060e7d95735c00f9ec6.png","contentUrl":"https:\/\/www.b-w-international.com\/wp-content\/uploads\/2024\/12\/16dbfc312f1eb060e7d95735c00f9ec6.png","width":219,"height":82,"caption":"B&W International"},"image":{"@id":"https:\/\/www.b-w-international.com\/es\/#\/schema\/logo\/image\/"}}]}},"_links":{"self":[{"href":"https:\/\/www.b-w-international.com\/es\/wp-json\/wp\/v2\/product\/15574","targetHints":{"allow":["GET"]}}],"collection":[{"href":"https:\/\/www.b-w-international.com\/es\/wp-json\/wp\/v2\/product"}],"about":[{"href":"https:\/\/www.b-w-international.com\/es\/wp-json\/wp\/v2\/types\/product"}],"wp:featuredmedia":[{"embeddable":true,"href":"https:\/\/www.b-w-international.com\/es\/wp-json\/wp\/v2\/media\/13056"}],"wp:attachment":[{"href":"https:\/\/www.b-w-international.com\/es\/wp-json\/wp\/v2\/media?parent=15574"}],"wp:term":[{"taxonomy":"product_brand","embeddable":true,"href":"https:\/\/www.b-w-international.com\/es\/wp-json\/wp\/v2\/product_brand?post=15574"},{"taxonomy":"product_cat","embeddable":true,"href":"https:\/\/www.b-w-international.com\/es\/wp-json\/wp\/v2\/product_cat?post=15574"},{"taxonomy":"product_tag","embeddable":true,"href":"https:\/\/www.b-w-international.com\/es\/wp-json\/wp\/v2\/product_tag?post=15574"}],"curies":[{"name":"wp","href":"https:\/\/api.w.org\/{rel}","templated":true}]}}