{"id":15628,"date":"2025-05-05T09:54:01","date_gmt":"2025-05-05T07:54:01","guid":{"rendered":"https:\/\/www.b-w-international.com\/produkt\/herramienta-bolsa-tex-253-servicio\/"},"modified":"2026-03-27T07:23:48","modified_gmt":"2026-03-27T06:23:48","slug":"tool-bag-tex-253-service","status":"publish","type":"product","link":"https:\/\/www.b-w-international.com\/es\/produkt\/tool-bag-tex-253-service\/","title":{"rendered":"tool.bag TEX.253 | Servicio"},"content":{"rendered":"<div>\n<ul>\n<li>Bolsa de herramientas de material resistente<\/li>\n<li>El bolsillo delantero se puede abrir 90<\/li>\n<li>Cremalleras duraderas<\/li>\n<li>Asa de transporte doble y fija<\/li>\n<li>Bolsillo interior forrado para cuaderno y documentos A4<\/li>\n<li>Dise\u00f1o del producto: 23 bolsillos para herramientas y 2 filas de presillas<\/li>\n<li>Correa de hombro ajustable con cierre r\u00e1pido y hombrera<\/li>\n<li>Leng\u00fceta en la parte posterior para fijaci\u00f3n de transporte en carros<\/li>\n<li>2 a\u00f1os de garant\u00eda<\/li>\n<\/ul>\n<\/div>\n<div style=\"display:flex; gap:10px;justify-content:center\" class=\"wps-pgfw-pdf-generate-icon__wrapper-frontend\">\n\t\t<a  href=\"https:\/\/www.b-w-international.com\/es\/wp-json\/wp\/v2\/product\/15628\/?action=genpdf&amp;id=15628\" class=\"pgfw-single-pdf-download-button\" target=_blank><img src=\"https:\/\/www.b-w-international.com\/wp-content\/uploads\/2025\/03\/icon-download.svg\" title=\"Generar PDF\" style=\"width:auto; height:45px;\"><\/a>\n\t\t<\/div>","protected":false},"excerpt":{"rendered":"<p>Bolsa de herramientas de material resistente El bolsillo delantero se puede abrir 90 Cremalleras duraderas Asa de transporte doble y fija Bolsillo interior forrado para cuaderno y documentos A4 Dise\u00f1o del producto: 23 bolsillos para herramientas y 2 filas de presillas Correa de hombro ajustable con cierre r\u00e1pido y hombrera Leng\u00fceta en la parte posterior [&hellip;]<\/p>\n","protected":false},"featured_media":13662,"template":"","meta":{"_acf_changed":false},"product_brand":[],"product_cat":[257,442],"product_tag":[],"class_list":{"0":"post-15628","1":"product","2":"type-product","3":"status-publish","4":"has-post-thumbnail","6":"product_features-2-anos-de-garantia","7":"product_features-material-resistente","8":"product_cat-bolsas-para-herramientas","9":"product_cat-maletas-y-bolsas-para-herramientas","10":"pa_farbe-negro","12":"first","13":"instock","14":"product-type-simple"},"acf":[],"yoast_head":"<title>bolsa de herramientas TEX.253 |Servicio de bolsa de herramientas B&amp;W<\/title>\n<meta name=\"description\" content=\"Bolsa de herramientas B&amp;W TEX.253 Service \u2713Nil\u00f3n resistente \u2713Secci\u00f3n central extra\u00edble \u2713Correa de transporte ajustable \u2794 \u00a1Pr\u00e1ctico almacenamiento ya!\" \/>\n<meta name=\"robots\" content=\"index, follow, max-snippet:-1, max-image-preview:large, max-video-preview:-1\" \/>\n<link rel=\"canonical\" href=\"https:\/\/www.b-w-international.com\/es\/produkt\/tool-bag-tex-253-service\/\" \/>\n<meta property=\"og:locale\" content=\"es_ES\" \/>\n<meta property=\"og:type\" content=\"article\" \/>\n<meta property=\"og:title\" content=\"bolsa de herramientas TEX.253 |Servicio de bolsa de herramientas B&amp;W\" \/>\n<meta property=\"og:description\" content=\"Bolsa de herramientas B&amp;W TEX.253 Service \u2713Nil\u00f3n resistente \u2713Secci\u00f3n central extra\u00edble \u2713Correa de transporte ajustable \u2794 \u00a1Pr\u00e1ctico almacenamiento ya!\" \/>\n<meta property=\"og:url\" content=\"https:\/\/www.b-w-international.com\/es\/produkt\/tool-bag-tex-253-service\/\" \/>\n<meta property=\"og:site_name\" content=\"B&amp;W International\" \/>\n<meta property=\"article:modified_time\" content=\"2026-03-27T06:23:48+00:00\" \/>\n<meta property=\"og:image\" content=\"https:\/\/www.b-w-international.com\/wp-content\/uploads\/2025\/05\/tool-bag_tex-253_Service_open-empty-side_bw-international.jpg\" \/>\n\t<meta property=\"og:image:width\" content=\"1920\" \/>\n\t<meta property=\"og:image:height\" content=\"1920\" \/>\n\t<meta property=\"og:image:type\" content=\"image\/jpeg\" \/>\n<meta name=\"twitter:card\" content=\"summary_large_image\" \/>\n<meta name=\"twitter:label1\" content=\"Tiempo de lectura\" \/>\n\t<meta name=\"twitter:data1\" content=\"1 minuto\" \/>\n<script type=\"application\/ld+json\" class=\"yoast-schema-graph\">{\"@context\":\"https:\/\/schema.org\",\"@graph\":[{\"@type\":\"WebPage\",\"@id\":\"https:\/\/www.b-w-international.com\/es\/produkt\/tool-bag-tex-253-service\/\",\"url\":\"https:\/\/www.b-w-international.com\/es\/produkt\/tool-bag-tex-253-service\/\",\"name\":\"bolsa de herramientas TEX.253 |Servicio de bolsa de herramientas B&W\",\"isPartOf\":{\"@id\":\"https:\/\/www.b-w-international.com\/es\/#website\"},\"primaryImageOfPage\":{\"@id\":\"https:\/\/www.b-w-international.com\/es\/produkt\/tool-bag-tex-253-service\/#primaryimage\"},\"image\":{\"@id\":\"https:\/\/www.b-w-international.com\/es\/produkt\/tool-bag-tex-253-service\/#primaryimage\"},\"thumbnailUrl\":\"https:\/\/www.b-w-international.com\/wp-content\/uploads\/2025\/05\/tool-bag_tex-253_Service_open-empty-side_bw-international.jpg\",\"datePublished\":\"2025-05-05T07:54:01+00:00\",\"dateModified\":\"2026-03-27T06:23:48+00:00\",\"description\":\"Bolsa de herramientas B&W TEX.253 Service \u2713Nil\u00f3n resistente \u2713Secci\u00f3n central extra\u00edble \u2713Correa de transporte ajustable \u2794 \u00a1Pr\u00e1ctico almacenamiento ya!\",\"breadcrumb\":{\"@id\":\"https:\/\/www.b-w-international.com\/es\/produkt\/tool-bag-tex-253-service\/#breadcrumb\"},\"inLanguage\":\"es\",\"potentialAction\":[{\"@type\":\"ReadAction\",\"target\":[\"https:\/\/www.b-w-international.com\/es\/produkt\/tool-bag-tex-253-service\/\"]}]},{\"@type\":\"ImageObject\",\"inLanguage\":\"es\",\"@id\":\"https:\/\/www.b-w-international.com\/es\/produkt\/tool-bag-tex-253-service\/#primaryimage\",\"url\":\"https:\/\/www.b-w-international.com\/wp-content\/uploads\/2025\/05\/tool-bag_tex-253_Service_open-empty-side_bw-international.jpg\",\"contentUrl\":\"https:\/\/www.b-w-international.com\/wp-content\/uploads\/2025\/05\/tool-bag_tex-253_Service_open-empty-side_bw-international.jpg\",\"width\":1920,\"height\":1920,\"caption\":\"Bolsa de herramientas B&amp;W International TEX 253 con varios compartimentos y bordes azules para guardar las herramientas de forma claramente organizada.\"},{\"@type\":\"BreadcrumbList\",\"@id\":\"https:\/\/www.b-w-international.com\/es\/produkt\/tool-bag-tex-253-service\/#breadcrumb\",\"itemListElement\":[{\"@type\":\"ListItem\",\"position\":1,\"name\":\"Home\",\"item\":\"https:\/\/www.b-w-international.com\/es\/\"},{\"@type\":\"ListItem\",\"position\":2,\"name\":\"Productos\",\"item\":\"https:\/\/www.b-w-international.com\/es\/tienda\/\"},{\"@type\":\"ListItem\",\"position\":3,\"name\":\"Maletas y bolsas para herramientas\",\"item\":\"https:\/\/www.b-w-international.com\/es\/produkte\/maletas-y-bolsas-para-herramientas\/\"},{\"@type\":\"ListItem\",\"position\":4,\"name\":\"Bolsas para herramientas\",\"item\":\"https:\/\/www.b-w-international.com\/es\/produkte\/maletas-y-bolsas-para-herramientas\/bolsas-para-herramientas\/\"},{\"@type\":\"ListItem\",\"position\":5,\"name\":\"tool.bag TEX.253 | Servicio\"}]},{\"@type\":\"WebSite\",\"@id\":\"https:\/\/www.b-w-international.com\/es\/#website\",\"url\":\"https:\/\/www.b-w-international.com\/es\/\",\"name\":\"B&W International\",\"description\":\"\",\"publisher\":{\"@id\":\"https:\/\/www.b-w-international.com\/es\/#organization\"},\"potentialAction\":[{\"@type\":\"SearchAction\",\"target\":{\"@type\":\"EntryPoint\",\"urlTemplate\":\"https:\/\/www.b-w-international.com\/es\/?s={search_term_string}\"},\"query-input\":{\"@type\":\"PropertyValueSpecification\",\"valueRequired\":true,\"valueName\":\"search_term_string\"}}],\"inLanguage\":\"es\"},{\"@type\":\"Organization\",\"@id\":\"https:\/\/www.b-w-international.com\/es\/#organization\",\"name\":\"B&W International\",\"url\":\"https:\/\/www.b-w-international.com\/es\/\",\"logo\":{\"@type\":\"ImageObject\",\"inLanguage\":\"es\",\"@id\":\"https:\/\/www.b-w-international.com\/es\/#\/schema\/logo\/image\/\",\"url\":\"https:\/\/www.b-w-international.com\/wp-content\/uploads\/2024\/12\/16dbfc312f1eb060e7d95735c00f9ec6.png\",\"contentUrl\":\"https:\/\/www.b-w-international.com\/wp-content\/uploads\/2024\/12\/16dbfc312f1eb060e7d95735c00f9ec6.png\",\"width\":219,\"height\":82,\"caption\":\"B&W International\"},\"image\":{\"@id\":\"https:\/\/www.b-w-international.com\/es\/#\/schema\/logo\/image\/\"}}]}<\/script>","yoast_head_json":{"title":"bolsa de herramientas TEX.253 |Servicio de bolsa de herramientas B&W","description":"Bolsa de herramientas B&W TEX.253 Service \u2713Nil\u00f3n resistente \u2713Secci\u00f3n central extra\u00edble \u2713Correa de transporte ajustable \u2794 \u00a1Pr\u00e1ctico almacenamiento ya!","robots":{"index":"index","follow":"follow","max-snippet":"max-snippet:-1","max-image-preview":"max-image-preview:large","max-video-preview":"max-video-preview:-1"},"canonical":"https:\/\/www.b-w-international.com\/es\/produkt\/tool-bag-tex-253-service\/","og_locale":"es_ES","og_type":"article","og_title":"bolsa de herramientas TEX.253 |Servicio de bolsa de herramientas B&W","og_description":"Bolsa de herramientas B&W TEX.253 Service \u2713Nil\u00f3n resistente \u2713Secci\u00f3n central extra\u00edble \u2713Correa de transporte ajustable \u2794 \u00a1Pr\u00e1ctico almacenamiento ya!","og_url":"https:\/\/www.b-w-international.com\/es\/produkt\/tool-bag-tex-253-service\/","og_site_name":"B&amp;W International","article_modified_time":"2026-03-27T06:23:48+00:00","og_image":[{"width":1920,"height":1920,"url":"https:\/\/www.b-w-international.com\/wp-content\/uploads\/2025\/05\/tool-bag_tex-253_Service_open-empty-side_bw-international.jpg","type":"image\/jpeg"}],"twitter_card":"summary_large_image","twitter_misc":{"Tiempo de lectura":"1 minuto"},"schema":{"@context":"https:\/\/schema.org","@graph":[{"@type":"WebPage","@id":"https:\/\/www.b-w-international.com\/es\/produkt\/tool-bag-tex-253-service\/","url":"https:\/\/www.b-w-international.com\/es\/produkt\/tool-bag-tex-253-service\/","name":"bolsa de herramientas TEX.253 |Servicio de bolsa de herramientas B&W","isPartOf":{"@id":"https:\/\/www.b-w-international.com\/es\/#website"},"primaryImageOfPage":{"@id":"https:\/\/www.b-w-international.com\/es\/produkt\/tool-bag-tex-253-service\/#primaryimage"},"image":{"@id":"https:\/\/www.b-w-international.com\/es\/produkt\/tool-bag-tex-253-service\/#primaryimage"},"thumbnailUrl":"https:\/\/www.b-w-international.com\/wp-content\/uploads\/2025\/05\/tool-bag_tex-253_Service_open-empty-side_bw-international.jpg","datePublished":"2025-05-05T07:54:01+00:00","dateModified":"2026-03-27T06:23:48+00:00","description":"Bolsa de herramientas B&W TEX.253 Service \u2713Nil\u00f3n resistente \u2713Secci\u00f3n central extra\u00edble \u2713Correa de transporte ajustable \u2794 \u00a1Pr\u00e1ctico almacenamiento ya!","breadcrumb":{"@id":"https:\/\/www.b-w-international.com\/es\/produkt\/tool-bag-tex-253-service\/#breadcrumb"},"inLanguage":"es","potentialAction":[{"@type":"ReadAction","target":["https:\/\/www.b-w-international.com\/es\/produkt\/tool-bag-tex-253-service\/"]}]},{"@type":"ImageObject","inLanguage":"es","@id":"https:\/\/www.b-w-international.com\/es\/produkt\/tool-bag-tex-253-service\/#primaryimage","url":"https:\/\/www.b-w-international.com\/wp-content\/uploads\/2025\/05\/tool-bag_tex-253_Service_open-empty-side_bw-international.jpg","contentUrl":"https:\/\/www.b-w-international.com\/wp-content\/uploads\/2025\/05\/tool-bag_tex-253_Service_open-empty-side_bw-international.jpg","width":1920,"height":1920,"caption":"Bolsa de herramientas B&amp;W International TEX 253 con varios compartimentos y bordes azules para guardar las herramientas de forma claramente organizada."},{"@type":"BreadcrumbList","@id":"https:\/\/www.b-w-international.com\/es\/produkt\/tool-bag-tex-253-service\/#breadcrumb","itemListElement":[{"@type":"ListItem","position":1,"name":"Home","item":"https:\/\/www.b-w-international.com\/es\/"},{"@type":"ListItem","position":2,"name":"Productos","item":"https:\/\/www.b-w-international.com\/es\/tienda\/"},{"@type":"ListItem","position":3,"name":"Maletas y bolsas para herramientas","item":"https:\/\/www.b-w-international.com\/es\/produkte\/maletas-y-bolsas-para-herramientas\/"},{"@type":"ListItem","position":4,"name":"Bolsas para herramientas","item":"https:\/\/www.b-w-international.com\/es\/produkte\/maletas-y-bolsas-para-herramientas\/bolsas-para-herramientas\/"},{"@type":"ListItem","position":5,"name":"tool.bag TEX.253 | Servicio"}]},{"@type":"WebSite","@id":"https:\/\/www.b-w-international.com\/es\/#website","url":"https:\/\/www.b-w-international.com\/es\/","name":"B&W International","description":"","publisher":{"@id":"https:\/\/www.b-w-international.com\/es\/#organization"},"potentialAction":[{"@type":"SearchAction","target":{"@type":"EntryPoint","urlTemplate":"https:\/\/www.b-w-international.com\/es\/?s={search_term_string}"},"query-input":{"@type":"PropertyValueSpecification","valueRequired":true,"valueName":"search_term_string"}}],"inLanguage":"es"},{"@type":"Organization","@id":"https:\/\/www.b-w-international.com\/es\/#organization","name":"B&W International","url":"https:\/\/www.b-w-international.com\/es\/","logo":{"@type":"ImageObject","inLanguage":"es","@id":"https:\/\/www.b-w-international.com\/es\/#\/schema\/logo\/image\/","url":"https:\/\/www.b-w-international.com\/wp-content\/uploads\/2024\/12\/16dbfc312f1eb060e7d95735c00f9ec6.png","contentUrl":"https:\/\/www.b-w-international.com\/wp-content\/uploads\/2024\/12\/16dbfc312f1eb060e7d95735c00f9ec6.png","width":219,"height":82,"caption":"B&W International"},"image":{"@id":"https:\/\/www.b-w-international.com\/es\/#\/schema\/logo\/image\/"}}]}},"_links":{"self":[{"href":"https:\/\/www.b-w-international.com\/es\/wp-json\/wp\/v2\/product\/15628","targetHints":{"allow":["GET"]}}],"collection":[{"href":"https:\/\/www.b-w-international.com\/es\/wp-json\/wp\/v2\/product"}],"about":[{"href":"https:\/\/www.b-w-international.com\/es\/wp-json\/wp\/v2\/types\/product"}],"wp:featuredmedia":[{"embeddable":true,"href":"https:\/\/www.b-w-international.com\/es\/wp-json\/wp\/v2\/media\/13662"}],"wp:attachment":[{"href":"https:\/\/www.b-w-international.com\/es\/wp-json\/wp\/v2\/media?parent=15628"}],"wp:term":[{"taxonomy":"product_brand","embeddable":true,"href":"https:\/\/www.b-w-international.com\/es\/wp-json\/wp\/v2\/product_brand?post=15628"},{"taxonomy":"product_cat","embeddable":true,"href":"https:\/\/www.b-w-international.com\/es\/wp-json\/wp\/v2\/product_cat?post=15628"},{"taxonomy":"product_tag","embeddable":true,"href":"https:\/\/www.b-w-international.com\/es\/wp-json\/wp\/v2\/product_tag?post=15628"}],"curies":[{"name":"wp","href":"https:\/\/api.w.org\/{rel}","templated":true}]}}