{"id":15640,"date":"2025-05-05T09:54:01","date_gmt":"2025-05-05T07:54:01","guid":{"rendered":"https:\/\/www.b-w-international.com\/produkt\/herramienta-caso-abs-343-flex\/"},"modified":"2025-10-02T13:37:11","modified_gmt":"2025-10-02T11:37:11","slug":"tool-case-abs-343-flex","status":"publish","type":"product","link":"https:\/\/www.b-w-international.com\/es\/produkt\/tool-case-abs-343-flex\/","title":{"rendered":"tool.case ABS.343 | Flex"},"content":{"rendered":"<div>\n<ul>\n<li>Carcasa del malet\u00edn de herramientas de pl\u00e1stico ABS resistente<\/li>\n<li>Robusto marco de aluminio con protecci\u00f3n contra impactos en los bordes<\/li>\n<li>Con cierres basculantes bloqueables<\/li>\n<li>Cerradura de combinaci\u00f3n<\/li>\n<li>Empu\u00f1adura ergon\u00f3mica<\/li>\n<li>Tapa de la bisagra<\/li>\n<li>Soporte de tapa de seguridad<\/li>\n<li>Bandeja base con sistema divisor de aluminio<\/li>\n<li>4 pies de suelo<\/li>\n<li>Compartimento para documentos A4 en la tapa<\/li>\n<li>3 opciones diferentes de dise\u00f1o interior<\/li>\n<li>2 a\u00f1os de garant\u00eda<\/li>\n<\/ul>\n<\/div>\n<div style=\"display:flex; gap:10px;justify-content:center\" class=\"wps-pgfw-pdf-generate-icon__wrapper-frontend\">\n\t\t<a  href=\"https:\/\/www.b-w-international.com\/es\/wp-json\/wp\/v2\/product\/15640\/?action=genpdf&amp;id=15640\" class=\"pgfw-single-pdf-download-button\" target=_blank><img src=\"https:\/\/www.b-w-international.com\/wp-content\/uploads\/2025\/03\/icon-download.svg\" title=\"Generar PDF\" style=\"width:auto; height:45px;\"><\/a>\n\t\t<\/div>","protected":false},"excerpt":{"rendered":"<p>Carcasa del malet\u00edn de herramientas de pl\u00e1stico ABS resistente Robusto marco de aluminio con protecci\u00f3n contra impactos en los bordes Con cierres basculantes bloqueables Cerradura de combinaci\u00f3n Empu\u00f1adura ergon\u00f3mica Tapa de la bisagra Soporte de tapa de seguridad Bandeja base con sistema divisor de aluminio 4 pies de suelo Compartimento para documentos A4 en la [&hellip;]<\/p>\n","protected":false},"featured_media":13995,"template":"","meta":{"_acf_changed":false},"product_brand":[],"product_cat":[212,442],"product_tag":[],"class_list":{"0":"post-15640","1":"product","2":"type-product","3":"status-publish","4":"has-post-thumbnail","6":"product_features-2-anos-de-garantia","7":"product_features-asa-ergonomica","8":"product_features-cerradura-de-combinacion","9":"product_features-proteccion-de-bordes","10":"product_cat-maletas-para-herramientas","11":"product_cat-maletas-y-bolsas-para-herramientas","13":"first","14":"instock","15":"product-type-variable"},"acf":[],"yoast_head":"<title>herramienta.malet\u00edn ABS.343 |B&amp;W herramienta malet\u00edn Flex<\/title>\n<meta name=\"description\" content=\"Malet\u00edn de herramientas B&amp;W ABS.343 Flex \u2713carcasa robusta de ABS \u2713con cerradura \u27133 accesorios interiores variables \u2794 \u00a1Transporte vers\u00e1til y seguro!\" \/>\n<meta name=\"robots\" content=\"index, follow, max-snippet:-1, max-image-preview:large, max-video-preview:-1\" \/>\n<link rel=\"canonical\" href=\"https:\/\/www.b-w-international.com\/es\/produkt\/tool-case-abs-343-flex\/\" \/>\n<meta property=\"og:locale\" content=\"es_ES\" \/>\n<meta property=\"og:type\" content=\"article\" \/>\n<meta property=\"og:title\" content=\"herramienta.malet\u00edn ABS.343 |B&amp;W herramienta malet\u00edn Flex\" \/>\n<meta property=\"og:description\" content=\"Malet\u00edn de herramientas B&amp;W ABS.343 Flex \u2713carcasa robusta de ABS \u2713con cerradura \u27133 accesorios interiores variables \u2794 \u00a1Transporte vers\u00e1til y seguro!\" \/>\n<meta property=\"og:url\" content=\"https:\/\/www.b-w-international.com\/es\/produkt\/tool-case-abs-343-flex\/\" \/>\n<meta property=\"og:site_name\" content=\"B&amp;W International\" \/>\n<meta property=\"article:modified_time\" content=\"2025-10-02T11:37:11+00:00\" \/>\n<meta property=\"og:image\" content=\"https:\/\/www.b-w-international.com\/wp-content\/uploads\/2025\/05\/tool-case_ABS-343_Flex_L_open-empty-side_bw-international.jpg\" \/>\n\t<meta property=\"og:image:width\" content=\"1920\" \/>\n\t<meta property=\"og:image:height\" content=\"1920\" \/>\n\t<meta property=\"og:image:type\" content=\"image\/jpeg\" \/>\n<meta name=\"twitter:card\" content=\"summary_large_image\" \/>\n<meta name=\"twitter:label1\" content=\"Tiempo de lectura\" \/>\n\t<meta name=\"twitter:data1\" content=\"1 minuto\" \/>\n<script type=\"application\/ld+json\" class=\"yoast-schema-graph\">{\"@context\":\"https:\/\/schema.org\",\"@graph\":[{\"@type\":\"WebPage\",\"@id\":\"https:\/\/www.b-w-international.com\/es\/produkt\/tool-case-abs-343-flex\/\",\"url\":\"https:\/\/www.b-w-international.com\/es\/produkt\/tool-case-abs-343-flex\/\",\"name\":\"herramienta.malet\u00edn ABS.343 |B&W herramienta malet\u00edn Flex\",\"isPartOf\":{\"@id\":\"https:\/\/www.b-w-international.com\/es\/#website\"},\"primaryImageOfPage\":{\"@id\":\"https:\/\/www.b-w-international.com\/es\/produkt\/tool-case-abs-343-flex\/#primaryimage\"},\"image\":{\"@id\":\"https:\/\/www.b-w-international.com\/es\/produkt\/tool-case-abs-343-flex\/#primaryimage\"},\"thumbnailUrl\":\"https:\/\/www.b-w-international.com\/wp-content\/uploads\/2025\/05\/tool-case_ABS-343_Flex_L_open-empty-side_bw-international.jpg\",\"datePublished\":\"2025-05-05T07:54:01+00:00\",\"dateModified\":\"2025-10-02T11:37:11+00:00\",\"description\":\"Malet\u00edn de herramientas B&W ABS.343 Flex \u2713carcasa robusta de ABS \u2713con cerradura \u27133 accesorios interiores variables \u2794 \u00a1Transporte vers\u00e1til y seguro!\",\"breadcrumb\":{\"@id\":\"https:\/\/www.b-w-international.com\/es\/produkt\/tool-case-abs-343-flex\/#breadcrumb\"},\"inLanguage\":\"es\",\"potentialAction\":[{\"@type\":\"ReadAction\",\"target\":[\"https:\/\/www.b-w-international.com\/es\/produkt\/tool-case-abs-343-flex\/\"]}]},{\"@type\":\"ImageObject\",\"inLanguage\":\"es\",\"@id\":\"https:\/\/www.b-w-international.com\/es\/produkt\/tool-case-abs-343-flex\/#primaryimage\",\"url\":\"https:\/\/www.b-w-international.com\/wp-content\/uploads\/2025\/05\/tool-case_ABS-343_Flex_L_open-empty-side_bw-international.jpg\",\"contentUrl\":\"https:\/\/www.b-w-international.com\/wp-content\/uploads\/2025\/05\/tool-case_ABS-343_Flex_L_open-empty-side_bw-international.jpg\",\"width\":1920,\"height\":1920,\"caption\":\"Malet\u00edn de herramientas Open ABS 343 B&amp;W International en negro con marco de aluminio y tableros de herramientas integrados.\"},{\"@type\":\"BreadcrumbList\",\"@id\":\"https:\/\/www.b-w-international.com\/es\/produkt\/tool-case-abs-343-flex\/#breadcrumb\",\"itemListElement\":[{\"@type\":\"ListItem\",\"position\":1,\"name\":\"Home\",\"item\":\"https:\/\/www.b-w-international.com\/es\/\"},{\"@type\":\"ListItem\",\"position\":2,\"name\":\"Productos\",\"item\":\"https:\/\/www.b-w-international.com\/es\/tienda\/\"},{\"@type\":\"ListItem\",\"position\":3,\"name\":\"Maletas y bolsas para herramientas\",\"item\":\"https:\/\/www.b-w-international.com\/es\/produkte\/maletas-y-bolsas-para-herramientas\/\"},{\"@type\":\"ListItem\",\"position\":4,\"name\":\"Maletas para herramientas\",\"item\":\"https:\/\/www.b-w-international.com\/es\/produkte\/maletas-y-bolsas-para-herramientas\/maletas-para-herramientas\/\"},{\"@type\":\"ListItem\",\"position\":5,\"name\":\"tool.case ABS.343 | Flex\"}]},{\"@type\":\"WebSite\",\"@id\":\"https:\/\/www.b-w-international.com\/es\/#website\",\"url\":\"https:\/\/www.b-w-international.com\/es\/\",\"name\":\"B&W International\",\"description\":\"\",\"publisher\":{\"@id\":\"https:\/\/www.b-w-international.com\/es\/#organization\"},\"potentialAction\":[{\"@type\":\"SearchAction\",\"target\":{\"@type\":\"EntryPoint\",\"urlTemplate\":\"https:\/\/www.b-w-international.com\/es\/?s={search_term_string}\"},\"query-input\":{\"@type\":\"PropertyValueSpecification\",\"valueRequired\":true,\"valueName\":\"search_term_string\"}}],\"inLanguage\":\"es\"},{\"@type\":\"Organization\",\"@id\":\"https:\/\/www.b-w-international.com\/es\/#organization\",\"name\":\"B&W International\",\"url\":\"https:\/\/www.b-w-international.com\/es\/\",\"logo\":{\"@type\":\"ImageObject\",\"inLanguage\":\"es\",\"@id\":\"https:\/\/www.b-w-international.com\/es\/#\/schema\/logo\/image\/\",\"url\":\"https:\/\/www.b-w-international.com\/wp-content\/uploads\/2024\/12\/16dbfc312f1eb060e7d95735c00f9ec6.png\",\"contentUrl\":\"https:\/\/www.b-w-international.com\/wp-content\/uploads\/2024\/12\/16dbfc312f1eb060e7d95735c00f9ec6.png\",\"width\":219,\"height\":82,\"caption\":\"B&W International\"},\"image\":{\"@id\":\"https:\/\/www.b-w-international.com\/es\/#\/schema\/logo\/image\/\"}}]}<\/script>","yoast_head_json":{"title":"herramienta.malet\u00edn ABS.343 |B&W herramienta malet\u00edn Flex","description":"Malet\u00edn de herramientas B&W ABS.343 Flex \u2713carcasa robusta de ABS \u2713con cerradura \u27133 accesorios interiores variables \u2794 \u00a1Transporte vers\u00e1til y seguro!","robots":{"index":"index","follow":"follow","max-snippet":"max-snippet:-1","max-image-preview":"max-image-preview:large","max-video-preview":"max-video-preview:-1"},"canonical":"https:\/\/www.b-w-international.com\/es\/produkt\/tool-case-abs-343-flex\/","og_locale":"es_ES","og_type":"article","og_title":"herramienta.malet\u00edn ABS.343 |B&W herramienta malet\u00edn Flex","og_description":"Malet\u00edn de herramientas B&W ABS.343 Flex \u2713carcasa robusta de ABS \u2713con cerradura \u27133 accesorios interiores variables \u2794 \u00a1Transporte vers\u00e1til y seguro!","og_url":"https:\/\/www.b-w-international.com\/es\/produkt\/tool-case-abs-343-flex\/","og_site_name":"B&amp;W International","article_modified_time":"2025-10-02T11:37:11+00:00","og_image":[{"width":1920,"height":1920,"url":"https:\/\/www.b-w-international.com\/wp-content\/uploads\/2025\/05\/tool-case_ABS-343_Flex_L_open-empty-side_bw-international.jpg","type":"image\/jpeg"}],"twitter_card":"summary_large_image","twitter_misc":{"Tiempo de lectura":"1 minuto"},"schema":{"@context":"https:\/\/schema.org","@graph":[{"@type":"WebPage","@id":"https:\/\/www.b-w-international.com\/es\/produkt\/tool-case-abs-343-flex\/","url":"https:\/\/www.b-w-international.com\/es\/produkt\/tool-case-abs-343-flex\/","name":"herramienta.malet\u00edn ABS.343 |B&W herramienta malet\u00edn Flex","isPartOf":{"@id":"https:\/\/www.b-w-international.com\/es\/#website"},"primaryImageOfPage":{"@id":"https:\/\/www.b-w-international.com\/es\/produkt\/tool-case-abs-343-flex\/#primaryimage"},"image":{"@id":"https:\/\/www.b-w-international.com\/es\/produkt\/tool-case-abs-343-flex\/#primaryimage"},"thumbnailUrl":"https:\/\/www.b-w-international.com\/wp-content\/uploads\/2025\/05\/tool-case_ABS-343_Flex_L_open-empty-side_bw-international.jpg","datePublished":"2025-05-05T07:54:01+00:00","dateModified":"2025-10-02T11:37:11+00:00","description":"Malet\u00edn de herramientas B&W ABS.343 Flex \u2713carcasa robusta de ABS \u2713con cerradura \u27133 accesorios interiores variables \u2794 \u00a1Transporte vers\u00e1til y seguro!","breadcrumb":{"@id":"https:\/\/www.b-w-international.com\/es\/produkt\/tool-case-abs-343-flex\/#breadcrumb"},"inLanguage":"es","potentialAction":[{"@type":"ReadAction","target":["https:\/\/www.b-w-international.com\/es\/produkt\/tool-case-abs-343-flex\/"]}]},{"@type":"ImageObject","inLanguage":"es","@id":"https:\/\/www.b-w-international.com\/es\/produkt\/tool-case-abs-343-flex\/#primaryimage","url":"https:\/\/www.b-w-international.com\/wp-content\/uploads\/2025\/05\/tool-case_ABS-343_Flex_L_open-empty-side_bw-international.jpg","contentUrl":"https:\/\/www.b-w-international.com\/wp-content\/uploads\/2025\/05\/tool-case_ABS-343_Flex_L_open-empty-side_bw-international.jpg","width":1920,"height":1920,"caption":"Malet\u00edn de herramientas Open ABS 343 B&amp;W International en negro con marco de aluminio y tableros de herramientas integrados."},{"@type":"BreadcrumbList","@id":"https:\/\/www.b-w-international.com\/es\/produkt\/tool-case-abs-343-flex\/#breadcrumb","itemListElement":[{"@type":"ListItem","position":1,"name":"Home","item":"https:\/\/www.b-w-international.com\/es\/"},{"@type":"ListItem","position":2,"name":"Productos","item":"https:\/\/www.b-w-international.com\/es\/tienda\/"},{"@type":"ListItem","position":3,"name":"Maletas y bolsas para herramientas","item":"https:\/\/www.b-w-international.com\/es\/produkte\/maletas-y-bolsas-para-herramientas\/"},{"@type":"ListItem","position":4,"name":"Maletas para herramientas","item":"https:\/\/www.b-w-international.com\/es\/produkte\/maletas-y-bolsas-para-herramientas\/maletas-para-herramientas\/"},{"@type":"ListItem","position":5,"name":"tool.case ABS.343 | Flex"}]},{"@type":"WebSite","@id":"https:\/\/www.b-w-international.com\/es\/#website","url":"https:\/\/www.b-w-international.com\/es\/","name":"B&W International","description":"","publisher":{"@id":"https:\/\/www.b-w-international.com\/es\/#organization"},"potentialAction":[{"@type":"SearchAction","target":{"@type":"EntryPoint","urlTemplate":"https:\/\/www.b-w-international.com\/es\/?s={search_term_string}"},"query-input":{"@type":"PropertyValueSpecification","valueRequired":true,"valueName":"search_term_string"}}],"inLanguage":"es"},{"@type":"Organization","@id":"https:\/\/www.b-w-international.com\/es\/#organization","name":"B&W International","url":"https:\/\/www.b-w-international.com\/es\/","logo":{"@type":"ImageObject","inLanguage":"es","@id":"https:\/\/www.b-w-international.com\/es\/#\/schema\/logo\/image\/","url":"https:\/\/www.b-w-international.com\/wp-content\/uploads\/2024\/12\/16dbfc312f1eb060e7d95735c00f9ec6.png","contentUrl":"https:\/\/www.b-w-international.com\/wp-content\/uploads\/2024\/12\/16dbfc312f1eb060e7d95735c00f9ec6.png","width":219,"height":82,"caption":"B&W International"},"image":{"@id":"https:\/\/www.b-w-international.com\/es\/#\/schema\/logo\/image\/"}}]}},"_links":{"self":[{"href":"https:\/\/www.b-w-international.com\/es\/wp-json\/wp\/v2\/product\/15640","targetHints":{"allow":["GET"]}}],"collection":[{"href":"https:\/\/www.b-w-international.com\/es\/wp-json\/wp\/v2\/product"}],"about":[{"href":"https:\/\/www.b-w-international.com\/es\/wp-json\/wp\/v2\/types\/product"}],"wp:featuredmedia":[{"embeddable":true,"href":"https:\/\/www.b-w-international.com\/es\/wp-json\/wp\/v2\/media\/13995"}],"wp:attachment":[{"href":"https:\/\/www.b-w-international.com\/es\/wp-json\/wp\/v2\/media?parent=15640"}],"wp:term":[{"taxonomy":"product_brand","embeddable":true,"href":"https:\/\/www.b-w-international.com\/es\/wp-json\/wp\/v2\/product_brand?post=15640"},{"taxonomy":"product_cat","embeddable":true,"href":"https:\/\/www.b-w-international.com\/es\/wp-json\/wp\/v2\/product_cat?post=15640"},{"taxonomy":"product_tag","embeddable":true,"href":"https:\/\/www.b-w-international.com\/es\/wp-json\/wp\/v2\/product_tag?post=15640"}],"curies":[{"name":"wp","href":"https:\/\/api.w.org\/{rel}","templated":true}]}}