{"id":15652,"date":"2025-05-05T09:54:01","date_gmt":"2025-05-05T07:54:01","guid":{"rendered":"https:\/\/www.b-w-international.com\/produkt\/bolsillo-tapa-lp-bolsillo-de-tapa-para-maletin-de-exterior-bw-tipo-1000-2000\/"},"modified":"2025-07-29T15:56:00","modified_gmt":"2025-07-29T13:56:00","slug":"lid-pocket-lp","status":"publish","type":"product","link":"https:\/\/www.b-w-international.com\/es\/produkt\/lid-pocket-lp\/","title":{"rendered":"lid.pocket LP | Bolsillo para bw.cases"},"content":{"rendered":"<div>\n<ul>\n<li>El pr\u00e1ctico bolsillo de la tapa ofrece espacio para documentos, material de escritura, instrucciones de uso o un tablet PC<\/li>\n<li>disponible para el caso bw.PP.41 &#8211; PP.1570 (PP.860 y PP.1450 est\u00e1n excluidos)<\/li>\n<li>El contenido est\u00e1 protegido de forma segura por la espuma blanda y suave<\/li>\n<li>La bolsa puede fijarse r\u00e1pida y f\u00e1cilmente a la tapa<\/li>\n<\/ul>\n<p>El bolsillo de la tapa se fija a la tapa con los tornillos incluidos en el volumen de suministro.<\/p>\n<\/div>\n<div style=\"display:flex; gap:10px;justify-content:center\" class=\"wps-pgfw-pdf-generate-icon__wrapper-frontend\">\n\t\t<a  href=\"https:\/\/www.b-w-international.com\/es\/wp-json\/wp\/v2\/product\/15652\/?action=genpdf&amp;id=15652\" class=\"pgfw-single-pdf-download-button\" target=_blank><img src=\"https:\/\/www.b-w-international.com\/wp-content\/uploads\/2025\/03\/icon-download.svg\" title=\"Generar PDF\" style=\"width:auto; height:45px;\"><\/a>\n\t\t<\/div>","protected":false},"excerpt":{"rendered":"<p>El pr\u00e1ctico bolsillo de la tapa ofrece espacio para documentos, material de escritura, instrucciones de uso o un tablet PC disponible para el caso bw.PP.41 &#8211; PP.1570 (PP.860 y PP.1450 est\u00e1n excluidos) El contenido est\u00e1 protegido de forma segura por la espuma blanda y suave La bolsa puede fijarse r\u00e1pida y f\u00e1cilmente a la tapa [&hellip;]<\/p>\n","protected":false},"featured_media":13303,"template":"","meta":{"_acf_changed":false},"product_brand":[],"product_cat":[173,434],"product_tag":[],"class_list":{"0":"post-15652","1":"product","2":"type-product","3":"status-publish","4":"has-post-thumbnail","6":"product_cat-accesorios-maletin-multiusos","7":"product_cat-accesorios-foto-y-video","9":"first","10":"instock","11":"product-type-simple"},"acf":[],"yoast_head":"<title>lid.pocket LP | Bolsillo para bw.cases - B&amp;W International<\/title>\n<meta name=\"robots\" content=\"index, follow, max-snippet:-1, max-image-preview:large, max-video-preview:-1\" \/>\n<link rel=\"canonical\" href=\"https:\/\/www.b-w-international.com\/es\/produkt\/lid-pocket-lp\/\" \/>\n<meta property=\"og:locale\" content=\"es_ES\" \/>\n<meta property=\"og:type\" content=\"article\" \/>\n<meta property=\"og:title\" content=\"lid.pocket LP | Bolsillo para bw.cases - B&amp;W International\" \/>\n<meta property=\"og:description\" content=\"El pr\u00e1ctico bolsillo de la tapa ofrece espacio para documentos, material de escritura, instrucciones de uso o un tablet PC disponible para el caso bw.PP.41 &#8211; PP.1570 (PP.860 y PP.1450 est\u00e1n excluidos) El contenido est\u00e1 protegido de forma segura por la espuma blanda y suave La bolsa puede fijarse r\u00e1pida y f\u00e1cilmente a la tapa [&hellip;]\" \/>\n<meta property=\"og:url\" content=\"https:\/\/www.b-w-international.com\/es\/produkt\/lid-pocket-lp\/\" \/>\n<meta property=\"og:site_name\" content=\"B&amp;W International\" \/>\n<meta property=\"article:modified_time\" content=\"2025-07-29T13:56:00+00:00\" \/>\n<meta property=\"og:image\" content=\"https:\/\/www.b-w-international.com\/wp-content\/uploads\/2025\/05\/1000_PP-41_LP_accessories_bw-international-2.jpg\" \/>\n\t<meta property=\"og:image:width\" content=\"1920\" \/>\n\t<meta property=\"og:image:height\" content=\"1920\" \/>\n\t<meta property=\"og:image:type\" content=\"image\/jpeg\" \/>\n<meta name=\"twitter:card\" content=\"summary_large_image\" \/>\n<meta name=\"twitter:label1\" content=\"Tiempo de lectura\" \/>\n\t<meta name=\"twitter:data1\" content=\"1 minuto\" \/>\n<script type=\"application\/ld+json\" class=\"yoast-schema-graph\">{\"@context\":\"https:\/\/schema.org\",\"@graph\":[{\"@type\":\"WebPage\",\"@id\":\"https:\/\/www.b-w-international.com\/es\/produkt\/lid-pocket-lp\/\",\"url\":\"https:\/\/www.b-w-international.com\/es\/produkt\/lid-pocket-lp\/\",\"name\":\"lid.pocket LP | Bolsillo para bw.cases - B&amp;W International\",\"isPartOf\":{\"@id\":\"https:\/\/www.b-w-international.com\/es\/#website\"},\"primaryImageOfPage\":{\"@id\":\"https:\/\/www.b-w-international.com\/es\/produkt\/lid-pocket-lp\/#primaryimage\"},\"image\":{\"@id\":\"https:\/\/www.b-w-international.com\/es\/produkt\/lid-pocket-lp\/#primaryimage\"},\"thumbnailUrl\":\"https:\/\/www.b-w-international.com\/wp-content\/uploads\/2025\/05\/1000_PP-41_LP_accessories_bw-international-2.jpg\",\"datePublished\":\"2025-05-05T07:54:01+00:00\",\"dateModified\":\"2025-07-29T13:56:00+00:00\",\"breadcrumb\":{\"@id\":\"https:\/\/www.b-w-international.com\/es\/produkt\/lid-pocket-lp\/#breadcrumb\"},\"inLanguage\":\"es\",\"potentialAction\":[{\"@type\":\"ReadAction\",\"target\":[\"https:\/\/www.b-w-international.com\/es\/produkt\/lid-pocket-lp\/\"]}]},{\"@type\":\"ImageObject\",\"inLanguage\":\"es\",\"@id\":\"https:\/\/www.b-w-international.com\/es\/produkt\/lid-pocket-lp\/#primaryimage\",\"url\":\"https:\/\/www.b-w-international.com\/wp-content\/uploads\/2025\/05\/1000_PP-41_LP_accessories_bw-international-2.jpg\",\"contentUrl\":\"https:\/\/www.b-w-international.com\/wp-content\/uploads\/2025\/05\/1000_PP-41_LP_accessories_bw-international-2.jpg\",\"width\":1920,\"height\":1920,\"caption\":\"B&W International Deckeltasche im Deckel eines Mehrzweckkoffers, mit weichem Schaumstoff und F\u00e4chern f\u00fcr Dokumente oder Tablet, sicher verschraubt und leicht montierbar.\"},{\"@type\":\"BreadcrumbList\",\"@id\":\"https:\/\/www.b-w-international.com\/es\/produkt\/lid-pocket-lp\/#breadcrumb\",\"itemListElement\":[{\"@type\":\"ListItem\",\"position\":1,\"name\":\"Home\",\"item\":\"https:\/\/www.b-w-international.com\/es\/\"},{\"@type\":\"ListItem\",\"position\":2,\"name\":\"Productos\",\"item\":\"https:\/\/www.b-w-international.com\/es\/tienda\/\"},{\"@type\":\"ListItem\",\"position\":3,\"name\":\"Maletas multiusos\",\"item\":\"https:\/\/www.b-w-international.com\/es\/produkte\/maletas-multiusos\/\"},{\"@type\":\"ListItem\",\"position\":4,\"name\":\"Accesorios\",\"item\":\"https:\/\/www.b-w-international.com\/es\/produkte\/maletas-multiusos\/accesorios-maletin-multiusos\/\"},{\"@type\":\"ListItem\",\"position\":5,\"name\":\"lid.pocket LP | Bolsillo para bw.cases\"}]},{\"@type\":\"WebSite\",\"@id\":\"https:\/\/www.b-w-international.com\/es\/#website\",\"url\":\"https:\/\/www.b-w-international.com\/es\/\",\"name\":\"B&W International\",\"description\":\"\",\"publisher\":{\"@id\":\"https:\/\/www.b-w-international.com\/es\/#organization\"},\"potentialAction\":[{\"@type\":\"SearchAction\",\"target\":{\"@type\":\"EntryPoint\",\"urlTemplate\":\"https:\/\/www.b-w-international.com\/es\/?s={search_term_string}\"},\"query-input\":{\"@type\":\"PropertyValueSpecification\",\"valueRequired\":true,\"valueName\":\"search_term_string\"}}],\"inLanguage\":\"es\"},{\"@type\":\"Organization\",\"@id\":\"https:\/\/www.b-w-international.com\/es\/#organization\",\"name\":\"B&W International\",\"url\":\"https:\/\/www.b-w-international.com\/es\/\",\"logo\":{\"@type\":\"ImageObject\",\"inLanguage\":\"es\",\"@id\":\"https:\/\/www.b-w-international.com\/es\/#\/schema\/logo\/image\/\",\"url\":\"https:\/\/www.b-w-international.com\/wp-content\/uploads\/2024\/12\/16dbfc312f1eb060e7d95735c00f9ec6.png\",\"contentUrl\":\"https:\/\/www.b-w-international.com\/wp-content\/uploads\/2024\/12\/16dbfc312f1eb060e7d95735c00f9ec6.png\",\"width\":219,\"height\":82,\"caption\":\"B&W International\"},\"image\":{\"@id\":\"https:\/\/www.b-w-international.com\/es\/#\/schema\/logo\/image\/\"}}]}<\/script>","yoast_head_json":{"title":"lid.pocket LP | Bolsillo para bw.cases - B&amp;W International","robots":{"index":"index","follow":"follow","max-snippet":"max-snippet:-1","max-image-preview":"max-image-preview:large","max-video-preview":"max-video-preview:-1"},"canonical":"https:\/\/www.b-w-international.com\/es\/produkt\/lid-pocket-lp\/","og_locale":"es_ES","og_type":"article","og_title":"lid.pocket LP | Bolsillo para bw.cases - B&amp;W International","og_description":"El pr\u00e1ctico bolsillo de la tapa ofrece espacio para documentos, material de escritura, instrucciones de uso o un tablet PC disponible para el caso bw.PP.41 &#8211; PP.1570 (PP.860 y PP.1450 est\u00e1n excluidos) El contenido est\u00e1 protegido de forma segura por la espuma blanda y suave La bolsa puede fijarse r\u00e1pida y f\u00e1cilmente a la tapa [&hellip;]","og_url":"https:\/\/www.b-w-international.com\/es\/produkt\/lid-pocket-lp\/","og_site_name":"B&amp;W International","article_modified_time":"2025-07-29T13:56:00+00:00","og_image":[{"width":1920,"height":1920,"url":"https:\/\/www.b-w-international.com\/wp-content\/uploads\/2025\/05\/1000_PP-41_LP_accessories_bw-international-2.jpg","type":"image\/jpeg"}],"twitter_card":"summary_large_image","twitter_misc":{"Tiempo de lectura":"1 minuto"},"schema":{"@context":"https:\/\/schema.org","@graph":[{"@type":"WebPage","@id":"https:\/\/www.b-w-international.com\/es\/produkt\/lid-pocket-lp\/","url":"https:\/\/www.b-w-international.com\/es\/produkt\/lid-pocket-lp\/","name":"lid.pocket LP | Bolsillo para bw.cases - B&amp;W International","isPartOf":{"@id":"https:\/\/www.b-w-international.com\/es\/#website"},"primaryImageOfPage":{"@id":"https:\/\/www.b-w-international.com\/es\/produkt\/lid-pocket-lp\/#primaryimage"},"image":{"@id":"https:\/\/www.b-w-international.com\/es\/produkt\/lid-pocket-lp\/#primaryimage"},"thumbnailUrl":"https:\/\/www.b-w-international.com\/wp-content\/uploads\/2025\/05\/1000_PP-41_LP_accessories_bw-international-2.jpg","datePublished":"2025-05-05T07:54:01+00:00","dateModified":"2025-07-29T13:56:00+00:00","breadcrumb":{"@id":"https:\/\/www.b-w-international.com\/es\/produkt\/lid-pocket-lp\/#breadcrumb"},"inLanguage":"es","potentialAction":[{"@type":"ReadAction","target":["https:\/\/www.b-w-international.com\/es\/produkt\/lid-pocket-lp\/"]}]},{"@type":"ImageObject","inLanguage":"es","@id":"https:\/\/www.b-w-international.com\/es\/produkt\/lid-pocket-lp\/#primaryimage","url":"https:\/\/www.b-w-international.com\/wp-content\/uploads\/2025\/05\/1000_PP-41_LP_accessories_bw-international-2.jpg","contentUrl":"https:\/\/www.b-w-international.com\/wp-content\/uploads\/2025\/05\/1000_PP-41_LP_accessories_bw-international-2.jpg","width":1920,"height":1920,"caption":"B&W International Deckeltasche im Deckel eines Mehrzweckkoffers, mit weichem Schaumstoff und F\u00e4chern f\u00fcr Dokumente oder Tablet, sicher verschraubt und leicht montierbar."},{"@type":"BreadcrumbList","@id":"https:\/\/www.b-w-international.com\/es\/produkt\/lid-pocket-lp\/#breadcrumb","itemListElement":[{"@type":"ListItem","position":1,"name":"Home","item":"https:\/\/www.b-w-international.com\/es\/"},{"@type":"ListItem","position":2,"name":"Productos","item":"https:\/\/www.b-w-international.com\/es\/tienda\/"},{"@type":"ListItem","position":3,"name":"Maletas multiusos","item":"https:\/\/www.b-w-international.com\/es\/produkte\/maletas-multiusos\/"},{"@type":"ListItem","position":4,"name":"Accesorios","item":"https:\/\/www.b-w-international.com\/es\/produkte\/maletas-multiusos\/accesorios-maletin-multiusos\/"},{"@type":"ListItem","position":5,"name":"lid.pocket LP | Bolsillo para bw.cases"}]},{"@type":"WebSite","@id":"https:\/\/www.b-w-international.com\/es\/#website","url":"https:\/\/www.b-w-international.com\/es\/","name":"B&W International","description":"","publisher":{"@id":"https:\/\/www.b-w-international.com\/es\/#organization"},"potentialAction":[{"@type":"SearchAction","target":{"@type":"EntryPoint","urlTemplate":"https:\/\/www.b-w-international.com\/es\/?s={search_term_string}"},"query-input":{"@type":"PropertyValueSpecification","valueRequired":true,"valueName":"search_term_string"}}],"inLanguage":"es"},{"@type":"Organization","@id":"https:\/\/www.b-w-international.com\/es\/#organization","name":"B&W International","url":"https:\/\/www.b-w-international.com\/es\/","logo":{"@type":"ImageObject","inLanguage":"es","@id":"https:\/\/www.b-w-international.com\/es\/#\/schema\/logo\/image\/","url":"https:\/\/www.b-w-international.com\/wp-content\/uploads\/2024\/12\/16dbfc312f1eb060e7d95735c00f9ec6.png","contentUrl":"https:\/\/www.b-w-international.com\/wp-content\/uploads\/2024\/12\/16dbfc312f1eb060e7d95735c00f9ec6.png","width":219,"height":82,"caption":"B&W International"},"image":{"@id":"https:\/\/www.b-w-international.com\/es\/#\/schema\/logo\/image\/"}}]}},"_links":{"self":[{"href":"https:\/\/www.b-w-international.com\/es\/wp-json\/wp\/v2\/product\/15652","targetHints":{"allow":["GET"]}}],"collection":[{"href":"https:\/\/www.b-w-international.com\/es\/wp-json\/wp\/v2\/product"}],"about":[{"href":"https:\/\/www.b-w-international.com\/es\/wp-json\/wp\/v2\/types\/product"}],"wp:featuredmedia":[{"embeddable":true,"href":"https:\/\/www.b-w-international.com\/es\/wp-json\/wp\/v2\/media\/13303"}],"wp:attachment":[{"href":"https:\/\/www.b-w-international.com\/es\/wp-json\/wp\/v2\/media?parent=15652"}],"wp:term":[{"taxonomy":"product_brand","embeddable":true,"href":"https:\/\/www.b-w-international.com\/es\/wp-json\/wp\/v2\/product_brand?post=15652"},{"taxonomy":"product_cat","embeddable":true,"href":"https:\/\/www.b-w-international.com\/es\/wp-json\/wp\/v2\/product_cat?post=15652"},{"taxonomy":"product_tag","embeddable":true,"href":"https:\/\/www.b-w-international.com\/es\/wp-json\/wp\/v2\/product_tag?post=15652"}],"curies":[{"name":"wp","href":"https:\/\/api.w.org\/{rel}","templated":true}]}}