{"id":15688,"date":"2025-05-05T09:53:47","date_gmt":"2025-05-05T07:53:47","guid":{"rendered":"https:\/\/www.b-w-international.com\/produkt\/battery-case-p908-8-bw-battery-case-almacenamiento-y-transporte-seguros-de-pilas-de-litio\/"},"modified":"2025-12-03T15:47:13","modified_gmt":"2025-12-03T14:47:13","slug":"battery-case-p908-8","status":"publish","type":"product","link":"https:\/\/www.b-w-international.com\/es\/produkt\/battery-case-p908-8\/","title":{"rendered":"battery.case P908.8 | Malet\u00edn de transporte de bater\u00edas B&amp;W &#8211; Almacenamiento y transporte seguros de bater\u00edas de litio"},"content":{"rendered":"<div>\n<ul>\n<li>La soluci\u00f3n ideal para el almacenamiento y transporte seguros de pilas de litio intactas y defectuosas<\/li>\n<li>Robusto y f\u00e1cil de usar gracias al compartimento met\u00e1lico protector interior<\/li>\n<li>Funda que impide que empeore en caso de incendio de la bater\u00eda<\/li>\n<li>Lugar ideal para cargar pilas de forma segura<\/li>\n<li>Sistema de seguridad \u00fanico que se cierra autom\u00e1ticamente en caso de incendio en el interior, registrado en la Oficina Alemana de Patentes y Marcas<\/li>\n<li>Estuche de pl\u00e1stico de alta calidad con contenedor interno de metal<\/li>\n<li>El filtro de carb\u00f3n activo reduce los gases que se escapan y minimiza la formaci\u00f3n de holl\u00edn en caso de incendio de la bater\u00eda<\/li>\n<li>Probado y homologado como embalaje para mercanc\u00edas peligrosas y, por tanto, adecuado para el transporte de pilas de litio intactas y defectuosas en la v\u00eda p\u00fablica<\/li>\n<li>Probado en condiciones reales: No salieron llamas del fuego de la bater\u00eda durante las pruebas y las carcasas exteriores de la bater\u00eda B&amp;W.cases P908 se mantuvieron constantemente por debajo de 100\u00b0C<\/li>\n<li>Las B&amp;W battery.cases P908 est\u00e1n homologadas para el transporte y almacenamiento de bater\u00edas de litio intactas y defectuosas de acuerdo con las normas de transporte P903 y P908<\/li>\n<\/ul>\n<\/div>\n<div style=\"display:flex; gap:10px;justify-content:center\" class=\"wps-pgfw-pdf-generate-icon__wrapper-frontend\">\n\t\t<a  href=\"https:\/\/www.b-w-international.com\/es\/wp-json\/wp\/v2\/product\/15688\/?action=genpdf&amp;id=15688\" class=\"pgfw-single-pdf-download-button\" target=_blank><img src=\"https:\/\/www.b-w-international.com\/wp-content\/uploads\/2025\/03\/icon-download.svg\" title=\"Generar PDF\" style=\"width:auto; height:45px;\"><\/a>\n\t\t<\/div>","protected":false},"excerpt":{"rendered":"<p>La soluci\u00f3n ideal para el almacenamiento y transporte seguros de pilas de litio intactas y defectuosas Robusto y f\u00e1cil de usar gracias al compartimento met\u00e1lico protector interior Funda que impide que empeore en caso de incendio de la bater\u00eda Lugar ideal para cargar pilas de forma segura Sistema de seguridad \u00fanico que se cierra autom\u00e1ticamente [&hellip;]<\/p>\n","protected":false},"featured_media":14731,"template":"","meta":{"_acf_changed":false},"product_brand":[],"product_cat":[191],"product_tag":[],"class_list":{"0":"post-15688","1":"product","2":"type-product","3":"status-publish","4":"has-post-thumbnail","6":"product_features-2-anos-de-garantia","7":"product_features-2-argollas-para-candados","8":"product_features-apilable","9":"product_features-asa-de-transporte-recubierta-de-goma","10":"product_features-extremadamente-resistente","11":"product_features-resistente-a-la-temperatura","12":"product_features-resistente-al-agua-al-polvo-y-hermetico","13":"product_cat-maletas-para-baterias","14":"pa_farbe-amarillo","15":"pa_farbe-naranja","16":"pa_farbe-negro","18":"first","19":"instock","20":"product-type-variable"},"acf":[],"yoast_head":"<title>battery.case P908.8 | Malet\u00edn de transporte de bater\u00edas B&amp;W - Almacenamiento y transporte seguros de bater\u00edas de litio - B&amp;W International<\/title>\n<meta name=\"description\" content=\"Malet\u00edn de transporte seguro para pilas de B&amp;W \u2713Apilable \u2713Impermeable \u2713Resistente a la temperatura \u2794 \u00a1Desc\u00fabrelo ahora!\" \/>\n<meta name=\"robots\" content=\"index, follow, max-snippet:-1, max-image-preview:large, max-video-preview:-1\" \/>\n<link rel=\"canonical\" href=\"https:\/\/www.b-w-international.com\/es\/produkt\/battery-case-p908-8\/\" \/>\n<meta property=\"og:locale\" content=\"es_ES\" \/>\n<meta property=\"og:type\" content=\"article\" \/>\n<meta property=\"og:title\" content=\"battery.case P908.8 | Malet\u00edn de transporte de bater\u00edas B&amp;W - Almacenamiento y transporte seguros de bater\u00edas de litio - B&amp;W International\" \/>\n<meta property=\"og:description\" content=\"Malet\u00edn de transporte seguro para pilas de B&amp;W \u2713Apilable \u2713Impermeable \u2713Resistente a la temperatura \u2794 \u00a1Desc\u00fabrelo ahora!\" \/>\n<meta property=\"og:url\" content=\"https:\/\/www.b-w-international.com\/es\/produkt\/battery-case-p908-8\/\" \/>\n<meta property=\"og:site_name\" content=\"B&amp;W International\" \/>\n<meta property=\"article:modified_time\" content=\"2025-12-03T14:47:13+00:00\" \/>\n<meta property=\"og:image\" content=\"https:\/\/www.b-w-international.com\/wp-content\/uploads\/2025\/05\/battery-case_P908-8_PP-326_O_closed-standing_bw-internationa.jpg\" \/>\n\t<meta property=\"og:image:width\" content=\"1920\" \/>\n\t<meta property=\"og:image:height\" content=\"1920\" \/>\n\t<meta property=\"og:image:type\" content=\"image\/jpeg\" \/>\n<meta name=\"twitter:card\" content=\"summary_large_image\" \/>\n<meta name=\"twitter:label1\" content=\"Tiempo de lectura\" \/>\n\t<meta name=\"twitter:data1\" content=\"2 minutos\" \/>\n<script type=\"application\/ld+json\" class=\"yoast-schema-graph\">{\"@context\":\"https:\/\/schema.org\",\"@graph\":[{\"@type\":\"WebPage\",\"@id\":\"https:\/\/www.b-w-international.com\/es\/produkt\/battery-case-p908-8\/\",\"url\":\"https:\/\/www.b-w-international.com\/es\/produkt\/battery-case-p908-8\/\",\"name\":\"battery.case P908.8 | Malet\u00edn de transporte de bater\u00edas B&amp;W - Almacenamiento y transporte seguros de bater\u00edas de litio - B&amp;W International\",\"isPartOf\":{\"@id\":\"https:\/\/www.b-w-international.com\/es\/#website\"},\"primaryImageOfPage\":{\"@id\":\"https:\/\/www.b-w-international.com\/es\/produkt\/battery-case-p908-8\/#primaryimage\"},\"image\":{\"@id\":\"https:\/\/www.b-w-international.com\/es\/produkt\/battery-case-p908-8\/#primaryimage\"},\"thumbnailUrl\":\"https:\/\/www.b-w-international.com\/wp-content\/uploads\/2025\/05\/battery-case_P908-8_PP-326_B_closed-standing_bw-internationa.jpg\",\"datePublished\":\"2025-05-05T07:53:47+00:00\",\"dateModified\":\"2025-12-03T14:47:13+00:00\",\"description\":\"Malet\u00edn de transporte seguro para pilas de B&W \u2713Apilable \u2713Impermeable \u2713Resistente a la temperatura \u2794 \u00a1Desc\u00fabrelo ahora!\",\"breadcrumb\":{\"@id\":\"https:\/\/www.b-w-international.com\/es\/produkt\/battery-case-p908-8\/#breadcrumb\"},\"inLanguage\":\"es\",\"potentialAction\":[{\"@type\":\"ReadAction\",\"target\":[\"https:\/\/www.b-w-international.com\/es\/produkt\/battery-case-p908-8\/\"]}]},{\"@type\":\"ImageObject\",\"inLanguage\":\"es\",\"@id\":\"https:\/\/www.b-w-international.com\/es\/produkt\/battery-case-p908-8\/#primaryimage\",\"url\":\"https:\/\/www.b-w-international.com\/wp-content\/uploads\/2025\/05\/battery-case_P908-8_PP-326_B_closed-standing_bw-internationa.jpg\",\"contentUrl\":\"https:\/\/www.b-w-international.com\/wp-content\/uploads\/2025\/05\/battery-case_P908-8_PP-326_B_closed-standing_bw-internationa.jpg\",\"width\":1920,\"height\":1920,\"caption\":\"Un malet\u00edn de transporte de bater\u00edas P908.8 (Malet\u00edn de transporte de bater\u00edas B&W) negro de pl\u00e1stico duro con asa, con una etiqueta de advertencia e instrucciones de seguridad en el lateral para el almacenamiento y transporte seguros de bater\u00edas de litio.\"},{\"@type\":\"BreadcrumbList\",\"@id\":\"https:\/\/www.b-w-international.com\/es\/produkt\/battery-case-p908-8\/#breadcrumb\",\"itemListElement\":[{\"@type\":\"ListItem\",\"position\":1,\"name\":\"Home\",\"item\":\"https:\/\/www.b-w-international.com\/es\/\"},{\"@type\":\"ListItem\",\"position\":2,\"name\":\"Productos\",\"item\":\"https:\/\/www.b-w-international.com\/es\/tienda\/\"},{\"@type\":\"ListItem\",\"position\":3,\"name\":\"Maletas para bater\u00edas\",\"item\":\"https:\/\/www.b-w-international.com\/es\/produkte\/maletas-para-baterias\/\"},{\"@type\":\"ListItem\",\"position\":4,\"name\":\"battery.case P908.8 | Malet\u00edn de transporte de bater\u00edas B&amp;W &#8211; Almacenamiento y transporte seguros de bater\u00edas de litio\"}]},{\"@type\":\"WebSite\",\"@id\":\"https:\/\/www.b-w-international.com\/es\/#website\",\"url\":\"https:\/\/www.b-w-international.com\/es\/\",\"name\":\"B&W International\",\"description\":\"\",\"publisher\":{\"@id\":\"https:\/\/www.b-w-international.com\/es\/#organization\"},\"potentialAction\":[{\"@type\":\"SearchAction\",\"target\":{\"@type\":\"EntryPoint\",\"urlTemplate\":\"https:\/\/www.b-w-international.com\/es\/?s={search_term_string}\"},\"query-input\":{\"@type\":\"PropertyValueSpecification\",\"valueRequired\":true,\"valueName\":\"search_term_string\"}}],\"inLanguage\":\"es\"},{\"@type\":\"Organization\",\"@id\":\"https:\/\/www.b-w-international.com\/es\/#organization\",\"name\":\"B&W International\",\"url\":\"https:\/\/www.b-w-international.com\/es\/\",\"logo\":{\"@type\":\"ImageObject\",\"inLanguage\":\"es\",\"@id\":\"https:\/\/www.b-w-international.com\/es\/#\/schema\/logo\/image\/\",\"url\":\"https:\/\/www.b-w-international.com\/wp-content\/uploads\/2024\/12\/16dbfc312f1eb060e7d95735c00f9ec6.png\",\"contentUrl\":\"https:\/\/www.b-w-international.com\/wp-content\/uploads\/2024\/12\/16dbfc312f1eb060e7d95735c00f9ec6.png\",\"width\":219,\"height\":82,\"caption\":\"B&W International\"},\"image\":{\"@id\":\"https:\/\/www.b-w-international.com\/es\/#\/schema\/logo\/image\/\"}}]}<\/script>","yoast_head_json":{"title":"battery.case P908.8 | Malet\u00edn de transporte de bater\u00edas B&amp;W - Almacenamiento y transporte seguros de bater\u00edas de litio - B&amp;W International","description":"Malet\u00edn de transporte seguro para pilas de B&W \u2713Apilable \u2713Impermeable \u2713Resistente a la temperatura \u2794 \u00a1Desc\u00fabrelo ahora!","robots":{"index":"index","follow":"follow","max-snippet":"max-snippet:-1","max-image-preview":"max-image-preview:large","max-video-preview":"max-video-preview:-1"},"canonical":"https:\/\/www.b-w-international.com\/es\/produkt\/battery-case-p908-8\/","og_locale":"es_ES","og_type":"article","og_title":"battery.case P908.8 | Malet\u00edn de transporte de bater\u00edas B&amp;W - Almacenamiento y transporte seguros de bater\u00edas de litio - B&amp;W International","og_description":"Malet\u00edn de transporte seguro para pilas de B&W \u2713Apilable \u2713Impermeable \u2713Resistente a la temperatura \u2794 \u00a1Desc\u00fabrelo ahora!","og_url":"https:\/\/www.b-w-international.com\/es\/produkt\/battery-case-p908-8\/","og_site_name":"B&amp;W International","article_modified_time":"2025-12-03T14:47:13+00:00","og_image":[{"width":1920,"height":1920,"url":"https:\/\/www.b-w-international.com\/wp-content\/uploads\/2025\/05\/battery-case_P908-8_PP-326_O_closed-standing_bw-internationa.jpg","type":"image\/jpeg"}],"twitter_card":"summary_large_image","twitter_misc":{"Tiempo de lectura":"2 minutos"},"schema":{"@context":"https:\/\/schema.org","@graph":[{"@type":"WebPage","@id":"https:\/\/www.b-w-international.com\/es\/produkt\/battery-case-p908-8\/","url":"https:\/\/www.b-w-international.com\/es\/produkt\/battery-case-p908-8\/","name":"battery.case P908.8 | Malet\u00edn de transporte de bater\u00edas B&amp;W - Almacenamiento y transporte seguros de bater\u00edas de litio - B&amp;W International","isPartOf":{"@id":"https:\/\/www.b-w-international.com\/es\/#website"},"primaryImageOfPage":{"@id":"https:\/\/www.b-w-international.com\/es\/produkt\/battery-case-p908-8\/#primaryimage"},"image":{"@id":"https:\/\/www.b-w-international.com\/es\/produkt\/battery-case-p908-8\/#primaryimage"},"thumbnailUrl":"https:\/\/www.b-w-international.com\/wp-content\/uploads\/2025\/05\/battery-case_P908-8_PP-326_B_closed-standing_bw-internationa.jpg","datePublished":"2025-05-05T07:53:47+00:00","dateModified":"2025-12-03T14:47:13+00:00","description":"Malet\u00edn de transporte seguro para pilas de B&W \u2713Apilable \u2713Impermeable \u2713Resistente a la temperatura \u2794 \u00a1Desc\u00fabrelo ahora!","breadcrumb":{"@id":"https:\/\/www.b-w-international.com\/es\/produkt\/battery-case-p908-8\/#breadcrumb"},"inLanguage":"es","potentialAction":[{"@type":"ReadAction","target":["https:\/\/www.b-w-international.com\/es\/produkt\/battery-case-p908-8\/"]}]},{"@type":"ImageObject","inLanguage":"es","@id":"https:\/\/www.b-w-international.com\/es\/produkt\/battery-case-p908-8\/#primaryimage","url":"https:\/\/www.b-w-international.com\/wp-content\/uploads\/2025\/05\/battery-case_P908-8_PP-326_B_closed-standing_bw-internationa.jpg","contentUrl":"https:\/\/www.b-w-international.com\/wp-content\/uploads\/2025\/05\/battery-case_P908-8_PP-326_B_closed-standing_bw-internationa.jpg","width":1920,"height":1920,"caption":"Un malet\u00edn de transporte de bater\u00edas P908.8 (Malet\u00edn de transporte de bater\u00edas B&W) negro de pl\u00e1stico duro con asa, con una etiqueta de advertencia e instrucciones de seguridad en el lateral para el almacenamiento y transporte seguros de bater\u00edas de litio."},{"@type":"BreadcrumbList","@id":"https:\/\/www.b-w-international.com\/es\/produkt\/battery-case-p908-8\/#breadcrumb","itemListElement":[{"@type":"ListItem","position":1,"name":"Home","item":"https:\/\/www.b-w-international.com\/es\/"},{"@type":"ListItem","position":2,"name":"Productos","item":"https:\/\/www.b-w-international.com\/es\/tienda\/"},{"@type":"ListItem","position":3,"name":"Maletas para bater\u00edas","item":"https:\/\/www.b-w-international.com\/es\/produkte\/maletas-para-baterias\/"},{"@type":"ListItem","position":4,"name":"battery.case P908.8 | Malet\u00edn de transporte de bater\u00edas B&amp;W &#8211; Almacenamiento y transporte seguros de bater\u00edas de litio"}]},{"@type":"WebSite","@id":"https:\/\/www.b-w-international.com\/es\/#website","url":"https:\/\/www.b-w-international.com\/es\/","name":"B&W International","description":"","publisher":{"@id":"https:\/\/www.b-w-international.com\/es\/#organization"},"potentialAction":[{"@type":"SearchAction","target":{"@type":"EntryPoint","urlTemplate":"https:\/\/www.b-w-international.com\/es\/?s={search_term_string}"},"query-input":{"@type":"PropertyValueSpecification","valueRequired":true,"valueName":"search_term_string"}}],"inLanguage":"es"},{"@type":"Organization","@id":"https:\/\/www.b-w-international.com\/es\/#organization","name":"B&W International","url":"https:\/\/www.b-w-international.com\/es\/","logo":{"@type":"ImageObject","inLanguage":"es","@id":"https:\/\/www.b-w-international.com\/es\/#\/schema\/logo\/image\/","url":"https:\/\/www.b-w-international.com\/wp-content\/uploads\/2024\/12\/16dbfc312f1eb060e7d95735c00f9ec6.png","contentUrl":"https:\/\/www.b-w-international.com\/wp-content\/uploads\/2024\/12\/16dbfc312f1eb060e7d95735c00f9ec6.png","width":219,"height":82,"caption":"B&W International"},"image":{"@id":"https:\/\/www.b-w-international.com\/es\/#\/schema\/logo\/image\/"}}]}},"_links":{"self":[{"href":"https:\/\/www.b-w-international.com\/es\/wp-json\/wp\/v2\/product\/15688","targetHints":{"allow":["GET"]}}],"collection":[{"href":"https:\/\/www.b-w-international.com\/es\/wp-json\/wp\/v2\/product"}],"about":[{"href":"https:\/\/www.b-w-international.com\/es\/wp-json\/wp\/v2\/types\/product"}],"wp:featuredmedia":[{"embeddable":true,"href":"https:\/\/www.b-w-international.com\/es\/wp-json\/wp\/v2\/media\/14731"}],"wp:attachment":[{"href":"https:\/\/www.b-w-international.com\/es\/wp-json\/wp\/v2\/media?parent=15688"}],"wp:term":[{"taxonomy":"product_brand","embeddable":true,"href":"https:\/\/www.b-w-international.com\/es\/wp-json\/wp\/v2\/product_brand?post=15688"},{"taxonomy":"product_cat","embeddable":true,"href":"https:\/\/www.b-w-international.com\/es\/wp-json\/wp\/v2\/product_cat?post=15688"},{"taxonomy":"product_tag","embeddable":true,"href":"https:\/\/www.b-w-international.com\/es\/wp-json\/wp\/v2\/product_tag?post=15688"}],"curies":[{"name":"wp","href":"https:\/\/api.w.org\/{rel}","templated":true}]}}