{"id":15724,"date":"2025-05-05T09:53:47","date_gmt":"2025-05-05T07:53:47","guid":{"rendered":"https:\/\/www.b-w-international.com\/produkt\/backpack-system-bps-sistema-de-mochila-para-maletas-de-exterior-bw\/"},"modified":"2026-03-26T12:24:27","modified_gmt":"2026-03-26T11:24:27","slug":"backpack-system-bps","status":"publish","type":"product","link":"https:\/\/www.b-w-international.com\/es\/produkt\/backpack-system-bps\/","title":{"rendered":"precut.foam SI | Sistema de mochilas para maletas bw.case"},"content":{"rendered":"<ul>\n<li>Color: Negro<\/li>\n<li><strong>BPS\/5000 para:<\/strong> PP.221, PP.326, PP.379, PP.260<br \/>\n BPS<strong>.S1 para:<\/strong> PP.117, PP.166<\/li>\n<li>Correas ajustables en longitud<\/li>\n<li>Soporte flexible ajustable en longitud<\/li>\n<li>Asa adicional en la Mochila.Sistema (BPS)<\/li>\n<li>Tapicer\u00eda ergon\u00f3mica<\/li>\n<li>Cintur\u00f3n de cadera<\/li>\n<li>Para un peso m\u00e1ximo de 25 kg <\/li>\n<li>Se puede fijar de forma firme y estable con tornillos y mosquetones<\/li>\n<\/ul>\n<p>En el volumen de suministro se incluye lo siguiente:<\/p>\n<p><strong>BPS\/5000:<\/strong><\/p>\n<ul>\n<li>1 sistema de mochila<\/li>\n<li>1 Instrucciones de montaje<\/li>\n<li>2 plantillas de perforaci\u00f3n para caja bw.PP.260<\/li>\n<li>2 plantillas de taladrado para malet\u00edn PP.221, PP.379, PP.326 y malet\u00edn PP.293 (Jet 6000)<\/li>\n<li>4 tornillos adaptadores (M5 x 50 mm)<\/li>\n<li>2 tornillos adaptadores (M5 x 38 mm)<\/li>\n<li>6 tornillos (5 mm)<\/li>\n<\/ul>\n<p><strong>BPS.S1:<\/strong><\/p>\n<ul>\n<li>1 sistema de mochila<\/li>\n<li>1 Instrucciones de montaje<\/li>\n<li>1 plantilla de taladrado para malet\u00edn PP117 y malet\u00edn PP.117 (Jet 3000)<\/li>\n<li>1 plantilla de perforaci\u00f3n para caja bw.PP.166<\/li>\n<li>2 tornillos adaptadores (M5 x 50 mm)<\/li>\n<li>2 tornillos adaptadores (M5 x 38 mm)<\/li>\n<li>4 tornillos (5 mm)<\/li>\n<\/ul>\n<div style=\"display:flex; gap:10px;justify-content:center\" class=\"wps-pgfw-pdf-generate-icon__wrapper-frontend\">\n\t\t<a  href=\"https:\/\/www.b-w-international.com\/es\/wp-json\/wp\/v2\/product\/15724\/?action=genpdf&amp;id=15724\" class=\"pgfw-single-pdf-download-button\" target=_blank><img src=\"https:\/\/www.b-w-international.com\/wp-content\/uploads\/2025\/03\/icon-download.svg\" title=\"Generar PDF\" style=\"width:auto; height:45px;\"><\/a>\n\t\t<\/div>","protected":false},"excerpt":{"rendered":"<p>Color: Negro BPS\/5000 para: PP.221, PP.326, PP.379, PP.260 BPS.S1 para: PP.117, PP.166 Correas ajustables en longitud Soporte flexible ajustable en longitud Asa adicional en la Mochila.Sistema (BPS) Tapicer\u00eda ergon\u00f3mica Cintur\u00f3n de cadera Para un peso m\u00e1ximo de 25 kg Se puede fijar de forma firme y estable con tornillos y mosquetones En el volumen de [&hellip;]<\/p>\n","protected":false},"featured_media":13279,"template":"","meta":{"_acf_changed":false},"product_brand":[],"product_cat":[173,434],"product_tag":[],"class_list":{"0":"post-15724","1":"product","2":"type-product","3":"status-publish","4":"has-post-thumbnail","6":"product_cat-accesorios-maletin-multiusos","7":"product_cat-accesorios-foto-y-video","9":"first","10":"instock","11":"product-type-simple"},"acf":[],"yoast_head":"<title>precut.foam SI | Sistema de mochilas para maletas bw.case - B&amp;W International<\/title>\n<meta name=\"description\" content=\"Sistema de mochila de B&amp;W para transporte \u2713Ergon\u00f3mico \u2713C\u00f3modo de llevar \u2713Soporte \u00f3ptimo \u2713Personalizable \u2794 \u00a1Desc\u00fabrelo ahora!\" \/>\n<meta name=\"robots\" content=\"index, follow, max-snippet:-1, max-image-preview:large, max-video-preview:-1\" \/>\n<link rel=\"canonical\" href=\"https:\/\/www.b-w-international.com\/es\/produkt\/backpack-system-bps\/\" \/>\n<meta property=\"og:locale\" content=\"es_ES\" \/>\n<meta property=\"og:type\" content=\"article\" \/>\n<meta property=\"og:title\" content=\"precut.foam SI | Sistema de mochilas para maletas bw.case - B&amp;W International\" \/>\n<meta property=\"og:description\" content=\"Sistema de mochila de B&amp;W para transporte \u2713Ergon\u00f3mico \u2713C\u00f3modo de llevar \u2713Soporte \u00f3ptimo \u2713Personalizable \u2794 \u00a1Desc\u00fabrelo ahora!\" \/>\n<meta property=\"og:url\" content=\"https:\/\/www.b-w-international.com\/es\/produkt\/backpack-system-bps\/\" \/>\n<meta property=\"og:site_name\" content=\"B&amp;W International\" \/>\n<meta property=\"article:modified_time\" content=\"2026-03-26T11:24:27+00:00\" \/>\n<meta property=\"og:image\" content=\"https:\/\/www.b-w-international.com\/wp-content\/uploads\/2025\/05\/5000_PP-221_BPS_accessories_bw-international-3.jpg\" \/>\n\t<meta property=\"og:image:width\" content=\"1920\" \/>\n\t<meta property=\"og:image:height\" content=\"1920\" \/>\n\t<meta property=\"og:image:type\" content=\"image\/jpeg\" \/>\n<meta name=\"twitter:card\" content=\"summary_large_image\" \/>\n<meta name=\"twitter:label1\" content=\"Tiempo de lectura\" \/>\n\t<meta name=\"twitter:data1\" content=\"1 minuto\" \/>\n<script type=\"application\/ld+json\" class=\"yoast-schema-graph\">{\"@context\":\"https:\/\/schema.org\",\"@graph\":[{\"@type\":\"WebPage\",\"@id\":\"https:\/\/www.b-w-international.com\/es\/produkt\/backpack-system-bps\/\",\"url\":\"https:\/\/www.b-w-international.com\/es\/produkt\/backpack-system-bps\/\",\"name\":\"precut.foam SI | Sistema de mochilas para maletas bw.case - B&amp;W International\",\"isPartOf\":{\"@id\":\"https:\/\/www.b-w-international.com\/es\/#website\"},\"primaryImageOfPage\":{\"@id\":\"https:\/\/www.b-w-international.com\/es\/produkt\/backpack-system-bps\/#primaryimage\"},\"image\":{\"@id\":\"https:\/\/www.b-w-international.com\/es\/produkt\/backpack-system-bps\/#primaryimage\"},\"thumbnailUrl\":\"https:\/\/www.b-w-international.com\/wp-content\/uploads\/2025\/05\/5000_PP-221_BPS_accessories_bw-international-3.jpg\",\"datePublished\":\"2025-05-05T07:53:47+00:00\",\"dateModified\":\"2026-03-26T11:24:27+00:00\",\"description\":\"Sistema de mochila de B&W para transporte \u2713Ergon\u00f3mico \u2713C\u00f3modo de llevar \u2713Soporte \u00f3ptimo \u2713Personalizable \u2794 \u00a1Desc\u00fabrelo ahora!\",\"breadcrumb\":{\"@id\":\"https:\/\/www.b-w-international.com\/es\/produkt\/backpack-system-bps\/#breadcrumb\"},\"inLanguage\":\"es\",\"potentialAction\":[{\"@type\":\"ReadAction\",\"target\":[\"https:\/\/www.b-w-international.com\/es\/produkt\/backpack-system-bps\/\"]}]},{\"@type\":\"ImageObject\",\"inLanguage\":\"es\",\"@id\":\"https:\/\/www.b-w-international.com\/es\/produkt\/backpack-system-bps\/#primaryimage\",\"url\":\"https:\/\/www.b-w-international.com\/wp-content\/uploads\/2025\/05\/5000_PP-221_BPS_accessories_bw-international-3.jpg\",\"contentUrl\":\"https:\/\/www.b-w-international.com\/wp-content\/uploads\/2025\/05\/5000_PP-221_BPS_accessories_bw-international-3.jpg\",\"width\":1920,\"height\":1920,\"caption\":\"BPS\/5000\"},{\"@type\":\"BreadcrumbList\",\"@id\":\"https:\/\/www.b-w-international.com\/es\/produkt\/backpack-system-bps\/#breadcrumb\",\"itemListElement\":[{\"@type\":\"ListItem\",\"position\":1,\"name\":\"Home\",\"item\":\"https:\/\/www.b-w-international.com\/es\/\"},{\"@type\":\"ListItem\",\"position\":2,\"name\":\"Productos\",\"item\":\"https:\/\/www.b-w-international.com\/es\/tienda\/\"},{\"@type\":\"ListItem\",\"position\":3,\"name\":\"Maletas multiusos\",\"item\":\"https:\/\/www.b-w-international.com\/es\/produkte\/maletas-multiusos\/\"},{\"@type\":\"ListItem\",\"position\":4,\"name\":\"Accesorios\",\"item\":\"https:\/\/www.b-w-international.com\/es\/produkte\/maletas-multiusos\/accesorios-maletin-multiusos\/\"},{\"@type\":\"ListItem\",\"position\":5,\"name\":\"precut.foam SI | Sistema de mochilas para maletas bw.case\"}]},{\"@type\":\"WebSite\",\"@id\":\"https:\/\/www.b-w-international.com\/es\/#website\",\"url\":\"https:\/\/www.b-w-international.com\/es\/\",\"name\":\"B&W International\",\"description\":\"\",\"publisher\":{\"@id\":\"https:\/\/www.b-w-international.com\/es\/#organization\"},\"potentialAction\":[{\"@type\":\"SearchAction\",\"target\":{\"@type\":\"EntryPoint\",\"urlTemplate\":\"https:\/\/www.b-w-international.com\/es\/?s={search_term_string}\"},\"query-input\":{\"@type\":\"PropertyValueSpecification\",\"valueRequired\":true,\"valueName\":\"search_term_string\"}}],\"inLanguage\":\"es\"},{\"@type\":\"Organization\",\"@id\":\"https:\/\/www.b-w-international.com\/es\/#organization\",\"name\":\"B&W International\",\"url\":\"https:\/\/www.b-w-international.com\/es\/\",\"logo\":{\"@type\":\"ImageObject\",\"inLanguage\":\"es\",\"@id\":\"https:\/\/www.b-w-international.com\/es\/#\/schema\/logo\/image\/\",\"url\":\"https:\/\/www.b-w-international.com\/wp-content\/uploads\/2024\/12\/16dbfc312f1eb060e7d95735c00f9ec6.png\",\"contentUrl\":\"https:\/\/www.b-w-international.com\/wp-content\/uploads\/2024\/12\/16dbfc312f1eb060e7d95735c00f9ec6.png\",\"width\":219,\"height\":82,\"caption\":\"B&W International\"},\"image\":{\"@id\":\"https:\/\/www.b-w-international.com\/es\/#\/schema\/logo\/image\/\"}}]}<\/script>","yoast_head_json":{"title":"precut.foam SI | Sistema de mochilas para maletas bw.case - B&amp;W International","description":"Sistema de mochila de B&W para transporte \u2713Ergon\u00f3mico \u2713C\u00f3modo de llevar \u2713Soporte \u00f3ptimo \u2713Personalizable \u2794 \u00a1Desc\u00fabrelo ahora!","robots":{"index":"index","follow":"follow","max-snippet":"max-snippet:-1","max-image-preview":"max-image-preview:large","max-video-preview":"max-video-preview:-1"},"canonical":"https:\/\/www.b-w-international.com\/es\/produkt\/backpack-system-bps\/","og_locale":"es_ES","og_type":"article","og_title":"precut.foam SI | Sistema de mochilas para maletas bw.case - B&amp;W International","og_description":"Sistema de mochila de B&W para transporte \u2713Ergon\u00f3mico \u2713C\u00f3modo de llevar \u2713Soporte \u00f3ptimo \u2713Personalizable \u2794 \u00a1Desc\u00fabrelo ahora!","og_url":"https:\/\/www.b-w-international.com\/es\/produkt\/backpack-system-bps\/","og_site_name":"B&amp;W International","article_modified_time":"2026-03-26T11:24:27+00:00","og_image":[{"width":1920,"height":1920,"url":"https:\/\/www.b-w-international.com\/wp-content\/uploads\/2025\/05\/5000_PP-221_BPS_accessories_bw-international-3.jpg","type":"image\/jpeg"}],"twitter_card":"summary_large_image","twitter_misc":{"Tiempo de lectura":"1 minuto"},"schema":{"@context":"https:\/\/schema.org","@graph":[{"@type":"WebPage","@id":"https:\/\/www.b-w-international.com\/es\/produkt\/backpack-system-bps\/","url":"https:\/\/www.b-w-international.com\/es\/produkt\/backpack-system-bps\/","name":"precut.foam SI | Sistema de mochilas para maletas bw.case - B&amp;W International","isPartOf":{"@id":"https:\/\/www.b-w-international.com\/es\/#website"},"primaryImageOfPage":{"@id":"https:\/\/www.b-w-international.com\/es\/produkt\/backpack-system-bps\/#primaryimage"},"image":{"@id":"https:\/\/www.b-w-international.com\/es\/produkt\/backpack-system-bps\/#primaryimage"},"thumbnailUrl":"https:\/\/www.b-w-international.com\/wp-content\/uploads\/2025\/05\/5000_PP-221_BPS_accessories_bw-international-3.jpg","datePublished":"2025-05-05T07:53:47+00:00","dateModified":"2026-03-26T11:24:27+00:00","description":"Sistema de mochila de B&W para transporte \u2713Ergon\u00f3mico \u2713C\u00f3modo de llevar \u2713Soporte \u00f3ptimo \u2713Personalizable \u2794 \u00a1Desc\u00fabrelo ahora!","breadcrumb":{"@id":"https:\/\/www.b-w-international.com\/es\/produkt\/backpack-system-bps\/#breadcrumb"},"inLanguage":"es","potentialAction":[{"@type":"ReadAction","target":["https:\/\/www.b-w-international.com\/es\/produkt\/backpack-system-bps\/"]}]},{"@type":"ImageObject","inLanguage":"es","@id":"https:\/\/www.b-w-international.com\/es\/produkt\/backpack-system-bps\/#primaryimage","url":"https:\/\/www.b-w-international.com\/wp-content\/uploads\/2025\/05\/5000_PP-221_BPS_accessories_bw-international-3.jpg","contentUrl":"https:\/\/www.b-w-international.com\/wp-content\/uploads\/2025\/05\/5000_PP-221_BPS_accessories_bw-international-3.jpg","width":1920,"height":1920,"caption":"BPS\/5000"},{"@type":"BreadcrumbList","@id":"https:\/\/www.b-w-international.com\/es\/produkt\/backpack-system-bps\/#breadcrumb","itemListElement":[{"@type":"ListItem","position":1,"name":"Home","item":"https:\/\/www.b-w-international.com\/es\/"},{"@type":"ListItem","position":2,"name":"Productos","item":"https:\/\/www.b-w-international.com\/es\/tienda\/"},{"@type":"ListItem","position":3,"name":"Maletas multiusos","item":"https:\/\/www.b-w-international.com\/es\/produkte\/maletas-multiusos\/"},{"@type":"ListItem","position":4,"name":"Accesorios","item":"https:\/\/www.b-w-international.com\/es\/produkte\/maletas-multiusos\/accesorios-maletin-multiusos\/"},{"@type":"ListItem","position":5,"name":"precut.foam SI | Sistema de mochilas para maletas bw.case"}]},{"@type":"WebSite","@id":"https:\/\/www.b-w-international.com\/es\/#website","url":"https:\/\/www.b-w-international.com\/es\/","name":"B&W International","description":"","publisher":{"@id":"https:\/\/www.b-w-international.com\/es\/#organization"},"potentialAction":[{"@type":"SearchAction","target":{"@type":"EntryPoint","urlTemplate":"https:\/\/www.b-w-international.com\/es\/?s={search_term_string}"},"query-input":{"@type":"PropertyValueSpecification","valueRequired":true,"valueName":"search_term_string"}}],"inLanguage":"es"},{"@type":"Organization","@id":"https:\/\/www.b-w-international.com\/es\/#organization","name":"B&W International","url":"https:\/\/www.b-w-international.com\/es\/","logo":{"@type":"ImageObject","inLanguage":"es","@id":"https:\/\/www.b-w-international.com\/es\/#\/schema\/logo\/image\/","url":"https:\/\/www.b-w-international.com\/wp-content\/uploads\/2024\/12\/16dbfc312f1eb060e7d95735c00f9ec6.png","contentUrl":"https:\/\/www.b-w-international.com\/wp-content\/uploads\/2024\/12\/16dbfc312f1eb060e7d95735c00f9ec6.png","width":219,"height":82,"caption":"B&W International"},"image":{"@id":"https:\/\/www.b-w-international.com\/es\/#\/schema\/logo\/image\/"}}]}},"_links":{"self":[{"href":"https:\/\/www.b-w-international.com\/es\/wp-json\/wp\/v2\/product\/15724","targetHints":{"allow":["GET"]}}],"collection":[{"href":"https:\/\/www.b-w-international.com\/es\/wp-json\/wp\/v2\/product"}],"about":[{"href":"https:\/\/www.b-w-international.com\/es\/wp-json\/wp\/v2\/types\/product"}],"wp:featuredmedia":[{"embeddable":true,"href":"https:\/\/www.b-w-international.com\/es\/wp-json\/wp\/v2\/media\/13279"}],"wp:attachment":[{"href":"https:\/\/www.b-w-international.com\/es\/wp-json\/wp\/v2\/media?parent=15724"}],"wp:term":[{"taxonomy":"product_brand","embeddable":true,"href":"https:\/\/www.b-w-international.com\/es\/wp-json\/wp\/v2\/product_brand?post=15724"},{"taxonomy":"product_cat","embeddable":true,"href":"https:\/\/www.b-w-international.com\/es\/wp-json\/wp\/v2\/product_cat?post=15724"},{"taxonomy":"product_tag","embeddable":true,"href":"https:\/\/www.b-w-international.com\/es\/wp-json\/wp\/v2\/product_tag?post=15724"}],"curies":[{"name":"wp","href":"https:\/\/api.w.org\/{rel}","templated":true}]}}