{"id":15774,"date":"2025-05-05T09:53:47","date_gmt":"2025-05-05T07:53:47","guid":{"rendered":"https:\/\/www.b-w-international.com\/produkt\/bw-case-pp-23-maleta-de-exterior-bn-tipo-500\/"},"modified":"2026-04-01T15:33:05","modified_gmt":"2026-04-01T13:33:05","slug":"bw-case-pp-23","status":"publish","type":"product","link":"https:\/\/www.b-w-international.com\/es\/produkt\/bw-case-pp-23\/","title":{"rendered":"bw.case PP.23 | Maleta multiusos en blanco y negro tipo 500"},"content":{"rendered":"<div>\n<ul>\n<li><strong>Carcasa:<\/strong> Polipropileno (PP) resistente a los golpes: gran resistencia a los golpes y a la rotura<\/li>\n<li><strong>Clase de protecci\u00f3n:<\/strong> estanco al agua y al polvo seg\u00fan IP67 &#8211; para uso en entornos h\u00famedos y dif\u00edciles<\/li>\n<li><strong>Igualaci\u00f3n de presi\u00f3n:<\/strong> V\u00e1lvula autom\u00e1tica &#8211; iguala las diferencias de presi\u00f3n (por ejemplo, al viajar en avi\u00f3n).<\/li>\n<li><strong>Rango de temperaturas:<\/strong> de -30 \u00b0C a +80 \u00b0C &#8211; para temperaturas extremas<\/li>\n<li><strong>Cierres:<\/strong> 2 cierres (2 en la parte delantera) &#8211; se pueden accionar con una sola mano<\/li>\n<li><strong>Asas:<\/strong> 1 asa delantera &#8211; c\u00f3modo transporte<\/li>\n<li><strong>Bloqueable:<\/strong> 2 ojales (\u00d8 4,5 mm) para candados &#8211; protege contra el acceso no autorizado<\/li>\n<li><strong>Normas militares:<\/strong> Cumple los requisitos de MIL-STD-810H, STANAG 4280, DEF STAN 81-41 y ATA300<\/li>\n<li><strong>Apilable<\/strong>: Apilable: ahorro de espacio de almacenamiento y transporte<\/li>\n<\/ul>\n<\/div>\n<div style=\"display:flex; gap:10px;justify-content:center\" class=\"wps-pgfw-pdf-generate-icon__wrapper-frontend\">\n\t\t<a  href=\"https:\/\/www.b-w-international.com\/es\/wp-json\/wp\/v2\/product\/15774\/?action=genpdf&amp;id=15774\" class=\"pgfw-single-pdf-download-button\" target=_blank><img src=\"https:\/\/www.b-w-international.com\/wp-content\/uploads\/2025\/03\/icon-download.svg\" title=\"Generar PDF\" style=\"width:auto; height:45px;\"><\/a>\n\t\t<\/div>","protected":false},"excerpt":{"rendered":"<p>Carcasa: Polipropileno (PP) resistente a los golpes: gran resistencia a los golpes y a la rotura Clase de protecci\u00f3n: estanco al agua y al polvo seg\u00fan IP67 &#8211; para uso en entornos h\u00famedos y dif\u00edciles Igualaci\u00f3n de presi\u00f3n: V\u00e1lvula autom\u00e1tica &#8211; iguala las diferencias de presi\u00f3n (por ejemplo, al viajar en avi\u00f3n). Rango de temperaturas: [&hellip;]<\/p>\n","protected":false},"featured_media":11473,"template":"","meta":{"_acf_changed":false},"product_brand":[],"product_cat":[203,182],"product_tag":[],"class_list":{"0":"post-15774","1":"product","2":"type-product","3":"status-publish","4":"has-post-thumbnail","6":"product_features-2-argollas-para-candados","7":"product_features-apilable","8":"product_features-apto-para-volar","9":"product_features-extremadamente-resistente","10":"product_features-resistente-a-la-temperatura","11":"product_features-resistente-al-agua-al-polvo-y-hermetico","12":"product_cat-maletas-de-transporte-y-almacenamiento","13":"product_cat-maletas-multiusos","14":"pa_farbe-amarillo","15":"pa_farbe-naranja","16":"pa_farbe-negro","17":"pa_farbe-verde-bronce","19":"first","20":"instock","21":"product-type-variable"},"acf":[],"yoast_head":"<title>bw.case PP.23 | Maleta multiusos en blanco y negro tipo 500 - B&amp;W International<\/title>\n<meta name=\"description\" content=\"Peque\u00f1o malet\u00edn multiusos B&amp;N \u2713Impermeable al agua \u2713Impermeable al polvo \u2713Extremadamente resistente a los golpes \u2713Muy manejable \u2794 \u00a1Desc\u00fabrelo ahora!\" \/>\n<meta name=\"robots\" content=\"index, follow, max-snippet:-1, max-image-preview:large, max-video-preview:-1\" \/>\n<link rel=\"canonical\" href=\"https:\/\/www.b-w-international.com\/es\/produkt\/bw-case-pp-23\/\" \/>\n<meta property=\"og:locale\" content=\"es_ES\" \/>\n<meta property=\"og:type\" content=\"article\" \/>\n<meta property=\"og:title\" content=\"bw.case PP.23 | Maleta multiusos en blanco y negro tipo 500 - B&amp;W International\" \/>\n<meta property=\"og:description\" content=\"Peque\u00f1o malet\u00edn multiusos B&amp;N \u2713Impermeable al agua \u2713Impermeable al polvo \u2713Extremadamente resistente a los golpes \u2713Muy manejable \u2794 \u00a1Desc\u00fabrelo ahora!\" \/>\n<meta property=\"og:url\" content=\"https:\/\/www.b-w-international.com\/es\/produkt\/bw-case-pp-23\/\" \/>\n<meta property=\"og:site_name\" content=\"B&amp;W International\" \/>\n<meta property=\"article:modified_time\" content=\"2026-04-01T13:33:05+00:00\" \/>\n<meta property=\"og:image\" content=\"https:\/\/www.b-w-international.com\/wp-content\/uploads\/2025\/05\/500_PP-23_B_closed-standing_bw-international.jpg\" \/>\n\t<meta property=\"og:image:width\" content=\"1920\" \/>\n\t<meta property=\"og:image:height\" content=\"1920\" \/>\n\t<meta property=\"og:image:type\" content=\"image\/jpeg\" \/>\n<meta name=\"twitter:card\" content=\"summary_large_image\" \/>\n<meta name=\"twitter:label1\" content=\"Tiempo de lectura\" \/>\n\t<meta name=\"twitter:data1\" content=\"1 minuto\" \/>\n<script type=\"application\/ld+json\" class=\"yoast-schema-graph\">{\"@context\":\"https:\/\/schema.org\",\"@graph\":[{\"@type\":\"WebPage\",\"@id\":\"https:\/\/www.b-w-international.com\/es\/produkt\/bw-case-pp-23\/\",\"url\":\"https:\/\/www.b-w-international.com\/es\/produkt\/bw-case-pp-23\/\",\"name\":\"bw.case PP.23 | Maleta multiusos en blanco y negro tipo 500 - B&amp;W International\",\"isPartOf\":{\"@id\":\"https:\/\/www.b-w-international.com\/es\/#website\"},\"primaryImageOfPage\":{\"@id\":\"https:\/\/www.b-w-international.com\/es\/produkt\/bw-case-pp-23\/#primaryimage\"},\"image\":{\"@id\":\"https:\/\/www.b-w-international.com\/es\/produkt\/bw-case-pp-23\/#primaryimage\"},\"thumbnailUrl\":\"https:\/\/www.b-w-international.com\/wp-content\/uploads\/2025\/05\/500_PP-23_B_closed-standing_bw-international.jpg\",\"datePublished\":\"2025-05-05T07:53:47+00:00\",\"dateModified\":\"2026-04-01T13:33:05+00:00\",\"description\":\"Peque\u00f1o malet\u00edn multiusos B&N \u2713Impermeable al agua \u2713Impermeable al polvo \u2713Extremadamente resistente a los golpes \u2713Muy manejable \u2794 \u00a1Desc\u00fabrelo ahora!\",\"breadcrumb\":{\"@id\":\"https:\/\/www.b-w-international.com\/es\/produkt\/bw-case-pp-23\/#breadcrumb\"},\"inLanguage\":\"es\",\"potentialAction\":[{\"@type\":\"ReadAction\",\"target\":[\"https:\/\/www.b-w-international.com\/es\/produkt\/bw-case-pp-23\/\"]}]},{\"@type\":\"ImageObject\",\"inLanguage\":\"es\",\"@id\":\"https:\/\/www.b-w-international.com\/es\/produkt\/bw-case-pp-23\/#primaryimage\",\"url\":\"https:\/\/www.b-w-international.com\/wp-content\/uploads\/2025\/05\/500_PP-23_B_closed-standing_bw-international.jpg\",\"contentUrl\":\"https:\/\/www.b-w-international.com\/wp-content\/uploads\/2025\/05\/500_PP-23_B_closed-standing_bw-international.jpg\",\"width\":1920,\"height\":1920,\"caption\":\"Maleta multiusos PP 23-B de B&amp;W International: maleta protectora compacta de color negro para exteriores, con asa de transporte resistente y cierres robustos para transportar con seguridad equipos delicados.\"},{\"@type\":\"BreadcrumbList\",\"@id\":\"https:\/\/www.b-w-international.com\/es\/produkt\/bw-case-pp-23\/#breadcrumb\",\"itemListElement\":[{\"@type\":\"ListItem\",\"position\":1,\"name\":\"Home\",\"item\":\"https:\/\/www.b-w-international.com\/es\/\"},{\"@type\":\"ListItem\",\"position\":2,\"name\":\"Productos\",\"item\":\"https:\/\/www.b-w-international.com\/es\/tienda\/\"},{\"@type\":\"ListItem\",\"position\":3,\"name\":\"Maletas multiusos\",\"item\":\"https:\/\/www.b-w-international.com\/es\/produkte\/maletas-multiusos\/\"},{\"@type\":\"ListItem\",\"position\":4,\"name\":\"bw.case PP.23 | Maleta multiusos en blanco y negro tipo 500\"}]},{\"@type\":\"WebSite\",\"@id\":\"https:\/\/www.b-w-international.com\/es\/#website\",\"url\":\"https:\/\/www.b-w-international.com\/es\/\",\"name\":\"B&W International\",\"description\":\"\",\"publisher\":{\"@id\":\"https:\/\/www.b-w-international.com\/es\/#organization\"},\"potentialAction\":[{\"@type\":\"SearchAction\",\"target\":{\"@type\":\"EntryPoint\",\"urlTemplate\":\"https:\/\/www.b-w-international.com\/es\/?s={search_term_string}\"},\"query-input\":{\"@type\":\"PropertyValueSpecification\",\"valueRequired\":true,\"valueName\":\"search_term_string\"}}],\"inLanguage\":\"es\"},{\"@type\":\"Organization\",\"@id\":\"https:\/\/www.b-w-international.com\/es\/#organization\",\"name\":\"B&W International\",\"url\":\"https:\/\/www.b-w-international.com\/es\/\",\"logo\":{\"@type\":\"ImageObject\",\"inLanguage\":\"es\",\"@id\":\"https:\/\/www.b-w-international.com\/es\/#\/schema\/logo\/image\/\",\"url\":\"https:\/\/www.b-w-international.com\/wp-content\/uploads\/2024\/12\/16dbfc312f1eb060e7d95735c00f9ec6.png\",\"contentUrl\":\"https:\/\/www.b-w-international.com\/wp-content\/uploads\/2024\/12\/16dbfc312f1eb060e7d95735c00f9ec6.png\",\"width\":219,\"height\":82,\"caption\":\"B&W International\"},\"image\":{\"@id\":\"https:\/\/www.b-w-international.com\/es\/#\/schema\/logo\/image\/\"}}]}<\/script>","yoast_head_json":{"title":"bw.case PP.23 | Maleta multiusos en blanco y negro tipo 500 - B&amp;W International","description":"Peque\u00f1o malet\u00edn multiusos B&N \u2713Impermeable al agua \u2713Impermeable al polvo \u2713Extremadamente resistente a los golpes \u2713Muy manejable \u2794 \u00a1Desc\u00fabrelo ahora!","robots":{"index":"index","follow":"follow","max-snippet":"max-snippet:-1","max-image-preview":"max-image-preview:large","max-video-preview":"max-video-preview:-1"},"canonical":"https:\/\/www.b-w-international.com\/es\/produkt\/bw-case-pp-23\/","og_locale":"es_ES","og_type":"article","og_title":"bw.case PP.23 | Maleta multiusos en blanco y negro tipo 500 - B&amp;W International","og_description":"Peque\u00f1o malet\u00edn multiusos B&N \u2713Impermeable al agua \u2713Impermeable al polvo \u2713Extremadamente resistente a los golpes \u2713Muy manejable \u2794 \u00a1Desc\u00fabrelo ahora!","og_url":"https:\/\/www.b-w-international.com\/es\/produkt\/bw-case-pp-23\/","og_site_name":"B&amp;W International","article_modified_time":"2026-04-01T13:33:05+00:00","og_image":[{"width":1920,"height":1920,"url":"https:\/\/www.b-w-international.com\/wp-content\/uploads\/2025\/05\/500_PP-23_B_closed-standing_bw-international.jpg","type":"image\/jpeg"}],"twitter_card":"summary_large_image","twitter_misc":{"Tiempo de lectura":"1 minuto"},"schema":{"@context":"https:\/\/schema.org","@graph":[{"@type":"WebPage","@id":"https:\/\/www.b-w-international.com\/es\/produkt\/bw-case-pp-23\/","url":"https:\/\/www.b-w-international.com\/es\/produkt\/bw-case-pp-23\/","name":"bw.case PP.23 | Maleta multiusos en blanco y negro tipo 500 - B&amp;W International","isPartOf":{"@id":"https:\/\/www.b-w-international.com\/es\/#website"},"primaryImageOfPage":{"@id":"https:\/\/www.b-w-international.com\/es\/produkt\/bw-case-pp-23\/#primaryimage"},"image":{"@id":"https:\/\/www.b-w-international.com\/es\/produkt\/bw-case-pp-23\/#primaryimage"},"thumbnailUrl":"https:\/\/www.b-w-international.com\/wp-content\/uploads\/2025\/05\/500_PP-23_B_closed-standing_bw-international.jpg","datePublished":"2025-05-05T07:53:47+00:00","dateModified":"2026-04-01T13:33:05+00:00","description":"Peque\u00f1o malet\u00edn multiusos B&N \u2713Impermeable al agua \u2713Impermeable al polvo \u2713Extremadamente resistente a los golpes \u2713Muy manejable \u2794 \u00a1Desc\u00fabrelo ahora!","breadcrumb":{"@id":"https:\/\/www.b-w-international.com\/es\/produkt\/bw-case-pp-23\/#breadcrumb"},"inLanguage":"es","potentialAction":[{"@type":"ReadAction","target":["https:\/\/www.b-w-international.com\/es\/produkt\/bw-case-pp-23\/"]}]},{"@type":"ImageObject","inLanguage":"es","@id":"https:\/\/www.b-w-international.com\/es\/produkt\/bw-case-pp-23\/#primaryimage","url":"https:\/\/www.b-w-international.com\/wp-content\/uploads\/2025\/05\/500_PP-23_B_closed-standing_bw-international.jpg","contentUrl":"https:\/\/www.b-w-international.com\/wp-content\/uploads\/2025\/05\/500_PP-23_B_closed-standing_bw-international.jpg","width":1920,"height":1920,"caption":"Maleta multiusos PP 23-B de B&amp;W International: maleta protectora compacta de color negro para exteriores, con asa de transporte resistente y cierres robustos para transportar con seguridad equipos delicados."},{"@type":"BreadcrumbList","@id":"https:\/\/www.b-w-international.com\/es\/produkt\/bw-case-pp-23\/#breadcrumb","itemListElement":[{"@type":"ListItem","position":1,"name":"Home","item":"https:\/\/www.b-w-international.com\/es\/"},{"@type":"ListItem","position":2,"name":"Productos","item":"https:\/\/www.b-w-international.com\/es\/tienda\/"},{"@type":"ListItem","position":3,"name":"Maletas multiusos","item":"https:\/\/www.b-w-international.com\/es\/produkte\/maletas-multiusos\/"},{"@type":"ListItem","position":4,"name":"bw.case PP.23 | Maleta multiusos en blanco y negro tipo 500"}]},{"@type":"WebSite","@id":"https:\/\/www.b-w-international.com\/es\/#website","url":"https:\/\/www.b-w-international.com\/es\/","name":"B&W International","description":"","publisher":{"@id":"https:\/\/www.b-w-international.com\/es\/#organization"},"potentialAction":[{"@type":"SearchAction","target":{"@type":"EntryPoint","urlTemplate":"https:\/\/www.b-w-international.com\/es\/?s={search_term_string}"},"query-input":{"@type":"PropertyValueSpecification","valueRequired":true,"valueName":"search_term_string"}}],"inLanguage":"es"},{"@type":"Organization","@id":"https:\/\/www.b-w-international.com\/es\/#organization","name":"B&W International","url":"https:\/\/www.b-w-international.com\/es\/","logo":{"@type":"ImageObject","inLanguage":"es","@id":"https:\/\/www.b-w-international.com\/es\/#\/schema\/logo\/image\/","url":"https:\/\/www.b-w-international.com\/wp-content\/uploads\/2024\/12\/16dbfc312f1eb060e7d95735c00f9ec6.png","contentUrl":"https:\/\/www.b-w-international.com\/wp-content\/uploads\/2024\/12\/16dbfc312f1eb060e7d95735c00f9ec6.png","width":219,"height":82,"caption":"B&W International"},"image":{"@id":"https:\/\/www.b-w-international.com\/es\/#\/schema\/logo\/image\/"}}]}},"_links":{"self":[{"href":"https:\/\/www.b-w-international.com\/es\/wp-json\/wp\/v2\/product\/15774","targetHints":{"allow":["GET"]}}],"collection":[{"href":"https:\/\/www.b-w-international.com\/es\/wp-json\/wp\/v2\/product"}],"about":[{"href":"https:\/\/www.b-w-international.com\/es\/wp-json\/wp\/v2\/types\/product"}],"wp:featuredmedia":[{"embeddable":true,"href":"https:\/\/www.b-w-international.com\/es\/wp-json\/wp\/v2\/media\/11473"}],"wp:attachment":[{"href":"https:\/\/www.b-w-international.com\/es\/wp-json\/wp\/v2\/media?parent=15774"}],"wp:term":[{"taxonomy":"product_brand","embeddable":true,"href":"https:\/\/www.b-w-international.com\/es\/wp-json\/wp\/v2\/product_brand?post=15774"},{"taxonomy":"product_cat","embeddable":true,"href":"https:\/\/www.b-w-international.com\/es\/wp-json\/wp\/v2\/product_cat?post=15774"},{"taxonomy":"product_tag","embeddable":true,"href":"https:\/\/www.b-w-international.com\/es\/wp-json\/wp\/v2\/product_tag?post=15774"}],"curies":[{"name":"wp","href":"https:\/\/api.w.org\/{rel}","templated":true}]}}