{"id":15784,"date":"2025-06-12T07:40:55","date_gmt":"2025-06-12T05:40:55","guid":{"rendered":"https:\/\/www.b-w-international.com\/produkt\/maletin-bicicleta-abs-2323-bicicleta-plegable-bw-maletin-plegable-xl\/"},"modified":"2025-10-13T08:30:25","modified_gmt":"2025-10-13T06:30:25","slug":"bike-case-abs-2323-bicicleta-plegable-xl","status":"publish","type":"product","link":"https:\/\/www.b-w-international.com\/es\/produkt\/bike-case-abs-2323-bicicleta-plegable-xl\/","title":{"rendered":"malet\u00edn ABS.2323 para bici plegable | B&amp;W malet\u00edn XL para Brompton G-Line"},"content":{"rendered":"<ul>\n<li>El nuevo tama\u00f1o ofrece m\u00e1s espacio incluso para las bicicletas plegables m\u00e1s grandes<\/li>\n<li>Extremadamente estable<\/li>\n<li>mango telesc\u00f3pico extensible de marcha suave<\/li>\n<li>Ruedas en l\u00ednea de alta calidad<\/li>\n<li>incl. Cerraduras TSA<\/li>\n<li>Especialmente adecuado para las bicicletas plegables Brompton G-Line<\/li>\n<\/ul>\n<div style=\"display:flex; gap:10px;justify-content:center\" class=\"wps-pgfw-pdf-generate-icon__wrapper-frontend\">\n\t\t<a  href=\"https:\/\/www.b-w-international.com\/es\/wp-json\/wp\/v2\/product\/15784\/?action=genpdf&amp;id=15784\" class=\"pgfw-single-pdf-download-button\" target=_blank><img src=\"https:\/\/www.b-w-international.com\/wp-content\/uploads\/2025\/03\/icon-download.svg\" title=\"Generar PDF\" style=\"width:auto; height:45px;\"><\/a>\n\t\t<\/div>","protected":false},"excerpt":{"rendered":"<p>El nuevo tama\u00f1o ofrece m\u00e1s espacio incluso para las bicicletas plegables m\u00e1s grandes Extremadamente estable mango telesc\u00f3pico extensible de marcha suave Ruedas en l\u00ednea de alta calidad incl. Cerraduras TSA Especialmente adecuado para las bicicletas plegables Brompton G-Line<\/p>\n","protected":false},"featured_media":14383,"template":"","meta":{"_acf_changed":false},"product_brand":[],"product_cat":[221,439],"product_tag":[],"class_list":{"0":"post-15784","1":"product","2":"type-product","3":"status-publish","4":"has-post-thumbnail","6":"product_features-2-anos-de-garantia","7":"product_features-apto-para-volar","8":"product_features-cerradura-tsa","9":"product_features-extremadamente-resistente","10":"product_features-rodillos","11":"product_cat-maletas-para-bici-plegable","12":"product_cat-maletas-y-bolsas-para-transportar-bicicletas-plegables","13":"pa_farbe-negro","15":"first","16":"instock","17":"product-type-simple"},"acf":[],"yoast_head":"<title>malet\u00edn ABS.2323 para bici plegable | B&amp;W malet\u00edn XL para Brompton G-Line - B&amp;W International<\/title>\n<meta name=\"description\" content=\"Funda B&amp;W para bicicletas plegables \u2713Robusta \u2713Impermeable \u2713Se puede cerrar con llave \u2713Incluye correa para la funda \u2794 \u00a1Desc\u00fabrela ahora!\" \/>\n<meta name=\"robots\" content=\"index, follow, max-snippet:-1, max-image-preview:large, max-video-preview:-1\" \/>\n<link rel=\"canonical\" href=\"https:\/\/www.b-w-international.com\/es\/produkt\/bike-case-abs-2323-bicicleta-plegable-xl\/\" \/>\n<meta property=\"og:locale\" content=\"es_ES\" \/>\n<meta property=\"og:type\" content=\"article\" \/>\n<meta property=\"og:title\" content=\"malet\u00edn ABS.2323 para bici plegable | B&amp;W malet\u00edn XL para Brompton G-Line - B&amp;W International\" \/>\n<meta property=\"og:description\" content=\"Funda B&amp;W para bicicletas plegables \u2713Robusta \u2713Impermeable \u2713Se puede cerrar con llave \u2713Incluye correa para la funda \u2794 \u00a1Desc\u00fabrela ahora!\" \/>\n<meta property=\"og:url\" content=\"https:\/\/www.b-w-international.com\/es\/produkt\/bike-case-abs-2323-bicicleta-plegable-xl\/\" \/>\n<meta property=\"og:site_name\" content=\"B&amp;W International\" \/>\n<meta property=\"article:modified_time\" content=\"2025-10-13T06:30:25+00:00\" \/>\n<meta property=\"og:image\" content=\"https:\/\/www.b-w-international.com\/wp-content\/uploads\/2025\/06\/folding-case-XL_ABS-2323_closed-standing-front-trolley_bw-international_2.jpg\" \/>\n\t<meta property=\"og:image:width\" content=\"1920\" \/>\n\t<meta property=\"og:image:height\" content=\"1920\" \/>\n\t<meta property=\"og:image:type\" content=\"image\/jpeg\" \/>\n<meta name=\"twitter:card\" content=\"summary_large_image\" \/>\n<meta name=\"twitter:label1\" content=\"Tiempo de lectura\" \/>\n\t<meta name=\"twitter:data1\" content=\"1 minuto\" \/>\n<script type=\"application\/ld+json\" class=\"yoast-schema-graph\">{\"@context\":\"https:\/\/schema.org\",\"@graph\":[{\"@type\":\"WebPage\",\"@id\":\"https:\/\/www.b-w-international.com\/es\/produkt\/bike-case-abs-2323-bicicleta-plegable-xl\/\",\"url\":\"https:\/\/www.b-w-international.com\/es\/produkt\/bike-case-abs-2323-bicicleta-plegable-xl\/\",\"name\":\"malet\u00edn ABS.2323 para bici plegable | B&amp;W malet\u00edn XL para Brompton G-Line - B&amp;W International\",\"isPartOf\":{\"@id\":\"https:\/\/www.b-w-international.com\/es\/#website\"},\"primaryImageOfPage\":{\"@id\":\"https:\/\/www.b-w-international.com\/es\/produkt\/bike-case-abs-2323-bicicleta-plegable-xl\/#primaryimage\"},\"image\":{\"@id\":\"https:\/\/www.b-w-international.com\/es\/produkt\/bike-case-abs-2323-bicicleta-plegable-xl\/#primaryimage\"},\"thumbnailUrl\":\"https:\/\/www.b-w-international.com\/wp-content\/uploads\/2025\/06\/folding-case-XL_ABS-2323_closed-standing-front-trolley_bw-international_2.jpg\",\"datePublished\":\"2025-06-12T05:40:55+00:00\",\"dateModified\":\"2025-10-13T06:30:25+00:00\",\"description\":\"Funda B&W para bicicletas plegables \u2713Robusta \u2713Impermeable \u2713Se puede cerrar con llave \u2713Incluye correa para la funda \u2794 \u00a1Desc\u00fabrela ahora!\",\"breadcrumb\":{\"@id\":\"https:\/\/www.b-w-international.com\/es\/produkt\/bike-case-abs-2323-bicicleta-plegable-xl\/#breadcrumb\"},\"inLanguage\":\"es\",\"potentialAction\":[{\"@type\":\"ReadAction\",\"target\":[\"https:\/\/www.b-w-international.com\/es\/produkt\/bike-case-abs-2323-bicicleta-plegable-xl\/\"]}]},{\"@type\":\"ImageObject\",\"inLanguage\":\"es\",\"@id\":\"https:\/\/www.b-w-international.com\/es\/produkt\/bike-case-abs-2323-bicicleta-plegable-xl\/#primaryimage\",\"url\":\"https:\/\/www.b-w-international.com\/wp-content\/uploads\/2025\/06\/folding-case-XL_ABS-2323_closed-standing-front-trolley_bw-international_2.jpg\",\"contentUrl\":\"https:\/\/www.b-w-international.com\/wp-content\/uploads\/2025\/06\/folding-case-XL_ABS-2323_closed-standing-front-trolley_bw-international_2.jpg\",\"width\":1920,\"height\":1920,\"caption\":\"Schwarzer B&W International Transportkoffer f\u00fcr Faltr\u00e4der mit Teleskopgriff und Rollen.\"},{\"@type\":\"BreadcrumbList\",\"@id\":\"https:\/\/www.b-w-international.com\/es\/produkt\/bike-case-abs-2323-bicicleta-plegable-xl\/#breadcrumb\",\"itemListElement\":[{\"@type\":\"ListItem\",\"position\":1,\"name\":\"Home\",\"item\":\"https:\/\/www.b-w-international.com\/es\/\"},{\"@type\":\"ListItem\",\"position\":2,\"name\":\"Productos\",\"item\":\"https:\/\/www.b-w-international.com\/es\/tienda\/\"},{\"@type\":\"ListItem\",\"position\":3,\"name\":\"Maletas y bolsas para transportar bicicletas plegables\",\"item\":\"https:\/\/www.b-w-international.com\/es\/produkte\/maletas-y-bolsas-para-transportar-bicicletas-plegables\/\"},{\"@type\":\"ListItem\",\"position\":4,\"name\":\"Maletas para bici plegable\",\"item\":\"https:\/\/www.b-w-international.com\/es\/produkte\/maletas-y-bolsas-para-transportar-bicicletas-plegables\/maletas-para-bici-plegable\/\"},{\"@type\":\"ListItem\",\"position\":5,\"name\":\"malet\u00edn ABS.2323 para bici plegable | B&amp;W malet\u00edn XL para Brompton G-Line\"}]},{\"@type\":\"WebSite\",\"@id\":\"https:\/\/www.b-w-international.com\/es\/#website\",\"url\":\"https:\/\/www.b-w-international.com\/es\/\",\"name\":\"B&W International\",\"description\":\"\",\"publisher\":{\"@id\":\"https:\/\/www.b-w-international.com\/es\/#organization\"},\"potentialAction\":[{\"@type\":\"SearchAction\",\"target\":{\"@type\":\"EntryPoint\",\"urlTemplate\":\"https:\/\/www.b-w-international.com\/es\/?s={search_term_string}\"},\"query-input\":{\"@type\":\"PropertyValueSpecification\",\"valueRequired\":true,\"valueName\":\"search_term_string\"}}],\"inLanguage\":\"es\"},{\"@type\":\"Organization\",\"@id\":\"https:\/\/www.b-w-international.com\/es\/#organization\",\"name\":\"B&W International\",\"url\":\"https:\/\/www.b-w-international.com\/es\/\",\"logo\":{\"@type\":\"ImageObject\",\"inLanguage\":\"es\",\"@id\":\"https:\/\/www.b-w-international.com\/es\/#\/schema\/logo\/image\/\",\"url\":\"https:\/\/www.b-w-international.com\/wp-content\/uploads\/2024\/12\/16dbfc312f1eb060e7d95735c00f9ec6.png\",\"contentUrl\":\"https:\/\/www.b-w-international.com\/wp-content\/uploads\/2024\/12\/16dbfc312f1eb060e7d95735c00f9ec6.png\",\"width\":219,\"height\":82,\"caption\":\"B&W International\"},\"image\":{\"@id\":\"https:\/\/www.b-w-international.com\/es\/#\/schema\/logo\/image\/\"}}]}<\/script>","yoast_head_json":{"title":"malet\u00edn ABS.2323 para bici plegable | B&amp;W malet\u00edn XL para Brompton G-Line - B&amp;W International","description":"Funda B&W para bicicletas plegables \u2713Robusta \u2713Impermeable \u2713Se puede cerrar con llave \u2713Incluye correa para la funda \u2794 \u00a1Desc\u00fabrela ahora!","robots":{"index":"index","follow":"follow","max-snippet":"max-snippet:-1","max-image-preview":"max-image-preview:large","max-video-preview":"max-video-preview:-1"},"canonical":"https:\/\/www.b-w-international.com\/es\/produkt\/bike-case-abs-2323-bicicleta-plegable-xl\/","og_locale":"es_ES","og_type":"article","og_title":"malet\u00edn ABS.2323 para bici plegable | B&amp;W malet\u00edn XL para Brompton G-Line - B&amp;W International","og_description":"Funda B&W para bicicletas plegables \u2713Robusta \u2713Impermeable \u2713Se puede cerrar con llave \u2713Incluye correa para la funda \u2794 \u00a1Desc\u00fabrela ahora!","og_url":"https:\/\/www.b-w-international.com\/es\/produkt\/bike-case-abs-2323-bicicleta-plegable-xl\/","og_site_name":"B&amp;W International","article_modified_time":"2025-10-13T06:30:25+00:00","og_image":[{"width":1920,"height":1920,"url":"https:\/\/www.b-w-international.com\/wp-content\/uploads\/2025\/06\/folding-case-XL_ABS-2323_closed-standing-front-trolley_bw-international_2.jpg","type":"image\/jpeg"}],"twitter_card":"summary_large_image","twitter_misc":{"Tiempo de lectura":"1 minuto"},"schema":{"@context":"https:\/\/schema.org","@graph":[{"@type":"WebPage","@id":"https:\/\/www.b-w-international.com\/es\/produkt\/bike-case-abs-2323-bicicleta-plegable-xl\/","url":"https:\/\/www.b-w-international.com\/es\/produkt\/bike-case-abs-2323-bicicleta-plegable-xl\/","name":"malet\u00edn ABS.2323 para bici plegable | B&amp;W malet\u00edn XL para Brompton G-Line - B&amp;W International","isPartOf":{"@id":"https:\/\/www.b-w-international.com\/es\/#website"},"primaryImageOfPage":{"@id":"https:\/\/www.b-w-international.com\/es\/produkt\/bike-case-abs-2323-bicicleta-plegable-xl\/#primaryimage"},"image":{"@id":"https:\/\/www.b-w-international.com\/es\/produkt\/bike-case-abs-2323-bicicleta-plegable-xl\/#primaryimage"},"thumbnailUrl":"https:\/\/www.b-w-international.com\/wp-content\/uploads\/2025\/06\/folding-case-XL_ABS-2323_closed-standing-front-trolley_bw-international_2.jpg","datePublished":"2025-06-12T05:40:55+00:00","dateModified":"2025-10-13T06:30:25+00:00","description":"Funda B&W para bicicletas plegables \u2713Robusta \u2713Impermeable \u2713Se puede cerrar con llave \u2713Incluye correa para la funda \u2794 \u00a1Desc\u00fabrela ahora!","breadcrumb":{"@id":"https:\/\/www.b-w-international.com\/es\/produkt\/bike-case-abs-2323-bicicleta-plegable-xl\/#breadcrumb"},"inLanguage":"es","potentialAction":[{"@type":"ReadAction","target":["https:\/\/www.b-w-international.com\/es\/produkt\/bike-case-abs-2323-bicicleta-plegable-xl\/"]}]},{"@type":"ImageObject","inLanguage":"es","@id":"https:\/\/www.b-w-international.com\/es\/produkt\/bike-case-abs-2323-bicicleta-plegable-xl\/#primaryimage","url":"https:\/\/www.b-w-international.com\/wp-content\/uploads\/2025\/06\/folding-case-XL_ABS-2323_closed-standing-front-trolley_bw-international_2.jpg","contentUrl":"https:\/\/www.b-w-international.com\/wp-content\/uploads\/2025\/06\/folding-case-XL_ABS-2323_closed-standing-front-trolley_bw-international_2.jpg","width":1920,"height":1920,"caption":"Schwarzer B&W International Transportkoffer f\u00fcr Faltr\u00e4der mit Teleskopgriff und Rollen."},{"@type":"BreadcrumbList","@id":"https:\/\/www.b-w-international.com\/es\/produkt\/bike-case-abs-2323-bicicleta-plegable-xl\/#breadcrumb","itemListElement":[{"@type":"ListItem","position":1,"name":"Home","item":"https:\/\/www.b-w-international.com\/es\/"},{"@type":"ListItem","position":2,"name":"Productos","item":"https:\/\/www.b-w-international.com\/es\/tienda\/"},{"@type":"ListItem","position":3,"name":"Maletas y bolsas para transportar bicicletas plegables","item":"https:\/\/www.b-w-international.com\/es\/produkte\/maletas-y-bolsas-para-transportar-bicicletas-plegables\/"},{"@type":"ListItem","position":4,"name":"Maletas para bici plegable","item":"https:\/\/www.b-w-international.com\/es\/produkte\/maletas-y-bolsas-para-transportar-bicicletas-plegables\/maletas-para-bici-plegable\/"},{"@type":"ListItem","position":5,"name":"malet\u00edn ABS.2323 para bici plegable | B&amp;W malet\u00edn XL para Brompton G-Line"}]},{"@type":"WebSite","@id":"https:\/\/www.b-w-international.com\/es\/#website","url":"https:\/\/www.b-w-international.com\/es\/","name":"B&W International","description":"","publisher":{"@id":"https:\/\/www.b-w-international.com\/es\/#organization"},"potentialAction":[{"@type":"SearchAction","target":{"@type":"EntryPoint","urlTemplate":"https:\/\/www.b-w-international.com\/es\/?s={search_term_string}"},"query-input":{"@type":"PropertyValueSpecification","valueRequired":true,"valueName":"search_term_string"}}],"inLanguage":"es"},{"@type":"Organization","@id":"https:\/\/www.b-w-international.com\/es\/#organization","name":"B&W International","url":"https:\/\/www.b-w-international.com\/es\/","logo":{"@type":"ImageObject","inLanguage":"es","@id":"https:\/\/www.b-w-international.com\/es\/#\/schema\/logo\/image\/","url":"https:\/\/www.b-w-international.com\/wp-content\/uploads\/2024\/12\/16dbfc312f1eb060e7d95735c00f9ec6.png","contentUrl":"https:\/\/www.b-w-international.com\/wp-content\/uploads\/2024\/12\/16dbfc312f1eb060e7d95735c00f9ec6.png","width":219,"height":82,"caption":"B&W International"},"image":{"@id":"https:\/\/www.b-w-international.com\/es\/#\/schema\/logo\/image\/"}}]}},"_links":{"self":[{"href":"https:\/\/www.b-w-international.com\/es\/wp-json\/wp\/v2\/product\/15784","targetHints":{"allow":["GET"]}}],"collection":[{"href":"https:\/\/www.b-w-international.com\/es\/wp-json\/wp\/v2\/product"}],"about":[{"href":"https:\/\/www.b-w-international.com\/es\/wp-json\/wp\/v2\/types\/product"}],"wp:featuredmedia":[{"embeddable":true,"href":"https:\/\/www.b-w-international.com\/es\/wp-json\/wp\/v2\/media\/14383"}],"wp:attachment":[{"href":"https:\/\/www.b-w-international.com\/es\/wp-json\/wp\/v2\/media?parent=15784"}],"wp:term":[{"taxonomy":"product_brand","embeddable":true,"href":"https:\/\/www.b-w-international.com\/es\/wp-json\/wp\/v2\/product_brand?post=15784"},{"taxonomy":"product_cat","embeddable":true,"href":"https:\/\/www.b-w-international.com\/es\/wp-json\/wp\/v2\/product_cat?post=15784"},{"taxonomy":"product_tag","embeddable":true,"href":"https:\/\/www.b-w-international.com\/es\/wp-json\/wp\/v2\/product_tag?post=15784"}],"curies":[{"name":"wp","href":"https:\/\/api.w.org\/{rel}","templated":true}]}}