{"id":15787,"date":"2025-05-23T11:04:44","date_gmt":"2025-05-23T09:04:44","guid":{"rendered":"https:\/\/www.b-w-international.com\/produkt\/herramienta-maletin-abs-360-go-xl\/"},"modified":"2025-10-21T10:15:57","modified_gmt":"2025-10-21T08:15:57","slug":"tool-case-abs-360-go-xl","status":"publish","type":"product","link":"https:\/\/www.b-w-international.com\/es\/produkt\/tool-case-abs-360-go-xl\/","title":{"rendered":"tool.case ABS.360 | Go XL"},"content":{"rendered":"<div>\n<ul>\n<li>Carcasa del malet\u00edn de herramientas de pl\u00e1stico ABS resistente<\/li>\n<li>Robusto marco de aluminio con protecci\u00f3n contra impactos en los bordes<\/li>\n<li>2 gu\u00edas de deslizamiento en la gu\u00eda inferior del suelo<\/li>\n<li>Con cierres basculantes bloqueables<\/li>\n<li>Cerradura de combinaci\u00f3n<\/li>\n<li>Deslizador de suelo<\/li>\n<li>Asa telesc\u00f3pica<\/li>\n<li>Carrito<\/li>\n<li>Asa de transporte ergon\u00f3mica<\/li>\n<li>Tapa de la bisagra<\/li>\n<li>Soporte de tapa de seguridad<\/li>\n<li>Bandeja base con sistema divisor de aluminio<\/li>\n<li>4 pies de suelo<\/li>\n<li>2 ruedas en l\u00ednea extra grandes<\/li>\n<li>Compartimento para documentos A4 en la tapa<\/li>\n<li>Tableros de herramientas: bucles y bolsillos<\/li>\n<li>2 a\u00f1os de garant\u00eda<\/li>\n<\/ul>\n<p><strong>El contenido del malet\u00edn mostrado no est\u00e1 incluido en el volumen de suministro.<\/strong><\/p>\n<\/div>\n<div style=\"display:flex; gap:10px;justify-content:center\" class=\"wps-pgfw-pdf-generate-icon__wrapper-frontend\">\n\t\t<a  href=\"https:\/\/www.b-w-international.com\/es\/wp-json\/wp\/v2\/product\/15787\/?action=genpdf&amp;id=15787\" class=\"pgfw-single-pdf-download-button\" target=_blank><img src=\"https:\/\/www.b-w-international.com\/wp-content\/uploads\/2025\/03\/icon-download.svg\" title=\"Generar PDF\" style=\"width:auto; height:45px;\"><\/a>\n\t\t<\/div>","protected":false},"excerpt":{"rendered":"<p>Carcasa del malet\u00edn de herramientas de pl\u00e1stico ABS resistente Robusto marco de aluminio con protecci\u00f3n contra impactos en los bordes 2 gu\u00edas de deslizamiento en la gu\u00eda inferior del suelo Con cierres basculantes bloqueables Cerradura de combinaci\u00f3n Deslizador de suelo Asa telesc\u00f3pica Carrito Asa de transporte ergon\u00f3mica Tapa de la bisagra Soporte de tapa de [&hellip;]<\/p>\n","protected":false},"featured_media":22136,"template":"","meta":{"_acf_changed":false},"product_brand":[],"product_cat":[212,442],"product_tag":[],"class_list":{"0":"post-15787","1":"product","2":"type-product","3":"status-publish","4":"has-post-thumbnail","6":"product_features-2-anos-de-garantia","7":"product_features-asa-ergonomica","8":"product_features-asa-extensible","9":"product_features-cerradura-de-combinacion","10":"product_features-proteccion-de-bordes","11":"product_features-rodillos","12":"product_cat-maletas-para-herramientas","13":"product_cat-maletas-y-bolsas-para-herramientas","14":"pa_farbe-negro","16":"first","17":"instock","18":"product-type-simple"},"acf":[],"yoast_head":"<title>malet\u00edn.herramientas ABS.360 | Malet\u00edn herramientas B&amp;N Go XL<\/title>\n<meta name=\"description\" content=\"Malet\u00edn de herramientas B&amp;W ABS.360 GO XL \u2713m\u00f3vil \u2713material ABS resistente \u2713con cerradura \u2713interior flexible \u2794 \u00a1Trabaja con movilidad y seguridad ahora!\" \/>\n<meta name=\"robots\" content=\"index, follow, max-snippet:-1, max-image-preview:large, max-video-preview:-1\" \/>\n<link rel=\"canonical\" href=\"https:\/\/www.b-w-international.com\/es\/produkt\/tool-case-abs-360-go-xl\/\" \/>\n<meta property=\"og:locale\" content=\"es_ES\" \/>\n<meta property=\"og:type\" content=\"article\" \/>\n<meta property=\"og:title\" content=\"malet\u00edn.herramientas ABS.360 | Malet\u00edn herramientas B&amp;N Go XL\" \/>\n<meta property=\"og:description\" content=\"Malet\u00edn de herramientas B&amp;W ABS.360 GO XL \u2713m\u00f3vil \u2713material ABS resistente \u2713con cerradura \u2713interior flexible \u2794 \u00a1Trabaja con movilidad y seguridad ahora!\" \/>\n<meta property=\"og:url\" content=\"https:\/\/www.b-w-international.com\/es\/produkt\/tool-case-abs-360-go-xl\/\" \/>\n<meta property=\"og:site_name\" content=\"B&amp;W International\" \/>\n<meta property=\"article:modified_time\" content=\"2025-10-21T08:15:57+00:00\" \/>\n<meta property=\"og:image\" content=\"https:\/\/www.b-w-international.com\/wp-content\/uploads\/2025\/05\/tool-case_ABS-360_GoXL_LPT_open-empty-side_bw-international-1.jpg\" \/>\n\t<meta property=\"og:image:width\" content=\"1920\" \/>\n\t<meta property=\"og:image:height\" content=\"1920\" \/>\n\t<meta property=\"og:image:type\" content=\"image\/jpeg\" \/>\n<meta name=\"twitter:card\" content=\"summary_large_image\" \/>\n<meta name=\"twitter:label1\" content=\"Tiempo de lectura\" \/>\n\t<meta name=\"twitter:data1\" content=\"1 minuto\" \/>\n<script type=\"application\/ld+json\" class=\"yoast-schema-graph\">{\"@context\":\"https:\/\/schema.org\",\"@graph\":[{\"@type\":\"WebPage\",\"@id\":\"https:\/\/www.b-w-international.com\/es\/produkt\/tool-case-abs-360-go-xl\/\",\"url\":\"https:\/\/www.b-w-international.com\/es\/produkt\/tool-case-abs-360-go-xl\/\",\"name\":\"malet\u00edn.herramientas ABS.360 | Malet\u00edn herramientas B&N Go XL\",\"isPartOf\":{\"@id\":\"https:\/\/www.b-w-international.com\/es\/#website\"},\"primaryImageOfPage\":{\"@id\":\"https:\/\/www.b-w-international.com\/es\/produkt\/tool-case-abs-360-go-xl\/#primaryimage\"},\"image\":{\"@id\":\"https:\/\/www.b-w-international.com\/es\/produkt\/tool-case-abs-360-go-xl\/#primaryimage\"},\"thumbnailUrl\":\"https:\/\/www.b-w-international.com\/wp-content\/uploads\/2025\/05\/tool-case_ABS-360_GoXL_LPT_open-empty-side_bw-international-1.jpg\",\"datePublished\":\"2025-05-23T09:04:44+00:00\",\"dateModified\":\"2025-10-21T08:15:57+00:00\",\"description\":\"Malet\u00edn de herramientas B&W ABS.360 GO XL \u2713m\u00f3vil \u2713material ABS resistente \u2713con cerradura \u2713interior flexible \u2794 \u00a1Trabaja con movilidad y seguridad ahora!\",\"breadcrumb\":{\"@id\":\"https:\/\/www.b-w-international.com\/es\/produkt\/tool-case-abs-360-go-xl\/#breadcrumb\"},\"inLanguage\":\"es\",\"potentialAction\":[{\"@type\":\"ReadAction\",\"target\":[\"https:\/\/www.b-w-international.com\/es\/produkt\/tool-case-abs-360-go-xl\/\"]}]},{\"@type\":\"ImageObject\",\"inLanguage\":\"es\",\"@id\":\"https:\/\/www.b-w-international.com\/es\/produkt\/tool-case-abs-360-go-xl\/#primaryimage\",\"url\":\"https:\/\/www.b-w-international.com\/wp-content\/uploads\/2025\/05\/tool-case_ABS-360_GoXL_LPT_open-empty-side_bw-international-1.jpg\",\"contentUrl\":\"https:\/\/www.b-w-international.com\/wp-content\/uploads\/2025\/05\/tool-case_ABS-360_GoXL_LPT_open-empty-side_bw-international-1.jpg\",\"width\":1920,\"height\":1920,\"caption\":\"B&W International gro\u00dfer ABS 360 GoXL Werkzeugkoffer mit stabilem Geh\u00e4use, integrierten Werkzeugtafeln und zahlreichen F\u00e4chern.\"},{\"@type\":\"BreadcrumbList\",\"@id\":\"https:\/\/www.b-w-international.com\/es\/produkt\/tool-case-abs-360-go-xl\/#breadcrumb\",\"itemListElement\":[{\"@type\":\"ListItem\",\"position\":1,\"name\":\"Home\",\"item\":\"https:\/\/www.b-w-international.com\/es\/\"},{\"@type\":\"ListItem\",\"position\":2,\"name\":\"Productos\",\"item\":\"https:\/\/www.b-w-international.com\/es\/tienda\/\"},{\"@type\":\"ListItem\",\"position\":3,\"name\":\"Maletas y bolsas para herramientas\",\"item\":\"https:\/\/www.b-w-international.com\/es\/produkte\/maletas-y-bolsas-para-herramientas\/\"},{\"@type\":\"ListItem\",\"position\":4,\"name\":\"Maletas para herramientas\",\"item\":\"https:\/\/www.b-w-international.com\/es\/produkte\/maletas-y-bolsas-para-herramientas\/maletas-para-herramientas\/\"},{\"@type\":\"ListItem\",\"position\":5,\"name\":\"tool.case ABS.360 | Go XL\"}]},{\"@type\":\"WebSite\",\"@id\":\"https:\/\/www.b-w-international.com\/es\/#website\",\"url\":\"https:\/\/www.b-w-international.com\/es\/\",\"name\":\"B&W International\",\"description\":\"\",\"publisher\":{\"@id\":\"https:\/\/www.b-w-international.com\/es\/#organization\"},\"potentialAction\":[{\"@type\":\"SearchAction\",\"target\":{\"@type\":\"EntryPoint\",\"urlTemplate\":\"https:\/\/www.b-w-international.com\/es\/?s={search_term_string}\"},\"query-input\":{\"@type\":\"PropertyValueSpecification\",\"valueRequired\":true,\"valueName\":\"search_term_string\"}}],\"inLanguage\":\"es\"},{\"@type\":\"Organization\",\"@id\":\"https:\/\/www.b-w-international.com\/es\/#organization\",\"name\":\"B&W International\",\"url\":\"https:\/\/www.b-w-international.com\/es\/\",\"logo\":{\"@type\":\"ImageObject\",\"inLanguage\":\"es\",\"@id\":\"https:\/\/www.b-w-international.com\/es\/#\/schema\/logo\/image\/\",\"url\":\"https:\/\/www.b-w-international.com\/wp-content\/uploads\/2024\/12\/16dbfc312f1eb060e7d95735c00f9ec6.png\",\"contentUrl\":\"https:\/\/www.b-w-international.com\/wp-content\/uploads\/2024\/12\/16dbfc312f1eb060e7d95735c00f9ec6.png\",\"width\":219,\"height\":82,\"caption\":\"B&W International\"},\"image\":{\"@id\":\"https:\/\/www.b-w-international.com\/es\/#\/schema\/logo\/image\/\"}}]}<\/script>","yoast_head_json":{"title":"malet\u00edn.herramientas ABS.360 | Malet\u00edn herramientas B&N Go XL","description":"Malet\u00edn de herramientas B&W ABS.360 GO XL \u2713m\u00f3vil \u2713material ABS resistente \u2713con cerradura \u2713interior flexible \u2794 \u00a1Trabaja con movilidad y seguridad ahora!","robots":{"index":"index","follow":"follow","max-snippet":"max-snippet:-1","max-image-preview":"max-image-preview:large","max-video-preview":"max-video-preview:-1"},"canonical":"https:\/\/www.b-w-international.com\/es\/produkt\/tool-case-abs-360-go-xl\/","og_locale":"es_ES","og_type":"article","og_title":"malet\u00edn.herramientas ABS.360 | Malet\u00edn herramientas B&N Go XL","og_description":"Malet\u00edn de herramientas B&W ABS.360 GO XL \u2713m\u00f3vil \u2713material ABS resistente \u2713con cerradura \u2713interior flexible \u2794 \u00a1Trabaja con movilidad y seguridad ahora!","og_url":"https:\/\/www.b-w-international.com\/es\/produkt\/tool-case-abs-360-go-xl\/","og_site_name":"B&amp;W International","article_modified_time":"2025-10-21T08:15:57+00:00","og_image":[{"width":1920,"height":1920,"url":"https:\/\/www.b-w-international.com\/wp-content\/uploads\/2025\/05\/tool-case_ABS-360_GoXL_LPT_open-empty-side_bw-international-1.jpg","type":"image\/jpeg"}],"twitter_card":"summary_large_image","twitter_misc":{"Tiempo de lectura":"1 minuto"},"schema":{"@context":"https:\/\/schema.org","@graph":[{"@type":"WebPage","@id":"https:\/\/www.b-w-international.com\/es\/produkt\/tool-case-abs-360-go-xl\/","url":"https:\/\/www.b-w-international.com\/es\/produkt\/tool-case-abs-360-go-xl\/","name":"malet\u00edn.herramientas ABS.360 | Malet\u00edn herramientas B&N Go XL","isPartOf":{"@id":"https:\/\/www.b-w-international.com\/es\/#website"},"primaryImageOfPage":{"@id":"https:\/\/www.b-w-international.com\/es\/produkt\/tool-case-abs-360-go-xl\/#primaryimage"},"image":{"@id":"https:\/\/www.b-w-international.com\/es\/produkt\/tool-case-abs-360-go-xl\/#primaryimage"},"thumbnailUrl":"https:\/\/www.b-w-international.com\/wp-content\/uploads\/2025\/05\/tool-case_ABS-360_GoXL_LPT_open-empty-side_bw-international-1.jpg","datePublished":"2025-05-23T09:04:44+00:00","dateModified":"2025-10-21T08:15:57+00:00","description":"Malet\u00edn de herramientas B&W ABS.360 GO XL \u2713m\u00f3vil \u2713material ABS resistente \u2713con cerradura \u2713interior flexible \u2794 \u00a1Trabaja con movilidad y seguridad ahora!","breadcrumb":{"@id":"https:\/\/www.b-w-international.com\/es\/produkt\/tool-case-abs-360-go-xl\/#breadcrumb"},"inLanguage":"es","potentialAction":[{"@type":"ReadAction","target":["https:\/\/www.b-w-international.com\/es\/produkt\/tool-case-abs-360-go-xl\/"]}]},{"@type":"ImageObject","inLanguage":"es","@id":"https:\/\/www.b-w-international.com\/es\/produkt\/tool-case-abs-360-go-xl\/#primaryimage","url":"https:\/\/www.b-w-international.com\/wp-content\/uploads\/2025\/05\/tool-case_ABS-360_GoXL_LPT_open-empty-side_bw-international-1.jpg","contentUrl":"https:\/\/www.b-w-international.com\/wp-content\/uploads\/2025\/05\/tool-case_ABS-360_GoXL_LPT_open-empty-side_bw-international-1.jpg","width":1920,"height":1920,"caption":"B&W International gro\u00dfer ABS 360 GoXL Werkzeugkoffer mit stabilem Geh\u00e4use, integrierten Werkzeugtafeln und zahlreichen F\u00e4chern."},{"@type":"BreadcrumbList","@id":"https:\/\/www.b-w-international.com\/es\/produkt\/tool-case-abs-360-go-xl\/#breadcrumb","itemListElement":[{"@type":"ListItem","position":1,"name":"Home","item":"https:\/\/www.b-w-international.com\/es\/"},{"@type":"ListItem","position":2,"name":"Productos","item":"https:\/\/www.b-w-international.com\/es\/tienda\/"},{"@type":"ListItem","position":3,"name":"Maletas y bolsas para herramientas","item":"https:\/\/www.b-w-international.com\/es\/produkte\/maletas-y-bolsas-para-herramientas\/"},{"@type":"ListItem","position":4,"name":"Maletas para herramientas","item":"https:\/\/www.b-w-international.com\/es\/produkte\/maletas-y-bolsas-para-herramientas\/maletas-para-herramientas\/"},{"@type":"ListItem","position":5,"name":"tool.case ABS.360 | Go XL"}]},{"@type":"WebSite","@id":"https:\/\/www.b-w-international.com\/es\/#website","url":"https:\/\/www.b-w-international.com\/es\/","name":"B&W International","description":"","publisher":{"@id":"https:\/\/www.b-w-international.com\/es\/#organization"},"potentialAction":[{"@type":"SearchAction","target":{"@type":"EntryPoint","urlTemplate":"https:\/\/www.b-w-international.com\/es\/?s={search_term_string}"},"query-input":{"@type":"PropertyValueSpecification","valueRequired":true,"valueName":"search_term_string"}}],"inLanguage":"es"},{"@type":"Organization","@id":"https:\/\/www.b-w-international.com\/es\/#organization","name":"B&W International","url":"https:\/\/www.b-w-international.com\/es\/","logo":{"@type":"ImageObject","inLanguage":"es","@id":"https:\/\/www.b-w-international.com\/es\/#\/schema\/logo\/image\/","url":"https:\/\/www.b-w-international.com\/wp-content\/uploads\/2024\/12\/16dbfc312f1eb060e7d95735c00f9ec6.png","contentUrl":"https:\/\/www.b-w-international.com\/wp-content\/uploads\/2024\/12\/16dbfc312f1eb060e7d95735c00f9ec6.png","width":219,"height":82,"caption":"B&W International"},"image":{"@id":"https:\/\/www.b-w-international.com\/es\/#\/schema\/logo\/image\/"}}]}},"_links":{"self":[{"href":"https:\/\/www.b-w-international.com\/es\/wp-json\/wp\/v2\/product\/15787","targetHints":{"allow":["GET"]}}],"collection":[{"href":"https:\/\/www.b-w-international.com\/es\/wp-json\/wp\/v2\/product"}],"about":[{"href":"https:\/\/www.b-w-international.com\/es\/wp-json\/wp\/v2\/types\/product"}],"wp:featuredmedia":[{"embeddable":true,"href":"https:\/\/www.b-w-international.com\/es\/wp-json\/wp\/v2\/media\/22136"}],"wp:attachment":[{"href":"https:\/\/www.b-w-international.com\/es\/wp-json\/wp\/v2\/media?parent=15787"}],"wp:term":[{"taxonomy":"product_brand","embeddable":true,"href":"https:\/\/www.b-w-international.com\/es\/wp-json\/wp\/v2\/product_brand?post=15787"},{"taxonomy":"product_cat","embeddable":true,"href":"https:\/\/www.b-w-international.com\/es\/wp-json\/wp\/v2\/product_cat?post=15787"},{"taxonomy":"product_tag","embeddable":true,"href":"https:\/\/www.b-w-international.com\/es\/wp-json\/wp\/v2\/product_tag?post=15787"}],"curies":[{"name":"wp","href":"https:\/\/api.w.org\/{rel}","templated":true}]}}