{"id":21196,"date":"2025-08-20T11:50:48","date_gmt":"2025-08-20T09:50:48","guid":{"rendered":"https:\/\/www.b-w-international.com\/?post_type=product&#038;p=21196"},"modified":"2025-11-03T13:21:38","modified_gmt":"2025-11-03T12:21:38","slug":"action-case-pp-41-dji-osmo-360","status":"publish","type":"product","link":"https:\/\/www.b-w-international.com\/es\/produkt\/action-case-pp-41-dji-osmo-360\/","title":{"rendered":"action.case PP.41.Osmo360 | Funda Multiusos Tipo 1000 DJI Osmo 360 Adventure Combo"},"content":{"rendered":"<ul>\n<li>Caja extremadamente robusta: carcasa de polipropileno (PP)<\/li>\n<li>certificado seg\u00fan MIL-STD-810, STANAG 4280, DEF STAN 81-41 y ATA 300<\/li>\n<li>Aeronavegable: v\u00e1lvula autom\u00e1tica de igualaci\u00f3n de presi\u00f3n<\/li>\n<li>Robusto, resistente al polvo y al agua seg\u00fan IP67<\/li>\n<li>Estable a la temperatura de -30\u00b0 C a +80\u00b0 C<\/li>\n<li>Placa identificativa<\/li>\n<li>apilable<\/li>\n<li>Dos ojales para candados (\u00d8 4,5 mm)<\/li>\n<li>Empu\u00f1adura engomada<\/li>\n<li>Dos cierres a presi\u00f3n para una m\u00e1xima protecci\u00f3n<\/li>\n<\/ul>\n<p><strong>El contenido del malet\u00edn mostrado no est\u00e1 incluido en el volumen de suministro.<\/strong><\/p>\n<div style=\"display:flex; gap:10px;justify-content:center\" class=\"wps-pgfw-pdf-generate-icon__wrapper-frontend\">\n\t\t<a  href=\"https:\/\/www.b-w-international.com\/es\/wp-json\/wp\/v2\/product\/21196\/?action=genpdf&amp;id=21196\" class=\"pgfw-single-pdf-download-button\" target=_blank><img src=\"https:\/\/www.b-w-international.com\/wp-content\/uploads\/2025\/03\/icon-download.svg\" title=\"Generar PDF\" style=\"width:auto; height:45px;\"><\/a>\n\t\t<\/div>","protected":false},"excerpt":{"rendered":"<p>Caja extremadamente robusta: carcasa de polipropileno (PP) certificado seg\u00fan MIL-STD-810, STANAG 4280, DEF STAN 81-41 y ATA 300 Aeronavegable: v\u00e1lvula autom\u00e1tica de igualaci\u00f3n de presi\u00f3n Robusto, resistente al polvo y al agua seg\u00fan IP67 Estable a la temperatura de -30\u00b0 C a +80\u00b0 C Placa identificativa apilable Dos ojales para candados (\u00d8 4,5 mm) Empu\u00f1adura [&hellip;]<\/p>\n","protected":false},"featured_media":21134,"template":"","meta":{"_acf_changed":false},"product_brand":[],"product_cat":[475,69],"product_tag":[],"class_list":{"0":"post-21196","1":"product","2":"type-product","3":"status-publish","4":"has-post-thumbnail","6":"product_cat-camaras-de-accion","7":"product_cat-maletas-para-drones-y-camaras","8":"pa_farbe-amarillo","9":"pa_farbe-naranja","10":"pa_farbe-negro","11":"pa_farbe-verde-bronce","13":"first","14":"instock","15":"product-type-variable"},"acf":[],"yoast_head":"<title>action.case PP.41.Osmo360 | Funda Multiusos Tipo 1000 DJI Osmo 360 Adventure Combo - B&amp;W International<\/title>\n<meta name=\"robots\" content=\"index, follow, max-snippet:-1, max-image-preview:large, max-video-preview:-1\" \/>\n<link rel=\"canonical\" href=\"https:\/\/www.b-w-international.com\/es\/produkt\/action-case-pp-41-dji-osmo-360\/\" \/>\n<meta property=\"og:locale\" content=\"es_ES\" \/>\n<meta property=\"og:type\" content=\"article\" \/>\n<meta property=\"og:title\" content=\"action.case PP.41.Osmo360 | Funda Multiusos Tipo 1000 DJI Osmo 360 Adventure Combo - B&amp;W International\" \/>\n<meta property=\"og:description\" content=\"Caja extremadamente robusta: carcasa de polipropileno (PP) certificado seg\u00fan MIL-STD-810, STANAG 4280, DEF STAN 81-41 y ATA 300 Aeronavegable: v\u00e1lvula autom\u00e1tica de igualaci\u00f3n de presi\u00f3n Robusto, resistente al polvo y al agua seg\u00fan IP67 Estable a la temperatura de -30\u00b0 C a +80\u00b0 C Placa identificativa apilable Dos ojales para candados (\u00d8 4,5 mm) Empu\u00f1adura [&hellip;]\" \/>\n<meta property=\"og:url\" content=\"https:\/\/www.b-w-international.com\/es\/produkt\/action-case-pp-41-dji-osmo-360\/\" \/>\n<meta property=\"og:site_name\" content=\"B&amp;W International\" \/>\n<meta property=\"article:modified_time\" content=\"2025-11-03T12:21:38+00:00\" \/>\n<meta property=\"og:image\" content=\"https:\/\/www.b-w-international.com\/wp-content\/uploads\/2025\/08\/1000_PP-41_Y_open-inlay-side-empty_dji-osmo-360-adventure-comb_bw-international.jpg\" \/>\n\t<meta property=\"og:image:width\" content=\"1920\" \/>\n\t<meta property=\"og:image:height\" content=\"1920\" \/>\n\t<meta property=\"og:image:type\" content=\"image\/jpeg\" \/>\n<meta name=\"twitter:card\" content=\"summary_large_image\" \/>\n<meta name=\"twitter:label1\" content=\"Tiempo de lectura\" \/>\n\t<meta name=\"twitter:data1\" content=\"1 minuto\" \/>\n<script type=\"application\/ld+json\" class=\"yoast-schema-graph\">{\"@context\":\"https:\/\/schema.org\",\"@graph\":[{\"@type\":\"WebPage\",\"@id\":\"https:\/\/www.b-w-international.com\/es\/produkt\/action-case-pp-41-dji-osmo-360\/\",\"url\":\"https:\/\/www.b-w-international.com\/es\/produkt\/action-case-pp-41-dji-osmo-360\/\",\"name\":\"action.case PP.41.Osmo360 | Funda Multiusos Tipo 1000 DJI Osmo 360 Adventure Combo - B&amp;W International\",\"isPartOf\":{\"@id\":\"https:\/\/www.b-w-international.com\/es\/#website\"},\"primaryImageOfPage\":{\"@id\":\"https:\/\/www.b-w-international.com\/es\/produkt\/action-case-pp-41-dji-osmo-360\/#primaryimage\"},\"image\":{\"@id\":\"https:\/\/www.b-w-international.com\/es\/produkt\/action-case-pp-41-dji-osmo-360\/#primaryimage\"},\"thumbnailUrl\":\"https:\/\/www.b-w-international.com\/wp-content\/uploads\/2025\/08\/1000_PP-41_Y_open-inlay-side-empty_dji-osmo-360-adventure-comb_bw-international.jpg\",\"datePublished\":\"2025-08-20T09:50:48+00:00\",\"dateModified\":\"2025-11-03T12:21:38+00:00\",\"breadcrumb\":{\"@id\":\"https:\/\/www.b-w-international.com\/es\/produkt\/action-case-pp-41-dji-osmo-360\/#breadcrumb\"},\"inLanguage\":\"es\",\"potentialAction\":[{\"@type\":\"ReadAction\",\"target\":[\"https:\/\/www.b-w-international.com\/es\/produkt\/action-case-pp-41-dji-osmo-360\/\"]}]},{\"@type\":\"ImageObject\",\"inLanguage\":\"es\",\"@id\":\"https:\/\/www.b-w-international.com\/es\/produkt\/action-case-pp-41-dji-osmo-360\/#primaryimage\",\"url\":\"https:\/\/www.b-w-international.com\/wp-content\/uploads\/2025\/08\/1000_PP-41_Y_open-inlay-side-empty_dji-osmo-360-adventure-comb_bw-international.jpg\",\"contentUrl\":\"https:\/\/www.b-w-international.com\/wp-content\/uploads\/2025\/08\/1000_PP-41_Y_open-inlay-side-empty_dji-osmo-360-adventure-comb_bw-international.jpg\",\"width\":1920,\"height\":1920},{\"@type\":\"BreadcrumbList\",\"@id\":\"https:\/\/www.b-w-international.com\/es\/produkt\/action-case-pp-41-dji-osmo-360\/#breadcrumb\",\"itemListElement\":[{\"@type\":\"ListItem\",\"position\":1,\"name\":\"Home\",\"item\":\"https:\/\/www.b-w-international.com\/es\/\"},{\"@type\":\"ListItem\",\"position\":2,\"name\":\"Productos\",\"item\":\"https:\/\/www.b-w-international.com\/es\/tienda\/\"},{\"@type\":\"ListItem\",\"position\":3,\"name\":\"Maletas para drones y c\u00e1maras\",\"item\":\"https:\/\/www.b-w-international.com\/es\/produkte\/maletas-para-drones-y-camaras\/\"},{\"@type\":\"ListItem\",\"position\":4,\"name\":\"action.case PP.41.Osmo360 | Funda Multiusos Tipo 1000 DJI Osmo 360 Adventure Combo\"}]},{\"@type\":\"WebSite\",\"@id\":\"https:\/\/www.b-w-international.com\/es\/#website\",\"url\":\"https:\/\/www.b-w-international.com\/es\/\",\"name\":\"B&W International\",\"description\":\"\",\"publisher\":{\"@id\":\"https:\/\/www.b-w-international.com\/es\/#organization\"},\"potentialAction\":[{\"@type\":\"SearchAction\",\"target\":{\"@type\":\"EntryPoint\",\"urlTemplate\":\"https:\/\/www.b-w-international.com\/es\/?s={search_term_string}\"},\"query-input\":{\"@type\":\"PropertyValueSpecification\",\"valueRequired\":true,\"valueName\":\"search_term_string\"}}],\"inLanguage\":\"es\"},{\"@type\":\"Organization\",\"@id\":\"https:\/\/www.b-w-international.com\/es\/#organization\",\"name\":\"B&W International\",\"url\":\"https:\/\/www.b-w-international.com\/es\/\",\"logo\":{\"@type\":\"ImageObject\",\"inLanguage\":\"es\",\"@id\":\"https:\/\/www.b-w-international.com\/es\/#\/schema\/logo\/image\/\",\"url\":\"https:\/\/www.b-w-international.com\/wp-content\/uploads\/2024\/12\/16dbfc312f1eb060e7d95735c00f9ec6.png\",\"contentUrl\":\"https:\/\/www.b-w-international.com\/wp-content\/uploads\/2024\/12\/16dbfc312f1eb060e7d95735c00f9ec6.png\",\"width\":219,\"height\":82,\"caption\":\"B&W International\"},\"image\":{\"@id\":\"https:\/\/www.b-w-international.com\/es\/#\/schema\/logo\/image\/\"}}]}<\/script>","yoast_head_json":{"title":"action.case PP.41.Osmo360 | Funda Multiusos Tipo 1000 DJI Osmo 360 Adventure Combo - B&amp;W International","robots":{"index":"index","follow":"follow","max-snippet":"max-snippet:-1","max-image-preview":"max-image-preview:large","max-video-preview":"max-video-preview:-1"},"canonical":"https:\/\/www.b-w-international.com\/es\/produkt\/action-case-pp-41-dji-osmo-360\/","og_locale":"es_ES","og_type":"article","og_title":"action.case PP.41.Osmo360 | Funda Multiusos Tipo 1000 DJI Osmo 360 Adventure Combo - B&amp;W International","og_description":"Caja extremadamente robusta: carcasa de polipropileno (PP) certificado seg\u00fan MIL-STD-810, STANAG 4280, DEF STAN 81-41 y ATA 300 Aeronavegable: v\u00e1lvula autom\u00e1tica de igualaci\u00f3n de presi\u00f3n Robusto, resistente al polvo y al agua seg\u00fan IP67 Estable a la temperatura de -30\u00b0 C a +80\u00b0 C Placa identificativa apilable Dos ojales para candados (\u00d8 4,5 mm) Empu\u00f1adura [&hellip;]","og_url":"https:\/\/www.b-w-international.com\/es\/produkt\/action-case-pp-41-dji-osmo-360\/","og_site_name":"B&amp;W International","article_modified_time":"2025-11-03T12:21:38+00:00","og_image":[{"width":1920,"height":1920,"url":"https:\/\/www.b-w-international.com\/wp-content\/uploads\/2025\/08\/1000_PP-41_Y_open-inlay-side-empty_dji-osmo-360-adventure-comb_bw-international.jpg","type":"image\/jpeg"}],"twitter_card":"summary_large_image","twitter_misc":{"Tiempo de lectura":"1 minuto"},"schema":{"@context":"https:\/\/schema.org","@graph":[{"@type":"WebPage","@id":"https:\/\/www.b-w-international.com\/es\/produkt\/action-case-pp-41-dji-osmo-360\/","url":"https:\/\/www.b-w-international.com\/es\/produkt\/action-case-pp-41-dji-osmo-360\/","name":"action.case PP.41.Osmo360 | Funda Multiusos Tipo 1000 DJI Osmo 360 Adventure Combo - B&amp;W International","isPartOf":{"@id":"https:\/\/www.b-w-international.com\/es\/#website"},"primaryImageOfPage":{"@id":"https:\/\/www.b-w-international.com\/es\/produkt\/action-case-pp-41-dji-osmo-360\/#primaryimage"},"image":{"@id":"https:\/\/www.b-w-international.com\/es\/produkt\/action-case-pp-41-dji-osmo-360\/#primaryimage"},"thumbnailUrl":"https:\/\/www.b-w-international.com\/wp-content\/uploads\/2025\/08\/1000_PP-41_Y_open-inlay-side-empty_dji-osmo-360-adventure-comb_bw-international.jpg","datePublished":"2025-08-20T09:50:48+00:00","dateModified":"2025-11-03T12:21:38+00:00","breadcrumb":{"@id":"https:\/\/www.b-w-international.com\/es\/produkt\/action-case-pp-41-dji-osmo-360\/#breadcrumb"},"inLanguage":"es","potentialAction":[{"@type":"ReadAction","target":["https:\/\/www.b-w-international.com\/es\/produkt\/action-case-pp-41-dji-osmo-360\/"]}]},{"@type":"ImageObject","inLanguage":"es","@id":"https:\/\/www.b-w-international.com\/es\/produkt\/action-case-pp-41-dji-osmo-360\/#primaryimage","url":"https:\/\/www.b-w-international.com\/wp-content\/uploads\/2025\/08\/1000_PP-41_Y_open-inlay-side-empty_dji-osmo-360-adventure-comb_bw-international.jpg","contentUrl":"https:\/\/www.b-w-international.com\/wp-content\/uploads\/2025\/08\/1000_PP-41_Y_open-inlay-side-empty_dji-osmo-360-adventure-comb_bw-international.jpg","width":1920,"height":1920},{"@type":"BreadcrumbList","@id":"https:\/\/www.b-w-international.com\/es\/produkt\/action-case-pp-41-dji-osmo-360\/#breadcrumb","itemListElement":[{"@type":"ListItem","position":1,"name":"Home","item":"https:\/\/www.b-w-international.com\/es\/"},{"@type":"ListItem","position":2,"name":"Productos","item":"https:\/\/www.b-w-international.com\/es\/tienda\/"},{"@type":"ListItem","position":3,"name":"Maletas para drones y c\u00e1maras","item":"https:\/\/www.b-w-international.com\/es\/produkte\/maletas-para-drones-y-camaras\/"},{"@type":"ListItem","position":4,"name":"action.case PP.41.Osmo360 | Funda Multiusos Tipo 1000 DJI Osmo 360 Adventure Combo"}]},{"@type":"WebSite","@id":"https:\/\/www.b-w-international.com\/es\/#website","url":"https:\/\/www.b-w-international.com\/es\/","name":"B&W International","description":"","publisher":{"@id":"https:\/\/www.b-w-international.com\/es\/#organization"},"potentialAction":[{"@type":"SearchAction","target":{"@type":"EntryPoint","urlTemplate":"https:\/\/www.b-w-international.com\/es\/?s={search_term_string}"},"query-input":{"@type":"PropertyValueSpecification","valueRequired":true,"valueName":"search_term_string"}}],"inLanguage":"es"},{"@type":"Organization","@id":"https:\/\/www.b-w-international.com\/es\/#organization","name":"B&W International","url":"https:\/\/www.b-w-international.com\/es\/","logo":{"@type":"ImageObject","inLanguage":"es","@id":"https:\/\/www.b-w-international.com\/es\/#\/schema\/logo\/image\/","url":"https:\/\/www.b-w-international.com\/wp-content\/uploads\/2024\/12\/16dbfc312f1eb060e7d95735c00f9ec6.png","contentUrl":"https:\/\/www.b-w-international.com\/wp-content\/uploads\/2024\/12\/16dbfc312f1eb060e7d95735c00f9ec6.png","width":219,"height":82,"caption":"B&W International"},"image":{"@id":"https:\/\/www.b-w-international.com\/es\/#\/schema\/logo\/image\/"}}]}},"_links":{"self":[{"href":"https:\/\/www.b-w-international.com\/es\/wp-json\/wp\/v2\/product\/21196","targetHints":{"allow":["GET"]}}],"collection":[{"href":"https:\/\/www.b-w-international.com\/es\/wp-json\/wp\/v2\/product"}],"about":[{"href":"https:\/\/www.b-w-international.com\/es\/wp-json\/wp\/v2\/types\/product"}],"wp:featuredmedia":[{"embeddable":true,"href":"https:\/\/www.b-w-international.com\/es\/wp-json\/wp\/v2\/media\/21134"}],"wp:attachment":[{"href":"https:\/\/www.b-w-international.com\/es\/wp-json\/wp\/v2\/media?parent=21196"}],"wp:term":[{"taxonomy":"product_brand","embeddable":true,"href":"https:\/\/www.b-w-international.com\/es\/wp-json\/wp\/v2\/product_brand?post=21196"},{"taxonomy":"product_cat","embeddable":true,"href":"https:\/\/www.b-w-international.com\/es\/wp-json\/wp\/v2\/product_cat?post=21196"},{"taxonomy":"product_tag","embeddable":true,"href":"https:\/\/www.b-w-international.com\/es\/wp-json\/wp\/v2\/product_tag?post=21196"}],"curies":[{"name":"wp","href":"https:\/\/api.w.org\/{rel}","templated":true}]}}