{"id":21822,"date":"2025-09-29T12:02:59","date_gmt":"2025-09-29T10:02:59","guid":{"rendered":"https:\/\/www.b-w-international.com\/?post_type=product&#038;p=21822"},"modified":"2025-12-01T14:33:31","modified_gmt":"2025-12-01T13:33:31","slug":"drone-bag-tex-66-mini-5","status":"publish","type":"product","link":"https:\/\/www.b-w-international.com\/es\/produkt\/drone-bag-tex-66-mini-5\/","title":{"rendered":"Bolsa para drones TEX.66.Mini5 | Bolsa en blanco y negro para DJI Mini 5 Pro"},"content":{"rendered":"<ul>\n<li>Funda blanda para el dron DJI Mini 5<\/li>\n<li>Bolsa de poli\u00e9ster hidr\u00f3fugo<\/li>\n<li>Cremallera bidireccional f\u00e1cil de abrir<\/li>\n<li>Compartimentaci\u00f3n variable: preconfigurada para la DJI Mini 5<\/li>\n<li>Dos bolsillos de malla<\/li>\n<li>Un compartimento frontal<\/li>\n<li>Cabe en el malet\u00edn multiusos B&amp;W <a href=\"https:\/\/www.b-w-international.com\/es\/produkt\/bw-case-pp-66\/\">bw.case PP.66<\/a><\/li>\n<\/ul>\n<p><strong>El contenido del malet\u00edn mostrado no est\u00e1 incluido en el volumen de suministro.<\/strong><\/p>\n<div style=\"display:flex; gap:10px;justify-content:center\" class=\"wps-pgfw-pdf-generate-icon__wrapper-frontend\">\n\t\t<a  href=\"https:\/\/www.b-w-international.com\/es\/wp-json\/wp\/v2\/product\/21822\/?action=genpdf&amp;id=21822\" class=\"pgfw-single-pdf-download-button\" target=_blank><img src=\"https:\/\/www.b-w-international.com\/wp-content\/uploads\/2025\/03\/icon-download.svg\" title=\"Generar PDF\" style=\"width:auto; height:45px;\"><\/a>\n\t\t<\/div>","protected":false},"excerpt":{"rendered":"<p>Funda blanda para el dron DJI Mini 5 Bolsa de poli\u00e9ster hidr\u00f3fugo Cremallera bidireccional f\u00e1cil de abrir Compartimentaci\u00f3n variable: preconfigurada para la DJI Mini 5 Dos bolsillos de malla Un compartimento frontal Cabe en el malet\u00edn multiusos B&amp;W bw.case PP.66 El contenido del malet\u00edn mostrado no est\u00e1 incluido en el volumen de suministro.<\/p>\n","protected":false},"featured_media":21835,"template":"","meta":{"_acf_changed":false},"product_brand":[],"product_cat":[428,69],"product_tag":[],"class_list":{"0":"post-21822","1":"product","2":"type-product","3":"status-publish","4":"has-post-thumbnail","6":"product_cat-drones-es","7":"product_cat-maletas-para-drones-y-camaras","8":"pa_farbe-antracita","10":"first","11":"instock","12":"product-type-simple"},"acf":[],"yoast_head":"<title>Bolsa para drones TEX.66.Mini5 | Bolsa en blanco y negro para DJI Mini 5 Pro - B&amp;W International<\/title>\n<meta name=\"description\" content=\"Bolsa para drones B&amp;W Neo \u2713Impermeable \u2713Resistente al cizallamiento \u2713Acolchada \u2713Compacta \u2713Con asa de transporte \u2794 \u00a1Desc\u00fabrela ahora!\" \/>\n<meta name=\"robots\" content=\"index, follow, max-snippet:-1, max-image-preview:large, max-video-preview:-1\" \/>\n<link rel=\"canonical\" href=\"https:\/\/www.b-w-international.com\/es\/produkt\/drone-bag-tex-66-mini-5\/\" \/>\n<meta property=\"og:locale\" content=\"es_ES\" \/>\n<meta property=\"og:type\" content=\"article\" \/>\n<meta property=\"og:title\" content=\"Bolsa para drones TEX.66.Mini5 | Bolsa en blanco y negro para DJI Mini 5 Pro - B&amp;W International\" \/>\n<meta property=\"og:description\" content=\"Bolsa para drones B&amp;W Neo \u2713Impermeable \u2713Resistente al cizallamiento \u2713Acolchada \u2713Compacta \u2713Con asa de transporte \u2794 \u00a1Desc\u00fabrela ahora!\" \/>\n<meta property=\"og:url\" content=\"https:\/\/www.b-w-international.com\/es\/produkt\/drone-bag-tex-66-mini-5\/\" \/>\n<meta property=\"og:site_name\" content=\"B&amp;W International\" \/>\n<meta property=\"article:modified_time\" content=\"2025-12-01T13:33:31+00:00\" \/>\n<meta property=\"og:image\" content=\"https:\/\/www.b-w-international.com\/wp-content\/uploads\/2025\/09\/drone-bag_open_TEX-66-dji-mini-5_bw-international.jpg\" \/>\n\t<meta property=\"og:image:width\" content=\"1920\" \/>\n\t<meta property=\"og:image:height\" content=\"1920\" \/>\n\t<meta property=\"og:image:type\" content=\"image\/jpeg\" \/>\n<meta name=\"twitter:card\" content=\"summary_large_image\" \/>\n<meta name=\"twitter:label1\" content=\"Tiempo de lectura\" \/>\n\t<meta name=\"twitter:data1\" content=\"1 minuto\" \/>\n<script type=\"application\/ld+json\" class=\"yoast-schema-graph\">{\"@context\":\"https:\/\/schema.org\",\"@graph\":[{\"@type\":\"WebPage\",\"@id\":\"https:\/\/www.b-w-international.com\/es\/produkt\/drone-bag-tex-66-mini-5\/\",\"url\":\"https:\/\/www.b-w-international.com\/es\/produkt\/drone-bag-tex-66-mini-5\/\",\"name\":\"Bolsa para drones TEX.66.Mini5 | Bolsa en blanco y negro para DJI Mini 5 Pro - B&amp;W International\",\"isPartOf\":{\"@id\":\"https:\/\/www.b-w-international.com\/es\/#website\"},\"primaryImageOfPage\":{\"@id\":\"https:\/\/www.b-w-international.com\/es\/produkt\/drone-bag-tex-66-mini-5\/#primaryimage\"},\"image\":{\"@id\":\"https:\/\/www.b-w-international.com\/es\/produkt\/drone-bag-tex-66-mini-5\/#primaryimage\"},\"thumbnailUrl\":\"https:\/\/www.b-w-international.com\/wp-content\/uploads\/2025\/09\/drone-bag_open_TEX-66-dji-mini-5_bw-international.jpg\",\"datePublished\":\"2025-09-29T10:02:59+00:00\",\"dateModified\":\"2025-12-01T13:33:31+00:00\",\"description\":\"Bolsa para drones B&W Neo \u2713Impermeable \u2713Resistente al cizallamiento \u2713Acolchada \u2713Compacta \u2713Con asa de transporte \u2794 \u00a1Desc\u00fabrela ahora!\",\"breadcrumb\":{\"@id\":\"https:\/\/www.b-w-international.com\/es\/produkt\/drone-bag-tex-66-mini-5\/#breadcrumb\"},\"inLanguage\":\"es\",\"potentialAction\":[{\"@type\":\"ReadAction\",\"target\":[\"https:\/\/www.b-w-international.com\/es\/produkt\/drone-bag-tex-66-mini-5\/\"]}]},{\"@type\":\"ImageObject\",\"inLanguage\":\"es\",\"@id\":\"https:\/\/www.b-w-international.com\/es\/produkt\/drone-bag-tex-66-mini-5\/#primaryimage\",\"url\":\"https:\/\/www.b-w-international.com\/wp-content\/uploads\/2025\/09\/drone-bag_open_TEX-66-dji-mini-5_bw-international.jpg\",\"contentUrl\":\"https:\/\/www.b-w-international.com\/wp-content\/uploads\/2025\/09\/drone-bag_open_TEX-66-dji-mini-5_bw-international.jpg\",\"width\":1920,\"height\":1920,\"caption\":\"La Bolsa para drones TEX.66.Mini5, una funda en blanco y negro para DJI Mini 5 Pro, cuenta con compartimentos para el dron, el controlador y los accesorios y se muestra abierta en una vista de arriba abajo.\"},{\"@type\":\"BreadcrumbList\",\"@id\":\"https:\/\/www.b-w-international.com\/es\/produkt\/drone-bag-tex-66-mini-5\/#breadcrumb\",\"itemListElement\":[{\"@type\":\"ListItem\",\"position\":1,\"name\":\"Home\",\"item\":\"https:\/\/www.b-w-international.com\/es\/\"},{\"@type\":\"ListItem\",\"position\":2,\"name\":\"Productos\",\"item\":\"https:\/\/www.b-w-international.com\/es\/tienda\/\"},{\"@type\":\"ListItem\",\"position\":3,\"name\":\"Maletas para drones y c\u00e1maras\",\"item\":\"https:\/\/www.b-w-international.com\/es\/produkte\/maletas-para-drones-y-camaras\/\"},{\"@type\":\"ListItem\",\"position\":4,\"name\":\"Bolsa para drones TEX.66.Mini5 | Bolsa en blanco y negro para DJI Mini 5 Pro\"}]},{\"@type\":\"WebSite\",\"@id\":\"https:\/\/www.b-w-international.com\/es\/#website\",\"url\":\"https:\/\/www.b-w-international.com\/es\/\",\"name\":\"B&W International\",\"description\":\"\",\"publisher\":{\"@id\":\"https:\/\/www.b-w-international.com\/es\/#organization\"},\"potentialAction\":[{\"@type\":\"SearchAction\",\"target\":{\"@type\":\"EntryPoint\",\"urlTemplate\":\"https:\/\/www.b-w-international.com\/es\/?s={search_term_string}\"},\"query-input\":{\"@type\":\"PropertyValueSpecification\",\"valueRequired\":true,\"valueName\":\"search_term_string\"}}],\"inLanguage\":\"es\"},{\"@type\":\"Organization\",\"@id\":\"https:\/\/www.b-w-international.com\/es\/#organization\",\"name\":\"B&W International\",\"url\":\"https:\/\/www.b-w-international.com\/es\/\",\"logo\":{\"@type\":\"ImageObject\",\"inLanguage\":\"es\",\"@id\":\"https:\/\/www.b-w-international.com\/es\/#\/schema\/logo\/image\/\",\"url\":\"https:\/\/www.b-w-international.com\/wp-content\/uploads\/2024\/12\/16dbfc312f1eb060e7d95735c00f9ec6.png\",\"contentUrl\":\"https:\/\/www.b-w-international.com\/wp-content\/uploads\/2024\/12\/16dbfc312f1eb060e7d95735c00f9ec6.png\",\"width\":219,\"height\":82,\"caption\":\"B&W International\"},\"image\":{\"@id\":\"https:\/\/www.b-w-international.com\/es\/#\/schema\/logo\/image\/\"}}]}<\/script>","yoast_head_json":{"title":"Bolsa para drones TEX.66.Mini5 | Bolsa en blanco y negro para DJI Mini 5 Pro - B&amp;W International","description":"Bolsa para drones B&W Neo \u2713Impermeable \u2713Resistente al cizallamiento \u2713Acolchada \u2713Compacta \u2713Con asa de transporte \u2794 \u00a1Desc\u00fabrela ahora!","robots":{"index":"index","follow":"follow","max-snippet":"max-snippet:-1","max-image-preview":"max-image-preview:large","max-video-preview":"max-video-preview:-1"},"canonical":"https:\/\/www.b-w-international.com\/es\/produkt\/drone-bag-tex-66-mini-5\/","og_locale":"es_ES","og_type":"article","og_title":"Bolsa para drones TEX.66.Mini5 | Bolsa en blanco y negro para DJI Mini 5 Pro - B&amp;W International","og_description":"Bolsa para drones B&W Neo \u2713Impermeable \u2713Resistente al cizallamiento \u2713Acolchada \u2713Compacta \u2713Con asa de transporte \u2794 \u00a1Desc\u00fabrela ahora!","og_url":"https:\/\/www.b-w-international.com\/es\/produkt\/drone-bag-tex-66-mini-5\/","og_site_name":"B&amp;W International","article_modified_time":"2025-12-01T13:33:31+00:00","og_image":[{"width":1920,"height":1920,"url":"https:\/\/www.b-w-international.com\/wp-content\/uploads\/2025\/09\/drone-bag_open_TEX-66-dji-mini-5_bw-international.jpg","type":"image\/jpeg"}],"twitter_card":"summary_large_image","twitter_misc":{"Tiempo de lectura":"1 minuto"},"schema":{"@context":"https:\/\/schema.org","@graph":[{"@type":"WebPage","@id":"https:\/\/www.b-w-international.com\/es\/produkt\/drone-bag-tex-66-mini-5\/","url":"https:\/\/www.b-w-international.com\/es\/produkt\/drone-bag-tex-66-mini-5\/","name":"Bolsa para drones TEX.66.Mini5 | Bolsa en blanco y negro para DJI Mini 5 Pro - B&amp;W International","isPartOf":{"@id":"https:\/\/www.b-w-international.com\/es\/#website"},"primaryImageOfPage":{"@id":"https:\/\/www.b-w-international.com\/es\/produkt\/drone-bag-tex-66-mini-5\/#primaryimage"},"image":{"@id":"https:\/\/www.b-w-international.com\/es\/produkt\/drone-bag-tex-66-mini-5\/#primaryimage"},"thumbnailUrl":"https:\/\/www.b-w-international.com\/wp-content\/uploads\/2025\/09\/drone-bag_open_TEX-66-dji-mini-5_bw-international.jpg","datePublished":"2025-09-29T10:02:59+00:00","dateModified":"2025-12-01T13:33:31+00:00","description":"Bolsa para drones B&W Neo \u2713Impermeable \u2713Resistente al cizallamiento \u2713Acolchada \u2713Compacta \u2713Con asa de transporte \u2794 \u00a1Desc\u00fabrela ahora!","breadcrumb":{"@id":"https:\/\/www.b-w-international.com\/es\/produkt\/drone-bag-tex-66-mini-5\/#breadcrumb"},"inLanguage":"es","potentialAction":[{"@type":"ReadAction","target":["https:\/\/www.b-w-international.com\/es\/produkt\/drone-bag-tex-66-mini-5\/"]}]},{"@type":"ImageObject","inLanguage":"es","@id":"https:\/\/www.b-w-international.com\/es\/produkt\/drone-bag-tex-66-mini-5\/#primaryimage","url":"https:\/\/www.b-w-international.com\/wp-content\/uploads\/2025\/09\/drone-bag_open_TEX-66-dji-mini-5_bw-international.jpg","contentUrl":"https:\/\/www.b-w-international.com\/wp-content\/uploads\/2025\/09\/drone-bag_open_TEX-66-dji-mini-5_bw-international.jpg","width":1920,"height":1920,"caption":"La Bolsa para drones TEX.66.Mini5, una funda en blanco y negro para DJI Mini 5 Pro, cuenta con compartimentos para el dron, el controlador y los accesorios y se muestra abierta en una vista de arriba abajo."},{"@type":"BreadcrumbList","@id":"https:\/\/www.b-w-international.com\/es\/produkt\/drone-bag-tex-66-mini-5\/#breadcrumb","itemListElement":[{"@type":"ListItem","position":1,"name":"Home","item":"https:\/\/www.b-w-international.com\/es\/"},{"@type":"ListItem","position":2,"name":"Productos","item":"https:\/\/www.b-w-international.com\/es\/tienda\/"},{"@type":"ListItem","position":3,"name":"Maletas para drones y c\u00e1maras","item":"https:\/\/www.b-w-international.com\/es\/produkte\/maletas-para-drones-y-camaras\/"},{"@type":"ListItem","position":4,"name":"Bolsa para drones TEX.66.Mini5 | Bolsa en blanco y negro para DJI Mini 5 Pro"}]},{"@type":"WebSite","@id":"https:\/\/www.b-w-international.com\/es\/#website","url":"https:\/\/www.b-w-international.com\/es\/","name":"B&W International","description":"","publisher":{"@id":"https:\/\/www.b-w-international.com\/es\/#organization"},"potentialAction":[{"@type":"SearchAction","target":{"@type":"EntryPoint","urlTemplate":"https:\/\/www.b-w-international.com\/es\/?s={search_term_string}"},"query-input":{"@type":"PropertyValueSpecification","valueRequired":true,"valueName":"search_term_string"}}],"inLanguage":"es"},{"@type":"Organization","@id":"https:\/\/www.b-w-international.com\/es\/#organization","name":"B&W International","url":"https:\/\/www.b-w-international.com\/es\/","logo":{"@type":"ImageObject","inLanguage":"es","@id":"https:\/\/www.b-w-international.com\/es\/#\/schema\/logo\/image\/","url":"https:\/\/www.b-w-international.com\/wp-content\/uploads\/2024\/12\/16dbfc312f1eb060e7d95735c00f9ec6.png","contentUrl":"https:\/\/www.b-w-international.com\/wp-content\/uploads\/2024\/12\/16dbfc312f1eb060e7d95735c00f9ec6.png","width":219,"height":82,"caption":"B&W International"},"image":{"@id":"https:\/\/www.b-w-international.com\/es\/#\/schema\/logo\/image\/"}}]}},"_links":{"self":[{"href":"https:\/\/www.b-w-international.com\/es\/wp-json\/wp\/v2\/product\/21822","targetHints":{"allow":["GET"]}}],"collection":[{"href":"https:\/\/www.b-w-international.com\/es\/wp-json\/wp\/v2\/product"}],"about":[{"href":"https:\/\/www.b-w-international.com\/es\/wp-json\/wp\/v2\/types\/product"}],"wp:featuredmedia":[{"embeddable":true,"href":"https:\/\/www.b-w-international.com\/es\/wp-json\/wp\/v2\/media\/21835"}],"wp:attachment":[{"href":"https:\/\/www.b-w-international.com\/es\/wp-json\/wp\/v2\/media?parent=21822"}],"wp:term":[{"taxonomy":"product_brand","embeddable":true,"href":"https:\/\/www.b-w-international.com\/es\/wp-json\/wp\/v2\/product_brand?post=21822"},{"taxonomy":"product_cat","embeddable":true,"href":"https:\/\/www.b-w-international.com\/es\/wp-json\/wp\/v2\/product_cat?post=21822"},{"taxonomy":"product_tag","embeddable":true,"href":"https:\/\/www.b-w-international.com\/es\/wp-json\/wp\/v2\/product_tag?post=21822"}],"curies":[{"name":"wp","href":"https:\/\/api.w.org\/{rel}","templated":true}]}}