{"id":22727,"date":"2025-12-04T13:07:23","date_gmt":"2025-12-04T12:07:23","guid":{"rendered":"https:\/\/www.b-w-international.com\/?post_type=product&#038;p=22727"},"modified":"2026-04-23T16:00:08","modified_gmt":"2026-04-23T14:00:08","slug":"bw-case-pp-2030","status":"publish","type":"product","link":"https:\/\/www.b-w-international.com\/es\/produkt\/bw-case-pp-2030\/","title":{"rendered":"bw.case PP.2030 | B&amp;W maleta multiusos tipo 7900"},"content":{"rendered":"<ul>\n<li><strong>Carcasa:<\/strong> Polipropileno (PP) resistente a los golpes: gran resistencia a los golpes y a la rotura<\/li>\n<li><strong>Clase de protecci\u00f3n:<\/strong> estanco al agua y al polvo seg\u00fan IP67 &#8211; para uso en entornos h\u00famedos y dif\u00edciles<\/li>\n<li><strong>Igualaci\u00f3n de presi\u00f3n:<\/strong> V\u00e1lvula autom\u00e1tica &#8211; iguala las diferencias de presi\u00f3n (por ejemplo, al viajar en avi\u00f3n).<\/li>\n<li><strong>Rango de temperaturas:<\/strong> de -30 \u00b0C a +80 \u00b0C &#8211; para temperaturas extremas<\/li>\n<li><strong>Cierres:<\/strong> 6 cierres a presi\u00f3n (2 en la parte delantera, 4 en el lateral) &#8211; se pueden accionar con una sola mano<\/li>\n<li><strong>Asas:<\/strong> 1 asa delantera, 2 asas laterales &#8211; asas extra anchas para un transporte c\u00f3modo<\/li>\n<li><strong>Ruedas:<\/strong> 2 ruedas integradas de marcha suave, c\u00f3modas incluso con mucha carga<\/li>\n<li><strong>Bloqueable:<\/strong> 2 ojales (\u00d8 10 mm) para candados &#8211; protege contra el acceso no autorizado<\/li>\n<li><strong>Normas militares:<\/strong> Cumple los requisitos de MIL-STD-810H, STANAG 4280, DEF STAN 81-41 y ATA300<\/li>\n<li><strong>Apilable<\/strong>: Apilable: ahorro de espacio de almacenamiento y transporte<\/li>\n<\/ul>\n<div style=\"display:flex; gap:10px;justify-content:center\" class=\"wps-pgfw-pdf-generate-icon__wrapper-frontend\">\n\t\t<a  href=\"https:\/\/www.b-w-international.com\/es\/wp-json\/wp\/v2\/product\/22727\/?action=genpdf&amp;id=22727\" class=\"pgfw-single-pdf-download-button\" target=_blank><img src=\"https:\/\/www.b-w-international.com\/wp-content\/uploads\/2025\/03\/icon-download.svg\" title=\"Generar PDF\" style=\"width:auto; height:45px;\"><\/a>\n\t\t<\/div>","protected":false},"excerpt":{"rendered":"<p>Carcasa: Polipropileno (PP) resistente a los golpes: gran resistencia a los golpes y a la rotura Clase de protecci\u00f3n: estanco al agua y al polvo seg\u00fan IP67 &#8211; para uso en entornos h\u00famedos y dif\u00edciles Igualaci\u00f3n de presi\u00f3n: V\u00e1lvula autom\u00e1tica &#8211; iguala las diferencias de presi\u00f3n (por ejemplo, al viajar en avi\u00f3n). Rango de temperaturas: [&hellip;]<\/p>\n","protected":false},"featured_media":22742,"template":"","meta":{"_acf_changed":false},"product_brand":[],"product_cat":[203,182],"product_tag":[],"class_list":{"0":"post-22727","1":"product","2":"type-product","3":"status-publish","4":"has-post-thumbnail","6":"product_features-2-argollas-para-candados","7":"product_features-apilable","8":"product_features-apto-para-volar","9":"product_features-asa-ergonomica","10":"product_features-extremadamente-resistente","11":"product_features-resistente-a-la-temperatura","12":"product_features-resistente-al-agua-al-polvo-y-hermetico","13":"product_features-rodillos","14":"product_cat-maletas-de-transporte-y-almacenamiento","15":"product_cat-maletas-multiusos","16":"pa_farbe-negro","17":"pa_farbe-verde-bronce","19":"first","20":"instock","21":"product-type-variable"},"acf":[],"yoast_head":"<title>bw.case PP.2030 | B&amp;W maleta multiusos tipo 7900 - B&amp;W International<\/title>\n<meta name=\"description\" content=\"Malet\u00edn multiusos B&amp;W \u2713Apilable \u2713Impermeable \u2713Igualaci\u00f3n autom\u00e1tica de la presi\u00f3n \u2794 \u00a1Desc\u00fabrelo ahora!\" \/>\n<meta name=\"robots\" content=\"index, follow, max-snippet:-1, max-image-preview:large, max-video-preview:-1\" \/>\n<link rel=\"canonical\" href=\"https:\/\/www.b-w-international.com\/es\/produkt\/bw-case-pp-2030\/\" \/>\n<meta property=\"og:locale\" content=\"es_ES\" \/>\n<meta property=\"og:type\" content=\"article\" \/>\n<meta property=\"og:title\" content=\"bw.case PP.2030 | B&amp;W maleta multiusos tipo 7900 - B&amp;W International\" \/>\n<meta property=\"og:description\" content=\"Malet\u00edn multiusos B&amp;W \u2713Apilable \u2713Impermeable \u2713Igualaci\u00f3n autom\u00e1tica de la presi\u00f3n \u2794 \u00a1Desc\u00fabrelo ahora!\" \/>\n<meta property=\"og:url\" content=\"https:\/\/www.b-w-international.com\/es\/produkt\/bw-case-pp-2030\/\" \/>\n<meta property=\"og:site_name\" content=\"B&amp;W International\" \/>\n<meta property=\"article:modified_time\" content=\"2026-04-23T14:00:08+00:00\" \/>\n<meta property=\"og:image\" content=\"https:\/\/www.b-w-international.com\/wp-content\/uploads\/2025\/12\/7900_PP-2030_B_closed_bw-international.jpg\" \/>\n\t<meta property=\"og:image:width\" content=\"1920\" \/>\n\t<meta property=\"og:image:height\" content=\"1920\" \/>\n\t<meta property=\"og:image:type\" content=\"image\/jpeg\" \/>\n<meta name=\"twitter:card\" content=\"summary_large_image\" \/>\n<meta name=\"twitter:label1\" content=\"Tiempo de lectura\" \/>\n\t<meta name=\"twitter:data1\" content=\"2 minutos\" \/>\n<script type=\"application\/ld+json\" class=\"yoast-schema-graph\">{\"@context\":\"https:\\\/\\\/schema.org\",\"@graph\":[{\"@type\":\"WebPage\",\"@id\":\"https:\\\/\\\/www.b-w-international.com\\\/es\\\/produkt\\\/bw-case-pp-2030\\\/\",\"url\":\"https:\\\/\\\/www.b-w-international.com\\\/es\\\/produkt\\\/bw-case-pp-2030\\\/\",\"name\":\"bw.case PP.2030 | B&amp;W maleta multiusos tipo 7900 - B&amp;W International\",\"isPartOf\":{\"@id\":\"https:\\\/\\\/www.b-w-international.com\\\/es\\\/#website\"},\"primaryImageOfPage\":{\"@id\":\"https:\\\/\\\/www.b-w-international.com\\\/es\\\/produkt\\\/bw-case-pp-2030\\\/#primaryimage\"},\"image\":{\"@id\":\"https:\\\/\\\/www.b-w-international.com\\\/es\\\/produkt\\\/bw-case-pp-2030\\\/#primaryimage\"},\"thumbnailUrl\":\"https:\\\/\\\/www.b-w-international.com\\\/wp-content\\\/uploads\\\/2025\\\/12\\\/7900_PP-2030_B_closed_bw-international.jpg\",\"datePublished\":\"2025-12-04T12:07:23+00:00\",\"dateModified\":\"2026-04-23T14:00:08+00:00\",\"description\":\"Malet\u00edn multiusos B&W \u2713Apilable \u2713Impermeable \u2713Igualaci\u00f3n autom\u00e1tica de la presi\u00f3n \u2794 \u00a1Desc\u00fabrelo ahora!\",\"breadcrumb\":{\"@id\":\"https:\\\/\\\/www.b-w-international.com\\\/es\\\/produkt\\\/bw-case-pp-2030\\\/#breadcrumb\"},\"inLanguage\":\"es\",\"potentialAction\":[{\"@type\":\"ReadAction\",\"target\":[\"https:\\\/\\\/www.b-w-international.com\\\/es\\\/produkt\\\/bw-case-pp-2030\\\/\"]}]},{\"@type\":\"ImageObject\",\"inLanguage\":\"es\",\"@id\":\"https:\\\/\\\/www.b-w-international.com\\\/es\\\/produkt\\\/bw-case-pp-2030\\\/#primaryimage\",\"url\":\"https:\\\/\\\/www.b-w-international.com\\\/wp-content\\\/uploads\\\/2025\\\/12\\\/7900_PP-2030_B_closed_bw-international.jpg\",\"contentUrl\":\"https:\\\/\\\/www.b-w-international.com\\\/wp-content\\\/uploads\\\/2025\\\/12\\\/7900_PP-2030_B_closed_bw-international.jpg\",\"width\":1920,\"height\":1920,\"caption\":\"El bw.case PP.2030 | B&amp;W malet\u00edn multiusos tipo 7900 es un gran malet\u00edn protector de pl\u00e1stico duro negro con asa, ruedas, cierres de seguridad y esquinas reforzadas.\"},{\"@type\":\"BreadcrumbList\",\"@id\":\"https:\\\/\\\/www.b-w-international.com\\\/es\\\/produkt\\\/bw-case-pp-2030\\\/#breadcrumb\",\"itemListElement\":[{\"@type\":\"ListItem\",\"position\":1,\"name\":\"Home\",\"item\":\"https:\\\/\\\/www.b-w-international.com\\\/es\\\/\"},{\"@type\":\"ListItem\",\"position\":2,\"name\":\"Productos\",\"item\":\"https:\\\/\\\/www.b-w-international.com\\\/es\\\/tienda\\\/\"},{\"@type\":\"ListItem\",\"position\":3,\"name\":\"Maletas multiusos\",\"item\":\"https:\\\/\\\/www.b-w-international.com\\\/es\\\/produkte\\\/maletas-multiusos\\\/\"},{\"@type\":\"ListItem\",\"position\":4,\"name\":\"bw.case PP.2030 | B&amp;W maleta multiusos tipo 7900\"}]},{\"@type\":\"WebSite\",\"@id\":\"https:\\\/\\\/www.b-w-international.com\\\/es\\\/#website\",\"url\":\"https:\\\/\\\/www.b-w-international.com\\\/es\\\/\",\"name\":\"B&W International\",\"description\":\"\",\"publisher\":{\"@id\":\"https:\\\/\\\/www.b-w-international.com\\\/es\\\/#organization\"},\"potentialAction\":[{\"@type\":\"SearchAction\",\"target\":{\"@type\":\"EntryPoint\",\"urlTemplate\":\"https:\\\/\\\/www.b-w-international.com\\\/es\\\/?s={search_term_string}\"},\"query-input\":{\"@type\":\"PropertyValueSpecification\",\"valueRequired\":true,\"valueName\":\"search_term_string\"}}],\"inLanguage\":\"es\"},{\"@type\":\"Organization\",\"@id\":\"https:\\\/\\\/www.b-w-international.com\\\/es\\\/#organization\",\"name\":\"B&W International\",\"url\":\"https:\\\/\\\/www.b-w-international.com\\\/es\\\/\",\"logo\":{\"@type\":\"ImageObject\",\"inLanguage\":\"es\",\"@id\":\"https:\\\/\\\/www.b-w-international.com\\\/es\\\/#\\\/schema\\\/logo\\\/image\\\/\",\"url\":\"https:\\\/\\\/www.b-w-international.com\\\/wp-content\\\/uploads\\\/2024\\\/12\\\/16dbfc312f1eb060e7d95735c00f9ec6.png\",\"contentUrl\":\"https:\\\/\\\/www.b-w-international.com\\\/wp-content\\\/uploads\\\/2024\\\/12\\\/16dbfc312f1eb060e7d95735c00f9ec6.png\",\"width\":219,\"height\":82,\"caption\":\"B&W International\"},\"image\":{\"@id\":\"https:\\\/\\\/www.b-w-international.com\\\/es\\\/#\\\/schema\\\/logo\\\/image\\\/\"}}]}<\/script>","yoast_head_json":{"title":"bw.case PP.2030 | B&amp;W maleta multiusos tipo 7900 - B&amp;W International","description":"Malet\u00edn multiusos B&W \u2713Apilable \u2713Impermeable \u2713Igualaci\u00f3n autom\u00e1tica de la presi\u00f3n \u2794 \u00a1Desc\u00fabrelo ahora!","robots":{"index":"index","follow":"follow","max-snippet":"max-snippet:-1","max-image-preview":"max-image-preview:large","max-video-preview":"max-video-preview:-1"},"canonical":"https:\/\/www.b-w-international.com\/es\/produkt\/bw-case-pp-2030\/","og_locale":"es_ES","og_type":"article","og_title":"bw.case PP.2030 | B&amp;W maleta multiusos tipo 7900 - B&amp;W International","og_description":"Malet\u00edn multiusos B&W \u2713Apilable \u2713Impermeable \u2713Igualaci\u00f3n autom\u00e1tica de la presi\u00f3n \u2794 \u00a1Desc\u00fabrelo ahora!","og_url":"https:\/\/www.b-w-international.com\/es\/produkt\/bw-case-pp-2030\/","og_site_name":"B&amp;W International","article_modified_time":"2026-04-23T14:00:08+00:00","og_image":[{"width":1920,"height":1920,"url":"https:\/\/www.b-w-international.com\/wp-content\/uploads\/2025\/12\/7900_PP-2030_B_closed_bw-international.jpg","type":"image\/jpeg"}],"twitter_card":"summary_large_image","twitter_misc":{"Tiempo de lectura":"2 minutos"},"schema":{"@context":"https:\/\/schema.org","@graph":[{"@type":"WebPage","@id":"https:\/\/www.b-w-international.com\/es\/produkt\/bw-case-pp-2030\/","url":"https:\/\/www.b-w-international.com\/es\/produkt\/bw-case-pp-2030\/","name":"bw.case PP.2030 | B&amp;W maleta multiusos tipo 7900 - B&amp;W International","isPartOf":{"@id":"https:\/\/www.b-w-international.com\/es\/#website"},"primaryImageOfPage":{"@id":"https:\/\/www.b-w-international.com\/es\/produkt\/bw-case-pp-2030\/#primaryimage"},"image":{"@id":"https:\/\/www.b-w-international.com\/es\/produkt\/bw-case-pp-2030\/#primaryimage"},"thumbnailUrl":"https:\/\/www.b-w-international.com\/wp-content\/uploads\/2025\/12\/7900_PP-2030_B_closed_bw-international.jpg","datePublished":"2025-12-04T12:07:23+00:00","dateModified":"2026-04-23T14:00:08+00:00","description":"Malet\u00edn multiusos B&W \u2713Apilable \u2713Impermeable \u2713Igualaci\u00f3n autom\u00e1tica de la presi\u00f3n \u2794 \u00a1Desc\u00fabrelo ahora!","breadcrumb":{"@id":"https:\/\/www.b-w-international.com\/es\/produkt\/bw-case-pp-2030\/#breadcrumb"},"inLanguage":"es","potentialAction":[{"@type":"ReadAction","target":["https:\/\/www.b-w-international.com\/es\/produkt\/bw-case-pp-2030\/"]}]},{"@type":"ImageObject","inLanguage":"es","@id":"https:\/\/www.b-w-international.com\/es\/produkt\/bw-case-pp-2030\/#primaryimage","url":"https:\/\/www.b-w-international.com\/wp-content\/uploads\/2025\/12\/7900_PP-2030_B_closed_bw-international.jpg","contentUrl":"https:\/\/www.b-w-international.com\/wp-content\/uploads\/2025\/12\/7900_PP-2030_B_closed_bw-international.jpg","width":1920,"height":1920,"caption":"El bw.case PP.2030 | B&amp;W malet\u00edn multiusos tipo 7900 es un gran malet\u00edn protector de pl\u00e1stico duro negro con asa, ruedas, cierres de seguridad y esquinas reforzadas."},{"@type":"BreadcrumbList","@id":"https:\/\/www.b-w-international.com\/es\/produkt\/bw-case-pp-2030\/#breadcrumb","itemListElement":[{"@type":"ListItem","position":1,"name":"Home","item":"https:\/\/www.b-w-international.com\/es\/"},{"@type":"ListItem","position":2,"name":"Productos","item":"https:\/\/www.b-w-international.com\/es\/tienda\/"},{"@type":"ListItem","position":3,"name":"Maletas multiusos","item":"https:\/\/www.b-w-international.com\/es\/produkte\/maletas-multiusos\/"},{"@type":"ListItem","position":4,"name":"bw.case PP.2030 | B&amp;W maleta multiusos tipo 7900"}]},{"@type":"WebSite","@id":"https:\/\/www.b-w-international.com\/es\/#website","url":"https:\/\/www.b-w-international.com\/es\/","name":"B&W International","description":"","publisher":{"@id":"https:\/\/www.b-w-international.com\/es\/#organization"},"potentialAction":[{"@type":"SearchAction","target":{"@type":"EntryPoint","urlTemplate":"https:\/\/www.b-w-international.com\/es\/?s={search_term_string}"},"query-input":{"@type":"PropertyValueSpecification","valueRequired":true,"valueName":"search_term_string"}}],"inLanguage":"es"},{"@type":"Organization","@id":"https:\/\/www.b-w-international.com\/es\/#organization","name":"B&W International","url":"https:\/\/www.b-w-international.com\/es\/","logo":{"@type":"ImageObject","inLanguage":"es","@id":"https:\/\/www.b-w-international.com\/es\/#\/schema\/logo\/image\/","url":"https:\/\/www.b-w-international.com\/wp-content\/uploads\/2024\/12\/16dbfc312f1eb060e7d95735c00f9ec6.png","contentUrl":"https:\/\/www.b-w-international.com\/wp-content\/uploads\/2024\/12\/16dbfc312f1eb060e7d95735c00f9ec6.png","width":219,"height":82,"caption":"B&W International"},"image":{"@id":"https:\/\/www.b-w-international.com\/es\/#\/schema\/logo\/image\/"}}]}},"_links":{"self":[{"href":"https:\/\/www.b-w-international.com\/es\/wp-json\/wp\/v2\/product\/22727","targetHints":{"allow":["GET"]}}],"collection":[{"href":"https:\/\/www.b-w-international.com\/es\/wp-json\/wp\/v2\/product"}],"about":[{"href":"https:\/\/www.b-w-international.com\/es\/wp-json\/wp\/v2\/types\/product"}],"wp:featuredmedia":[{"embeddable":true,"href":"https:\/\/www.b-w-international.com\/es\/wp-json\/wp\/v2\/media\/22742"}],"wp:attachment":[{"href":"https:\/\/www.b-w-international.com\/es\/wp-json\/wp\/v2\/media?parent=22727"}],"wp:term":[{"taxonomy":"product_brand","embeddable":true,"href":"https:\/\/www.b-w-international.com\/es\/wp-json\/wp\/v2\/product_brand?post=22727"},{"taxonomy":"product_cat","embeddable":true,"href":"https:\/\/www.b-w-international.com\/es\/wp-json\/wp\/v2\/product_cat?post=22727"},{"taxonomy":"product_tag","embeddable":true,"href":"https:\/\/www.b-w-international.com\/es\/wp-json\/wp\/v2\/product_tag?post=22727"}],"curies":[{"name":"wp","href":"https:\/\/api.w.org\/{rel}","templated":true}]}}