{"id":23011,"date":"2025-12-22T11:27:45","date_gmt":"2025-12-22T10:27:45","guid":{"rendered":"https:\/\/www.b-w-international.com\/?post_type=product&#038;p=23011"},"modified":"2026-03-06T10:58:35","modified_gmt":"2026-03-06T09:58:35","slug":"energy-case-starlink-mini","status":"publish","type":"product","link":"https:\/\/www.b-w-international.com\/es\/produkt\/energy-case-starlink-mini\/","title":{"rendered":"energy.case starlink mini | Funda energ\u00e9tica B&amp;W para el Starlink Mini"},"content":{"rendered":"<div>\n<ul>\n<li>proporciona una protecci\u00f3n y alimentaci\u00f3n \u00f3ptimas para el Starlink Mini<\/li>\n<li>Alimentaci\u00f3n fiable gracias al sistema de bater\u00eda integrado, incluso en condiciones extremas<\/li>\n<li>el estuche starlink.case de B&amp;W protege tu sistema Starlink-Mini de forma segura: la carcasa est\u00e1 fabricada con material ign\u00edfugo conforme a la norma UL 94 V0<\/li>\n<li>Suministro directo de energ\u00eda fotovoltaica para un funcionamiento continuo<\/li>\n<li>Resistente al agua hasta IP54 (cuando est\u00e1 cerrado)<\/li>\n<li>Opciones de carga: coche de 12 V, cargador de 230 V o c\u00e9lula solar disponible opcionalmente<\/li>\n<li>Indicaci\u00f3n de la capacidad de la bater\u00eda mediante la iluminaci\u00f3n anular del interruptor<\/li>\n<li>Pasacables a prueba de salpicaduras para antena y solar<\/li>\n<li>Funcionamiento solar posible &#8211; panel solar plegable disponible opcionalmente<\/li>\n<\/ul>\n<p><strong>El dispositivo Starlink no est\u00e1 incluido en el volumen de suministro.<\/strong><\/p>\n<\/div>\n<div style=\"display:flex; gap:10px;justify-content:center\" class=\"wps-pgfw-pdf-generate-icon__wrapper-frontend\">\n\t\t<a  href=\"https:\/\/www.b-w-international.com\/es\/wp-json\/wp\/v2\/product\/23011\/?action=genpdf&amp;id=23011\" class=\"pgfw-single-pdf-download-button\" target=_blank><img src=\"https:\/\/www.b-w-international.com\/wp-content\/uploads\/2025\/03\/icon-download.svg\" title=\"Generar PDF\" style=\"width:auto; height:45px;\"><\/a>\n\t\t<\/div>","protected":false},"excerpt":{"rendered":"<p>proporciona una protecci\u00f3n y alimentaci\u00f3n \u00f3ptimas para el Starlink Mini Alimentaci\u00f3n fiable gracias al sistema de bater\u00eda integrado, incluso en condiciones extremas el estuche starlink.case de B&amp;W protege tu sistema Starlink-Mini de forma segura: la carcasa est\u00e1 fabricada con material ign\u00edfugo conforme a la norma UL 94 V0 Suministro directo de energ\u00eda fotovoltaica para un [&hellip;]<\/p>\n","protected":false},"featured_media":23020,"template":"","meta":{"_acf_changed":false},"product_brand":[],"product_cat":[200],"product_tag":[],"class_list":{"0":"post-23011","1":"product","2":"type-product","3":"status-publish","4":"has-post-thumbnail","6":"product_features-2-anos-de-garantia","7":"product_features-2-argollas-para-candados","8":"product_features-apilable","9":"product_features-asa-de-transporte-recubierta-de-goma","10":"product_features-extremadamente-resistente","11":"product_features-resistente-a-la-temperatura","12":"product_cat-maletas-starlink","13":"pa_farbe-gris-es","14":"pa_farbe-negro","15":"pa_farbe-verde-bronce","17":"first","18":"instock","19":"product-type-variable"},"acf":[],"yoast_head":"<title>energy.case starlink mini | Funda energ\u00e9tica B&amp;W para el Starlink Mini - B&amp;W International<\/title>\n<meta name=\"description\" content=\"Maleta B&amp;W Energy para Starlink \u2713Robusta \u2713Impermeable al agua \u2713Impermeable al polvo \u2713Con ruedas de transporte \u2794 \u00a1Ases\u00f3rate ahora!\" \/>\n<meta name=\"robots\" content=\"index, follow, max-snippet:-1, max-image-preview:large, max-video-preview:-1\" \/>\n<link rel=\"canonical\" href=\"https:\/\/www.b-w-international.com\/es\/produkt\/energy-case-starlink-mini\/\" \/>\n<meta property=\"og:locale\" content=\"es_ES\" \/>\n<meta property=\"og:type\" content=\"article\" \/>\n<meta property=\"og:title\" content=\"energy.case starlink mini | Funda energ\u00e9tica B&amp;W para el Starlink Mini - B&amp;W International\" \/>\n<meta property=\"og:description\" content=\"Maleta B&amp;W Energy para Starlink \u2713Robusta \u2713Impermeable al agua \u2713Impermeable al polvo \u2713Con ruedas de transporte \u2794 \u00a1Ases\u00f3rate ahora!\" \/>\n<meta property=\"og:url\" content=\"https:\/\/www.b-w-international.com\/es\/produkt\/energy-case-starlink-mini\/\" \/>\n<meta property=\"og:site_name\" content=\"B&amp;W International\" \/>\n<meta property=\"article:modified_time\" content=\"2026-03-06T09:58:35+00:00\" \/>\n<meta property=\"og:image\" content=\"https:\/\/www.b-w-international.com\/wp-content\/uploads\/2025\/12\/EC_starlink-mini_G_open-antenna-2-bw-international.jpg\" \/>\n\t<meta property=\"og:image:width\" content=\"1920\" \/>\n\t<meta property=\"og:image:height\" content=\"1920\" \/>\n\t<meta property=\"og:image:type\" content=\"image\/jpeg\" \/>\n<meta name=\"twitter:card\" content=\"summary_large_image\" \/>\n<meta name=\"twitter:label1\" content=\"Tiempo de lectura\" \/>\n\t<meta name=\"twitter:data1\" content=\"1 minuto\" \/>\n<script type=\"application\/ld+json\" class=\"yoast-schema-graph\">{\"@context\":\"https:\\\/\\\/schema.org\",\"@graph\":[{\"@type\":\"WebPage\",\"@id\":\"https:\\\/\\\/www.b-w-international.com\\\/es\\\/produkt\\\/energy-case-starlink-mini\\\/\",\"url\":\"https:\\\/\\\/www.b-w-international.com\\\/es\\\/produkt\\\/energy-case-starlink-mini\\\/\",\"name\":\"energy.case starlink mini | Funda energ\u00e9tica B&amp;W para el Starlink Mini - B&amp;W International\",\"isPartOf\":{\"@id\":\"https:\\\/\\\/www.b-w-international.com\\\/es\\\/#website\"},\"primaryImageOfPage\":{\"@id\":\"https:\\\/\\\/www.b-w-international.com\\\/es\\\/produkt\\\/energy-case-starlink-mini\\\/#primaryimage\"},\"image\":{\"@id\":\"https:\\\/\\\/www.b-w-international.com\\\/es\\\/produkt\\\/energy-case-starlink-mini\\\/#primaryimage\"},\"thumbnailUrl\":\"https:\\\/\\\/www.b-w-international.com\\\/wp-content\\\/uploads\\\/2025\\\/12\\\/EC_starlink-mini_G_open-antenna-2-bw-international.jpg\",\"datePublished\":\"2025-12-22T10:27:45+00:00\",\"dateModified\":\"2026-03-06T09:58:35+00:00\",\"description\":\"Maleta B&W Energy para Starlink \u2713Robusta \u2713Impermeable al agua \u2713Impermeable al polvo \u2713Con ruedas de transporte \u2794 \u00a1Ases\u00f3rate ahora!\",\"breadcrumb\":{\"@id\":\"https:\\\/\\\/www.b-w-international.com\\\/es\\\/produkt\\\/energy-case-starlink-mini\\\/#breadcrumb\"},\"inLanguage\":\"es\",\"potentialAction\":[{\"@type\":\"ReadAction\",\"target\":[\"https:\\\/\\\/www.b-w-international.com\\\/es\\\/produkt\\\/energy-case-starlink-mini\\\/\"]}]},{\"@type\":\"ImageObject\",\"inLanguage\":\"es\",\"@id\":\"https:\\\/\\\/www.b-w-international.com\\\/es\\\/produkt\\\/energy-case-starlink-mini\\\/#primaryimage\",\"url\":\"https:\\\/\\\/www.b-w-international.com\\\/wp-content\\\/uploads\\\/2025\\\/12\\\/EC_starlink-mini_G_open-antenna-2-bw-international.jpg\",\"contentUrl\":\"https:\\\/\\\/www.b-w-international.com\\\/wp-content\\\/uploads\\\/2025\\\/12\\\/EC_starlink-mini_G_open-antenna-2-bw-international.jpg\",\"width\":1920,\"height\":1920,\"caption\":\"La energy.case PRO500 starlink mini | Funda energ\u00e9tica B&W para el Starlink Mini est\u00e1 abierta junto a una antena blanca cuadrada conectada por un cable.\"},{\"@type\":\"BreadcrumbList\",\"@id\":\"https:\\\/\\\/www.b-w-international.com\\\/es\\\/produkt\\\/energy-case-starlink-mini\\\/#breadcrumb\",\"itemListElement\":[{\"@type\":\"ListItem\",\"position\":1,\"name\":\"Home\",\"item\":\"https:\\\/\\\/www.b-w-international.com\\\/es\\\/\"},{\"@type\":\"ListItem\",\"position\":2,\"name\":\"Productos\",\"item\":\"https:\\\/\\\/www.b-w-international.com\\\/es\\\/tienda\\\/\"},{\"@type\":\"ListItem\",\"position\":3,\"name\":\"Maletas Starlink\",\"item\":\"https:\\\/\\\/www.b-w-international.com\\\/es\\\/produkte\\\/maletas-starlink\\\/\"},{\"@type\":\"ListItem\",\"position\":4,\"name\":\"energy.case starlink mini | Funda energ\u00e9tica B&amp;W para el Starlink Mini\"}]},{\"@type\":\"WebSite\",\"@id\":\"https:\\\/\\\/www.b-w-international.com\\\/es\\\/#website\",\"url\":\"https:\\\/\\\/www.b-w-international.com\\\/es\\\/\",\"name\":\"B&W International\",\"description\":\"\",\"publisher\":{\"@id\":\"https:\\\/\\\/www.b-w-international.com\\\/es\\\/#organization\"},\"potentialAction\":[{\"@type\":\"SearchAction\",\"target\":{\"@type\":\"EntryPoint\",\"urlTemplate\":\"https:\\\/\\\/www.b-w-international.com\\\/es\\\/?s={search_term_string}\"},\"query-input\":{\"@type\":\"PropertyValueSpecification\",\"valueRequired\":true,\"valueName\":\"search_term_string\"}}],\"inLanguage\":\"es\"},{\"@type\":\"Organization\",\"@id\":\"https:\\\/\\\/www.b-w-international.com\\\/es\\\/#organization\",\"name\":\"B&W International\",\"url\":\"https:\\\/\\\/www.b-w-international.com\\\/es\\\/\",\"logo\":{\"@type\":\"ImageObject\",\"inLanguage\":\"es\",\"@id\":\"https:\\\/\\\/www.b-w-international.com\\\/es\\\/#\\\/schema\\\/logo\\\/image\\\/\",\"url\":\"https:\\\/\\\/www.b-w-international.com\\\/wp-content\\\/uploads\\\/2024\\\/12\\\/16dbfc312f1eb060e7d95735c00f9ec6.png\",\"contentUrl\":\"https:\\\/\\\/www.b-w-international.com\\\/wp-content\\\/uploads\\\/2024\\\/12\\\/16dbfc312f1eb060e7d95735c00f9ec6.png\",\"width\":219,\"height\":82,\"caption\":\"B&W International\"},\"image\":{\"@id\":\"https:\\\/\\\/www.b-w-international.com\\\/es\\\/#\\\/schema\\\/logo\\\/image\\\/\"}}]}<\/script>","yoast_head_json":{"title":"energy.case starlink mini | Funda energ\u00e9tica B&amp;W para el Starlink Mini - B&amp;W International","description":"Maleta B&W Energy para Starlink \u2713Robusta \u2713Impermeable al agua \u2713Impermeable al polvo \u2713Con ruedas de transporte \u2794 \u00a1Ases\u00f3rate ahora!","robots":{"index":"index","follow":"follow","max-snippet":"max-snippet:-1","max-image-preview":"max-image-preview:large","max-video-preview":"max-video-preview:-1"},"canonical":"https:\/\/www.b-w-international.com\/es\/produkt\/energy-case-starlink-mini\/","og_locale":"es_ES","og_type":"article","og_title":"energy.case starlink mini | Funda energ\u00e9tica B&amp;W para el Starlink Mini - B&amp;W International","og_description":"Maleta B&W Energy para Starlink \u2713Robusta \u2713Impermeable al agua \u2713Impermeable al polvo \u2713Con ruedas de transporte \u2794 \u00a1Ases\u00f3rate ahora!","og_url":"https:\/\/www.b-w-international.com\/es\/produkt\/energy-case-starlink-mini\/","og_site_name":"B&amp;W International","article_modified_time":"2026-03-06T09:58:35+00:00","og_image":[{"width":1920,"height":1920,"url":"https:\/\/www.b-w-international.com\/wp-content\/uploads\/2025\/12\/EC_starlink-mini_G_open-antenna-2-bw-international.jpg","type":"image\/jpeg"}],"twitter_card":"summary_large_image","twitter_misc":{"Tiempo de lectura":"1 minuto"},"schema":{"@context":"https:\/\/schema.org","@graph":[{"@type":"WebPage","@id":"https:\/\/www.b-w-international.com\/es\/produkt\/energy-case-starlink-mini\/","url":"https:\/\/www.b-w-international.com\/es\/produkt\/energy-case-starlink-mini\/","name":"energy.case starlink mini | Funda energ\u00e9tica B&amp;W para el Starlink Mini - B&amp;W International","isPartOf":{"@id":"https:\/\/www.b-w-international.com\/es\/#website"},"primaryImageOfPage":{"@id":"https:\/\/www.b-w-international.com\/es\/produkt\/energy-case-starlink-mini\/#primaryimage"},"image":{"@id":"https:\/\/www.b-w-international.com\/es\/produkt\/energy-case-starlink-mini\/#primaryimage"},"thumbnailUrl":"https:\/\/www.b-w-international.com\/wp-content\/uploads\/2025\/12\/EC_starlink-mini_G_open-antenna-2-bw-international.jpg","datePublished":"2025-12-22T10:27:45+00:00","dateModified":"2026-03-06T09:58:35+00:00","description":"Maleta B&W Energy para Starlink \u2713Robusta \u2713Impermeable al agua \u2713Impermeable al polvo \u2713Con ruedas de transporte \u2794 \u00a1Ases\u00f3rate ahora!","breadcrumb":{"@id":"https:\/\/www.b-w-international.com\/es\/produkt\/energy-case-starlink-mini\/#breadcrumb"},"inLanguage":"es","potentialAction":[{"@type":"ReadAction","target":["https:\/\/www.b-w-international.com\/es\/produkt\/energy-case-starlink-mini\/"]}]},{"@type":"ImageObject","inLanguage":"es","@id":"https:\/\/www.b-w-international.com\/es\/produkt\/energy-case-starlink-mini\/#primaryimage","url":"https:\/\/www.b-w-international.com\/wp-content\/uploads\/2025\/12\/EC_starlink-mini_G_open-antenna-2-bw-international.jpg","contentUrl":"https:\/\/www.b-w-international.com\/wp-content\/uploads\/2025\/12\/EC_starlink-mini_G_open-antenna-2-bw-international.jpg","width":1920,"height":1920,"caption":"La energy.case PRO500 starlink mini | Funda energ\u00e9tica B&W para el Starlink Mini est\u00e1 abierta junto a una antena blanca cuadrada conectada por un cable."},{"@type":"BreadcrumbList","@id":"https:\/\/www.b-w-international.com\/es\/produkt\/energy-case-starlink-mini\/#breadcrumb","itemListElement":[{"@type":"ListItem","position":1,"name":"Home","item":"https:\/\/www.b-w-international.com\/es\/"},{"@type":"ListItem","position":2,"name":"Productos","item":"https:\/\/www.b-w-international.com\/es\/tienda\/"},{"@type":"ListItem","position":3,"name":"Maletas Starlink","item":"https:\/\/www.b-w-international.com\/es\/produkte\/maletas-starlink\/"},{"@type":"ListItem","position":4,"name":"energy.case starlink mini | Funda energ\u00e9tica B&amp;W para el Starlink Mini"}]},{"@type":"WebSite","@id":"https:\/\/www.b-w-international.com\/es\/#website","url":"https:\/\/www.b-w-international.com\/es\/","name":"B&W International","description":"","publisher":{"@id":"https:\/\/www.b-w-international.com\/es\/#organization"},"potentialAction":[{"@type":"SearchAction","target":{"@type":"EntryPoint","urlTemplate":"https:\/\/www.b-w-international.com\/es\/?s={search_term_string}"},"query-input":{"@type":"PropertyValueSpecification","valueRequired":true,"valueName":"search_term_string"}}],"inLanguage":"es"},{"@type":"Organization","@id":"https:\/\/www.b-w-international.com\/es\/#organization","name":"B&W International","url":"https:\/\/www.b-w-international.com\/es\/","logo":{"@type":"ImageObject","inLanguage":"es","@id":"https:\/\/www.b-w-international.com\/es\/#\/schema\/logo\/image\/","url":"https:\/\/www.b-w-international.com\/wp-content\/uploads\/2024\/12\/16dbfc312f1eb060e7d95735c00f9ec6.png","contentUrl":"https:\/\/www.b-w-international.com\/wp-content\/uploads\/2024\/12\/16dbfc312f1eb060e7d95735c00f9ec6.png","width":219,"height":82,"caption":"B&W International"},"image":{"@id":"https:\/\/www.b-w-international.com\/es\/#\/schema\/logo\/image\/"}}]}},"_links":{"self":[{"href":"https:\/\/www.b-w-international.com\/es\/wp-json\/wp\/v2\/product\/23011","targetHints":{"allow":["GET"]}}],"collection":[{"href":"https:\/\/www.b-w-international.com\/es\/wp-json\/wp\/v2\/product"}],"about":[{"href":"https:\/\/www.b-w-international.com\/es\/wp-json\/wp\/v2\/types\/product"}],"wp:featuredmedia":[{"embeddable":true,"href":"https:\/\/www.b-w-international.com\/es\/wp-json\/wp\/v2\/media\/23020"}],"wp:attachment":[{"href":"https:\/\/www.b-w-international.com\/es\/wp-json\/wp\/v2\/media?parent=23011"}],"wp:term":[{"taxonomy":"product_brand","embeddable":true,"href":"https:\/\/www.b-w-international.com\/es\/wp-json\/wp\/v2\/product_brand?post=23011"},{"taxonomy":"product_cat","embeddable":true,"href":"https:\/\/www.b-w-international.com\/es\/wp-json\/wp\/v2\/product_cat?post=23011"},{"taxonomy":"product_tag","embeddable":true,"href":"https:\/\/www.b-w-international.com\/es\/wp-json\/wp\/v2\/product_tag?post=23011"}],"curies":[{"name":"wp","href":"https:\/\/api.w.org\/{rel}","templated":true}]}}