{"id":23242,"date":"2026-01-08T10:05:02","date_gmt":"2026-01-08T09:05:02","guid":{"rendered":"https:\/\/www.b-w-international.com\/?post_type=product&#038;p=23242"},"modified":"2026-01-16T09:53:53","modified_gmt":"2026-01-16T08:53:53","slug":"action-case-pp-66-osmo-action-6","status":"publish","type":"product","link":"https:\/\/www.b-w-international.com\/es\/produkt\/action-case-pp-66-osmo-action-6\/","title":{"rendered":"action.case PP.66.Osmo Action 6 | Estuche multiusos en blanco y negro tipo 2000 DJI Osmo Acion 6"},"content":{"rendered":"<ul>\n<li>Caja extremadamente robusta: carcasa de polipropileno (PP)<\/li>\n<li>Probado seg\u00fan normas militares<\/li>\n<li>Aeronavegable: v\u00e1lvula autom\u00e1tica de igualaci\u00f3n de presi\u00f3n<\/li>\n<li>Robusto, resistente al polvo y al agua seg\u00fan IP67<\/li>\n<li>Estable a la temperatura de -30\u00b0 C a +80\u00b0 C<\/li>\n<li>Placa identificativa<\/li>\n<li>apilable<\/li>\n<li>Dos ojales para candados (\u00d8 4,5 mm)<\/li>\n<li>Empu\u00f1adura engomada<\/li>\n<li>Dos cierres a presi\u00f3n para una m\u00e1xima protecci\u00f3n<\/li>\n<\/ul>\n<p><strong>El contenido del malet\u00edn mostrado no est\u00e1 incluido en el volumen de suministro.<\/strong><\/p>\n<div style=\"display:flex; gap:10px;justify-content:center\" class=\"wps-pgfw-pdf-generate-icon__wrapper-frontend\">\n\t\t<a  href=\"https:\/\/www.b-w-international.com\/es\/wp-json\/wp\/v2\/product\/23242\/?action=genpdf&amp;id=23242\" class=\"pgfw-single-pdf-download-button\" target=_blank><img src=\"https:\/\/www.b-w-international.com\/wp-content\/uploads\/2025\/03\/icon-download.svg\" title=\"Generar PDF\" style=\"width:auto; height:45px;\"><\/a>\n\t\t<\/div>","protected":false},"excerpt":{"rendered":"<p>Caja extremadamente robusta: carcasa de polipropileno (PP) Probado seg\u00fan normas militares Aeronavegable: v\u00e1lvula autom\u00e1tica de igualaci\u00f3n de presi\u00f3n Robusto, resistente al polvo y al agua seg\u00fan IP67 Estable a la temperatura de -30\u00b0 C a +80\u00b0 C Placa identificativa apilable Dos ojales para candados (\u00d8 4,5 mm) Empu\u00f1adura engomada Dos cierres a presi\u00f3n para una [&hellip;]<\/p>\n","protected":false},"featured_media":23275,"template":"","meta":{"_acf_changed":false},"product_brand":[],"product_cat":[475,69],"product_tag":[],"class_list":{"0":"post-23242","1":"product","2":"type-product","3":"status-publish","4":"has-post-thumbnail","6":"product_features-2-anos-de-garantia","7":"product_features-2-argollas-para-candados","8":"product_features-apilable","9":"product_features-apto-para-volar","10":"product_features-asa-de-transporte-recubierta-de-goma","11":"product_features-extremadamente-resistente","12":"product_features-resistente-al-agua-al-polvo-y-hermetico","13":"product_cat-camaras-de-accion","14":"product_cat-maletas-para-drones-y-camaras","15":"pa_farbe-amarillo","16":"pa_farbe-naranja","17":"pa_farbe-negro","18":"pa_farbe-verde-bronce","20":"first","21":"instock","22":"product-type-variable"},"acf":[],"yoast_head":"<title>action.case PP.66.Osmo Action 6 | Estuche multiusos en blanco y negro tipo 2000 DJI Osmo Acion 6 - B&amp;W International<\/title>\n<meta name=\"robots\" content=\"index, follow, max-snippet:-1, max-image-preview:large, max-video-preview:-1\" \/>\n<link rel=\"canonical\" href=\"https:\/\/www.b-w-international.com\/es\/produkt\/action-case-pp-66-osmo-action-6\/\" \/>\n<meta property=\"og:locale\" content=\"es_ES\" \/>\n<meta property=\"og:type\" content=\"article\" \/>\n<meta property=\"og:title\" content=\"action.case PP.66.Osmo Action 6 | Estuche multiusos en blanco y negro tipo 2000 DJI Osmo Acion 6 - B&amp;W International\" \/>\n<meta property=\"og:description\" content=\"Caja extremadamente robusta: carcasa de polipropileno (PP) Probado seg\u00fan normas militares Aeronavegable: v\u00e1lvula autom\u00e1tica de igualaci\u00f3n de presi\u00f3n Robusto, resistente al polvo y al agua seg\u00fan IP67 Estable a la temperatura de -30\u00b0 C a +80\u00b0 C Placa identificativa apilable Dos ojales para candados (\u00d8 4,5 mm) Empu\u00f1adura engomada Dos cierres a presi\u00f3n para una [&hellip;]\" \/>\n<meta property=\"og:url\" content=\"https:\/\/www.b-w-international.com\/es\/produkt\/action-case-pp-66-osmo-action-6\/\" \/>\n<meta property=\"og:site_name\" content=\"B&amp;W International\" \/>\n<meta property=\"article:modified_time\" content=\"2026-01-16T08:53:53+00:00\" \/>\n<meta property=\"og:image\" content=\"https:\/\/www.b-w-international.com\/wp-content\/uploads\/2026\/01\/2000_PP-66_BG_open-inlay-side-empty_dji-osmo-action-6_bw-international.jpg\" \/>\n\t<meta property=\"og:image:width\" content=\"1920\" \/>\n\t<meta property=\"og:image:height\" content=\"1920\" \/>\n\t<meta property=\"og:image:type\" content=\"image\/jpeg\" \/>\n<meta name=\"twitter:card\" content=\"summary_large_image\" \/>\n<meta name=\"twitter:label1\" content=\"Tiempo de lectura\" \/>\n\t<meta name=\"twitter:data1\" content=\"1 minuto\" \/>\n<script type=\"application\/ld+json\" class=\"yoast-schema-graph\">{\"@context\":\"https:\/\/schema.org\",\"@graph\":[{\"@type\":\"WebPage\",\"@id\":\"https:\/\/www.b-w-international.com\/es\/produkt\/action-case-pp-66-osmo-action-6\/\",\"url\":\"https:\/\/www.b-w-international.com\/es\/produkt\/action-case-pp-66-osmo-action-6\/\",\"name\":\"action.case PP.66.Osmo Action 6 | Estuche multiusos en blanco y negro tipo 2000 DJI Osmo Acion 6 - B&amp;W International\",\"isPartOf\":{\"@id\":\"https:\/\/www.b-w-international.com\/es\/#website\"},\"primaryImageOfPage\":{\"@id\":\"https:\/\/www.b-w-international.com\/es\/produkt\/action-case-pp-66-osmo-action-6\/#primaryimage\"},\"image\":{\"@id\":\"https:\/\/www.b-w-international.com\/es\/produkt\/action-case-pp-66-osmo-action-6\/#primaryimage\"},\"thumbnailUrl\":\"https:\/\/www.b-w-international.com\/wp-content\/uploads\/2026\/01\/2000_PP-66_BG_open-inlay-side-empty_dji-osmo-action-6_bw-international.jpg\",\"datePublished\":\"2026-01-08T09:05:02+00:00\",\"dateModified\":\"2026-01-16T08:53:53+00:00\",\"breadcrumb\":{\"@id\":\"https:\/\/www.b-w-international.com\/es\/produkt\/action-case-pp-66-osmo-action-6\/#breadcrumb\"},\"inLanguage\":\"es\",\"potentialAction\":[{\"@type\":\"ReadAction\",\"target\":[\"https:\/\/www.b-w-international.com\/es\/produkt\/action-case-pp-66-osmo-action-6\/\"]}]},{\"@type\":\"ImageObject\",\"inLanguage\":\"es\",\"@id\":\"https:\/\/www.b-w-international.com\/es\/produkt\/action-case-pp-66-osmo-action-6\/#primaryimage\",\"url\":\"https:\/\/www.b-w-international.com\/wp-content\/uploads\/2026\/01\/2000_PP-66_BG_open-inlay-side-empty_dji-osmo-action-6_bw-international.jpg\",\"contentUrl\":\"https:\/\/www.b-w-international.com\/wp-content\/uploads\/2026\/01\/2000_PP-66_BG_open-inlay-side-empty_dji-osmo-action-6_bw-international.jpg\",\"width\":1920,\"height\":1920,\"caption\":\"Abre la action.case PP.66.Osmo Action 6, una funda r\u00edgida multiusos blanca y negra (tipo 2000) con acolchado de espuma negra en la tapa y compartimentos de espuma azul personalizados para sujetar con seguridad tu DJI Osmo Action 6.\"},{\"@type\":\"BreadcrumbList\",\"@id\":\"https:\/\/www.b-w-international.com\/es\/produkt\/action-case-pp-66-osmo-action-6\/#breadcrumb\",\"itemListElement\":[{\"@type\":\"ListItem\",\"position\":1,\"name\":\"Home\",\"item\":\"https:\/\/www.b-w-international.com\/es\/\"},{\"@type\":\"ListItem\",\"position\":2,\"name\":\"Productos\",\"item\":\"https:\/\/www.b-w-international.com\/es\/tienda\/\"},{\"@type\":\"ListItem\",\"position\":3,\"name\":\"Maletas para drones y c\u00e1maras\",\"item\":\"https:\/\/www.b-w-international.com\/es\/produkte\/maletas-para-drones-y-camaras\/\"},{\"@type\":\"ListItem\",\"position\":4,\"name\":\"action.case PP.66.Osmo Action 6 | Estuche multiusos en blanco y negro tipo 2000 DJI Osmo Acion 6\"}]},{\"@type\":\"WebSite\",\"@id\":\"https:\/\/www.b-w-international.com\/es\/#website\",\"url\":\"https:\/\/www.b-w-international.com\/es\/\",\"name\":\"B&W International\",\"description\":\"\",\"publisher\":{\"@id\":\"https:\/\/www.b-w-international.com\/es\/#organization\"},\"potentialAction\":[{\"@type\":\"SearchAction\",\"target\":{\"@type\":\"EntryPoint\",\"urlTemplate\":\"https:\/\/www.b-w-international.com\/es\/?s={search_term_string}\"},\"query-input\":{\"@type\":\"PropertyValueSpecification\",\"valueRequired\":true,\"valueName\":\"search_term_string\"}}],\"inLanguage\":\"es\"},{\"@type\":\"Organization\",\"@id\":\"https:\/\/www.b-w-international.com\/es\/#organization\",\"name\":\"B&W International\",\"url\":\"https:\/\/www.b-w-international.com\/es\/\",\"logo\":{\"@type\":\"ImageObject\",\"inLanguage\":\"es\",\"@id\":\"https:\/\/www.b-w-international.com\/es\/#\/schema\/logo\/image\/\",\"url\":\"https:\/\/www.b-w-international.com\/wp-content\/uploads\/2024\/12\/16dbfc312f1eb060e7d95735c00f9ec6.png\",\"contentUrl\":\"https:\/\/www.b-w-international.com\/wp-content\/uploads\/2024\/12\/16dbfc312f1eb060e7d95735c00f9ec6.png\",\"width\":219,\"height\":82,\"caption\":\"B&W International\"},\"image\":{\"@id\":\"https:\/\/www.b-w-international.com\/es\/#\/schema\/logo\/image\/\"}}]}<\/script>","yoast_head_json":{"title":"action.case PP.66.Osmo Action 6 | Estuche multiusos en blanco y negro tipo 2000 DJI Osmo Acion 6 - B&amp;W International","robots":{"index":"index","follow":"follow","max-snippet":"max-snippet:-1","max-image-preview":"max-image-preview:large","max-video-preview":"max-video-preview:-1"},"canonical":"https:\/\/www.b-w-international.com\/es\/produkt\/action-case-pp-66-osmo-action-6\/","og_locale":"es_ES","og_type":"article","og_title":"action.case PP.66.Osmo Action 6 | Estuche multiusos en blanco y negro tipo 2000 DJI Osmo Acion 6 - B&amp;W International","og_description":"Caja extremadamente robusta: carcasa de polipropileno (PP) Probado seg\u00fan normas militares Aeronavegable: v\u00e1lvula autom\u00e1tica de igualaci\u00f3n de presi\u00f3n Robusto, resistente al polvo y al agua seg\u00fan IP67 Estable a la temperatura de -30\u00b0 C a +80\u00b0 C Placa identificativa apilable Dos ojales para candados (\u00d8 4,5 mm) Empu\u00f1adura engomada Dos cierres a presi\u00f3n para una [&hellip;]","og_url":"https:\/\/www.b-w-international.com\/es\/produkt\/action-case-pp-66-osmo-action-6\/","og_site_name":"B&amp;W International","article_modified_time":"2026-01-16T08:53:53+00:00","og_image":[{"width":1920,"height":1920,"url":"https:\/\/www.b-w-international.com\/wp-content\/uploads\/2026\/01\/2000_PP-66_BG_open-inlay-side-empty_dji-osmo-action-6_bw-international.jpg","type":"image\/jpeg"}],"twitter_card":"summary_large_image","twitter_misc":{"Tiempo de lectura":"1 minuto"},"schema":{"@context":"https:\/\/schema.org","@graph":[{"@type":"WebPage","@id":"https:\/\/www.b-w-international.com\/es\/produkt\/action-case-pp-66-osmo-action-6\/","url":"https:\/\/www.b-w-international.com\/es\/produkt\/action-case-pp-66-osmo-action-6\/","name":"action.case PP.66.Osmo Action 6 | Estuche multiusos en blanco y negro tipo 2000 DJI Osmo Acion 6 - B&amp;W International","isPartOf":{"@id":"https:\/\/www.b-w-international.com\/es\/#website"},"primaryImageOfPage":{"@id":"https:\/\/www.b-w-international.com\/es\/produkt\/action-case-pp-66-osmo-action-6\/#primaryimage"},"image":{"@id":"https:\/\/www.b-w-international.com\/es\/produkt\/action-case-pp-66-osmo-action-6\/#primaryimage"},"thumbnailUrl":"https:\/\/www.b-w-international.com\/wp-content\/uploads\/2026\/01\/2000_PP-66_BG_open-inlay-side-empty_dji-osmo-action-6_bw-international.jpg","datePublished":"2026-01-08T09:05:02+00:00","dateModified":"2026-01-16T08:53:53+00:00","breadcrumb":{"@id":"https:\/\/www.b-w-international.com\/es\/produkt\/action-case-pp-66-osmo-action-6\/#breadcrumb"},"inLanguage":"es","potentialAction":[{"@type":"ReadAction","target":["https:\/\/www.b-w-international.com\/es\/produkt\/action-case-pp-66-osmo-action-6\/"]}]},{"@type":"ImageObject","inLanguage":"es","@id":"https:\/\/www.b-w-international.com\/es\/produkt\/action-case-pp-66-osmo-action-6\/#primaryimage","url":"https:\/\/www.b-w-international.com\/wp-content\/uploads\/2026\/01\/2000_PP-66_BG_open-inlay-side-empty_dji-osmo-action-6_bw-international.jpg","contentUrl":"https:\/\/www.b-w-international.com\/wp-content\/uploads\/2026\/01\/2000_PP-66_BG_open-inlay-side-empty_dji-osmo-action-6_bw-international.jpg","width":1920,"height":1920,"caption":"Abre la action.case PP.66.Osmo Action 6, una funda r\u00edgida multiusos blanca y negra (tipo 2000) con acolchado de espuma negra en la tapa y compartimentos de espuma azul personalizados para sujetar con seguridad tu DJI Osmo Action 6."},{"@type":"BreadcrumbList","@id":"https:\/\/www.b-w-international.com\/es\/produkt\/action-case-pp-66-osmo-action-6\/#breadcrumb","itemListElement":[{"@type":"ListItem","position":1,"name":"Home","item":"https:\/\/www.b-w-international.com\/es\/"},{"@type":"ListItem","position":2,"name":"Productos","item":"https:\/\/www.b-w-international.com\/es\/tienda\/"},{"@type":"ListItem","position":3,"name":"Maletas para drones y c\u00e1maras","item":"https:\/\/www.b-w-international.com\/es\/produkte\/maletas-para-drones-y-camaras\/"},{"@type":"ListItem","position":4,"name":"action.case PP.66.Osmo Action 6 | Estuche multiusos en blanco y negro tipo 2000 DJI Osmo Acion 6"}]},{"@type":"WebSite","@id":"https:\/\/www.b-w-international.com\/es\/#website","url":"https:\/\/www.b-w-international.com\/es\/","name":"B&W International","description":"","publisher":{"@id":"https:\/\/www.b-w-international.com\/es\/#organization"},"potentialAction":[{"@type":"SearchAction","target":{"@type":"EntryPoint","urlTemplate":"https:\/\/www.b-w-international.com\/es\/?s={search_term_string}"},"query-input":{"@type":"PropertyValueSpecification","valueRequired":true,"valueName":"search_term_string"}}],"inLanguage":"es"},{"@type":"Organization","@id":"https:\/\/www.b-w-international.com\/es\/#organization","name":"B&W International","url":"https:\/\/www.b-w-international.com\/es\/","logo":{"@type":"ImageObject","inLanguage":"es","@id":"https:\/\/www.b-w-international.com\/es\/#\/schema\/logo\/image\/","url":"https:\/\/www.b-w-international.com\/wp-content\/uploads\/2024\/12\/16dbfc312f1eb060e7d95735c00f9ec6.png","contentUrl":"https:\/\/www.b-w-international.com\/wp-content\/uploads\/2024\/12\/16dbfc312f1eb060e7d95735c00f9ec6.png","width":219,"height":82,"caption":"B&W International"},"image":{"@id":"https:\/\/www.b-w-international.com\/es\/#\/schema\/logo\/image\/"}}]}},"_links":{"self":[{"href":"https:\/\/www.b-w-international.com\/es\/wp-json\/wp\/v2\/product\/23242","targetHints":{"allow":["GET"]}}],"collection":[{"href":"https:\/\/www.b-w-international.com\/es\/wp-json\/wp\/v2\/product"}],"about":[{"href":"https:\/\/www.b-w-international.com\/es\/wp-json\/wp\/v2\/types\/product"}],"wp:featuredmedia":[{"embeddable":true,"href":"https:\/\/www.b-w-international.com\/es\/wp-json\/wp\/v2\/media\/23275"}],"wp:attachment":[{"href":"https:\/\/www.b-w-international.com\/es\/wp-json\/wp\/v2\/media?parent=23242"}],"wp:term":[{"taxonomy":"product_brand","embeddable":true,"href":"https:\/\/www.b-w-international.com\/es\/wp-json\/wp\/v2\/product_brand?post=23242"},{"taxonomy":"product_cat","embeddable":true,"href":"https:\/\/www.b-w-international.com\/es\/wp-json\/wp\/v2\/product_cat?post=23242"},{"taxonomy":"product_tag","embeddable":true,"href":"https:\/\/www.b-w-international.com\/es\/wp-json\/wp\/v2\/product_tag?post=23242"}],"curies":[{"name":"wp","href":"https:\/\/api.w.org\/{rel}","templated":true}]}}