{"id":24365,"date":"2026-01-28T11:11:58","date_gmt":"2026-01-28T10:11:58","guid":{"rendered":"https:\/\/www.b-w-international.com\/?post_type=product&#038;p=24365"},"modified":"2026-01-28T11:47:08","modified_gmt":"2026-01-28T10:47:08","slug":"drone-case-pp-117-antigravity-a1","status":"publish","type":"product","link":"https:\/\/www.b-w-international.com\/es\/produkt\/drone-case-pp-117-antigravity-a1\/","title":{"rendered":"maleta para drones PP.117.Antigravedad-A1 | Maleta multiusos B&amp;W tipo 3000 Antigravedad A1"},"content":{"rendered":"<ul>\n<li>Caja extremadamente robusta: carcasa de polipropileno (PP)<\/li>\n<li>Probado seg\u00fan normas militares<\/li>\n<li>Aeronavegable: v\u00e1lvula autom\u00e1tica de igualaci\u00f3n de presi\u00f3n<\/li>\n<li>Robusto, resistente al polvo y al agua seg\u00fan IP67<\/li>\n<li>Estable a la temperatura de -30\u00b0 C a +80\u00b0 C<\/li>\n<li>Placa identificativa<\/li>\n<li>apilable<\/li>\n<li>Dos ojales para candados (\u00d8 7 mm)<\/li>\n<li>Asa de transporte engomada<\/li>\n<li>Dos cierres a presi\u00f3n para una m\u00e1xima protecci\u00f3n<\/li>\n<\/ul>\n<p><strong>El contenido del malet\u00edn mostrado no est\u00e1 incluido en el volumen de suministro.<\/strong><\/p>\n<div style=\"display:flex; gap:10px;justify-content:center\" class=\"wps-pgfw-pdf-generate-icon__wrapper-frontend\">\n\t\t<a  href=\"https:\/\/www.b-w-international.com\/es\/wp-json\/wp\/v2\/product\/24365\/?action=genpdf&amp;id=24365\" class=\"pgfw-single-pdf-download-button\" target=_blank><img src=\"https:\/\/www.b-w-international.com\/wp-content\/uploads\/2025\/03\/icon-download.svg\" title=\"Generar PDF\" style=\"width:auto; height:45px;\"><\/a>\n\t\t<\/div>","protected":false},"excerpt":{"rendered":"<p>Caja extremadamente robusta: carcasa de polipropileno (PP) Probado seg\u00fan normas militares Aeronavegable: v\u00e1lvula autom\u00e1tica de igualaci\u00f3n de presi\u00f3n Robusto, resistente al polvo y al agua seg\u00fan IP67 Estable a la temperatura de -30\u00b0 C a +80\u00b0 C Placa identificativa apilable Dos ojales para candados (\u00d8 7 mm) Asa de transporte engomada Dos cierres a presi\u00f3n [&hellip;]<\/p>\n","protected":false},"featured_media":24434,"template":"","meta":{"_acf_changed":false},"product_brand":[],"product_cat":[428,69],"product_tag":[],"class_list":{"0":"post-24365","1":"product","2":"type-product","3":"status-publish","4":"has-post-thumbnail","6":"product_features-2-anos-de-garantia","7":"product_features-2-argollas-para-candados","8":"product_features-apilable","9":"product_features-apto-para-volar","10":"product_features-asa-de-transporte-recubierta-de-goma","11":"product_features-asa-ergonomica","12":"product_features-extremadamente-resistente","13":"product_features-material-resistente","14":"product_features-resistente-a-la-temperatura","15":"product_features-resistente-al-agua-al-polvo-y-hermetico","16":"product_cat-drones-es","17":"product_cat-maletas-para-drones-y-camaras","18":"pa_farbe-amarillo","19":"pa_farbe-naranja","20":"pa_farbe-negro","21":"pa_farbe-verde-bronce","23":"first","24":"instock","25":"product-type-variable"},"acf":[],"yoast_head":"<title>maleta para drones PP.117.Antigravedad-A1 | Maleta multiusos B&amp;W tipo 3000 Antigravedad A1 - B&amp;W International<\/title>\n<meta name=\"description\" content=\"Funda para dron B&amp;W para Antigravity A1 \u2713Impermeable al agua \u2713Impermeable al polvo \u2713Extremadamente resistente a los golpes \u2794 \u00a1Desc\u00fabrela ahora!\" \/>\n<meta name=\"robots\" content=\"index, follow, max-snippet:-1, max-image-preview:large, max-video-preview:-1\" \/>\n<link rel=\"canonical\" href=\"https:\/\/www.b-w-international.com\/es\/produkt\/drone-case-pp-117-antigravity-a1\/\" \/>\n<meta property=\"og:locale\" content=\"es_ES\" \/>\n<meta property=\"og:type\" content=\"article\" \/>\n<meta property=\"og:title\" content=\"maleta para drones PP.117.Antigravedad-A1 | Maleta multiusos B&amp;W tipo 3000 Antigravedad A1 - B&amp;W International\" \/>\n<meta property=\"og:description\" content=\"Funda para dron B&amp;W para Antigravity A1 \u2713Impermeable al agua \u2713Impermeable al polvo \u2713Extremadamente resistente a los golpes \u2794 \u00a1Desc\u00fabrela ahora!\" \/>\n<meta property=\"og:url\" content=\"https:\/\/www.b-w-international.com\/es\/produkt\/drone-case-pp-117-antigravity-a1\/\" \/>\n<meta property=\"og:site_name\" content=\"B&amp;W International\" \/>\n<meta property=\"article:modified_time\" content=\"2026-01-28T10:47:08+00:00\" \/>\n<meta property=\"og:image\" content=\"https:\/\/www.b-w-international.com\/wp-content\/uploads\/2026\/01\/3000_PP-117_Y_open-inlay-side-empty_antigravitiy-a1_bw-international.jpg\" \/>\n\t<meta property=\"og:image:width\" content=\"1920\" \/>\n\t<meta property=\"og:image:height\" content=\"1920\" \/>\n\t<meta property=\"og:image:type\" content=\"image\/jpeg\" \/>\n<meta name=\"twitter:card\" content=\"summary_large_image\" \/>\n<meta name=\"twitter:label1\" content=\"Tiempo de lectura\" \/>\n\t<meta name=\"twitter:data1\" content=\"1 minuto\" \/>\n<script type=\"application\/ld+json\" class=\"yoast-schema-graph\">{\"@context\":\"https:\/\/schema.org\",\"@graph\":[{\"@type\":\"WebPage\",\"@id\":\"https:\/\/www.b-w-international.com\/es\/produkt\/drone-case-pp-117-antigravity-a1\/\",\"url\":\"https:\/\/www.b-w-international.com\/es\/produkt\/drone-case-pp-117-antigravity-a1\/\",\"name\":\"maleta para drones PP.117.Antigravedad-A1 | Maleta multiusos B&amp;W tipo 3000 Antigravedad A1 - B&amp;W International\",\"isPartOf\":{\"@id\":\"https:\/\/www.b-w-international.com\/es\/#website\"},\"primaryImageOfPage\":{\"@id\":\"https:\/\/www.b-w-international.com\/es\/produkt\/drone-case-pp-117-antigravity-a1\/#primaryimage\"},\"image\":{\"@id\":\"https:\/\/www.b-w-international.com\/es\/produkt\/drone-case-pp-117-antigravity-a1\/#primaryimage\"},\"thumbnailUrl\":\"https:\/\/www.b-w-international.com\/wp-content\/uploads\/2026\/01\/3000_PP-117_Y_open-inlay-side-empty_antigravitiy-a1_bw-international.jpg\",\"datePublished\":\"2026-01-28T10:11:58+00:00\",\"dateModified\":\"2026-01-28T10:47:08+00:00\",\"description\":\"Funda para dron B&W para Antigravity A1 \u2713Impermeable al agua \u2713Impermeable al polvo \u2713Extremadamente resistente a los golpes \u2794 \u00a1Desc\u00fabrela ahora!\",\"breadcrumb\":{\"@id\":\"https:\/\/www.b-w-international.com\/es\/produkt\/drone-case-pp-117-antigravity-a1\/#breadcrumb\"},\"inLanguage\":\"es\",\"potentialAction\":[{\"@type\":\"ReadAction\",\"target\":[\"https:\/\/www.b-w-international.com\/es\/produkt\/drone-case-pp-117-antigravity-a1\/\"]}]},{\"@type\":\"ImageObject\",\"inLanguage\":\"es\",\"@id\":\"https:\/\/www.b-w-international.com\/es\/produkt\/drone-case-pp-117-antigravity-a1\/#primaryimage\",\"url\":\"https:\/\/www.b-w-international.com\/wp-content\/uploads\/2026\/01\/3000_PP-117_Y_open-inlay-side-empty_antigravitiy-a1_bw-international.jpg\",\"contentUrl\":\"https:\/\/www.b-w-international.com\/wp-content\/uploads\/2026\/01\/3000_PP-117_Y_open-inlay-side-empty_antigravitiy-a1_bw-international.jpg\",\"width\":1920,\"height\":1920,\"caption\":\"Una maleta amarilla B&W para drones PP.117.Antigravedad-A1, tipo 3000, de pl\u00e1stico duro con pestillos negros, abierta para mostrar inserciones de espuma azul personalizada y espuma de caja de huevos en la tapa.\"},{\"@type\":\"BreadcrumbList\",\"@id\":\"https:\/\/www.b-w-international.com\/es\/produkt\/drone-case-pp-117-antigravity-a1\/#breadcrumb\",\"itemListElement\":[{\"@type\":\"ListItem\",\"position\":1,\"name\":\"Home\",\"item\":\"https:\/\/www.b-w-international.com\/es\/\"},{\"@type\":\"ListItem\",\"position\":2,\"name\":\"Productos\",\"item\":\"https:\/\/www.b-w-international.com\/es\/tienda\/\"},{\"@type\":\"ListItem\",\"position\":3,\"name\":\"Maletas para drones y c\u00e1maras\",\"item\":\"https:\/\/www.b-w-international.com\/es\/produkte\/maletas-para-drones-y-camaras\/\"},{\"@type\":\"ListItem\",\"position\":4,\"name\":\"maleta para drones PP.117.Antigravedad-A1 | Maleta multiusos B&amp;W tipo 3000 Antigravedad A1\"}]},{\"@type\":\"WebSite\",\"@id\":\"https:\/\/www.b-w-international.com\/es\/#website\",\"url\":\"https:\/\/www.b-w-international.com\/es\/\",\"name\":\"B&W International\",\"description\":\"\",\"publisher\":{\"@id\":\"https:\/\/www.b-w-international.com\/es\/#organization\"},\"potentialAction\":[{\"@type\":\"SearchAction\",\"target\":{\"@type\":\"EntryPoint\",\"urlTemplate\":\"https:\/\/www.b-w-international.com\/es\/?s={search_term_string}\"},\"query-input\":{\"@type\":\"PropertyValueSpecification\",\"valueRequired\":true,\"valueName\":\"search_term_string\"}}],\"inLanguage\":\"es\"},{\"@type\":\"Organization\",\"@id\":\"https:\/\/www.b-w-international.com\/es\/#organization\",\"name\":\"B&W International\",\"url\":\"https:\/\/www.b-w-international.com\/es\/\",\"logo\":{\"@type\":\"ImageObject\",\"inLanguage\":\"es\",\"@id\":\"https:\/\/www.b-w-international.com\/es\/#\/schema\/logo\/image\/\",\"url\":\"https:\/\/www.b-w-international.com\/wp-content\/uploads\/2024\/12\/16dbfc312f1eb060e7d95735c00f9ec6.png\",\"contentUrl\":\"https:\/\/www.b-w-international.com\/wp-content\/uploads\/2024\/12\/16dbfc312f1eb060e7d95735c00f9ec6.png\",\"width\":219,\"height\":82,\"caption\":\"B&W International\"},\"image\":{\"@id\":\"https:\/\/www.b-w-international.com\/es\/#\/schema\/logo\/image\/\"}}]}<\/script>","yoast_head_json":{"title":"maleta para drones PP.117.Antigravedad-A1 | Maleta multiusos B&amp;W tipo 3000 Antigravedad A1 - B&amp;W International","description":"Funda para dron B&W para Antigravity A1 \u2713Impermeable al agua \u2713Impermeable al polvo \u2713Extremadamente resistente a los golpes \u2794 \u00a1Desc\u00fabrela ahora!","robots":{"index":"index","follow":"follow","max-snippet":"max-snippet:-1","max-image-preview":"max-image-preview:large","max-video-preview":"max-video-preview:-1"},"canonical":"https:\/\/www.b-w-international.com\/es\/produkt\/drone-case-pp-117-antigravity-a1\/","og_locale":"es_ES","og_type":"article","og_title":"maleta para drones PP.117.Antigravedad-A1 | Maleta multiusos B&amp;W tipo 3000 Antigravedad A1 - B&amp;W International","og_description":"Funda para dron B&W para Antigravity A1 \u2713Impermeable al agua \u2713Impermeable al polvo \u2713Extremadamente resistente a los golpes \u2794 \u00a1Desc\u00fabrela ahora!","og_url":"https:\/\/www.b-w-international.com\/es\/produkt\/drone-case-pp-117-antigravity-a1\/","og_site_name":"B&amp;W International","article_modified_time":"2026-01-28T10:47:08+00:00","og_image":[{"width":1920,"height":1920,"url":"https:\/\/www.b-w-international.com\/wp-content\/uploads\/2026\/01\/3000_PP-117_Y_open-inlay-side-empty_antigravitiy-a1_bw-international.jpg","type":"image\/jpeg"}],"twitter_card":"summary_large_image","twitter_misc":{"Tiempo de lectura":"1 minuto"},"schema":{"@context":"https:\/\/schema.org","@graph":[{"@type":"WebPage","@id":"https:\/\/www.b-w-international.com\/es\/produkt\/drone-case-pp-117-antigravity-a1\/","url":"https:\/\/www.b-w-international.com\/es\/produkt\/drone-case-pp-117-antigravity-a1\/","name":"maleta para drones PP.117.Antigravedad-A1 | Maleta multiusos B&amp;W tipo 3000 Antigravedad A1 - B&amp;W International","isPartOf":{"@id":"https:\/\/www.b-w-international.com\/es\/#website"},"primaryImageOfPage":{"@id":"https:\/\/www.b-w-international.com\/es\/produkt\/drone-case-pp-117-antigravity-a1\/#primaryimage"},"image":{"@id":"https:\/\/www.b-w-international.com\/es\/produkt\/drone-case-pp-117-antigravity-a1\/#primaryimage"},"thumbnailUrl":"https:\/\/www.b-w-international.com\/wp-content\/uploads\/2026\/01\/3000_PP-117_Y_open-inlay-side-empty_antigravitiy-a1_bw-international.jpg","datePublished":"2026-01-28T10:11:58+00:00","dateModified":"2026-01-28T10:47:08+00:00","description":"Funda para dron B&W para Antigravity A1 \u2713Impermeable al agua \u2713Impermeable al polvo \u2713Extremadamente resistente a los golpes \u2794 \u00a1Desc\u00fabrela ahora!","breadcrumb":{"@id":"https:\/\/www.b-w-international.com\/es\/produkt\/drone-case-pp-117-antigravity-a1\/#breadcrumb"},"inLanguage":"es","potentialAction":[{"@type":"ReadAction","target":["https:\/\/www.b-w-international.com\/es\/produkt\/drone-case-pp-117-antigravity-a1\/"]}]},{"@type":"ImageObject","inLanguage":"es","@id":"https:\/\/www.b-w-international.com\/es\/produkt\/drone-case-pp-117-antigravity-a1\/#primaryimage","url":"https:\/\/www.b-w-international.com\/wp-content\/uploads\/2026\/01\/3000_PP-117_Y_open-inlay-side-empty_antigravitiy-a1_bw-international.jpg","contentUrl":"https:\/\/www.b-w-international.com\/wp-content\/uploads\/2026\/01\/3000_PP-117_Y_open-inlay-side-empty_antigravitiy-a1_bw-international.jpg","width":1920,"height":1920,"caption":"Una maleta amarilla B&W para drones PP.117.Antigravedad-A1, tipo 3000, de pl\u00e1stico duro con pestillos negros, abierta para mostrar inserciones de espuma azul personalizada y espuma de caja de huevos en la tapa."},{"@type":"BreadcrumbList","@id":"https:\/\/www.b-w-international.com\/es\/produkt\/drone-case-pp-117-antigravity-a1\/#breadcrumb","itemListElement":[{"@type":"ListItem","position":1,"name":"Home","item":"https:\/\/www.b-w-international.com\/es\/"},{"@type":"ListItem","position":2,"name":"Productos","item":"https:\/\/www.b-w-international.com\/es\/tienda\/"},{"@type":"ListItem","position":3,"name":"Maletas para drones y c\u00e1maras","item":"https:\/\/www.b-w-international.com\/es\/produkte\/maletas-para-drones-y-camaras\/"},{"@type":"ListItem","position":4,"name":"maleta para drones PP.117.Antigravedad-A1 | Maleta multiusos B&amp;W tipo 3000 Antigravedad A1"}]},{"@type":"WebSite","@id":"https:\/\/www.b-w-international.com\/es\/#website","url":"https:\/\/www.b-w-international.com\/es\/","name":"B&W International","description":"","publisher":{"@id":"https:\/\/www.b-w-international.com\/es\/#organization"},"potentialAction":[{"@type":"SearchAction","target":{"@type":"EntryPoint","urlTemplate":"https:\/\/www.b-w-international.com\/es\/?s={search_term_string}"},"query-input":{"@type":"PropertyValueSpecification","valueRequired":true,"valueName":"search_term_string"}}],"inLanguage":"es"},{"@type":"Organization","@id":"https:\/\/www.b-w-international.com\/es\/#organization","name":"B&W International","url":"https:\/\/www.b-w-international.com\/es\/","logo":{"@type":"ImageObject","inLanguage":"es","@id":"https:\/\/www.b-w-international.com\/es\/#\/schema\/logo\/image\/","url":"https:\/\/www.b-w-international.com\/wp-content\/uploads\/2024\/12\/16dbfc312f1eb060e7d95735c00f9ec6.png","contentUrl":"https:\/\/www.b-w-international.com\/wp-content\/uploads\/2024\/12\/16dbfc312f1eb060e7d95735c00f9ec6.png","width":219,"height":82,"caption":"B&W International"},"image":{"@id":"https:\/\/www.b-w-international.com\/es\/#\/schema\/logo\/image\/"}}]}},"_links":{"self":[{"href":"https:\/\/www.b-w-international.com\/es\/wp-json\/wp\/v2\/product\/24365","targetHints":{"allow":["GET"]}}],"collection":[{"href":"https:\/\/www.b-w-international.com\/es\/wp-json\/wp\/v2\/product"}],"about":[{"href":"https:\/\/www.b-w-international.com\/es\/wp-json\/wp\/v2\/types\/product"}],"wp:featuredmedia":[{"embeddable":true,"href":"https:\/\/www.b-w-international.com\/es\/wp-json\/wp\/v2\/media\/24434"}],"wp:attachment":[{"href":"https:\/\/www.b-w-international.com\/es\/wp-json\/wp\/v2\/media?parent=24365"}],"wp:term":[{"taxonomy":"product_brand","embeddable":true,"href":"https:\/\/www.b-w-international.com\/es\/wp-json\/wp\/v2\/product_brand?post=24365"},{"taxonomy":"product_cat","embeddable":true,"href":"https:\/\/www.b-w-international.com\/es\/wp-json\/wp\/v2\/product_cat?post=24365"},{"taxonomy":"product_tag","embeddable":true,"href":"https:\/\/www.b-w-international.com\/es\/wp-json\/wp\/v2\/product_tag?post=24365"}],"curies":[{"name":"wp","href":"https:\/\/api.w.org\/{rel}","templated":true}]}}