{"id":26166,"date":"2026-04-08T12:17:18","date_gmt":"2026-04-08T10:17:18","guid":{"rendered":"https:\/\/www.b-w-international.com\/?post_type=product&#038;p=26166"},"modified":"2026-04-08T14:31:17","modified_gmt":"2026-04-08T12:31:17","slug":"quantum-case-pp-116","status":"publish","type":"product","link":"https:\/\/www.b-w-international.com\/es\/produkt\/quantum-case-pp-116\/","title":{"rendered":"Quantum.case PP.116 | ByW Quantum T 1100"},"content":{"rendered":"<ul>\n<li>4 tama\u00f1os<\/li>\n<li>Doble pared<\/li>\n<li>Soluci\u00f3n de envasado moderna y funcional<\/li>\n<li>Asa plegable y ergon\u00f3mica<\/li>\n<li>Bisagra de l\u00e1mina integrada de eficacia probada<\/li>\n<li>Gran capacidad de carga<\/li>\n<li>N\u00facleo interior personalizable<\/li>\n<\/ul>\n<div style=\"display:flex; gap:10px;justify-content:center\" class=\"wps-pgfw-pdf-generate-icon__wrapper-frontend\">\n\t\t<a  href=\"https:\/\/www.b-w-international.com\/es\/wp-json\/wp\/v2\/product\/26166\/?action=genpdf&amp;id=26166\" class=\"pgfw-single-pdf-download-button\" target=_blank><img src=\"https:\/\/www.b-w-international.com\/wp-content\/uploads\/2025\/03\/icon-download.svg\" title=\"Generar PDF\" style=\"width:auto; height:45px;\"><\/a>\n\t\t<\/div>","protected":false},"excerpt":{"rendered":"<p>4 tama\u00f1os Doble pared Soluci\u00f3n de envasado moderna y funcional Asa plegable y ergon\u00f3mica Bisagra de l\u00e1mina integrada de eficacia probada Gran capacidad de carga N\u00facleo interior personalizable<\/p>\n","protected":false},"featured_media":26110,"template":"","meta":{"_acf_changed":false},"product_brand":[],"product_cat":[886],"product_tag":[],"class_list":{"0":"post-26166","1":"product","2":"type-product","3":"status-publish","4":"has-post-thumbnail","6":"product_cat-caso-de-presentacion","7":"pa_farbe-negro","9":"first","10":"instock","11":"shipping-taxable","12":"product-type-variable"},"acf":[],"yoast_head":"<title>Quantum.case PP.116 | ByW Quantum T 1100 - B&amp;W International<\/title>\n<meta name=\"robots\" content=\"index, follow, max-snippet:-1, max-image-preview:large, max-video-preview:-1\" \/>\n<link rel=\"canonical\" href=\"https:\/\/www.b-w-international.com\/es\/produkt\/quantum-case-pp-116\/\" \/>\n<meta property=\"og:locale\" content=\"es_ES\" \/>\n<meta property=\"og:type\" content=\"article\" \/>\n<meta property=\"og:title\" content=\"Quantum.case PP.116 | ByW Quantum T 1100 - B&amp;W International\" \/>\n<meta property=\"og:description\" content=\"4 tama\u00f1os Doble pared Soluci\u00f3n de envasado moderna y funcional Asa plegable y ergon\u00f3mica Bisagra de l\u00e1mina integrada de eficacia probada Gran capacidad de carga N\u00facleo interior personalizable\" \/>\n<meta property=\"og:url\" content=\"https:\/\/www.b-w-international.com\/es\/produkt\/quantum-case-pp-116\/\" \/>\n<meta property=\"og:site_name\" content=\"B&amp;W International\" \/>\n<meta property=\"article:modified_time\" content=\"2026-04-08T12:31:17+00:00\" \/>\n<meta property=\"og:image\" content=\"https:\/\/www.b-w-international.com\/wp-content\/uploads\/2026\/03\/Quantum-case_PP-116_B_closed-standing_bw-international.jpg\" \/>\n\t<meta property=\"og:image:width\" content=\"1920\" \/>\n\t<meta property=\"og:image:height\" content=\"1920\" \/>\n\t<meta property=\"og:image:type\" content=\"image\/jpeg\" \/>\n<meta name=\"twitter:card\" content=\"summary_large_image\" \/>\n<meta name=\"twitter:label1\" content=\"Tiempo de lectura\" \/>\n\t<meta name=\"twitter:data1\" content=\"1 minuto\" \/>\n<script type=\"application\/ld+json\" class=\"yoast-schema-graph\">{\"@context\":\"https:\/\/schema.org\",\"@graph\":[{\"@type\":\"WebPage\",\"@id\":\"https:\/\/www.b-w-international.com\/es\/produkt\/quantum-case-pp-116\/\",\"url\":\"https:\/\/www.b-w-international.com\/es\/produkt\/quantum-case-pp-116\/\",\"name\":\"Quantum.case PP.116 | ByW Quantum T 1100 - B&amp;W International\",\"isPartOf\":{\"@id\":\"https:\/\/www.b-w-international.com\/es\/#website\"},\"primaryImageOfPage\":{\"@id\":\"https:\/\/www.b-w-international.com\/es\/produkt\/quantum-case-pp-116\/#primaryimage\"},\"image\":{\"@id\":\"https:\/\/www.b-w-international.com\/es\/produkt\/quantum-case-pp-116\/#primaryimage\"},\"thumbnailUrl\":\"https:\/\/www.b-w-international.com\/wp-content\/uploads\/2026\/03\/Quantum-case_PP-116_B_closed-standing_bw-international.jpg\",\"datePublished\":\"2026-04-08T10:17:18+00:00\",\"dateModified\":\"2026-04-08T12:31:17+00:00\",\"breadcrumb\":{\"@id\":\"https:\/\/www.b-w-international.com\/es\/produkt\/quantum-case-pp-116\/#breadcrumb\"},\"inLanguage\":\"es\",\"potentialAction\":[{\"@type\":\"ReadAction\",\"target\":[\"https:\/\/www.b-w-international.com\/es\/produkt\/quantum-case-pp-116\/\"]}]},{\"@type\":\"ImageObject\",\"inLanguage\":\"es\",\"@id\":\"https:\/\/www.b-w-international.com\/es\/produkt\/quantum-case-pp-116\/#primaryimage\",\"url\":\"https:\/\/www.b-w-international.com\/wp-content\/uploads\/2026\/03\/Quantum-case_PP-116_B_closed-standing_bw-international.jpg\",\"contentUrl\":\"https:\/\/www.b-w-international.com\/wp-content\/uploads\/2026\/03\/Quantum-case_PP-116_B_closed-standing_bw-international.jpg\",\"width\":1920,\"height\":1920},{\"@type\":\"BreadcrumbList\",\"@id\":\"https:\/\/www.b-w-international.com\/es\/produkt\/quantum-case-pp-116\/#breadcrumb\",\"itemListElement\":[{\"@type\":\"ListItem\",\"position\":1,\"name\":\"Home\",\"item\":\"https:\/\/www.b-w-international.com\/es\/pagina-de-inicio\/\"},{\"@type\":\"ListItem\",\"position\":2,\"name\":\"Productos\",\"item\":\"https:\/\/www.b-w-international.com\/es\/tienda\/\"},{\"@type\":\"ListItem\",\"position\":3,\"name\":\"Caso de presentaci\u00f3n\",\"item\":\"https:\/\/www.b-w-international.com\/es\/produkte\/caso-de-presentacion\/\"},{\"@type\":\"ListItem\",\"position\":4,\"name\":\"Quantum.case PP.116 | ByW Quantum T 1100\"}]},{\"@type\":\"WebSite\",\"@id\":\"https:\/\/www.b-w-international.com\/es\/#website\",\"url\":\"https:\/\/www.b-w-international.com\/es\/\",\"name\":\"B&W International\",\"description\":\"\",\"publisher\":{\"@id\":\"https:\/\/www.b-w-international.com\/es\/#organization\"},\"potentialAction\":[{\"@type\":\"SearchAction\",\"target\":{\"@type\":\"EntryPoint\",\"urlTemplate\":\"https:\/\/www.b-w-international.com\/es\/?s={search_term_string}\"},\"query-input\":{\"@type\":\"PropertyValueSpecification\",\"valueRequired\":true,\"valueName\":\"search_term_string\"}}],\"inLanguage\":\"es\"},{\"@type\":\"Organization\",\"@id\":\"https:\/\/www.b-w-international.com\/es\/#organization\",\"name\":\"B&W International\",\"url\":\"https:\/\/www.b-w-international.com\/es\/\",\"logo\":{\"@type\":\"ImageObject\",\"inLanguage\":\"es\",\"@id\":\"https:\/\/www.b-w-international.com\/es\/#\/schema\/logo\/image\/\",\"url\":\"https:\/\/www.b-w-international.com\/wp-content\/uploads\/2024\/12\/16dbfc312f1eb060e7d95735c00f9ec6.png\",\"contentUrl\":\"https:\/\/www.b-w-international.com\/wp-content\/uploads\/2024\/12\/16dbfc312f1eb060e7d95735c00f9ec6.png\",\"width\":219,\"height\":82,\"caption\":\"B&W International\"},\"image\":{\"@id\":\"https:\/\/www.b-w-international.com\/es\/#\/schema\/logo\/image\/\"}}]}<\/script>","yoast_head_json":{"title":"Quantum.case PP.116 | ByW Quantum T 1100 - B&amp;W International","robots":{"index":"index","follow":"follow","max-snippet":"max-snippet:-1","max-image-preview":"max-image-preview:large","max-video-preview":"max-video-preview:-1"},"canonical":"https:\/\/www.b-w-international.com\/es\/produkt\/quantum-case-pp-116\/","og_locale":"es_ES","og_type":"article","og_title":"Quantum.case PP.116 | ByW Quantum T 1100 - B&amp;W International","og_description":"4 tama\u00f1os Doble pared Soluci\u00f3n de envasado moderna y funcional Asa plegable y ergon\u00f3mica Bisagra de l\u00e1mina integrada de eficacia probada Gran capacidad de carga N\u00facleo interior personalizable","og_url":"https:\/\/www.b-w-international.com\/es\/produkt\/quantum-case-pp-116\/","og_site_name":"B&amp;W International","article_modified_time":"2026-04-08T12:31:17+00:00","og_image":[{"width":1920,"height":1920,"url":"https:\/\/www.b-w-international.com\/wp-content\/uploads\/2026\/03\/Quantum-case_PP-116_B_closed-standing_bw-international.jpg","type":"image\/jpeg"}],"twitter_card":"summary_large_image","twitter_misc":{"Tiempo de lectura":"1 minuto"},"schema":{"@context":"https:\/\/schema.org","@graph":[{"@type":"WebPage","@id":"https:\/\/www.b-w-international.com\/es\/produkt\/quantum-case-pp-116\/","url":"https:\/\/www.b-w-international.com\/es\/produkt\/quantum-case-pp-116\/","name":"Quantum.case PP.116 | ByW Quantum T 1100 - B&amp;W International","isPartOf":{"@id":"https:\/\/www.b-w-international.com\/es\/#website"},"primaryImageOfPage":{"@id":"https:\/\/www.b-w-international.com\/es\/produkt\/quantum-case-pp-116\/#primaryimage"},"image":{"@id":"https:\/\/www.b-w-international.com\/es\/produkt\/quantum-case-pp-116\/#primaryimage"},"thumbnailUrl":"https:\/\/www.b-w-international.com\/wp-content\/uploads\/2026\/03\/Quantum-case_PP-116_B_closed-standing_bw-international.jpg","datePublished":"2026-04-08T10:17:18+00:00","dateModified":"2026-04-08T12:31:17+00:00","breadcrumb":{"@id":"https:\/\/www.b-w-international.com\/es\/produkt\/quantum-case-pp-116\/#breadcrumb"},"inLanguage":"es","potentialAction":[{"@type":"ReadAction","target":["https:\/\/www.b-w-international.com\/es\/produkt\/quantum-case-pp-116\/"]}]},{"@type":"ImageObject","inLanguage":"es","@id":"https:\/\/www.b-w-international.com\/es\/produkt\/quantum-case-pp-116\/#primaryimage","url":"https:\/\/www.b-w-international.com\/wp-content\/uploads\/2026\/03\/Quantum-case_PP-116_B_closed-standing_bw-international.jpg","contentUrl":"https:\/\/www.b-w-international.com\/wp-content\/uploads\/2026\/03\/Quantum-case_PP-116_B_closed-standing_bw-international.jpg","width":1920,"height":1920},{"@type":"BreadcrumbList","@id":"https:\/\/www.b-w-international.com\/es\/produkt\/quantum-case-pp-116\/#breadcrumb","itemListElement":[{"@type":"ListItem","position":1,"name":"Home","item":"https:\/\/www.b-w-international.com\/es\/pagina-de-inicio\/"},{"@type":"ListItem","position":2,"name":"Productos","item":"https:\/\/www.b-w-international.com\/es\/tienda\/"},{"@type":"ListItem","position":3,"name":"Caso de presentaci\u00f3n","item":"https:\/\/www.b-w-international.com\/es\/produkte\/caso-de-presentacion\/"},{"@type":"ListItem","position":4,"name":"Quantum.case PP.116 | ByW Quantum T 1100"}]},{"@type":"WebSite","@id":"https:\/\/www.b-w-international.com\/es\/#website","url":"https:\/\/www.b-w-international.com\/es\/","name":"B&W International","description":"","publisher":{"@id":"https:\/\/www.b-w-international.com\/es\/#organization"},"potentialAction":[{"@type":"SearchAction","target":{"@type":"EntryPoint","urlTemplate":"https:\/\/www.b-w-international.com\/es\/?s={search_term_string}"},"query-input":{"@type":"PropertyValueSpecification","valueRequired":true,"valueName":"search_term_string"}}],"inLanguage":"es"},{"@type":"Organization","@id":"https:\/\/www.b-w-international.com\/es\/#organization","name":"B&W International","url":"https:\/\/www.b-w-international.com\/es\/","logo":{"@type":"ImageObject","inLanguage":"es","@id":"https:\/\/www.b-w-international.com\/es\/#\/schema\/logo\/image\/","url":"https:\/\/www.b-w-international.com\/wp-content\/uploads\/2024\/12\/16dbfc312f1eb060e7d95735c00f9ec6.png","contentUrl":"https:\/\/www.b-w-international.com\/wp-content\/uploads\/2024\/12\/16dbfc312f1eb060e7d95735c00f9ec6.png","width":219,"height":82,"caption":"B&W International"},"image":{"@id":"https:\/\/www.b-w-international.com\/es\/#\/schema\/logo\/image\/"}}]}},"_links":{"self":[{"href":"https:\/\/www.b-w-international.com\/es\/wp-json\/wp\/v2\/product\/26166","targetHints":{"allow":["GET"]}}],"collection":[{"href":"https:\/\/www.b-w-international.com\/es\/wp-json\/wp\/v2\/product"}],"about":[{"href":"https:\/\/www.b-w-international.com\/es\/wp-json\/wp\/v2\/types\/product"}],"wp:featuredmedia":[{"embeddable":true,"href":"https:\/\/www.b-w-international.com\/es\/wp-json\/wp\/v2\/media\/26110"}],"wp:attachment":[{"href":"https:\/\/www.b-w-international.com\/es\/wp-json\/wp\/v2\/media?parent=26166"}],"wp:term":[{"taxonomy":"product_brand","embeddable":true,"href":"https:\/\/www.b-w-international.com\/es\/wp-json\/wp\/v2\/product_brand?post=26166"},{"taxonomy":"product_cat","embeddable":true,"href":"https:\/\/www.b-w-international.com\/es\/wp-json\/wp\/v2\/product_cat?post=26166"},{"taxonomy":"product_tag","embeddable":true,"href":"https:\/\/www.b-w-international.com\/es\/wp-json\/wp\/v2\/product_tag?post=26166"}],"curies":[{"name":"wp","href":"https:\/\/api.w.org\/{rel}","templated":true}]}}