{"id":27025,"date":"2026-02-18T13:19:57","date_gmt":"2026-02-18T12:19:57","guid":{"rendered":"https:\/\/www.b-w-international.com\/?post_type=product&#038;p=27025"},"modified":"2026-04-29T07:55:04","modified_gmt":"2026-04-29T05:55:04","slug":"mini-case-pp-35","status":"publish","type":"product","link":"https:\/\/www.b-w-international.com\/es\/produkt\/mini-case-pp-35\/","title":{"rendered":"Mini.case PP.35 I B&amp;W minibag 3"},"content":{"rendered":"<ul>\n<li>disponible en negro, gris claro, azul<\/li>\n<li>Soluci\u00f3n de embalaje y transporte para productos peque\u00f1os<\/li>\n<li>Base profunda para mayor volumen y aprovechamiento \u00f3ptimo del espacio<\/li>\n<li>Asa integrada<\/li>\n<li>con bisagra de pel\u00edcula<\/li>\n<li>Bajo peso muerto<\/li>\n<\/ul>\n<div style=\"display:flex; gap:10px;justify-content:center\" class=\"wps-pgfw-pdf-generate-icon__wrapper-frontend\">\n\t\t<a  href=\"https:\/\/www.b-w-international.com\/es\/wp-json\/wp\/v2\/product\/27025\/?action=genpdf&amp;id=27025\" class=\"pgfw-single-pdf-download-button\" target=_blank><img src=\"https:\/\/www.b-w-international.com\/wp-content\/uploads\/2025\/03\/icon-download.svg\" title=\"Generar PDF\" style=\"width:auto; height:45px;\"><\/a>\n\t\t<\/div>","protected":false},"excerpt":{"rendered":"<p>disponible en negro, gris claro, azul Soluci\u00f3n de embalaje y transporte para productos peque\u00f1os Base profunda para mayor volumen y aprovechamiento \u00f3ptimo del espacio Asa integrada con bisagra de pel\u00edcula Bajo peso muerto<\/p>\n","protected":false},"featured_media":27016,"template":"","meta":{"_acf_changed":false},"product_brand":[],"product_cat":[886],"product_tag":[],"class_list":{"0":"post-27025","1":"product","2":"type-product","3":"status-publish","4":"has-post-thumbnail","6":"product_cat-caso-de-presentacion","7":"pa_farbe-negro","9":"first","10":"instock","11":"shipping-taxable","12":"product-type-variable"},"acf":[],"yoast_head":"<title>Mini.case PP.35 I B&amp;W minibag 3 - B&amp;W International<\/title>\n<meta name=\"robots\" content=\"index, follow, max-snippet:-1, max-image-preview:large, max-video-preview:-1\" \/>\n<link rel=\"canonical\" href=\"https:\/\/www.b-w-international.com\/es\/produkt\/mini-case-pp-35\/\" \/>\n<meta property=\"og:locale\" content=\"es_ES\" \/>\n<meta property=\"og:type\" content=\"article\" \/>\n<meta property=\"og:title\" content=\"Mini.case PP.35 I B&amp;W minibag 3 - B&amp;W International\" \/>\n<meta property=\"og:description\" content=\"disponible en negro, gris claro, azul Soluci\u00f3n de embalaje y transporte para productos peque\u00f1os Base profunda para mayor volumen y aprovechamiento \u00f3ptimo del espacio Asa integrada con bisagra de pel\u00edcula Bajo peso muerto\" \/>\n<meta property=\"og:url\" content=\"https:\/\/www.b-w-international.com\/es\/produkt\/mini-case-pp-35\/\" \/>\n<meta property=\"og:site_name\" content=\"B&amp;W International\" \/>\n<meta property=\"article:modified_time\" content=\"2026-04-29T05:55:04+00:00\" \/>\n<meta property=\"og:image\" content=\"https:\/\/www.b-w-international.com\/wp-content\/uploads\/2026\/02\/Mini-case-3_B_closed-standing_bw-international.jpg\" \/>\n\t<meta property=\"og:image:width\" content=\"1920\" \/>\n\t<meta property=\"og:image:height\" content=\"1920\" \/>\n\t<meta property=\"og:image:type\" content=\"image\/jpeg\" \/>\n<meta name=\"twitter:card\" content=\"summary_large_image\" \/>\n<meta name=\"twitter:label1\" content=\"Tiempo de lectura\" \/>\n\t<meta name=\"twitter:data1\" content=\"1 minuto\" \/>\n<script type=\"application\/ld+json\" class=\"yoast-schema-graph\">{\"@context\":\"https:\\\/\\\/schema.org\",\"@graph\":[{\"@type\":\"WebPage\",\"@id\":\"https:\\\/\\\/www.b-w-international.com\\\/es\\\/produkt\\\/mini-case-pp-35\\\/\",\"url\":\"https:\\\/\\\/www.b-w-international.com\\\/es\\\/produkt\\\/mini-case-pp-35\\\/\",\"name\":\"Mini.case PP.35 I B&amp;W minibag 3 - B&amp;W International\",\"isPartOf\":{\"@id\":\"https:\\\/\\\/www.b-w-international.com\\\/es\\\/#website\"},\"primaryImageOfPage\":{\"@id\":\"https:\\\/\\\/www.b-w-international.com\\\/es\\\/produkt\\\/mini-case-pp-35\\\/#primaryimage\"},\"image\":{\"@id\":\"https:\\\/\\\/www.b-w-international.com\\\/es\\\/produkt\\\/mini-case-pp-35\\\/#primaryimage\"},\"thumbnailUrl\":\"https:\\\/\\\/www.b-w-international.com\\\/wp-content\\\/uploads\\\/2026\\\/02\\\/Mini-case-3_B_closed-standing_bw-international.jpg\",\"datePublished\":\"2026-02-18T12:19:57+00:00\",\"dateModified\":\"2026-04-29T05:55:04+00:00\",\"breadcrumb\":{\"@id\":\"https:\\\/\\\/www.b-w-international.com\\\/es\\\/produkt\\\/mini-case-pp-35\\\/#breadcrumb\"},\"inLanguage\":\"es\",\"potentialAction\":[{\"@type\":\"ReadAction\",\"target\":[\"https:\\\/\\\/www.b-w-international.com\\\/es\\\/produkt\\\/mini-case-pp-35\\\/\"]}]},{\"@type\":\"ImageObject\",\"inLanguage\":\"es\",\"@id\":\"https:\\\/\\\/www.b-w-international.com\\\/es\\\/produkt\\\/mini-case-pp-35\\\/#primaryimage\",\"url\":\"https:\\\/\\\/www.b-w-international.com\\\/wp-content\\\/uploads\\\/2026\\\/02\\\/Mini-case-3_B_closed-standing_bw-international.jpg\",\"contentUrl\":\"https:\\\/\\\/www.b-w-international.com\\\/wp-content\\\/uploads\\\/2026\\\/02\\\/Mini-case-3_B_closed-standing_bw-international.jpg\",\"width\":1920,\"height\":1920},{\"@type\":\"BreadcrumbList\",\"@id\":\"https:\\\/\\\/www.b-w-international.com\\\/es\\\/produkt\\\/mini-case-pp-35\\\/#breadcrumb\",\"itemListElement\":[{\"@type\":\"ListItem\",\"position\":1,\"name\":\"Home\",\"item\":\"https:\\\/\\\/www.b-w-international.com\\\/es\\\/\"},{\"@type\":\"ListItem\",\"position\":2,\"name\":\"Productos\",\"item\":\"https:\\\/\\\/www.b-w-international.com\\\/es\\\/tienda\\\/\"},{\"@type\":\"ListItem\",\"position\":3,\"name\":\"Caso de presentaci\u00f3n\",\"item\":\"https:\\\/\\\/www.b-w-international.com\\\/es\\\/produkte\\\/caso-de-presentacion\\\/\"},{\"@type\":\"ListItem\",\"position\":4,\"name\":\"Mini.case PP.35 I B&amp;W minibag 3\"}]},{\"@type\":\"WebSite\",\"@id\":\"https:\\\/\\\/www.b-w-international.com\\\/es\\\/#website\",\"url\":\"https:\\\/\\\/www.b-w-international.com\\\/es\\\/\",\"name\":\"B&W International\",\"description\":\"\",\"publisher\":{\"@id\":\"https:\\\/\\\/www.b-w-international.com\\\/es\\\/#organization\"},\"potentialAction\":[{\"@type\":\"SearchAction\",\"target\":{\"@type\":\"EntryPoint\",\"urlTemplate\":\"https:\\\/\\\/www.b-w-international.com\\\/es\\\/?s={search_term_string}\"},\"query-input\":{\"@type\":\"PropertyValueSpecification\",\"valueRequired\":true,\"valueName\":\"search_term_string\"}}],\"inLanguage\":\"es\"},{\"@type\":\"Organization\",\"@id\":\"https:\\\/\\\/www.b-w-international.com\\\/es\\\/#organization\",\"name\":\"B&W International\",\"url\":\"https:\\\/\\\/www.b-w-international.com\\\/es\\\/\",\"logo\":{\"@type\":\"ImageObject\",\"inLanguage\":\"es\",\"@id\":\"https:\\\/\\\/www.b-w-international.com\\\/es\\\/#\\\/schema\\\/logo\\\/image\\\/\",\"url\":\"https:\\\/\\\/www.b-w-international.com\\\/wp-content\\\/uploads\\\/2024\\\/12\\\/16dbfc312f1eb060e7d95735c00f9ec6.png\",\"contentUrl\":\"https:\\\/\\\/www.b-w-international.com\\\/wp-content\\\/uploads\\\/2024\\\/12\\\/16dbfc312f1eb060e7d95735c00f9ec6.png\",\"width\":219,\"height\":82,\"caption\":\"B&W International\"},\"image\":{\"@id\":\"https:\\\/\\\/www.b-w-international.com\\\/es\\\/#\\\/schema\\\/logo\\\/image\\\/\"}}]}<\/script>","yoast_head_json":{"title":"Mini.case PP.35 I B&amp;W minibag 3 - B&amp;W International","robots":{"index":"index","follow":"follow","max-snippet":"max-snippet:-1","max-image-preview":"max-image-preview:large","max-video-preview":"max-video-preview:-1"},"canonical":"https:\/\/www.b-w-international.com\/es\/produkt\/mini-case-pp-35\/","og_locale":"es_ES","og_type":"article","og_title":"Mini.case PP.35 I B&amp;W minibag 3 - B&amp;W International","og_description":"disponible en negro, gris claro, azul Soluci\u00f3n de embalaje y transporte para productos peque\u00f1os Base profunda para mayor volumen y aprovechamiento \u00f3ptimo del espacio Asa integrada con bisagra de pel\u00edcula Bajo peso muerto","og_url":"https:\/\/www.b-w-international.com\/es\/produkt\/mini-case-pp-35\/","og_site_name":"B&amp;W International","article_modified_time":"2026-04-29T05:55:04+00:00","og_image":[{"width":1920,"height":1920,"url":"https:\/\/www.b-w-international.com\/wp-content\/uploads\/2026\/02\/Mini-case-3_B_closed-standing_bw-international.jpg","type":"image\/jpeg"}],"twitter_card":"summary_large_image","twitter_misc":{"Tiempo de lectura":"1 minuto"},"schema":{"@context":"https:\/\/schema.org","@graph":[{"@type":"WebPage","@id":"https:\/\/www.b-w-international.com\/es\/produkt\/mini-case-pp-35\/","url":"https:\/\/www.b-w-international.com\/es\/produkt\/mini-case-pp-35\/","name":"Mini.case PP.35 I B&amp;W minibag 3 - B&amp;W International","isPartOf":{"@id":"https:\/\/www.b-w-international.com\/es\/#website"},"primaryImageOfPage":{"@id":"https:\/\/www.b-w-international.com\/es\/produkt\/mini-case-pp-35\/#primaryimage"},"image":{"@id":"https:\/\/www.b-w-international.com\/es\/produkt\/mini-case-pp-35\/#primaryimage"},"thumbnailUrl":"https:\/\/www.b-w-international.com\/wp-content\/uploads\/2026\/02\/Mini-case-3_B_closed-standing_bw-international.jpg","datePublished":"2026-02-18T12:19:57+00:00","dateModified":"2026-04-29T05:55:04+00:00","breadcrumb":{"@id":"https:\/\/www.b-w-international.com\/es\/produkt\/mini-case-pp-35\/#breadcrumb"},"inLanguage":"es","potentialAction":[{"@type":"ReadAction","target":["https:\/\/www.b-w-international.com\/es\/produkt\/mini-case-pp-35\/"]}]},{"@type":"ImageObject","inLanguage":"es","@id":"https:\/\/www.b-w-international.com\/es\/produkt\/mini-case-pp-35\/#primaryimage","url":"https:\/\/www.b-w-international.com\/wp-content\/uploads\/2026\/02\/Mini-case-3_B_closed-standing_bw-international.jpg","contentUrl":"https:\/\/www.b-w-international.com\/wp-content\/uploads\/2026\/02\/Mini-case-3_B_closed-standing_bw-international.jpg","width":1920,"height":1920},{"@type":"BreadcrumbList","@id":"https:\/\/www.b-w-international.com\/es\/produkt\/mini-case-pp-35\/#breadcrumb","itemListElement":[{"@type":"ListItem","position":1,"name":"Home","item":"https:\/\/www.b-w-international.com\/es\/"},{"@type":"ListItem","position":2,"name":"Productos","item":"https:\/\/www.b-w-international.com\/es\/tienda\/"},{"@type":"ListItem","position":3,"name":"Caso de presentaci\u00f3n","item":"https:\/\/www.b-w-international.com\/es\/produkte\/caso-de-presentacion\/"},{"@type":"ListItem","position":4,"name":"Mini.case PP.35 I B&amp;W minibag 3"}]},{"@type":"WebSite","@id":"https:\/\/www.b-w-international.com\/es\/#website","url":"https:\/\/www.b-w-international.com\/es\/","name":"B&W International","description":"","publisher":{"@id":"https:\/\/www.b-w-international.com\/es\/#organization"},"potentialAction":[{"@type":"SearchAction","target":{"@type":"EntryPoint","urlTemplate":"https:\/\/www.b-w-international.com\/es\/?s={search_term_string}"},"query-input":{"@type":"PropertyValueSpecification","valueRequired":true,"valueName":"search_term_string"}}],"inLanguage":"es"},{"@type":"Organization","@id":"https:\/\/www.b-w-international.com\/es\/#organization","name":"B&W International","url":"https:\/\/www.b-w-international.com\/es\/","logo":{"@type":"ImageObject","inLanguage":"es","@id":"https:\/\/www.b-w-international.com\/es\/#\/schema\/logo\/image\/","url":"https:\/\/www.b-w-international.com\/wp-content\/uploads\/2024\/12\/16dbfc312f1eb060e7d95735c00f9ec6.png","contentUrl":"https:\/\/www.b-w-international.com\/wp-content\/uploads\/2024\/12\/16dbfc312f1eb060e7d95735c00f9ec6.png","width":219,"height":82,"caption":"B&W International"},"image":{"@id":"https:\/\/www.b-w-international.com\/es\/#\/schema\/logo\/image\/"}}]}},"_links":{"self":[{"href":"https:\/\/www.b-w-international.com\/es\/wp-json\/wp\/v2\/product\/27025","targetHints":{"allow":["GET"]}}],"collection":[{"href":"https:\/\/www.b-w-international.com\/es\/wp-json\/wp\/v2\/product"}],"about":[{"href":"https:\/\/www.b-w-international.com\/es\/wp-json\/wp\/v2\/types\/product"}],"wp:featuredmedia":[{"embeddable":true,"href":"https:\/\/www.b-w-international.com\/es\/wp-json\/wp\/v2\/media\/27016"}],"wp:attachment":[{"href":"https:\/\/www.b-w-international.com\/es\/wp-json\/wp\/v2\/media?parent=27025"}],"wp:term":[{"taxonomy":"product_brand","embeddable":true,"href":"https:\/\/www.b-w-international.com\/es\/wp-json\/wp\/v2\/product_brand?post=27025"},{"taxonomy":"product_cat","embeddable":true,"href":"https:\/\/www.b-w-international.com\/es\/wp-json\/wp\/v2\/product_cat?post=27025"},{"taxonomy":"product_tag","embeddable":true,"href":"https:\/\/www.b-w-international.com\/es\/wp-json\/wp\/v2\/product_tag?post=27025"}],"curies":[{"name":"wp","href":"https:\/\/api.w.org\/{rel}","templated":true}]}}