{"id":27139,"date":"2026-04-29T11:17:02","date_gmt":"2026-04-29T09:17:02","guid":{"rendered":"https:\/\/www.b-w-international.com\/?post_type=product&#038;p=27139"},"modified":"2026-04-29T13:14:57","modified_gmt":"2026-04-29T11:14:57","slug":"maxi-case-abs-93","status":"publish","type":"product","link":"https:\/\/www.b-w-international.com\/es\/produkt\/maxi-case-abs-93\/","title":{"rendered":"Maxi.case ABS.93 I B&amp;W Maxibag 1-96"},"content":{"rendered":"<ul>\n<li>Color: Negro<\/li>\n<li>disponible en 17 tallas<\/li>\n<li>Soluci\u00f3n duradera de embalaje y transporte<\/li>\n<li>Carcasas interiores rectangulares para un aprovechamiento \u00f3ptimo del espacio<\/li>\n<li>Sistema de cierre de clip f\u00e1cilmente sustituible<\/li>\n<li>Ayuda al apilamiento integrada en las paredes laterales<\/li>\n<li>Pies s\u00f3lidos<\/li>\n<\/ul>\n<div style=\"display:flex; gap:10px;justify-content:center\" class=\"wps-pgfw-pdf-generate-icon__wrapper-frontend\">\n\t\t<a  href=\"https:\/\/www.b-w-international.com\/es\/wp-json\/wp\/v2\/product\/27139\/?action=genpdf&amp;id=27139\" class=\"pgfw-single-pdf-download-button\" target=_blank><img src=\"https:\/\/www.b-w-international.com\/wp-content\/uploads\/2025\/03\/icon-download.svg\" title=\"Generar PDF\" style=\"width:auto; height:45px;\"><\/a>\n\t\t<\/div>","protected":false},"excerpt":{"rendered":"<p>Color: Negro disponible en 17 tallas Soluci\u00f3n duradera de embalaje y transporte Carcasas interiores rectangulares para un aprovechamiento \u00f3ptimo del espacio Sistema de cierre de clip f\u00e1cilmente sustituible Ayuda al apilamiento integrada en las paredes laterales Pies s\u00f3lidos<\/p>\n","protected":false},"featured_media":27179,"template":"","meta":{"_acf_changed":false},"product_brand":[],"product_cat":[886],"product_tag":[],"class_list":{"0":"post-27139","1":"product","2":"type-product","3":"status-publish","4":"has-post-thumbnail","6":"product_cat-caso-de-presentacion","7":"pa_farbe-negro","9":"first","10":"instock","11":"shipping-taxable","12":"product-type-variable"},"acf":[],"yoast_head":"<title>Maxi.case ABS.93 I B&amp;W Maxibag 1-96 - B&amp;W International<\/title>\n<meta name=\"robots\" content=\"index, follow, max-snippet:-1, max-image-preview:large, max-video-preview:-1\" \/>\n<link rel=\"canonical\" href=\"https:\/\/www.b-w-international.com\/es\/produkt\/maxi-case-abs-93\/\" \/>\n<meta property=\"og:locale\" content=\"es_ES\" \/>\n<meta property=\"og:type\" content=\"article\" \/>\n<meta property=\"og:title\" content=\"Maxi.case ABS.93 I B&amp;W Maxibag 1-96 - B&amp;W International\" \/>\n<meta property=\"og:description\" content=\"Color: Negro disponible en 17 tallas Soluci\u00f3n duradera de embalaje y transporte Carcasas interiores rectangulares para un aprovechamiento \u00f3ptimo del espacio Sistema de cierre de clip f\u00e1cilmente sustituible Ayuda al apilamiento integrada en las paredes laterales Pies s\u00f3lidos\" \/>\n<meta property=\"og:url\" content=\"https:\/\/www.b-w-international.com\/es\/produkt\/maxi-case-abs-93\/\" \/>\n<meta property=\"og:site_name\" content=\"B&amp;W International\" \/>\n<meta property=\"article:modified_time\" content=\"2026-04-29T11:14:57+00:00\" \/>\n<meta property=\"og:image\" content=\"https:\/\/www.b-w-international.com\/wp-content\/uploads\/2026\/04\/Maxi-case_ABS-93_B_closed-standing_bw-international.jpg\" \/>\n\t<meta property=\"og:image:width\" content=\"1920\" \/>\n\t<meta property=\"og:image:height\" content=\"1920\" \/>\n\t<meta property=\"og:image:type\" content=\"image\/jpeg\" \/>\n<meta name=\"twitter:card\" content=\"summary_large_image\" \/>\n<meta name=\"twitter:label1\" content=\"Tiempo de lectura\" \/>\n\t<meta name=\"twitter:data1\" content=\"1 minuto\" \/>\n<script type=\"application\/ld+json\" class=\"yoast-schema-graph\">{\"@context\":\"https:\\\/\\\/schema.org\",\"@graph\":[{\"@type\":\"WebPage\",\"@id\":\"https:\\\/\\\/www.b-w-international.com\\\/es\\\/produkt\\\/maxi-case-abs-93\\\/\",\"url\":\"https:\\\/\\\/www.b-w-international.com\\\/es\\\/produkt\\\/maxi-case-abs-93\\\/\",\"name\":\"Maxi.case ABS.93 I B&amp;W Maxibag 1-96 - B&amp;W International\",\"isPartOf\":{\"@id\":\"https:\\\/\\\/www.b-w-international.com\\\/es\\\/#website\"},\"primaryImageOfPage\":{\"@id\":\"https:\\\/\\\/www.b-w-international.com\\\/es\\\/produkt\\\/maxi-case-abs-93\\\/#primaryimage\"},\"image\":{\"@id\":\"https:\\\/\\\/www.b-w-international.com\\\/es\\\/produkt\\\/maxi-case-abs-93\\\/#primaryimage\"},\"thumbnailUrl\":\"https:\\\/\\\/www.b-w-international.com\\\/wp-content\\\/uploads\\\/2026\\\/04\\\/Maxi-case_ABS-93_B_closed-standing_bw-international.jpg\",\"datePublished\":\"2026-04-29T09:17:02+00:00\",\"dateModified\":\"2026-04-29T11:14:57+00:00\",\"breadcrumb\":{\"@id\":\"https:\\\/\\\/www.b-w-international.com\\\/es\\\/produkt\\\/maxi-case-abs-93\\\/#breadcrumb\"},\"inLanguage\":\"es\",\"potentialAction\":[{\"@type\":\"ReadAction\",\"target\":[\"https:\\\/\\\/www.b-w-international.com\\\/es\\\/produkt\\\/maxi-case-abs-93\\\/\"]}]},{\"@type\":\"ImageObject\",\"inLanguage\":\"es\",\"@id\":\"https:\\\/\\\/www.b-w-international.com\\\/es\\\/produkt\\\/maxi-case-abs-93\\\/#primaryimage\",\"url\":\"https:\\\/\\\/www.b-w-international.com\\\/wp-content\\\/uploads\\\/2026\\\/04\\\/Maxi-case_ABS-93_B_closed-standing_bw-international.jpg\",\"contentUrl\":\"https:\\\/\\\/www.b-w-international.com\\\/wp-content\\\/uploads\\\/2026\\\/04\\\/Maxi-case_ABS-93_B_closed-standing_bw-international.jpg\",\"width\":1920,\"height\":1920},{\"@type\":\"BreadcrumbList\",\"@id\":\"https:\\\/\\\/www.b-w-international.com\\\/es\\\/produkt\\\/maxi-case-abs-93\\\/#breadcrumb\",\"itemListElement\":[{\"@type\":\"ListItem\",\"position\":1,\"name\":\"Home\",\"item\":\"https:\\\/\\\/www.b-w-international.com\\\/es\\\/\"},{\"@type\":\"ListItem\",\"position\":2,\"name\":\"Productos\",\"item\":\"https:\\\/\\\/www.b-w-international.com\\\/es\\\/tienda\\\/\"},{\"@type\":\"ListItem\",\"position\":3,\"name\":\"Caso de presentaci\u00f3n\",\"item\":\"https:\\\/\\\/www.b-w-international.com\\\/es\\\/produkte\\\/caso-de-presentacion\\\/\"},{\"@type\":\"ListItem\",\"position\":4,\"name\":\"Maxi.case ABS.93 I B&amp;W Maxibag 1-96\"}]},{\"@type\":\"WebSite\",\"@id\":\"https:\\\/\\\/www.b-w-international.com\\\/es\\\/#website\",\"url\":\"https:\\\/\\\/www.b-w-international.com\\\/es\\\/\",\"name\":\"B&W International\",\"description\":\"\",\"publisher\":{\"@id\":\"https:\\\/\\\/www.b-w-international.com\\\/es\\\/#organization\"},\"potentialAction\":[{\"@type\":\"SearchAction\",\"target\":{\"@type\":\"EntryPoint\",\"urlTemplate\":\"https:\\\/\\\/www.b-w-international.com\\\/es\\\/?s={search_term_string}\"},\"query-input\":{\"@type\":\"PropertyValueSpecification\",\"valueRequired\":true,\"valueName\":\"search_term_string\"}}],\"inLanguage\":\"es\"},{\"@type\":\"Organization\",\"@id\":\"https:\\\/\\\/www.b-w-international.com\\\/es\\\/#organization\",\"name\":\"B&W International\",\"url\":\"https:\\\/\\\/www.b-w-international.com\\\/es\\\/\",\"logo\":{\"@type\":\"ImageObject\",\"inLanguage\":\"es\",\"@id\":\"https:\\\/\\\/www.b-w-international.com\\\/es\\\/#\\\/schema\\\/logo\\\/image\\\/\",\"url\":\"https:\\\/\\\/www.b-w-international.com\\\/wp-content\\\/uploads\\\/2024\\\/12\\\/16dbfc312f1eb060e7d95735c00f9ec6.png\",\"contentUrl\":\"https:\\\/\\\/www.b-w-international.com\\\/wp-content\\\/uploads\\\/2024\\\/12\\\/16dbfc312f1eb060e7d95735c00f9ec6.png\",\"width\":219,\"height\":82,\"caption\":\"B&W International\"},\"image\":{\"@id\":\"https:\\\/\\\/www.b-w-international.com\\\/es\\\/#\\\/schema\\\/logo\\\/image\\\/\"}}]}<\/script>","yoast_head_json":{"title":"Maxi.case ABS.93 I B&amp;W Maxibag 1-96 - B&amp;W International","robots":{"index":"index","follow":"follow","max-snippet":"max-snippet:-1","max-image-preview":"max-image-preview:large","max-video-preview":"max-video-preview:-1"},"canonical":"https:\/\/www.b-w-international.com\/es\/produkt\/maxi-case-abs-93\/","og_locale":"es_ES","og_type":"article","og_title":"Maxi.case ABS.93 I B&amp;W Maxibag 1-96 - B&amp;W International","og_description":"Color: Negro disponible en 17 tallas Soluci\u00f3n duradera de embalaje y transporte Carcasas interiores rectangulares para un aprovechamiento \u00f3ptimo del espacio Sistema de cierre de clip f\u00e1cilmente sustituible Ayuda al apilamiento integrada en las paredes laterales Pies s\u00f3lidos","og_url":"https:\/\/www.b-w-international.com\/es\/produkt\/maxi-case-abs-93\/","og_site_name":"B&amp;W International","article_modified_time":"2026-04-29T11:14:57+00:00","og_image":[{"width":1920,"height":1920,"url":"https:\/\/www.b-w-international.com\/wp-content\/uploads\/2026\/04\/Maxi-case_ABS-93_B_closed-standing_bw-international.jpg","type":"image\/jpeg"}],"twitter_card":"summary_large_image","twitter_misc":{"Tiempo de lectura":"1 minuto"},"schema":{"@context":"https:\/\/schema.org","@graph":[{"@type":"WebPage","@id":"https:\/\/www.b-w-international.com\/es\/produkt\/maxi-case-abs-93\/","url":"https:\/\/www.b-w-international.com\/es\/produkt\/maxi-case-abs-93\/","name":"Maxi.case ABS.93 I B&amp;W Maxibag 1-96 - B&amp;W International","isPartOf":{"@id":"https:\/\/www.b-w-international.com\/es\/#website"},"primaryImageOfPage":{"@id":"https:\/\/www.b-w-international.com\/es\/produkt\/maxi-case-abs-93\/#primaryimage"},"image":{"@id":"https:\/\/www.b-w-international.com\/es\/produkt\/maxi-case-abs-93\/#primaryimage"},"thumbnailUrl":"https:\/\/www.b-w-international.com\/wp-content\/uploads\/2026\/04\/Maxi-case_ABS-93_B_closed-standing_bw-international.jpg","datePublished":"2026-04-29T09:17:02+00:00","dateModified":"2026-04-29T11:14:57+00:00","breadcrumb":{"@id":"https:\/\/www.b-w-international.com\/es\/produkt\/maxi-case-abs-93\/#breadcrumb"},"inLanguage":"es","potentialAction":[{"@type":"ReadAction","target":["https:\/\/www.b-w-international.com\/es\/produkt\/maxi-case-abs-93\/"]}]},{"@type":"ImageObject","inLanguage":"es","@id":"https:\/\/www.b-w-international.com\/es\/produkt\/maxi-case-abs-93\/#primaryimage","url":"https:\/\/www.b-w-international.com\/wp-content\/uploads\/2026\/04\/Maxi-case_ABS-93_B_closed-standing_bw-international.jpg","contentUrl":"https:\/\/www.b-w-international.com\/wp-content\/uploads\/2026\/04\/Maxi-case_ABS-93_B_closed-standing_bw-international.jpg","width":1920,"height":1920},{"@type":"BreadcrumbList","@id":"https:\/\/www.b-w-international.com\/es\/produkt\/maxi-case-abs-93\/#breadcrumb","itemListElement":[{"@type":"ListItem","position":1,"name":"Home","item":"https:\/\/www.b-w-international.com\/es\/"},{"@type":"ListItem","position":2,"name":"Productos","item":"https:\/\/www.b-w-international.com\/es\/tienda\/"},{"@type":"ListItem","position":3,"name":"Caso de presentaci\u00f3n","item":"https:\/\/www.b-w-international.com\/es\/produkte\/caso-de-presentacion\/"},{"@type":"ListItem","position":4,"name":"Maxi.case ABS.93 I B&amp;W Maxibag 1-96"}]},{"@type":"WebSite","@id":"https:\/\/www.b-w-international.com\/es\/#website","url":"https:\/\/www.b-w-international.com\/es\/","name":"B&W International","description":"","publisher":{"@id":"https:\/\/www.b-w-international.com\/es\/#organization"},"potentialAction":[{"@type":"SearchAction","target":{"@type":"EntryPoint","urlTemplate":"https:\/\/www.b-w-international.com\/es\/?s={search_term_string}"},"query-input":{"@type":"PropertyValueSpecification","valueRequired":true,"valueName":"search_term_string"}}],"inLanguage":"es"},{"@type":"Organization","@id":"https:\/\/www.b-w-international.com\/es\/#organization","name":"B&W International","url":"https:\/\/www.b-w-international.com\/es\/","logo":{"@type":"ImageObject","inLanguage":"es","@id":"https:\/\/www.b-w-international.com\/es\/#\/schema\/logo\/image\/","url":"https:\/\/www.b-w-international.com\/wp-content\/uploads\/2024\/12\/16dbfc312f1eb060e7d95735c00f9ec6.png","contentUrl":"https:\/\/www.b-w-international.com\/wp-content\/uploads\/2024\/12\/16dbfc312f1eb060e7d95735c00f9ec6.png","width":219,"height":82,"caption":"B&W International"},"image":{"@id":"https:\/\/www.b-w-international.com\/es\/#\/schema\/logo\/image\/"}}]}},"_links":{"self":[{"href":"https:\/\/www.b-w-international.com\/es\/wp-json\/wp\/v2\/product\/27139","targetHints":{"allow":["GET"]}}],"collection":[{"href":"https:\/\/www.b-w-international.com\/es\/wp-json\/wp\/v2\/product"}],"about":[{"href":"https:\/\/www.b-w-international.com\/es\/wp-json\/wp\/v2\/types\/product"}],"wp:featuredmedia":[{"embeddable":true,"href":"https:\/\/www.b-w-international.com\/es\/wp-json\/wp\/v2\/media\/27179"}],"wp:attachment":[{"href":"https:\/\/www.b-w-international.com\/es\/wp-json\/wp\/v2\/media?parent=27139"}],"wp:term":[{"taxonomy":"product_brand","embeddable":true,"href":"https:\/\/www.b-w-international.com\/es\/wp-json\/wp\/v2\/product_brand?post=27139"},{"taxonomy":"product_cat","embeddable":true,"href":"https:\/\/www.b-w-international.com\/es\/wp-json\/wp\/v2\/product_cat?post=27139"},{"taxonomy":"product_tag","embeddable":true,"href":"https:\/\/www.b-w-international.com\/es\/wp-json\/wp\/v2\/product_tag?post=27139"}],"curies":[{"name":"wp","href":"https:\/\/api.w.org\/{rel}","templated":true}]}}