{"id":16674,"date":"2024-12-04T10:43:24","date_gmt":"2024-12-04T09:43:24","guid":{"rendered":"https:\/\/www.b-w-international.com\/mentions-legales\/"},"modified":"2026-03-04T10:27:26","modified_gmt":"2026-03-04T09:27:26","slug":"mentions-legales","status":"publish","type":"page","link":"https:\/\/www.b-w-international.com\/fr\/page-daccueil\/mentions-legales\/","title":{"rendered":"Mentions l\u00e9gales"},"content":{"rendered":"\t\t<div data-elementor-type=\"wp-page\" data-elementor-id=\"16674\" class=\"elementor elementor-16674 elementor-73\" data-elementor-post-type=\"page\">\n\t\t\t\t<div class=\"elementor-element elementor-element-8ac1b6a e-flex e-con-boxed e-con e-parent\" data-id=\"8ac1b6a\" data-element_type=\"container\" data-e-type=\"container\">\n\t\t\t\t\t<div class=\"e-con-inner\">\n\t\t\t\t<div class=\"elementor-element elementor-element-a297bb3 elementor-widget elementor-widget-heading\" data-id=\"a297bb3\" data-element_type=\"widget\" data-e-type=\"widget\" data-widget_type=\"heading.default\">\n\t\t\t\t<div class=\"elementor-widget-container\">\n\t\t\t\t\t<h2 class=\"elementor-heading-title elementor-size-default\">Informations selon les \u00a7\u00a7 5, 6 DDG <\/h2>\t\t\t\t<\/div>\n\t\t\t\t<\/div>\n\t\t\t\t\t<\/div>\n\t\t\t\t<\/div>\n\t\t<div class=\"elementor-element elementor-element-ce2f54b e-flex e-con-boxed e-con e-parent\" data-id=\"ce2f54b\" data-element_type=\"container\" data-e-type=\"container\">\n\t\t\t\t\t<div class=\"e-con-inner\">\n\t\t\t\t<div class=\"elementor-element elementor-element-ecb62f5 elementor-widget elementor-widget-text-editor\" data-id=\"ecb62f5\" data-element_type=\"widget\" data-e-type=\"widget\" data-widget_type=\"text-editor.default\">\n\t\t\t\t<div class=\"elementor-widget-container\">\n\t\t\t\t\t\t\t\t\t<p style=\"margin: 0px 0px 29px; padding: 0px; color: #000000; font-family: Arial, Helvetica, sans-serif; font-size: 18px;\">B&amp;W International GmbH<br>Junkendiek 5<br>49479 Ibbenb\u00fcren<br>Allemagne<br>E-mail : info@b-w-international.com<br>T\u00e9l. : 05451-8946-0<br>Fax : 05451-8946-444<\/p><p style=\"margin: 0px 0px 29px; padding: 0px; color: #000000; font-family: Arial, Helvetica, sans-serif; font-size: 18px;\"><span style=\"font-weight: bolder;\">Registre du commerce<br><\/span>Tribunal d&rsquo;enregistrement : Tribunal d&rsquo;instance de Steinfurt<br>Num\u00e9ro d&rsquo;enregistrement : HRB 5622<\/p><p style=\"margin: 0px 0px 29px; padding: 0px; color: #000000; font-family: Arial, Helvetica, sans-serif; font-size: 18px;\"><span style=\"font-weight: bolder;\">Directeur g\u00e9n\u00e9ral<\/span><br>Dirk Uhlenbrock, Pascal Rowohl<\/p><p style=\"margin: 0px 0px 29px; padding: 0px; color: #000000; font-family: Arial, Helvetica, sans-serif; font-size: 18px;\"><span style=\"font-weight: bolder;\">Num\u00e9ro d&rsquo;identification de la taxe sur le chiffre d&rsquo;affaires conform\u00e9ment au \u00a7 27 a de la loi sur la taxe sur le chiffre d&rsquo;affaires<\/span><br>DE 812290682<\/p><p style=\"margin: 0px 0px 29px; padding: 0px; color: #000000; font-family: Arial, Helvetica, sans-serif; font-size: 18px;\"><span style=\"font-weight: bolder;\">Responsable du contenu<\/span><br>Dirk Uhlenbrock<br>(adresse ci-dessus)<\/p><p style=\"margin: 0px 0px 29px; padding: 0px; color: #000000; font-family: Arial, Helvetica, sans-serif; font-size: 18px;\"><span style=\"font-weight: bolder;\">N\u00b0 d&rsquo;enregistrement WEEE<br><\/span>FR 32381490<\/p><p style=\"margin: 0px 0px 29px; padding: 0px; color: #000000; font-family: Arial, Helvetica, sans-serif; font-size: 18px;\"><span style=\"font-weight: bolder;\">Droits d&rsquo;auteur et cr\u00e9dits photographiques<\/span><br>Le contenu de <a style=\"color: #009fdf;\" href=\"https:\/\/www.b-w-international.com\/fr\/\" target=\"_blank\" rel=\"noopener\">www.b-w-international.com<\/a> est prot\u00e9g\u00e9 par des droits d&rsquo;auteur, sauf indication contraire.<br>Les photographies utilis\u00e9es sont \u00e9ventuellement signal\u00e9es par des cr\u00e9dits photographiques ou mentionn\u00e9es ci-dessous, dans la mesure o\u00f9 elles n&rsquo;ont pas \u00e9t\u00e9 r\u00e9alis\u00e9es par l&rsquo;auteur lui-m\u00eame.<br>L&rsquo;utilisation de photographies sur des sites tiers n&rsquo;est possible que dans le cadre de la licence respective des auteurs.<\/p><p style=\"margin: 0px 0px 29px; padding: 0px; color: #000000; font-family: Arial, Helvetica, sans-serif; font-size: 18px;\">Cr\u00e9\u00e9 par :<\/p><p style=\"margin: 0px; padding: 0px; color: #000000; font-family: Arial, Helvetica, sans-serif; font-size: 18px;\">\u00a9 Website-Check GmbH<a style=\"color: #009fdf;\" href=\"https:\/\/website-check.de\/\"> &#8211; www.website-check.de<\/a><\/p>\t\t\t\t\t\t\t\t<\/div>\n\t\t\t\t<\/div>\n\t\t\t\t\t<\/div>\n\t\t\t\t<\/div>\n\t\t\t\t<\/div>\n\t\t","protected":false},"excerpt":{"rendered":"<p>Informations selon les \u00a7\u00a7 5, 6 DDG B&amp;W International GmbHJunkendiek 549479 Ibbenb\u00fcrenAllemagneE-mail : info@b-w-international.comT\u00e9l. : 05451-8946-0Fax : 05451-8946-444 Registre du commerceTribunal d&rsquo;enregistrement : Tribunal d&rsquo;instance de SteinfurtNum\u00e9ro d&rsquo;enregistrement : HRB 5622 Directeur g\u00e9n\u00e9ralDirk Uhlenbrock, Pascal Rowohl Num\u00e9ro d&rsquo;identification de la taxe sur le chiffre d&rsquo;affaires conform\u00e9ment au \u00a7 27 a de la loi sur la [&hellip;]<\/p>\n","protected":false},"author":1,"featured_media":0,"parent":17798,"menu_order":26,"comment_status":"closed","ping_status":"closed","template":"","meta":{"_acf_changed":false,"footnotes":""},"class_list":["post-16674","page","type-page","status-publish","hentry"],"acf":[],"yoast_head":"<title>Mentions l\u00e9gales - B&amp;W International<\/title>\n<meta name=\"robots\" content=\"index, follow, max-snippet:-1, max-image-preview:large, max-video-preview:-1\" \/>\n<link rel=\"canonical\" href=\"https:\/\/www.b-w-international.com\/fr\/page-daccueil\/mentions-legales\/\" \/>\n<meta property=\"og:locale\" content=\"fr_FR\" \/>\n<meta property=\"og:type\" content=\"article\" \/>\n<meta property=\"og:title\" content=\"Mentions l\u00e9gales - B&amp;W International\" \/>\n<meta property=\"og:description\" content=\"Informations selon les \u00a7\u00a7 5, 6 DDG B&amp;W International GmbHJunkendiek 549479 Ibbenb\u00fcrenAllemagneE-mail : info@b-w-international.comT\u00e9l. : 05451-8946-0Fax : 05451-8946-444 Registre du commerceTribunal d&rsquo;enregistrement : Tribunal d&rsquo;instance de SteinfurtNum\u00e9ro d&rsquo;enregistrement : HRB 5622 Directeur g\u00e9n\u00e9ralDirk Uhlenbrock, Pascal Rowohl Num\u00e9ro d&rsquo;identification de la taxe sur le chiffre d&rsquo;affaires conform\u00e9ment au \u00a7 27 a de la loi sur la [&hellip;]\" \/>\n<meta property=\"og:url\" content=\"https:\/\/www.b-w-international.com\/fr\/page-daccueil\/mentions-legales\/\" \/>\n<meta property=\"og:site_name\" content=\"B&amp;W International\" \/>\n<meta property=\"article:modified_time\" content=\"2026-03-04T09:27:26+00:00\" \/>\n<meta name=\"twitter:card\" content=\"summary_large_image\" \/>\n<meta name=\"twitter:label1\" content=\"Dur\u00e9e de lecture estim\u00e9e\" \/>\n\t<meta name=\"twitter:data1\" content=\"1 minute\" \/>\n<script type=\"application\/ld+json\" class=\"yoast-schema-graph\">{\"@context\":\"https:\/\/schema.org\",\"@graph\":[{\"@type\":\"WebPage\",\"@id\":\"https:\/\/www.b-w-international.com\/fr\/page-daccueil\/mentions-legales\/\",\"url\":\"https:\/\/www.b-w-international.com\/fr\/page-daccueil\/mentions-legales\/\",\"name\":\"Mentions l\u00e9gales - B&amp;W International\",\"isPartOf\":{\"@id\":\"https:\/\/www.b-w-international.com\/fr\/#website\"},\"datePublished\":\"2024-12-04T09:43:24+00:00\",\"dateModified\":\"2026-03-04T09:27:26+00:00\",\"breadcrumb\":{\"@id\":\"https:\/\/www.b-w-international.com\/fr\/page-daccueil\/mentions-legales\/#breadcrumb\"},\"inLanguage\":\"fr-FR\",\"potentialAction\":[{\"@type\":\"ReadAction\",\"target\":[\"https:\/\/www.b-w-international.com\/fr\/page-daccueil\/mentions-legales\/\"]}]},{\"@type\":\"BreadcrumbList\",\"@id\":\"https:\/\/www.b-w-international.com\/fr\/page-daccueil\/mentions-legales\/#breadcrumb\",\"itemListElement\":[{\"@type\":\"ListItem\",\"position\":1,\"name\":\"Home\",\"item\":\"https:\/\/www.b-w-international.com\/fr\/\"},{\"@type\":\"ListItem\",\"position\":2,\"name\":\"Page d&#8217;accueil\",\"item\":\"https:\/\/www.b-w-international.com\/fr\/\"},{\"@type\":\"ListItem\",\"position\":3,\"name\":\"Mentions l\u00e9gales\"}]},{\"@type\":\"WebSite\",\"@id\":\"https:\/\/www.b-w-international.com\/fr\/#website\",\"url\":\"https:\/\/www.b-w-international.com\/fr\/\",\"name\":\"B&W International\",\"description\":\"\",\"publisher\":{\"@id\":\"https:\/\/www.b-w-international.com\/fr\/#organization\"},\"potentialAction\":[{\"@type\":\"SearchAction\",\"target\":{\"@type\":\"EntryPoint\",\"urlTemplate\":\"https:\/\/www.b-w-international.com\/fr\/?s={search_term_string}\"},\"query-input\":{\"@type\":\"PropertyValueSpecification\",\"valueRequired\":true,\"valueName\":\"search_term_string\"}}],\"inLanguage\":\"fr-FR\"},{\"@type\":\"Organization\",\"@id\":\"https:\/\/www.b-w-international.com\/fr\/#organization\",\"name\":\"B&W International\",\"url\":\"https:\/\/www.b-w-international.com\/fr\/\",\"logo\":{\"@type\":\"ImageObject\",\"inLanguage\":\"fr-FR\",\"@id\":\"https:\/\/www.b-w-international.com\/fr\/#\/schema\/logo\/image\/\",\"url\":\"https:\/\/www.b-w-international.com\/wp-content\/uploads\/2024\/12\/16dbfc312f1eb060e7d95735c00f9ec6.png\",\"contentUrl\":\"https:\/\/www.b-w-international.com\/wp-content\/uploads\/2024\/12\/16dbfc312f1eb060e7d95735c00f9ec6.png\",\"width\":219,\"height\":82,\"caption\":\"B&W International\"},\"image\":{\"@id\":\"https:\/\/www.b-w-international.com\/fr\/#\/schema\/logo\/image\/\"}}]}<\/script>","yoast_head_json":{"title":"Mentions l\u00e9gales - B&amp;W International","robots":{"index":"index","follow":"follow","max-snippet":"max-snippet:-1","max-image-preview":"max-image-preview:large","max-video-preview":"max-video-preview:-1"},"canonical":"https:\/\/www.b-w-international.com\/fr\/page-daccueil\/mentions-legales\/","og_locale":"fr_FR","og_type":"article","og_title":"Mentions l\u00e9gales - B&amp;W International","og_description":"Informations selon les \u00a7\u00a7 5, 6 DDG B&amp;W International GmbHJunkendiek 549479 Ibbenb\u00fcrenAllemagneE-mail : info@b-w-international.comT\u00e9l. : 05451-8946-0Fax : 05451-8946-444 Registre du commerceTribunal d&rsquo;enregistrement : Tribunal d&rsquo;instance de SteinfurtNum\u00e9ro d&rsquo;enregistrement : HRB 5622 Directeur g\u00e9n\u00e9ralDirk Uhlenbrock, Pascal Rowohl Num\u00e9ro d&rsquo;identification de la taxe sur le chiffre d&rsquo;affaires conform\u00e9ment au \u00a7 27 a de la loi sur la [&hellip;]","og_url":"https:\/\/www.b-w-international.com\/fr\/page-daccueil\/mentions-legales\/","og_site_name":"B&amp;W International","article_modified_time":"2026-03-04T09:27:26+00:00","twitter_card":"summary_large_image","twitter_misc":{"Dur\u00e9e de lecture estim\u00e9e":"1 minute"},"schema":{"@context":"https:\/\/schema.org","@graph":[{"@type":"WebPage","@id":"https:\/\/www.b-w-international.com\/fr\/page-daccueil\/mentions-legales\/","url":"https:\/\/www.b-w-international.com\/fr\/page-daccueil\/mentions-legales\/","name":"Mentions l\u00e9gales - B&amp;W International","isPartOf":{"@id":"https:\/\/www.b-w-international.com\/fr\/#website"},"datePublished":"2024-12-04T09:43:24+00:00","dateModified":"2026-03-04T09:27:26+00:00","breadcrumb":{"@id":"https:\/\/www.b-w-international.com\/fr\/page-daccueil\/mentions-legales\/#breadcrumb"},"inLanguage":"fr-FR","potentialAction":[{"@type":"ReadAction","target":["https:\/\/www.b-w-international.com\/fr\/page-daccueil\/mentions-legales\/"]}]},{"@type":"BreadcrumbList","@id":"https:\/\/www.b-w-international.com\/fr\/page-daccueil\/mentions-legales\/#breadcrumb","itemListElement":[{"@type":"ListItem","position":1,"name":"Home","item":"https:\/\/www.b-w-international.com\/fr\/"},{"@type":"ListItem","position":2,"name":"Page d&#8217;accueil","item":"https:\/\/www.b-w-international.com\/fr\/"},{"@type":"ListItem","position":3,"name":"Mentions l\u00e9gales"}]},{"@type":"WebSite","@id":"https:\/\/www.b-w-international.com\/fr\/#website","url":"https:\/\/www.b-w-international.com\/fr\/","name":"B&W International","description":"","publisher":{"@id":"https:\/\/www.b-w-international.com\/fr\/#organization"},"potentialAction":[{"@type":"SearchAction","target":{"@type":"EntryPoint","urlTemplate":"https:\/\/www.b-w-international.com\/fr\/?s={search_term_string}"},"query-input":{"@type":"PropertyValueSpecification","valueRequired":true,"valueName":"search_term_string"}}],"inLanguage":"fr-FR"},{"@type":"Organization","@id":"https:\/\/www.b-w-international.com\/fr\/#organization","name":"B&W International","url":"https:\/\/www.b-w-international.com\/fr\/","logo":{"@type":"ImageObject","inLanguage":"fr-FR","@id":"https:\/\/www.b-w-international.com\/fr\/#\/schema\/logo\/image\/","url":"https:\/\/www.b-w-international.com\/wp-content\/uploads\/2024\/12\/16dbfc312f1eb060e7d95735c00f9ec6.png","contentUrl":"https:\/\/www.b-w-international.com\/wp-content\/uploads\/2024\/12\/16dbfc312f1eb060e7d95735c00f9ec6.png","width":219,"height":82,"caption":"B&W International"},"image":{"@id":"https:\/\/www.b-w-international.com\/fr\/#\/schema\/logo\/image\/"}}]}},"_links":{"self":[{"href":"https:\/\/www.b-w-international.com\/fr\/wp-json\/wp\/v2\/pages\/16674","targetHints":{"allow":["GET"]}}],"collection":[{"href":"https:\/\/www.b-w-international.com\/fr\/wp-json\/wp\/v2\/pages"}],"about":[{"href":"https:\/\/www.b-w-international.com\/fr\/wp-json\/wp\/v2\/types\/page"}],"author":[{"embeddable":true,"href":"https:\/\/www.b-w-international.com\/fr\/wp-json\/wp\/v2\/users\/1"}],"replies":[{"embeddable":true,"href":"https:\/\/www.b-w-international.com\/fr\/wp-json\/wp\/v2\/comments?post=16674"}],"version-history":[{"count":4,"href":"https:\/\/www.b-w-international.com\/fr\/wp-json\/wp\/v2\/pages\/16674\/revisions"}],"predecessor-version":[{"id":25742,"href":"https:\/\/www.b-w-international.com\/fr\/wp-json\/wp\/v2\/pages\/16674\/revisions\/25742"}],"up":[{"embeddable":true,"href":"https:\/\/www.b-w-international.com\/fr\/wp-json\/wp\/v2\/pages\/17798"}],"wp:attachment":[{"href":"https:\/\/www.b-w-international.com\/fr\/wp-json\/wp\/v2\/media?parent=16674"}],"curies":[{"name":"wp","href":"https:\/\/api.w.org\/{rel}","templated":true}]}}