{"id":17302,"date":"2025-04-29T15:41:13","date_gmt":"2025-04-29T13:41:13","guid":{"rendered":"https:\/\/www.b-w-international.com\/defense\/"},"modified":"2025-10-07T11:54:03","modified_gmt":"2025-10-07T09:54:03","slug":"defense","status":"publish","type":"page","link":"https:\/\/www.b-w-international.com\/fr\/defense\/","title":{"rendered":"D\u00e9fense"},"content":{"rendered":"\t\t<div data-elementor-type=\"wp-page\" data-elementor-id=\"17302\" class=\"elementor elementor-17302 elementor-10120\" data-elementor-post-type=\"page\">\n\t\t\t\t<div class=\"elementor-element elementor-element-4e4e904 e-con-full e-flex e-con e-parent\" data-id=\"4e4e904\" data-element_type=\"container\" data-e-type=\"container\">\n\t\t\t\t<div class=\"elementor-element elementor-element-956e419 elementor-widget__width-inherit elementor-widget elementor-widget-ucaddon_title_hero_custom\" data-id=\"956e419\" data-element_type=\"widget\" data-e-type=\"widget\" data-widget_type=\"ucaddon_title_hero_custom.default\">\n\t\t\t\t<div class=\"elementor-widget-container\">\n\t\t\t\t\t\n<!-- start Title Hero Custom -->\n<style>\/* widget: Title Hero Custom *\/\n\n#uc_title_hero_custom_elementor_956e419 *{\n\tbox-sizing: border-box;\n}\n#uc_title_hero_custom_elementor_956e419{\n\tposition:relative;\n\toverflow:hidden;\n    display:flex;\n    justify-content:flex-end;\n  \talign-items:center;\n    flex-direction: column;\n    background-blend-mode: normal;\n}\n\n#uc_title_hero_custom_elementor_956e419 .ue_title_hero_container{\n\n    text-align:center;\n    position:relative;\n    z-index:1;\n}\n#uc_title_hero_custom_elementor_956e419 .ue_title{\n\n\tdisplay:inline-block;\n}\n\n#uc_title_hero_custom_elementor_956e419 a{\n    display: inline-block;\n\ttext-decoration:none;\n}\n\n#uc_title_hero_custom_elementor_956e419 .ue_title_hero_overlay\n{\n  position:absolute;\n  top:0;\n  bottom:0;\n  left:0;\n  right:0;\n}\n\n.ue_title\n{\n  font-size:52px;\n}\n\n<\/style>\n\n<div class=\"ue_title_hero\" id=\"uc_title_hero_custom_elementor_956e419\">\n    <div class=\"ue_title_hero_overlay\"><\/div>\n    <div class=\"ue_title_hero_container\">\n      \t    \t<h1 class=\"ue_title\">D\u00e9fense<\/h1>\n        <div><\/div>\n              \n        \t\n      \n            <\/div>\n<\/div>\n<!-- end Title Hero Custom -->\t\t\t\t<\/div>\n\t\t\t\t<\/div>\n\t\t\t\t<\/div>\n\t\t<div class=\"elementor-element elementor-element-462867c5 e-flex e-con-boxed e-con e-parent\" data-id=\"462867c5\" data-element_type=\"container\" data-e-type=\"container\">\n\t\t\t\t\t<div class=\"e-con-inner\">\n\t\t<div class=\"elementor-element elementor-element-4ef082a8 e-con-full e-flex e-con e-child\" data-id=\"4ef082a8\" data-element_type=\"container\" data-e-type=\"container\" data-settings=\"{&quot;background_background&quot;:&quot;classic&quot;}\">\n\t\t<div class=\"elementor-element elementor-element-5bf62e46 e-con-full e-flex e-con e-child\" data-id=\"5bf62e46\" data-element_type=\"container\" data-e-type=\"container\" data-settings=\"{&quot;background_background&quot;:&quot;classic&quot;}\">\n\t\t\t\t<\/div>\n\t\t<div class=\"elementor-element elementor-element-4b4d6d06 e-con-full e-flex e-con e-child\" data-id=\"4b4d6d06\" data-element_type=\"container\" data-e-type=\"container\" data-settings=\"{&quot;background_background&quot;:&quot;classic&quot;}\">\n\t\t\t\t<div class=\"elementor-element elementor-element-7d58ccf7 elementor-widget elementor-widget-heading\" data-id=\"7d58ccf7\" data-element_type=\"widget\" data-e-type=\"widget\" data-widget_type=\"heading.default\">\n\t\t\t\t<div class=\"elementor-widget-container\">\n\t\t\t\t\t<h2 class=\"elementor-heading-title elementor-size-default\">Conteneurs de transport et de stockage<\/h2>\t\t\t\t<\/div>\n\t\t\t\t<\/div>\n\t\t\t\t<div class=\"elementor-element elementor-element-4ebb18e3 elementor-widget elementor-widget-text-editor\" data-id=\"4ebb18e3\" data-element_type=\"widget\" data-e-type=\"widget\" data-widget_type=\"text-editor.default\">\n\t\t\t\t<div class=\"elementor-widget-container\">\n\t\t\t\t\t\t\t\t\t<p>B&amp;W propose des solutions de protection fiables pour la D\u00e9fense &#8211; robustes, certifi\u00e9es et pr\u00eates \u00e0 l&#8217;emploi pour toutes les missions.<\/p>\t\t\t\t\t\t\t\t<\/div>\n\t\t\t\t<\/div>\n\t\t\t\t<div class=\"elementor-element elementor-element-480fb1ab elementor-align-left elementor-widget elementor-widget-button\" data-id=\"480fb1ab\" data-element_type=\"widget\" data-e-type=\"widget\" data-widget_type=\"button.default\">\n\t\t\t\t<div class=\"elementor-widget-container\">\n\t\t\t\t\t\t\t\t\t<div class=\"elementor-button-wrapper\">\n\t\t\t\t\t<a class=\"elementor-button elementor-button-link elementor-size-sm\" href=\"https:\/\/www.b-w-international.com\/fr\/gamme-de-produits\/conteneurs-de-transport-et-de-stockage\/\">\n\t\t\t\t\t\t<span class=\"elementor-button-content-wrapper\">\n\t\t\t\t\t\t\t\t\t<span class=\"elementor-button-text\">D\u00e9couvrir la gamme<\/span>\n\t\t\t\t\t<\/span>\n\t\t\t\t\t<\/a>\n\t\t\t\t<\/div>\n\t\t\t\t\t\t\t\t<\/div>\n\t\t\t\t<\/div>\n\t\t\t\t<\/div>\n\t\t\t\t<\/div>\n\t\t<div class=\"elementor-element elementor-element-29ab6fe8 e-con-full e-transform e-flex e-con e-child\" data-id=\"29ab6fe8\" data-element_type=\"container\" data-e-type=\"container\" data-settings=\"{&quot;background_background&quot;:&quot;classic&quot;,&quot;_transform_translateY_effect&quot;:{&quot;unit&quot;:&quot;px&quot;,&quot;size&quot;:75,&quot;sizes&quot;:[]},&quot;_transform_translateY_effect_tablet&quot;:{&quot;unit&quot;:&quot;px&quot;,&quot;size&quot;:0,&quot;sizes&quot;:[]},&quot;_transform_translateX_effect&quot;:{&quot;unit&quot;:&quot;px&quot;,&quot;size&quot;:&quot;&quot;,&quot;sizes&quot;:[]},&quot;_transform_translateX_effect_tablet&quot;:{&quot;unit&quot;:&quot;px&quot;,&quot;size&quot;:&quot;&quot;,&quot;sizes&quot;:[]},&quot;_transform_translateX_effect_mobile&quot;:{&quot;unit&quot;:&quot;px&quot;,&quot;size&quot;:&quot;&quot;,&quot;sizes&quot;:[]},&quot;_transform_translateY_effect_mobile&quot;:{&quot;unit&quot;:&quot;px&quot;,&quot;size&quot;:&quot;&quot;,&quot;sizes&quot;:[]}}\">\n\t\t<div class=\"elementor-element elementor-element-1c278958 e-con-full e-flex e-con e-child\" data-id=\"1c278958\" data-element_type=\"container\" data-e-type=\"container\" data-settings=\"{&quot;background_background&quot;:&quot;classic&quot;}\">\n\t\t\t\t<\/div>\n\t\t<div class=\"elementor-element elementor-element-3fad4e47 e-con-full e-flex e-con e-child\" data-id=\"3fad4e47\" data-element_type=\"container\" data-e-type=\"container\" data-settings=\"{&quot;background_background&quot;:&quot;classic&quot;}\">\n\t\t\t\t<div class=\"elementor-element elementor-element-88e7b40 elementor-widget elementor-widget-heading\" data-id=\"88e7b40\" data-element_type=\"widget\" data-e-type=\"widget\" data-widget_type=\"heading.default\">\n\t\t\t\t<div class=\"elementor-widget-container\">\n\t\t\t\t\t<h2 class=\"elementor-heading-title elementor-size-default\">Mallette \u00e9nergie<\/h2>\t\t\t\t<\/div>\n\t\t\t\t<\/div>\n\t\t\t\t<div class=\"elementor-element elementor-element-5acf0b6 elementor-widget elementor-widget-text-editor\" data-id=\"5acf0b6\" data-element_type=\"widget\" data-e-type=\"widget\" data-widget_type=\"text-editor.default\">\n\t\t\t\t<div class=\"elementor-widget-container\">\n\t\t\t\t\t\t\t\t\t<p>Une alimentation fiable pour chaque utilisation : r\u00e9sistante aux intemp\u00e9ries, robuste et pr\u00eate \u00e0 affronter les conditions les plus difficiles.<\/p>\t\t\t\t\t\t\t\t<\/div>\n\t\t\t\t<\/div>\n\t\t\t\t<div class=\"elementor-element elementor-element-4952d7a6 elementor-align-left elementor-widget elementor-widget-button\" data-id=\"4952d7a6\" data-element_type=\"widget\" data-e-type=\"widget\" data-widget_type=\"button.default\">\n\t\t\t\t<div class=\"elementor-widget-container\">\n\t\t\t\t\t\t\t\t\t<div class=\"elementor-button-wrapper\">\n\t\t\t\t\t<a class=\"elementor-button elementor-button-link elementor-size-sm\" href=\"https:\/\/www.b-w-international.com\/fr\/gamme-de-produits\/mallette-energie\/\">\n\t\t\t\t\t\t<span class=\"elementor-button-content-wrapper\">\n\t\t\t\t\t\t\t\t\t<span class=\"elementor-button-text\">D\u00e9couvrir la gamme<\/span>\n\t\t\t\t\t<\/span>\n\t\t\t\t\t<\/a>\n\t\t\t\t<\/div>\n\t\t\t\t\t\t\t\t<\/div>\n\t\t\t\t<\/div>\n\t\t\t\t<\/div>\n\t\t\t\t<\/div>\n\t\t<div class=\"elementor-element elementor-element-41894237 e-con-full e-flex e-con e-child\" data-id=\"41894237\" data-element_type=\"container\" data-e-type=\"container\" data-settings=\"{&quot;background_background&quot;:&quot;classic&quot;}\">\n\t\t<div class=\"elementor-element elementor-element-332f724f e-con-full e-flex e-con e-child\" data-id=\"332f724f\" data-element_type=\"container\" data-e-type=\"container\" data-settings=\"{&quot;background_background&quot;:&quot;classic&quot;}\">\n\t\t\t\t<\/div>\n\t\t<div class=\"elementor-element elementor-element-7e961df8 e-con-full e-flex e-con e-child\" data-id=\"7e961df8\" data-element_type=\"container\" data-e-type=\"container\" data-settings=\"{&quot;background_background&quot;:&quot;classic&quot;}\">\n\t\t\t\t<div class=\"elementor-element elementor-element-158665aa elementor-widget elementor-widget-heading\" data-id=\"158665aa\" data-element_type=\"widget\" data-e-type=\"widget\" data-widget_type=\"heading.default\">\n\t\t\t\t<div class=\"elementor-widget-container\">\n\t\t\t\t\t<h2 class=\"elementor-heading-title elementor-size-default\">Mallette Starlink<\/h2>\t\t\t\t<\/div>\n\t\t\t\t<\/div>\n\t\t\t\t<div class=\"elementor-element elementor-element-138025da elementor-widget elementor-widget-text-editor\" data-id=\"138025da\" data-element_type=\"widget\" data-e-type=\"widget\" data-widget_type=\"text-editor.default\">\n\t\t\t\t<div class=\"elementor-widget-container\">\n\t\t\t\t\t\t\t\t\t<p>Communications par satellite et \u00e9nergie mobile dans un syst\u00e8me compact &#8211; pour une flexibilit\u00e9 maximale en tout lieu.<\/p>\t\t\t\t\t\t\t\t<\/div>\n\t\t\t\t<\/div>\n\t\t\t\t<div class=\"elementor-element elementor-element-d618641 elementor-align-left elementor-widget elementor-widget-button\" data-id=\"d618641\" data-element_type=\"widget\" data-e-type=\"widget\" data-widget_type=\"button.default\">\n\t\t\t\t<div class=\"elementor-widget-container\">\n\t\t\t\t\t\t\t\t\t<div class=\"elementor-button-wrapper\">\n\t\t\t\t\t<a class=\"elementor-button elementor-button-link elementor-size-sm\" href=\"https:\/\/www.b-w-international.com\/fr\/gamme-de-produits\/mallette-starlink\/\">\n\t\t\t\t\t\t<span class=\"elementor-button-content-wrapper\">\n\t\t\t\t\t\t\t\t\t<span class=\"elementor-button-text\">D\u00e9couvrir la gamme<\/span>\n\t\t\t\t\t<\/span>\n\t\t\t\t\t<\/a>\n\t\t\t\t<\/div>\n\t\t\t\t\t\t\t\t<\/div>\n\t\t\t\t<\/div>\n\t\t\t\t<\/div>\n\t\t\t\t<\/div>\n\t\t<div class=\"elementor-element elementor-element-4d311c65 e-con-full e-transform e-flex e-con e-child\" data-id=\"4d311c65\" data-element_type=\"container\" data-e-type=\"container\" data-settings=\"{&quot;background_background&quot;:&quot;classic&quot;,&quot;_transform_translateY_effect&quot;:{&quot;unit&quot;:&quot;px&quot;,&quot;size&quot;:75,&quot;sizes&quot;:[]},&quot;_transform_translateY_effect_tablet&quot;:{&quot;unit&quot;:&quot;px&quot;,&quot;size&quot;:0,&quot;sizes&quot;:[]},&quot;_transform_translateX_effect&quot;:{&quot;unit&quot;:&quot;px&quot;,&quot;size&quot;:&quot;&quot;,&quot;sizes&quot;:[]},&quot;_transform_translateX_effect_tablet&quot;:{&quot;unit&quot;:&quot;px&quot;,&quot;size&quot;:&quot;&quot;,&quot;sizes&quot;:[]},&quot;_transform_translateX_effect_mobile&quot;:{&quot;unit&quot;:&quot;px&quot;,&quot;size&quot;:&quot;&quot;,&quot;sizes&quot;:[]},&quot;_transform_translateY_effect_mobile&quot;:{&quot;unit&quot;:&quot;px&quot;,&quot;size&quot;:&quot;&quot;,&quot;sizes&quot;:[]}}\">\n\t\t<div class=\"elementor-element elementor-element-4df4f2fe e-con-full e-flex e-con e-child\" data-id=\"4df4f2fe\" data-element_type=\"container\" data-e-type=\"container\" data-settings=\"{&quot;background_background&quot;:&quot;classic&quot;}\">\n\t\t\t\t<\/div>\n\t\t<div class=\"elementor-element elementor-element-4d7b8c99 e-con-full e-flex e-con e-child\" data-id=\"4d7b8c99\" data-element_type=\"container\" data-e-type=\"container\" data-settings=\"{&quot;background_background&quot;:&quot;classic&quot;}\">\n\t\t\t\t<div class=\"elementor-element elementor-element-58d8f68 elementor-widget elementor-widget-heading\" data-id=\"58d8f68\" data-element_type=\"widget\" data-e-type=\"widget\" data-widget_type=\"heading.default\">\n\t\t\t\t<div class=\"elementor-widget-container\">\n\t\t\t\t\t<h2 class=\"elementor-heading-title elementor-size-default\">Installations techniques<\/h2>\t\t\t\t<\/div>\n\t\t\t\t<\/div>\n\t\t\t\t<div class=\"elementor-element elementor-element-71b014ac elementor-widget elementor-widget-text-editor\" data-id=\"71b014ac\" data-element_type=\"widget\" data-e-type=\"widget\" data-widget_type=\"text-editor.default\">\n\t\t\t\t<div class=\"elementor-widget-container\">\n\t\t\t\t\t\t\t\t\t<p>Votre valise devient ainsi une solution : Une int\u00e9gration technique personnalis\u00e9e pour une fonctionnalit\u00e9 maximale et une protection adapt\u00e9e.<\/p>\t\t\t\t\t\t\t\t<\/div>\n\t\t\t\t<\/div>\n\t\t\t\t<div class=\"elementor-element elementor-element-1eacff96 elementor-align-left elementor-widget elementor-widget-button\" data-id=\"1eacff96\" data-element_type=\"widget\" data-e-type=\"widget\" data-widget_type=\"button.default\">\n\t\t\t\t<div class=\"elementor-widget-container\">\n\t\t\t\t\t\t\t\t\t<div class=\"elementor-button-wrapper\">\n\t\t\t\t\t<a class=\"elementor-button elementor-button-link elementor-size-sm\" href=\"https:\/\/www.b-w-international.com\/fr\/valises-personnalisees\/installations-techniques\/\">\n\t\t\t\t\t\t<span class=\"elementor-button-content-wrapper\">\n\t\t\t\t\t\t\t\t\t<span class=\"elementor-button-text\">D\u00e9couvrir la gamme<\/span>\n\t\t\t\t\t<\/span>\n\t\t\t\t\t<\/a>\n\t\t\t\t<\/div>\n\t\t\t\t\t\t\t\t<\/div>\n\t\t\t\t<\/div>\n\t\t\t\t<\/div>\n\t\t\t\t<\/div>\n\t\t\t\t\t<\/div>\n\t\t\t\t<\/div>\n\t\t\t\t<\/div>\n\t\t","protected":false},"excerpt":{"rendered":"<p>D\u00e9fense Conteneurs de transport et de stockage B&amp;W propose des solutions de protection fiables pour la D\u00e9fense &#8211; robustes, certifi\u00e9es et pr\u00eates \u00e0 l&#8217;emploi pour toutes les missions. D\u00e9couvrir la gamme Mallette \u00e9nergie Une alimentation fiable pour chaque utilisation : r\u00e9sistante aux intemp\u00e9ries, robuste et pr\u00eate \u00e0 affronter les conditions les plus difficiles. D\u00e9couvrir la [&hellip;]<\/p>\n","protected":false},"author":3,"featured_media":0,"parent":0,"menu_order":65,"comment_status":"closed","ping_status":"closed","template":"","meta":{"_acf_changed":false,"footnotes":""},"class_list":["post-17302","page","type-page","status-publish","hentry"],"acf":[],"yoast_head":"<title>Solutions de valises pour la D\u00e9fense - transport facile &amp; s\u00fbr<\/title>\n<meta name=\"description\" content=\"Mallette de d\u00e9fense B&amp;W : \u2713robuste \u2713certifi\u00e9e &amp; \u2713pr\u00eate \u00e0 l&#039;emploi. Alimentation \u00e9lectrique, communication satellite &amp; solutions techniques personnalis\u00e9es \u2794 A d\u00e9couvrir d\u00e8s maintenant !\" \/>\n<meta name=\"robots\" content=\"index, follow, max-snippet:-1, max-image-preview:large, max-video-preview:-1\" \/>\n<link rel=\"canonical\" href=\"https:\/\/www.b-w-international.com\/fr\/defense\/\" \/>\n<meta property=\"og:locale\" content=\"fr_FR\" \/>\n<meta property=\"og:type\" content=\"article\" \/>\n<meta property=\"og:title\" content=\"Solutions de valises pour la D\u00e9fense - transport facile &amp; s\u00fbr\" \/>\n<meta property=\"og:description\" content=\"Mallette de d\u00e9fense B&amp;W : \u2713robuste \u2713certifi\u00e9e &amp; \u2713pr\u00eate \u00e0 l&#039;emploi. Alimentation \u00e9lectrique, communication satellite &amp; solutions techniques personnalis\u00e9es \u2794 A d\u00e9couvrir d\u00e8s maintenant !\" \/>\n<meta property=\"og:url\" content=\"https:\/\/www.b-w-international.com\/fr\/defense\/\" \/>\n<meta property=\"og:site_name\" content=\"B&amp;W International\" \/>\n<meta property=\"article:modified_time\" content=\"2025-10-07T09:54:03+00:00\" \/>\n<meta name=\"twitter:card\" content=\"summary_large_image\" \/>\n<meta name=\"twitter:label1\" content=\"Dur\u00e9e de lecture estim\u00e9e\" \/>\n\t<meta name=\"twitter:data1\" content=\"1 minute\" \/>\n<script type=\"application\/ld+json\" class=\"yoast-schema-graph\">{\"@context\":\"https:\\\/\\\/schema.org\",\"@graph\":[{\"@type\":\"WebPage\",\"@id\":\"https:\\\/\\\/www.b-w-international.com\\\/fr\\\/defense\\\/\",\"url\":\"https:\\\/\\\/www.b-w-international.com\\\/fr\\\/defense\\\/\",\"name\":\"Solutions de valises pour la D\u00e9fense - transport facile & s\u00fbr\",\"isPartOf\":{\"@id\":\"https:\\\/\\\/www.b-w-international.com\\\/fr\\\/#website\"},\"datePublished\":\"2025-04-29T13:41:13+00:00\",\"dateModified\":\"2025-10-07T09:54:03+00:00\",\"description\":\"Mallette de d\u00e9fense B&W : \u2713robuste \u2713certifi\u00e9e & \u2713pr\u00eate \u00e0 l'emploi. Alimentation \u00e9lectrique, communication satellite & solutions techniques personnalis\u00e9es \u2794 A d\u00e9couvrir d\u00e8s maintenant !\",\"breadcrumb\":{\"@id\":\"https:\\\/\\\/www.b-w-international.com\\\/fr\\\/defense\\\/#breadcrumb\"},\"inLanguage\":\"fr-FR\",\"potentialAction\":[{\"@type\":\"ReadAction\",\"target\":[\"https:\\\/\\\/www.b-w-international.com\\\/fr\\\/defense\\\/\"]}]},{\"@type\":\"BreadcrumbList\",\"@id\":\"https:\\\/\\\/www.b-w-international.com\\\/fr\\\/defense\\\/#breadcrumb\",\"itemListElement\":[{\"@type\":\"ListItem\",\"position\":1,\"name\":\"Home\",\"item\":\"https:\\\/\\\/www.b-w-international.com\\\/fr\\\/\"},{\"@type\":\"ListItem\",\"position\":2,\"name\":\"D\u00e9fense\"}]},{\"@type\":\"WebSite\",\"@id\":\"https:\\\/\\\/www.b-w-international.com\\\/fr\\\/#website\",\"url\":\"https:\\\/\\\/www.b-w-international.com\\\/fr\\\/\",\"name\":\"B&W International\",\"description\":\"\",\"publisher\":{\"@id\":\"https:\\\/\\\/www.b-w-international.com\\\/fr\\\/#organization\"},\"potentialAction\":[{\"@type\":\"SearchAction\",\"target\":{\"@type\":\"EntryPoint\",\"urlTemplate\":\"https:\\\/\\\/www.b-w-international.com\\\/fr\\\/?s={search_term_string}\"},\"query-input\":{\"@type\":\"PropertyValueSpecification\",\"valueRequired\":true,\"valueName\":\"search_term_string\"}}],\"inLanguage\":\"fr-FR\"},{\"@type\":\"Organization\",\"@id\":\"https:\\\/\\\/www.b-w-international.com\\\/fr\\\/#organization\",\"name\":\"B&W International\",\"url\":\"https:\\\/\\\/www.b-w-international.com\\\/fr\\\/\",\"logo\":{\"@type\":\"ImageObject\",\"inLanguage\":\"fr-FR\",\"@id\":\"https:\\\/\\\/www.b-w-international.com\\\/fr\\\/#\\\/schema\\\/logo\\\/image\\\/\",\"url\":\"https:\\\/\\\/www.b-w-international.com\\\/wp-content\\\/uploads\\\/2024\\\/12\\\/16dbfc312f1eb060e7d95735c00f9ec6.png\",\"contentUrl\":\"https:\\\/\\\/www.b-w-international.com\\\/wp-content\\\/uploads\\\/2024\\\/12\\\/16dbfc312f1eb060e7d95735c00f9ec6.png\",\"width\":219,\"height\":82,\"caption\":\"B&W International\"},\"image\":{\"@id\":\"https:\\\/\\\/www.b-w-international.com\\\/fr\\\/#\\\/schema\\\/logo\\\/image\\\/\"}}]}<\/script>","yoast_head_json":{"title":"Solutions de valises pour la D\u00e9fense - transport facile & s\u00fbr","description":"Mallette de d\u00e9fense B&W : \u2713robuste \u2713certifi\u00e9e & \u2713pr\u00eate \u00e0 l'emploi. Alimentation \u00e9lectrique, communication satellite & solutions techniques personnalis\u00e9es \u2794 A d\u00e9couvrir d\u00e8s maintenant !","robots":{"index":"index","follow":"follow","max-snippet":"max-snippet:-1","max-image-preview":"max-image-preview:large","max-video-preview":"max-video-preview:-1"},"canonical":"https:\/\/www.b-w-international.com\/fr\/defense\/","og_locale":"fr_FR","og_type":"article","og_title":"Solutions de valises pour la D\u00e9fense - transport facile & s\u00fbr","og_description":"Mallette de d\u00e9fense B&W : \u2713robuste \u2713certifi\u00e9e & \u2713pr\u00eate \u00e0 l'emploi. Alimentation \u00e9lectrique, communication satellite & solutions techniques personnalis\u00e9es \u2794 A d\u00e9couvrir d\u00e8s maintenant !","og_url":"https:\/\/www.b-w-international.com\/fr\/defense\/","og_site_name":"B&amp;W International","article_modified_time":"2025-10-07T09:54:03+00:00","twitter_card":"summary_large_image","twitter_misc":{"Dur\u00e9e de lecture estim\u00e9e":"1 minute"},"schema":{"@context":"https:\/\/schema.org","@graph":[{"@type":"WebPage","@id":"https:\/\/www.b-w-international.com\/fr\/defense\/","url":"https:\/\/www.b-w-international.com\/fr\/defense\/","name":"Solutions de valises pour la D\u00e9fense - transport facile & s\u00fbr","isPartOf":{"@id":"https:\/\/www.b-w-international.com\/fr\/#website"},"datePublished":"2025-04-29T13:41:13+00:00","dateModified":"2025-10-07T09:54:03+00:00","description":"Mallette de d\u00e9fense B&W : \u2713robuste \u2713certifi\u00e9e & \u2713pr\u00eate \u00e0 l'emploi. Alimentation \u00e9lectrique, communication satellite & solutions techniques personnalis\u00e9es \u2794 A d\u00e9couvrir d\u00e8s maintenant !","breadcrumb":{"@id":"https:\/\/www.b-w-international.com\/fr\/defense\/#breadcrumb"},"inLanguage":"fr-FR","potentialAction":[{"@type":"ReadAction","target":["https:\/\/www.b-w-international.com\/fr\/defense\/"]}]},{"@type":"BreadcrumbList","@id":"https:\/\/www.b-w-international.com\/fr\/defense\/#breadcrumb","itemListElement":[{"@type":"ListItem","position":1,"name":"Home","item":"https:\/\/www.b-w-international.com\/fr\/"},{"@type":"ListItem","position":2,"name":"D\u00e9fense"}]},{"@type":"WebSite","@id":"https:\/\/www.b-w-international.com\/fr\/#website","url":"https:\/\/www.b-w-international.com\/fr\/","name":"B&W International","description":"","publisher":{"@id":"https:\/\/www.b-w-international.com\/fr\/#organization"},"potentialAction":[{"@type":"SearchAction","target":{"@type":"EntryPoint","urlTemplate":"https:\/\/www.b-w-international.com\/fr\/?s={search_term_string}"},"query-input":{"@type":"PropertyValueSpecification","valueRequired":true,"valueName":"search_term_string"}}],"inLanguage":"fr-FR"},{"@type":"Organization","@id":"https:\/\/www.b-w-international.com\/fr\/#organization","name":"B&W International","url":"https:\/\/www.b-w-international.com\/fr\/","logo":{"@type":"ImageObject","inLanguage":"fr-FR","@id":"https:\/\/www.b-w-international.com\/fr\/#\/schema\/logo\/image\/","url":"https:\/\/www.b-w-international.com\/wp-content\/uploads\/2024\/12\/16dbfc312f1eb060e7d95735c00f9ec6.png","contentUrl":"https:\/\/www.b-w-international.com\/wp-content\/uploads\/2024\/12\/16dbfc312f1eb060e7d95735c00f9ec6.png","width":219,"height":82,"caption":"B&W International"},"image":{"@id":"https:\/\/www.b-w-international.com\/fr\/#\/schema\/logo\/image\/"}}]}},"_links":{"self":[{"href":"https:\/\/www.b-w-international.com\/fr\/wp-json\/wp\/v2\/pages\/17302","targetHints":{"allow":["GET"]}}],"collection":[{"href":"https:\/\/www.b-w-international.com\/fr\/wp-json\/wp\/v2\/pages"}],"about":[{"href":"https:\/\/www.b-w-international.com\/fr\/wp-json\/wp\/v2\/types\/page"}],"author":[{"embeddable":true,"href":"https:\/\/www.b-w-international.com\/fr\/wp-json\/wp\/v2\/users\/3"}],"replies":[{"embeddable":true,"href":"https:\/\/www.b-w-international.com\/fr\/wp-json\/wp\/v2\/comments?post=17302"}],"version-history":[{"count":8,"href":"https:\/\/www.b-w-international.com\/fr\/wp-json\/wp\/v2\/pages\/17302\/revisions"}],"predecessor-version":[{"id":22001,"href":"https:\/\/www.b-w-international.com\/fr\/wp-json\/wp\/v2\/pages\/17302\/revisions\/22001"}],"wp:attachment":[{"href":"https:\/\/www.b-w-international.com\/fr\/wp-json\/wp\/v2\/media?parent=17302"}],"curies":[{"name":"wp","href":"https:\/\/api.w.org\/{rel}","templated":true}]}}