{"id":17319,"date":"2025-04-29T15:43:20","date_gmt":"2025-04-29T13:43:20","guid":{"rendered":"https:\/\/www.b-w-international.com\/photo-et-video\/"},"modified":"2026-03-12T14:43:27","modified_gmt":"2026-03-12T13:43:27","slug":"photo-et-video","status":"publish","type":"page","link":"https:\/\/www.b-w-international.com\/fr\/photo-et-video\/","title":{"rendered":"Photo et vid\u00e9o"},"content":{"rendered":"\t\t<div data-elementor-type=\"wp-page\" data-elementor-id=\"17319\" class=\"elementor elementor-17319 elementor-10129\" data-elementor-post-type=\"page\">\n\t\t\t\t<div class=\"elementor-element elementor-element-4e4e904 e-con-full e-flex e-con e-parent\" data-id=\"4e4e904\" data-element_type=\"container\" data-e-type=\"container\">\n\t\t\t\t<div class=\"elementor-element elementor-element-956e419 elementor-widget__width-inherit elementor-widget elementor-widget-ucaddon_title_hero_custom\" data-id=\"956e419\" data-element_type=\"widget\" data-e-type=\"widget\" data-widget_type=\"ucaddon_title_hero_custom.default\">\n\t\t\t\t<div class=\"elementor-widget-container\">\n\t\t\t\t\t\n<!-- start Title Hero Custom -->\n<style>\/* widget: Title Hero Custom *\/\n\n#uc_title_hero_custom_elementor_956e419 *{\n\tbox-sizing: border-box;\n}\n#uc_title_hero_custom_elementor_956e419{\n\tposition:relative;\n\toverflow:hidden;\n    display:flex;\n    justify-content:flex-end;\n  \talign-items:center;\n    flex-direction: column;\n    background-blend-mode: normal;\n}\n\n#uc_title_hero_custom_elementor_956e419 .ue_title_hero_container{\n\n    text-align:center;\n    position:relative;\n    z-index:1;\n}\n#uc_title_hero_custom_elementor_956e419 .ue_title{\n\n\tdisplay:inline-block;\n}\n\n#uc_title_hero_custom_elementor_956e419 a{\n    display: inline-block;\n\ttext-decoration:none;\n}\n\n#uc_title_hero_custom_elementor_956e419 .ue_title_hero_overlay\n{\n  position:absolute;\n  top:0;\n  bottom:0;\n  left:0;\n  right:0;\n}\n\n.ue_title\n{\n  font-size:52px;\n}\n\n<\/style>\n\n<div class=\"ue_title_hero\" id=\"uc_title_hero_custom_elementor_956e419\">\n    <div class=\"ue_title_hero_overlay\"><\/div>\n    <div class=\"ue_title_hero_container\">\n      \t    \t<h1 class=\"ue_title\">Photo et vid\u00e9o<\/h1>\n        <div><\/div>\n              \n        \t\n      \n            <\/div>\n<\/div>\n<!-- end Title Hero Custom -->\t\t\t\t<\/div>\n\t\t\t\t<\/div>\n\t\t\t\t<\/div>\n\t\t<div class=\"elementor-element elementor-element-6178c30e e-flex e-con-boxed e-con e-parent\" data-id=\"6178c30e\" data-element_type=\"container\" data-e-type=\"container\">\n\t\t\t\t\t<div class=\"e-con-inner\">\n\t\t<div class=\"elementor-element elementor-element-5238bf49 e-con-full e-flex e-con e-child\" data-id=\"5238bf49\" data-element_type=\"container\" data-e-type=\"container\" data-settings=\"{&quot;background_background&quot;:&quot;classic&quot;}\">\n\t\t<div class=\"elementor-element elementor-element-1a257b7e e-con-full e-flex e-con e-child\" data-id=\"1a257b7e\" data-element_type=\"container\" data-e-type=\"container\" data-settings=\"{&quot;background_background&quot;:&quot;classic&quot;}\">\n\t\t\t\t<\/div>\n\t\t<div class=\"elementor-element elementor-element-336dc2f e-con-full e-flex e-con e-child\" data-id=\"336dc2f\" data-element_type=\"container\" data-e-type=\"container\" data-settings=\"{&quot;background_background&quot;:&quot;classic&quot;}\">\n\t\t\t\t<div class=\"elementor-element elementor-element-7eabbaa elementor-widget elementor-widget-heading\" data-id=\"7eabbaa\" data-element_type=\"widget\" data-e-type=\"widget\" data-widget_type=\"heading.default\">\n\t\t\t\t<div class=\"elementor-widget-container\">\n\t\t\t\t\t<h2 class=\"elementor-heading-title elementor-size-default\">Mallette multi-usages<\/h2>\t\t\t\t<\/div>\n\t\t\t\t<\/div>\n\t\t\t\t<div class=\"elementor-element elementor-element-724a2d31 elementor-widget elementor-widget-text-editor\" data-id=\"724a2d31\" data-element_type=\"widget\" data-e-type=\"widget\" data-widget_type=\"text-editor.default\">\n\t\t\t\t<div class=\"elementor-widget-container\">\n\t\t\t\t\t\t\t\t\t<p>R\u00e9sistantes \u00e0 l&rsquo;eau, aux chocs et aux temp\u00e9ratures, les valises multi-usages s\u00e9curisent les \u00e9quipements de mani\u00e8re fiable, m\u00eame dans des conditions extr\u00eames.<\/p>\t\t\t\t\t\t\t\t<\/div>\n\t\t\t\t<\/div>\n\t\t\t\t<div class=\"elementor-element elementor-element-1f7981ab elementor-align-left elementor-widget elementor-widget-button\" data-id=\"1f7981ab\" data-element_type=\"widget\" data-e-type=\"widget\" data-widget_type=\"button.default\">\n\t\t\t\t<div class=\"elementor-widget-container\">\n\t\t\t\t\t\t\t\t\t<div class=\"elementor-button-wrapper\">\n\t\t\t\t\t<a class=\"elementor-button elementor-button-link elementor-size-sm\" href=\"https:\/\/www.b-w-international.com\/fr\/gamme-de-produits\/mallette-multi-usages\/\">\n\t\t\t\t\t\t<span class=\"elementor-button-content-wrapper\">\n\t\t\t\t\t\t\t\t\t<span class=\"elementor-button-text\">D\u00e9couvrir la gamme<\/span>\n\t\t\t\t\t<\/span>\n\t\t\t\t\t<\/a>\n\t\t\t\t<\/div>\n\t\t\t\t\t\t\t\t<\/div>\n\t\t\t\t<\/div>\n\t\t\t\t<\/div>\n\t\t\t\t<\/div>\n\t\t<div class=\"elementor-element elementor-element-782a762f e-con-full e-transform e-flex e-con e-child\" data-id=\"782a762f\" data-element_type=\"container\" data-e-type=\"container\" data-settings=\"{&quot;background_background&quot;:&quot;classic&quot;,&quot;_transform_translateY_effect&quot;:{&quot;unit&quot;:&quot;px&quot;,&quot;size&quot;:75,&quot;sizes&quot;:[]},&quot;_transform_translateY_effect_tablet&quot;:{&quot;unit&quot;:&quot;px&quot;,&quot;size&quot;:0,&quot;sizes&quot;:[]},&quot;_transform_translateX_effect&quot;:{&quot;unit&quot;:&quot;px&quot;,&quot;size&quot;:&quot;&quot;,&quot;sizes&quot;:[]},&quot;_transform_translateX_effect_tablet&quot;:{&quot;unit&quot;:&quot;px&quot;,&quot;size&quot;:&quot;&quot;,&quot;sizes&quot;:[]},&quot;_transform_translateX_effect_mobile&quot;:{&quot;unit&quot;:&quot;px&quot;,&quot;size&quot;:&quot;&quot;,&quot;sizes&quot;:[]},&quot;_transform_translateY_effect_mobile&quot;:{&quot;unit&quot;:&quot;px&quot;,&quot;size&quot;:&quot;&quot;,&quot;sizes&quot;:[]}}\">\n\t\t<div class=\"elementor-element elementor-element-1ef45b4b e-con-full e-flex e-con e-child\" data-id=\"1ef45b4b\" data-element_type=\"container\" data-e-type=\"container\" data-settings=\"{&quot;background_background&quot;:&quot;classic&quot;}\">\n\t\t\t\t<\/div>\n\t\t<div class=\"elementor-element elementor-element-5c91368a e-con-full e-flex e-con e-child\" data-id=\"5c91368a\" data-element_type=\"container\" data-e-type=\"container\" data-settings=\"{&quot;background_background&quot;:&quot;classic&quot;}\">\n\t\t\t\t<div class=\"elementor-element elementor-element-b73053c elementor-widget elementor-widget-heading\" data-id=\"b73053c\" data-element_type=\"widget\" data-e-type=\"widget\" data-widget_type=\"heading.default\">\n\t\t\t\t<div class=\"elementor-widget-container\">\n\t\t\t\t\t<h2 class=\"elementor-heading-title elementor-size-default\">Valises pour drones<\/h2>\t\t\t\t<\/div>\n\t\t\t\t<\/div>\n\t\t\t\t<div class=\"elementor-element elementor-element-45a1450e elementor-widget elementor-widget-text-editor\" data-id=\"45a1450e\" data-element_type=\"widget\" data-e-type=\"widget\" data-widget_type=\"text-editor.default\">\n\t\t\t\t<div class=\"elementor-widget-container\">\n\t\t\t\t\t\t\t\t\t<p>Les drones, les unit\u00e9s de contr\u00f4le et les capteurs restent parfaitement prot\u00e9g\u00e9s gr\u00e2ce \u00e0 des solutions de mallettes antichocs et r\u00e9sistantes aux intemp\u00e9ries pour chaque mission.<\/p>\t\t\t\t\t\t\t\t<\/div>\n\t\t\t\t<\/div>\n\t\t\t\t<div class=\"elementor-element elementor-element-dc0c2ad elementor-align-left elementor-widget elementor-widget-button\" data-id=\"dc0c2ad\" data-element_type=\"widget\" data-e-type=\"widget\" data-widget_type=\"button.default\">\n\t\t\t\t<div class=\"elementor-widget-container\">\n\t\t\t\t\t\t\t\t\t<div class=\"elementor-button-wrapper\">\n\t\t\t\t\t<a class=\"elementor-button elementor-button-link elementor-size-sm\" href=\"https:\/\/www.b-w-international.com\/fr\/gamme-de-produits\/valises-pour-drones\/\">\n\t\t\t\t\t\t<span class=\"elementor-button-content-wrapper\">\n\t\t\t\t\t\t\t\t\t<span class=\"elementor-button-text\">D\u00e9couvrir la gamme<\/span>\n\t\t\t\t\t<\/span>\n\t\t\t\t\t<\/a>\n\t\t\t\t<\/div>\n\t\t\t\t\t\t\t\t<\/div>\n\t\t\t\t<\/div>\n\t\t\t\t<\/div>\n\t\t\t\t<\/div>\n\t\t\t\t\t<\/div>\n\t\t\t\t<\/div>\n\t\t\t\t<\/div>\n\t\t","protected":false},"excerpt":{"rendered":"<p>Photo et vid\u00e9o Mallette multi-usages R\u00e9sistantes \u00e0 l&rsquo;eau, aux chocs et aux temp\u00e9ratures, les valises multi-usages s\u00e9curisent les \u00e9quipements de mani\u00e8re fiable, m\u00eame dans des conditions extr\u00eames. D\u00e9couvrir la gamme Valises pour drones Les drones, les unit\u00e9s de contr\u00f4le et les capteurs restent parfaitement prot\u00e9g\u00e9s gr\u00e2ce \u00e0 des solutions de mallettes antichocs et r\u00e9sistantes aux [&hellip;]<\/p>\n","protected":false},"author":3,"featured_media":0,"parent":0,"menu_order":69,"comment_status":"closed","ping_status":"closed","template":"","meta":{"_acf_changed":false,"footnotes":""},"class_list":["post-17319","page","type-page","status-publish","hentry"],"acf":[],"yoast_head":"<title>Transport facile et s\u00fbr de valises pour cam\u00e9ras, drones et \u00e9quipements<\/title>\n<meta name=\"description\" content=\"Les valises de B&amp;W International vous aident \u00e0 transporter votre mat\u00e9riel photo &amp; vid\u00e9o \u2713facilement \u2713en toute s\u00e9curit\u00e9 et \u2713partout \u2794 En savoir plus !\" \/>\n<meta name=\"robots\" content=\"index, follow, max-snippet:-1, max-image-preview:large, max-video-preview:-1\" \/>\n<link rel=\"canonical\" href=\"https:\/\/www.b-w-international.com\/fr\/photo-et-video\/\" \/>\n<meta property=\"og:locale\" content=\"fr_FR\" \/>\n<meta property=\"og:type\" content=\"article\" \/>\n<meta property=\"og:title\" content=\"Transport facile et s\u00fbr de valises pour cam\u00e9ras, drones et \u00e9quipements\" \/>\n<meta property=\"og:description\" content=\"Les valises de B&amp;W International vous aident \u00e0 transporter votre mat\u00e9riel photo &amp; vid\u00e9o \u2713facilement \u2713en toute s\u00e9curit\u00e9 et \u2713partout \u2794 En savoir plus !\" \/>\n<meta property=\"og:url\" content=\"https:\/\/www.b-w-international.com\/fr\/photo-et-video\/\" \/>\n<meta property=\"og:site_name\" content=\"B&amp;W International\" \/>\n<meta property=\"article:modified_time\" content=\"2026-03-12T13:43:27+00:00\" \/>\n<meta name=\"twitter:card\" content=\"summary_large_image\" \/>\n<script type=\"application\/ld+json\" class=\"yoast-schema-graph\">{\"@context\":\"https:\\\/\\\/schema.org\",\"@graph\":[{\"@type\":\"WebPage\",\"@id\":\"https:\\\/\\\/www.b-w-international.com\\\/fr\\\/photo-et-video\\\/\",\"url\":\"https:\\\/\\\/www.b-w-international.com\\\/fr\\\/photo-et-video\\\/\",\"name\":\"Transport facile et s\u00fbr de valises pour cam\u00e9ras, drones et \u00e9quipements\",\"isPartOf\":{\"@id\":\"https:\\\/\\\/www.b-w-international.com\\\/fr\\\/#website\"},\"datePublished\":\"2025-04-29T13:43:20+00:00\",\"dateModified\":\"2026-03-12T13:43:27+00:00\",\"description\":\"Les valises de B&W International vous aident \u00e0 transporter votre mat\u00e9riel photo & vid\u00e9o \u2713facilement \u2713en toute s\u00e9curit\u00e9 et \u2713partout \u2794 En savoir plus !\",\"breadcrumb\":{\"@id\":\"https:\\\/\\\/www.b-w-international.com\\\/fr\\\/photo-et-video\\\/#breadcrumb\"},\"inLanguage\":\"fr-FR\",\"potentialAction\":[{\"@type\":\"ReadAction\",\"target\":[\"https:\\\/\\\/www.b-w-international.com\\\/fr\\\/photo-et-video\\\/\"]}]},{\"@type\":\"BreadcrumbList\",\"@id\":\"https:\\\/\\\/www.b-w-international.com\\\/fr\\\/photo-et-video\\\/#breadcrumb\",\"itemListElement\":[{\"@type\":\"ListItem\",\"position\":1,\"name\":\"Home\",\"item\":\"https:\\\/\\\/www.b-w-international.com\\\/fr\\\/\"},{\"@type\":\"ListItem\",\"position\":2,\"name\":\"Photo et vid\u00e9o\"}]},{\"@type\":\"WebSite\",\"@id\":\"https:\\\/\\\/www.b-w-international.com\\\/fr\\\/#website\",\"url\":\"https:\\\/\\\/www.b-w-international.com\\\/fr\\\/\",\"name\":\"B&W International\",\"description\":\"\",\"publisher\":{\"@id\":\"https:\\\/\\\/www.b-w-international.com\\\/fr\\\/#organization\"},\"potentialAction\":[{\"@type\":\"SearchAction\",\"target\":{\"@type\":\"EntryPoint\",\"urlTemplate\":\"https:\\\/\\\/www.b-w-international.com\\\/fr\\\/?s={search_term_string}\"},\"query-input\":{\"@type\":\"PropertyValueSpecification\",\"valueRequired\":true,\"valueName\":\"search_term_string\"}}],\"inLanguage\":\"fr-FR\"},{\"@type\":\"Organization\",\"@id\":\"https:\\\/\\\/www.b-w-international.com\\\/fr\\\/#organization\",\"name\":\"B&W International\",\"url\":\"https:\\\/\\\/www.b-w-international.com\\\/fr\\\/\",\"logo\":{\"@type\":\"ImageObject\",\"inLanguage\":\"fr-FR\",\"@id\":\"https:\\\/\\\/www.b-w-international.com\\\/fr\\\/#\\\/schema\\\/logo\\\/image\\\/\",\"url\":\"https:\\\/\\\/www.b-w-international.com\\\/wp-content\\\/uploads\\\/2024\\\/12\\\/16dbfc312f1eb060e7d95735c00f9ec6.png\",\"contentUrl\":\"https:\\\/\\\/www.b-w-international.com\\\/wp-content\\\/uploads\\\/2024\\\/12\\\/16dbfc312f1eb060e7d95735c00f9ec6.png\",\"width\":219,\"height\":82,\"caption\":\"B&W International\"},\"image\":{\"@id\":\"https:\\\/\\\/www.b-w-international.com\\\/fr\\\/#\\\/schema\\\/logo\\\/image\\\/\"}}]}<\/script>","yoast_head_json":{"title":"Transport facile et s\u00fbr de valises pour cam\u00e9ras, drones et \u00e9quipements","description":"Les valises de B&W International vous aident \u00e0 transporter votre mat\u00e9riel photo & vid\u00e9o \u2713facilement \u2713en toute s\u00e9curit\u00e9 et \u2713partout \u2794 En savoir plus !","robots":{"index":"index","follow":"follow","max-snippet":"max-snippet:-1","max-image-preview":"max-image-preview:large","max-video-preview":"max-video-preview:-1"},"canonical":"https:\/\/www.b-w-international.com\/fr\/photo-et-video\/","og_locale":"fr_FR","og_type":"article","og_title":"Transport facile et s\u00fbr de valises pour cam\u00e9ras, drones et \u00e9quipements","og_description":"Les valises de B&W International vous aident \u00e0 transporter votre mat\u00e9riel photo & vid\u00e9o \u2713facilement \u2713en toute s\u00e9curit\u00e9 et \u2713partout \u2794 En savoir plus !","og_url":"https:\/\/www.b-w-international.com\/fr\/photo-et-video\/","og_site_name":"B&amp;W International","article_modified_time":"2026-03-12T13:43:27+00:00","twitter_card":"summary_large_image","schema":{"@context":"https:\/\/schema.org","@graph":[{"@type":"WebPage","@id":"https:\/\/www.b-w-international.com\/fr\/photo-et-video\/","url":"https:\/\/www.b-w-international.com\/fr\/photo-et-video\/","name":"Transport facile et s\u00fbr de valises pour cam\u00e9ras, drones et \u00e9quipements","isPartOf":{"@id":"https:\/\/www.b-w-international.com\/fr\/#website"},"datePublished":"2025-04-29T13:43:20+00:00","dateModified":"2026-03-12T13:43:27+00:00","description":"Les valises de B&W International vous aident \u00e0 transporter votre mat\u00e9riel photo & vid\u00e9o \u2713facilement \u2713en toute s\u00e9curit\u00e9 et \u2713partout \u2794 En savoir plus !","breadcrumb":{"@id":"https:\/\/www.b-w-international.com\/fr\/photo-et-video\/#breadcrumb"},"inLanguage":"fr-FR","potentialAction":[{"@type":"ReadAction","target":["https:\/\/www.b-w-international.com\/fr\/photo-et-video\/"]}]},{"@type":"BreadcrumbList","@id":"https:\/\/www.b-w-international.com\/fr\/photo-et-video\/#breadcrumb","itemListElement":[{"@type":"ListItem","position":1,"name":"Home","item":"https:\/\/www.b-w-international.com\/fr\/"},{"@type":"ListItem","position":2,"name":"Photo et vid\u00e9o"}]},{"@type":"WebSite","@id":"https:\/\/www.b-w-international.com\/fr\/#website","url":"https:\/\/www.b-w-international.com\/fr\/","name":"B&W International","description":"","publisher":{"@id":"https:\/\/www.b-w-international.com\/fr\/#organization"},"potentialAction":[{"@type":"SearchAction","target":{"@type":"EntryPoint","urlTemplate":"https:\/\/www.b-w-international.com\/fr\/?s={search_term_string}"},"query-input":{"@type":"PropertyValueSpecification","valueRequired":true,"valueName":"search_term_string"}}],"inLanguage":"fr-FR"},{"@type":"Organization","@id":"https:\/\/www.b-w-international.com\/fr\/#organization","name":"B&W International","url":"https:\/\/www.b-w-international.com\/fr\/","logo":{"@type":"ImageObject","inLanguage":"fr-FR","@id":"https:\/\/www.b-w-international.com\/fr\/#\/schema\/logo\/image\/","url":"https:\/\/www.b-w-international.com\/wp-content\/uploads\/2024\/12\/16dbfc312f1eb060e7d95735c00f9ec6.png","contentUrl":"https:\/\/www.b-w-international.com\/wp-content\/uploads\/2024\/12\/16dbfc312f1eb060e7d95735c00f9ec6.png","width":219,"height":82,"caption":"B&W International"},"image":{"@id":"https:\/\/www.b-w-international.com\/fr\/#\/schema\/logo\/image\/"}}]}},"_links":{"self":[{"href":"https:\/\/www.b-w-international.com\/fr\/wp-json\/wp\/v2\/pages\/17319","targetHints":{"allow":["GET"]}}],"collection":[{"href":"https:\/\/www.b-w-international.com\/fr\/wp-json\/wp\/v2\/pages"}],"about":[{"href":"https:\/\/www.b-w-international.com\/fr\/wp-json\/wp\/v2\/types\/page"}],"author":[{"embeddable":true,"href":"https:\/\/www.b-w-international.com\/fr\/wp-json\/wp\/v2\/users\/3"}],"replies":[{"embeddable":true,"href":"https:\/\/www.b-w-international.com\/fr\/wp-json\/wp\/v2\/comments?post=17319"}],"version-history":[{"count":3,"href":"https:\/\/www.b-w-international.com\/fr\/wp-json\/wp\/v2\/pages\/17319\/revisions"}],"predecessor-version":[{"id":25975,"href":"https:\/\/www.b-w-international.com\/fr\/wp-json\/wp\/v2\/pages\/17319\/revisions\/25975"}],"wp:attachment":[{"href":"https:\/\/www.b-w-international.com\/fr\/wp-json\/wp\/v2\/media?parent=17319"}],"curies":[{"name":"wp","href":"https:\/\/api.w.org\/{rel}","templated":true}]}}