{"id":17323,"date":"2025-04-29T15:42:38","date_gmt":"2025-04-29T13:42:38","guid":{"rendered":"https:\/\/www.b-w-international.com\/sauvetage-et-securite\/"},"modified":"2025-10-08T08:53:36","modified_gmt":"2025-10-08T06:53:36","slug":"sauvetage-et-securite","status":"publish","type":"page","link":"https:\/\/www.b-w-international.com\/fr\/sauvetage-et-securite\/","title":{"rendered":"Sauvetage et s\u00e9curit\u00e9"},"content":{"rendered":"\t\t<div data-elementor-type=\"wp-page\" data-elementor-id=\"17323\" class=\"elementor elementor-17323 elementor-10124\" data-elementor-post-type=\"page\">\n\t\t\t\t<div class=\"elementor-element elementor-element-4e4e904 e-con-full e-flex e-con e-parent\" data-id=\"4e4e904\" data-element_type=\"container\" data-e-type=\"container\">\n\t\t\t\t<div class=\"elementor-element elementor-element-956e419 elementor-widget__width-inherit elementor-widget elementor-widget-ucaddon_title_hero_custom\" data-id=\"956e419\" data-element_type=\"widget\" data-e-type=\"widget\" data-widget_type=\"ucaddon_title_hero_custom.default\">\n\t\t\t\t<div class=\"elementor-widget-container\">\n\t\t\t\t\t\n<!-- start Title Hero Custom -->\n<style>\/* widget: Title Hero Custom *\/\n\n#uc_title_hero_custom_elementor_956e419 *{\n\tbox-sizing: border-box;\n}\n#uc_title_hero_custom_elementor_956e419{\n\tposition:relative;\n\toverflow:hidden;\n    display:flex;\n    justify-content:flex-end;\n  \talign-items:center;\n    flex-direction: column;\n    background-blend-mode: normal;\n}\n\n#uc_title_hero_custom_elementor_956e419 .ue_title_hero_container{\n\n    text-align:center;\n    position:relative;\n    z-index:1;\n}\n#uc_title_hero_custom_elementor_956e419 .ue_title{\n\n\tdisplay:inline-block;\n}\n\n#uc_title_hero_custom_elementor_956e419 a{\n    display: inline-block;\n\ttext-decoration:none;\n}\n\n#uc_title_hero_custom_elementor_956e419 .ue_title_hero_overlay\n{\n  position:absolute;\n  top:0;\n  bottom:0;\n  left:0;\n  right:0;\n}\n\n.ue_title\n{\n  font-size:52px;\n}\n\n<\/style>\n\n<div class=\"ue_title_hero\" id=\"uc_title_hero_custom_elementor_956e419\">\n    <div class=\"ue_title_hero_overlay\"><\/div>\n    <div class=\"ue_title_hero_container\">\n      \t    \t<h1 class=\"ue_title\">Sauvetage et s\u00e9curit\u00e9<\/h1>\n        <div><\/div>\n              \n        \t\n      \n            <\/div>\n<\/div>\n<!-- end Title Hero Custom -->\t\t\t\t<\/div>\n\t\t\t\t<\/div>\n\t\t\t\t<\/div>\n\t\t<div class=\"elementor-element elementor-element-3c509f9 e-flex e-con-boxed e-con e-parent\" data-id=\"3c509f9\" data-element_type=\"container\" data-e-type=\"container\">\n\t\t\t\t\t<div class=\"e-con-inner\">\n\t\t<div class=\"elementor-element elementor-element-7df0b93 e-con-full e-flex e-con e-child\" data-id=\"7df0b93\" data-element_type=\"container\" data-e-type=\"container\" data-settings=\"{&quot;background_background&quot;:&quot;classic&quot;}\">\n\t\t<div class=\"elementor-element elementor-element-418ecd20 e-con-full e-flex e-con e-child\" data-id=\"418ecd20\" data-element_type=\"container\" data-e-type=\"container\" data-settings=\"{&quot;background_background&quot;:&quot;classic&quot;}\">\n\t\t\t\t<\/div>\n\t\t<div class=\"elementor-element elementor-element-529cac22 e-con-full e-flex e-con e-child\" data-id=\"529cac22\" data-element_type=\"container\" data-e-type=\"container\" data-settings=\"{&quot;background_background&quot;:&quot;classic&quot;}\">\n\t\t\t\t<div class=\"elementor-element elementor-element-70da58f1 elementor-widget elementor-widget-heading\" data-id=\"70da58f1\" data-element_type=\"widget\" data-e-type=\"widget\" data-widget_type=\"heading.default\">\n\t\t\t\t<div class=\"elementor-widget-container\">\n\t\t\t\t\t<h2 class=\"elementor-heading-title elementor-size-default\">Mallette multi-usages<\/h2>\t\t\t\t<\/div>\n\t\t\t\t<\/div>\n\t\t\t\t<div class=\"elementor-element elementor-element-6ee2f17b elementor-widget elementor-widget-text-editor\" data-id=\"6ee2f17b\" data-element_type=\"widget\" data-e-type=\"widget\" data-widget_type=\"text-editor.default\">\n\t\t\t\t<div class=\"elementor-widget-container\">\n\t\t\t\t\t\t\t\t\t<p>R\u00e9sistantes \u00e0 l&rsquo;eau, aux chocs et aux temp\u00e9ratures, les valises multi-usages s\u00e9curisent les \u00e9quipements de mani\u00e8re fiable, m\u00eame dans des conditions extr\u00eames.<\/p>\t\t\t\t\t\t\t\t<\/div>\n\t\t\t\t<\/div>\n\t\t\t\t<div class=\"elementor-element elementor-element-6b64c40d elementor-align-left elementor-widget elementor-widget-button\" data-id=\"6b64c40d\" data-element_type=\"widget\" data-e-type=\"widget\" data-widget_type=\"button.default\">\n\t\t\t\t<div class=\"elementor-widget-container\">\n\t\t\t\t\t\t\t\t\t<div class=\"elementor-button-wrapper\">\n\t\t\t\t\t<a class=\"elementor-button elementor-button-link elementor-size-sm\" href=\"https:\/\/www.b-w-international.com\/fr\/gamme-de-produits\/mallette-multi-usages\/\">\n\t\t\t\t\t\t<span class=\"elementor-button-content-wrapper\">\n\t\t\t\t\t\t\t\t\t<span class=\"elementor-button-text\">D\u00e9couvrir la gamme<\/span>\n\t\t\t\t\t<\/span>\n\t\t\t\t\t<\/a>\n\t\t\t\t<\/div>\n\t\t\t\t\t\t\t\t<\/div>\n\t\t\t\t<\/div>\n\t\t\t\t<\/div>\n\t\t\t\t<\/div>\n\t\t\t\t\t<\/div>\n\t\t\t\t<\/div>\n\t\t\t\t<\/div>\n\t\t","protected":false},"excerpt":{"rendered":"<p>Sauvetage et s\u00e9curit\u00e9 Mallette multi-usages R\u00e9sistantes \u00e0 l&rsquo;eau, aux chocs et aux temp\u00e9ratures, les valises multi-usages s\u00e9curisent les \u00e9quipements de mani\u00e8re fiable, m\u00eame dans des conditions extr\u00eames. D\u00e9couvrir la gamme<\/p>\n","protected":false},"author":3,"featured_media":0,"parent":0,"menu_order":69,"comment_status":"closed","ping_status":"closed","template":"","meta":{"_acf_changed":false,"footnotes":""},"class_list":["post-17323","page","type-page","status-publish","hentry"],"acf":[],"yoast_head":"<title>Mallettes m\u00e9dicales et d&#039;urgence - Une pr\u00e9paration optimale en cas d&#039;urgence<\/title>\n<meta name=\"description\" content=\"Sauvetage &amp; s\u00e9curit\u00e9 : \u2713Mallettes multi-usages r\u00e9sistantes \u00e0 l&#039;eau \u2713aux chocs. Une protection fiable pour les \u00e9quipements dans toutes les situations \u2794 A d\u00e9couvrir d\u00e8s maintenant !\" \/>\n<meta name=\"robots\" content=\"index, follow, max-snippet:-1, max-image-preview:large, max-video-preview:-1\" \/>\n<link rel=\"canonical\" href=\"https:\/\/www.b-w-international.com\/fr\/sauvetage-et-securite\/\" \/>\n<meta property=\"og:locale\" content=\"fr_FR\" \/>\n<meta property=\"og:type\" content=\"article\" \/>\n<meta property=\"og:title\" content=\"Mallettes m\u00e9dicales et d&#039;urgence - Une pr\u00e9paration optimale en cas d&#039;urgence\" \/>\n<meta property=\"og:description\" content=\"Sauvetage &amp; s\u00e9curit\u00e9 : \u2713Mallettes multi-usages r\u00e9sistantes \u00e0 l&#039;eau \u2713aux chocs. Une protection fiable pour les \u00e9quipements dans toutes les situations \u2794 A d\u00e9couvrir d\u00e8s maintenant !\" \/>\n<meta property=\"og:url\" content=\"https:\/\/www.b-w-international.com\/fr\/sauvetage-et-securite\/\" \/>\n<meta property=\"og:site_name\" content=\"B&amp;W International\" \/>\n<meta property=\"article:modified_time\" content=\"2025-10-08T06:53:36+00:00\" \/>\n<meta name=\"twitter:card\" content=\"summary_large_image\" \/>\n<script type=\"application\/ld+json\" class=\"yoast-schema-graph\">{\"@context\":\"https:\\\/\\\/schema.org\",\"@graph\":[{\"@type\":\"WebPage\",\"@id\":\"https:\\\/\\\/www.b-w-international.com\\\/fr\\\/sauvetage-et-securite\\\/\",\"url\":\"https:\\\/\\\/www.b-w-international.com\\\/fr\\\/sauvetage-et-securite\\\/\",\"name\":\"Mallettes m\u00e9dicales et d'urgence - Une pr\u00e9paration optimale en cas d'urgence\",\"isPartOf\":{\"@id\":\"https:\\\/\\\/www.b-w-international.com\\\/fr\\\/#website\"},\"datePublished\":\"2025-04-29T13:42:38+00:00\",\"dateModified\":\"2025-10-08T06:53:36+00:00\",\"description\":\"Sauvetage & s\u00e9curit\u00e9 : \u2713Mallettes multi-usages r\u00e9sistantes \u00e0 l'eau \u2713aux chocs. Une protection fiable pour les \u00e9quipements dans toutes les situations \u2794 A d\u00e9couvrir d\u00e8s maintenant !\",\"breadcrumb\":{\"@id\":\"https:\\\/\\\/www.b-w-international.com\\\/fr\\\/sauvetage-et-securite\\\/#breadcrumb\"},\"inLanguage\":\"fr-FR\",\"potentialAction\":[{\"@type\":\"ReadAction\",\"target\":[\"https:\\\/\\\/www.b-w-international.com\\\/fr\\\/sauvetage-et-securite\\\/\"]}]},{\"@type\":\"BreadcrumbList\",\"@id\":\"https:\\\/\\\/www.b-w-international.com\\\/fr\\\/sauvetage-et-securite\\\/#breadcrumb\",\"itemListElement\":[{\"@type\":\"ListItem\",\"position\":1,\"name\":\"Home\",\"item\":\"https:\\\/\\\/www.b-w-international.com\\\/fr\\\/\"},{\"@type\":\"ListItem\",\"position\":2,\"name\":\"Sauvetage et s\u00e9curit\u00e9\"}]},{\"@type\":\"WebSite\",\"@id\":\"https:\\\/\\\/www.b-w-international.com\\\/fr\\\/#website\",\"url\":\"https:\\\/\\\/www.b-w-international.com\\\/fr\\\/\",\"name\":\"B&W International\",\"description\":\"\",\"publisher\":{\"@id\":\"https:\\\/\\\/www.b-w-international.com\\\/fr\\\/#organization\"},\"potentialAction\":[{\"@type\":\"SearchAction\",\"target\":{\"@type\":\"EntryPoint\",\"urlTemplate\":\"https:\\\/\\\/www.b-w-international.com\\\/fr\\\/?s={search_term_string}\"},\"query-input\":{\"@type\":\"PropertyValueSpecification\",\"valueRequired\":true,\"valueName\":\"search_term_string\"}}],\"inLanguage\":\"fr-FR\"},{\"@type\":\"Organization\",\"@id\":\"https:\\\/\\\/www.b-w-international.com\\\/fr\\\/#organization\",\"name\":\"B&W International\",\"url\":\"https:\\\/\\\/www.b-w-international.com\\\/fr\\\/\",\"logo\":{\"@type\":\"ImageObject\",\"inLanguage\":\"fr-FR\",\"@id\":\"https:\\\/\\\/www.b-w-international.com\\\/fr\\\/#\\\/schema\\\/logo\\\/image\\\/\",\"url\":\"https:\\\/\\\/www.b-w-international.com\\\/wp-content\\\/uploads\\\/2024\\\/12\\\/16dbfc312f1eb060e7d95735c00f9ec6.png\",\"contentUrl\":\"https:\\\/\\\/www.b-w-international.com\\\/wp-content\\\/uploads\\\/2024\\\/12\\\/16dbfc312f1eb060e7d95735c00f9ec6.png\",\"width\":219,\"height\":82,\"caption\":\"B&W International\"},\"image\":{\"@id\":\"https:\\\/\\\/www.b-w-international.com\\\/fr\\\/#\\\/schema\\\/logo\\\/image\\\/\"}}]}<\/script>","yoast_head_json":{"title":"Mallettes m\u00e9dicales et d'urgence - Une pr\u00e9paration optimale en cas d'urgence","description":"Sauvetage & s\u00e9curit\u00e9 : \u2713Mallettes multi-usages r\u00e9sistantes \u00e0 l'eau \u2713aux chocs. Une protection fiable pour les \u00e9quipements dans toutes les situations \u2794 A d\u00e9couvrir d\u00e8s maintenant !","robots":{"index":"index","follow":"follow","max-snippet":"max-snippet:-1","max-image-preview":"max-image-preview:large","max-video-preview":"max-video-preview:-1"},"canonical":"https:\/\/www.b-w-international.com\/fr\/sauvetage-et-securite\/","og_locale":"fr_FR","og_type":"article","og_title":"Mallettes m\u00e9dicales et d'urgence - Une pr\u00e9paration optimale en cas d'urgence","og_description":"Sauvetage & s\u00e9curit\u00e9 : \u2713Mallettes multi-usages r\u00e9sistantes \u00e0 l'eau \u2713aux chocs. Une protection fiable pour les \u00e9quipements dans toutes les situations \u2794 A d\u00e9couvrir d\u00e8s maintenant !","og_url":"https:\/\/www.b-w-international.com\/fr\/sauvetage-et-securite\/","og_site_name":"B&amp;W International","article_modified_time":"2025-10-08T06:53:36+00:00","twitter_card":"summary_large_image","schema":{"@context":"https:\/\/schema.org","@graph":[{"@type":"WebPage","@id":"https:\/\/www.b-w-international.com\/fr\/sauvetage-et-securite\/","url":"https:\/\/www.b-w-international.com\/fr\/sauvetage-et-securite\/","name":"Mallettes m\u00e9dicales et d'urgence - Une pr\u00e9paration optimale en cas d'urgence","isPartOf":{"@id":"https:\/\/www.b-w-international.com\/fr\/#website"},"datePublished":"2025-04-29T13:42:38+00:00","dateModified":"2025-10-08T06:53:36+00:00","description":"Sauvetage & s\u00e9curit\u00e9 : \u2713Mallettes multi-usages r\u00e9sistantes \u00e0 l'eau \u2713aux chocs. Une protection fiable pour les \u00e9quipements dans toutes les situations \u2794 A d\u00e9couvrir d\u00e8s maintenant !","breadcrumb":{"@id":"https:\/\/www.b-w-international.com\/fr\/sauvetage-et-securite\/#breadcrumb"},"inLanguage":"fr-FR","potentialAction":[{"@type":"ReadAction","target":["https:\/\/www.b-w-international.com\/fr\/sauvetage-et-securite\/"]}]},{"@type":"BreadcrumbList","@id":"https:\/\/www.b-w-international.com\/fr\/sauvetage-et-securite\/#breadcrumb","itemListElement":[{"@type":"ListItem","position":1,"name":"Home","item":"https:\/\/www.b-w-international.com\/fr\/"},{"@type":"ListItem","position":2,"name":"Sauvetage et s\u00e9curit\u00e9"}]},{"@type":"WebSite","@id":"https:\/\/www.b-w-international.com\/fr\/#website","url":"https:\/\/www.b-w-international.com\/fr\/","name":"B&W International","description":"","publisher":{"@id":"https:\/\/www.b-w-international.com\/fr\/#organization"},"potentialAction":[{"@type":"SearchAction","target":{"@type":"EntryPoint","urlTemplate":"https:\/\/www.b-w-international.com\/fr\/?s={search_term_string}"},"query-input":{"@type":"PropertyValueSpecification","valueRequired":true,"valueName":"search_term_string"}}],"inLanguage":"fr-FR"},{"@type":"Organization","@id":"https:\/\/www.b-w-international.com\/fr\/#organization","name":"B&W International","url":"https:\/\/www.b-w-international.com\/fr\/","logo":{"@type":"ImageObject","inLanguage":"fr-FR","@id":"https:\/\/www.b-w-international.com\/fr\/#\/schema\/logo\/image\/","url":"https:\/\/www.b-w-international.com\/wp-content\/uploads\/2024\/12\/16dbfc312f1eb060e7d95735c00f9ec6.png","contentUrl":"https:\/\/www.b-w-international.com\/wp-content\/uploads\/2024\/12\/16dbfc312f1eb060e7d95735c00f9ec6.png","width":219,"height":82,"caption":"B&W International"},"image":{"@id":"https:\/\/www.b-w-international.com\/fr\/#\/schema\/logo\/image\/"}}]}},"_links":{"self":[{"href":"https:\/\/www.b-w-international.com\/fr\/wp-json\/wp\/v2\/pages\/17323","targetHints":{"allow":["GET"]}}],"collection":[{"href":"https:\/\/www.b-w-international.com\/fr\/wp-json\/wp\/v2\/pages"}],"about":[{"href":"https:\/\/www.b-w-international.com\/fr\/wp-json\/wp\/v2\/types\/page"}],"author":[{"embeddable":true,"href":"https:\/\/www.b-w-international.com\/fr\/wp-json\/wp\/v2\/users\/3"}],"replies":[{"embeddable":true,"href":"https:\/\/www.b-w-international.com\/fr\/wp-json\/wp\/v2\/comments?post=17323"}],"version-history":[{"count":2,"href":"https:\/\/www.b-w-international.com\/fr\/wp-json\/wp\/v2\/pages\/17323\/revisions"}],"predecessor-version":[{"id":22009,"href":"https:\/\/www.b-w-international.com\/fr\/wp-json\/wp\/v2\/pages\/17323\/revisions\/22009"}],"wp:attachment":[{"href":"https:\/\/www.b-w-international.com\/fr\/wp-json\/wp\/v2\/media?parent=17323"}],"curies":[{"name":"wp","href":"https:\/\/api.w.org\/{rel}","templated":true}]}}