{"id":17329,"date":"2025-04-29T15:43:52","date_gmt":"2025-04-29T13:43:52","guid":{"rendered":"https:\/\/www.b-w-international.com\/industrie\/"},"modified":"2025-10-08T08:55:52","modified_gmt":"2025-10-08T06:55:52","slug":"industrie","status":"publish","type":"page","link":"https:\/\/www.b-w-international.com\/fr\/industrie\/","title":{"rendered":"Industrie"},"content":{"rendered":"\t\t<div data-elementor-type=\"wp-page\" data-elementor-id=\"17329\" class=\"elementor elementor-17329 elementor-10131\" data-elementor-post-type=\"page\">\n\t\t\t\t<div class=\"elementor-element elementor-element-4e4e904 e-con-full e-flex e-con e-parent\" data-id=\"4e4e904\" data-element_type=\"container\" data-e-type=\"container\">\n\t\t\t\t<div class=\"elementor-element elementor-element-956e419 elementor-widget__width-inherit elementor-widget elementor-widget-ucaddon_title_hero_custom\" data-id=\"956e419\" data-element_type=\"widget\" data-e-type=\"widget\" data-widget_type=\"ucaddon_title_hero_custom.default\">\n\t\t\t\t<div class=\"elementor-widget-container\">\n\t\t\t\t\t\n<!-- start Title Hero Custom -->\n<style>\/* widget: Title Hero Custom *\/\n\n#uc_title_hero_custom_elementor_956e419 *{\n\tbox-sizing: border-box;\n}\n#uc_title_hero_custom_elementor_956e419{\n\tposition:relative;\n\toverflow:hidden;\n    display:flex;\n    justify-content:flex-end;\n  \talign-items:center;\n    flex-direction: column;\n    background-blend-mode: normal;\n}\n\n#uc_title_hero_custom_elementor_956e419 .ue_title_hero_container{\n\n    text-align:center;\n    position:relative;\n    z-index:1;\n}\n#uc_title_hero_custom_elementor_956e419 .ue_title{\n\n\tdisplay:inline-block;\n}\n\n#uc_title_hero_custom_elementor_956e419 a{\n    display: inline-block;\n\ttext-decoration:none;\n}\n\n#uc_title_hero_custom_elementor_956e419 .ue_title_hero_overlay\n{\n  position:absolute;\n  top:0;\n  bottom:0;\n  left:0;\n  right:0;\n}\n\n.ue_title\n{\n  font-size:52px;\n}\n\n<\/style>\n\n<div class=\"ue_title_hero\" id=\"uc_title_hero_custom_elementor_956e419\">\n    <div class=\"ue_title_hero_overlay\"><\/div>\n    <div class=\"ue_title_hero_container\">\n      \t    \t<h1 class=\"ue_title\">Industrie<\/h1>\n        <div><\/div>\n              \n        \t\n      \n            <\/div>\n<\/div>\n<!-- end Title Hero Custom -->\t\t\t\t<\/div>\n\t\t\t\t<\/div>\n\t\t\t\t<\/div>\n\t\t<div class=\"elementor-element elementor-element-2e705da5 e-flex e-con-boxed e-con e-parent\" data-id=\"2e705da5\" data-element_type=\"container\" data-e-type=\"container\">\n\t\t\t\t\t<div class=\"e-con-inner\">\n\t\t<div class=\"elementor-element elementor-element-22eaf217 e-con-full e-flex e-con e-child\" data-id=\"22eaf217\" data-element_type=\"container\" data-e-type=\"container\" data-settings=\"{&quot;background_background&quot;:&quot;classic&quot;}\">\n\t\t<div class=\"elementor-element elementor-element-1eb4bcb1 e-con-full e-flex e-con e-child\" data-id=\"1eb4bcb1\" data-element_type=\"container\" data-e-type=\"container\" data-settings=\"{&quot;background_background&quot;:&quot;classic&quot;}\">\n\t\t\t\t<\/div>\n\t\t<div class=\"elementor-element elementor-element-3794f083 e-con-full e-flex e-con e-child\" data-id=\"3794f083\" data-element_type=\"container\" data-e-type=\"container\" data-settings=\"{&quot;background_background&quot;:&quot;classic&quot;}\">\n\t\t\t\t<div class=\"elementor-element elementor-element-662c83bc elementor-widget elementor-widget-heading\" data-id=\"662c83bc\" data-element_type=\"widget\" data-e-type=\"widget\" data-widget_type=\"heading.default\">\n\t\t\t\t<div class=\"elementor-widget-container\">\n\t\t\t\t\t<h2 class=\"elementor-heading-title elementor-size-default\">Conteneurs de transport et de stockage<\/h2>\t\t\t\t<\/div>\n\t\t\t\t<\/div>\n\t\t\t\t<div class=\"elementor-element elementor-element-6b447cf elementor-widget elementor-widget-text-editor\" data-id=\"6b447cf\" data-element_type=\"widget\" data-e-type=\"widget\" data-widget_type=\"text-editor.default\">\n\t\t\t\t<div class=\"elementor-widget-container\">\n\t\t\t\t\t\t\t\t\t<p>B&amp;W propose des solutions de protection fiables pour la D\u00e9fense &#8211; robustes, certifi\u00e9es et pr\u00eates \u00e0 l&#8217;emploi pour toutes les missions.<\/p>\t\t\t\t\t\t\t\t<\/div>\n\t\t\t\t<\/div>\n\t\t\t\t<div class=\"elementor-element elementor-element-18e503b8 elementor-align-left elementor-widget elementor-widget-button\" data-id=\"18e503b8\" data-element_type=\"widget\" data-e-type=\"widget\" data-widget_type=\"button.default\">\n\t\t\t\t<div class=\"elementor-widget-container\">\n\t\t\t\t\t\t\t\t\t<div class=\"elementor-button-wrapper\">\n\t\t\t\t\t<a class=\"elementor-button elementor-button-link elementor-size-sm\" href=\"https:\/\/www.b-w-international.com\/fr\/gamme-de-produits\/conteneurs-de-transport-et-de-stockage\/\">\n\t\t\t\t\t\t<span class=\"elementor-button-content-wrapper\">\n\t\t\t\t\t\t\t\t\t<span class=\"elementor-button-text\">D\u00e9couvrir la gamme<\/span>\n\t\t\t\t\t<\/span>\n\t\t\t\t\t<\/a>\n\t\t\t\t<\/div>\n\t\t\t\t\t\t\t\t<\/div>\n\t\t\t\t<\/div>\n\t\t\t\t<\/div>\n\t\t\t\t<\/div>\n\t\t<div class=\"elementor-element elementor-element-4fe03056 e-con-full e-transform e-flex e-con e-child\" data-id=\"4fe03056\" data-element_type=\"container\" data-e-type=\"container\" data-settings=\"{&quot;background_background&quot;:&quot;classic&quot;,&quot;_transform_translateY_effect&quot;:{&quot;unit&quot;:&quot;px&quot;,&quot;size&quot;:75,&quot;sizes&quot;:[]},&quot;_transform_translateY_effect_tablet&quot;:{&quot;unit&quot;:&quot;px&quot;,&quot;size&quot;:0,&quot;sizes&quot;:[]},&quot;_transform_translateX_effect&quot;:{&quot;unit&quot;:&quot;px&quot;,&quot;size&quot;:&quot;&quot;,&quot;sizes&quot;:[]},&quot;_transform_translateX_effect_tablet&quot;:{&quot;unit&quot;:&quot;px&quot;,&quot;size&quot;:&quot;&quot;,&quot;sizes&quot;:[]},&quot;_transform_translateX_effect_mobile&quot;:{&quot;unit&quot;:&quot;px&quot;,&quot;size&quot;:&quot;&quot;,&quot;sizes&quot;:[]},&quot;_transform_translateY_effect_mobile&quot;:{&quot;unit&quot;:&quot;px&quot;,&quot;size&quot;:&quot;&quot;,&quot;sizes&quot;:[]}}\">\n\t\t<div class=\"elementor-element elementor-element-949ccf8 e-con-full e-flex e-con e-child\" data-id=\"949ccf8\" data-element_type=\"container\" data-e-type=\"container\" data-settings=\"{&quot;background_background&quot;:&quot;classic&quot;}\">\n\t\t\t\t<\/div>\n\t\t<div class=\"elementor-element elementor-element-402b9985 e-con-full e-flex e-con e-child\" data-id=\"402b9985\" data-element_type=\"container\" data-e-type=\"container\" data-settings=\"{&quot;background_background&quot;:&quot;classic&quot;}\">\n\t\t\t\t<div class=\"elementor-element elementor-element-5db843a4 elementor-widget elementor-widget-heading\" data-id=\"5db843a4\" data-element_type=\"widget\" data-e-type=\"widget\" data-widget_type=\"heading.default\">\n\t\t\t\t<div class=\"elementor-widget-container\">\n\t\t\t\t\t<h2 class=\"elementor-heading-title elementor-size-default\">Mallette de transport de batteries<\/h2>\t\t\t\t<\/div>\n\t\t\t\t<\/div>\n\t\t\t\t<div class=\"elementor-element elementor-element-71fd0115 elementor-widget elementor-widget-text-editor\" data-id=\"71fd0115\" data-element_type=\"widget\" data-e-type=\"widget\" data-widget_type=\"text-editor.default\">\n\t\t\t\t<div class=\"elementor-widget-container\">\n\t\t\t\t\t\t\t\t\t<p>Des solutions de mallettes sp\u00e9ciales prot\u00e8gent les batteries intactes et d\u00e9fectueuses &#8211; test\u00e9es, certifi\u00e9es et conformes aux r\u00e9glementations internationales sur les mati\u00e8res dangereuses.<\/p>\t\t\t\t\t\t\t\t<\/div>\n\t\t\t\t<\/div>\n\t\t\t\t<div class=\"elementor-element elementor-element-3722d7d4 elementor-align-left elementor-widget elementor-widget-button\" data-id=\"3722d7d4\" data-element_type=\"widget\" data-e-type=\"widget\" data-widget_type=\"button.default\">\n\t\t\t\t<div class=\"elementor-widget-container\">\n\t\t\t\t\t\t\t\t\t<div class=\"elementor-button-wrapper\">\n\t\t\t\t\t<a class=\"elementor-button elementor-button-link elementor-size-sm\" href=\"https:\/\/www.b-w-international.com\/fr\/gamme-de-produits\/mallette-de-transport-de-batteries\/\">\n\t\t\t\t\t\t<span class=\"elementor-button-content-wrapper\">\n\t\t\t\t\t\t\t\t\t<span class=\"elementor-button-text\">D\u00e9couvrir la gamme<\/span>\n\t\t\t\t\t<\/span>\n\t\t\t\t\t<\/a>\n\t\t\t\t<\/div>\n\t\t\t\t\t\t\t\t<\/div>\n\t\t\t\t<\/div>\n\t\t\t\t<\/div>\n\t\t\t\t<\/div>\n\t\t<div class=\"elementor-element elementor-element-1931fb8b e-con-full e-flex e-con e-child\" data-id=\"1931fb8b\" data-element_type=\"container\" data-e-type=\"container\" data-settings=\"{&quot;background_background&quot;:&quot;classic&quot;}\">\n\t\t<div class=\"elementor-element elementor-element-61d9f243 e-con-full e-flex e-con e-child\" data-id=\"61d9f243\" data-element_type=\"container\" data-e-type=\"container\" data-settings=\"{&quot;background_background&quot;:&quot;classic&quot;}\">\n\t\t\t\t<\/div>\n\t\t<div class=\"elementor-element elementor-element-2e8b3d17 e-con-full e-flex e-con e-child\" data-id=\"2e8b3d17\" data-element_type=\"container\" data-e-type=\"container\" data-settings=\"{&quot;background_background&quot;:&quot;classic&quot;}\">\n\t\t\t\t<div class=\"elementor-element elementor-element-7cb82caf elementor-widget elementor-widget-heading\" data-id=\"7cb82caf\" data-element_type=\"widget\" data-e-type=\"widget\" data-widget_type=\"heading.default\">\n\t\t\t\t<div class=\"elementor-widget-container\">\n\t\t\t\t\t<h2 class=\"elementor-heading-title elementor-size-default\">Installations techniques<\/h2>\t\t\t\t<\/div>\n\t\t\t\t<\/div>\n\t\t\t\t<div class=\"elementor-element elementor-element-6ab073d2 elementor-widget elementor-widget-text-editor\" data-id=\"6ab073d2\" data-element_type=\"widget\" data-e-type=\"widget\" data-widget_type=\"text-editor.default\">\n\t\t\t\t<div class=\"elementor-widget-container\">\n\t\t\t\t\t\t\t\t\t<p>Votre valise devient ainsi une solution : Une int\u00e9gration technique personnalis\u00e9e pour une fonctionnalit\u00e9 maximale et une protection adapt\u00e9e.<\/p>\t\t\t\t\t\t\t\t<\/div>\n\t\t\t\t<\/div>\n\t\t\t\t<div class=\"elementor-element elementor-element-4af7becb elementor-align-left elementor-widget elementor-widget-button\" data-id=\"4af7becb\" data-element_type=\"widget\" data-e-type=\"widget\" data-widget_type=\"button.default\">\n\t\t\t\t<div class=\"elementor-widget-container\">\n\t\t\t\t\t\t\t\t\t<div class=\"elementor-button-wrapper\">\n\t\t\t\t\t<a class=\"elementor-button elementor-button-link elementor-size-sm\" href=\"https:\/\/www.b-w-international.com\/fr\/valises-personnalisees\/installations-techniques\/\">\n\t\t\t\t\t\t<span class=\"elementor-button-content-wrapper\">\n\t\t\t\t\t\t\t\t\t<span class=\"elementor-button-text\">D\u00e9couvrir la gamme<\/span>\n\t\t\t\t\t<\/span>\n\t\t\t\t\t<\/a>\n\t\t\t\t<\/div>\n\t\t\t\t\t\t\t\t<\/div>\n\t\t\t\t<\/div>\n\t\t\t\t<\/div>\n\t\t\t\t<\/div>\n\t\t\t\t\t<\/div>\n\t\t\t\t<\/div>\n\t\t<div class=\"elementor-element elementor-element-6925773e e-flex e-con-boxed e-con e-parent\" data-id=\"6925773e\" data-element_type=\"container\" data-e-type=\"container\">\n\t\t\t\t\t<div class=\"e-con-inner\">\n\t\t<div class=\"elementor-element elementor-element-497a8015 e-con-full e-flex e-con e-child\" data-id=\"497a8015\" data-element_type=\"container\" data-e-type=\"container\" data-settings=\"{&quot;background_background&quot;:&quot;classic&quot;}\">\n\t\t<div class=\"elementor-element elementor-element-32e297ea e-con-full e-flex e-con e-child\" data-id=\"32e297ea\" data-element_type=\"container\" data-e-type=\"container\" data-settings=\"{&quot;background_background&quot;:&quot;classic&quot;}\">\n\t\t\t\t<\/div>\n\t\t<div class=\"elementor-element elementor-element-524444af e-con-full e-flex e-con e-child\" data-id=\"524444af\" data-element_type=\"container\" data-e-type=\"container\" data-settings=\"{&quot;background_background&quot;:&quot;classic&quot;}\">\n\t\t\t\t<div class=\"elementor-element elementor-element-75017d1b elementor-widget elementor-widget-heading\" data-id=\"75017d1b\" data-element_type=\"widget\" data-e-type=\"widget\" data-widget_type=\"heading.default\">\n\t\t\t\t<div class=\"elementor-widget-container\">\n\t\t\t\t\t<h2 class=\"elementor-heading-title elementor-size-default\">Marque individuelle<\/h2>\t\t\t\t<\/div>\n\t\t\t\t<\/div>\n\t\t\t\t<div class=\"elementor-element elementor-element-16fadfac elementor-widget elementor-widget-text-editor\" data-id=\"16fadfac\" data-element_type=\"widget\" data-e-type=\"widget\" data-widget_type=\"text-editor.default\">\n\t\t\t\t<div class=\"elementor-widget-container\">\n\t\t\t\t\t\t\t\t\t<p>Faites de la valise votre marque : couleurs, logos et designs personnalis\u00e9s pour une pr\u00e9sentation professionnelle et reconnaissable.<\/p>\t\t\t\t\t\t\t\t<\/div>\n\t\t\t\t<\/div>\n\t\t\t\t<div class=\"elementor-element elementor-element-78380ce5 elementor-align-left elementor-widget elementor-widget-button\" data-id=\"78380ce5\" data-element_type=\"widget\" data-e-type=\"widget\" data-widget_type=\"button.default\">\n\t\t\t\t<div class=\"elementor-widget-container\">\n\t\t\t\t\t\t\t\t\t<div class=\"elementor-button-wrapper\">\n\t\t\t\t\t<a class=\"elementor-button elementor-button-link elementor-size-sm\" href=\"https:\/\/www.b-w-international.com\/fr\/valises-personnalisees\/marque-individuelle\/\">\n\t\t\t\t\t\t<span class=\"elementor-button-content-wrapper\">\n\t\t\t\t\t\t\t\t\t<span class=\"elementor-button-text\">D\u00e9couvrir la gamme<\/span>\n\t\t\t\t\t<\/span>\n\t\t\t\t\t<\/a>\n\t\t\t\t<\/div>\n\t\t\t\t\t\t\t\t<\/div>\n\t\t\t\t<\/div>\n\t\t\t\t<\/div>\n\t\t\t\t<\/div>\n\t\t<div class=\"elementor-element elementor-element-78dd70c1 e-con-full e-transform e-flex e-con e-child\" data-id=\"78dd70c1\" data-element_type=\"container\" data-e-type=\"container\" data-settings=\"{&quot;background_background&quot;:&quot;classic&quot;,&quot;_transform_translateY_effect&quot;:{&quot;unit&quot;:&quot;px&quot;,&quot;size&quot;:75,&quot;sizes&quot;:[]},&quot;_transform_translateY_effect_tablet&quot;:{&quot;unit&quot;:&quot;px&quot;,&quot;size&quot;:0,&quot;sizes&quot;:[]},&quot;_transform_translateX_effect&quot;:{&quot;unit&quot;:&quot;px&quot;,&quot;size&quot;:&quot;&quot;,&quot;sizes&quot;:[]},&quot;_transform_translateX_effect_tablet&quot;:{&quot;unit&quot;:&quot;px&quot;,&quot;size&quot;:&quot;&quot;,&quot;sizes&quot;:[]},&quot;_transform_translateX_effect_mobile&quot;:{&quot;unit&quot;:&quot;px&quot;,&quot;size&quot;:&quot;&quot;,&quot;sizes&quot;:[]},&quot;_transform_translateY_effect_mobile&quot;:{&quot;unit&quot;:&quot;px&quot;,&quot;size&quot;:&quot;&quot;,&quot;sizes&quot;:[]}}\">\n\t\t<div class=\"elementor-element elementor-element-68d32e33 e-con-full e-flex e-con e-child\" data-id=\"68d32e33\" data-element_type=\"container\" data-e-type=\"container\" data-settings=\"{&quot;background_background&quot;:&quot;classic&quot;}\">\n\t\t\t\t<\/div>\n\t\t<div class=\"elementor-element elementor-element-698bbde3 e-con-full e-flex e-con e-child\" data-id=\"698bbde3\" data-element_type=\"container\" data-e-type=\"container\" data-settings=\"{&quot;background_background&quot;:&quot;classic&quot;}\">\n\t\t\t\t<div class=\"elementor-element elementor-element-466b6977 elementor-widget elementor-widget-heading\" data-id=\"466b6977\" data-element_type=\"widget\" data-e-type=\"widget\" data-widget_type=\"heading.default\">\n\t\t\t\t<div class=\"elementor-widget-container\">\n\t\t\t\t\t<h2 class=\"elementor-heading-title elementor-size-default\">Personnalisation de l'int\u00e9rieur<\/h2>\t\t\t\t<\/div>\n\t\t\t\t<\/div>\n\t\t\t\t<div class=\"elementor-element elementor-element-531d28af elementor-widget elementor-widget-text-editor\" data-id=\"531d28af\" data-element_type=\"widget\" data-e-type=\"widget\" data-widget_type=\"text-editor.default\">\n\t\t\t\t<div class=\"elementor-widget-container\">\n\t\t\t\t\t\t\t\t\t<p>Un int\u00e9rieur fait pour vous : des inserts parfaitement ajust\u00e9s et des am\u00e9nagements int\u00e9rieurs bien pens\u00e9s pour une protection optimale et une organisation parfaite.<\/p>\t\t\t\t\t\t\t\t<\/div>\n\t\t\t\t<\/div>\n\t\t\t\t<div class=\"elementor-element elementor-element-65a718fe elementor-align-left elementor-widget elementor-widget-button\" data-id=\"65a718fe\" data-element_type=\"widget\" data-e-type=\"widget\" data-widget_type=\"button.default\">\n\t\t\t\t<div class=\"elementor-widget-container\">\n\t\t\t\t\t\t\t\t\t<div class=\"elementor-button-wrapper\">\n\t\t\t\t\t<a class=\"elementor-button elementor-button-link elementor-size-sm\" href=\"https:\/\/www.b-w-international.com\/fr\/valises-personnalisees\/personnalisation-de-linterieur\/\">\n\t\t\t\t\t\t<span class=\"elementor-button-content-wrapper\">\n\t\t\t\t\t\t\t\t\t<span class=\"elementor-button-text\">D\u00e9couvrir la gamme<\/span>\n\t\t\t\t\t<\/span>\n\t\t\t\t\t<\/a>\n\t\t\t\t<\/div>\n\t\t\t\t\t\t\t\t<\/div>\n\t\t\t\t<\/div>\n\t\t\t\t<\/div>\n\t\t\t\t<\/div>\n\t\t\t\t\t<\/div>\n\t\t\t\t<\/div>\n\t\t\t\t<\/div>\n\t\t","protected":false},"excerpt":{"rendered":"<p>Industrie Conteneurs de transport et de stockage B&amp;W propose des solutions de protection fiables pour la D\u00e9fense &#8211; robustes, certifi\u00e9es et pr\u00eates \u00e0 l&#8217;emploi pour toutes les missions. D\u00e9couvrir la gamme Mallette de transport de batteries Des solutions de mallettes sp\u00e9ciales prot\u00e8gent les batteries intactes et d\u00e9fectueuses &#8211; test\u00e9es, certifi\u00e9es et conformes aux r\u00e9glementations internationales [&hellip;]<\/p>\n","protected":false},"author":3,"featured_media":0,"parent":0,"menu_order":77,"comment_status":"closed","ping_status":"closed","template":"","meta":{"_acf_changed":false,"footnotes":""},"class_list":["post-17329","page","type-page","status-publish","hentry"],"acf":[],"yoast_head":"<title>Fabriquer ses propres valises personnalis\u00e9es pour l&#039;industrie<\/title>\n<meta name=\"description\" content=\"B&amp;W est votre partenaire pour personnaliser votre valise : \u2713TuLP \u2713Valises de transport d&#039;accumulateurs et \u2713d&#039;autres solutions \u2794 Demandez conseil maintenant !\" \/>\n<meta name=\"robots\" content=\"index, follow, max-snippet:-1, max-image-preview:large, max-video-preview:-1\" \/>\n<link rel=\"canonical\" href=\"https:\/\/www.b-w-international.com\/fr\/industrie\/\" \/>\n<meta property=\"og:locale\" content=\"fr_FR\" \/>\n<meta property=\"og:type\" content=\"article\" \/>\n<meta property=\"og:title\" content=\"Fabriquer ses propres valises personnalis\u00e9es pour l&#039;industrie\" \/>\n<meta property=\"og:description\" content=\"B&amp;W est votre partenaire pour personnaliser votre valise : \u2713TuLP \u2713Valises de transport d&#039;accumulateurs et \u2713d&#039;autres solutions \u2794 Demandez conseil maintenant !\" \/>\n<meta property=\"og:url\" content=\"https:\/\/www.b-w-international.com\/fr\/industrie\/\" \/>\n<meta property=\"og:site_name\" content=\"B&amp;W International\" \/>\n<meta property=\"article:modified_time\" content=\"2025-10-08T06:55:52+00:00\" \/>\n<meta name=\"twitter:card\" content=\"summary_large_image\" \/>\n<meta name=\"twitter:label1\" content=\"Dur\u00e9e de lecture estim\u00e9e\" \/>\n\t<meta name=\"twitter:data1\" content=\"1 minute\" \/>\n<script type=\"application\/ld+json\" class=\"yoast-schema-graph\">{\"@context\":\"https:\\\/\\\/schema.org\",\"@graph\":[{\"@type\":\"WebPage\",\"@id\":\"https:\\\/\\\/www.b-w-international.com\\\/fr\\\/industrie\\\/\",\"url\":\"https:\\\/\\\/www.b-w-international.com\\\/fr\\\/industrie\\\/\",\"name\":\"Fabriquer ses propres valises personnalis\u00e9es pour l'industrie\",\"isPartOf\":{\"@id\":\"https:\\\/\\\/www.b-w-international.com\\\/fr\\\/#website\"},\"datePublished\":\"2025-04-29T13:43:52+00:00\",\"dateModified\":\"2025-10-08T06:55:52+00:00\",\"description\":\"B&W est votre partenaire pour personnaliser votre valise : \u2713TuLP \u2713Valises de transport d'accumulateurs et \u2713d'autres solutions \u2794 Demandez conseil maintenant !\",\"breadcrumb\":{\"@id\":\"https:\\\/\\\/www.b-w-international.com\\\/fr\\\/industrie\\\/#breadcrumb\"},\"inLanguage\":\"fr-FR\",\"potentialAction\":[{\"@type\":\"ReadAction\",\"target\":[\"https:\\\/\\\/www.b-w-international.com\\\/fr\\\/industrie\\\/\"]}]},{\"@type\":\"BreadcrumbList\",\"@id\":\"https:\\\/\\\/www.b-w-international.com\\\/fr\\\/industrie\\\/#breadcrumb\",\"itemListElement\":[{\"@type\":\"ListItem\",\"position\":1,\"name\":\"Home\",\"item\":\"https:\\\/\\\/www.b-w-international.com\\\/fr\\\/\"},{\"@type\":\"ListItem\",\"position\":2,\"name\":\"Industrie\"}]},{\"@type\":\"WebSite\",\"@id\":\"https:\\\/\\\/www.b-w-international.com\\\/fr\\\/#website\",\"url\":\"https:\\\/\\\/www.b-w-international.com\\\/fr\\\/\",\"name\":\"B&W International\",\"description\":\"\",\"publisher\":{\"@id\":\"https:\\\/\\\/www.b-w-international.com\\\/fr\\\/#organization\"},\"potentialAction\":[{\"@type\":\"SearchAction\",\"target\":{\"@type\":\"EntryPoint\",\"urlTemplate\":\"https:\\\/\\\/www.b-w-international.com\\\/fr\\\/?s={search_term_string}\"},\"query-input\":{\"@type\":\"PropertyValueSpecification\",\"valueRequired\":true,\"valueName\":\"search_term_string\"}}],\"inLanguage\":\"fr-FR\"},{\"@type\":\"Organization\",\"@id\":\"https:\\\/\\\/www.b-w-international.com\\\/fr\\\/#organization\",\"name\":\"B&W International\",\"url\":\"https:\\\/\\\/www.b-w-international.com\\\/fr\\\/\",\"logo\":{\"@type\":\"ImageObject\",\"inLanguage\":\"fr-FR\",\"@id\":\"https:\\\/\\\/www.b-w-international.com\\\/fr\\\/#\\\/schema\\\/logo\\\/image\\\/\",\"url\":\"https:\\\/\\\/www.b-w-international.com\\\/wp-content\\\/uploads\\\/2024\\\/12\\\/16dbfc312f1eb060e7d95735c00f9ec6.png\",\"contentUrl\":\"https:\\\/\\\/www.b-w-international.com\\\/wp-content\\\/uploads\\\/2024\\\/12\\\/16dbfc312f1eb060e7d95735c00f9ec6.png\",\"width\":219,\"height\":82,\"caption\":\"B&W International\"},\"image\":{\"@id\":\"https:\\\/\\\/www.b-w-international.com\\\/fr\\\/#\\\/schema\\\/logo\\\/image\\\/\"}}]}<\/script>","yoast_head_json":{"title":"Fabriquer ses propres valises personnalis\u00e9es pour l'industrie","description":"B&W est votre partenaire pour personnaliser votre valise : \u2713TuLP \u2713Valises de transport d'accumulateurs et \u2713d'autres solutions \u2794 Demandez conseil maintenant !","robots":{"index":"index","follow":"follow","max-snippet":"max-snippet:-1","max-image-preview":"max-image-preview:large","max-video-preview":"max-video-preview:-1"},"canonical":"https:\/\/www.b-w-international.com\/fr\/industrie\/","og_locale":"fr_FR","og_type":"article","og_title":"Fabriquer ses propres valises personnalis\u00e9es pour l'industrie","og_description":"B&W est votre partenaire pour personnaliser votre valise : \u2713TuLP \u2713Valises de transport d'accumulateurs et \u2713d'autres solutions \u2794 Demandez conseil maintenant !","og_url":"https:\/\/www.b-w-international.com\/fr\/industrie\/","og_site_name":"B&amp;W International","article_modified_time":"2025-10-08T06:55:52+00:00","twitter_card":"summary_large_image","twitter_misc":{"Dur\u00e9e de lecture estim\u00e9e":"1 minute"},"schema":{"@context":"https:\/\/schema.org","@graph":[{"@type":"WebPage","@id":"https:\/\/www.b-w-international.com\/fr\/industrie\/","url":"https:\/\/www.b-w-international.com\/fr\/industrie\/","name":"Fabriquer ses propres valises personnalis\u00e9es pour l'industrie","isPartOf":{"@id":"https:\/\/www.b-w-international.com\/fr\/#website"},"datePublished":"2025-04-29T13:43:52+00:00","dateModified":"2025-10-08T06:55:52+00:00","description":"B&W est votre partenaire pour personnaliser votre valise : \u2713TuLP \u2713Valises de transport d'accumulateurs et \u2713d'autres solutions \u2794 Demandez conseil maintenant !","breadcrumb":{"@id":"https:\/\/www.b-w-international.com\/fr\/industrie\/#breadcrumb"},"inLanguage":"fr-FR","potentialAction":[{"@type":"ReadAction","target":["https:\/\/www.b-w-international.com\/fr\/industrie\/"]}]},{"@type":"BreadcrumbList","@id":"https:\/\/www.b-w-international.com\/fr\/industrie\/#breadcrumb","itemListElement":[{"@type":"ListItem","position":1,"name":"Home","item":"https:\/\/www.b-w-international.com\/fr\/"},{"@type":"ListItem","position":2,"name":"Industrie"}]},{"@type":"WebSite","@id":"https:\/\/www.b-w-international.com\/fr\/#website","url":"https:\/\/www.b-w-international.com\/fr\/","name":"B&W International","description":"","publisher":{"@id":"https:\/\/www.b-w-international.com\/fr\/#organization"},"potentialAction":[{"@type":"SearchAction","target":{"@type":"EntryPoint","urlTemplate":"https:\/\/www.b-w-international.com\/fr\/?s={search_term_string}"},"query-input":{"@type":"PropertyValueSpecification","valueRequired":true,"valueName":"search_term_string"}}],"inLanguage":"fr-FR"},{"@type":"Organization","@id":"https:\/\/www.b-w-international.com\/fr\/#organization","name":"B&W International","url":"https:\/\/www.b-w-international.com\/fr\/","logo":{"@type":"ImageObject","inLanguage":"fr-FR","@id":"https:\/\/www.b-w-international.com\/fr\/#\/schema\/logo\/image\/","url":"https:\/\/www.b-w-international.com\/wp-content\/uploads\/2024\/12\/16dbfc312f1eb060e7d95735c00f9ec6.png","contentUrl":"https:\/\/www.b-w-international.com\/wp-content\/uploads\/2024\/12\/16dbfc312f1eb060e7d95735c00f9ec6.png","width":219,"height":82,"caption":"B&W International"},"image":{"@id":"https:\/\/www.b-w-international.com\/fr\/#\/schema\/logo\/image\/"}}]}},"_links":{"self":[{"href":"https:\/\/www.b-w-international.com\/fr\/wp-json\/wp\/v2\/pages\/17329","targetHints":{"allow":["GET"]}}],"collection":[{"href":"https:\/\/www.b-w-international.com\/fr\/wp-json\/wp\/v2\/pages"}],"about":[{"href":"https:\/\/www.b-w-international.com\/fr\/wp-json\/wp\/v2\/types\/page"}],"author":[{"embeddable":true,"href":"https:\/\/www.b-w-international.com\/fr\/wp-json\/wp\/v2\/users\/3"}],"replies":[{"embeddable":true,"href":"https:\/\/www.b-w-international.com\/fr\/wp-json\/wp\/v2\/comments?post=17329"}],"version-history":[{"count":4,"href":"https:\/\/www.b-w-international.com\/fr\/wp-json\/wp\/v2\/pages\/17329\/revisions"}],"predecessor-version":[{"id":22012,"href":"https:\/\/www.b-w-international.com\/fr\/wp-json\/wp\/v2\/pages\/17329\/revisions\/22012"}],"wp:attachment":[{"href":"https:\/\/www.b-w-international.com\/fr\/wp-json\/wp\/v2\/media?parent=17329"}],"curies":[{"name":"wp","href":"https:\/\/api.w.org\/{rel}","templated":true}]}}