{"id":15090,"date":"2025-05-23T08:19:30","date_gmt":"2025-05-23T06:19:30","guid":{"rendered":"https:\/\/www.b-w-international.com\/produkt\/drone-bag-tex-66-neo-bw-sac-pour-dji-neo\/"},"modified":"2025-09-29T12:34:30","modified_gmt":"2025-09-29T10:34:30","slug":"drone-bag-tex-66-neo-2","status":"publish","type":"product","link":"https:\/\/www.b-w-international.com\/fr\/produkt\/drone-bag-tex-66-neo-2\/","title":{"rendered":"drone.bag TEX.66.Neo | B&amp;W Sac pour DJI Neo"},"content":{"rendered":"<ul>\n<li>Housse souple pour le drone DJI Neo<\/li>\n<li>Compatible avec les kits : DJI Neo Fly More Combo<\/li>\n<li>Sac imperm\u00e9able en polyester<\/li>\n<li>Fermeture \u00e0 glissi\u00e8re \u00e0 double sens facile \u00e0 ouvrir<\/li>\n<li>Compartimentage variable &#8211; pr\u00e9configur\u00e9 pour le combo DJI Neo Fly More<\/li>\n<li>Deux poches en filet<\/li>\n<li>Une poche avant<\/li>\n<li>S&rsquo;adapte \u00e0 la mallette polyvalente B&amp;W <a href=\"https:\/\/www.b-w-international.com\/fr\/produkt\/bw-case-pp-66\/\">bw.case PP.66<\/a><\/li>\n<\/ul>\n<p><strong>Le contenu de la valise pr\u00e9sent\u00e9 n&rsquo;est pas inclus.<\/strong><\/p>\n<div style=\"display:flex; gap:10px;justify-content:center\" class=\"wps-pgfw-pdf-generate-icon__wrapper-frontend\">\n\t\t<a  href=\"https:\/\/www.b-w-international.com\/fr\/wp-json\/wp\/v2\/product\/15090\/?action=genpdf&amp;id=15090\" class=\"pgfw-single-pdf-download-button\" target=_blank><img src=\"https:\/\/www.b-w-international.com\/wp-content\/uploads\/2025\/03\/icon-download.svg\" title=\"G\u00e9n\u00e9rer un PDF\" style=\"width:auto; height:45px;\"><\/a>\n\t\t<\/div>","protected":false},"excerpt":{"rendered":"<p>Housse souple pour le drone DJI Neo Compatible avec les kits : DJI Neo Fly More Combo Sac imperm\u00e9able en polyester Fermeture \u00e0 glissi\u00e8re \u00e0 double sens facile \u00e0 ouvrir Compartimentage variable &#8211; pr\u00e9configur\u00e9 pour le combo DJI Neo Fly More Deux poches en filet Une poche avant S&rsquo;adapte \u00e0 la mallette polyvalente B&amp;W bw.case [&hellip;]<\/p>\n","protected":false},"featured_media":12655,"template":"","meta":{"_acf_changed":false},"product_brand":[],"product_cat":[424,68],"product_tag":[],"class_list":{"0":"post-15090","1":"product","2":"type-product","3":"status-publish","4":"has-post-thumbnail","6":"product_features-aptitude-au-vol","7":"product_features-garantie-de-2-ans","8":"product_cat-drones-fr","9":"product_cat-valises-pour-drones-et-appareils-photo","10":"pa_farbe-anthracite-fr","12":"first","13":"instock","14":"product-type-simple"},"acf":[],"yoast_head":"<title>drone.bag TEX.66.Neo | B&amp;W Sac pour DJI Neo - B&amp;W International<\/title>\n<meta name=\"description\" content=\"Sac pour drone B&amp;W Neo \u2713R\u00e9sistant \u00e0 l&#039;eau \u2713R\u00e9sistant aux d\u00e9chirures \u2713Rembourr\u00e9 \u2713Compact \u2713Avec poign\u00e9e de transport \u2794\u00c0 d\u00e9couvrir d\u00e8s maintenant !\" \/>\n<meta name=\"robots\" content=\"index, follow, max-snippet:-1, max-image-preview:large, max-video-preview:-1\" \/>\n<link rel=\"canonical\" href=\"https:\/\/www.b-w-international.com\/fr\/produkt\/drone-bag-tex-66-neo-2\/\" \/>\n<meta property=\"og:locale\" content=\"fr_FR\" \/>\n<meta property=\"og:type\" content=\"article\" \/>\n<meta property=\"og:title\" content=\"drone.bag TEX.66.Neo | B&amp;W Sac pour DJI Neo - B&amp;W International\" \/>\n<meta property=\"og:description\" content=\"Sac pour drone B&amp;W Neo \u2713R\u00e9sistant \u00e0 l&#039;eau \u2713R\u00e9sistant aux d\u00e9chirures \u2713Rembourr\u00e9 \u2713Compact \u2713Avec poign\u00e9e de transport \u2794\u00c0 d\u00e9couvrir d\u00e8s maintenant !\" \/>\n<meta property=\"og:url\" content=\"https:\/\/www.b-w-international.com\/fr\/produkt\/drone-bag-tex-66-neo-2\/\" \/>\n<meta property=\"og:site_name\" content=\"B&amp;W International\" \/>\n<meta property=\"article:modified_time\" content=\"2025-09-29T10:34:30+00:00\" \/>\n<meta property=\"og:image\" content=\"https:\/\/www.b-w-international.com\/wp-content\/uploads\/2025\/05\/drone-bag_open-empty_TEX-66-dji-neo_bw-international.jpg\" \/>\n\t<meta property=\"og:image:width\" content=\"1920\" \/>\n\t<meta property=\"og:image:height\" content=\"1920\" \/>\n\t<meta property=\"og:image:type\" content=\"image\/jpeg\" \/>\n<meta name=\"twitter:card\" content=\"summary_large_image\" \/>\n<meta name=\"twitter:label1\" content=\"Dur\u00e9e de lecture estim\u00e9e\" \/>\n\t<meta name=\"twitter:data1\" content=\"1 minute\" \/>\n<script type=\"application\/ld+json\" class=\"yoast-schema-graph\">{\"@context\":\"https:\/\/schema.org\",\"@graph\":[{\"@type\":\"WebPage\",\"@id\":\"https:\/\/www.b-w-international.com\/fr\/produkt\/drone-bag-tex-66-neo-2\/\",\"url\":\"https:\/\/www.b-w-international.com\/fr\/produkt\/drone-bag-tex-66-neo-2\/\",\"name\":\"drone.bag TEX.66.Neo | B&amp;W Sac pour DJI Neo - B&amp;W International\",\"isPartOf\":{\"@id\":\"https:\/\/www.b-w-international.com\/fr\/#website\"},\"primaryImageOfPage\":{\"@id\":\"https:\/\/www.b-w-international.com\/fr\/produkt\/drone-bag-tex-66-neo-2\/#primaryimage\"},\"image\":{\"@id\":\"https:\/\/www.b-w-international.com\/fr\/produkt\/drone-bag-tex-66-neo-2\/#primaryimage\"},\"thumbnailUrl\":\"https:\/\/www.b-w-international.com\/wp-content\/uploads\/2025\/05\/drone-bag_open-empty_TEX-66-dji-neo_bw-international.jpg\",\"datePublished\":\"2025-05-23T06:19:30+00:00\",\"dateModified\":\"2025-09-29T10:34:30+00:00\",\"description\":\"Sac pour drone B&W Neo \u2713R\u00e9sistant \u00e0 l'eau \u2713R\u00e9sistant aux d\u00e9chirures \u2713Rembourr\u00e9 \u2713Compact \u2713Avec poign\u00e9e de transport \u2794\u00c0 d\u00e9couvrir d\u00e8s maintenant !\",\"breadcrumb\":{\"@id\":\"https:\/\/www.b-w-international.com\/fr\/produkt\/drone-bag-tex-66-neo-2\/#breadcrumb\"},\"inLanguage\":\"fr-FR\",\"potentialAction\":[{\"@type\":\"ReadAction\",\"target\":[\"https:\/\/www.b-w-international.com\/fr\/produkt\/drone-bag-tex-66-neo-2\/\"]}]},{\"@type\":\"ImageObject\",\"inLanguage\":\"fr-FR\",\"@id\":\"https:\/\/www.b-w-international.com\/fr\/produkt\/drone-bag-tex-66-neo-2\/#primaryimage\",\"url\":\"https:\/\/www.b-w-international.com\/wp-content\/uploads\/2025\/05\/drone-bag_open-empty_TEX-66-dji-neo_bw-international.jpg\",\"contentUrl\":\"https:\/\/www.b-w-international.com\/wp-content\/uploads\/2025\/05\/drone-bag_open-empty_TEX-66-dji-neo_bw-international.jpg\",\"width\":1920,\"height\":1920,\"caption\":\"Ge\u00f6ffnete, leere Drohnentasche f\u00fcr DJI Neo,TEX 66 in Dunkelgrau von B&W International mit sch\u00fctzendem Inlay.\"},{\"@type\":\"BreadcrumbList\",\"@id\":\"https:\/\/www.b-w-international.com\/fr\/produkt\/drone-bag-tex-66-neo-2\/#breadcrumb\",\"itemListElement\":[{\"@type\":\"ListItem\",\"position\":1,\"name\":\"Home\",\"item\":\"https:\/\/www.b-w-international.com\/fr\/\"},{\"@type\":\"ListItem\",\"position\":2,\"name\":\"Produits\",\"item\":\"https:\/\/www.b-w-international.com\/fr\/boutique\/\"},{\"@type\":\"ListItem\",\"position\":3,\"name\":\"Valises pour drones et appareils photo\",\"item\":\"https:\/\/www.b-w-international.com\/fr\/produkte\/valises-pour-drones-et-appareils-photo\/\"},{\"@type\":\"ListItem\",\"position\":4,\"name\":\"drone.bag TEX.66.Neo | B&amp;W Sac pour DJI Neo\"}]},{\"@type\":\"WebSite\",\"@id\":\"https:\/\/www.b-w-international.com\/fr\/#website\",\"url\":\"https:\/\/www.b-w-international.com\/fr\/\",\"name\":\"B&W International\",\"description\":\"\",\"publisher\":{\"@id\":\"https:\/\/www.b-w-international.com\/fr\/#organization\"},\"potentialAction\":[{\"@type\":\"SearchAction\",\"target\":{\"@type\":\"EntryPoint\",\"urlTemplate\":\"https:\/\/www.b-w-international.com\/fr\/?s={search_term_string}\"},\"query-input\":{\"@type\":\"PropertyValueSpecification\",\"valueRequired\":true,\"valueName\":\"search_term_string\"}}],\"inLanguage\":\"fr-FR\"},{\"@type\":\"Organization\",\"@id\":\"https:\/\/www.b-w-international.com\/fr\/#organization\",\"name\":\"B&W International\",\"url\":\"https:\/\/www.b-w-international.com\/fr\/\",\"logo\":{\"@type\":\"ImageObject\",\"inLanguage\":\"fr-FR\",\"@id\":\"https:\/\/www.b-w-international.com\/fr\/#\/schema\/logo\/image\/\",\"url\":\"https:\/\/www.b-w-international.com\/wp-content\/uploads\/2024\/12\/16dbfc312f1eb060e7d95735c00f9ec6.png\",\"contentUrl\":\"https:\/\/www.b-w-international.com\/wp-content\/uploads\/2024\/12\/16dbfc312f1eb060e7d95735c00f9ec6.png\",\"width\":219,\"height\":82,\"caption\":\"B&W International\"},\"image\":{\"@id\":\"https:\/\/www.b-w-international.com\/fr\/#\/schema\/logo\/image\/\"}}]}<\/script>","yoast_head_json":{"title":"drone.bag TEX.66.Neo | B&amp;W Sac pour DJI Neo - B&amp;W International","description":"Sac pour drone B&W Neo \u2713R\u00e9sistant \u00e0 l'eau \u2713R\u00e9sistant aux d\u00e9chirures \u2713Rembourr\u00e9 \u2713Compact \u2713Avec poign\u00e9e de transport \u2794\u00c0 d\u00e9couvrir d\u00e8s maintenant !","robots":{"index":"index","follow":"follow","max-snippet":"max-snippet:-1","max-image-preview":"max-image-preview:large","max-video-preview":"max-video-preview:-1"},"canonical":"https:\/\/www.b-w-international.com\/fr\/produkt\/drone-bag-tex-66-neo-2\/","og_locale":"fr_FR","og_type":"article","og_title":"drone.bag TEX.66.Neo | B&amp;W Sac pour DJI Neo - B&amp;W International","og_description":"Sac pour drone B&W Neo \u2713R\u00e9sistant \u00e0 l'eau \u2713R\u00e9sistant aux d\u00e9chirures \u2713Rembourr\u00e9 \u2713Compact \u2713Avec poign\u00e9e de transport \u2794\u00c0 d\u00e9couvrir d\u00e8s maintenant !","og_url":"https:\/\/www.b-w-international.com\/fr\/produkt\/drone-bag-tex-66-neo-2\/","og_site_name":"B&amp;W International","article_modified_time":"2025-09-29T10:34:30+00:00","og_image":[{"width":1920,"height":1920,"url":"https:\/\/www.b-w-international.com\/wp-content\/uploads\/2025\/05\/drone-bag_open-empty_TEX-66-dji-neo_bw-international.jpg","type":"image\/jpeg"}],"twitter_card":"summary_large_image","twitter_misc":{"Dur\u00e9e de lecture estim\u00e9e":"1 minute"},"schema":{"@context":"https:\/\/schema.org","@graph":[{"@type":"WebPage","@id":"https:\/\/www.b-w-international.com\/fr\/produkt\/drone-bag-tex-66-neo-2\/","url":"https:\/\/www.b-w-international.com\/fr\/produkt\/drone-bag-tex-66-neo-2\/","name":"drone.bag TEX.66.Neo | B&amp;W Sac pour DJI Neo - B&amp;W International","isPartOf":{"@id":"https:\/\/www.b-w-international.com\/fr\/#website"},"primaryImageOfPage":{"@id":"https:\/\/www.b-w-international.com\/fr\/produkt\/drone-bag-tex-66-neo-2\/#primaryimage"},"image":{"@id":"https:\/\/www.b-w-international.com\/fr\/produkt\/drone-bag-tex-66-neo-2\/#primaryimage"},"thumbnailUrl":"https:\/\/www.b-w-international.com\/wp-content\/uploads\/2025\/05\/drone-bag_open-empty_TEX-66-dji-neo_bw-international.jpg","datePublished":"2025-05-23T06:19:30+00:00","dateModified":"2025-09-29T10:34:30+00:00","description":"Sac pour drone B&W Neo \u2713R\u00e9sistant \u00e0 l'eau \u2713R\u00e9sistant aux d\u00e9chirures \u2713Rembourr\u00e9 \u2713Compact \u2713Avec poign\u00e9e de transport \u2794\u00c0 d\u00e9couvrir d\u00e8s maintenant !","breadcrumb":{"@id":"https:\/\/www.b-w-international.com\/fr\/produkt\/drone-bag-tex-66-neo-2\/#breadcrumb"},"inLanguage":"fr-FR","potentialAction":[{"@type":"ReadAction","target":["https:\/\/www.b-w-international.com\/fr\/produkt\/drone-bag-tex-66-neo-2\/"]}]},{"@type":"ImageObject","inLanguage":"fr-FR","@id":"https:\/\/www.b-w-international.com\/fr\/produkt\/drone-bag-tex-66-neo-2\/#primaryimage","url":"https:\/\/www.b-w-international.com\/wp-content\/uploads\/2025\/05\/drone-bag_open-empty_TEX-66-dji-neo_bw-international.jpg","contentUrl":"https:\/\/www.b-w-international.com\/wp-content\/uploads\/2025\/05\/drone-bag_open-empty_TEX-66-dji-neo_bw-international.jpg","width":1920,"height":1920,"caption":"Ge\u00f6ffnete, leere Drohnentasche f\u00fcr DJI Neo,TEX 66 in Dunkelgrau von B&W International mit sch\u00fctzendem Inlay."},{"@type":"BreadcrumbList","@id":"https:\/\/www.b-w-international.com\/fr\/produkt\/drone-bag-tex-66-neo-2\/#breadcrumb","itemListElement":[{"@type":"ListItem","position":1,"name":"Home","item":"https:\/\/www.b-w-international.com\/fr\/"},{"@type":"ListItem","position":2,"name":"Produits","item":"https:\/\/www.b-w-international.com\/fr\/boutique\/"},{"@type":"ListItem","position":3,"name":"Valises pour drones et appareils photo","item":"https:\/\/www.b-w-international.com\/fr\/produkte\/valises-pour-drones-et-appareils-photo\/"},{"@type":"ListItem","position":4,"name":"drone.bag TEX.66.Neo | B&amp;W Sac pour DJI Neo"}]},{"@type":"WebSite","@id":"https:\/\/www.b-w-international.com\/fr\/#website","url":"https:\/\/www.b-w-international.com\/fr\/","name":"B&W International","description":"","publisher":{"@id":"https:\/\/www.b-w-international.com\/fr\/#organization"},"potentialAction":[{"@type":"SearchAction","target":{"@type":"EntryPoint","urlTemplate":"https:\/\/www.b-w-international.com\/fr\/?s={search_term_string}"},"query-input":{"@type":"PropertyValueSpecification","valueRequired":true,"valueName":"search_term_string"}}],"inLanguage":"fr-FR"},{"@type":"Organization","@id":"https:\/\/www.b-w-international.com\/fr\/#organization","name":"B&W International","url":"https:\/\/www.b-w-international.com\/fr\/","logo":{"@type":"ImageObject","inLanguage":"fr-FR","@id":"https:\/\/www.b-w-international.com\/fr\/#\/schema\/logo\/image\/","url":"https:\/\/www.b-w-international.com\/wp-content\/uploads\/2024\/12\/16dbfc312f1eb060e7d95735c00f9ec6.png","contentUrl":"https:\/\/www.b-w-international.com\/wp-content\/uploads\/2024\/12\/16dbfc312f1eb060e7d95735c00f9ec6.png","width":219,"height":82,"caption":"B&W International"},"image":{"@id":"https:\/\/www.b-w-international.com\/fr\/#\/schema\/logo\/image\/"}}]}},"_links":{"self":[{"href":"https:\/\/www.b-w-international.com\/fr\/wp-json\/wp\/v2\/product\/15090","targetHints":{"allow":["GET"]}}],"collection":[{"href":"https:\/\/www.b-w-international.com\/fr\/wp-json\/wp\/v2\/product"}],"about":[{"href":"https:\/\/www.b-w-international.com\/fr\/wp-json\/wp\/v2\/types\/product"}],"wp:featuredmedia":[{"embeddable":true,"href":"https:\/\/www.b-w-international.com\/fr\/wp-json\/wp\/v2\/media\/12655"}],"wp:attachment":[{"href":"https:\/\/www.b-w-international.com\/fr\/wp-json\/wp\/v2\/media?parent=15090"}],"wp:term":[{"taxonomy":"product_brand","embeddable":true,"href":"https:\/\/www.b-w-international.com\/fr\/wp-json\/wp\/v2\/product_brand?post=15090"},{"taxonomy":"product_cat","embeddable":true,"href":"https:\/\/www.b-w-international.com\/fr\/wp-json\/wp\/v2\/product_cat?post=15090"},{"taxonomy":"product_tag","embeddable":true,"href":"https:\/\/www.b-w-international.com\/fr\/wp-json\/wp\/v2\/product_tag?post=15090"}],"curies":[{"name":"wp","href":"https:\/\/api.w.org\/{rel}","templated":true}]}}