{"id":15173,"date":"2025-05-05T09:55:08","date_gmt":"2025-05-05T07:55:08","guid":{"rendered":"https:\/\/www.b-w-international.com\/produkt\/battery-case-p908-16-mallette-de-transport-pour-batteries-bw-stockage-et-transport-surs-des-batteries-au-lithium\/"},"modified":"2025-12-03T15:51:11","modified_gmt":"2025-12-03T14:51:11","slug":"battery-case-p908-16","status":"publish","type":"product","link":"https:\/\/www.b-w-international.com\/fr\/produkt\/battery-case-p908-16\/","title":{"rendered":"battery.case P908.16 | Mallette de transport de batteries B&amp;W &#8211; Stockage et transport s\u00fbrs des batteries au lithium"},"content":{"rendered":"<div>\n<ul>\n<li>La solution id\u00e9ale pour le stockage et le transport en toute s\u00e9curit\u00e9 des batteries au lithium intactes et d\u00e9fectueuses.<\/li>\n<li>Robuste et facile \u00e0 utiliser gr\u00e2ce \u00e0 l&rsquo;espace de protection interne en m\u00e9tal<\/li>\n<li>Coffre qui \u00e9vite le pire en cas d&rsquo;incendie de la batterie<\/li>\n<li>Endroit optimal pour charger les batteries en toute s\u00e9curit\u00e9<\/li>\n<li>Syst\u00e8me de s\u00e9curit\u00e9 unique qui se ferme automatiquement en cas d&rsquo;incendie \u00e0 l&rsquo;int\u00e9rieur, enregistr\u00e9 aupr\u00e8s du Deutsches Patent- und Markenamt (Office allemand des brevets et des marques)<\/li>\n<li>Mallette en plastique de haute qualit\u00e9 avec conteneur m\u00e9tallique interne<\/li>\n<li>Le filtre \u00e0 charbon actif r\u00e9duit les fuites de gaz et diminue la formation de suie en cas d&rsquo;incendie de la batterie.<\/li>\n<li>Test\u00e9 et approuv\u00e9 en tant qu&#8217;emballage de marchandises dangereuses et donc adapt\u00e9 au transport de batteries au lithium intactes et d\u00e9fectueuses sur la voie publique.<\/li>\n<li>Test\u00e9 en conditions r\u00e9elles : Lors de l&rsquo;incendie de la batterie pendant les tests, aucune flamme ne s&rsquo;est \u00e9chapp\u00e9e et les enveloppes ext\u00e9rieures des B&amp;W battery.cases P908 sont rest\u00e9es constamment en dessous de 100\u00b0C.<\/li>\n<li>Les battery.cases P908 de B&amp;W sont officiellement approuv\u00e9s pour le transport et le stockage de batteries au lithium intactes et d\u00e9fectueuses conform\u00e9ment aux r\u00e9glementations de transport P903 et P908.<\/li>\n<\/ul>\n<\/div>\n<div style=\"display:flex; gap:10px;justify-content:center\" class=\"wps-pgfw-pdf-generate-icon__wrapper-frontend\">\n\t\t<a  href=\"https:\/\/www.b-w-international.com\/fr\/wp-json\/wp\/v2\/product\/15173\/?action=genpdf&amp;id=15173\" class=\"pgfw-single-pdf-download-button\" target=_blank><img src=\"https:\/\/www.b-w-international.com\/wp-content\/uploads\/2025\/03\/icon-download.svg\" title=\"G\u00e9n\u00e9rer un PDF\" style=\"width:auto; height:45px;\"><\/a>\n\t\t<\/div>","protected":false},"excerpt":{"rendered":"<p>La solution id\u00e9ale pour le stockage et le transport en toute s\u00e9curit\u00e9 des batteries au lithium intactes et d\u00e9fectueuses. Robuste et facile \u00e0 utiliser gr\u00e2ce \u00e0 l&rsquo;espace de protection interne en m\u00e9tal Coffre qui \u00e9vite le pire en cas d&rsquo;incendie de la batterie Endroit optimal pour charger les batteries en toute s\u00e9curit\u00e9 Syst\u00e8me de s\u00e9curit\u00e9 [&hellip;]<\/p>\n","protected":false},"featured_media":14802,"template":"","meta":{"_acf_changed":false},"product_brand":[],"product_cat":[190],"product_tag":[],"class_list":{"0":"post-15173","1":"product","2":"type-product","3":"status-publish","4":"has-post-thumbnail","6":"product_features-2-oeillets-pour-cadenas","7":"product_features-empilable","8":"product_features-etanche-a-leau-etanche-a-la-poussiere-etanche-a-lair","9":"product_features-extremement-robuste","10":"product_features-garantie-de-2-ans","11":"product_features-poignee-de-transport-caoutchoutee","12":"product_features-resistant-a-la-temperature","13":"product_features-roulettes","14":"product_cat-mallette-de-transport-de-batteries","15":"pa_farbe-desert-tan-fr","16":"pa_farbe-noir","18":"first","19":"instock","20":"product-type-variable"},"acf":[],"yoast_head":"<title>battery.case P908.16 | Mallette de transport de batteries B&amp;W - Stockage et transport s\u00fbrs des batteries au lithium - B&amp;W International<\/title>\n<meta name=\"description\" content=\"B&amp;W Akkutransportkoffer f\u00fcr Li-Ion Akkus \u2713Sto\u00dffest \u2713Flammhemmend \u2713S\u00e4urebest\u00e4ndig \u2794 Jetzt beraten lassen!\" \/>\n<meta name=\"robots\" content=\"index, follow, max-snippet:-1, max-image-preview:large, max-video-preview:-1\" \/>\n<link rel=\"canonical\" href=\"https:\/\/www.b-w-international.com\/fr\/produkt\/battery-case-p908-16\/\" \/>\n<meta property=\"og:locale\" content=\"fr_FR\" \/>\n<meta property=\"og:type\" content=\"article\" \/>\n<meta property=\"og:title\" content=\"battery.case P908.16 | Mallette de transport de batteries B&amp;W - Stockage et transport s\u00fbrs des batteries au lithium - B&amp;W International\" \/>\n<meta property=\"og:description\" content=\"B&amp;W Akkutransportkoffer f\u00fcr Li-Ion Akkus \u2713Sto\u00dffest \u2713Flammhemmend \u2713S\u00e4urebest\u00e4ndig \u2794 Jetzt beraten lassen!\" \/>\n<meta property=\"og:url\" content=\"https:\/\/www.b-w-international.com\/fr\/produkt\/battery-case-p908-16\/\" \/>\n<meta property=\"og:site_name\" content=\"B&amp;W International\" \/>\n<meta property=\"article:modified_time\" content=\"2025-12-03T14:51:11+00:00\" \/>\n<meta property=\"og:image\" content=\"https:\/\/www.b-w-international.com\/wp-content\/uploads\/2025\/05\/battery-case_P908-16_PP-709_B_closed-side_bw-international.jpg\" \/>\n\t<meta property=\"og:image:width\" content=\"1920\" \/>\n\t<meta property=\"og:image:height\" content=\"1920\" \/>\n\t<meta property=\"og:image:type\" content=\"image\/jpeg\" \/>\n<meta name=\"twitter:card\" content=\"summary_large_image\" \/>\n<meta name=\"twitter:label1\" content=\"Dur\u00e9e de lecture estim\u00e9e\" \/>\n\t<meta name=\"twitter:data1\" content=\"2 minutes\" \/>\n<script type=\"application\/ld+json\" class=\"yoast-schema-graph\">{\"@context\":\"https:\\\/\\\/schema.org\",\"@graph\":[{\"@type\":\"WebPage\",\"@id\":\"https:\\\/\\\/www.b-w-international.com\\\/fr\\\/produkt\\\/battery-case-p908-16\\\/\",\"url\":\"https:\\\/\\\/www.b-w-international.com\\\/fr\\\/produkt\\\/battery-case-p908-16\\\/\",\"name\":\"battery.case P908.16 | Mallette de transport de batteries B&amp;W - Stockage et transport s\u00fbrs des batteries au lithium - B&amp;W International\",\"isPartOf\":{\"@id\":\"https:\\\/\\\/www.b-w-international.com\\\/fr\\\/#website\"},\"primaryImageOfPage\":{\"@id\":\"https:\\\/\\\/www.b-w-international.com\\\/fr\\\/produkt\\\/battery-case-p908-16\\\/#primaryimage\"},\"image\":{\"@id\":\"https:\\\/\\\/www.b-w-international.com\\\/fr\\\/produkt\\\/battery-case-p908-16\\\/#primaryimage\"},\"thumbnailUrl\":\"https:\\\/\\\/www.b-w-international.com\\\/wp-content\\\/uploads\\\/2025\\\/05\\\/battery-case_P908-16_PP-709_B_closed-side_bw-international.jpg\",\"datePublished\":\"2025-05-05T07:55:08+00:00\",\"dateModified\":\"2025-12-03T14:51:11+00:00\",\"description\":\"B&W Akkutransportkoffer f\u00fcr Li-Ion Akkus \u2713Sto\u00dffest \u2713Flammhemmend \u2713S\u00e4urebest\u00e4ndig \u2794 Jetzt beraten lassen!\",\"breadcrumb\":{\"@id\":\"https:\\\/\\\/www.b-w-international.com\\\/fr\\\/produkt\\\/battery-case-p908-16\\\/#breadcrumb\"},\"inLanguage\":\"fr-FR\",\"potentialAction\":[{\"@type\":\"ReadAction\",\"target\":[\"https:\\\/\\\/www.b-w-international.com\\\/fr\\\/produkt\\\/battery-case-p908-16\\\/\"]}]},{\"@type\":\"ImageObject\",\"inLanguage\":\"fr-FR\",\"@id\":\"https:\\\/\\\/www.b-w-international.com\\\/fr\\\/produkt\\\/battery-case-p908-16\\\/#primaryimage\",\"url\":\"https:\\\/\\\/www.b-w-international.com\\\/wp-content\\\/uploads\\\/2025\\\/05\\\/battery-case_P908-16_PP-709_B_closed-side_bw-international.jpg\",\"contentUrl\":\"https:\\\/\\\/www.b-w-international.com\\\/wp-content\\\/uploads\\\/2025\\\/05\\\/battery-case_P908-16_PP-709_B_closed-side_bw-international.jpg\",\"width\":1920,\"height\":1920,\"caption\":\"Mallette de transport de batteries noire de B&amp;W International - mallette \u00e0 roulettes robuste avec poign\u00e9e de transport et fermetures solides pour le transport s\u00e9curis\u00e9 de batteries lithium-ion.\"},{\"@type\":\"BreadcrumbList\",\"@id\":\"https:\\\/\\\/www.b-w-international.com\\\/fr\\\/produkt\\\/battery-case-p908-16\\\/#breadcrumb\",\"itemListElement\":[{\"@type\":\"ListItem\",\"position\":1,\"name\":\"Home\",\"item\":\"https:\\\/\\\/www.b-w-international.com\\\/fr\\\/\"},{\"@type\":\"ListItem\",\"position\":2,\"name\":\"Produits\",\"item\":\"https:\\\/\\\/www.b-w-international.com\\\/fr\\\/boutique\\\/\"},{\"@type\":\"ListItem\",\"position\":3,\"name\":\"Mallette de transport de batteries\",\"item\":\"https:\\\/\\\/www.b-w-international.com\\\/fr\\\/produkte\\\/mallette-de-transport-de-batteries\\\/\"},{\"@type\":\"ListItem\",\"position\":4,\"name\":\"battery.case P908.16 | Mallette de transport de batteries B&amp;W &#8211; Stockage et transport s\u00fbrs des batteries au lithium\"}]},{\"@type\":\"WebSite\",\"@id\":\"https:\\\/\\\/www.b-w-international.com\\\/fr\\\/#website\",\"url\":\"https:\\\/\\\/www.b-w-international.com\\\/fr\\\/\",\"name\":\"B&W International\",\"description\":\"\",\"publisher\":{\"@id\":\"https:\\\/\\\/www.b-w-international.com\\\/fr\\\/#organization\"},\"potentialAction\":[{\"@type\":\"SearchAction\",\"target\":{\"@type\":\"EntryPoint\",\"urlTemplate\":\"https:\\\/\\\/www.b-w-international.com\\\/fr\\\/?s={search_term_string}\"},\"query-input\":{\"@type\":\"PropertyValueSpecification\",\"valueRequired\":true,\"valueName\":\"search_term_string\"}}],\"inLanguage\":\"fr-FR\"},{\"@type\":\"Organization\",\"@id\":\"https:\\\/\\\/www.b-w-international.com\\\/fr\\\/#organization\",\"name\":\"B&W International\",\"url\":\"https:\\\/\\\/www.b-w-international.com\\\/fr\\\/\",\"logo\":{\"@type\":\"ImageObject\",\"inLanguage\":\"fr-FR\",\"@id\":\"https:\\\/\\\/www.b-w-international.com\\\/fr\\\/#\\\/schema\\\/logo\\\/image\\\/\",\"url\":\"https:\\\/\\\/www.b-w-international.com\\\/wp-content\\\/uploads\\\/2024\\\/12\\\/16dbfc312f1eb060e7d95735c00f9ec6.png\",\"contentUrl\":\"https:\\\/\\\/www.b-w-international.com\\\/wp-content\\\/uploads\\\/2024\\\/12\\\/16dbfc312f1eb060e7d95735c00f9ec6.png\",\"width\":219,\"height\":82,\"caption\":\"B&W International\"},\"image\":{\"@id\":\"https:\\\/\\\/www.b-w-international.com\\\/fr\\\/#\\\/schema\\\/logo\\\/image\\\/\"}}]}<\/script>","yoast_head_json":{"title":"battery.case P908.16 | Mallette de transport de batteries B&amp;W - Stockage et transport s\u00fbrs des batteries au lithium - B&amp;W International","description":"B&W Akkutransportkoffer f\u00fcr Li-Ion Akkus \u2713Sto\u00dffest \u2713Flammhemmend \u2713S\u00e4urebest\u00e4ndig \u2794 Jetzt beraten lassen!","robots":{"index":"index","follow":"follow","max-snippet":"max-snippet:-1","max-image-preview":"max-image-preview:large","max-video-preview":"max-video-preview:-1"},"canonical":"https:\/\/www.b-w-international.com\/fr\/produkt\/battery-case-p908-16\/","og_locale":"fr_FR","og_type":"article","og_title":"battery.case P908.16 | Mallette de transport de batteries B&amp;W - Stockage et transport s\u00fbrs des batteries au lithium - B&amp;W International","og_description":"B&W Akkutransportkoffer f\u00fcr Li-Ion Akkus \u2713Sto\u00dffest \u2713Flammhemmend \u2713S\u00e4urebest\u00e4ndig \u2794 Jetzt beraten lassen!","og_url":"https:\/\/www.b-w-international.com\/fr\/produkt\/battery-case-p908-16\/","og_site_name":"B&amp;W International","article_modified_time":"2025-12-03T14:51:11+00:00","og_image":[{"width":1920,"height":1920,"url":"https:\/\/www.b-w-international.com\/wp-content\/uploads\/2025\/05\/battery-case_P908-16_PP-709_B_closed-side_bw-international.jpg","type":"image\/jpeg"}],"twitter_card":"summary_large_image","twitter_misc":{"Dur\u00e9e de lecture estim\u00e9e":"2 minutes"},"schema":{"@context":"https:\/\/schema.org","@graph":[{"@type":"WebPage","@id":"https:\/\/www.b-w-international.com\/fr\/produkt\/battery-case-p908-16\/","url":"https:\/\/www.b-w-international.com\/fr\/produkt\/battery-case-p908-16\/","name":"battery.case P908.16 | Mallette de transport de batteries B&amp;W - Stockage et transport s\u00fbrs des batteries au lithium - B&amp;W International","isPartOf":{"@id":"https:\/\/www.b-w-international.com\/fr\/#website"},"primaryImageOfPage":{"@id":"https:\/\/www.b-w-international.com\/fr\/produkt\/battery-case-p908-16\/#primaryimage"},"image":{"@id":"https:\/\/www.b-w-international.com\/fr\/produkt\/battery-case-p908-16\/#primaryimage"},"thumbnailUrl":"https:\/\/www.b-w-international.com\/wp-content\/uploads\/2025\/05\/battery-case_P908-16_PP-709_B_closed-side_bw-international.jpg","datePublished":"2025-05-05T07:55:08+00:00","dateModified":"2025-12-03T14:51:11+00:00","description":"B&W Akkutransportkoffer f\u00fcr Li-Ion Akkus \u2713Sto\u00dffest \u2713Flammhemmend \u2713S\u00e4urebest\u00e4ndig \u2794 Jetzt beraten lassen!","breadcrumb":{"@id":"https:\/\/www.b-w-international.com\/fr\/produkt\/battery-case-p908-16\/#breadcrumb"},"inLanguage":"fr-FR","potentialAction":[{"@type":"ReadAction","target":["https:\/\/www.b-w-international.com\/fr\/produkt\/battery-case-p908-16\/"]}]},{"@type":"ImageObject","inLanguage":"fr-FR","@id":"https:\/\/www.b-w-international.com\/fr\/produkt\/battery-case-p908-16\/#primaryimage","url":"https:\/\/www.b-w-international.com\/wp-content\/uploads\/2025\/05\/battery-case_P908-16_PP-709_B_closed-side_bw-international.jpg","contentUrl":"https:\/\/www.b-w-international.com\/wp-content\/uploads\/2025\/05\/battery-case_P908-16_PP-709_B_closed-side_bw-international.jpg","width":1920,"height":1920,"caption":"Mallette de transport de batteries noire de B&amp;W International - mallette \u00e0 roulettes robuste avec poign\u00e9e de transport et fermetures solides pour le transport s\u00e9curis\u00e9 de batteries lithium-ion."},{"@type":"BreadcrumbList","@id":"https:\/\/www.b-w-international.com\/fr\/produkt\/battery-case-p908-16\/#breadcrumb","itemListElement":[{"@type":"ListItem","position":1,"name":"Home","item":"https:\/\/www.b-w-international.com\/fr\/"},{"@type":"ListItem","position":2,"name":"Produits","item":"https:\/\/www.b-w-international.com\/fr\/boutique\/"},{"@type":"ListItem","position":3,"name":"Mallette de transport de batteries","item":"https:\/\/www.b-w-international.com\/fr\/produkte\/mallette-de-transport-de-batteries\/"},{"@type":"ListItem","position":4,"name":"battery.case P908.16 | Mallette de transport de batteries B&amp;W &#8211; Stockage et transport s\u00fbrs des batteries au lithium"}]},{"@type":"WebSite","@id":"https:\/\/www.b-w-international.com\/fr\/#website","url":"https:\/\/www.b-w-international.com\/fr\/","name":"B&W International","description":"","publisher":{"@id":"https:\/\/www.b-w-international.com\/fr\/#organization"},"potentialAction":[{"@type":"SearchAction","target":{"@type":"EntryPoint","urlTemplate":"https:\/\/www.b-w-international.com\/fr\/?s={search_term_string}"},"query-input":{"@type":"PropertyValueSpecification","valueRequired":true,"valueName":"search_term_string"}}],"inLanguage":"fr-FR"},{"@type":"Organization","@id":"https:\/\/www.b-w-international.com\/fr\/#organization","name":"B&W International","url":"https:\/\/www.b-w-international.com\/fr\/","logo":{"@type":"ImageObject","inLanguage":"fr-FR","@id":"https:\/\/www.b-w-international.com\/fr\/#\/schema\/logo\/image\/","url":"https:\/\/www.b-w-international.com\/wp-content\/uploads\/2024\/12\/16dbfc312f1eb060e7d95735c00f9ec6.png","contentUrl":"https:\/\/www.b-w-international.com\/wp-content\/uploads\/2024\/12\/16dbfc312f1eb060e7d95735c00f9ec6.png","width":219,"height":82,"caption":"B&W International"},"image":{"@id":"https:\/\/www.b-w-international.com\/fr\/#\/schema\/logo\/image\/"}}]}},"_links":{"self":[{"href":"https:\/\/www.b-w-international.com\/fr\/wp-json\/wp\/v2\/product\/15173","targetHints":{"allow":["GET"]}}],"collection":[{"href":"https:\/\/www.b-w-international.com\/fr\/wp-json\/wp\/v2\/product"}],"about":[{"href":"https:\/\/www.b-w-international.com\/fr\/wp-json\/wp\/v2\/types\/product"}],"wp:featuredmedia":[{"embeddable":true,"href":"https:\/\/www.b-w-international.com\/fr\/wp-json\/wp\/v2\/media\/14802"}],"wp:attachment":[{"href":"https:\/\/www.b-w-international.com\/fr\/wp-json\/wp\/v2\/media?parent=15173"}],"wp:term":[{"taxonomy":"product_brand","embeddable":true,"href":"https:\/\/www.b-w-international.com\/fr\/wp-json\/wp\/v2\/product_brand?post=15173"},{"taxonomy":"product_cat","embeddable":true,"href":"https:\/\/www.b-w-international.com\/fr\/wp-json\/wp\/v2\/product_cat?post=15173"},{"taxonomy":"product_tag","embeddable":true,"href":"https:\/\/www.b-w-international.com\/fr\/wp-json\/wp\/v2\/product_tag?post=15173"}],"curies":[{"name":"wp","href":"https:\/\/api.w.org\/{rel}","templated":true}]}}