{"id":15215,"date":"2025-05-05T09:55:08","date_gmt":"2025-05-05T07:55:08","guid":{"rendered":"https:\/\/www.b-w-international.com\/produkt\/satcom-case-pp-1570-starlink-fhp-bw-mallette-de-transport-pour-le-dispositif-starlink-flat-high-performance\/"},"modified":"2026-03-18T10:38:04","modified_gmt":"2026-03-18T09:38:04","slug":"satcom-case-pp-1570-starlink-3","status":"publish","type":"product","link":"https:\/\/www.b-w-international.com\/fr\/produkt\/satcom-case-pp-1570-starlink-3\/","title":{"rendered":"satcom.case PP.1570. starlink 3 | Mallette de transport B&amp;W pour Starlink Enterprise, Standard V4, Gen2 et Gen3"},"content":{"rendered":"<div>\n<p><strong>UNE VALETTE, QUATRE STARLINKS :<\/strong> Une valise &#8211; compatible avec plusieurs g\u00e9n\u00e9rations de Starlink.<br \/>\nLe syst\u00e8me d&rsquo;adaptateur modulaire permet d&rsquo;utiliser la m\u00eame valise pour diff\u00e9rentes antennes Starlink. Des \u00e9l\u00e9ments d&rsquo;adaptation sont ins\u00e9r\u00e9s ou retir\u00e9s en fonction du mod\u00e8le. La valise s&rsquo;adapte au mat\u00e9riel, et non l&rsquo;inverse. Cela r\u00e9duit les frais de stockage, simplifie les processus et garantit la s\u00e9curit\u00e9 de l&rsquo;investissement. Compatible avec Starlink Performance GEN3, Performance GEN2 (Flat High Performance), Standard V4 et Enterprise.<\/p>\n<ul>\n<li>Mallette extr\u00eamement solide : bo\u00eetier en polypropyl\u00e8ne (PP)<\/li>\n<li>test\u00e9 selon les normes militaires<\/li>\n<li>Apte au vol : valve automatique de compensation de pression<\/li>\n<li>stable, \u00e9tanche \u00e0 la poussi\u00e8re et \u00e0 l&rsquo;eau selon IP67<\/li>\n<li>stabilit\u00e9 thermique de -30\u00b0 C \u00e0 +80\u00b0 C<\/li>\n<li>Badge<\/li>\n<li>empilable<\/li>\n<li>deux \u0153illets pour cadenas (\u00d8 7 mm)<\/li>\n<li>Poign\u00e9e de trolley<\/li>\n<li>poign\u00e9e de transport caoutchout\u00e9e<\/li>\n<li>deux poign\u00e9es lat\u00e9rales<\/li>\n<li>cinq verrous \u00e0 ressort pour une protection maximale<\/li>\n<li>deux rouleaux<\/li>\n<\/ul>\n<p><strong>Les appareils Starlink et leurs accessoires illustr\u00e9s ne sont pas inclus.<\/strong><\/p>\n<p>T\u00e9l\u00e9chargez le <a href=\"https:\/\/www.b-w-international.com\/wp-content\/uploads\/2026\/01\/Flyer_starlink-transport-case-3_EN-bw-international.pdf\"><b>prospectus<\/b> <\/a>concernant la mallette de transport pour les mod\u00e8les Starlink Enterprise, Standard V4, Gen2 et Gen3.<\/p>\n<\/div>\n<div style=\"display:flex; gap:10px;justify-content:center\" class=\"wps-pgfw-pdf-generate-icon__wrapper-frontend\">\n\t\t<a  href=\"https:\/\/www.b-w-international.com\/fr\/wp-json\/wp\/v2\/product\/15215\/?action=genpdf&amp;id=15215\" class=\"pgfw-single-pdf-download-button\" target=_blank><img src=\"https:\/\/www.b-w-international.com\/wp-content\/uploads\/2025\/03\/icon-download.svg\" title=\"G\u00e9n\u00e9rer un PDF\" style=\"width:auto; height:45px;\"><\/a>\n\t\t<\/div>","protected":false},"excerpt":{"rendered":"<p>UNE VALETTE, QUATRE STARLINKS : Une valise &#8211; compatible avec plusieurs g\u00e9n\u00e9rations de Starlink. Le syst\u00e8me d&rsquo;adaptateur modulaire permet d&rsquo;utiliser la m\u00eame valise pour diff\u00e9rentes antennes Starlink. Des \u00e9l\u00e9ments d&rsquo;adaptation sont ins\u00e9r\u00e9s ou retir\u00e9s en fonction du mod\u00e8le. La valise s&rsquo;adapte au mat\u00e9riel, et non l&rsquo;inverse. Cela r\u00e9duit les frais de stockage, simplifie les processus [&hellip;]<\/p>\n","protected":false},"featured_media":23893,"template":"","meta":{"_acf_changed":false},"product_brand":[],"product_cat":[199],"product_tag":[],"class_list":{"0":"post-15215","1":"product","2":"type-product","3":"status-publish","4":"has-post-thumbnail","6":"product_features-2-oeillets-pour-cadenas","7":"product_features-empilable","8":"product_features-extremement-robuste","9":"product_features-garantie-de-2-ans","10":"product_features-poignee-de-transport-caoutchoutee","11":"product_features-roulettes","12":"product_cat-mallette-starlink","13":"pa_farbe-bronze-vert","14":"pa_farbe-noir","16":"first","17":"instock","18":"product-type-variable"},"acf":[],"yoast_head":"<title>satcom.case PP.1570. starlink 3 | Mallette de transport B&amp;W pour Starlink Enterprise, Standard V4, Gen2 et Gen3 - B&amp;W International<\/title>\n<meta name=\"description\" content=\"Mallette B&amp;W Starlink \u2713extr\u00eamement robuste \u2713\u00e9tanche IP67 \u2713soupape d&#039;\u00e9quilibrage de pression \u2713stackable \u2713avec trolley \u2794Prot\u00e9gez maintenant individuellement !\" \/>\n<meta name=\"robots\" content=\"index, follow, max-snippet:-1, max-image-preview:large, max-video-preview:-1\" \/>\n<link rel=\"canonical\" href=\"https:\/\/www.b-w-international.com\/fr\/produkt\/satcom-case-pp-1570-starlink-3\/\" \/>\n<meta property=\"og:locale\" content=\"fr_FR\" \/>\n<meta property=\"og:type\" content=\"article\" \/>\n<meta property=\"og:title\" content=\"satcom.case PP.1570. starlink 3 | Mallette de transport B&amp;W pour Starlink Enterprise, Standard V4, Gen2 et Gen3 - B&amp;W International\" \/>\n<meta property=\"og:description\" content=\"Mallette B&amp;W Starlink \u2713extr\u00eamement robuste \u2713\u00e9tanche IP67 \u2713soupape d&#039;\u00e9quilibrage de pression \u2713stackable \u2713avec trolley \u2794Prot\u00e9gez maintenant individuellement !\" \/>\n<meta property=\"og:url\" content=\"https:\/\/www.b-w-international.com\/fr\/produkt\/satcom-case-pp-1570-starlink-3\/\" \/>\n<meta property=\"og:site_name\" content=\"B&amp;W International\" \/>\n<meta property=\"article:modified_time\" content=\"2026-03-18T09:38:04+00:00\" \/>\n<meta property=\"og:image\" content=\"https:\/\/www.b-w-international.com\/wp-content\/uploads\/2026\/01\/7800_PP-1570_satcom-case_B_starlink-enterprise_open-inlay-side-empty_bw-international.jpg\" \/>\n\t<meta property=\"og:image:width\" content=\"1920\" \/>\n\t<meta property=\"og:image:height\" content=\"1920\" \/>\n\t<meta property=\"og:image:type\" content=\"image\/jpeg\" \/>\n<meta name=\"twitter:card\" content=\"summary_large_image\" \/>\n<meta name=\"twitter:label1\" content=\"Dur\u00e9e de lecture estim\u00e9e\" \/>\n\t<meta name=\"twitter:data1\" content=\"2 minutes\" \/>\n<script type=\"application\/ld+json\" class=\"yoast-schema-graph\">{\"@context\":\"https:\/\/schema.org\",\"@graph\":[{\"@type\":\"WebPage\",\"@id\":\"https:\/\/www.b-w-international.com\/fr\/produkt\/satcom-case-pp-1570-starlink-3\/\",\"url\":\"https:\/\/www.b-w-international.com\/fr\/produkt\/satcom-case-pp-1570-starlink-3\/\",\"name\":\"satcom.case PP.1570. starlink 3 | Mallette de transport B&amp;W pour Starlink Enterprise, Standard V4, Gen2 et Gen3 - B&amp;W International\",\"isPartOf\":{\"@id\":\"https:\/\/www.b-w-international.com\/fr\/#website\"},\"primaryImageOfPage\":{\"@id\":\"https:\/\/www.b-w-international.com\/fr\/produkt\/satcom-case-pp-1570-starlink-3\/#primaryimage\"},\"image\":{\"@id\":\"https:\/\/www.b-w-international.com\/fr\/produkt\/satcom-case-pp-1570-starlink-3\/#primaryimage\"},\"thumbnailUrl\":\"https:\/\/www.b-w-international.com\/wp-content\/uploads\/2026\/01\/7800_PP-1570_satcom-case_B_starlink-enterprise_open-inlay-side-empty_bw-international.jpg\",\"datePublished\":\"2025-05-05T07:55:08+00:00\",\"dateModified\":\"2026-03-18T09:38:04+00:00\",\"description\":\"Mallette B&W Starlink \u2713extr\u00eamement robuste \u2713\u00e9tanche IP67 \u2713soupape d'\u00e9quilibrage de pression \u2713stackable \u2713avec trolley \u2794Prot\u00e9gez maintenant individuellement !\",\"breadcrumb\":{\"@id\":\"https:\/\/www.b-w-international.com\/fr\/produkt\/satcom-case-pp-1570-starlink-3\/#breadcrumb\"},\"inLanguage\":\"fr-FR\",\"potentialAction\":[{\"@type\":\"ReadAction\",\"target\":[\"https:\/\/www.b-w-international.com\/fr\/produkt\/satcom-case-pp-1570-starlink-3\/\"]}]},{\"@type\":\"ImageObject\",\"inLanguage\":\"fr-FR\",\"@id\":\"https:\/\/www.b-w-international.com\/fr\/produkt\/satcom-case-pp-1570-starlink-3\/#primaryimage\",\"url\":\"https:\/\/www.b-w-international.com\/wp-content\/uploads\/2026\/01\/7800_PP-1570_satcom-case_B_starlink-enterprise_open-inlay-side-empty_bw-international.jpg\",\"contentUrl\":\"https:\/\/www.b-w-international.com\/wp-content\/uploads\/2026\/01\/7800_PP-1570_satcom-case_B_starlink-enterprise_open-inlay-side-empty_bw-international.jpg\",\"width\":1920,\"height\":1920,\"caption\":\"Enterprise\"},{\"@type\":\"BreadcrumbList\",\"@id\":\"https:\/\/www.b-w-international.com\/fr\/produkt\/satcom-case-pp-1570-starlink-3\/#breadcrumb\",\"itemListElement\":[{\"@type\":\"ListItem\",\"position\":1,\"name\":\"Home\",\"item\":\"https:\/\/www.b-w-international.com\/fr\/\"},{\"@type\":\"ListItem\",\"position\":2,\"name\":\"Produits\",\"item\":\"https:\/\/www.b-w-international.com\/fr\/boutique\/\"},{\"@type\":\"ListItem\",\"position\":3,\"name\":\"Mallette Starlink\",\"item\":\"https:\/\/www.b-w-international.com\/fr\/produkte\/mallette-starlink\/\"},{\"@type\":\"ListItem\",\"position\":4,\"name\":\"satcom.case PP.1570. starlink 3 | Mallette de transport B&amp;W pour Starlink Enterprise, Standard V4, Gen2 et Gen3\"}]},{\"@type\":\"WebSite\",\"@id\":\"https:\/\/www.b-w-international.com\/fr\/#website\",\"url\":\"https:\/\/www.b-w-international.com\/fr\/\",\"name\":\"B&W International\",\"description\":\"\",\"publisher\":{\"@id\":\"https:\/\/www.b-w-international.com\/fr\/#organization\"},\"potentialAction\":[{\"@type\":\"SearchAction\",\"target\":{\"@type\":\"EntryPoint\",\"urlTemplate\":\"https:\/\/www.b-w-international.com\/fr\/?s={search_term_string}\"},\"query-input\":{\"@type\":\"PropertyValueSpecification\",\"valueRequired\":true,\"valueName\":\"search_term_string\"}}],\"inLanguage\":\"fr-FR\"},{\"@type\":\"Organization\",\"@id\":\"https:\/\/www.b-w-international.com\/fr\/#organization\",\"name\":\"B&W International\",\"url\":\"https:\/\/www.b-w-international.com\/fr\/\",\"logo\":{\"@type\":\"ImageObject\",\"inLanguage\":\"fr-FR\",\"@id\":\"https:\/\/www.b-w-international.com\/fr\/#\/schema\/logo\/image\/\",\"url\":\"https:\/\/www.b-w-international.com\/wp-content\/uploads\/2024\/12\/16dbfc312f1eb060e7d95735c00f9ec6.png\",\"contentUrl\":\"https:\/\/www.b-w-international.com\/wp-content\/uploads\/2024\/12\/16dbfc312f1eb060e7d95735c00f9ec6.png\",\"width\":219,\"height\":82,\"caption\":\"B&W International\"},\"image\":{\"@id\":\"https:\/\/www.b-w-international.com\/fr\/#\/schema\/logo\/image\/\"}}]}<\/script>","yoast_head_json":{"title":"satcom.case PP.1570. starlink 3 | Mallette de transport B&amp;W pour Starlink Enterprise, Standard V4, Gen2 et Gen3 - B&amp;W International","description":"Mallette B&W Starlink \u2713extr\u00eamement robuste \u2713\u00e9tanche IP67 \u2713soupape d'\u00e9quilibrage de pression \u2713stackable \u2713avec trolley \u2794Prot\u00e9gez maintenant individuellement !","robots":{"index":"index","follow":"follow","max-snippet":"max-snippet:-1","max-image-preview":"max-image-preview:large","max-video-preview":"max-video-preview:-1"},"canonical":"https:\/\/www.b-w-international.com\/fr\/produkt\/satcom-case-pp-1570-starlink-3\/","og_locale":"fr_FR","og_type":"article","og_title":"satcom.case PP.1570. starlink 3 | Mallette de transport B&amp;W pour Starlink Enterprise, Standard V4, Gen2 et Gen3 - B&amp;W International","og_description":"Mallette B&W Starlink \u2713extr\u00eamement robuste \u2713\u00e9tanche IP67 \u2713soupape d'\u00e9quilibrage de pression \u2713stackable \u2713avec trolley \u2794Prot\u00e9gez maintenant individuellement !","og_url":"https:\/\/www.b-w-international.com\/fr\/produkt\/satcom-case-pp-1570-starlink-3\/","og_site_name":"B&amp;W International","article_modified_time":"2026-03-18T09:38:04+00:00","og_image":[{"width":1920,"height":1920,"url":"https:\/\/www.b-w-international.com\/wp-content\/uploads\/2026\/01\/7800_PP-1570_satcom-case_B_starlink-enterprise_open-inlay-side-empty_bw-international.jpg","type":"image\/jpeg"}],"twitter_card":"summary_large_image","twitter_misc":{"Dur\u00e9e de lecture estim\u00e9e":"2 minutes"},"schema":{"@context":"https:\/\/schema.org","@graph":[{"@type":"WebPage","@id":"https:\/\/www.b-w-international.com\/fr\/produkt\/satcom-case-pp-1570-starlink-3\/","url":"https:\/\/www.b-w-international.com\/fr\/produkt\/satcom-case-pp-1570-starlink-3\/","name":"satcom.case PP.1570. starlink 3 | Mallette de transport B&amp;W pour Starlink Enterprise, Standard V4, Gen2 et Gen3 - B&amp;W International","isPartOf":{"@id":"https:\/\/www.b-w-international.com\/fr\/#website"},"primaryImageOfPage":{"@id":"https:\/\/www.b-w-international.com\/fr\/produkt\/satcom-case-pp-1570-starlink-3\/#primaryimage"},"image":{"@id":"https:\/\/www.b-w-international.com\/fr\/produkt\/satcom-case-pp-1570-starlink-3\/#primaryimage"},"thumbnailUrl":"https:\/\/www.b-w-international.com\/wp-content\/uploads\/2026\/01\/7800_PP-1570_satcom-case_B_starlink-enterprise_open-inlay-side-empty_bw-international.jpg","datePublished":"2025-05-05T07:55:08+00:00","dateModified":"2026-03-18T09:38:04+00:00","description":"Mallette B&W Starlink \u2713extr\u00eamement robuste \u2713\u00e9tanche IP67 \u2713soupape d'\u00e9quilibrage de pression \u2713stackable \u2713avec trolley \u2794Prot\u00e9gez maintenant individuellement !","breadcrumb":{"@id":"https:\/\/www.b-w-international.com\/fr\/produkt\/satcom-case-pp-1570-starlink-3\/#breadcrumb"},"inLanguage":"fr-FR","potentialAction":[{"@type":"ReadAction","target":["https:\/\/www.b-w-international.com\/fr\/produkt\/satcom-case-pp-1570-starlink-3\/"]}]},{"@type":"ImageObject","inLanguage":"fr-FR","@id":"https:\/\/www.b-w-international.com\/fr\/produkt\/satcom-case-pp-1570-starlink-3\/#primaryimage","url":"https:\/\/www.b-w-international.com\/wp-content\/uploads\/2026\/01\/7800_PP-1570_satcom-case_B_starlink-enterprise_open-inlay-side-empty_bw-international.jpg","contentUrl":"https:\/\/www.b-w-international.com\/wp-content\/uploads\/2026\/01\/7800_PP-1570_satcom-case_B_starlink-enterprise_open-inlay-side-empty_bw-international.jpg","width":1920,"height":1920,"caption":"Enterprise"},{"@type":"BreadcrumbList","@id":"https:\/\/www.b-w-international.com\/fr\/produkt\/satcom-case-pp-1570-starlink-3\/#breadcrumb","itemListElement":[{"@type":"ListItem","position":1,"name":"Home","item":"https:\/\/www.b-w-international.com\/fr\/"},{"@type":"ListItem","position":2,"name":"Produits","item":"https:\/\/www.b-w-international.com\/fr\/boutique\/"},{"@type":"ListItem","position":3,"name":"Mallette Starlink","item":"https:\/\/www.b-w-international.com\/fr\/produkte\/mallette-starlink\/"},{"@type":"ListItem","position":4,"name":"satcom.case PP.1570. starlink 3 | Mallette de transport B&amp;W pour Starlink Enterprise, Standard V4, Gen2 et Gen3"}]},{"@type":"WebSite","@id":"https:\/\/www.b-w-international.com\/fr\/#website","url":"https:\/\/www.b-w-international.com\/fr\/","name":"B&W International","description":"","publisher":{"@id":"https:\/\/www.b-w-international.com\/fr\/#organization"},"potentialAction":[{"@type":"SearchAction","target":{"@type":"EntryPoint","urlTemplate":"https:\/\/www.b-w-international.com\/fr\/?s={search_term_string}"},"query-input":{"@type":"PropertyValueSpecification","valueRequired":true,"valueName":"search_term_string"}}],"inLanguage":"fr-FR"},{"@type":"Organization","@id":"https:\/\/www.b-w-international.com\/fr\/#organization","name":"B&W International","url":"https:\/\/www.b-w-international.com\/fr\/","logo":{"@type":"ImageObject","inLanguage":"fr-FR","@id":"https:\/\/www.b-w-international.com\/fr\/#\/schema\/logo\/image\/","url":"https:\/\/www.b-w-international.com\/wp-content\/uploads\/2024\/12\/16dbfc312f1eb060e7d95735c00f9ec6.png","contentUrl":"https:\/\/www.b-w-international.com\/wp-content\/uploads\/2024\/12\/16dbfc312f1eb060e7d95735c00f9ec6.png","width":219,"height":82,"caption":"B&W International"},"image":{"@id":"https:\/\/www.b-w-international.com\/fr\/#\/schema\/logo\/image\/"}}]}},"_links":{"self":[{"href":"https:\/\/www.b-w-international.com\/fr\/wp-json\/wp\/v2\/product\/15215","targetHints":{"allow":["GET"]}}],"collection":[{"href":"https:\/\/www.b-w-international.com\/fr\/wp-json\/wp\/v2\/product"}],"about":[{"href":"https:\/\/www.b-w-international.com\/fr\/wp-json\/wp\/v2\/types\/product"}],"wp:featuredmedia":[{"embeddable":true,"href":"https:\/\/www.b-w-international.com\/fr\/wp-json\/wp\/v2\/media\/23893"}],"wp:attachment":[{"href":"https:\/\/www.b-w-international.com\/fr\/wp-json\/wp\/v2\/media?parent=15215"}],"wp:term":[{"taxonomy":"product_brand","embeddable":true,"href":"https:\/\/www.b-w-international.com\/fr\/wp-json\/wp\/v2\/product_brand?post=15215"},{"taxonomy":"product_cat","embeddable":true,"href":"https:\/\/www.b-w-international.com\/fr\/wp-json\/wp\/v2\/product_cat?post=15215"},{"taxonomy":"product_tag","embeddable":true,"href":"https:\/\/www.b-w-international.com\/fr\/wp-json\/wp\/v2\/product_tag?post=15215"}],"curies":[{"name":"wp","href":"https:\/\/api.w.org\/{rel}","templated":true}]}}