{"id":15224,"date":"2025-05-05T09:55:08","date_gmt":"2025-05-05T07:55:08","guid":{"rendered":"https:\/\/www.b-w-international.com\/produkt\/satcom-case-pp-162-starlink-mini-bw-mallette-de-transport-pour-lappareil-starlink-mini\/"},"modified":"2025-07-08T11:50:02","modified_gmt":"2025-07-08T09:50:02","slug":"satcom-case-pp-162-starlink-mini","status":"publish","type":"product","link":"https:\/\/www.b-w-international.com\/fr\/produkt\/satcom-case-pp-162-starlink-mini\/","title":{"rendered":"satcom.case PP.162 starlink Mini | B&amp;W Mallette de transport pour l&rsquo;appareil Starlink Mini"},"content":{"rendered":"<div>\n<ul>\n<li>La mallette de transport sp\u00e9cialement con\u00e7ue pour le syst\u00e8me Starlink Mini offre une protection et une stabilit\u00e9 incomparables, m\u00eame dans des conditions extr\u00eames.<\/li>\n<li>Des mat\u00e9riaux r\u00e9sistants et<br \/>\ndes mousses sur mesure assurent une protection optimale de votre appareil Starlink.<\/li>\n<li>facile \u00e0 transporter gr\u00e2ce aux poign\u00e9es<\/li>\n<li>Le dispositif starlink illustr\u00e9 n&rsquo;est pas inclus.<\/li>\n<\/ul>\n<\/div>\n<div style=\"display:flex; gap:10px;justify-content:center\" class=\"wps-pgfw-pdf-generate-icon__wrapper-frontend\">\n\t\t<a  href=\"https:\/\/www.b-w-international.com\/fr\/wp-json\/wp\/v2\/product\/15224\/?action=genpdf&amp;id=15224\" class=\"pgfw-single-pdf-download-button\" target=_blank><img src=\"https:\/\/www.b-w-international.com\/wp-content\/uploads\/2025\/03\/icon-download.svg\" title=\"G\u00e9n\u00e9rer un PDF\" style=\"width:auto; height:45px;\"><\/a>\n\t\t<\/div>","protected":false},"excerpt":{"rendered":"<p>La mallette de transport sp\u00e9cialement con\u00e7ue pour le syst\u00e8me Starlink Mini offre une protection et une stabilit\u00e9 incomparables, m\u00eame dans des conditions extr\u00eames. Des mat\u00e9riaux r\u00e9sistants et des mousses sur mesure assurent une protection optimale de votre appareil Starlink. facile \u00e0 transporter gr\u00e2ce aux poign\u00e9es Le dispositif starlink illustr\u00e9 n&rsquo;est pas inclus.<\/p>\n","protected":false},"featured_media":14953,"template":"","meta":{"_acf_changed":false},"product_brand":[],"product_cat":[199],"product_tag":[],"class_list":{"0":"post-15224","1":"product","2":"type-product","3":"status-publish","4":"has-post-thumbnail","6":"product_features-2-oeillets-pour-cadenas","7":"product_features-empilable","8":"product_features-extremement-robuste","9":"product_features-garantie-de-2-ans","10":"product_features-poignee-de-transport-caoutchoutee","11":"product_features-resistant-a-la-temperature","12":"product_cat-mallette-starlink","13":"pa_farbe-bronze-vert","14":"pa_farbe-noir","16":"first","17":"instock","18":"product-type-variable"},"acf":[],"yoast_head":"<title>satcom.case PP.162 starlink Mini | B&amp;W Mallette de transport pour l&#039;appareil Starlink Mini - B&amp;W International<\/title>\n<meta name=\"robots\" content=\"index, follow, max-snippet:-1, max-image-preview:large, max-video-preview:-1\" \/>\n<link rel=\"canonical\" href=\"https:\/\/www.b-w-international.com\/fr\/produkt\/satcom-case-pp-162-starlink-mini\/\" \/>\n<meta property=\"og:locale\" content=\"fr_FR\" \/>\n<meta property=\"og:type\" content=\"article\" \/>\n<meta property=\"og:title\" content=\"satcom.case PP.162 starlink Mini | B&amp;W Mallette de transport pour l&#039;appareil Starlink Mini - B&amp;W International\" \/>\n<meta property=\"og:description\" content=\"La mallette de transport sp\u00e9cialement con\u00e7ue pour le syst\u00e8me Starlink Mini offre une protection et une stabilit\u00e9 incomparables, m\u00eame dans des conditions extr\u00eames. Des mat\u00e9riaux r\u00e9sistants et des mousses sur mesure assurent une protection optimale de votre appareil Starlink. facile \u00e0 transporter gr\u00e2ce aux poign\u00e9es Le dispositif starlink illustr\u00e9 n&rsquo;est pas inclus.\" \/>\n<meta property=\"og:url\" content=\"https:\/\/www.b-w-international.com\/fr\/produkt\/satcom-case-pp-162-starlink-mini\/\" \/>\n<meta property=\"og:site_name\" content=\"B&amp;W International\" \/>\n<meta property=\"article:modified_time\" content=\"2025-07-08T09:50:02+00:00\" \/>\n<meta property=\"og:image\" content=\"https:\/\/www.b-w-international.com\/wp-content\/uploads\/2025\/05\/5040_PP-162_satcom-case_BG_starlink-mini_open-inlay-side-empty_bw-international.jpg\" \/>\n\t<meta property=\"og:image:width\" content=\"1920\" \/>\n\t<meta property=\"og:image:height\" content=\"1920\" \/>\n\t<meta property=\"og:image:type\" content=\"image\/jpeg\" \/>\n<meta name=\"twitter:card\" content=\"summary_large_image\" \/>\n<meta name=\"twitter:label1\" content=\"Dur\u00e9e de lecture estim\u00e9e\" \/>\n\t<meta name=\"twitter:data1\" content=\"1 minute\" \/>\n<script type=\"application\/ld+json\" class=\"yoast-schema-graph\">{\"@context\":\"https:\/\/schema.org\",\"@graph\":[{\"@type\":\"WebPage\",\"@id\":\"https:\/\/www.b-w-international.com\/fr\/produkt\/satcom-case-pp-162-starlink-mini\/\",\"url\":\"https:\/\/www.b-w-international.com\/fr\/produkt\/satcom-case-pp-162-starlink-mini\/\",\"name\":\"satcom.case PP.162 starlink Mini | B&amp;W Mallette de transport pour l'appareil Starlink Mini - B&amp;W International\",\"isPartOf\":{\"@id\":\"https:\/\/www.b-w-international.com\/fr\/#website\"},\"primaryImageOfPage\":{\"@id\":\"https:\/\/www.b-w-international.com\/fr\/produkt\/satcom-case-pp-162-starlink-mini\/#primaryimage\"},\"image\":{\"@id\":\"https:\/\/www.b-w-international.com\/fr\/produkt\/satcom-case-pp-162-starlink-mini\/#primaryimage\"},\"thumbnailUrl\":\"https:\/\/www.b-w-international.com\/wp-content\/uploads\/2025\/05\/5040_PP-162_satcom-case_BG_starlink-mini_open-inlay-side-empty_bw-international.jpg\",\"datePublished\":\"2025-05-05T07:55:08+00:00\",\"dateModified\":\"2025-07-08T09:50:02+00:00\",\"breadcrumb\":{\"@id\":\"https:\/\/www.b-w-international.com\/fr\/produkt\/satcom-case-pp-162-starlink-mini\/#breadcrumb\"},\"inLanguage\":\"fr-FR\",\"potentialAction\":[{\"@type\":\"ReadAction\",\"target\":[\"https:\/\/www.b-w-international.com\/fr\/produkt\/satcom-case-pp-162-starlink-mini\/\"]}]},{\"@type\":\"ImageObject\",\"inLanguage\":\"fr-FR\",\"@id\":\"https:\/\/www.b-w-international.com\/fr\/produkt\/satcom-case-pp-162-starlink-mini\/#primaryimage\",\"url\":\"https:\/\/www.b-w-international.com\/wp-content\/uploads\/2025\/05\/5040_PP-162_satcom-case_BG_starlink-mini_open-inlay-side-empty_bw-international.jpg\",\"contentUrl\":\"https:\/\/www.b-w-international.com\/wp-content\/uploads\/2025\/05\/5040_PP-162_satcom-case_BG_starlink-mini_open-inlay-side-empty_bw-international.jpg\",\"width\":1920,\"height\":1920,\"caption\":\"Innenansicht eines B&W International Transportkoffers f\u00fcr Starlink-Equipment mit sauber verstauten Kabeln und Komponenten, sicherer Schutz f\u00fcr mobile Satellitenkommunikation.\"},{\"@type\":\"BreadcrumbList\",\"@id\":\"https:\/\/www.b-w-international.com\/fr\/produkt\/satcom-case-pp-162-starlink-mini\/#breadcrumb\",\"itemListElement\":[{\"@type\":\"ListItem\",\"position\":1,\"name\":\"Home\",\"item\":\"https:\/\/www.b-w-international.com\/fr\/\"},{\"@type\":\"ListItem\",\"position\":2,\"name\":\"Produits\",\"item\":\"https:\/\/www.b-w-international.com\/fr\/boutique\/\"},{\"@type\":\"ListItem\",\"position\":3,\"name\":\"Mallette Starlink\",\"item\":\"https:\/\/www.b-w-international.com\/fr\/produkte\/mallette-starlink\/\"},{\"@type\":\"ListItem\",\"position\":4,\"name\":\"satcom.case PP.162 starlink Mini | B&amp;W Mallette de transport pour l&rsquo;appareil Starlink Mini\"}]},{\"@type\":\"WebSite\",\"@id\":\"https:\/\/www.b-w-international.com\/fr\/#website\",\"url\":\"https:\/\/www.b-w-international.com\/fr\/\",\"name\":\"B&W International\",\"description\":\"\",\"publisher\":{\"@id\":\"https:\/\/www.b-w-international.com\/fr\/#organization\"},\"potentialAction\":[{\"@type\":\"SearchAction\",\"target\":{\"@type\":\"EntryPoint\",\"urlTemplate\":\"https:\/\/www.b-w-international.com\/fr\/?s={search_term_string}\"},\"query-input\":{\"@type\":\"PropertyValueSpecification\",\"valueRequired\":true,\"valueName\":\"search_term_string\"}}],\"inLanguage\":\"fr-FR\"},{\"@type\":\"Organization\",\"@id\":\"https:\/\/www.b-w-international.com\/fr\/#organization\",\"name\":\"B&W International\",\"url\":\"https:\/\/www.b-w-international.com\/fr\/\",\"logo\":{\"@type\":\"ImageObject\",\"inLanguage\":\"fr-FR\",\"@id\":\"https:\/\/www.b-w-international.com\/fr\/#\/schema\/logo\/image\/\",\"url\":\"https:\/\/www.b-w-international.com\/wp-content\/uploads\/2024\/12\/16dbfc312f1eb060e7d95735c00f9ec6.png\",\"contentUrl\":\"https:\/\/www.b-w-international.com\/wp-content\/uploads\/2024\/12\/16dbfc312f1eb060e7d95735c00f9ec6.png\",\"width\":219,\"height\":82,\"caption\":\"B&W International\"},\"image\":{\"@id\":\"https:\/\/www.b-w-international.com\/fr\/#\/schema\/logo\/image\/\"}}]}<\/script>","yoast_head_json":{"title":"satcom.case PP.162 starlink Mini | B&amp;W Mallette de transport pour l'appareil Starlink Mini - B&amp;W International","robots":{"index":"index","follow":"follow","max-snippet":"max-snippet:-1","max-image-preview":"max-image-preview:large","max-video-preview":"max-video-preview:-1"},"canonical":"https:\/\/www.b-w-international.com\/fr\/produkt\/satcom-case-pp-162-starlink-mini\/","og_locale":"fr_FR","og_type":"article","og_title":"satcom.case PP.162 starlink Mini | B&amp;W Mallette de transport pour l'appareil Starlink Mini - B&amp;W International","og_description":"La mallette de transport sp\u00e9cialement con\u00e7ue pour le syst\u00e8me Starlink Mini offre une protection et une stabilit\u00e9 incomparables, m\u00eame dans des conditions extr\u00eames. Des mat\u00e9riaux r\u00e9sistants et des mousses sur mesure assurent une protection optimale de votre appareil Starlink. facile \u00e0 transporter gr\u00e2ce aux poign\u00e9es Le dispositif starlink illustr\u00e9 n&rsquo;est pas inclus.","og_url":"https:\/\/www.b-w-international.com\/fr\/produkt\/satcom-case-pp-162-starlink-mini\/","og_site_name":"B&amp;W International","article_modified_time":"2025-07-08T09:50:02+00:00","og_image":[{"width":1920,"height":1920,"url":"https:\/\/www.b-w-international.com\/wp-content\/uploads\/2025\/05\/5040_PP-162_satcom-case_BG_starlink-mini_open-inlay-side-empty_bw-international.jpg","type":"image\/jpeg"}],"twitter_card":"summary_large_image","twitter_misc":{"Dur\u00e9e de lecture estim\u00e9e":"1 minute"},"schema":{"@context":"https:\/\/schema.org","@graph":[{"@type":"WebPage","@id":"https:\/\/www.b-w-international.com\/fr\/produkt\/satcom-case-pp-162-starlink-mini\/","url":"https:\/\/www.b-w-international.com\/fr\/produkt\/satcom-case-pp-162-starlink-mini\/","name":"satcom.case PP.162 starlink Mini | B&amp;W Mallette de transport pour l'appareil Starlink Mini - B&amp;W International","isPartOf":{"@id":"https:\/\/www.b-w-international.com\/fr\/#website"},"primaryImageOfPage":{"@id":"https:\/\/www.b-w-international.com\/fr\/produkt\/satcom-case-pp-162-starlink-mini\/#primaryimage"},"image":{"@id":"https:\/\/www.b-w-international.com\/fr\/produkt\/satcom-case-pp-162-starlink-mini\/#primaryimage"},"thumbnailUrl":"https:\/\/www.b-w-international.com\/wp-content\/uploads\/2025\/05\/5040_PP-162_satcom-case_BG_starlink-mini_open-inlay-side-empty_bw-international.jpg","datePublished":"2025-05-05T07:55:08+00:00","dateModified":"2025-07-08T09:50:02+00:00","breadcrumb":{"@id":"https:\/\/www.b-w-international.com\/fr\/produkt\/satcom-case-pp-162-starlink-mini\/#breadcrumb"},"inLanguage":"fr-FR","potentialAction":[{"@type":"ReadAction","target":["https:\/\/www.b-w-international.com\/fr\/produkt\/satcom-case-pp-162-starlink-mini\/"]}]},{"@type":"ImageObject","inLanguage":"fr-FR","@id":"https:\/\/www.b-w-international.com\/fr\/produkt\/satcom-case-pp-162-starlink-mini\/#primaryimage","url":"https:\/\/www.b-w-international.com\/wp-content\/uploads\/2025\/05\/5040_PP-162_satcom-case_BG_starlink-mini_open-inlay-side-empty_bw-international.jpg","contentUrl":"https:\/\/www.b-w-international.com\/wp-content\/uploads\/2025\/05\/5040_PP-162_satcom-case_BG_starlink-mini_open-inlay-side-empty_bw-international.jpg","width":1920,"height":1920,"caption":"Innenansicht eines B&W International Transportkoffers f\u00fcr Starlink-Equipment mit sauber verstauten Kabeln und Komponenten, sicherer Schutz f\u00fcr mobile Satellitenkommunikation."},{"@type":"BreadcrumbList","@id":"https:\/\/www.b-w-international.com\/fr\/produkt\/satcom-case-pp-162-starlink-mini\/#breadcrumb","itemListElement":[{"@type":"ListItem","position":1,"name":"Home","item":"https:\/\/www.b-w-international.com\/fr\/"},{"@type":"ListItem","position":2,"name":"Produits","item":"https:\/\/www.b-w-international.com\/fr\/boutique\/"},{"@type":"ListItem","position":3,"name":"Mallette Starlink","item":"https:\/\/www.b-w-international.com\/fr\/produkte\/mallette-starlink\/"},{"@type":"ListItem","position":4,"name":"satcom.case PP.162 starlink Mini | B&amp;W Mallette de transport pour l&rsquo;appareil Starlink Mini"}]},{"@type":"WebSite","@id":"https:\/\/www.b-w-international.com\/fr\/#website","url":"https:\/\/www.b-w-international.com\/fr\/","name":"B&W International","description":"","publisher":{"@id":"https:\/\/www.b-w-international.com\/fr\/#organization"},"potentialAction":[{"@type":"SearchAction","target":{"@type":"EntryPoint","urlTemplate":"https:\/\/www.b-w-international.com\/fr\/?s={search_term_string}"},"query-input":{"@type":"PropertyValueSpecification","valueRequired":true,"valueName":"search_term_string"}}],"inLanguage":"fr-FR"},{"@type":"Organization","@id":"https:\/\/www.b-w-international.com\/fr\/#organization","name":"B&W International","url":"https:\/\/www.b-w-international.com\/fr\/","logo":{"@type":"ImageObject","inLanguage":"fr-FR","@id":"https:\/\/www.b-w-international.com\/fr\/#\/schema\/logo\/image\/","url":"https:\/\/www.b-w-international.com\/wp-content\/uploads\/2024\/12\/16dbfc312f1eb060e7d95735c00f9ec6.png","contentUrl":"https:\/\/www.b-w-international.com\/wp-content\/uploads\/2024\/12\/16dbfc312f1eb060e7d95735c00f9ec6.png","width":219,"height":82,"caption":"B&W International"},"image":{"@id":"https:\/\/www.b-w-international.com\/fr\/#\/schema\/logo\/image\/"}}]}},"_links":{"self":[{"href":"https:\/\/www.b-w-international.com\/fr\/wp-json\/wp\/v2\/product\/15224","targetHints":{"allow":["GET"]}}],"collection":[{"href":"https:\/\/www.b-w-international.com\/fr\/wp-json\/wp\/v2\/product"}],"about":[{"href":"https:\/\/www.b-w-international.com\/fr\/wp-json\/wp\/v2\/types\/product"}],"wp:featuredmedia":[{"embeddable":true,"href":"https:\/\/www.b-w-international.com\/fr\/wp-json\/wp\/v2\/media\/14953"}],"wp:attachment":[{"href":"https:\/\/www.b-w-international.com\/fr\/wp-json\/wp\/v2\/media?parent=15224"}],"wp:term":[{"taxonomy":"product_brand","embeddable":true,"href":"https:\/\/www.b-w-international.com\/fr\/wp-json\/wp\/v2\/product_brand?post=15224"},{"taxonomy":"product_cat","embeddable":true,"href":"https:\/\/www.b-w-international.com\/fr\/wp-json\/wp\/v2\/product_cat?post=15224"},{"taxonomy":"product_tag","embeddable":true,"href":"https:\/\/www.b-w-international.com\/fr\/wp-json\/wp\/v2\/product_tag?post=15224"}],"curies":[{"name":"wp","href":"https:\/\/api.w.org\/{rel}","templated":true}]}}