{"id":15231,"date":"2025-05-05T09:55:08","date_gmt":"2025-05-05T07:55:08","guid":{"rendered":"https:\/\/www.b-w-international.com\/produkt\/satcom-bag-tex-162-starlink-mini-bw-sac-de-transport-pour-lappareil-starlink-mini\/"},"modified":"2025-07-08T11:50:16","modified_gmt":"2025-07-08T09:50:16","slug":"satcom-bag-tex-162-starlink-mini","status":"publish","type":"product","link":"https:\/\/www.b-w-international.com\/fr\/produkt\/satcom-bag-tex-162-starlink-mini\/","title":{"rendered":"satcom.bag TEX.162 starlink Mini | B&amp;W Sac de transport pour l&rsquo;appareil Starlink Mini"},"content":{"rendered":"<div>\n<ul>\n<li>Le sac de transport sp\u00e9cialement con\u00e7u pour le syst\u00e8me Starlink Mini est la solution id\u00e9ale pour les utilisateurs qui pr\u00e9f\u00e8rent un moyen de transport plus l\u00e9ger et plus flexible, sans pour autant renoncer \u00e0 la protection et au confort.<\/li>\n<li>Sac souple en polyester r\u00e9sistant \u00e0 l&rsquo;eau<\/li>\n<li>Fermeture \u00e0 glissi\u00e8re \u00e0 double sens facile \u00e0 ouvrir<\/li>\n<li>Compartimentage variable (RPD)<\/li>\n<li>Deux poches en filet<\/li>\n<li>Une poche avant<\/li>\n<li>S&rsquo;adapte \u00e0 la valise de transport B&amp;W bw.case PP.162<\/li>\n<\/ul>\n<p><strong>Le dispositif starlink illustr\u00e9 n&rsquo;est pas inclus.<\/strong><\/p>\n<\/div>\n<div style=\"display:flex; gap:10px;justify-content:center\" class=\"wps-pgfw-pdf-generate-icon__wrapper-frontend\">\n\t\t<a  href=\"https:\/\/www.b-w-international.com\/fr\/wp-json\/wp\/v2\/product\/15231\/?action=genpdf&amp;id=15231\" class=\"pgfw-single-pdf-download-button\" target=_blank><img src=\"https:\/\/www.b-w-international.com\/wp-content\/uploads\/2025\/03\/icon-download.svg\" title=\"G\u00e9n\u00e9rer un PDF\" style=\"width:auto; height:45px;\"><\/a>\n\t\t<\/div>","protected":false},"excerpt":{"rendered":"<p>Le sac de transport sp\u00e9cialement con\u00e7u pour le syst\u00e8me Starlink Mini est la solution id\u00e9ale pour les utilisateurs qui pr\u00e9f\u00e8rent un moyen de transport plus l\u00e9ger et plus flexible, sans pour autant renoncer \u00e0 la protection et au confort. Sac souple en polyester r\u00e9sistant \u00e0 l&rsquo;eau Fermeture \u00e0 glissi\u00e8re \u00e0 double sens facile \u00e0 ouvrir [&hellip;]<\/p>\n","protected":false},"featured_media":14965,"template":"","meta":{"_acf_changed":false},"product_brand":[],"product_cat":[199],"product_tag":[],"class_list":{"0":"post-15231","1":"product","2":"type-product","3":"status-publish","4":"has-post-thumbnail","6":"product_features-garantie-de-2-ans","7":"product_cat-mallette-starlink","8":"pa_farbe-anthracite-fr","10":"first","11":"instock","12":"product-type-simple"},"acf":[],"yoast_head":"<title>satcom.bag TEX.162 starlink Mini | B&amp;W Sac de transport pour l&#039;appareil Starlink Mini - B&amp;W International<\/title>\n<meta name=\"robots\" content=\"index, follow, max-snippet:-1, max-image-preview:large, max-video-preview:-1\" \/>\n<link rel=\"canonical\" href=\"https:\/\/www.b-w-international.com\/fr\/produkt\/satcom-bag-tex-162-starlink-mini\/\" \/>\n<meta property=\"og:locale\" content=\"fr_FR\" \/>\n<meta property=\"og:type\" content=\"article\" \/>\n<meta property=\"og:title\" content=\"satcom.bag TEX.162 starlink Mini | B&amp;W Sac de transport pour l&#039;appareil Starlink Mini - B&amp;W International\" \/>\n<meta property=\"og:description\" content=\"Le sac de transport sp\u00e9cialement con\u00e7u pour le syst\u00e8me Starlink Mini est la solution id\u00e9ale pour les utilisateurs qui pr\u00e9f\u00e8rent un moyen de transport plus l\u00e9ger et plus flexible, sans pour autant renoncer \u00e0 la protection et au confort. Sac souple en polyester r\u00e9sistant \u00e0 l&rsquo;eau Fermeture \u00e0 glissi\u00e8re \u00e0 double sens facile \u00e0 ouvrir [&hellip;]\" \/>\n<meta property=\"og:url\" content=\"https:\/\/www.b-w-international.com\/fr\/produkt\/satcom-bag-tex-162-starlink-mini\/\" \/>\n<meta property=\"og:site_name\" content=\"B&amp;W International\" \/>\n<meta property=\"article:modified_time\" content=\"2025-07-08T09:50:16+00:00\" \/>\n<meta property=\"og:image\" content=\"https:\/\/www.b-w-international.com\/wp-content\/uploads\/2025\/05\/5040_tex-162_satcom-bag_starlink-mini_open-empty_bw-international.jpg\" \/>\n\t<meta property=\"og:image:width\" content=\"1920\" \/>\n\t<meta property=\"og:image:height\" content=\"1920\" \/>\n\t<meta property=\"og:image:type\" content=\"image\/jpeg\" \/>\n<meta name=\"twitter:card\" content=\"summary_large_image\" \/>\n<meta name=\"twitter:label1\" content=\"Dur\u00e9e de lecture estim\u00e9e\" \/>\n\t<meta name=\"twitter:data1\" content=\"1 minute\" \/>\n<script type=\"application\/ld+json\" class=\"yoast-schema-graph\">{\"@context\":\"https:\/\/schema.org\",\"@graph\":[{\"@type\":\"WebPage\",\"@id\":\"https:\/\/www.b-w-international.com\/fr\/produkt\/satcom-bag-tex-162-starlink-mini\/\",\"url\":\"https:\/\/www.b-w-international.com\/fr\/produkt\/satcom-bag-tex-162-starlink-mini\/\",\"name\":\"satcom.bag TEX.162 starlink Mini | B&amp;W Sac de transport pour l'appareil Starlink Mini - B&amp;W International\",\"isPartOf\":{\"@id\":\"https:\/\/www.b-w-international.com\/fr\/#website\"},\"primaryImageOfPage\":{\"@id\":\"https:\/\/www.b-w-international.com\/fr\/produkt\/satcom-bag-tex-162-starlink-mini\/#primaryimage\"},\"image\":{\"@id\":\"https:\/\/www.b-w-international.com\/fr\/produkt\/satcom-bag-tex-162-starlink-mini\/#primaryimage\"},\"thumbnailUrl\":\"https:\/\/www.b-w-international.com\/wp-content\/uploads\/2025\/05\/5040_tex-162_satcom-bag_starlink-mini_open-empty_bw-international.jpg\",\"datePublished\":\"2025-05-05T07:55:08+00:00\",\"dateModified\":\"2025-07-08T09:50:16+00:00\",\"breadcrumb\":{\"@id\":\"https:\/\/www.b-w-international.com\/fr\/produkt\/satcom-bag-tex-162-starlink-mini\/#breadcrumb\"},\"inLanguage\":\"fr-FR\",\"potentialAction\":[{\"@type\":\"ReadAction\",\"target\":[\"https:\/\/www.b-w-international.com\/fr\/produkt\/satcom-bag-tex-162-starlink-mini\/\"]}]},{\"@type\":\"ImageObject\",\"inLanguage\":\"fr-FR\",\"@id\":\"https:\/\/www.b-w-international.com\/fr\/produkt\/satcom-bag-tex-162-starlink-mini\/#primaryimage\",\"url\":\"https:\/\/www.b-w-international.com\/wp-content\/uploads\/2025\/05\/5040_tex-162_satcom-bag_starlink-mini_open-empty_bw-international.jpg\",\"contentUrl\":\"https:\/\/www.b-w-international.com\/wp-content\/uploads\/2025\/05\/5040_tex-162_satcom-bag_starlink-mini_open-empty_bw-international.jpg\",\"width\":1920,\"height\":1920,\"caption\":\"Ge\u00f6ffnete, leere B&W International TEX 162 f\u00fcr Starlink Mini in grauer Ausf\u00fchrung, leichte und robuste Transporttasche f\u00fcr mobile Satellitenkommunikation.\"},{\"@type\":\"BreadcrumbList\",\"@id\":\"https:\/\/www.b-w-international.com\/fr\/produkt\/satcom-bag-tex-162-starlink-mini\/#breadcrumb\",\"itemListElement\":[{\"@type\":\"ListItem\",\"position\":1,\"name\":\"Home\",\"item\":\"https:\/\/www.b-w-international.com\/fr\/\"},{\"@type\":\"ListItem\",\"position\":2,\"name\":\"Produits\",\"item\":\"https:\/\/www.b-w-international.com\/fr\/boutique\/\"},{\"@type\":\"ListItem\",\"position\":3,\"name\":\"Mallette Starlink\",\"item\":\"https:\/\/www.b-w-international.com\/fr\/produkte\/mallette-starlink\/\"},{\"@type\":\"ListItem\",\"position\":4,\"name\":\"satcom.bag TEX.162 starlink Mini | B&amp;W Sac de transport pour l&rsquo;appareil Starlink Mini\"}]},{\"@type\":\"WebSite\",\"@id\":\"https:\/\/www.b-w-international.com\/fr\/#website\",\"url\":\"https:\/\/www.b-w-international.com\/fr\/\",\"name\":\"B&W International\",\"description\":\"\",\"publisher\":{\"@id\":\"https:\/\/www.b-w-international.com\/fr\/#organization\"},\"potentialAction\":[{\"@type\":\"SearchAction\",\"target\":{\"@type\":\"EntryPoint\",\"urlTemplate\":\"https:\/\/www.b-w-international.com\/fr\/?s={search_term_string}\"},\"query-input\":{\"@type\":\"PropertyValueSpecification\",\"valueRequired\":true,\"valueName\":\"search_term_string\"}}],\"inLanguage\":\"fr-FR\"},{\"@type\":\"Organization\",\"@id\":\"https:\/\/www.b-w-international.com\/fr\/#organization\",\"name\":\"B&W International\",\"url\":\"https:\/\/www.b-w-international.com\/fr\/\",\"logo\":{\"@type\":\"ImageObject\",\"inLanguage\":\"fr-FR\",\"@id\":\"https:\/\/www.b-w-international.com\/fr\/#\/schema\/logo\/image\/\",\"url\":\"https:\/\/www.b-w-international.com\/wp-content\/uploads\/2024\/12\/16dbfc312f1eb060e7d95735c00f9ec6.png\",\"contentUrl\":\"https:\/\/www.b-w-international.com\/wp-content\/uploads\/2024\/12\/16dbfc312f1eb060e7d95735c00f9ec6.png\",\"width\":219,\"height\":82,\"caption\":\"B&W International\"},\"image\":{\"@id\":\"https:\/\/www.b-w-international.com\/fr\/#\/schema\/logo\/image\/\"}}]}<\/script>","yoast_head_json":{"title":"satcom.bag TEX.162 starlink Mini | B&amp;W Sac de transport pour l'appareil Starlink Mini - B&amp;W International","robots":{"index":"index","follow":"follow","max-snippet":"max-snippet:-1","max-image-preview":"max-image-preview:large","max-video-preview":"max-video-preview:-1"},"canonical":"https:\/\/www.b-w-international.com\/fr\/produkt\/satcom-bag-tex-162-starlink-mini\/","og_locale":"fr_FR","og_type":"article","og_title":"satcom.bag TEX.162 starlink Mini | B&amp;W Sac de transport pour l'appareil Starlink Mini - B&amp;W International","og_description":"Le sac de transport sp\u00e9cialement con\u00e7u pour le syst\u00e8me Starlink Mini est la solution id\u00e9ale pour les utilisateurs qui pr\u00e9f\u00e8rent un moyen de transport plus l\u00e9ger et plus flexible, sans pour autant renoncer \u00e0 la protection et au confort. Sac souple en polyester r\u00e9sistant \u00e0 l&rsquo;eau Fermeture \u00e0 glissi\u00e8re \u00e0 double sens facile \u00e0 ouvrir [&hellip;]","og_url":"https:\/\/www.b-w-international.com\/fr\/produkt\/satcom-bag-tex-162-starlink-mini\/","og_site_name":"B&amp;W International","article_modified_time":"2025-07-08T09:50:16+00:00","og_image":[{"width":1920,"height":1920,"url":"https:\/\/www.b-w-international.com\/wp-content\/uploads\/2025\/05\/5040_tex-162_satcom-bag_starlink-mini_open-empty_bw-international.jpg","type":"image\/jpeg"}],"twitter_card":"summary_large_image","twitter_misc":{"Dur\u00e9e de lecture estim\u00e9e":"1 minute"},"schema":{"@context":"https:\/\/schema.org","@graph":[{"@type":"WebPage","@id":"https:\/\/www.b-w-international.com\/fr\/produkt\/satcom-bag-tex-162-starlink-mini\/","url":"https:\/\/www.b-w-international.com\/fr\/produkt\/satcom-bag-tex-162-starlink-mini\/","name":"satcom.bag TEX.162 starlink Mini | B&amp;W Sac de transport pour l'appareil Starlink Mini - B&amp;W International","isPartOf":{"@id":"https:\/\/www.b-w-international.com\/fr\/#website"},"primaryImageOfPage":{"@id":"https:\/\/www.b-w-international.com\/fr\/produkt\/satcom-bag-tex-162-starlink-mini\/#primaryimage"},"image":{"@id":"https:\/\/www.b-w-international.com\/fr\/produkt\/satcom-bag-tex-162-starlink-mini\/#primaryimage"},"thumbnailUrl":"https:\/\/www.b-w-international.com\/wp-content\/uploads\/2025\/05\/5040_tex-162_satcom-bag_starlink-mini_open-empty_bw-international.jpg","datePublished":"2025-05-05T07:55:08+00:00","dateModified":"2025-07-08T09:50:16+00:00","breadcrumb":{"@id":"https:\/\/www.b-w-international.com\/fr\/produkt\/satcom-bag-tex-162-starlink-mini\/#breadcrumb"},"inLanguage":"fr-FR","potentialAction":[{"@type":"ReadAction","target":["https:\/\/www.b-w-international.com\/fr\/produkt\/satcom-bag-tex-162-starlink-mini\/"]}]},{"@type":"ImageObject","inLanguage":"fr-FR","@id":"https:\/\/www.b-w-international.com\/fr\/produkt\/satcom-bag-tex-162-starlink-mini\/#primaryimage","url":"https:\/\/www.b-w-international.com\/wp-content\/uploads\/2025\/05\/5040_tex-162_satcom-bag_starlink-mini_open-empty_bw-international.jpg","contentUrl":"https:\/\/www.b-w-international.com\/wp-content\/uploads\/2025\/05\/5040_tex-162_satcom-bag_starlink-mini_open-empty_bw-international.jpg","width":1920,"height":1920,"caption":"Ge\u00f6ffnete, leere B&W International TEX 162 f\u00fcr Starlink Mini in grauer Ausf\u00fchrung, leichte und robuste Transporttasche f\u00fcr mobile Satellitenkommunikation."},{"@type":"BreadcrumbList","@id":"https:\/\/www.b-w-international.com\/fr\/produkt\/satcom-bag-tex-162-starlink-mini\/#breadcrumb","itemListElement":[{"@type":"ListItem","position":1,"name":"Home","item":"https:\/\/www.b-w-international.com\/fr\/"},{"@type":"ListItem","position":2,"name":"Produits","item":"https:\/\/www.b-w-international.com\/fr\/boutique\/"},{"@type":"ListItem","position":3,"name":"Mallette Starlink","item":"https:\/\/www.b-w-international.com\/fr\/produkte\/mallette-starlink\/"},{"@type":"ListItem","position":4,"name":"satcom.bag TEX.162 starlink Mini | B&amp;W Sac de transport pour l&rsquo;appareil Starlink Mini"}]},{"@type":"WebSite","@id":"https:\/\/www.b-w-international.com\/fr\/#website","url":"https:\/\/www.b-w-international.com\/fr\/","name":"B&W International","description":"","publisher":{"@id":"https:\/\/www.b-w-international.com\/fr\/#organization"},"potentialAction":[{"@type":"SearchAction","target":{"@type":"EntryPoint","urlTemplate":"https:\/\/www.b-w-international.com\/fr\/?s={search_term_string}"},"query-input":{"@type":"PropertyValueSpecification","valueRequired":true,"valueName":"search_term_string"}}],"inLanguage":"fr-FR"},{"@type":"Organization","@id":"https:\/\/www.b-w-international.com\/fr\/#organization","name":"B&W International","url":"https:\/\/www.b-w-international.com\/fr\/","logo":{"@type":"ImageObject","inLanguage":"fr-FR","@id":"https:\/\/www.b-w-international.com\/fr\/#\/schema\/logo\/image\/","url":"https:\/\/www.b-w-international.com\/wp-content\/uploads\/2024\/12\/16dbfc312f1eb060e7d95735c00f9ec6.png","contentUrl":"https:\/\/www.b-w-international.com\/wp-content\/uploads\/2024\/12\/16dbfc312f1eb060e7d95735c00f9ec6.png","width":219,"height":82,"caption":"B&W International"},"image":{"@id":"https:\/\/www.b-w-international.com\/fr\/#\/schema\/logo\/image\/"}}]}},"_links":{"self":[{"href":"https:\/\/www.b-w-international.com\/fr\/wp-json\/wp\/v2\/product\/15231","targetHints":{"allow":["GET"]}}],"collection":[{"href":"https:\/\/www.b-w-international.com\/fr\/wp-json\/wp\/v2\/product"}],"about":[{"href":"https:\/\/www.b-w-international.com\/fr\/wp-json\/wp\/v2\/types\/product"}],"wp:featuredmedia":[{"embeddable":true,"href":"https:\/\/www.b-w-international.com\/fr\/wp-json\/wp\/v2\/media\/14965"}],"wp:attachment":[{"href":"https:\/\/www.b-w-international.com\/fr\/wp-json\/wp\/v2\/media?parent=15231"}],"wp:term":[{"taxonomy":"product_brand","embeddable":true,"href":"https:\/\/www.b-w-international.com\/fr\/wp-json\/wp\/v2\/product_brand?post=15231"},{"taxonomy":"product_cat","embeddable":true,"href":"https:\/\/www.b-w-international.com\/fr\/wp-json\/wp\/v2\/product_cat?post=15231"},{"taxonomy":"product_tag","embeddable":true,"href":"https:\/\/www.b-w-international.com\/fr\/wp-json\/wp\/v2\/product_tag?post=15231"}],"curies":[{"name":"wp","href":"https:\/\/api.w.org\/{rel}","templated":true}]}}