{"id":15297,"date":"2025-05-05T09:54:49","date_gmt":"2025-05-05T07:54:49","guid":{"rendered":"https:\/\/www.b-w-international.com\/produkt\/tool-case-pp-117-jet-3000\/"},"modified":"2026-01-21T13:34:23","modified_gmt":"2026-01-21T12:34:23","slug":"tool-case-pp-117-jet-3000","status":"publish","type":"product","link":"https:\/\/www.b-w-international.com\/fr\/produkt\/tool-case-pp-117-jet-3000\/","title":{"rendered":"tool.case PP.117 | JET 3000"},"content":{"rendered":"<div>\n<ul>\n<li>Bo\u00eete \u00e0 outils extr\u00eamement robuste : bo\u00eetier en polypropyl\u00e8ne (PP)<\/li>\n<li>Apte au vol : valve de compensation automatique de la pression d&rsquo;air<\/li>\n<li>Mod\u00e8le de produit : 32 boucles d&rsquo;outils<\/li>\n<li>Empilable<\/li>\n<li>Prot\u00e9g\u00e9 des projections d&rsquo;eau<\/li>\n<li>Stable en temp\u00e9rature de -30 \u00b0C \u00e0 +80 \u00b0C<\/li>\n<li>Poign\u00e9e de transport caoutchout\u00e9e<\/li>\n<li>2 \u0153illets pour cadenas<\/li>\n<li>Coque de fond avec syst\u00e8me d&rsquo;entretoise en aluminium<\/li>\n<li>Avec identification de la propri\u00e9t\u00e9<\/li>\n<li>Garantie de 2 ans<\/li>\n<\/ul>\n<\/div>\n<div style=\"display:flex; gap:10px;justify-content:center\" class=\"wps-pgfw-pdf-generate-icon__wrapper-frontend\">\n\t\t<a  href=\"https:\/\/www.b-w-international.com\/fr\/wp-json\/wp\/v2\/product\/15297\/?action=genpdf&amp;id=15297\" class=\"pgfw-single-pdf-download-button\" target=_blank><img src=\"https:\/\/www.b-w-international.com\/wp-content\/uploads\/2025\/03\/icon-download.svg\" title=\"G\u00e9n\u00e9rer un PDF\" style=\"width:auto; height:45px;\"><\/a>\n\t\t<\/div>","protected":false},"excerpt":{"rendered":"<p>Bo\u00eete \u00e0 outils extr\u00eamement robuste : bo\u00eetier en polypropyl\u00e8ne (PP) Apte au vol : valve de compensation automatique de la pression d&rsquo;air Mod\u00e8le de produit : 32 boucles d&rsquo;outils Empilable Prot\u00e9g\u00e9 des projections d&rsquo;eau Stable en temp\u00e9rature de -30 \u00b0C \u00e0 +80 \u00b0C Poign\u00e9e de transport caoutchout\u00e9e 2 \u0153illets pour cadenas Coque de fond avec [&hellip;]<\/p>\n","protected":false},"featured_media":13741,"template":"","meta":{"_acf_changed":false},"product_brand":[],"product_cat":[211,414],"product_tag":[],"class_list":{"0":"post-15297","1":"product","2":"type-product","3":"status-publish","4":"has-post-thumbnail","6":"product_features-2-oeillets-pour-cadenas","7":"product_features-aptitude-au-vol","8":"product_features-empilable","9":"product_features-extremement-robuste","10":"product_features-garantie-de-2-ans","11":"product_features-poignee-de-transport-caoutchoutee","12":"product_features-resistant-a-la-temperature","13":"product_cat-boite-a-outils","14":"product_cat-valises-et-sacs-a-outils","15":"pa_farbe-noir","17":"first","18":"instock","19":"product-type-simple"},"acf":[],"yoast_head":"<title>tool.case PP.117 |Coffret \u00e0 outils B&amp;W JET 3000<\/title>\n<meta name=\"description\" content=\"Mallette \u00e0 outils B&amp;W PP.117 JET 3000 \u2713Polypropyl\u00e8ne \u2713Protection contre la poussi\u00e8re et les projections d&#039;eau \u2713Poign\u00e9e ergonomique \u2794Transporter maintenant de mani\u00e8re robuste !\" \/>\n<meta name=\"robots\" content=\"index, follow, max-snippet:-1, max-image-preview:large, max-video-preview:-1\" \/>\n<link rel=\"canonical\" href=\"https:\/\/www.b-w-international.com\/fr\/produkt\/tool-case-pp-117-jet-3000\/\" \/>\n<meta property=\"og:locale\" content=\"fr_FR\" \/>\n<meta property=\"og:type\" content=\"article\" \/>\n<meta property=\"og:title\" content=\"tool.case PP.117 |Coffret \u00e0 outils B&amp;W JET 3000\" \/>\n<meta property=\"og:description\" content=\"Mallette \u00e0 outils B&amp;W PP.117 JET 3000 \u2713Polypropyl\u00e8ne \u2713Protection contre la poussi\u00e8re et les projections d&#039;eau \u2713Poign\u00e9e ergonomique \u2794Transporter maintenant de mani\u00e8re robuste !\" \/>\n<meta property=\"og:url\" content=\"https:\/\/www.b-w-international.com\/fr\/produkt\/tool-case-pp-117-jet-3000\/\" \/>\n<meta property=\"og:site_name\" content=\"B&amp;W International\" \/>\n<meta property=\"article:modified_time\" content=\"2026-01-21T12:34:23+00:00\" \/>\n<meta property=\"og:image\" content=\"https:\/\/www.b-w-international.com\/wp-content\/uploads\/2025\/05\/tool-case_PP-117_Jet-3000_L_open-empty-side_bw-international.jpg\" \/>\n\t<meta property=\"og:image:width\" content=\"1920\" \/>\n\t<meta property=\"og:image:height\" content=\"1920\" \/>\n\t<meta property=\"og:image:type\" content=\"image\/jpeg\" \/>\n<meta name=\"twitter:card\" content=\"summary_large_image\" \/>\n<meta name=\"twitter:label1\" content=\"Dur\u00e9e de lecture estim\u00e9e\" \/>\n\t<meta name=\"twitter:data1\" content=\"1 minute\" \/>\n<script type=\"application\/ld+json\" class=\"yoast-schema-graph\">{\"@context\":\"https:\/\/schema.org\",\"@graph\":[{\"@type\":\"WebPage\",\"@id\":\"https:\/\/www.b-w-international.com\/fr\/produkt\/tool-case-pp-117-jet-3000\/\",\"url\":\"https:\/\/www.b-w-international.com\/fr\/produkt\/tool-case-pp-117-jet-3000\/\",\"name\":\"tool.case PP.117 |Coffret \u00e0 outils B&W JET 3000\",\"isPartOf\":{\"@id\":\"https:\/\/www.b-w-international.com\/fr\/#website\"},\"primaryImageOfPage\":{\"@id\":\"https:\/\/www.b-w-international.com\/fr\/produkt\/tool-case-pp-117-jet-3000\/#primaryimage\"},\"image\":{\"@id\":\"https:\/\/www.b-w-international.com\/fr\/produkt\/tool-case-pp-117-jet-3000\/#primaryimage\"},\"thumbnailUrl\":\"https:\/\/www.b-w-international.com\/wp-content\/uploads\/2025\/05\/tool-case_PP-117_Jet-3000_L_open-empty-side_bw-international.jpg\",\"datePublished\":\"2025-05-05T07:54:49+00:00\",\"dateModified\":\"2026-01-21T12:34:23+00:00\",\"description\":\"Mallette \u00e0 outils B&W PP.117 JET 3000 \u2713Polypropyl\u00e8ne \u2713Protection contre la poussi\u00e8re et les projections d'eau \u2713Poign\u00e9e ergonomique \u2794Transporter maintenant de mani\u00e8re robuste !\",\"breadcrumb\":{\"@id\":\"https:\/\/www.b-w-international.com\/fr\/produkt\/tool-case-pp-117-jet-3000\/#breadcrumb\"},\"inLanguage\":\"fr-FR\",\"potentialAction\":[{\"@type\":\"ReadAction\",\"target\":[\"https:\/\/www.b-w-international.com\/fr\/produkt\/tool-case-pp-117-jet-3000\/\"]}]},{\"@type\":\"ImageObject\",\"inLanguage\":\"fr-FR\",\"@id\":\"https:\/\/www.b-w-international.com\/fr\/produkt\/tool-case-pp-117-jet-3000\/#primaryimage\",\"url\":\"https:\/\/www.b-w-international.com\/wp-content\/uploads\/2025\/05\/tool-case_PP-117_Jet-3000_L_open-empty-side_bw-international.jpg\",\"contentUrl\":\"https:\/\/www.b-w-international.com\/wp-content\/uploads\/2025\/05\/tool-case_PP-117_Jet-3000_L_open-empty-side_bw-international.jpg\",\"width\":1920,\"height\":1920,\"caption\":\"Mallette \u00e0 outils robuste PP 117 Jet 3000 de B&amp;W International en polypropyl\u00e8ne avec compartimentage int\u00e9rieur variable et bandouli\u00e8re, id\u00e9ale pour le transport d'outils en toute s\u00e9curit\u00e9.\"},{\"@type\":\"BreadcrumbList\",\"@id\":\"https:\/\/www.b-w-international.com\/fr\/produkt\/tool-case-pp-117-jet-3000\/#breadcrumb\",\"itemListElement\":[{\"@type\":\"ListItem\",\"position\":1,\"name\":\"Home\",\"item\":\"https:\/\/www.b-w-international.com\/fr\/\"},{\"@type\":\"ListItem\",\"position\":2,\"name\":\"Produits\",\"item\":\"https:\/\/www.b-w-international.com\/fr\/boutique\/\"},{\"@type\":\"ListItem\",\"position\":3,\"name\":\"Valises et sacs \u00e0 outils\",\"item\":\"https:\/\/www.b-w-international.com\/fr\/produkte\/valises-et-sacs-a-outils\/\"},{\"@type\":\"ListItem\",\"position\":4,\"name\":\"Bo\u00eete \u00e0 outils\",\"item\":\"https:\/\/www.b-w-international.com\/fr\/produkte\/valises-et-sacs-a-outils\/boite-a-outils\/\"},{\"@type\":\"ListItem\",\"position\":5,\"name\":\"tool.case PP.117 | JET 3000\"}]},{\"@type\":\"WebSite\",\"@id\":\"https:\/\/www.b-w-international.com\/fr\/#website\",\"url\":\"https:\/\/www.b-w-international.com\/fr\/\",\"name\":\"B&W International\",\"description\":\"\",\"publisher\":{\"@id\":\"https:\/\/www.b-w-international.com\/fr\/#organization\"},\"potentialAction\":[{\"@type\":\"SearchAction\",\"target\":{\"@type\":\"EntryPoint\",\"urlTemplate\":\"https:\/\/www.b-w-international.com\/fr\/?s={search_term_string}\"},\"query-input\":{\"@type\":\"PropertyValueSpecification\",\"valueRequired\":true,\"valueName\":\"search_term_string\"}}],\"inLanguage\":\"fr-FR\"},{\"@type\":\"Organization\",\"@id\":\"https:\/\/www.b-w-international.com\/fr\/#organization\",\"name\":\"B&W International\",\"url\":\"https:\/\/www.b-w-international.com\/fr\/\",\"logo\":{\"@type\":\"ImageObject\",\"inLanguage\":\"fr-FR\",\"@id\":\"https:\/\/www.b-w-international.com\/fr\/#\/schema\/logo\/image\/\",\"url\":\"https:\/\/www.b-w-international.com\/wp-content\/uploads\/2024\/12\/16dbfc312f1eb060e7d95735c00f9ec6.png\",\"contentUrl\":\"https:\/\/www.b-w-international.com\/wp-content\/uploads\/2024\/12\/16dbfc312f1eb060e7d95735c00f9ec6.png\",\"width\":219,\"height\":82,\"caption\":\"B&W International\"},\"image\":{\"@id\":\"https:\/\/www.b-w-international.com\/fr\/#\/schema\/logo\/image\/\"}}]}<\/script>","yoast_head_json":{"title":"tool.case PP.117 |Coffret \u00e0 outils B&W JET 3000","description":"Mallette \u00e0 outils B&W PP.117 JET 3000 \u2713Polypropyl\u00e8ne \u2713Protection contre la poussi\u00e8re et les projections d'eau \u2713Poign\u00e9e ergonomique \u2794Transporter maintenant de mani\u00e8re robuste !","robots":{"index":"index","follow":"follow","max-snippet":"max-snippet:-1","max-image-preview":"max-image-preview:large","max-video-preview":"max-video-preview:-1"},"canonical":"https:\/\/www.b-w-international.com\/fr\/produkt\/tool-case-pp-117-jet-3000\/","og_locale":"fr_FR","og_type":"article","og_title":"tool.case PP.117 |Coffret \u00e0 outils B&W JET 3000","og_description":"Mallette \u00e0 outils B&W PP.117 JET 3000 \u2713Polypropyl\u00e8ne \u2713Protection contre la poussi\u00e8re et les projections d'eau \u2713Poign\u00e9e ergonomique \u2794Transporter maintenant de mani\u00e8re robuste !","og_url":"https:\/\/www.b-w-international.com\/fr\/produkt\/tool-case-pp-117-jet-3000\/","og_site_name":"B&amp;W International","article_modified_time":"2026-01-21T12:34:23+00:00","og_image":[{"width":1920,"height":1920,"url":"https:\/\/www.b-w-international.com\/wp-content\/uploads\/2025\/05\/tool-case_PP-117_Jet-3000_L_open-empty-side_bw-international.jpg","type":"image\/jpeg"}],"twitter_card":"summary_large_image","twitter_misc":{"Dur\u00e9e de lecture estim\u00e9e":"1 minute"},"schema":{"@context":"https:\/\/schema.org","@graph":[{"@type":"WebPage","@id":"https:\/\/www.b-w-international.com\/fr\/produkt\/tool-case-pp-117-jet-3000\/","url":"https:\/\/www.b-w-international.com\/fr\/produkt\/tool-case-pp-117-jet-3000\/","name":"tool.case PP.117 |Coffret \u00e0 outils B&W JET 3000","isPartOf":{"@id":"https:\/\/www.b-w-international.com\/fr\/#website"},"primaryImageOfPage":{"@id":"https:\/\/www.b-w-international.com\/fr\/produkt\/tool-case-pp-117-jet-3000\/#primaryimage"},"image":{"@id":"https:\/\/www.b-w-international.com\/fr\/produkt\/tool-case-pp-117-jet-3000\/#primaryimage"},"thumbnailUrl":"https:\/\/www.b-w-international.com\/wp-content\/uploads\/2025\/05\/tool-case_PP-117_Jet-3000_L_open-empty-side_bw-international.jpg","datePublished":"2025-05-05T07:54:49+00:00","dateModified":"2026-01-21T12:34:23+00:00","description":"Mallette \u00e0 outils B&W PP.117 JET 3000 \u2713Polypropyl\u00e8ne \u2713Protection contre la poussi\u00e8re et les projections d'eau \u2713Poign\u00e9e ergonomique \u2794Transporter maintenant de mani\u00e8re robuste !","breadcrumb":{"@id":"https:\/\/www.b-w-international.com\/fr\/produkt\/tool-case-pp-117-jet-3000\/#breadcrumb"},"inLanguage":"fr-FR","potentialAction":[{"@type":"ReadAction","target":["https:\/\/www.b-w-international.com\/fr\/produkt\/tool-case-pp-117-jet-3000\/"]}]},{"@type":"ImageObject","inLanguage":"fr-FR","@id":"https:\/\/www.b-w-international.com\/fr\/produkt\/tool-case-pp-117-jet-3000\/#primaryimage","url":"https:\/\/www.b-w-international.com\/wp-content\/uploads\/2025\/05\/tool-case_PP-117_Jet-3000_L_open-empty-side_bw-international.jpg","contentUrl":"https:\/\/www.b-w-international.com\/wp-content\/uploads\/2025\/05\/tool-case_PP-117_Jet-3000_L_open-empty-side_bw-international.jpg","width":1920,"height":1920,"caption":"Mallette \u00e0 outils robuste PP 117 Jet 3000 de B&amp;W International en polypropyl\u00e8ne avec compartimentage int\u00e9rieur variable et bandouli\u00e8re, id\u00e9ale pour le transport d'outils en toute s\u00e9curit\u00e9."},{"@type":"BreadcrumbList","@id":"https:\/\/www.b-w-international.com\/fr\/produkt\/tool-case-pp-117-jet-3000\/#breadcrumb","itemListElement":[{"@type":"ListItem","position":1,"name":"Home","item":"https:\/\/www.b-w-international.com\/fr\/"},{"@type":"ListItem","position":2,"name":"Produits","item":"https:\/\/www.b-w-international.com\/fr\/boutique\/"},{"@type":"ListItem","position":3,"name":"Valises et sacs \u00e0 outils","item":"https:\/\/www.b-w-international.com\/fr\/produkte\/valises-et-sacs-a-outils\/"},{"@type":"ListItem","position":4,"name":"Bo\u00eete \u00e0 outils","item":"https:\/\/www.b-w-international.com\/fr\/produkte\/valises-et-sacs-a-outils\/boite-a-outils\/"},{"@type":"ListItem","position":5,"name":"tool.case PP.117 | JET 3000"}]},{"@type":"WebSite","@id":"https:\/\/www.b-w-international.com\/fr\/#website","url":"https:\/\/www.b-w-international.com\/fr\/","name":"B&W International","description":"","publisher":{"@id":"https:\/\/www.b-w-international.com\/fr\/#organization"},"potentialAction":[{"@type":"SearchAction","target":{"@type":"EntryPoint","urlTemplate":"https:\/\/www.b-w-international.com\/fr\/?s={search_term_string}"},"query-input":{"@type":"PropertyValueSpecification","valueRequired":true,"valueName":"search_term_string"}}],"inLanguage":"fr-FR"},{"@type":"Organization","@id":"https:\/\/www.b-w-international.com\/fr\/#organization","name":"B&W International","url":"https:\/\/www.b-w-international.com\/fr\/","logo":{"@type":"ImageObject","inLanguage":"fr-FR","@id":"https:\/\/www.b-w-international.com\/fr\/#\/schema\/logo\/image\/","url":"https:\/\/www.b-w-international.com\/wp-content\/uploads\/2024\/12\/16dbfc312f1eb060e7d95735c00f9ec6.png","contentUrl":"https:\/\/www.b-w-international.com\/wp-content\/uploads\/2024\/12\/16dbfc312f1eb060e7d95735c00f9ec6.png","width":219,"height":82,"caption":"B&W International"},"image":{"@id":"https:\/\/www.b-w-international.com\/fr\/#\/schema\/logo\/image\/"}}]}},"_links":{"self":[{"href":"https:\/\/www.b-w-international.com\/fr\/wp-json\/wp\/v2\/product\/15297","targetHints":{"allow":["GET"]}}],"collection":[{"href":"https:\/\/www.b-w-international.com\/fr\/wp-json\/wp\/v2\/product"}],"about":[{"href":"https:\/\/www.b-w-international.com\/fr\/wp-json\/wp\/v2\/types\/product"}],"wp:featuredmedia":[{"embeddable":true,"href":"https:\/\/www.b-w-international.com\/fr\/wp-json\/wp\/v2\/media\/13741"}],"wp:attachment":[{"href":"https:\/\/www.b-w-international.com\/fr\/wp-json\/wp\/v2\/media?parent=15297"}],"wp:term":[{"taxonomy":"product_brand","embeddable":true,"href":"https:\/\/www.b-w-international.com\/fr\/wp-json\/wp\/v2\/product_brand?post=15297"},{"taxonomy":"product_cat","embeddable":true,"href":"https:\/\/www.b-w-international.com\/fr\/wp-json\/wp\/v2\/product_cat?post=15297"},{"taxonomy":"product_tag","embeddable":true,"href":"https:\/\/www.b-w-international.com\/fr\/wp-json\/wp\/v2\/product_tag?post=15297"}],"curies":[{"name":"wp","href":"https:\/\/api.w.org\/{rel}","templated":true}]}}