{"id":15325,"date":"2025-05-05T09:54:49","date_gmt":"2025-05-05T07:54:49","guid":{"rendered":"https:\/\/www.b-w-international.com\/produkt\/action-case-pp-41-gopro13-arplank-bw-outdoor-case-type-1000-gopro-9-13-avec-mousse-arplank-recyclable\/"},"modified":"2025-11-04T09:59:28","modified_gmt":"2025-11-04T08:59:28","slug":"action-case-pp-41-gopro13-arplank","status":"publish","type":"product","link":"https:\/\/www.b-w-international.com\/fr\/produkt\/action-case-pp-41-gopro13-arplank\/","title":{"rendered":"action.case PP.41.GoPro13.arplank | B&amp;W valise polyvalente type 1000 GoPro 9-13 avec mousse ARPLANK recyclable"},"content":{"rendered":"<ul>\n<li>Insert sur mesure adapt\u00e9 \u00e0 l&rsquo;Actioncam GoPro Hero 13<\/li>\n<li>Compatible avec les cam\u00e9ras : Hero 9, Hero 10, Hero 11, Hero 12<\/li>\n<li>Extr\u00eamement stable : bo\u00eetier en polypropyl\u00e8ne (PP)<\/li>\n<li>Mallette test\u00e9e selon les normes militaires<\/li>\n<li>Empilable<\/li>\n<li>\u00c9tanche \u00e0 la poussi\u00e8re et \u00e0 l&rsquo;eau (indice de protection IP 67)<\/li>\n<li>Stable en temp\u00e9rature de -30 \u00b0C \u00e0 +80 \u00b0C<\/li>\n<li>Apte au vol : valve automatique de compensation de la pression atmosph\u00e9rique<\/li>\n<li>Poign\u00e9e de transport caoutchout\u00e9e<\/li>\n<li>Deux \u0153illets pour cadenas (\u00d8 4,5 mm)<\/li>\n<li>Deux serrures \u00e0 ressort<\/li>\n<li>Plaque nominative personnalisable (plaque signal\u00e9tique)<\/li>\n<li>Mousse de couvercle<\/li>\n<\/ul>\n<p><strong>Le contenu de la valise pr\u00e9sent\u00e9 n&rsquo;est pas inclus.<\/strong><\/p>\n<div style=\"display:flex; gap:10px;justify-content:center\" class=\"wps-pgfw-pdf-generate-icon__wrapper-frontend\">\n\t\t<a  href=\"https:\/\/www.b-w-international.com\/fr\/wp-json\/wp\/v2\/product\/15325\/?action=genpdf&amp;id=15325\" class=\"pgfw-single-pdf-download-button\" target=_blank><img src=\"https:\/\/www.b-w-international.com\/wp-content\/uploads\/2025\/03\/icon-download.svg\" title=\"G\u00e9n\u00e9rer un PDF\" style=\"width:auto; height:45px;\"><\/a>\n\t\t<\/div>","protected":false},"excerpt":{"rendered":"<p>Insert sur mesure adapt\u00e9 \u00e0 l&rsquo;Actioncam GoPro Hero 13 Compatible avec les cam\u00e9ras : Hero 9, Hero 10, Hero 11, Hero 12 Extr\u00eamement stable : bo\u00eetier en polypropyl\u00e8ne (PP) Mallette test\u00e9e selon les normes militaires Empilable \u00c9tanche \u00e0 la poussi\u00e8re et \u00e0 l&rsquo;eau (indice de protection IP 67) Stable en temp\u00e9rature de -30 \u00b0C \u00e0 [&hellip;]<\/p>\n","protected":false},"featured_media":12823,"template":"","meta":{"_acf_changed":false},"product_brand":[],"product_cat":[423,68],"product_tag":[],"class_list":{"0":"post-15325","1":"product","2":"type-product","3":"status-publish","4":"has-post-thumbnail","6":"product_features-2-oeillets-pour-cadenas","7":"product_features-aptitude-au-vol","8":"product_features-empilable","9":"product_features-etanche-a-leau-etanche-a-la-poussiere-etanche-a-lair","10":"product_features-extremement-robuste","11":"product_features-poignee-de-transport-caoutchoutee","12":"product_features-resistant-a-la-temperature","13":"product_cat-camera-daction","14":"product_cat-valises-pour-drones-et-appareils-photo","15":"pa_farbe-bronze-vert","16":"pa_farbe-jaune","17":"pa_farbe-noir","18":"pa_farbe-orange-fr","20":"first","21":"instock","22":"product-type-variable"},"acf":[],"yoast_head":"<title>action.case PP.41.GoPro13.arplank | B&amp;W valise polyvalente type 1000 GoPro 9-13 avec mousse ARPLANK recyclable - B&amp;W International<\/title>\n<meta name=\"description\" content=\"Mallette polyvalente B&amp;W PP.41 GoPro 9-13 \u2713extr\u00eamement stable \u2713adapt\u00e9e au vol \u2713 \u00e9tanche \u2192 A d\u00e9couvrir d\u00e8s maintenant !\" \/>\n<meta name=\"robots\" content=\"index, follow, max-snippet:-1, max-image-preview:large, max-video-preview:-1\" \/>\n<link rel=\"canonical\" href=\"https:\/\/www.b-w-international.com\/fr\/produkt\/action-case-pp-41-gopro13-arplank\/\" \/>\n<meta property=\"og:locale\" content=\"fr_FR\" \/>\n<meta property=\"og:type\" content=\"article\" \/>\n<meta property=\"og:title\" content=\"action.case PP.41.GoPro13.arplank | B&amp;W valise polyvalente type 1000 GoPro 9-13 avec mousse ARPLANK recyclable - B&amp;W International\" \/>\n<meta property=\"og:description\" content=\"Mallette polyvalente B&amp;W PP.41 GoPro 9-13 \u2713extr\u00eamement stable \u2713adapt\u00e9e au vol \u2713 \u00e9tanche \u2192 A d\u00e9couvrir d\u00e8s maintenant !\" \/>\n<meta property=\"og:url\" content=\"https:\/\/www.b-w-international.com\/fr\/produkt\/action-case-pp-41-gopro13-arplank\/\" \/>\n<meta property=\"og:site_name\" content=\"B&amp;W International\" \/>\n<meta property=\"article:modified_time\" content=\"2025-11-04T08:59:28+00:00\" \/>\n<meta property=\"og:image\" content=\"https:\/\/www.b-w-international.com\/wp-content\/uploads\/2025\/05\/1000_PP-41_BG_open-inlay-side-empty_go-pro-13-arplank_bw-international.jpg\" \/>\n\t<meta property=\"og:image:width\" content=\"1920\" \/>\n\t<meta property=\"og:image:height\" content=\"1920\" \/>\n\t<meta property=\"og:image:type\" content=\"image\/jpeg\" \/>\n<meta name=\"twitter:card\" content=\"summary_large_image\" \/>\n<meta name=\"twitter:label1\" content=\"Dur\u00e9e de lecture estim\u00e9e\" \/>\n\t<meta name=\"twitter:data1\" content=\"1 minute\" \/>\n<script type=\"application\/ld+json\" class=\"yoast-schema-graph\">{\"@context\":\"https:\/\/schema.org\",\"@graph\":[{\"@type\":\"WebPage\",\"@id\":\"https:\/\/www.b-w-international.com\/fr\/produkt\/action-case-pp-41-gopro13-arplank\/\",\"url\":\"https:\/\/www.b-w-international.com\/fr\/produkt\/action-case-pp-41-gopro13-arplank\/\",\"name\":\"action.case PP.41.GoPro13.arplank | B&amp;W valise polyvalente type 1000 GoPro 9-13 avec mousse ARPLANK recyclable - B&amp;W International\",\"isPartOf\":{\"@id\":\"https:\/\/www.b-w-international.com\/fr\/#website\"},\"primaryImageOfPage\":{\"@id\":\"https:\/\/www.b-w-international.com\/fr\/produkt\/action-case-pp-41-gopro13-arplank\/#primaryimage\"},\"image\":{\"@id\":\"https:\/\/www.b-w-international.com\/fr\/produkt\/action-case-pp-41-gopro13-arplank\/#primaryimage\"},\"thumbnailUrl\":\"https:\/\/www.b-w-international.com\/wp-content\/uploads\/2025\/05\/1000_PP-41_BG_open-inlay-side-empty_go-pro-13-arplank_bw-international.jpg\",\"datePublished\":\"2025-05-05T07:54:49+00:00\",\"dateModified\":\"2025-11-04T08:59:28+00:00\",\"description\":\"Mallette polyvalente B&W PP.41 GoPro 9-13 \u2713extr\u00eamement stable \u2713adapt\u00e9e au vol \u2713 \u00e9tanche \u2192 A d\u00e9couvrir d\u00e8s maintenant !\",\"breadcrumb\":{\"@id\":\"https:\/\/www.b-w-international.com\/fr\/produkt\/action-case-pp-41-gopro13-arplank\/#breadcrumb\"},\"inLanguage\":\"fr-FR\",\"potentialAction\":[{\"@type\":\"ReadAction\",\"target\":[\"https:\/\/www.b-w-international.com\/fr\/produkt\/action-case-pp-41-gopro13-arplank\/\"]}]},{\"@type\":\"ImageObject\",\"inLanguage\":\"fr-FR\",\"@id\":\"https:\/\/www.b-w-international.com\/fr\/produkt\/action-case-pp-41-gopro13-arplank\/#primaryimage\",\"url\":\"https:\/\/www.b-w-international.com\/wp-content\/uploads\/2025\/05\/1000_PP-41_BG_open-inlay-side-empty_go-pro-13-arplank_bw-international.jpg\",\"contentUrl\":\"https:\/\/www.b-w-international.com\/wp-content\/uploads\/2025\/05\/1000_PP-41_BG_open-inlay-side-empty_go-pro-13-arplank_bw-international.jpg\",\"width\":1920,\"height\":1920,\"caption\":\"Stabiler B&W International Mehrzweckkoffer in bronze gruen mit passgenauem arplank Schaumstoff-Inlay und Noppenschaum im Deckel f\u00fcr sicheren Ger\u00e4teschutz. Geeignet f\u00fcr GoPro 9 bis 13.\"},{\"@type\":\"BreadcrumbList\",\"@id\":\"https:\/\/www.b-w-international.com\/fr\/produkt\/action-case-pp-41-gopro13-arplank\/#breadcrumb\",\"itemListElement\":[{\"@type\":\"ListItem\",\"position\":1,\"name\":\"Home\",\"item\":\"https:\/\/www.b-w-international.com\/fr\/\"},{\"@type\":\"ListItem\",\"position\":2,\"name\":\"Produits\",\"item\":\"https:\/\/www.b-w-international.com\/fr\/boutique\/\"},{\"@type\":\"ListItem\",\"position\":3,\"name\":\"Valises pour drones et appareils photo\",\"item\":\"https:\/\/www.b-w-international.com\/fr\/produkte\/valises-pour-drones-et-appareils-photo\/\"},{\"@type\":\"ListItem\",\"position\":4,\"name\":\"action.case PP.41.GoPro13.arplank | B&amp;W valise polyvalente type 1000 GoPro 9-13 avec mousse ARPLANK recyclable\"}]},{\"@type\":\"WebSite\",\"@id\":\"https:\/\/www.b-w-international.com\/fr\/#website\",\"url\":\"https:\/\/www.b-w-international.com\/fr\/\",\"name\":\"B&W International\",\"description\":\"\",\"publisher\":{\"@id\":\"https:\/\/www.b-w-international.com\/fr\/#organization\"},\"potentialAction\":[{\"@type\":\"SearchAction\",\"target\":{\"@type\":\"EntryPoint\",\"urlTemplate\":\"https:\/\/www.b-w-international.com\/fr\/?s={search_term_string}\"},\"query-input\":{\"@type\":\"PropertyValueSpecification\",\"valueRequired\":true,\"valueName\":\"search_term_string\"}}],\"inLanguage\":\"fr-FR\"},{\"@type\":\"Organization\",\"@id\":\"https:\/\/www.b-w-international.com\/fr\/#organization\",\"name\":\"B&W International\",\"url\":\"https:\/\/www.b-w-international.com\/fr\/\",\"logo\":{\"@type\":\"ImageObject\",\"inLanguage\":\"fr-FR\",\"@id\":\"https:\/\/www.b-w-international.com\/fr\/#\/schema\/logo\/image\/\",\"url\":\"https:\/\/www.b-w-international.com\/wp-content\/uploads\/2024\/12\/16dbfc312f1eb060e7d95735c00f9ec6.png\",\"contentUrl\":\"https:\/\/www.b-w-international.com\/wp-content\/uploads\/2024\/12\/16dbfc312f1eb060e7d95735c00f9ec6.png\",\"width\":219,\"height\":82,\"caption\":\"B&W International\"},\"image\":{\"@id\":\"https:\/\/www.b-w-international.com\/fr\/#\/schema\/logo\/image\/\"}}]}<\/script>","yoast_head_json":{"title":"action.case PP.41.GoPro13.arplank | B&amp;W valise polyvalente type 1000 GoPro 9-13 avec mousse ARPLANK recyclable - B&amp;W International","description":"Mallette polyvalente B&W PP.41 GoPro 9-13 \u2713extr\u00eamement stable \u2713adapt\u00e9e au vol \u2713 \u00e9tanche \u2192 A d\u00e9couvrir d\u00e8s maintenant !","robots":{"index":"index","follow":"follow","max-snippet":"max-snippet:-1","max-image-preview":"max-image-preview:large","max-video-preview":"max-video-preview:-1"},"canonical":"https:\/\/www.b-w-international.com\/fr\/produkt\/action-case-pp-41-gopro13-arplank\/","og_locale":"fr_FR","og_type":"article","og_title":"action.case PP.41.GoPro13.arplank | B&amp;W valise polyvalente type 1000 GoPro 9-13 avec mousse ARPLANK recyclable - B&amp;W International","og_description":"Mallette polyvalente B&W PP.41 GoPro 9-13 \u2713extr\u00eamement stable \u2713adapt\u00e9e au vol \u2713 \u00e9tanche \u2192 A d\u00e9couvrir d\u00e8s maintenant !","og_url":"https:\/\/www.b-w-international.com\/fr\/produkt\/action-case-pp-41-gopro13-arplank\/","og_site_name":"B&amp;W International","article_modified_time":"2025-11-04T08:59:28+00:00","og_image":[{"width":1920,"height":1920,"url":"https:\/\/www.b-w-international.com\/wp-content\/uploads\/2025\/05\/1000_PP-41_BG_open-inlay-side-empty_go-pro-13-arplank_bw-international.jpg","type":"image\/jpeg"}],"twitter_card":"summary_large_image","twitter_misc":{"Dur\u00e9e de lecture estim\u00e9e":"1 minute"},"schema":{"@context":"https:\/\/schema.org","@graph":[{"@type":"WebPage","@id":"https:\/\/www.b-w-international.com\/fr\/produkt\/action-case-pp-41-gopro13-arplank\/","url":"https:\/\/www.b-w-international.com\/fr\/produkt\/action-case-pp-41-gopro13-arplank\/","name":"action.case PP.41.GoPro13.arplank | B&amp;W valise polyvalente type 1000 GoPro 9-13 avec mousse ARPLANK recyclable - B&amp;W International","isPartOf":{"@id":"https:\/\/www.b-w-international.com\/fr\/#website"},"primaryImageOfPage":{"@id":"https:\/\/www.b-w-international.com\/fr\/produkt\/action-case-pp-41-gopro13-arplank\/#primaryimage"},"image":{"@id":"https:\/\/www.b-w-international.com\/fr\/produkt\/action-case-pp-41-gopro13-arplank\/#primaryimage"},"thumbnailUrl":"https:\/\/www.b-w-international.com\/wp-content\/uploads\/2025\/05\/1000_PP-41_BG_open-inlay-side-empty_go-pro-13-arplank_bw-international.jpg","datePublished":"2025-05-05T07:54:49+00:00","dateModified":"2025-11-04T08:59:28+00:00","description":"Mallette polyvalente B&W PP.41 GoPro 9-13 \u2713extr\u00eamement stable \u2713adapt\u00e9e au vol \u2713 \u00e9tanche \u2192 A d\u00e9couvrir d\u00e8s maintenant !","breadcrumb":{"@id":"https:\/\/www.b-w-international.com\/fr\/produkt\/action-case-pp-41-gopro13-arplank\/#breadcrumb"},"inLanguage":"fr-FR","potentialAction":[{"@type":"ReadAction","target":["https:\/\/www.b-w-international.com\/fr\/produkt\/action-case-pp-41-gopro13-arplank\/"]}]},{"@type":"ImageObject","inLanguage":"fr-FR","@id":"https:\/\/www.b-w-international.com\/fr\/produkt\/action-case-pp-41-gopro13-arplank\/#primaryimage","url":"https:\/\/www.b-w-international.com\/wp-content\/uploads\/2025\/05\/1000_PP-41_BG_open-inlay-side-empty_go-pro-13-arplank_bw-international.jpg","contentUrl":"https:\/\/www.b-w-international.com\/wp-content\/uploads\/2025\/05\/1000_PP-41_BG_open-inlay-side-empty_go-pro-13-arplank_bw-international.jpg","width":1920,"height":1920,"caption":"Stabiler B&W International Mehrzweckkoffer in bronze gruen mit passgenauem arplank Schaumstoff-Inlay und Noppenschaum im Deckel f\u00fcr sicheren Ger\u00e4teschutz. Geeignet f\u00fcr GoPro 9 bis 13."},{"@type":"BreadcrumbList","@id":"https:\/\/www.b-w-international.com\/fr\/produkt\/action-case-pp-41-gopro13-arplank\/#breadcrumb","itemListElement":[{"@type":"ListItem","position":1,"name":"Home","item":"https:\/\/www.b-w-international.com\/fr\/"},{"@type":"ListItem","position":2,"name":"Produits","item":"https:\/\/www.b-w-international.com\/fr\/boutique\/"},{"@type":"ListItem","position":3,"name":"Valises pour drones et appareils photo","item":"https:\/\/www.b-w-international.com\/fr\/produkte\/valises-pour-drones-et-appareils-photo\/"},{"@type":"ListItem","position":4,"name":"action.case PP.41.GoPro13.arplank | B&amp;W valise polyvalente type 1000 GoPro 9-13 avec mousse ARPLANK recyclable"}]},{"@type":"WebSite","@id":"https:\/\/www.b-w-international.com\/fr\/#website","url":"https:\/\/www.b-w-international.com\/fr\/","name":"B&W International","description":"","publisher":{"@id":"https:\/\/www.b-w-international.com\/fr\/#organization"},"potentialAction":[{"@type":"SearchAction","target":{"@type":"EntryPoint","urlTemplate":"https:\/\/www.b-w-international.com\/fr\/?s={search_term_string}"},"query-input":{"@type":"PropertyValueSpecification","valueRequired":true,"valueName":"search_term_string"}}],"inLanguage":"fr-FR"},{"@type":"Organization","@id":"https:\/\/www.b-w-international.com\/fr\/#organization","name":"B&W International","url":"https:\/\/www.b-w-international.com\/fr\/","logo":{"@type":"ImageObject","inLanguage":"fr-FR","@id":"https:\/\/www.b-w-international.com\/fr\/#\/schema\/logo\/image\/","url":"https:\/\/www.b-w-international.com\/wp-content\/uploads\/2024\/12\/16dbfc312f1eb060e7d95735c00f9ec6.png","contentUrl":"https:\/\/www.b-w-international.com\/wp-content\/uploads\/2024\/12\/16dbfc312f1eb060e7d95735c00f9ec6.png","width":219,"height":82,"caption":"B&W International"},"image":{"@id":"https:\/\/www.b-w-international.com\/fr\/#\/schema\/logo\/image\/"}}]}},"_links":{"self":[{"href":"https:\/\/www.b-w-international.com\/fr\/wp-json\/wp\/v2\/product\/15325","targetHints":{"allow":["GET"]}}],"collection":[{"href":"https:\/\/www.b-w-international.com\/fr\/wp-json\/wp\/v2\/product"}],"about":[{"href":"https:\/\/www.b-w-international.com\/fr\/wp-json\/wp\/v2\/types\/product"}],"wp:featuredmedia":[{"embeddable":true,"href":"https:\/\/www.b-w-international.com\/fr\/wp-json\/wp\/v2\/media\/12823"}],"wp:attachment":[{"href":"https:\/\/www.b-w-international.com\/fr\/wp-json\/wp\/v2\/media?parent=15325"}],"wp:term":[{"taxonomy":"product_brand","embeddable":true,"href":"https:\/\/www.b-w-international.com\/fr\/wp-json\/wp\/v2\/product_brand?post=15325"},{"taxonomy":"product_cat","embeddable":true,"href":"https:\/\/www.b-w-international.com\/fr\/wp-json\/wp\/v2\/product_cat?post=15325"},{"taxonomy":"product_tag","embeddable":true,"href":"https:\/\/www.b-w-international.com\/fr\/wp-json\/wp\/v2\/product_tag?post=15325"}],"curies":[{"name":"wp","href":"https:\/\/api.w.org\/{rel}","templated":true}]}}