{"id":15432,"date":"2025-05-05T09:54:30","date_gmt":"2025-05-05T07:54:30","guid":{"rendered":"https:\/\/www.b-w-international.com\/produkt\/tool-case-abs-281-base\/"},"modified":"2025-10-02T13:21:13","modified_gmt":"2025-10-02T11:21:13","slug":"tool-case-abs-281-base","status":"publish","type":"product","link":"https:\/\/www.b-w-international.com\/fr\/produkt\/tool-case-abs-281-base\/","title":{"rendered":"tool.case ABS.281 | Base"},"content":{"rendered":"<div>\n<ul>\n<li>Bo\u00eetier de la mallette \u00e0 outils en plastique ABS durable<\/li>\n<li>Cadre en aluminium robuste avec protection contre les chocs<\/li>\n<li>Avec serrures basculantes verrouillables<\/li>\n<li>Serrure \u00e0 combinaison<\/li>\n<li>Poign\u00e9e de transport ergonomique<\/li>\n<li>Couverture des charni\u00e8res<\/li>\n<li>Support de couvercle de s\u00e9curit\u00e9<\/li>\n<li>Coque de fond avec syst\u00e8me d&rsquo;entretoise en aluminium<\/li>\n<li>4 pieds de sol<\/li>\n<li>Compartiment pour documents au format A4 dans le couvercle<\/li>\n<li>3 options diff\u00e9rentes d&rsquo;am\u00e9nagement int\u00e9rieur<\/li>\n<li>Garantie de 2 ans<\/li>\n<\/ul>\n<\/div>\n<div style=\"display:flex; gap:10px;justify-content:center\" class=\"wps-pgfw-pdf-generate-icon__wrapper-frontend\">\n\t\t<a  href=\"https:\/\/www.b-w-international.com\/fr\/wp-json\/wp\/v2\/product\/15432\/?action=genpdf&amp;id=15432\" class=\"pgfw-single-pdf-download-button\" target=_blank><img src=\"https:\/\/www.b-w-international.com\/wp-content\/uploads\/2025\/03\/icon-download.svg\" title=\"G\u00e9n\u00e9rer un PDF\" style=\"width:auto; height:45px;\"><\/a>\n\t\t<\/div>","protected":false},"excerpt":{"rendered":"<p>Bo\u00eetier de la mallette \u00e0 outils en plastique ABS durable Cadre en aluminium robuste avec protection contre les chocs Avec serrures basculantes verrouillables Serrure \u00e0 combinaison Poign\u00e9e de transport ergonomique Couverture des charni\u00e8res Support de couvercle de s\u00e9curit\u00e9 Coque de fond avec syst\u00e8me d&rsquo;entretoise en aluminium 4 pieds de sol Compartiment pour documents au format [&hellip;]<\/p>\n","protected":false},"featured_media":13709,"template":"","meta":{"_acf_changed":false},"product_brand":[],"product_cat":[211,414],"product_tag":[],"class_list":{"0":"post-15432","1":"product","2":"type-product","3":"status-publish","4":"has-post-thumbnail","6":"product_features-garantie-de-2-ans","7":"product_features-poignee-ergonomique","8":"product_features-protection-des-bords","9":"product_features-serrure-a-combinaison","10":"product_cat-boite-a-outils","11":"product_cat-valises-et-sacs-a-outils","13":"first","14":"instock","15":"product-type-variable"},"acf":[],"yoast_head":"<title>tool.case ABS.281 | Mallette \u00e0 outils B&amp;W Base<\/title>\n<meta name=\"description\" content=\"Mallette \u00e0 outils B&amp;W ABS.281 Base \u2713robuste \u2713verrouillable \u2713panneau \u00e0 outils amovible \u2713haute capacit\u00e9 de charge jusqu&#039;\u00e0 25 kg \u2794 Rangez vos outils en toute s\u00e9curit\u00e9 !\" \/>\n<meta name=\"robots\" content=\"index, follow, max-snippet:-1, max-image-preview:large, max-video-preview:-1\" \/>\n<link rel=\"canonical\" href=\"https:\/\/www.b-w-international.com\/fr\/produkt\/tool-case-abs-281-base\/\" \/>\n<meta property=\"og:locale\" content=\"fr_FR\" \/>\n<meta property=\"og:type\" content=\"article\" \/>\n<meta property=\"og:title\" content=\"tool.case ABS.281 | Mallette \u00e0 outils B&amp;W Base\" \/>\n<meta property=\"og:description\" content=\"Mallette \u00e0 outils B&amp;W ABS.281 Base \u2713robuste \u2713verrouillable \u2713panneau \u00e0 outils amovible \u2713haute capacit\u00e9 de charge jusqu&#039;\u00e0 25 kg \u2794 Rangez vos outils en toute s\u00e9curit\u00e9 !\" \/>\n<meta property=\"og:url\" content=\"https:\/\/www.b-w-international.com\/fr\/produkt\/tool-case-abs-281-base\/\" \/>\n<meta property=\"og:site_name\" content=\"B&amp;W International\" \/>\n<meta property=\"article:modified_time\" content=\"2025-10-02T11:21:13+00:00\" \/>\n<meta property=\"og:image\" content=\"https:\/\/www.b-w-international.com\/wp-content\/uploads\/2025\/05\/tool-case_ABS-281_Base_P_open-empty-side_bw-international.jpg\" \/>\n\t<meta property=\"og:image:width\" content=\"1920\" \/>\n\t<meta property=\"og:image:height\" content=\"1920\" \/>\n\t<meta property=\"og:image:type\" content=\"image\/jpeg\" \/>\n<meta name=\"twitter:card\" content=\"summary_large_image\" \/>\n<meta name=\"twitter:label1\" content=\"Dur\u00e9e de lecture estim\u00e9e\" \/>\n\t<meta name=\"twitter:data1\" content=\"1 minute\" \/>\n<script type=\"application\/ld+json\" class=\"yoast-schema-graph\">{\"@context\":\"https:\/\/schema.org\",\"@graph\":[{\"@type\":\"WebPage\",\"@id\":\"https:\/\/www.b-w-international.com\/fr\/produkt\/tool-case-abs-281-base\/\",\"url\":\"https:\/\/www.b-w-international.com\/fr\/produkt\/tool-case-abs-281-base\/\",\"name\":\"tool.case ABS.281 | Mallette \u00e0 outils B&W Base\",\"isPartOf\":{\"@id\":\"https:\/\/www.b-w-international.com\/fr\/#website\"},\"primaryImageOfPage\":{\"@id\":\"https:\/\/www.b-w-international.com\/fr\/produkt\/tool-case-abs-281-base\/#primaryimage\"},\"image\":{\"@id\":\"https:\/\/www.b-w-international.com\/fr\/produkt\/tool-case-abs-281-base\/#primaryimage\"},\"thumbnailUrl\":\"https:\/\/www.b-w-international.com\/wp-content\/uploads\/2025\/05\/tool-case_ABS-281_Base_P_open-empty-side_bw-international.jpg\",\"datePublished\":\"2025-05-05T07:54:30+00:00\",\"dateModified\":\"2025-10-02T11:21:13+00:00\",\"description\":\"Mallette \u00e0 outils B&W ABS.281 Base \u2713robuste \u2713verrouillable \u2713panneau \u00e0 outils amovible \u2713haute capacit\u00e9 de charge jusqu'\u00e0 25 kg \u2794 Rangez vos outils en toute s\u00e9curit\u00e9 !\",\"breadcrumb\":{\"@id\":\"https:\/\/www.b-w-international.com\/fr\/produkt\/tool-case-abs-281-base\/#breadcrumb\"},\"inLanguage\":\"fr-FR\",\"potentialAction\":[{\"@type\":\"ReadAction\",\"target\":[\"https:\/\/www.b-w-international.com\/fr\/produkt\/tool-case-abs-281-base\/\"]}]},{\"@type\":\"ImageObject\",\"inLanguage\":\"fr-FR\",\"@id\":\"https:\/\/www.b-w-international.com\/fr\/produkt\/tool-case-abs-281-base\/#primaryimage\",\"url\":\"https:\/\/www.b-w-international.com\/wp-content\/uploads\/2025\/05\/tool-case_ABS-281_Base_P_open-empty-side_bw-international.jpg\",\"contentUrl\":\"https:\/\/www.b-w-international.com\/wp-content\/uploads\/2025\/05\/tool-case_ABS-281_Base_P_open-empty-side_bw-international.jpg\",\"width\":1920,\"height\":1920,\"caption\":\"B&W International ABS 281 Werkzeugkoffer mit stabilem Geh\u00e4use, integrierten Werkzeugtafeln und zahlreichen F\u00e4chern.\"},{\"@type\":\"BreadcrumbList\",\"@id\":\"https:\/\/www.b-w-international.com\/fr\/produkt\/tool-case-abs-281-base\/#breadcrumb\",\"itemListElement\":[{\"@type\":\"ListItem\",\"position\":1,\"name\":\"Home\",\"item\":\"https:\/\/www.b-w-international.com\/fr\/\"},{\"@type\":\"ListItem\",\"position\":2,\"name\":\"Produits\",\"item\":\"https:\/\/www.b-w-international.com\/fr\/boutique\/\"},{\"@type\":\"ListItem\",\"position\":3,\"name\":\"Valises et sacs \u00e0 outils\",\"item\":\"https:\/\/www.b-w-international.com\/fr\/produkte\/valises-et-sacs-a-outils\/\"},{\"@type\":\"ListItem\",\"position\":4,\"name\":\"Bo\u00eete \u00e0 outils\",\"item\":\"https:\/\/www.b-w-international.com\/fr\/produkte\/valises-et-sacs-a-outils\/boite-a-outils\/\"},{\"@type\":\"ListItem\",\"position\":5,\"name\":\"tool.case ABS.281 | Base\"}]},{\"@type\":\"WebSite\",\"@id\":\"https:\/\/www.b-w-international.com\/fr\/#website\",\"url\":\"https:\/\/www.b-w-international.com\/fr\/\",\"name\":\"B&W International\",\"description\":\"\",\"publisher\":{\"@id\":\"https:\/\/www.b-w-international.com\/fr\/#organization\"},\"potentialAction\":[{\"@type\":\"SearchAction\",\"target\":{\"@type\":\"EntryPoint\",\"urlTemplate\":\"https:\/\/www.b-w-international.com\/fr\/?s={search_term_string}\"},\"query-input\":{\"@type\":\"PropertyValueSpecification\",\"valueRequired\":true,\"valueName\":\"search_term_string\"}}],\"inLanguage\":\"fr-FR\"},{\"@type\":\"Organization\",\"@id\":\"https:\/\/www.b-w-international.com\/fr\/#organization\",\"name\":\"B&W International\",\"url\":\"https:\/\/www.b-w-international.com\/fr\/\",\"logo\":{\"@type\":\"ImageObject\",\"inLanguage\":\"fr-FR\",\"@id\":\"https:\/\/www.b-w-international.com\/fr\/#\/schema\/logo\/image\/\",\"url\":\"https:\/\/www.b-w-international.com\/wp-content\/uploads\/2024\/12\/16dbfc312f1eb060e7d95735c00f9ec6.png\",\"contentUrl\":\"https:\/\/www.b-w-international.com\/wp-content\/uploads\/2024\/12\/16dbfc312f1eb060e7d95735c00f9ec6.png\",\"width\":219,\"height\":82,\"caption\":\"B&W International\"},\"image\":{\"@id\":\"https:\/\/www.b-w-international.com\/fr\/#\/schema\/logo\/image\/\"}}]}<\/script>","yoast_head_json":{"title":"tool.case ABS.281 | Mallette \u00e0 outils B&W Base","description":"Mallette \u00e0 outils B&W ABS.281 Base \u2713robuste \u2713verrouillable \u2713panneau \u00e0 outils amovible \u2713haute capacit\u00e9 de charge jusqu'\u00e0 25 kg \u2794 Rangez vos outils en toute s\u00e9curit\u00e9 !","robots":{"index":"index","follow":"follow","max-snippet":"max-snippet:-1","max-image-preview":"max-image-preview:large","max-video-preview":"max-video-preview:-1"},"canonical":"https:\/\/www.b-w-international.com\/fr\/produkt\/tool-case-abs-281-base\/","og_locale":"fr_FR","og_type":"article","og_title":"tool.case ABS.281 | Mallette \u00e0 outils B&W Base","og_description":"Mallette \u00e0 outils B&W ABS.281 Base \u2713robuste \u2713verrouillable \u2713panneau \u00e0 outils amovible \u2713haute capacit\u00e9 de charge jusqu'\u00e0 25 kg \u2794 Rangez vos outils en toute s\u00e9curit\u00e9 !","og_url":"https:\/\/www.b-w-international.com\/fr\/produkt\/tool-case-abs-281-base\/","og_site_name":"B&amp;W International","article_modified_time":"2025-10-02T11:21:13+00:00","og_image":[{"width":1920,"height":1920,"url":"https:\/\/www.b-w-international.com\/wp-content\/uploads\/2025\/05\/tool-case_ABS-281_Base_P_open-empty-side_bw-international.jpg","type":"image\/jpeg"}],"twitter_card":"summary_large_image","twitter_misc":{"Dur\u00e9e de lecture estim\u00e9e":"1 minute"},"schema":{"@context":"https:\/\/schema.org","@graph":[{"@type":"WebPage","@id":"https:\/\/www.b-w-international.com\/fr\/produkt\/tool-case-abs-281-base\/","url":"https:\/\/www.b-w-international.com\/fr\/produkt\/tool-case-abs-281-base\/","name":"tool.case ABS.281 | Mallette \u00e0 outils B&W Base","isPartOf":{"@id":"https:\/\/www.b-w-international.com\/fr\/#website"},"primaryImageOfPage":{"@id":"https:\/\/www.b-w-international.com\/fr\/produkt\/tool-case-abs-281-base\/#primaryimage"},"image":{"@id":"https:\/\/www.b-w-international.com\/fr\/produkt\/tool-case-abs-281-base\/#primaryimage"},"thumbnailUrl":"https:\/\/www.b-w-international.com\/wp-content\/uploads\/2025\/05\/tool-case_ABS-281_Base_P_open-empty-side_bw-international.jpg","datePublished":"2025-05-05T07:54:30+00:00","dateModified":"2025-10-02T11:21:13+00:00","description":"Mallette \u00e0 outils B&W ABS.281 Base \u2713robuste \u2713verrouillable \u2713panneau \u00e0 outils amovible \u2713haute capacit\u00e9 de charge jusqu'\u00e0 25 kg \u2794 Rangez vos outils en toute s\u00e9curit\u00e9 !","breadcrumb":{"@id":"https:\/\/www.b-w-international.com\/fr\/produkt\/tool-case-abs-281-base\/#breadcrumb"},"inLanguage":"fr-FR","potentialAction":[{"@type":"ReadAction","target":["https:\/\/www.b-w-international.com\/fr\/produkt\/tool-case-abs-281-base\/"]}]},{"@type":"ImageObject","inLanguage":"fr-FR","@id":"https:\/\/www.b-w-international.com\/fr\/produkt\/tool-case-abs-281-base\/#primaryimage","url":"https:\/\/www.b-w-international.com\/wp-content\/uploads\/2025\/05\/tool-case_ABS-281_Base_P_open-empty-side_bw-international.jpg","contentUrl":"https:\/\/www.b-w-international.com\/wp-content\/uploads\/2025\/05\/tool-case_ABS-281_Base_P_open-empty-side_bw-international.jpg","width":1920,"height":1920,"caption":"B&W International ABS 281 Werkzeugkoffer mit stabilem Geh\u00e4use, integrierten Werkzeugtafeln und zahlreichen F\u00e4chern."},{"@type":"BreadcrumbList","@id":"https:\/\/www.b-w-international.com\/fr\/produkt\/tool-case-abs-281-base\/#breadcrumb","itemListElement":[{"@type":"ListItem","position":1,"name":"Home","item":"https:\/\/www.b-w-international.com\/fr\/"},{"@type":"ListItem","position":2,"name":"Produits","item":"https:\/\/www.b-w-international.com\/fr\/boutique\/"},{"@type":"ListItem","position":3,"name":"Valises et sacs \u00e0 outils","item":"https:\/\/www.b-w-international.com\/fr\/produkte\/valises-et-sacs-a-outils\/"},{"@type":"ListItem","position":4,"name":"Bo\u00eete \u00e0 outils","item":"https:\/\/www.b-w-international.com\/fr\/produkte\/valises-et-sacs-a-outils\/boite-a-outils\/"},{"@type":"ListItem","position":5,"name":"tool.case ABS.281 | Base"}]},{"@type":"WebSite","@id":"https:\/\/www.b-w-international.com\/fr\/#website","url":"https:\/\/www.b-w-international.com\/fr\/","name":"B&W International","description":"","publisher":{"@id":"https:\/\/www.b-w-international.com\/fr\/#organization"},"potentialAction":[{"@type":"SearchAction","target":{"@type":"EntryPoint","urlTemplate":"https:\/\/www.b-w-international.com\/fr\/?s={search_term_string}"},"query-input":{"@type":"PropertyValueSpecification","valueRequired":true,"valueName":"search_term_string"}}],"inLanguage":"fr-FR"},{"@type":"Organization","@id":"https:\/\/www.b-w-international.com\/fr\/#organization","name":"B&W International","url":"https:\/\/www.b-w-international.com\/fr\/","logo":{"@type":"ImageObject","inLanguage":"fr-FR","@id":"https:\/\/www.b-w-international.com\/fr\/#\/schema\/logo\/image\/","url":"https:\/\/www.b-w-international.com\/wp-content\/uploads\/2024\/12\/16dbfc312f1eb060e7d95735c00f9ec6.png","contentUrl":"https:\/\/www.b-w-international.com\/wp-content\/uploads\/2024\/12\/16dbfc312f1eb060e7d95735c00f9ec6.png","width":219,"height":82,"caption":"B&W International"},"image":{"@id":"https:\/\/www.b-w-international.com\/fr\/#\/schema\/logo\/image\/"}}]}},"_links":{"self":[{"href":"https:\/\/www.b-w-international.com\/fr\/wp-json\/wp\/v2\/product\/15432","targetHints":{"allow":["GET"]}}],"collection":[{"href":"https:\/\/www.b-w-international.com\/fr\/wp-json\/wp\/v2\/product"}],"about":[{"href":"https:\/\/www.b-w-international.com\/fr\/wp-json\/wp\/v2\/types\/product"}],"wp:featuredmedia":[{"embeddable":true,"href":"https:\/\/www.b-w-international.com\/fr\/wp-json\/wp\/v2\/media\/13709"}],"wp:attachment":[{"href":"https:\/\/www.b-w-international.com\/fr\/wp-json\/wp\/v2\/media?parent=15432"}],"wp:term":[{"taxonomy":"product_brand","embeddable":true,"href":"https:\/\/www.b-w-international.com\/fr\/wp-json\/wp\/v2\/product_brand?post=15432"},{"taxonomy":"product_cat","embeddable":true,"href":"https:\/\/www.b-w-international.com\/fr\/wp-json\/wp\/v2\/product_cat?post=15432"},{"taxonomy":"product_tag","embeddable":true,"href":"https:\/\/www.b-w-international.com\/fr\/wp-json\/wp\/v2\/product_tag?post=15432"}],"curies":[{"name":"wp","href":"https:\/\/api.w.org\/{rel}","templated":true}]}}