{"id":15540,"date":"2025-05-05T09:54:14","date_gmt":"2025-05-05T07:54:14","guid":{"rendered":"https:\/\/www.b-w-international.com\/produkt\/precut-foam-si-insert-en-mousse-pour-les-boitiers-bw-outdoor\/"},"modified":"2026-04-01T12:03:19","modified_gmt":"2026-04-01T10:03:19","slug":"precut-foam-si","status":"publish","type":"product","link":"https:\/\/www.b-w-international.com\/fr\/produkt\/precut-foam-si\/","title":{"rendered":"precut.foam SI | Insert en mousse pour bw.cases"},"content":{"rendered":"<div>\n<ul>\n<li>une solution sur mesure pour chaque domaine d&rsquo;application<\/li>\n<li>disponible pour bw.case PP.41-PP.709 et PP.1570<\/li>\n<li>Mousse cubique personnalisable : les \u00e9l\u00e9ments pr\u00e9d\u00e9coup\u00e9s sont faciles \u00e0 d\u00e9tacher &#8211; pour une protection adapt\u00e9e de la cam\u00e9ra, du drone, des outils ou de l&rsquo;\u00e9lectronique sensible.<\/li>\n<li>La mousse alv\u00e9ol\u00e9e dans le couvercle maintient le contenu en place et assure une bonne stabilit\u00e9.<\/li>\n<li>Une couche de sol suppl\u00e9mentaire agit comme un tampon de protection amortissant les vibrations<\/li>\n<\/ul>\n<\/div>\n<div style=\"display:flex; gap:10px;justify-content:center\" class=\"wps-pgfw-pdf-generate-icon__wrapper-frontend\">\n\t\t<a  href=\"https:\/\/www.b-w-international.com\/fr\/wp-json\/wp\/v2\/product\/15540\/?action=genpdf&amp;id=15540\" class=\"pgfw-single-pdf-download-button\" target=_blank><img src=\"https:\/\/www.b-w-international.com\/wp-content\/uploads\/2025\/03\/icon-download.svg\" title=\"G\u00e9n\u00e9rer un PDF\" style=\"width:auto; height:45px;\"><\/a>\n\t\t<\/div>","protected":false},"excerpt":{"rendered":"<p>une solution sur mesure pour chaque domaine d&rsquo;application disponible pour bw.case PP.41-PP.709 et PP.1570 Mousse cubique personnalisable : les \u00e9l\u00e9ments pr\u00e9d\u00e9coup\u00e9s sont faciles \u00e0 d\u00e9tacher &#8211; pour une protection adapt\u00e9e de la cam\u00e9ra, du drone, des outils ou de l&rsquo;\u00e9lectronique sensible. La mousse alv\u00e9ol\u00e9e dans le couvercle maintient le contenu en place et assure une [&hellip;]<\/p>\n","protected":false},"featured_media":19822,"template":"","meta":{"_acf_changed":false},"product_brand":[],"product_cat":[171,501],"product_tag":[],"class_list":{"0":"post-15540","1":"product","2":"type-product","3":"status-publish","4":"has-post-thumbnail","6":"product_cat-accessoires-mallette-multi-usages","7":"product_cat-accessoires-photo-et-video","9":"first","10":"instock","11":"product-type-simple"},"acf":[],"yoast_head":"<title>precut.foam SI | Insert en mousse pour bw.cases - B&amp;W International<\/title>\n<meta name=\"description\" content=\"Insert en mousse B&amp;W \u2713Personnalisable \u2713Pour un maintien s\u00fbr \u2713Amortissant les chocs \u2713Pr\u00e9cis\u00e9ment adapt\u00e9 \u2794 \u00c0 d\u00e9couvrir d\u00e8s maintenant !\" \/>\n<meta name=\"robots\" content=\"index, follow, max-snippet:-1, max-image-preview:large, max-video-preview:-1\" \/>\n<link rel=\"canonical\" href=\"https:\/\/www.b-w-international.com\/fr\/produkt\/precut-foam-si\/\" \/>\n<meta property=\"og:locale\" content=\"fr_FR\" \/>\n<meta property=\"og:type\" content=\"article\" \/>\n<meta property=\"og:title\" content=\"precut.foam SI | Insert en mousse pour bw.cases - B&amp;W International\" \/>\n<meta property=\"og:description\" content=\"Insert en mousse B&amp;W \u2713Personnalisable \u2713Pour un maintien s\u00fbr \u2713Amortissant les chocs \u2713Pr\u00e9cis\u00e9ment adapt\u00e9 \u2794 \u00c0 d\u00e9couvrir d\u00e8s maintenant !\" \/>\n<meta property=\"og:url\" content=\"https:\/\/www.b-w-international.com\/fr\/produkt\/precut-foam-si\/\" \/>\n<meta property=\"og:site_name\" content=\"B&amp;W International\" \/>\n<meta property=\"article:modified_time\" content=\"2026-04-01T10:03:19+00:00\" \/>\n<meta property=\"og:image\" content=\"https:\/\/www.b-w-international.com\/wp-content\/uploads\/2025\/05\/500_PP-23_SI_accessories_bw-international.jpg\" \/>\n\t<meta property=\"og:image:width\" content=\"1920\" \/>\n\t<meta property=\"og:image:height\" content=\"1920\" \/>\n\t<meta property=\"og:image:type\" content=\"image\/jpeg\" \/>\n<meta name=\"twitter:card\" content=\"summary_large_image\" \/>\n<meta name=\"twitter:label1\" content=\"Dur\u00e9e de lecture estim\u00e9e\" \/>\n\t<meta name=\"twitter:data1\" content=\"1 minute\" \/>\n<script type=\"application\/ld+json\" class=\"yoast-schema-graph\">{\"@context\":\"https:\/\/schema.org\",\"@graph\":[{\"@type\":\"WebPage\",\"@id\":\"https:\/\/www.b-w-international.com\/fr\/produkt\/precut-foam-si\/\",\"url\":\"https:\/\/www.b-w-international.com\/fr\/produkt\/precut-foam-si\/\",\"name\":\"precut.foam SI | Insert en mousse pour bw.cases - B&amp;W International\",\"isPartOf\":{\"@id\":\"https:\/\/www.b-w-international.com\/fr\/#website\"},\"primaryImageOfPage\":{\"@id\":\"https:\/\/www.b-w-international.com\/fr\/produkt\/precut-foam-si\/#primaryimage\"},\"image\":{\"@id\":\"https:\/\/www.b-w-international.com\/fr\/produkt\/precut-foam-si\/#primaryimage\"},\"thumbnailUrl\":\"https:\/\/www.b-w-international.com\/wp-content\/uploads\/2025\/05\/500_PP-23_SI_accessories_bw-international.jpg\",\"datePublished\":\"2025-05-05T07:54:14+00:00\",\"dateModified\":\"2026-04-01T10:03:19+00:00\",\"description\":\"Insert en mousse B&W \u2713Personnalisable \u2713Pour un maintien s\u00fbr \u2713Amortissant les chocs \u2713Pr\u00e9cis\u00e9ment adapt\u00e9 \u2794 \u00c0 d\u00e9couvrir d\u00e8s maintenant !\",\"breadcrumb\":{\"@id\":\"https:\/\/www.b-w-international.com\/fr\/produkt\/precut-foam-si\/#breadcrumb\"},\"inLanguage\":\"fr-FR\",\"potentialAction\":[{\"@type\":\"ReadAction\",\"target\":[\"https:\/\/www.b-w-international.com\/fr\/produkt\/precut-foam-si\/\"]}]},{\"@type\":\"ImageObject\",\"inLanguage\":\"fr-FR\",\"@id\":\"https:\/\/www.b-w-international.com\/fr\/produkt\/precut-foam-si\/#primaryimage\",\"url\":\"https:\/\/www.b-w-international.com\/wp-content\/uploads\/2025\/05\/500_PP-23_SI_accessories_bw-international.jpg\",\"contentUrl\":\"https:\/\/www.b-w-international.com\/wp-content\/uploads\/2025\/05\/500_PP-23_SI_accessories_bw-international.jpg\",\"width\":1920,\"height\":1920,\"caption\":\"mousse pr\u00e9d\u00e9coup\u00e9e en cubes (SI) pour bw.case PP.23\"},{\"@type\":\"BreadcrumbList\",\"@id\":\"https:\/\/www.b-w-international.com\/fr\/produkt\/precut-foam-si\/#breadcrumb\",\"itemListElement\":[{\"@type\":\"ListItem\",\"position\":1,\"name\":\"Home\",\"item\":\"https:\/\/www.b-w-international.com\/fr\/\"},{\"@type\":\"ListItem\",\"position\":2,\"name\":\"Produits\",\"item\":\"https:\/\/www.b-w-international.com\/fr\/boutique\/\"},{\"@type\":\"ListItem\",\"position\":3,\"name\":\"Mallette multi-usages\",\"item\":\"https:\/\/www.b-w-international.com\/fr\/produkte\/mallette-multi-usages\/\"},{\"@type\":\"ListItem\",\"position\":4,\"name\":\"Accessoires\",\"item\":\"https:\/\/www.b-w-international.com\/fr\/produkte\/mallette-multi-usages\/accessoires-mallette-multi-usages\/\"},{\"@type\":\"ListItem\",\"position\":5,\"name\":\"precut.foam SI | Insert en mousse pour bw.cases\"}]},{\"@type\":\"WebSite\",\"@id\":\"https:\/\/www.b-w-international.com\/fr\/#website\",\"url\":\"https:\/\/www.b-w-international.com\/fr\/\",\"name\":\"B&W International\",\"description\":\"\",\"publisher\":{\"@id\":\"https:\/\/www.b-w-international.com\/fr\/#organization\"},\"potentialAction\":[{\"@type\":\"SearchAction\",\"target\":{\"@type\":\"EntryPoint\",\"urlTemplate\":\"https:\/\/www.b-w-international.com\/fr\/?s={search_term_string}\"},\"query-input\":{\"@type\":\"PropertyValueSpecification\",\"valueRequired\":true,\"valueName\":\"search_term_string\"}}],\"inLanguage\":\"fr-FR\"},{\"@type\":\"Organization\",\"@id\":\"https:\/\/www.b-w-international.com\/fr\/#organization\",\"name\":\"B&W International\",\"url\":\"https:\/\/www.b-w-international.com\/fr\/\",\"logo\":{\"@type\":\"ImageObject\",\"inLanguage\":\"fr-FR\",\"@id\":\"https:\/\/www.b-w-international.com\/fr\/#\/schema\/logo\/image\/\",\"url\":\"https:\/\/www.b-w-international.com\/wp-content\/uploads\/2024\/12\/16dbfc312f1eb060e7d95735c00f9ec6.png\",\"contentUrl\":\"https:\/\/www.b-w-international.com\/wp-content\/uploads\/2024\/12\/16dbfc312f1eb060e7d95735c00f9ec6.png\",\"width\":219,\"height\":82,\"caption\":\"B&W International\"},\"image\":{\"@id\":\"https:\/\/www.b-w-international.com\/fr\/#\/schema\/logo\/image\/\"}}]}<\/script>","yoast_head_json":{"title":"precut.foam SI | Insert en mousse pour bw.cases - B&amp;W International","description":"Insert en mousse B&W \u2713Personnalisable \u2713Pour un maintien s\u00fbr \u2713Amortissant les chocs \u2713Pr\u00e9cis\u00e9ment adapt\u00e9 \u2794 \u00c0 d\u00e9couvrir d\u00e8s maintenant !","robots":{"index":"index","follow":"follow","max-snippet":"max-snippet:-1","max-image-preview":"max-image-preview:large","max-video-preview":"max-video-preview:-1"},"canonical":"https:\/\/www.b-w-international.com\/fr\/produkt\/precut-foam-si\/","og_locale":"fr_FR","og_type":"article","og_title":"precut.foam SI | Insert en mousse pour bw.cases - B&amp;W International","og_description":"Insert en mousse B&W \u2713Personnalisable \u2713Pour un maintien s\u00fbr \u2713Amortissant les chocs \u2713Pr\u00e9cis\u00e9ment adapt\u00e9 \u2794 \u00c0 d\u00e9couvrir d\u00e8s maintenant !","og_url":"https:\/\/www.b-w-international.com\/fr\/produkt\/precut-foam-si\/","og_site_name":"B&amp;W International","article_modified_time":"2026-04-01T10:03:19+00:00","og_image":[{"width":1920,"height":1920,"url":"https:\/\/www.b-w-international.com\/wp-content\/uploads\/2025\/05\/500_PP-23_SI_accessories_bw-international.jpg","type":"image\/jpeg"}],"twitter_card":"summary_large_image","twitter_misc":{"Dur\u00e9e de lecture estim\u00e9e":"1 minute"},"schema":{"@context":"https:\/\/schema.org","@graph":[{"@type":"WebPage","@id":"https:\/\/www.b-w-international.com\/fr\/produkt\/precut-foam-si\/","url":"https:\/\/www.b-w-international.com\/fr\/produkt\/precut-foam-si\/","name":"precut.foam SI | Insert en mousse pour bw.cases - B&amp;W International","isPartOf":{"@id":"https:\/\/www.b-w-international.com\/fr\/#website"},"primaryImageOfPage":{"@id":"https:\/\/www.b-w-international.com\/fr\/produkt\/precut-foam-si\/#primaryimage"},"image":{"@id":"https:\/\/www.b-w-international.com\/fr\/produkt\/precut-foam-si\/#primaryimage"},"thumbnailUrl":"https:\/\/www.b-w-international.com\/wp-content\/uploads\/2025\/05\/500_PP-23_SI_accessories_bw-international.jpg","datePublished":"2025-05-05T07:54:14+00:00","dateModified":"2026-04-01T10:03:19+00:00","description":"Insert en mousse B&W \u2713Personnalisable \u2713Pour un maintien s\u00fbr \u2713Amortissant les chocs \u2713Pr\u00e9cis\u00e9ment adapt\u00e9 \u2794 \u00c0 d\u00e9couvrir d\u00e8s maintenant !","breadcrumb":{"@id":"https:\/\/www.b-w-international.com\/fr\/produkt\/precut-foam-si\/#breadcrumb"},"inLanguage":"fr-FR","potentialAction":[{"@type":"ReadAction","target":["https:\/\/www.b-w-international.com\/fr\/produkt\/precut-foam-si\/"]}]},{"@type":"ImageObject","inLanguage":"fr-FR","@id":"https:\/\/www.b-w-international.com\/fr\/produkt\/precut-foam-si\/#primaryimage","url":"https:\/\/www.b-w-international.com\/wp-content\/uploads\/2025\/05\/500_PP-23_SI_accessories_bw-international.jpg","contentUrl":"https:\/\/www.b-w-international.com\/wp-content\/uploads\/2025\/05\/500_PP-23_SI_accessories_bw-international.jpg","width":1920,"height":1920,"caption":"mousse pr\u00e9d\u00e9coup\u00e9e en cubes (SI) pour bw.case PP.23"},{"@type":"BreadcrumbList","@id":"https:\/\/www.b-w-international.com\/fr\/produkt\/precut-foam-si\/#breadcrumb","itemListElement":[{"@type":"ListItem","position":1,"name":"Home","item":"https:\/\/www.b-w-international.com\/fr\/"},{"@type":"ListItem","position":2,"name":"Produits","item":"https:\/\/www.b-w-international.com\/fr\/boutique\/"},{"@type":"ListItem","position":3,"name":"Mallette multi-usages","item":"https:\/\/www.b-w-international.com\/fr\/produkte\/mallette-multi-usages\/"},{"@type":"ListItem","position":4,"name":"Accessoires","item":"https:\/\/www.b-w-international.com\/fr\/produkte\/mallette-multi-usages\/accessoires-mallette-multi-usages\/"},{"@type":"ListItem","position":5,"name":"precut.foam SI | Insert en mousse pour bw.cases"}]},{"@type":"WebSite","@id":"https:\/\/www.b-w-international.com\/fr\/#website","url":"https:\/\/www.b-w-international.com\/fr\/","name":"B&W International","description":"","publisher":{"@id":"https:\/\/www.b-w-international.com\/fr\/#organization"},"potentialAction":[{"@type":"SearchAction","target":{"@type":"EntryPoint","urlTemplate":"https:\/\/www.b-w-international.com\/fr\/?s={search_term_string}"},"query-input":{"@type":"PropertyValueSpecification","valueRequired":true,"valueName":"search_term_string"}}],"inLanguage":"fr-FR"},{"@type":"Organization","@id":"https:\/\/www.b-w-international.com\/fr\/#organization","name":"B&W International","url":"https:\/\/www.b-w-international.com\/fr\/","logo":{"@type":"ImageObject","inLanguage":"fr-FR","@id":"https:\/\/www.b-w-international.com\/fr\/#\/schema\/logo\/image\/","url":"https:\/\/www.b-w-international.com\/wp-content\/uploads\/2024\/12\/16dbfc312f1eb060e7d95735c00f9ec6.png","contentUrl":"https:\/\/www.b-w-international.com\/wp-content\/uploads\/2024\/12\/16dbfc312f1eb060e7d95735c00f9ec6.png","width":219,"height":82,"caption":"B&W International"},"image":{"@id":"https:\/\/www.b-w-international.com\/fr\/#\/schema\/logo\/image\/"}}]}},"_links":{"self":[{"href":"https:\/\/www.b-w-international.com\/fr\/wp-json\/wp\/v2\/product\/15540","targetHints":{"allow":["GET"]}}],"collection":[{"href":"https:\/\/www.b-w-international.com\/fr\/wp-json\/wp\/v2\/product"}],"about":[{"href":"https:\/\/www.b-w-international.com\/fr\/wp-json\/wp\/v2\/types\/product"}],"wp:featuredmedia":[{"embeddable":true,"href":"https:\/\/www.b-w-international.com\/fr\/wp-json\/wp\/v2\/media\/19822"}],"wp:attachment":[{"href":"https:\/\/www.b-w-international.com\/fr\/wp-json\/wp\/v2\/media?parent=15540"}],"wp:term":[{"taxonomy":"product_brand","embeddable":true,"href":"https:\/\/www.b-w-international.com\/fr\/wp-json\/wp\/v2\/product_brand?post=15540"},{"taxonomy":"product_cat","embeddable":true,"href":"https:\/\/www.b-w-international.com\/fr\/wp-json\/wp\/v2\/product_cat?post=15540"},{"taxonomy":"product_tag","embeddable":true,"href":"https:\/\/www.b-w-international.com\/fr\/wp-json\/wp\/v2\/product_tag?post=15540"}],"curies":[{"name":"wp","href":"https:\/\/api.w.org\/{rel}","templated":true}]}}