{"id":15561,"date":"2025-05-05T09:54:14","date_gmt":"2025-05-05T07:54:14","guid":{"rendered":"https:\/\/www.b-w-international.com\/produkt\/tool-module-zipperbag\/"},"modified":"2025-07-30T14:40:16","modified_gmt":"2025-07-30T12:40:16","slug":"tool-module-zipperbag","status":"publish","type":"product","link":"https:\/\/www.b-w-international.com\/fr\/produkt\/tool-module-zipperbag\/","title":{"rendered":"tool.module zipperbag"},"content":{"rendered":"<div>\n<ul>\n<li>Gestion efficace des accessoires<\/li>\n<li>solution parfaite pour ranger en toute s\u00e9curit\u00e9 de petits outils ou accessoires<\/li>\n<li>tout ce qui est important \u00e0 port\u00e9e de main<\/li>\n<li>peut \u00eatre rang\u00e9 en toute s\u00e9curit\u00e9 dans le tool.bag TEX.223 de B&amp;W ou fix\u00e9 \u00e0 la ceinture tool.modul de B&amp;W gr\u00e2ce au syst\u00e8me Fidlock<\/li>\n<li>le verrouillage magn\u00e9tique du syst\u00e8me Fidlock permet d&rsquo;attacher et de d\u00e9tacher facilement le module<\/li>\n<li>la fermeture est facile \u00e0 utiliser d&rsquo;une seule main et offre une connexion fiable et s\u00fbre<\/li>\n<\/ul>\n<\/div>\n<div style=\"display:flex; gap:10px;justify-content:center\" class=\"wps-pgfw-pdf-generate-icon__wrapper-frontend\">\n\t\t<a  href=\"https:\/\/www.b-w-international.com\/fr\/wp-json\/wp\/v2\/product\/15561\/?action=genpdf&amp;id=15561\" class=\"pgfw-single-pdf-download-button\" target=_blank><img src=\"https:\/\/www.b-w-international.com\/wp-content\/uploads\/2025\/03\/icon-download.svg\" title=\"G\u00e9n\u00e9rer un PDF\" style=\"width:auto; height:45px;\"><\/a>\n\t\t<\/div>","protected":false},"excerpt":{"rendered":"<p>Gestion efficace des accessoires solution parfaite pour ranger en toute s\u00e9curit\u00e9 de petits outils ou accessoires tout ce qui est important \u00e0 port\u00e9e de main peut \u00eatre rang\u00e9 en toute s\u00e9curit\u00e9 dans le tool.bag TEX.223 de B&amp;W ou fix\u00e9 \u00e0 la ceinture tool.modul de B&amp;W gr\u00e2ce au syst\u00e8me Fidlock le verrouillage magn\u00e9tique du syst\u00e8me Fidlock [&hellip;]<\/p>\n","protected":false},"featured_media":13890,"template":"","meta":{"_acf_changed":false},"product_brand":[],"product_cat":[250,414],"product_tag":[],"class_list":{"0":"post-15561","1":"product","2":"type-product","3":"status-publish","4":"has-post-thumbnail","6":"product_cat-modules","7":"product_cat-valises-et-sacs-a-outils","9":"first","10":"instock","11":"product-type-simple"},"acf":[],"yoast_head":"<title>tool.module zipperbag - B&amp;W International<\/title>\n<meta name=\"robots\" content=\"index, follow, max-snippet:-1, max-image-preview:large, max-video-preview:-1\" \/>\n<link rel=\"canonical\" href=\"https:\/\/www.b-w-international.com\/fr\/produkt\/tool-module-zipperbag\/\" \/>\n<meta property=\"og:locale\" content=\"fr_FR\" \/>\n<meta property=\"og:type\" content=\"article\" \/>\n<meta property=\"og:title\" content=\"tool.module zipperbag - B&amp;W International\" \/>\n<meta property=\"og:description\" content=\"Gestion efficace des accessoires solution parfaite pour ranger en toute s\u00e9curit\u00e9 de petits outils ou accessoires tout ce qui est important \u00e0 port\u00e9e de main peut \u00eatre rang\u00e9 en toute s\u00e9curit\u00e9 dans le tool.bag TEX.223 de B&amp;W ou fix\u00e9 \u00e0 la ceinture tool.modul de B&amp;W gr\u00e2ce au syst\u00e8me Fidlock le verrouillage magn\u00e9tique du syst\u00e8me Fidlock [&hellip;]\" \/>\n<meta property=\"og:url\" content=\"https:\/\/www.b-w-international.com\/fr\/produkt\/tool-module-zipperbag\/\" \/>\n<meta property=\"og:site_name\" content=\"B&amp;W International\" \/>\n<meta property=\"article:modified_time\" content=\"2025-07-30T12:40:16+00:00\" \/>\n<meta property=\"og:image\" content=\"https:\/\/www.b-w-international.com\/wp-content\/uploads\/2025\/05\/tool-module_zipperbag_empty_bw-international.jpg\" \/>\n\t<meta property=\"og:image:width\" content=\"1920\" \/>\n\t<meta property=\"og:image:height\" content=\"1920\" \/>\n\t<meta property=\"og:image:type\" content=\"image\/jpeg\" \/>\n<meta name=\"twitter:card\" content=\"summary_large_image\" \/>\n<meta name=\"twitter:label1\" content=\"Dur\u00e9e de lecture estim\u00e9e\" \/>\n\t<meta name=\"twitter:data1\" content=\"1 minute\" \/>\n<script type=\"application\/ld+json\" class=\"yoast-schema-graph\">{\"@context\":\"https:\/\/schema.org\",\"@graph\":[{\"@type\":\"WebPage\",\"@id\":\"https:\/\/www.b-w-international.com\/fr\/produkt\/tool-module-zipperbag\/\",\"url\":\"https:\/\/www.b-w-international.com\/fr\/produkt\/tool-module-zipperbag\/\",\"name\":\"tool.module zipperbag - B&amp;W International\",\"isPartOf\":{\"@id\":\"https:\/\/www.b-w-international.com\/fr\/#website\"},\"primaryImageOfPage\":{\"@id\":\"https:\/\/www.b-w-international.com\/fr\/produkt\/tool-module-zipperbag\/#primaryimage\"},\"image\":{\"@id\":\"https:\/\/www.b-w-international.com\/fr\/produkt\/tool-module-zipperbag\/#primaryimage\"},\"thumbnailUrl\":\"https:\/\/www.b-w-international.com\/wp-content\/uploads\/2025\/05\/tool-module_zipperbag_empty_bw-international.jpg\",\"datePublished\":\"2025-05-05T07:54:14+00:00\",\"dateModified\":\"2025-07-30T12:40:16+00:00\",\"breadcrumb\":{\"@id\":\"https:\/\/www.b-w-international.com\/fr\/produkt\/tool-module-zipperbag\/#breadcrumb\"},\"inLanguage\":\"fr-FR\",\"potentialAction\":[{\"@type\":\"ReadAction\",\"target\":[\"https:\/\/www.b-w-international.com\/fr\/produkt\/tool-module-zipperbag\/\"]}]},{\"@type\":\"ImageObject\",\"inLanguage\":\"fr-FR\",\"@id\":\"https:\/\/www.b-w-international.com\/fr\/produkt\/tool-module-zipperbag\/#primaryimage\",\"url\":\"https:\/\/www.b-w-international.com\/wp-content\/uploads\/2025\/05\/tool-module_zipperbag_empty_bw-international.jpg\",\"contentUrl\":\"https:\/\/www.b-w-international.com\/wp-content\/uploads\/2025\/05\/tool-module_zipperbag_empty_bw-international.jpg\",\"width\":1920,\"height\":1920,\"caption\":\"B&W tool.modul Zubeh\u00f6rtasche in Schwarz mit Fidlock-System, ideal zur sicheren Aufbewahrung kleiner Werkzeuge und Zubeh\u00f6r an Werkzeugtaschen oder G\u00fcrteln.\"},{\"@type\":\"BreadcrumbList\",\"@id\":\"https:\/\/www.b-w-international.com\/fr\/produkt\/tool-module-zipperbag\/#breadcrumb\",\"itemListElement\":[{\"@type\":\"ListItem\",\"position\":1,\"name\":\"Home\",\"item\":\"https:\/\/www.b-w-international.com\/fr\/\"},{\"@type\":\"ListItem\",\"position\":2,\"name\":\"Produits\",\"item\":\"https:\/\/www.b-w-international.com\/fr\/boutique\/\"},{\"@type\":\"ListItem\",\"position\":3,\"name\":\"Valises et sacs \u00e0 outils\",\"item\":\"https:\/\/www.b-w-international.com\/fr\/produkte\/valises-et-sacs-a-outils\/\"},{\"@type\":\"ListItem\",\"position\":4,\"name\":\"Modules\",\"item\":\"https:\/\/www.b-w-international.com\/fr\/produkte\/valises-et-sacs-a-outils\/modules\/\"},{\"@type\":\"ListItem\",\"position\":5,\"name\":\"tool.module zipperbag\"}]},{\"@type\":\"WebSite\",\"@id\":\"https:\/\/www.b-w-international.com\/fr\/#website\",\"url\":\"https:\/\/www.b-w-international.com\/fr\/\",\"name\":\"B&W International\",\"description\":\"\",\"publisher\":{\"@id\":\"https:\/\/www.b-w-international.com\/fr\/#organization\"},\"potentialAction\":[{\"@type\":\"SearchAction\",\"target\":{\"@type\":\"EntryPoint\",\"urlTemplate\":\"https:\/\/www.b-w-international.com\/fr\/?s={search_term_string}\"},\"query-input\":{\"@type\":\"PropertyValueSpecification\",\"valueRequired\":true,\"valueName\":\"search_term_string\"}}],\"inLanguage\":\"fr-FR\"},{\"@type\":\"Organization\",\"@id\":\"https:\/\/www.b-w-international.com\/fr\/#organization\",\"name\":\"B&W International\",\"url\":\"https:\/\/www.b-w-international.com\/fr\/\",\"logo\":{\"@type\":\"ImageObject\",\"inLanguage\":\"fr-FR\",\"@id\":\"https:\/\/www.b-w-international.com\/fr\/#\/schema\/logo\/image\/\",\"url\":\"https:\/\/www.b-w-international.com\/wp-content\/uploads\/2024\/12\/16dbfc312f1eb060e7d95735c00f9ec6.png\",\"contentUrl\":\"https:\/\/www.b-w-international.com\/wp-content\/uploads\/2024\/12\/16dbfc312f1eb060e7d95735c00f9ec6.png\",\"width\":219,\"height\":82,\"caption\":\"B&W International\"},\"image\":{\"@id\":\"https:\/\/www.b-w-international.com\/fr\/#\/schema\/logo\/image\/\"}}]}<\/script>","yoast_head_json":{"title":"tool.module zipperbag - B&amp;W International","robots":{"index":"index","follow":"follow","max-snippet":"max-snippet:-1","max-image-preview":"max-image-preview:large","max-video-preview":"max-video-preview:-1"},"canonical":"https:\/\/www.b-w-international.com\/fr\/produkt\/tool-module-zipperbag\/","og_locale":"fr_FR","og_type":"article","og_title":"tool.module zipperbag - B&amp;W International","og_description":"Gestion efficace des accessoires solution parfaite pour ranger en toute s\u00e9curit\u00e9 de petits outils ou accessoires tout ce qui est important \u00e0 port\u00e9e de main peut \u00eatre rang\u00e9 en toute s\u00e9curit\u00e9 dans le tool.bag TEX.223 de B&amp;W ou fix\u00e9 \u00e0 la ceinture tool.modul de B&amp;W gr\u00e2ce au syst\u00e8me Fidlock le verrouillage magn\u00e9tique du syst\u00e8me Fidlock [&hellip;]","og_url":"https:\/\/www.b-w-international.com\/fr\/produkt\/tool-module-zipperbag\/","og_site_name":"B&amp;W International","article_modified_time":"2025-07-30T12:40:16+00:00","og_image":[{"width":1920,"height":1920,"url":"https:\/\/www.b-w-international.com\/wp-content\/uploads\/2025\/05\/tool-module_zipperbag_empty_bw-international.jpg","type":"image\/jpeg"}],"twitter_card":"summary_large_image","twitter_misc":{"Dur\u00e9e de lecture estim\u00e9e":"1 minute"},"schema":{"@context":"https:\/\/schema.org","@graph":[{"@type":"WebPage","@id":"https:\/\/www.b-w-international.com\/fr\/produkt\/tool-module-zipperbag\/","url":"https:\/\/www.b-w-international.com\/fr\/produkt\/tool-module-zipperbag\/","name":"tool.module zipperbag - B&amp;W International","isPartOf":{"@id":"https:\/\/www.b-w-international.com\/fr\/#website"},"primaryImageOfPage":{"@id":"https:\/\/www.b-w-international.com\/fr\/produkt\/tool-module-zipperbag\/#primaryimage"},"image":{"@id":"https:\/\/www.b-w-international.com\/fr\/produkt\/tool-module-zipperbag\/#primaryimage"},"thumbnailUrl":"https:\/\/www.b-w-international.com\/wp-content\/uploads\/2025\/05\/tool-module_zipperbag_empty_bw-international.jpg","datePublished":"2025-05-05T07:54:14+00:00","dateModified":"2025-07-30T12:40:16+00:00","breadcrumb":{"@id":"https:\/\/www.b-w-international.com\/fr\/produkt\/tool-module-zipperbag\/#breadcrumb"},"inLanguage":"fr-FR","potentialAction":[{"@type":"ReadAction","target":["https:\/\/www.b-w-international.com\/fr\/produkt\/tool-module-zipperbag\/"]}]},{"@type":"ImageObject","inLanguage":"fr-FR","@id":"https:\/\/www.b-w-international.com\/fr\/produkt\/tool-module-zipperbag\/#primaryimage","url":"https:\/\/www.b-w-international.com\/wp-content\/uploads\/2025\/05\/tool-module_zipperbag_empty_bw-international.jpg","contentUrl":"https:\/\/www.b-w-international.com\/wp-content\/uploads\/2025\/05\/tool-module_zipperbag_empty_bw-international.jpg","width":1920,"height":1920,"caption":"B&W tool.modul Zubeh\u00f6rtasche in Schwarz mit Fidlock-System, ideal zur sicheren Aufbewahrung kleiner Werkzeuge und Zubeh\u00f6r an Werkzeugtaschen oder G\u00fcrteln."},{"@type":"BreadcrumbList","@id":"https:\/\/www.b-w-international.com\/fr\/produkt\/tool-module-zipperbag\/#breadcrumb","itemListElement":[{"@type":"ListItem","position":1,"name":"Home","item":"https:\/\/www.b-w-international.com\/fr\/"},{"@type":"ListItem","position":2,"name":"Produits","item":"https:\/\/www.b-w-international.com\/fr\/boutique\/"},{"@type":"ListItem","position":3,"name":"Valises et sacs \u00e0 outils","item":"https:\/\/www.b-w-international.com\/fr\/produkte\/valises-et-sacs-a-outils\/"},{"@type":"ListItem","position":4,"name":"Modules","item":"https:\/\/www.b-w-international.com\/fr\/produkte\/valises-et-sacs-a-outils\/modules\/"},{"@type":"ListItem","position":5,"name":"tool.module zipperbag"}]},{"@type":"WebSite","@id":"https:\/\/www.b-w-international.com\/fr\/#website","url":"https:\/\/www.b-w-international.com\/fr\/","name":"B&W International","description":"","publisher":{"@id":"https:\/\/www.b-w-international.com\/fr\/#organization"},"potentialAction":[{"@type":"SearchAction","target":{"@type":"EntryPoint","urlTemplate":"https:\/\/www.b-w-international.com\/fr\/?s={search_term_string}"},"query-input":{"@type":"PropertyValueSpecification","valueRequired":true,"valueName":"search_term_string"}}],"inLanguage":"fr-FR"},{"@type":"Organization","@id":"https:\/\/www.b-w-international.com\/fr\/#organization","name":"B&W International","url":"https:\/\/www.b-w-international.com\/fr\/","logo":{"@type":"ImageObject","inLanguage":"fr-FR","@id":"https:\/\/www.b-w-international.com\/fr\/#\/schema\/logo\/image\/","url":"https:\/\/www.b-w-international.com\/wp-content\/uploads\/2024\/12\/16dbfc312f1eb060e7d95735c00f9ec6.png","contentUrl":"https:\/\/www.b-w-international.com\/wp-content\/uploads\/2024\/12\/16dbfc312f1eb060e7d95735c00f9ec6.png","width":219,"height":82,"caption":"B&W International"},"image":{"@id":"https:\/\/www.b-w-international.com\/fr\/#\/schema\/logo\/image\/"}}]}},"_links":{"self":[{"href":"https:\/\/www.b-w-international.com\/fr\/wp-json\/wp\/v2\/product\/15561","targetHints":{"allow":["GET"]}}],"collection":[{"href":"https:\/\/www.b-w-international.com\/fr\/wp-json\/wp\/v2\/product"}],"about":[{"href":"https:\/\/www.b-w-international.com\/fr\/wp-json\/wp\/v2\/types\/product"}],"wp:featuredmedia":[{"embeddable":true,"href":"https:\/\/www.b-w-international.com\/fr\/wp-json\/wp\/v2\/media\/13890"}],"wp:attachment":[{"href":"https:\/\/www.b-w-international.com\/fr\/wp-json\/wp\/v2\/media?parent=15561"}],"wp:term":[{"taxonomy":"product_brand","embeddable":true,"href":"https:\/\/www.b-w-international.com\/fr\/wp-json\/wp\/v2\/product_brand?post=15561"},{"taxonomy":"product_cat","embeddable":true,"href":"https:\/\/www.b-w-international.com\/fr\/wp-json\/wp\/v2\/product_cat?post=15561"},{"taxonomy":"product_tag","embeddable":true,"href":"https:\/\/www.b-w-international.com\/fr\/wp-json\/wp\/v2\/product_tag?post=15561"}],"curies":[{"name":"wp","href":"https:\/\/api.w.org\/{rel}","templated":true}]}}