{"id":15564,"date":"2025-05-05T09:54:14","date_gmt":"2025-05-05T07:54:14","guid":{"rendered":"https:\/\/www.b-w-international.com\/produkt\/panel-frame-abs-pf-cadre-de-montage\/"},"modified":"2026-03-27T10:29:36","modified_gmt":"2026-03-27T09:29:36","slug":"panel-frame-abs-pf","status":"publish","type":"product","link":"https:\/\/www.b-w-international.com\/fr\/produkt\/panel-frame-abs-pf\/","title":{"rendered":"panel.frame ABS PF | Cadre de montage"},"content":{"rendered":"<div>\n<ul>\n<li>en plastique ABS robuste<\/li>\n<li>disponible pour bw-case PP.41 &#8211; PP.709. sauf pour PP.260 <\/li>\n<li>Cadre de montage permettant d&rsquo;installer son propre tableau de commande ou autre dans la partie sup\u00e9rieure ou inf\u00e9rieure selon ses souhaits<\/li>\n<li>stable et robuste pour l&rsquo;installation de panneaux \u00e9lectroniques par exemple<\/li>\n<li>Le cadre de montage est viss\u00e9 dans la mallette &#8211; les vis sont fournies.<\/li>\n<\/ul>\n<\/div>\n<div style=\"display:flex; gap:10px;justify-content:center\" class=\"wps-pgfw-pdf-generate-icon__wrapper-frontend\">\n\t\t<a  href=\"https:\/\/www.b-w-international.com\/fr\/wp-json\/wp\/v2\/product\/15564\/?action=genpdf&amp;id=15564\" class=\"pgfw-single-pdf-download-button\" target=_blank><img src=\"https:\/\/www.b-w-international.com\/wp-content\/uploads\/2025\/03\/icon-download.svg\" title=\"G\u00e9n\u00e9rer un PDF\" style=\"width:auto; height:45px;\"><\/a>\n\t\t<\/div>","protected":false},"excerpt":{"rendered":"<p>en plastique ABS robuste disponible pour bw-case PP.41 &#8211; PP.709. sauf pour PP.260 Cadre de montage permettant d&rsquo;installer son propre tableau de commande ou autre dans la partie sup\u00e9rieure ou inf\u00e9rieure selon ses souhaits stable et robuste pour l&rsquo;installation de panneaux \u00e9lectroniques par exemple Le cadre de montage est viss\u00e9 dans la mallette &#8211; les [&hellip;]<\/p>\n","protected":false},"featured_media":13314,"template":"","meta":{"_acf_changed":false},"product_brand":[],"product_cat":[171,501],"product_tag":[],"class_list":{"0":"post-15564","1":"product","2":"type-product","3":"status-publish","4":"has-post-thumbnail","6":"product_cat-accessoires-mallette-multi-usages","7":"product_cat-accessoires-photo-et-video","9":"first","10":"instock","11":"product-type-simple"},"acf":[],"yoast_head":"<title>panel.frame ABS PF | Cadre de montage - B&amp;W International<\/title>\n<meta name=\"description\" content=\"Cadre de montage B&amp;W \u2713En plastique ABS robuste \u2713Pour les panneaux \u00e9lectroniques \u2713Facile \u00e0 installer \u2713Pr\u00e9cis\u00e9ment adapt\u00e9 \u2794 D\u00e9couvrir maintenant !\" \/>\n<meta name=\"robots\" content=\"index, follow, max-snippet:-1, max-image-preview:large, max-video-preview:-1\" \/>\n<link rel=\"canonical\" href=\"https:\/\/www.b-w-international.com\/fr\/produkt\/panel-frame-abs-pf\/\" \/>\n<meta property=\"og:locale\" content=\"fr_FR\" \/>\n<meta property=\"og:type\" content=\"article\" \/>\n<meta property=\"og:title\" content=\"panel.frame ABS PF | Cadre de montage - B&amp;W International\" \/>\n<meta property=\"og:description\" content=\"Cadre de montage B&amp;W \u2713En plastique ABS robuste \u2713Pour les panneaux \u00e9lectroniques \u2713Facile \u00e0 installer \u2713Pr\u00e9cis\u00e9ment adapt\u00e9 \u2794 D\u00e9couvrir maintenant !\" \/>\n<meta property=\"og:url\" content=\"https:\/\/www.b-w-international.com\/fr\/produkt\/panel-frame-abs-pf\/\" \/>\n<meta property=\"og:site_name\" content=\"B&amp;W International\" \/>\n<meta property=\"article:modified_time\" content=\"2026-03-27T09:29:36+00:00\" \/>\n<meta property=\"og:image\" content=\"https:\/\/www.b-w-international.com\/wp-content\/uploads\/2025\/05\/PF_accessories_bw-international.jpg\" \/>\n\t<meta property=\"og:image:width\" content=\"1920\" \/>\n\t<meta property=\"og:image:height\" content=\"1920\" \/>\n\t<meta property=\"og:image:type\" content=\"image\/jpeg\" \/>\n<meta name=\"twitter:card\" content=\"summary_large_image\" \/>\n<meta name=\"twitter:label1\" content=\"Dur\u00e9e de lecture estim\u00e9e\" \/>\n\t<meta name=\"twitter:data1\" content=\"1 minute\" \/>\n<script type=\"application\/ld+json\" class=\"yoast-schema-graph\">{\"@context\":\"https:\/\/schema.org\",\"@graph\":[{\"@type\":\"WebPage\",\"@id\":\"https:\/\/www.b-w-international.com\/fr\/produkt\/panel-frame-abs-pf\/\",\"url\":\"https:\/\/www.b-w-international.com\/fr\/produkt\/panel-frame-abs-pf\/\",\"name\":\"panel.frame ABS PF | Cadre de montage - B&amp;W International\",\"isPartOf\":{\"@id\":\"https:\/\/www.b-w-international.com\/fr\/#website\"},\"primaryImageOfPage\":{\"@id\":\"https:\/\/www.b-w-international.com\/fr\/produkt\/panel-frame-abs-pf\/#primaryimage\"},\"image\":{\"@id\":\"https:\/\/www.b-w-international.com\/fr\/produkt\/panel-frame-abs-pf\/#primaryimage\"},\"thumbnailUrl\":\"https:\/\/www.b-w-international.com\/wp-content\/uploads\/2025\/05\/PF_accessories_bw-international.jpg\",\"datePublished\":\"2025-05-05T07:54:14+00:00\",\"dateModified\":\"2026-03-27T09:29:36+00:00\",\"description\":\"Cadre de montage B&W \u2713En plastique ABS robuste \u2713Pour les panneaux \u00e9lectroniques \u2713Facile \u00e0 installer \u2713Pr\u00e9cis\u00e9ment adapt\u00e9 \u2794 D\u00e9couvrir maintenant !\",\"breadcrumb\":{\"@id\":\"https:\/\/www.b-w-international.com\/fr\/produkt\/panel-frame-abs-pf\/#breadcrumb\"},\"inLanguage\":\"fr-FR\",\"potentialAction\":[{\"@type\":\"ReadAction\",\"target\":[\"https:\/\/www.b-w-international.com\/fr\/produkt\/panel-frame-abs-pf\/\"]}]},{\"@type\":\"ImageObject\",\"inLanguage\":\"fr-FR\",\"@id\":\"https:\/\/www.b-w-international.com\/fr\/produkt\/panel-frame-abs-pf\/#primaryimage\",\"url\":\"https:\/\/www.b-w-international.com\/wp-content\/uploads\/2025\/05\/PF_accessories_bw-international.jpg\",\"contentUrl\":\"https:\/\/www.b-w-international.com\/wp-content\/uploads\/2025\/05\/PF_accessories_bw-international.jpg\",\"width\":1920,\"height\":1920,\"caption\":\"Kit de cadre de montage pour panel frame noir de B&amp;W International comprenant des profil\u00e9s de cadre, un joint, des clips et des vis pour un montage s\u00fbr dans une mallette de protection.\"},{\"@type\":\"BreadcrumbList\",\"@id\":\"https:\/\/www.b-w-international.com\/fr\/produkt\/panel-frame-abs-pf\/#breadcrumb\",\"itemListElement\":[{\"@type\":\"ListItem\",\"position\":1,\"name\":\"Home\",\"item\":\"https:\/\/www.b-w-international.com\/fr\/\"},{\"@type\":\"ListItem\",\"position\":2,\"name\":\"Produits\",\"item\":\"https:\/\/www.b-w-international.com\/fr\/boutique\/\"},{\"@type\":\"ListItem\",\"position\":3,\"name\":\"Mallette multi-usages\",\"item\":\"https:\/\/www.b-w-international.com\/fr\/produkte\/mallette-multi-usages\/\"},{\"@type\":\"ListItem\",\"position\":4,\"name\":\"Accessoires\",\"item\":\"https:\/\/www.b-w-international.com\/fr\/produkte\/mallette-multi-usages\/accessoires-mallette-multi-usages\/\"},{\"@type\":\"ListItem\",\"position\":5,\"name\":\"panel.frame ABS PF | Cadre de montage\"}]},{\"@type\":\"WebSite\",\"@id\":\"https:\/\/www.b-w-international.com\/fr\/#website\",\"url\":\"https:\/\/www.b-w-international.com\/fr\/\",\"name\":\"B&W International\",\"description\":\"\",\"publisher\":{\"@id\":\"https:\/\/www.b-w-international.com\/fr\/#organization\"},\"potentialAction\":[{\"@type\":\"SearchAction\",\"target\":{\"@type\":\"EntryPoint\",\"urlTemplate\":\"https:\/\/www.b-w-international.com\/fr\/?s={search_term_string}\"},\"query-input\":{\"@type\":\"PropertyValueSpecification\",\"valueRequired\":true,\"valueName\":\"search_term_string\"}}],\"inLanguage\":\"fr-FR\"},{\"@type\":\"Organization\",\"@id\":\"https:\/\/www.b-w-international.com\/fr\/#organization\",\"name\":\"B&W International\",\"url\":\"https:\/\/www.b-w-international.com\/fr\/\",\"logo\":{\"@type\":\"ImageObject\",\"inLanguage\":\"fr-FR\",\"@id\":\"https:\/\/www.b-w-international.com\/fr\/#\/schema\/logo\/image\/\",\"url\":\"https:\/\/www.b-w-international.com\/wp-content\/uploads\/2024\/12\/16dbfc312f1eb060e7d95735c00f9ec6.png\",\"contentUrl\":\"https:\/\/www.b-w-international.com\/wp-content\/uploads\/2024\/12\/16dbfc312f1eb060e7d95735c00f9ec6.png\",\"width\":219,\"height\":82,\"caption\":\"B&W International\"},\"image\":{\"@id\":\"https:\/\/www.b-w-international.com\/fr\/#\/schema\/logo\/image\/\"}}]}<\/script>","yoast_head_json":{"title":"panel.frame ABS PF | Cadre de montage - B&amp;W International","description":"Cadre de montage B&W \u2713En plastique ABS robuste \u2713Pour les panneaux \u00e9lectroniques \u2713Facile \u00e0 installer \u2713Pr\u00e9cis\u00e9ment adapt\u00e9 \u2794 D\u00e9couvrir maintenant !","robots":{"index":"index","follow":"follow","max-snippet":"max-snippet:-1","max-image-preview":"max-image-preview:large","max-video-preview":"max-video-preview:-1"},"canonical":"https:\/\/www.b-w-international.com\/fr\/produkt\/panel-frame-abs-pf\/","og_locale":"fr_FR","og_type":"article","og_title":"panel.frame ABS PF | Cadre de montage - B&amp;W International","og_description":"Cadre de montage B&W \u2713En plastique ABS robuste \u2713Pour les panneaux \u00e9lectroniques \u2713Facile \u00e0 installer \u2713Pr\u00e9cis\u00e9ment adapt\u00e9 \u2794 D\u00e9couvrir maintenant !","og_url":"https:\/\/www.b-w-international.com\/fr\/produkt\/panel-frame-abs-pf\/","og_site_name":"B&amp;W International","article_modified_time":"2026-03-27T09:29:36+00:00","og_image":[{"width":1920,"height":1920,"url":"https:\/\/www.b-w-international.com\/wp-content\/uploads\/2025\/05\/PF_accessories_bw-international.jpg","type":"image\/jpeg"}],"twitter_card":"summary_large_image","twitter_misc":{"Dur\u00e9e de lecture estim\u00e9e":"1 minute"},"schema":{"@context":"https:\/\/schema.org","@graph":[{"@type":"WebPage","@id":"https:\/\/www.b-w-international.com\/fr\/produkt\/panel-frame-abs-pf\/","url":"https:\/\/www.b-w-international.com\/fr\/produkt\/panel-frame-abs-pf\/","name":"panel.frame ABS PF | Cadre de montage - B&amp;W International","isPartOf":{"@id":"https:\/\/www.b-w-international.com\/fr\/#website"},"primaryImageOfPage":{"@id":"https:\/\/www.b-w-international.com\/fr\/produkt\/panel-frame-abs-pf\/#primaryimage"},"image":{"@id":"https:\/\/www.b-w-international.com\/fr\/produkt\/panel-frame-abs-pf\/#primaryimage"},"thumbnailUrl":"https:\/\/www.b-w-international.com\/wp-content\/uploads\/2025\/05\/PF_accessories_bw-international.jpg","datePublished":"2025-05-05T07:54:14+00:00","dateModified":"2026-03-27T09:29:36+00:00","description":"Cadre de montage B&W \u2713En plastique ABS robuste \u2713Pour les panneaux \u00e9lectroniques \u2713Facile \u00e0 installer \u2713Pr\u00e9cis\u00e9ment adapt\u00e9 \u2794 D\u00e9couvrir maintenant !","breadcrumb":{"@id":"https:\/\/www.b-w-international.com\/fr\/produkt\/panel-frame-abs-pf\/#breadcrumb"},"inLanguage":"fr-FR","potentialAction":[{"@type":"ReadAction","target":["https:\/\/www.b-w-international.com\/fr\/produkt\/panel-frame-abs-pf\/"]}]},{"@type":"ImageObject","inLanguage":"fr-FR","@id":"https:\/\/www.b-w-international.com\/fr\/produkt\/panel-frame-abs-pf\/#primaryimage","url":"https:\/\/www.b-w-international.com\/wp-content\/uploads\/2025\/05\/PF_accessories_bw-international.jpg","contentUrl":"https:\/\/www.b-w-international.com\/wp-content\/uploads\/2025\/05\/PF_accessories_bw-international.jpg","width":1920,"height":1920,"caption":"Kit de cadre de montage pour panel frame noir de B&amp;W International comprenant des profil\u00e9s de cadre, un joint, des clips et des vis pour un montage s\u00fbr dans une mallette de protection."},{"@type":"BreadcrumbList","@id":"https:\/\/www.b-w-international.com\/fr\/produkt\/panel-frame-abs-pf\/#breadcrumb","itemListElement":[{"@type":"ListItem","position":1,"name":"Home","item":"https:\/\/www.b-w-international.com\/fr\/"},{"@type":"ListItem","position":2,"name":"Produits","item":"https:\/\/www.b-w-international.com\/fr\/boutique\/"},{"@type":"ListItem","position":3,"name":"Mallette multi-usages","item":"https:\/\/www.b-w-international.com\/fr\/produkte\/mallette-multi-usages\/"},{"@type":"ListItem","position":4,"name":"Accessoires","item":"https:\/\/www.b-w-international.com\/fr\/produkte\/mallette-multi-usages\/accessoires-mallette-multi-usages\/"},{"@type":"ListItem","position":5,"name":"panel.frame ABS PF | Cadre de montage"}]},{"@type":"WebSite","@id":"https:\/\/www.b-w-international.com\/fr\/#website","url":"https:\/\/www.b-w-international.com\/fr\/","name":"B&W International","description":"","publisher":{"@id":"https:\/\/www.b-w-international.com\/fr\/#organization"},"potentialAction":[{"@type":"SearchAction","target":{"@type":"EntryPoint","urlTemplate":"https:\/\/www.b-w-international.com\/fr\/?s={search_term_string}"},"query-input":{"@type":"PropertyValueSpecification","valueRequired":true,"valueName":"search_term_string"}}],"inLanguage":"fr-FR"},{"@type":"Organization","@id":"https:\/\/www.b-w-international.com\/fr\/#organization","name":"B&W International","url":"https:\/\/www.b-w-international.com\/fr\/","logo":{"@type":"ImageObject","inLanguage":"fr-FR","@id":"https:\/\/www.b-w-international.com\/fr\/#\/schema\/logo\/image\/","url":"https:\/\/www.b-w-international.com\/wp-content\/uploads\/2024\/12\/16dbfc312f1eb060e7d95735c00f9ec6.png","contentUrl":"https:\/\/www.b-w-international.com\/wp-content\/uploads\/2024\/12\/16dbfc312f1eb060e7d95735c00f9ec6.png","width":219,"height":82,"caption":"B&W International"},"image":{"@id":"https:\/\/www.b-w-international.com\/fr\/#\/schema\/logo\/image\/"}}]}},"_links":{"self":[{"href":"https:\/\/www.b-w-international.com\/fr\/wp-json\/wp\/v2\/product\/15564","targetHints":{"allow":["GET"]}}],"collection":[{"href":"https:\/\/www.b-w-international.com\/fr\/wp-json\/wp\/v2\/product"}],"about":[{"href":"https:\/\/www.b-w-international.com\/fr\/wp-json\/wp\/v2\/types\/product"}],"wp:featuredmedia":[{"embeddable":true,"href":"https:\/\/www.b-w-international.com\/fr\/wp-json\/wp\/v2\/media\/13314"}],"wp:attachment":[{"href":"https:\/\/www.b-w-international.com\/fr\/wp-json\/wp\/v2\/media?parent=15564"}],"wp:term":[{"taxonomy":"product_brand","embeddable":true,"href":"https:\/\/www.b-w-international.com\/fr\/wp-json\/wp\/v2\/product_brand?post=15564"},{"taxonomy":"product_cat","embeddable":true,"href":"https:\/\/www.b-w-international.com\/fr\/wp-json\/wp\/v2\/product_cat?post=15564"},{"taxonomy":"product_tag","embeddable":true,"href":"https:\/\/www.b-w-international.com\/fr\/wp-json\/wp\/v2\/product_tag?post=15564"}],"curies":[{"name":"wp","href":"https:\/\/api.w.org\/{rel}","templated":true}]}}