{"id":15648,"date":"2025-05-05T09:54:01","date_gmt":"2025-05-05T07:54:01","guid":{"rendered":"https:\/\/www.b-w-international.com\/produkt\/distance-keeper\/"},"modified":"2025-07-29T13:56:03","modified_gmt":"2025-07-29T11:56:03","slug":"distance-keeper","status":"publish","type":"product","link":"https:\/\/www.b-w-international.com\/fr\/produkt\/distance-keeper\/","title":{"rendered":"distance.keeper"},"content":{"rendered":"<ul>\n<li>Longueur r\u00e9glable, convient donc \u00e0 toutes les tailles de v\u00e9lo<\/li>\n<li>Le DISTANCE KEEPER est une entretoise variable avec un rembourrage en TPE qui prot\u00e8ge la fourche et le cadre du v\u00e9lo de la compression lors des trajets en avion, en voiture, etc.<\/li>\n<\/ul>\n<div style=\"display:flex; gap:10px;justify-content:center\" class=\"wps-pgfw-pdf-generate-icon__wrapper-frontend\">\n\t\t<a  href=\"https:\/\/www.b-w-international.com\/fr\/wp-json\/wp\/v2\/product\/15648\/?action=genpdf&amp;id=15648\" class=\"pgfw-single-pdf-download-button\" target=_blank><img src=\"https:\/\/www.b-w-international.com\/wp-content\/uploads\/2025\/03\/icon-download.svg\" title=\"G\u00e9n\u00e9rer un PDF\" style=\"width:auto; height:45px;\"><\/a>\n\t\t<\/div>","protected":false},"excerpt":{"rendered":"<p>Longueur r\u00e9glable, convient donc \u00e0 toutes les tailles de v\u00e9lo Le DISTANCE KEEPER est une entretoise variable avec un rembourrage en TPE qui prot\u00e8ge la fourche et le cadre du v\u00e9lo de la compression lors des trajets en avion, en voiture, etc.<\/p>\n","protected":false},"featured_media":21176,"template":"","meta":{"_acf_changed":false},"product_brand":[],"product_cat":[216,411],"product_tag":[],"class_list":{"0":"post-15648","1":"product","2":"type-product","3":"status-publish","4":"has-post-thumbnail","6":"product_features-aptitude-au-vol","7":"product_features-garantie-de-2-ans","8":"product_cat-accessoires-velo","9":"product_cat-valises-et-sacs-pour-le-transport-de-velos","10":"pa_farbe-noir","12":"first","13":"instock","14":"product-type-simple"},"acf":[],"yoast_head":"<title>distance.keeper - B&amp;W International<\/title>\n<meta name=\"robots\" content=\"index, follow, max-snippet:-1, max-image-preview:large, max-video-preview:-1\" \/>\n<link rel=\"canonical\" href=\"https:\/\/www.b-w-international.com\/fr\/produkt\/distance-keeper\/\" \/>\n<meta property=\"og:locale\" content=\"fr_FR\" \/>\n<meta property=\"og:type\" content=\"article\" \/>\n<meta property=\"og:title\" content=\"distance.keeper - B&amp;W International\" \/>\n<meta property=\"og:description\" content=\"Longueur r\u00e9glable, convient donc \u00e0 toutes les tailles de v\u00e9lo Le DISTANCE KEEPER est une entretoise variable avec un rembourrage en TPE qui prot\u00e8ge la fourche et le cadre du v\u00e9lo de la compression lors des trajets en avion, en voiture, etc.\" \/>\n<meta property=\"og:url\" content=\"https:\/\/www.b-w-international.com\/fr\/produkt\/distance-keeper\/\" \/>\n<meta property=\"og:site_name\" content=\"B&amp;W International\" \/>\n<meta property=\"article:modified_time\" content=\"2025-07-29T11:56:03+00:00\" \/>\n<meta property=\"og:image\" content=\"https:\/\/www.b-w-international.com\/wp-content\/uploads\/2025\/05\/96325_distance-keeper_front_bw-international.jpg\" \/>\n\t<meta property=\"og:image:width\" content=\"400\" \/>\n\t<meta property=\"og:image:height\" content=\"323\" \/>\n\t<meta property=\"og:image:type\" content=\"image\/jpeg\" \/>\n<meta name=\"twitter:card\" content=\"summary_large_image\" \/>\n<meta name=\"twitter:label1\" content=\"Dur\u00e9e de lecture estim\u00e9e\" \/>\n\t<meta name=\"twitter:data1\" content=\"1 minute\" \/>\n<script type=\"application\/ld+json\" class=\"yoast-schema-graph\">{\"@context\":\"https:\/\/schema.org\",\"@graph\":[{\"@type\":\"WebPage\",\"@id\":\"https:\/\/www.b-w-international.com\/fr\/produkt\/distance-keeper\/\",\"url\":\"https:\/\/www.b-w-international.com\/fr\/produkt\/distance-keeper\/\",\"name\":\"distance.keeper - B&amp;W International\",\"isPartOf\":{\"@id\":\"https:\/\/www.b-w-international.com\/fr\/#website\"},\"primaryImageOfPage\":{\"@id\":\"https:\/\/www.b-w-international.com\/fr\/produkt\/distance-keeper\/#primaryimage\"},\"image\":{\"@id\":\"https:\/\/www.b-w-international.com\/fr\/produkt\/distance-keeper\/#primaryimage\"},\"thumbnailUrl\":\"https:\/\/www.b-w-international.com\/wp-content\/uploads\/2025\/08\/bike-case_96325_distance-keeper_front_bw-international.jpg\",\"datePublished\":\"2025-05-05T07:54:01+00:00\",\"dateModified\":\"2025-07-29T11:56:03+00:00\",\"breadcrumb\":{\"@id\":\"https:\/\/www.b-w-international.com\/fr\/produkt\/distance-keeper\/#breadcrumb\"},\"inLanguage\":\"fr-FR\",\"potentialAction\":[{\"@type\":\"ReadAction\",\"target\":[\"https:\/\/www.b-w-international.com\/fr\/produkt\/distance-keeper\/\"]}]},{\"@type\":\"ImageObject\",\"inLanguage\":\"fr-FR\",\"@id\":\"https:\/\/www.b-w-international.com\/fr\/produkt\/distance-keeper\/#primaryimage\",\"url\":\"https:\/\/www.b-w-international.com\/wp-content\/uploads\/2025\/08\/bike-case_96325_distance-keeper_front_bw-international.jpg\",\"contentUrl\":\"https:\/\/www.b-w-international.com\/wp-content\/uploads\/2025\/08\/bike-case_96325_distance-keeper_front_bw-international.jpg\",\"width\":1920,\"height\":1920,\"caption\":\"B&W International Distance Keeper Set in umweltfreundlicher Kartonverpackung, bestehend aus zwei Abstandshaltern f\u00fcr sicheren Fahrradtransport im Bike Case.\"},{\"@type\":\"BreadcrumbList\",\"@id\":\"https:\/\/www.b-w-international.com\/fr\/produkt\/distance-keeper\/#breadcrumb\",\"itemListElement\":[{\"@type\":\"ListItem\",\"position\":1,\"name\":\"Home\",\"item\":\"https:\/\/www.b-w-international.com\/fr\/\"},{\"@type\":\"ListItem\",\"position\":2,\"name\":\"Produits\",\"item\":\"https:\/\/www.b-w-international.com\/fr\/boutique\/\"},{\"@type\":\"ListItem\",\"position\":3,\"name\":\"Valises et sacs pour le transport de v\u00e9los\",\"item\":\"https:\/\/www.b-w-international.com\/fr\/produkte\/valises-et-sacs-pour-le-transport-de-velos\/\"},{\"@type\":\"ListItem\",\"position\":4,\"name\":\"Accessoires\",\"item\":\"https:\/\/www.b-w-international.com\/fr\/produkte\/valises-et-sacs-pour-le-transport-de-velos\/accessoires-velo\/\"},{\"@type\":\"ListItem\",\"position\":5,\"name\":\"distance.keeper\"}]},{\"@type\":\"WebSite\",\"@id\":\"https:\/\/www.b-w-international.com\/fr\/#website\",\"url\":\"https:\/\/www.b-w-international.com\/fr\/\",\"name\":\"B&W International\",\"description\":\"\",\"publisher\":{\"@id\":\"https:\/\/www.b-w-international.com\/fr\/#organization\"},\"potentialAction\":[{\"@type\":\"SearchAction\",\"target\":{\"@type\":\"EntryPoint\",\"urlTemplate\":\"https:\/\/www.b-w-international.com\/fr\/?s={search_term_string}\"},\"query-input\":{\"@type\":\"PropertyValueSpecification\",\"valueRequired\":true,\"valueName\":\"search_term_string\"}}],\"inLanguage\":\"fr-FR\"},{\"@type\":\"Organization\",\"@id\":\"https:\/\/www.b-w-international.com\/fr\/#organization\",\"name\":\"B&W International\",\"url\":\"https:\/\/www.b-w-international.com\/fr\/\",\"logo\":{\"@type\":\"ImageObject\",\"inLanguage\":\"fr-FR\",\"@id\":\"https:\/\/www.b-w-international.com\/fr\/#\/schema\/logo\/image\/\",\"url\":\"https:\/\/www.b-w-international.com\/wp-content\/uploads\/2024\/12\/16dbfc312f1eb060e7d95735c00f9ec6.png\",\"contentUrl\":\"https:\/\/www.b-w-international.com\/wp-content\/uploads\/2024\/12\/16dbfc312f1eb060e7d95735c00f9ec6.png\",\"width\":219,\"height\":82,\"caption\":\"B&W International\"},\"image\":{\"@id\":\"https:\/\/www.b-w-international.com\/fr\/#\/schema\/logo\/image\/\"}}]}<\/script>","yoast_head_json":{"title":"distance.keeper - B&amp;W International","robots":{"index":"index","follow":"follow","max-snippet":"max-snippet:-1","max-image-preview":"max-image-preview:large","max-video-preview":"max-video-preview:-1"},"canonical":"https:\/\/www.b-w-international.com\/fr\/produkt\/distance-keeper\/","og_locale":"fr_FR","og_type":"article","og_title":"distance.keeper - B&amp;W International","og_description":"Longueur r\u00e9glable, convient donc \u00e0 toutes les tailles de v\u00e9lo Le DISTANCE KEEPER est une entretoise variable avec un rembourrage en TPE qui prot\u00e8ge la fourche et le cadre du v\u00e9lo de la compression lors des trajets en avion, en voiture, etc.","og_url":"https:\/\/www.b-w-international.com\/fr\/produkt\/distance-keeper\/","og_site_name":"B&amp;W International","article_modified_time":"2025-07-29T11:56:03+00:00","og_image":[{"width":400,"height":323,"url":"https:\/\/www.b-w-international.com\/wp-content\/uploads\/2025\/05\/96325_distance-keeper_front_bw-international.jpg","type":"image\/jpeg"}],"twitter_card":"summary_large_image","twitter_misc":{"Dur\u00e9e de lecture estim\u00e9e":"1 minute"},"schema":{"@context":"https:\/\/schema.org","@graph":[{"@type":"WebPage","@id":"https:\/\/www.b-w-international.com\/fr\/produkt\/distance-keeper\/","url":"https:\/\/www.b-w-international.com\/fr\/produkt\/distance-keeper\/","name":"distance.keeper - B&amp;W International","isPartOf":{"@id":"https:\/\/www.b-w-international.com\/fr\/#website"},"primaryImageOfPage":{"@id":"https:\/\/www.b-w-international.com\/fr\/produkt\/distance-keeper\/#primaryimage"},"image":{"@id":"https:\/\/www.b-w-international.com\/fr\/produkt\/distance-keeper\/#primaryimage"},"thumbnailUrl":"https:\/\/www.b-w-international.com\/wp-content\/uploads\/2025\/08\/bike-case_96325_distance-keeper_front_bw-international.jpg","datePublished":"2025-05-05T07:54:01+00:00","dateModified":"2025-07-29T11:56:03+00:00","breadcrumb":{"@id":"https:\/\/www.b-w-international.com\/fr\/produkt\/distance-keeper\/#breadcrumb"},"inLanguage":"fr-FR","potentialAction":[{"@type":"ReadAction","target":["https:\/\/www.b-w-international.com\/fr\/produkt\/distance-keeper\/"]}]},{"@type":"ImageObject","inLanguage":"fr-FR","@id":"https:\/\/www.b-w-international.com\/fr\/produkt\/distance-keeper\/#primaryimage","url":"https:\/\/www.b-w-international.com\/wp-content\/uploads\/2025\/08\/bike-case_96325_distance-keeper_front_bw-international.jpg","contentUrl":"https:\/\/www.b-w-international.com\/wp-content\/uploads\/2025\/08\/bike-case_96325_distance-keeper_front_bw-international.jpg","width":1920,"height":1920,"caption":"B&W International Distance Keeper Set in umweltfreundlicher Kartonverpackung, bestehend aus zwei Abstandshaltern f\u00fcr sicheren Fahrradtransport im Bike Case."},{"@type":"BreadcrumbList","@id":"https:\/\/www.b-w-international.com\/fr\/produkt\/distance-keeper\/#breadcrumb","itemListElement":[{"@type":"ListItem","position":1,"name":"Home","item":"https:\/\/www.b-w-international.com\/fr\/"},{"@type":"ListItem","position":2,"name":"Produits","item":"https:\/\/www.b-w-international.com\/fr\/boutique\/"},{"@type":"ListItem","position":3,"name":"Valises et sacs pour le transport de v\u00e9los","item":"https:\/\/www.b-w-international.com\/fr\/produkte\/valises-et-sacs-pour-le-transport-de-velos\/"},{"@type":"ListItem","position":4,"name":"Accessoires","item":"https:\/\/www.b-w-international.com\/fr\/produkte\/valises-et-sacs-pour-le-transport-de-velos\/accessoires-velo\/"},{"@type":"ListItem","position":5,"name":"distance.keeper"}]},{"@type":"WebSite","@id":"https:\/\/www.b-w-international.com\/fr\/#website","url":"https:\/\/www.b-w-international.com\/fr\/","name":"B&W International","description":"","publisher":{"@id":"https:\/\/www.b-w-international.com\/fr\/#organization"},"potentialAction":[{"@type":"SearchAction","target":{"@type":"EntryPoint","urlTemplate":"https:\/\/www.b-w-international.com\/fr\/?s={search_term_string}"},"query-input":{"@type":"PropertyValueSpecification","valueRequired":true,"valueName":"search_term_string"}}],"inLanguage":"fr-FR"},{"@type":"Organization","@id":"https:\/\/www.b-w-international.com\/fr\/#organization","name":"B&W International","url":"https:\/\/www.b-w-international.com\/fr\/","logo":{"@type":"ImageObject","inLanguage":"fr-FR","@id":"https:\/\/www.b-w-international.com\/fr\/#\/schema\/logo\/image\/","url":"https:\/\/www.b-w-international.com\/wp-content\/uploads\/2024\/12\/16dbfc312f1eb060e7d95735c00f9ec6.png","contentUrl":"https:\/\/www.b-w-international.com\/wp-content\/uploads\/2024\/12\/16dbfc312f1eb060e7d95735c00f9ec6.png","width":219,"height":82,"caption":"B&W International"},"image":{"@id":"https:\/\/www.b-w-international.com\/fr\/#\/schema\/logo\/image\/"}}]}},"_links":{"self":[{"href":"https:\/\/www.b-w-international.com\/fr\/wp-json\/wp\/v2\/product\/15648","targetHints":{"allow":["GET"]}}],"collection":[{"href":"https:\/\/www.b-w-international.com\/fr\/wp-json\/wp\/v2\/product"}],"about":[{"href":"https:\/\/www.b-w-international.com\/fr\/wp-json\/wp\/v2\/types\/product"}],"wp:featuredmedia":[{"embeddable":true,"href":"https:\/\/www.b-w-international.com\/fr\/wp-json\/wp\/v2\/media\/21176"}],"wp:attachment":[{"href":"https:\/\/www.b-w-international.com\/fr\/wp-json\/wp\/v2\/media?parent=15648"}],"wp:term":[{"taxonomy":"product_brand","embeddable":true,"href":"https:\/\/www.b-w-international.com\/fr\/wp-json\/wp\/v2\/product_brand?post=15648"},{"taxonomy":"product_cat","embeddable":true,"href":"https:\/\/www.b-w-international.com\/fr\/wp-json\/wp\/v2\/product_cat?post=15648"},{"taxonomy":"product_tag","embeddable":true,"href":"https:\/\/www.b-w-international.com\/fr\/wp-json\/wp\/v2\/product_tag?post=15648"}],"curies":[{"name":"wp","href":"https:\/\/api.w.org\/{rel}","templated":true}]}}